{"id":16473,"date":"2024-02-06T21:37:30","date_gmt":"2024-02-06T19:37:30","guid":{"rendered":"https:\/\/ortungsgerate.de\/be-kategorijos\/skaiciuotuvas-citzen-su-imontuota-profesionalia-pasiklausymo-iranga\/"},"modified":"2025-11-26T19:01:36","modified_gmt":"2025-11-26T17:01:36","slug":"kalkulyator-citzen-s-integrirovannoy-professionalnoy-podslushivayuschey-tekhnikoy","status":"publish","type":"product","link":"https:\/\/www.ortungsgerate.de\/ru\/16-proslushivayushcheye-oborudovaniye-2\/22-gsm-podslushivayushcheye-ustroystvo-zhuchki-2\/kalkulyator-citzen-s-integrirovannoy-professionalnoy-podslushivayuschey-tekhnikoy\/","title":{"rendered":"\u041a\u0430\u043b\u044c\u043a\u0443\u043b\u044f\u0442\u043e\u0440 Citzen \u0441 \u0438\u043d\u0442\u0435\u0433\u0440\u0438\u0440\u043e\u0432\u0430\u043d\u043d\u043e\u0439 \u043f\u0440\u043e\u0444\u0435\u0441\u0441\u0438\u043e\u043d\u0430\u043b\u044c\u043d\u043e\u0439 \u043f\u043e\u0434\u0441\u043b\u0443\u0448\u0438\u0432\u0430\u044e\u0449\u0435\u0439 \u0442\u0435\u0445\u043d\u0438\u043a\u043e\u0439"},"content":{"rendered":"<p><strong>\u0422\u0435\u0445\u043d\u0438\u0447\u0435\u0441\u043a\u0438\u0435 \u043f\u0430\u0440\u0430\u043c\u0435\u0442\u0440\u044b:<\/strong><\/p>\n<ul>\n<li>Art der Audio\u00fcbertragung: \u00fcber GSM-Netz<\/li>\n<li>Frequenzen: vier m\u00f6gliche, funktioniert international: 850 MHz, 900 MHz, 1800 MHz und 1900 MHz<\/li>\n<li>\u0422\u0438\u043f \u0431\u0430\u0442\u0430\u0440\u0435\u0438: \u043b\u0438\u0442\u0438\u0439-\u0438\u043e\u043d\u043d\u0430\u044f (\u0432\u043d\u0443\u0442\u0440\u0435\u043d\u043d\u044f\u044f)<\/li>\n<li>Batterielaufzeit: im Standby-Modus bis zu 20 Tage; beim Abh\u00f6ren 8\u201310 Stunden<\/li>\n<li>Abh\u00f6rger\u00e4tema\u00dfe: Taschenrechner (Rechner) Citzen<\/li>\n<li><strong>\u0413\u0410\u0420\u0410\u041d\u0422\u0418\u042f 12 \u043c\u0435\u0441\u044f\u0446\u0435\u0432<\/strong><\/li>\n<\/ul>\n<p><strong>\u041a\u043e\u043c\u043f\u043b\u0435\u043a\u0442\u0430\u0446\u0438\u044f<\/strong><\/p>\n<ul>\n<li>Abh\u00f6rger\u00e4t (GSM-Wanze) professionell<\/li>\n<li>Mikrofon intern<\/li>\n<li>Ladekabel<\/li>\n<\/ul>\n<p><strong><span style=\"color: #d0121a;\">Ben\u00f6tigen Sie eine schnelle Lieferung, am selben Tag? (auch an Wochenenden)  <\/span><\/strong><\/p>","protected":false},"excerpt":{"rendered":"<p>Technische Parameter: Art der Audio\u00fcbertragung: \u00fcber GSM-Netz Frequenzen: vier m\u00f6gliche, funktioniert international: 850 MHz, 900 MHz, 1800 MHz und 1900 MHz Batterietyp: Lithium-Ionen (intern) Batterielaufzeit:&#8230;<\/p>","protected":false},"featured_media":1776,"template":"","meta":[],"etheme_brands":[],"product_brand":[],"product_cat":[208,211,214],"product_tag":[79],"class_list":{"0":"post-16473","1":"product","2":"type-product","3":"status-publish","4":"has-post-thumbnail","6":"product_cat-16-abhoergeraete","7":"product_cat-22-gsm-abhoergeraete-wanzen","8":"product_cat-21-professionelle-abhoergeraete","9":"product_tag-gsm-wanze","10":"pa_typ-taschenrechner","12":"first","13":"instock","14":"taxable","15":"shipping-taxable","16":"purchasable","17":"product-type-simple"},"yoast_head":"<!-- This site is optimized with the Yoast SEO Premium plugin v25.9 (Yoast SEO v27.4) - https:\/\/yoast.com\/product\/yoast-seo-premium-wordpress\/ -->\n<title>Taschenrechner mit Abh\u00f6rger\u00e4t und hochqualitativem Ton<\/title>\n<meta name=\"description\" content=\"Professionelle Abh\u00f6rtechnik GSM Wanze eingebaut in einen Taschenrechner (Kalkuliatorius). H\u00f6chste Klangqualit\u00e4t. Im Raum ist ein hervorragender und klarer Ton h\u00f6rbar.\" \/>\n<meta name=\"robots\" content=\"index, follow, max-snippet:-1, max-image-preview:large, max-video-preview:-1\" \/>\n<link rel=\"canonical\" href=\"https:\/\/www.ortungsgerate.de\/ru\/16-proslushivayushcheye-oborudovaniye-2\/21-profesionalnoje-proslushivayushcheye-oborudovaniye\/kalkulyator-citzen-s-integrirovannoy-professionalnoy-podslushivayuschey-tekhnikoy\/\" \/>\n<meta property=\"og:locale\" content=\"ru_RU\" \/>\n<meta property=\"og:type\" content=\"article\" \/>\n<meta property=\"og:title\" content=\"Taschenrechner Citzen mit integrierter professioneller Abh\u00f6rtechnik\" \/>\n<meta property=\"og:description\" content=\"Professionelle Abh\u00f6rtechnik GSM Wanze eingebaut in einen Taschenrechner (Kalkuliatorius). H\u00f6chste Klangqualit\u00e4t. Im Raum ist ein hervorragender und klarer Ton h\u00f6rbar.\" \/>\n<meta property=\"og:url\" content=\"https:\/\/www.ortungsgerate.de\/ru\/16-proslushivayushcheye-oborudovaniye-2\/21-profesionalnoje-proslushivayushcheye-oborudovaniye\/kalkulyator-citzen-s-integrirovannoy-professionalnoy-podslushivayuschey-tekhnikoy\/\" \/>\n<meta property=\"og:site_name\" content=\"Ortungsger\u00e4te.de\" \/>\n<meta property=\"article:modified_time\" content=\"2025-11-26T17:01:36+00:00\" \/>\n<meta property=\"og:image\" content=\"https:\/\/www.ortungsgerate.de\/wp-content\/uploads\/profesionali-pasiklausymo-gsm-blake-su-isoriniu-mikrofonu-9cm-ilgio-4.jpg\" \/>\n\t<meta property=\"og:image:width\" content=\"1600\" \/>\n\t<meta property=\"og:image:height\" content=\"1200\" \/>\n\t<meta property=\"og:image:type\" content=\"image\/jpeg\" \/>\n<meta name=\"twitter:card\" content=\"summary_large_image\" \/>\n<meta name=\"twitter:label1\" content=\"\u041f\u0440\u0438\u043c\u0435\u0440\u043d\u043e\u0435 \u0432\u0440\u0435\u043c\u044f \u0434\u043b\u044f \u0447\u0442\u0435\u043d\u0438\u044f\" \/>\n\t<meta name=\"twitter:data1\" content=\"1 \u043c\u0438\u043d\u0443\u0442\u0430\" \/>\n<script type=\"application\/ld+json\" class=\"yoast-schema-graph\">{\"@context\":\"https:\\\/\\\/schema.org\",\"@graph\":[{\"@type\":\"WebPage\",\"@id\":\"https:\\\/\\\/www.ortungsgerate.de\\\/16-abhoergeraete\\\/21-professionelle-abhoergeraete\\\/taschenrechner-citzen-mit-integrierter-professioneller-abhoertechnik\\\/\",\"url\":\"https:\\\/\\\/www.ortungsgerate.de\\\/16-abhoergeraete\\\/21-professionelle-abhoergeraete\\\/taschenrechner-citzen-mit-integrierter-professioneller-abhoertechnik\\\/\",\"name\":\"Taschenrechner mit Abh\u00f6rger\u00e4t und hochqualitativem Ton\",\"isPartOf\":{\"@id\":\"https:\\\/\\\/www.ortungsgerate.de\\\/#website\"},\"primaryImageOfPage\":{\"@id\":\"https:\\\/\\\/www.ortungsgerate.de\\\/16-abhoergeraete\\\/21-professionelle-abhoergeraete\\\/taschenrechner-citzen-mit-integrierter-professioneller-abhoertechnik\\\/#primaryimage\"},\"image\":{\"@id\":\"https:\\\/\\\/www.ortungsgerate.de\\\/16-abhoergeraete\\\/21-professionelle-abhoergeraete\\\/taschenrechner-citzen-mit-integrierter-professioneller-abhoertechnik\\\/#primaryimage\"},\"thumbnailUrl\":\"https:\\\/\\\/www.ortungsgerate.de\\\/wp-content\\\/uploads\\\/profesionali-pasiklausymo-gsm-blake-su-isoriniu-mikrofonu-9cm-ilgio-4.jpg\",\"datePublished\":\"2024-02-06T19:37:30+00:00\",\"dateModified\":\"2025-11-26T17:01:36+00:00\",\"description\":\"Professionelle Abh\u00f6rtechnik GSM Wanze eingebaut in einen Taschenrechner (Kalkuliatorius). H\u00f6chste Klangqualit\u00e4t. Im Raum ist ein hervorragender und klarer Ton h\u00f6rbar.\",\"breadcrumb\":{\"@id\":\"https:\\\/\\\/www.ortungsgerate.de\\\/16-abhoergeraete\\\/21-professionelle-abhoergeraete\\\/taschenrechner-citzen-mit-integrierter-professioneller-abhoertechnik\\\/#breadcrumb\"},\"inLanguage\":\"ru-RU\",\"potentialAction\":[{\"@type\":\"ReadAction\",\"target\":[\"https:\\\/\\\/www.ortungsgerate.de\\\/16-abhoergeraete\\\/21-professionelle-abhoergeraete\\\/taschenrechner-citzen-mit-integrierter-professioneller-abhoertechnik\\\/\"]}]},{\"@type\":\"ImageObject\",\"inLanguage\":\"ru-RU\",\"@id\":\"https:\\\/\\\/www.ortungsgerate.de\\\/16-abhoergeraete\\\/21-professionelle-abhoergeraete\\\/taschenrechner-citzen-mit-integrierter-professioneller-abhoertechnik\\\/#primaryimage\",\"url\":\"https:\\\/\\\/www.ortungsgerate.de\\\/wp-content\\\/uploads\\\/profesionali-pasiklausymo-gsm-blake-su-isoriniu-mikrofonu-9cm-ilgio-4.jpg\",\"contentUrl\":\"https:\\\/\\\/www.ortungsgerate.de\\\/wp-content\\\/uploads\\\/profesionali-pasiklausymo-gsm-blake-su-isoriniu-mikrofonu-9cm-ilgio-4.jpg\",\"width\":1600,\"height\":1200,\"caption\":\"Taschenrechner (Calculator) mit integrierter verdeckter Abh\u00f6rvorrichtung\"},{\"@type\":\"BreadcrumbList\",\"@id\":\"https:\\\/\\\/www.ortungsgerate.de\\\/16-abhoergeraete\\\/21-professionelle-abhoergeraete\\\/taschenrechner-citzen-mit-integrierter-professioneller-abhoertechnik\\\/#breadcrumb\",\"itemListElement\":[{\"@type\":\"ListItem\",\"position\":1,\"name\":\"Startseite\",\"item\":\"https:\\\/\\\/www.ortungsgerate.de\\\/\"},{\"@type\":\"ListItem\",\"position\":2,\"name\":\"Shop\",\"item\":\"https:\\\/\\\/www.ortungsgerate.de\\\/shop\\\/\"},{\"@type\":\"ListItem\",\"position\":3,\"name\":\"Taschenrechner Citzen mit integrierter professioneller Abh\u00f6rtechnik\"}]},{\"@type\":\"WebSite\",\"@id\":\"https:\\\/\\\/www.ortungsgerate.de\\\/#website\",\"url\":\"https:\\\/\\\/www.ortungsgerate.de\\\/\",\"name\":\"Ortungsgerate.de\",\"description\":\"\",\"publisher\":{\"@id\":\"https:\\\/\\\/www.ortungsgerate.de\\\/#organization\"},\"potentialAction\":[{\"@type\":\"SearchAction\",\"target\":{\"@type\":\"EntryPoint\",\"urlTemplate\":\"https:\\\/\\\/www.ortungsgerate.de\\\/?s={search_term_string}\"},\"query-input\":{\"@type\":\"PropertyValueSpecification\",\"valueRequired\":true,\"valueName\":\"search_term_string\"}}],\"inLanguage\":\"ru-RU\"},{\"@type\":\"Organization\",\"@id\":\"https:\\\/\\\/www.ortungsgerate.de\\\/#organization\",\"name\":\"Ortungsgerate.de\",\"url\":\"https:\\\/\\\/www.ortungsgerate.de\\\/\",\"logo\":{\"@type\":\"ImageObject\",\"inLanguage\":\"ru-RU\",\"@id\":\"https:\\\/\\\/www.ortungsgerate.de\\\/#\\\/schema\\\/logo\\\/image\\\/\",\"url\":\"https:\\\/\\\/www.ortungsgerate.de\\\/wp-content\\\/uploads\\\/ortungsgerate.png\",\"contentUrl\":\"https:\\\/\\\/www.ortungsgerate.de\\\/wp-content\\\/uploads\\\/ortungsgerate.png\",\"width\":500,\"height\":135,\"caption\":\"Ortungsgerate.de\"},\"image\":{\"@id\":\"https:\\\/\\\/www.ortungsgerate.de\\\/#\\\/schema\\\/logo\\\/image\\\/\"}}]}<\/script>\n<!-- \/ Yoast SEO Premium plugin. -->","yoast_head_json":{"title":"Taschenrechner mit Abh\u00f6rger\u00e4t und hochqualitativem Ton","description":"Professionelle Abh\u00f6rtechnik GSM Wanze eingebaut in einen Taschenrechner (Kalkuliatorius). H\u00f6chste Klangqualit\u00e4t. Im Raum ist ein hervorragender und klarer Ton h\u00f6rbar.","robots":{"index":"index","follow":"follow","max-snippet":"max-snippet:-1","max-image-preview":"max-image-preview:large","max-video-preview":"max-video-preview:-1"},"canonical":"https:\/\/www.ortungsgerate.de\/ru\/16-proslushivayushcheye-oborudovaniye-2\/21-profesionalnoje-proslushivayushcheye-oborudovaniye\/kalkulyator-citzen-s-integrirovannoy-professionalnoy-podslushivayuschey-tekhnikoy\/","og_locale":"ru_RU","og_type":"article","og_title":"Taschenrechner Citzen mit integrierter professioneller Abh\u00f6rtechnik","og_description":"Professionelle Abh\u00f6rtechnik GSM Wanze eingebaut in einen Taschenrechner (Kalkuliatorius). H\u00f6chste Klangqualit\u00e4t. Im Raum ist ein hervorragender und klarer Ton h\u00f6rbar.","og_url":"https:\/\/www.ortungsgerate.de\/ru\/16-proslushivayushcheye-oborudovaniye-2\/21-profesionalnoje-proslushivayushcheye-oborudovaniye\/kalkulyator-citzen-s-integrirovannoy-professionalnoy-podslushivayuschey-tekhnikoy\/","og_site_name":"Ortungsger\u00e4te.de","article_modified_time":"2025-11-26T17:01:36+00:00","og_image":[{"width":1600,"height":1200,"url":"https:\/\/www.ortungsgerate.de\/wp-content\/uploads\/profesionali-pasiklausymo-gsm-blake-su-isoriniu-mikrofonu-9cm-ilgio-4.jpg","type":"image\/jpeg"}],"twitter_card":"summary_large_image","twitter_misc":{"\u041f\u0440\u0438\u043c\u0435\u0440\u043d\u043e\u0435 \u0432\u0440\u0435\u043c\u044f \u0434\u043b\u044f \u0447\u0442\u0435\u043d\u0438\u044f":"1 \u043c\u0438\u043d\u0443\u0442\u0430"},"schema":{"@context":"https:\/\/schema.org","@graph":[{"@type":"WebPage","@id":"https:\/\/www.ortungsgerate.de\/16-abhoergeraete\/21-professionelle-abhoergeraete\/taschenrechner-citzen-mit-integrierter-professioneller-abhoertechnik\/","url":"https:\/\/www.ortungsgerate.de\/16-abhoergeraete\/21-professionelle-abhoergeraete\/taschenrechner-citzen-mit-integrierter-professioneller-abhoertechnik\/","name":"Taschenrechner mit Abh\u00f6rger\u00e4t und hochqualitativem Ton","isPartOf":{"@id":"https:\/\/www.ortungsgerate.de\/#website"},"primaryImageOfPage":{"@id":"https:\/\/www.ortungsgerate.de\/16-abhoergeraete\/21-professionelle-abhoergeraete\/taschenrechner-citzen-mit-integrierter-professioneller-abhoertechnik\/#primaryimage"},"image":{"@id":"https:\/\/www.ortungsgerate.de\/16-abhoergeraete\/21-professionelle-abhoergeraete\/taschenrechner-citzen-mit-integrierter-professioneller-abhoertechnik\/#primaryimage"},"thumbnailUrl":"https:\/\/www.ortungsgerate.de\/wp-content\/uploads\/profesionali-pasiklausymo-gsm-blake-su-isoriniu-mikrofonu-9cm-ilgio-4.jpg","datePublished":"2024-02-06T19:37:30+00:00","dateModified":"2025-11-26T17:01:36+00:00","description":"Professionelle Abh\u00f6rtechnik GSM Wanze eingebaut in einen Taschenrechner (Kalkuliatorius). H\u00f6chste Klangqualit\u00e4t. Im Raum ist ein hervorragender und klarer Ton h\u00f6rbar.","breadcrumb":{"@id":"https:\/\/www.ortungsgerate.de\/16-abhoergeraete\/21-professionelle-abhoergeraete\/taschenrechner-citzen-mit-integrierter-professioneller-abhoertechnik\/#breadcrumb"},"inLanguage":"ru-RU","potentialAction":[{"@type":"ReadAction","target":["https:\/\/www.ortungsgerate.de\/16-abhoergeraete\/21-professionelle-abhoergeraete\/taschenrechner-citzen-mit-integrierter-professioneller-abhoertechnik\/"]}]},{"@type":"ImageObject","inLanguage":"ru-RU","@id":"https:\/\/www.ortungsgerate.de\/16-abhoergeraete\/21-professionelle-abhoergeraete\/taschenrechner-citzen-mit-integrierter-professioneller-abhoertechnik\/#primaryimage","url":"https:\/\/www.ortungsgerate.de\/wp-content\/uploads\/profesionali-pasiklausymo-gsm-blake-su-isoriniu-mikrofonu-9cm-ilgio-4.jpg","contentUrl":"https:\/\/www.ortungsgerate.de\/wp-content\/uploads\/profesionali-pasiklausymo-gsm-blake-su-isoriniu-mikrofonu-9cm-ilgio-4.jpg","width":1600,"height":1200,"caption":"Taschenrechner (Calculator) mit integrierter verdeckter Abh\u00f6rvorrichtung"},{"@type":"BreadcrumbList","@id":"https:\/\/www.ortungsgerate.de\/16-abhoergeraete\/21-professionelle-abhoergeraete\/taschenrechner-citzen-mit-integrierter-professioneller-abhoertechnik\/#breadcrumb","itemListElement":[{"@type":"ListItem","position":1,"name":"Startseite","item":"https:\/\/www.ortungsgerate.de\/"},{"@type":"ListItem","position":2,"name":"Shop","item":"https:\/\/www.ortungsgerate.de\/shop\/"},{"@type":"ListItem","position":3,"name":"Taschenrechner Citzen mit integrierter professioneller Abh\u00f6rtechnik"}]},{"@type":"WebSite","@id":"https:\/\/www.ortungsgerate.de\/#website","url":"https:\/\/www.ortungsgerate.de\/","name":"Ortungsgerate.de","description":"","publisher":{"@id":"https:\/\/www.ortungsgerate.de\/#organization"},"potentialAction":[{"@type":"SearchAction","target":{"@type":"EntryPoint","urlTemplate":"https:\/\/www.ortungsgerate.de\/?s={search_term_string}"},"query-input":{"@type":"PropertyValueSpecification","valueRequired":true,"valueName":"search_term_string"}}],"inLanguage":"ru-RU"},{"@type":"Organization","@id":"https:\/\/www.ortungsgerate.de\/#organization","name":"Ortungsgerate.de","url":"https:\/\/www.ortungsgerate.de\/","logo":{"@type":"ImageObject","inLanguage":"ru-RU","@id":"https:\/\/www.ortungsgerate.de\/#\/schema\/logo\/image\/","url":"https:\/\/www.ortungsgerate.de\/wp-content\/uploads\/ortungsgerate.png","contentUrl":"https:\/\/www.ortungsgerate.de\/wp-content\/uploads\/ortungsgerate.png","width":500,"height":135,"caption":"Ortungsgerate.de"},"image":{"@id":"https:\/\/www.ortungsgerate.de\/#\/schema\/logo\/image\/"}}]}},"_links":{"self":[{"href":"https:\/\/www.ortungsgerate.de\/ru\/wp-json\/wp\/v2\/product\/16473","targetHints":{"allow":["GET"]}}],"collection":[{"href":"https:\/\/www.ortungsgerate.de\/ru\/wp-json\/wp\/v2\/product"}],"about":[{"href":"https:\/\/www.ortungsgerate.de\/ru\/wp-json\/wp\/v2\/types\/product"}],"version-history":[{"count":0,"href":"https:\/\/www.ortungsgerate.de\/ru\/wp-json\/wp\/v2\/product\/16473\/revisions"}],"wp:featuredmedia":[{"embeddable":true,"href":"https:\/\/www.ortungsgerate.de\/ru\/wp-json\/wp\/v2\/media\/1776"}],"wp:attachment":[{"href":"https:\/\/www.ortungsgerate.de\/ru\/wp-json\/wp\/v2\/media?parent=16473"}],"wp:term":[{"taxonomy":"brand","embeddable":true,"href":"https:\/\/www.ortungsgerate.de\/ru\/wp-json\/wp\/v2\/etheme_brands?post=16473"},{"taxonomy":"product_brand","embeddable":true,"href":"https:\/\/www.ortungsgerate.de\/ru\/wp-json\/wp\/v2\/product_brand?post=16473"},{"taxonomy":"product_cat","embeddable":true,"href":"https:\/\/www.ortungsgerate.de\/ru\/wp-json\/wp\/v2\/product_cat?post=16473"},{"taxonomy":"product_tag","embeddable":true,"href":"https:\/\/www.ortungsgerate.de\/ru\/wp-json\/wp\/v2\/product_tag?post=16473"}],"curies":[{"name":"wp","href":"https:\/\/api.w.org\/{rel}","templated":true}]}}