{"id":16476,"date":"2024-02-06T21:38:11","date_gmt":"2024-02-06T19:38:11","guid":{"rendered":"https:\/\/ortungsgerate.de\/be-kategorijos\/individualus-sekimo-irangos-montavimas-i-jusu-daikta-kameros-blakes-gps\/"},"modified":"2025-11-26T19:01:36","modified_gmt":"2025-11-26T17:01:36","slug":"individualnaya-ustanovka-oborudovaniya-dlya-nablyudeniya-v-vashem-obekte-kamera-zhuchok-gps","status":"publish","type":"product","link":"https:\/\/www.ortungsgerate.de\/ru\/15-gps-treker\/individualnaya-ustanovka-oborudovaniya-dlya-nablyudeniya-v-vashem-obekte-kamera-zhuchok-gps\/","title":{"rendered":"\u0418\u043d\u0434\u0438\u0432\u0438\u0434\u0443\u0430\u043b\u044c\u043d\u0430\u044f \u0443\u0441\u0442\u0430\u043d\u043e\u0432\u043a\u0430 \u043e\u0431\u043e\u0440\u0443\u0434\u043e\u0432\u0430\u043d\u0438\u044f \u0434\u043b\u044f \u043d\u0430\u0431\u043b\u044e\u0434\u0435\u043d\u0438\u044f \u0432 \u0432\u0430\u0448\u0435\u043c \u043e\u0431\u044a\u0435\u043a\u0442\u0435 \u041a\u0430\u043c\u0435\u0440\u0430 \u0416\u0443\u0447\u043e\u043a GPS"},"content":{"rendered":"<h3><strong>\u0422\u0435\u0445\u043d\u0438\u0447\u0435\u0441\u043a\u0438\u0435 \u043f\u0430\u0440\u0430\u043c\u0435\u0442\u0440\u044b:<\/strong><\/h3>\n<ul>\n<li>\u041c\u044b \u043c\u043e\u0436\u0435\u043c \u0443\u0441\u0442\u0430\u043d\u043e\u0432\u0438\u0442\u044c \u043e\u0431\u043e\u0440\u0443\u0434\u043e\u0432\u0430\u043d\u0438\u0435 \u043f\u0440\u0430\u043a\u0442\u0438\u0447\u0435\u0441\u043a\u0438 \u0432 \u043b\u044e\u0431\u043e\u043c \u043f\u0440\u0435\u0434\u043c\u0435\u0442\u0435.<\/li>\n<li>\u0426\u0435\u043d\u0430 \u0437\u0430\u0432\u0438\u0441\u0438\u0442 \u043e\u0442 \u0441\u0430\u043c\u043e\u0433\u043e \u043e\u0431\u043e\u0440\u0443\u0434\u043e\u0432\u0430\u043d\u0438\u044f + \u043c\u043e\u043d\u0442\u0430\u0436\u0430, \u043f\u043e\u0436\u0430\u043b\u0443\u0439\u0441\u0442\u0430, \u0443\u0442\u043e\u0447\u043d\u044f\u0439\u0442\u0435 \u043f\u043e \u0442\u0435\u043b\u0435\u0444\u043e\u043d\u0443. <\/li>\n<li>\u041c\u044b \u0443\u0441\u0442\u0430\u043d\u0430\u0432\u043b\u0438\u0432\u0430\u0435\u043c \u0441\u043a\u0440\u044b\u0442\u044b\u0435 \u043a\u0430\u043c\u0435\u0440\u044b.<\/li>\n<li>\u041c\u044b \u0443\u0441\u0442\u0430\u043d\u0430\u0432\u043b\u0438\u0432\u0430\u0435\u043c \u043f\u043e\u0434\u0441\u043b\u0443\u0448\u0438\u0432\u0430\u044e\u0449\u0438\u0435 \u0443\u0441\u0442\u0440\u043e\u0439\u0441\u0442\u0432\u0430.<\/li>\n<li>GPS-Ortungsger\u00e4te<\/li>\n<\/ul>\n<p><span style=\"color: #d0121a\"><strong>   <\/strong><\/span><\/p>\n<p>\u0418\u0441\u043f\u043e\u043b\u044c\u0437\u043e\u0432\u0430\u043d\u0438\u0435: \u0414\u043b\u044f \u0432\u0430\u0448\u0435\u0439 \u0441\u043e\u0431\u0441\u0442\u0432\u0435\u043d\u043d\u043e\u0439 \u0431\u0435\u0437\u043e\u043f\u0430\u0441\u043d\u043e\u0441\u0442\u0438 \u0438 \u0431\u0435\u0437\u043e\u043f\u0430\u0441\u043d\u043e\u0441\u0442\u0438 \u0432\u0430\u0448\u0438\u0445 \u0434\u0435\u0442\u0435\u0439.<\/p>","protected":false},"excerpt":{"rendered":"<p>Technische Parameter: Wir k\u00f6nnen die Ausr\u00fcstung in nahezu jedem beliebigen Gegenstand installieren. Der Preis h\u00e4ngt von der Ausr\u00fcstung selbst + der Montage ab, bitte telefonisch&#8230;<\/p>","protected":false},"featured_media":1996,"template":"","meta":[],"etheme_brands":[],"product_brand":[],"product_cat":[208,213,214,206,203],"product_tag":[79],"class_list":{"0":"post-16476","1":"product","2":"type-product","3":"status-publish","4":"has-post-thumbnail","6":"product_cat-16-abhoergeraete","7":"product_cat-15-gps-ueberwachungsgeraete","8":"product_cat-21-professionelle-abhoergeraete","9":"product_cat-19-pruefungsohrhoerer-fuer-pruefungen","10":"product_cat-12-versteckte-kameras","11":"product_tag-gsm-wanze","13":"first","14":"instock","15":"taxable","16":"shipping-taxable","17":"purchasable","18":"product-type-simple"},"yoast_head":"<!-- This site is optimized with the Yoast SEO Premium plugin v25.9 (Yoast SEO v27.4) - https:\/\/yoast.com\/product\/yoast-seo-premium-wordpress\/ -->\n<title>Installation von verdeckter \u00dcberwachungsausr\u00fcstung in Ihrem Gegenstand Kameras, Wanzen, GPS<\/title>\n<meta name=\"description\" content=\"Wir montieren verdeckte \u00dcberwachungsger\u00e4te in ausgew\u00e4hlte Gegenst\u00e4nde. Wir installieren und programmieren versteckte kameros, gps seklius oder pasiklausymo \u012franga. Wir arbeiten in VIlniuje\" \/>\n<meta name=\"robots\" content=\"index, follow, max-snippet:-1, max-image-preview:large, max-video-preview:-1\" \/>\n<link rel=\"canonical\" href=\"https:\/\/www.ortungsgerate.de\/ru\/15-gps-treker\/individualnaya-ustanovka-oborudovaniya-dlya-nablyudeniya-v-vashem-obekte-kamera-zhuchok-gps\/\" \/>\n<meta property=\"og:locale\" content=\"ru_RU\" \/>\n<meta property=\"og:type\" content=\"article\" \/>\n<meta property=\"og:title\" content=\"Individuelle Montage von \u00dcberwachungsausr\u00fcstung in Ihrem Objekt Kamera Wanze GPS\" \/>\n<meta property=\"og:description\" content=\"Wir montieren verdeckte \u00dcberwachungsger\u00e4te in ausgew\u00e4hlte Gegenst\u00e4nde. Wir installieren und programmieren versteckte kameros, gps seklius oder pasiklausymo \u012franga. Wir arbeiten in VIlniuje\" \/>\n<meta property=\"og:url\" content=\"https:\/\/www.ortungsgerate.de\/ru\/15-gps-treker\/individualnaya-ustanovka-oborudovaniya-dlya-nablyudeniya-v-vashem-obekte-kamera-zhuchok-gps\/\" \/>\n<meta property=\"og:site_name\" content=\"Ortungsger\u00e4te.de\" \/>\n<meta property=\"article:modified_time\" content=\"2025-11-26T17:01:36+00:00\" \/>\n<meta property=\"og:image\" content=\"https:\/\/www.ortungsgerate.de\/wp-content\/uploads\/individualus-sekimo-irangos-montavimas-i-jusu-daikta-kameros-blakes-gps.jpg\" \/>\n\t<meta property=\"og:image:width\" content=\"1000\" \/>\n\t<meta property=\"og:image:height\" content=\"563\" \/>\n\t<meta property=\"og:image:type\" content=\"image\/jpeg\" \/>\n<meta name=\"twitter:card\" content=\"summary_large_image\" \/>\n<meta name=\"twitter:label1\" content=\"\u041f\u0440\u0438\u043c\u0435\u0440\u043d\u043e\u0435 \u0432\u0440\u0435\u043c\u044f \u0434\u043b\u044f \u0447\u0442\u0435\u043d\u0438\u044f\" \/>\n\t<meta name=\"twitter:data1\" content=\"1 \u043c\u0438\u043d\u0443\u0442\u0430\" \/>\n<script type=\"application\/ld+json\" class=\"yoast-schema-graph\">{\"@context\":\"https:\\\/\\\/schema.org\",\"@graph\":[{\"@type\":\"WebPage\",\"@id\":\"https:\\\/\\\/www.ortungsgerate.de\\\/15-gps-ueberwachungsgeraete\\\/individuelle-montage-von-ueberwachungsausruestung-in-ihrem-objekt-kamera-wanze-gps\\\/\",\"url\":\"https:\\\/\\\/www.ortungsgerate.de\\\/15-gps-ueberwachungsgeraete\\\/individuelle-montage-von-ueberwachungsausruestung-in-ihrem-objekt-kamera-wanze-gps\\\/\",\"name\":\"Installation von verdeckter \u00dcberwachungsausr\u00fcstung in Ihrem Gegenstand Kameras, Wanzen, GPS\",\"isPartOf\":{\"@id\":\"https:\\\/\\\/www.ortungsgerate.de\\\/#website\"},\"primaryImageOfPage\":{\"@id\":\"https:\\\/\\\/www.ortungsgerate.de\\\/15-gps-ueberwachungsgeraete\\\/individuelle-montage-von-ueberwachungsausruestung-in-ihrem-objekt-kamera-wanze-gps\\\/#primaryimage\"},\"image\":{\"@id\":\"https:\\\/\\\/www.ortungsgerate.de\\\/15-gps-ueberwachungsgeraete\\\/individuelle-montage-von-ueberwachungsausruestung-in-ihrem-objekt-kamera-wanze-gps\\\/#primaryimage\"},\"thumbnailUrl\":\"https:\\\/\\\/www.ortungsgerate.de\\\/wp-content\\\/uploads\\\/individualus-sekimo-irangos-montavimas-i-jusu-daikta-kameros-blakes-gps.jpg\",\"datePublished\":\"2024-02-06T19:38:11+00:00\",\"dateModified\":\"2025-11-26T17:01:36+00:00\",\"description\":\"Wir montieren verdeckte \u00dcberwachungsger\u00e4te in ausgew\u00e4hlte Gegenst\u00e4nde. Wir installieren und programmieren versteckte kameros, gps seklius oder pasiklausymo \u012franga. Wir arbeiten in VIlniuje\",\"breadcrumb\":{\"@id\":\"https:\\\/\\\/www.ortungsgerate.de\\\/15-gps-ueberwachungsgeraete\\\/individuelle-montage-von-ueberwachungsausruestung-in-ihrem-objekt-kamera-wanze-gps\\\/#breadcrumb\"},\"inLanguage\":\"ru-RU\",\"potentialAction\":[{\"@type\":\"ReadAction\",\"target\":[\"https:\\\/\\\/www.ortungsgerate.de\\\/15-gps-ueberwachungsgeraete\\\/individuelle-montage-von-ueberwachungsausruestung-in-ihrem-objekt-kamera-wanze-gps\\\/\"]}]},{\"@type\":\"ImageObject\",\"inLanguage\":\"ru-RU\",\"@id\":\"https:\\\/\\\/www.ortungsgerate.de\\\/15-gps-ueberwachungsgeraete\\\/individuelle-montage-von-ueberwachungsausruestung-in-ihrem-objekt-kamera-wanze-gps\\\/#primaryimage\",\"url\":\"https:\\\/\\\/www.ortungsgerate.de\\\/wp-content\\\/uploads\\\/individualus-sekimo-irangos-montavimas-i-jusu-daikta-kameros-blakes-gps.jpg\",\"contentUrl\":\"https:\\\/\\\/www.ortungsgerate.de\\\/wp-content\\\/uploads\\\/individualus-sekimo-irangos-montavimas-i-jusu-daikta-kameros-blakes-gps.jpg\",\"width\":1000,\"height\":563,\"caption\":\"Individuelle Montage von \u00dcberwachungsausr\u00fcstung in Ihrem Gegenstand ( Kameras\"},{\"@type\":\"BreadcrumbList\",\"@id\":\"https:\\\/\\\/www.ortungsgerate.de\\\/15-gps-ueberwachungsgeraete\\\/individuelle-montage-von-ueberwachungsausruestung-in-ihrem-objekt-kamera-wanze-gps\\\/#breadcrumb\",\"itemListElement\":[{\"@type\":\"ListItem\",\"position\":1,\"name\":\"Startseite\",\"item\":\"https:\\\/\\\/www.ortungsgerate.de\\\/\"},{\"@type\":\"ListItem\",\"position\":2,\"name\":\"Shop\",\"item\":\"https:\\\/\\\/www.ortungsgerate.de\\\/shop\\\/\"},{\"@type\":\"ListItem\",\"position\":3,\"name\":\"Individuelle Montage von \u00dcberwachungsausr\u00fcstung in Ihrem Objekt Kamera Wanze GPS\"}]},{\"@type\":\"WebSite\",\"@id\":\"https:\\\/\\\/www.ortungsgerate.de\\\/#website\",\"url\":\"https:\\\/\\\/www.ortungsgerate.de\\\/\",\"name\":\"Ortungsgerate.de\",\"description\":\"\",\"publisher\":{\"@id\":\"https:\\\/\\\/www.ortungsgerate.de\\\/#organization\"},\"potentialAction\":[{\"@type\":\"SearchAction\",\"target\":{\"@type\":\"EntryPoint\",\"urlTemplate\":\"https:\\\/\\\/www.ortungsgerate.de\\\/?s={search_term_string}\"},\"query-input\":{\"@type\":\"PropertyValueSpecification\",\"valueRequired\":true,\"valueName\":\"search_term_string\"}}],\"inLanguage\":\"ru-RU\"},{\"@type\":\"Organization\",\"@id\":\"https:\\\/\\\/www.ortungsgerate.de\\\/#organization\",\"name\":\"Ortungsgerate.de\",\"url\":\"https:\\\/\\\/www.ortungsgerate.de\\\/\",\"logo\":{\"@type\":\"ImageObject\",\"inLanguage\":\"ru-RU\",\"@id\":\"https:\\\/\\\/www.ortungsgerate.de\\\/#\\\/schema\\\/logo\\\/image\\\/\",\"url\":\"https:\\\/\\\/www.ortungsgerate.de\\\/wp-content\\\/uploads\\\/ortungsgerate.png\",\"contentUrl\":\"https:\\\/\\\/www.ortungsgerate.de\\\/wp-content\\\/uploads\\\/ortungsgerate.png\",\"width\":500,\"height\":135,\"caption\":\"Ortungsgerate.de\"},\"image\":{\"@id\":\"https:\\\/\\\/www.ortungsgerate.de\\\/#\\\/schema\\\/logo\\\/image\\\/\"}}]}<\/script>\n<!-- \/ Yoast SEO Premium plugin. -->","yoast_head_json":{"title":"\u0423\u0441\u0442\u0430\u043d\u043e\u0432\u043a\u0430 \u0441\u043a\u0440\u044b\u0442\u043e\u0433\u043e \u043e\u0431\u043e\u0440\u0443\u0434\u043e\u0432\u0430\u043d\u0438\u044f \u0434\u043b\u044f \u043d\u0430\u0431\u043b\u044e\u0434\u0435\u043d\u0438\u044f \u0432 \u0432\u0430\u0448\u0435\u043c \u043e\u0431\u044a\u0435\u043a\u0442\u0435 \u043a\u0430\u043c\u0435\u0440\u044b, \u0436\u0443\u0447\u043a\u0438, GPS","description":"\u041c\u044b \u0443\u0441\u0442\u0430\u043d\u0430\u0432\u043b\u0438\u0432\u0430\u0435\u043c \u0441\u043a\u0440\u044b\u0442\u044b\u0435 \u0443\u0441\u0442\u0440\u043e\u0439\u0441\u0442\u0432\u0430 \u043d\u0430\u0431\u043b\u044e\u0434\u0435\u043d\u0438\u044f \u0432 \u0432\u044b\u0431\u0440\u0430\u043d\u043d\u044b\u0435 \u043f\u0440\u0435\u0434\u043c\u0435\u0442\u044b. \u041c\u044b \u0443\u0441\u0442\u0430\u043d\u0430\u0432\u043b\u0438\u0432\u0430\u0435\u043c \u0438 \u043f\u0440\u043e\u0433\u0440\u0430\u043c\u043c\u0438\u0440\u0443\u0435\u043c \u0441\u043a\u0440\u044b\u0442\u044b\u0435 \u043a\u0430\u043c\u0435\u0440\u044b, gps seklius \u0438\u043b\u0438 pasiklausymo \u012franga. \u041c\u044b \u0440\u0430\u0431\u043e\u0442\u0430\u0435\u043c \u0432 \u0412\u0438\u043b\u044c\u043d\u044e\u0441\u0435.","robots":{"index":"index","follow":"follow","max-snippet":"max-snippet:-1","max-image-preview":"max-image-preview:large","max-video-preview":"max-video-preview:-1"},"canonical":"https:\/\/www.ortungsgerate.de\/ru\/15-gps-treker\/individualnaya-ustanovka-oborudovaniya-dlya-nablyudeniya-v-vashem-obekte-kamera-zhuchok-gps\/","og_locale":"ru_RU","og_type":"article","og_title":"Individuelle Montage von \u00dcberwachungsausr\u00fcstung in Ihrem Objekt Kamera Wanze GPS","og_description":"Wir montieren verdeckte \u00dcberwachungsger\u00e4te in ausgew\u00e4hlte Gegenst\u00e4nde. Wir installieren und programmieren versteckte kameros, gps seklius oder pasiklausymo \u012franga. Wir arbeiten in VIlniuje","og_url":"https:\/\/www.ortungsgerate.de\/ru\/15-gps-treker\/individualnaya-ustanovka-oborudovaniya-dlya-nablyudeniya-v-vashem-obekte-kamera-zhuchok-gps\/","og_site_name":"Ortungsger\u00e4te.de","article_modified_time":"2025-11-26T17:01:36+00:00","og_image":[{"width":1000,"height":563,"url":"https:\/\/www.ortungsgerate.de\/wp-content\/uploads\/individualus-sekimo-irangos-montavimas-i-jusu-daikta-kameros-blakes-gps.jpg","type":"image\/jpeg"}],"twitter_card":"summary_large_image","twitter_misc":{"\u041f\u0440\u0438\u043c\u0435\u0440\u043d\u043e\u0435 \u0432\u0440\u0435\u043c\u044f \u0434\u043b\u044f \u0447\u0442\u0435\u043d\u0438\u044f":"1 \u043c\u0438\u043d\u0443\u0442\u0430"},"schema":{"@context":"https:\/\/schema.org","@graph":[{"@type":"WebPage","@id":"https:\/\/www.ortungsgerate.de\/15-gps-ueberwachungsgeraete\/individuelle-montage-von-ueberwachungsausruestung-in-ihrem-objekt-kamera-wanze-gps\/","url":"https:\/\/www.ortungsgerate.de\/15-gps-ueberwachungsgeraete\/individuelle-montage-von-ueberwachungsausruestung-in-ihrem-objekt-kamera-wanze-gps\/","name":"\u0423\u0441\u0442\u0430\u043d\u043e\u0432\u043a\u0430 \u0441\u043a\u0440\u044b\u0442\u043e\u0433\u043e \u043e\u0431\u043e\u0440\u0443\u0434\u043e\u0432\u0430\u043d\u0438\u044f \u0434\u043b\u044f \u043d\u0430\u0431\u043b\u044e\u0434\u0435\u043d\u0438\u044f \u0432 \u0432\u0430\u0448\u0435\u043c \u043e\u0431\u044a\u0435\u043a\u0442\u0435 \u043a\u0430\u043c\u0435\u0440\u044b, \u0436\u0443\u0447\u043a\u0438, GPS","isPartOf":{"@id":"https:\/\/www.ortungsgerate.de\/#website"},"primaryImageOfPage":{"@id":"https:\/\/www.ortungsgerate.de\/15-gps-ueberwachungsgeraete\/individuelle-montage-von-ueberwachungsausruestung-in-ihrem-objekt-kamera-wanze-gps\/#primaryimage"},"image":{"@id":"https:\/\/www.ortungsgerate.de\/15-gps-ueberwachungsgeraete\/individuelle-montage-von-ueberwachungsausruestung-in-ihrem-objekt-kamera-wanze-gps\/#primaryimage"},"thumbnailUrl":"https:\/\/www.ortungsgerate.de\/wp-content\/uploads\/individualus-sekimo-irangos-montavimas-i-jusu-daikta-kameros-blakes-gps.jpg","datePublished":"2024-02-06T19:38:11+00:00","dateModified":"2025-11-26T17:01:36+00:00","description":"\u041c\u044b \u0443\u0441\u0442\u0430\u043d\u0430\u0432\u043b\u0438\u0432\u0430\u0435\u043c \u0441\u043a\u0440\u044b\u0442\u044b\u0435 \u0443\u0441\u0442\u0440\u043e\u0439\u0441\u0442\u0432\u0430 \u043d\u0430\u0431\u043b\u044e\u0434\u0435\u043d\u0438\u044f \u0432 \u0432\u044b\u0431\u0440\u0430\u043d\u043d\u044b\u0435 \u043f\u0440\u0435\u0434\u043c\u0435\u0442\u044b. \u041c\u044b \u0443\u0441\u0442\u0430\u043d\u0430\u0432\u043b\u0438\u0432\u0430\u0435\u043c \u0438 \u043f\u0440\u043e\u0433\u0440\u0430\u043c\u043c\u0438\u0440\u0443\u0435\u043c \u0441\u043a\u0440\u044b\u0442\u044b\u0435 \u043a\u0430\u043c\u0435\u0440\u044b, gps seklius \u0438\u043b\u0438 pasiklausymo \u012franga. \u041c\u044b \u0440\u0430\u0431\u043e\u0442\u0430\u0435\u043c \u0432 \u0412\u0438\u043b\u044c\u043d\u044e\u0441\u0435.","breadcrumb":{"@id":"https:\/\/www.ortungsgerate.de\/15-gps-ueberwachungsgeraete\/individuelle-montage-von-ueberwachungsausruestung-in-ihrem-objekt-kamera-wanze-gps\/#breadcrumb"},"inLanguage":"ru-RU","potentialAction":[{"@type":"ReadAction","target":["https:\/\/www.ortungsgerate.de\/15-gps-ueberwachungsgeraete\/individuelle-montage-von-ueberwachungsausruestung-in-ihrem-objekt-kamera-wanze-gps\/"]}]},{"@type":"ImageObject","inLanguage":"ru-RU","@id":"https:\/\/www.ortungsgerate.de\/15-gps-ueberwachungsgeraete\/individuelle-montage-von-ueberwachungsausruestung-in-ihrem-objekt-kamera-wanze-gps\/#primaryimage","url":"https:\/\/www.ortungsgerate.de\/wp-content\/uploads\/individualus-sekimo-irangos-montavimas-i-jusu-daikta-kameros-blakes-gps.jpg","contentUrl":"https:\/\/www.ortungsgerate.de\/wp-content\/uploads\/individualus-sekimo-irangos-montavimas-i-jusu-daikta-kameros-blakes-gps.jpg","width":1000,"height":563,"caption":"Individuelle Montage von \u00dcberwachungsausr\u00fcstung in Ihrem Gegenstand ( Kameras"},{"@type":"BreadcrumbList","@id":"https:\/\/www.ortungsgerate.de\/15-gps-ueberwachungsgeraete\/individuelle-montage-von-ueberwachungsausruestung-in-ihrem-objekt-kamera-wanze-gps\/#breadcrumb","itemListElement":[{"@type":"ListItem","position":1,"name":"Startseite","item":"https:\/\/www.ortungsgerate.de\/"},{"@type":"ListItem","position":2,"name":"Shop","item":"https:\/\/www.ortungsgerate.de\/shop\/"},{"@type":"ListItem","position":3,"name":"Individuelle Montage von \u00dcberwachungsausr\u00fcstung in Ihrem Objekt Kamera Wanze GPS"}]},{"@type":"WebSite","@id":"https:\/\/www.ortungsgerate.de\/#website","url":"https:\/\/www.ortungsgerate.de\/","name":"Ortungsgerate.de","description":"","publisher":{"@id":"https:\/\/www.ortungsgerate.de\/#organization"},"potentialAction":[{"@type":"SearchAction","target":{"@type":"EntryPoint","urlTemplate":"https:\/\/www.ortungsgerate.de\/?s={search_term_string}"},"query-input":{"@type":"PropertyValueSpecification","valueRequired":true,"valueName":"search_term_string"}}],"inLanguage":"ru-RU"},{"@type":"Organization","@id":"https:\/\/www.ortungsgerate.de\/#organization","name":"Ortungsgerate.de","url":"https:\/\/www.ortungsgerate.de\/","logo":{"@type":"ImageObject","inLanguage":"ru-RU","@id":"https:\/\/www.ortungsgerate.de\/#\/schema\/logo\/image\/","url":"https:\/\/www.ortungsgerate.de\/wp-content\/uploads\/ortungsgerate.png","contentUrl":"https:\/\/www.ortungsgerate.de\/wp-content\/uploads\/ortungsgerate.png","width":500,"height":135,"caption":"Ortungsgerate.de"},"image":{"@id":"https:\/\/www.ortungsgerate.de\/#\/schema\/logo\/image\/"}}]}},"_links":{"self":[{"href":"https:\/\/www.ortungsgerate.de\/ru\/wp-json\/wp\/v2\/product\/16476","targetHints":{"allow":["GET"]}}],"collection":[{"href":"https:\/\/www.ortungsgerate.de\/ru\/wp-json\/wp\/v2\/product"}],"about":[{"href":"https:\/\/www.ortungsgerate.de\/ru\/wp-json\/wp\/v2\/types\/product"}],"version-history":[{"count":0,"href":"https:\/\/www.ortungsgerate.de\/ru\/wp-json\/wp\/v2\/product\/16476\/revisions"}],"wp:featuredmedia":[{"embeddable":true,"href":"https:\/\/www.ortungsgerate.de\/ru\/wp-json\/wp\/v2\/media\/1996"}],"wp:attachment":[{"href":"https:\/\/www.ortungsgerate.de\/ru\/wp-json\/wp\/v2\/media?parent=16476"}],"wp:term":[{"taxonomy":"brand","embeddable":true,"href":"https:\/\/www.ortungsgerate.de\/ru\/wp-json\/wp\/v2\/etheme_brands?post=16476"},{"taxonomy":"product_brand","embeddable":true,"href":"https:\/\/www.ortungsgerate.de\/ru\/wp-json\/wp\/v2\/product_brand?post=16476"},{"taxonomy":"product_cat","embeddable":true,"href":"https:\/\/www.ortungsgerate.de\/ru\/wp-json\/wp\/v2\/product_cat?post=16476"},{"taxonomy":"product_tag","embeddable":true,"href":"https:\/\/www.ortungsgerate.de\/ru\/wp-json\/wp\/v2\/product_tag?post=16476"}],"curies":[{"name":"wp","href":"https:\/\/api.w.org\/{rel}","templated":true}]}}