{"id":16477,"date":"2024-02-06T21:36:37","date_gmt":"2024-02-06T19:36:37","guid":{"rendered":"https:\/\/ortungsgerate.de\/be-kategorijos\/sieninis-laikrodis-su-slapta-kamera-wi-fi-gyvai-stebekite-internetu\/"},"modified":"2025-12-01T11:26:01","modified_gmt":"2025-12-01T10:26:01","slug":"nastennye-chasy-so-skrytoy-wi-fi-kameroy-nablyudenie-v-realnom-vremeni-cherez-internet","status":"publish","type":"product","link":"https:\/\/www.ortungsgerate.de\/ru\/12-skrytyje-kamery\/17-zamaskirovanyje-kamery\/nastennye-chasy-so-skrytoy-wi-fi-kameroy-nablyudenie-v-realnom-vremeni-cherez-internet\/","title":{"rendered":"\u041d\u0430\u0441\u0442\u0435\u043d\u043d\u044b\u0435 \u0447\u0430\u0441\u044b \u0441\u043e \u0441\u043a\u0440\u044b\u0442\u043e\u0439 Wi\u2011Fi \u043a\u0430\u043c\u0435\u0440\u043e\u0439 | \u043d\u0430\u0431\u043b\u044e\u0434\u0435\u043d\u0438\u0435 \u0432 \u0440\u0435\u0430\u043b\u044c\u043d\u043e\u043c \u0432\u0440\u0435\u043c\u0435\u043d\u0438 \u0447\u0435\u0440\u0435\u0437 \u0418\u043d\u0442\u0435\u0440\u043d\u0435\u0442 |"},"content":{"rendered":"<h3><strong>\u0422\u0435\u0445\u043d\u0438\u0447\u0435\u0441\u043a\u0438\u0435 \u043f\u0430\u0440\u0430\u043c\u0435\u0442\u0440\u044b:<\/strong><\/h3>\n<ul>\n<li>Fernbildansicht: JA<\/li>\n<li>Videoaufnahme mit Ton<\/li>\n<li>Objektiv: 15 Grad nach unten gerichtet (Sie sehen den Raum und nicht die gegen\u00fcberliegende Wand)<\/li>\n<li>Videoqualit\u00e4t: Live-Ansicht: HD 1920*1080<\/li>\n<li>Fotoaufl\u00f6sung: 1280*720<\/li>\n<li>Objektiv: 120 Grad<\/li>\n<li>Videoaufnahme: 1 Std. 360 MB<\/li>\n<li>Bildrate: 25 FPS<\/li>\n<li>\u0423\u0432\u0435\u0434\u043e\u043c\u043b\u0435\u043d\u0438\u044f \u043f\u0440\u0438 \u043e\u0431\u043d\u0430\u0440\u0443\u0436\u0435\u043d\u0438\u0438 \u0434\u0432\u0438\u0436\u0435\u043d\u0438\u044f (Push-\u0443\u0432\u0435\u0434\u043e\u043c\u043b\u0435\u043d\u0438\u0435)<\/li>\n<li>Speicherkartenunterst\u00fctzung: von 4 GB bis 128 GB (Speicherkarte nicht im Set enthalten)<\/li>\n<li>Video\u00fcberwachung: per Telefon oder Computer (Live \u00fcber das Internet)<\/li>\n<li>Betriebszeit \u00fcber Akku: ca. 3 Stunden \u2013 \u00fcber Netzteil 24\/7<\/li>\n<li>Akkukapazit\u00e4t: 3000 mAh<\/li>\n<li>220V-Adapter (f\u00fcr den dauerhaften Anschluss an das Stromnetz)<\/li>\n<li>\u041e\u0431\u043d\u0430\u0440\u0443\u0436\u0435\u043d\u0438\u0435 \u0434\u0432\u0438\u0436\u0435\u043d\u0438\u044f: \u0414\u0410, \u0446\u0438\u0444\u0440\u043e\u0432\u043e\u0435<\/li>\n<li>\u0424\u043e\u0440\u043c\u0430\u0442 \u0441\u0436\u0430\u0442\u0438\u044f: AVI H.264<\/li>\n<li>Videoformat: AVI<\/li>\n<li>Systeme: \u201eiOS\u201d, \u201eAndroid\u201d, \u201eWindows\u201d<\/li>\n<li>App: vorhanden<\/li>\n<li>Stromversorgung: interner oder externer Akku; 5V-Stromanschluss<\/li>\n<li>Wi-Fi: vorhanden<\/li>\n<li><strong>\u0413\u0410\u0420\u0410\u041d\u0422\u0418\u042f 12 \u043c\u0435\u0441\u044f\u0446\u0435\u0432<\/strong><\/li>\n<\/ul>\n<p><span style=\"color: #d0121a;\"><\/span><\/p>\n<p><span style=\"color: #000000;\"><strong>Einsatzbereiche:<\/strong> F\u00fcr Ihre eigene Sicherheit und die Ihrer Kinder.<\/span><\/p>\n<p>Moderne getarnte Kameras lassen sich sehr einfach in das Interieur integrieren: Immer h\u00e4ufiger wird entschieden, sie in verschiedene Haushaltsgegenst\u00e4nde zu integrieren, sodass sich die Kamera ohne Probleme verstecken l\u00e4sst. Eine Wanduhr mit versteckter Kamera ist zweifellos eine der besten Optionen, da Sie eine solche Kamera nicht nur zu Hause, sondern auch im B\u00fcro einsetzen k\u00f6nnen. Verdeckte Aufnahmen k\u00f6nnen dabei helfen herauszufinden, was minderj\u00e4hrige Kinder zu Hause machen.<\/p>\n<p><strong>Hochwertige Videoaufnahmen<\/strong><\/p>\n<p>Die Wanduhr mit versteckter Kamera nimmt Bilder in HD 1920&#215;1080 px Aufl\u00f6sung auf, sodass Sie sicher sein k\u00f6nnen, dass es bei der Wiedergabe der Videoaufnahmen nicht schwierig sein wird, verschiedene Details zu erkennen. Die Wanduhr mit versteckter Kamera verf\u00fcgt nicht nur \u00fcber eine Video-, sondern auch \u00fcber eine Fotoaufnahmefunktion \u2013 Fotos werden in einer Aufl\u00f6sung von 1280&#215;720 px erstellt. Auch wenn es scheinen mag, dass eine Wanduhr nur den direkt vor ihr befindlichen Bereich aufzeichnen kann (in diesem Fall w\u00e4re es die gegen\u00fcberliegende Wand), ist das Objektiv der verdeckten Kamera in einem Winkel von 15 Grad nach unten gerichtet, was gew\u00e4hrleistet, dass die Videoaufnahmen korrekt aufgezeichnet werden. Der Blickwinkel des Objektivs betr\u00e4gt 120 Grad, sodass Sie sicher sein k\u00f6nnen, dass dies eine ordnungsgem\u00e4\u00dfe Erfassung des Geschehens erm\u00f6glicht.<\/p>\n<p><strong>Speicherkarte<\/strong><\/p>\n<p>Eine Stunde Aufnahme belegt auf der Speicherkarte etwa 360 MB, sodass Sie mit diesem Wissen den passenden Speicherkartentyp w\u00e4hlen k\u00f6nnen. Die verdeckte Kamera unterst\u00fctzt Speicherkarten mit einer Kapazit\u00e4t von 4\u2013128 GB (nicht im Lieferumfang enthalten).<\/p>\n<p><strong>Wiedergabe der Videoaufnahmen<\/strong><\/p>\n<p>Die Wanduhr mit versteckter Kamera verf\u00fcgt \u00fcber eine Wi-Fi-Funktion, sodass Sie mithilfe einer App die Videoaufnahmen in Echtzeit ansehen k\u00f6nnen (das Ger\u00e4t unterst\u00fctzt die Systeme \u201eiOS\u201d, \u201eAndroid\u201d, \u201eWindows\u201d und \u201eWindows 7 \/ 8 \/ 10\u201d). Au\u00dferdem haben Sie die M\u00f6glichkeit, die aufgezeichneten Bilder auf einen Computer zu \u00fcbertragen und sie sp\u00e4ter anzusehen. Praktisch ist auch, dass Sie bei Bewegungserkennung Benachrichtigungen erhalten, sodass Sie nicht st\u00e4ndig \u00fcberpr\u00fcfen m\u00fcssen, ob im Raum etwas passiert.<\/p>\n<p><strong>Akkulaufzeit im Bereitschaftsmodus<\/strong><\/p>\n<p>Nach dem Aufladen des Akkus betr\u00e4gt die Betriebsdauer der Wanduhr mit versteckter Kamera etwa drei Stunden. Wenn Sie der Meinung sind, dass diese Zeit f\u00fcr Ihre Aufnahmen nicht ausreicht, k\u00f6nnen Sie das Ger\u00e4t ausw\u00e4hlen, das\u2026<\/p>","protected":false},"excerpt":{"rendered":"<p>Technische Parameter: Fernbildansicht: JA Videoaufnahme mit Ton Objektiv: 15 Grad nach unten gerichtet (Sie sehen den Raum und nicht die gegen\u00fcberliegende Wand) Videoqualit\u00e4t: Live-Ansicht: HD&#8230;<\/p>","protected":false},"featured_media":26388,"template":"","meta":[],"etheme_brands":[],"product_brand":[],"product_cat":[204,203,205],"product_tag":[42,707,771,705,690,693],"class_list":{"0":"post-16477","1":"product","2":"type-product","3":"status-publish","4":"has-post-thumbnail","6":"product_cat-17-getarnte-kameras","7":"product_cat-12-versteckte-kameras","8":"product_cat-27-wlan-minikameras","9":"product_tag-kamera","10":"product_tag-kamera-uhr","11":"product_tag-lampenkamera","12":"product_tag-ueberwachungskamera","13":"product_tag-versteckte-kamera","14":"product_tag-wlan-kamera","15":"pa_typ-wanduhren","17":"first","18":"instock","19":"sale","20":"taxable","21":"shipping-taxable","22":"purchasable","23":"product-type-simple"},"yoast_head":"<!-- This site is optimized with the Yoast SEO Premium plugin v25.9 (Yoast SEO v27.4) - https:\/\/yoast.com\/product\/yoast-seo-premium-wordpress\/ -->\n<title>WLAN-Spionagekamera in Wanduhr mit Bewegungsmelder<\/title>\n<meta name=\"description\" content=\"Klassische Wanduhr mit versteckter WI FI Kamera. Bild in h\u00f6chster Qualit\u00e4t, Bewegungserkennung. \u00dcberwachen Sie das Bild von jedem Ort der Welt aus\" \/>\n<meta name=\"robots\" content=\"index, follow, max-snippet:-1, max-image-preview:large, max-video-preview:-1\" \/>\n<link rel=\"canonical\" href=\"https:\/\/www.ortungsgerate.de\/ru\/12-skrytyje-kamery\/27-wlan-mini-kamery\/nastennye-chasy-so-skrytoy-wi-fi-kameroy-nablyudenie-v-realnom-vremeni-cherez-internet\/\" \/>\n<meta property=\"og:locale\" content=\"ru_RU\" \/>\n<meta property=\"og:type\" content=\"article\" \/>\n<meta property=\"og:title\" content=\"Wanduhr mit versteckter Wi\u2011Fi Kamera | live \u00fcber das Internet \u00fcberwachen |\" \/>\n<meta property=\"og:description\" content=\"Klassische Wanduhr mit versteckter WI FI Kamera. Bild in h\u00f6chster Qualit\u00e4t, Bewegungserkennung. \u00dcberwachen Sie das Bild von jedem Ort der Welt aus\" \/>\n<meta property=\"og:url\" content=\"https:\/\/www.ortungsgerate.de\/ru\/12-skrytyje-kamery\/27-wlan-mini-kamery\/nastennye-chasy-so-skrytoy-wi-fi-kameroy-nablyudenie-v-realnom-vremeni-cherez-internet\/\" \/>\n<meta property=\"og:site_name\" content=\"Ortungsger\u00e4te.de\" \/>\n<meta property=\"article:modified_time\" content=\"2025-12-01T10:26:01+00:00\" \/>\n<meta property=\"og:image\" content=\"https:\/\/www.ortungsgerate.de\/wp-content\/uploads\/juodas-sieninis-laikrodis-su-slapta-kamera.jpg\" \/>\n\t<meta property=\"og:image:width\" content=\"458\" \/>\n\t<meta property=\"og:image:height\" content=\"458\" \/>\n\t<meta property=\"og:image:type\" content=\"image\/jpeg\" \/>\n<meta name=\"twitter:card\" content=\"summary_large_image\" \/>\n<meta name=\"twitter:label1\" content=\"\u041f\u0440\u0438\u043c\u0435\u0440\u043d\u043e\u0435 \u0432\u0440\u0435\u043c\u044f \u0434\u043b\u044f \u0447\u0442\u0435\u043d\u0438\u044f\" \/>\n\t<meta name=\"twitter:data1\" content=\"3 \u043c\u0438\u043d\u0443\u0442\u044b\" \/>\n<script type=\"application\/ld+json\" class=\"yoast-schema-graph\">{\"@context\":\"https:\\\/\\\/schema.org\",\"@graph\":[{\"@type\":\"WebPage\",\"@id\":\"https:\\\/\\\/www.ortungsgerate.de\\\/12-versteckte-kameras\\\/27-wlan-minikameras\\\/wanduhr-mit-versteckter-wi%e2%80%91fi-kamera-live-ueber-das-internet-ueberwachen\\\/\",\"url\":\"https:\\\/\\\/www.ortungsgerate.de\\\/12-versteckte-kameras\\\/27-wlan-minikameras\\\/wanduhr-mit-versteckter-wi%e2%80%91fi-kamera-live-ueber-das-internet-ueberwachen\\\/\",\"name\":\"WLAN-Spionagekamera in Wanduhr mit Bewegungsmelder\",\"isPartOf\":{\"@id\":\"https:\\\/\\\/www.ortungsgerate.de\\\/#website\"},\"primaryImageOfPage\":{\"@id\":\"https:\\\/\\\/www.ortungsgerate.de\\\/12-versteckte-kameras\\\/27-wlan-minikameras\\\/wanduhr-mit-versteckter-wi%e2%80%91fi-kamera-live-ueber-das-internet-ueberwachen\\\/#primaryimage\"},\"image\":{\"@id\":\"https:\\\/\\\/www.ortungsgerate.de\\\/12-versteckte-kameras\\\/27-wlan-minikameras\\\/wanduhr-mit-versteckter-wi%e2%80%91fi-kamera-live-ueber-das-internet-ueberwachen\\\/#primaryimage\"},\"thumbnailUrl\":\"https:\\\/\\\/www.ortungsgerate.de\\\/wp-content\\\/uploads\\\/juodas-sieninis-laikrodis-su-slapta-kamera.jpg\",\"datePublished\":\"2024-02-06T19:36:37+00:00\",\"dateModified\":\"2025-12-01T10:26:01+00:00\",\"description\":\"Klassische Wanduhr mit versteckter WI FI Kamera. Bild in h\u00f6chster Qualit\u00e4t, Bewegungserkennung. \u00dcberwachen Sie das Bild von jedem Ort der Welt aus\",\"breadcrumb\":{\"@id\":\"https:\\\/\\\/www.ortungsgerate.de\\\/12-versteckte-kameras\\\/27-wlan-minikameras\\\/wanduhr-mit-versteckter-wi%e2%80%91fi-kamera-live-ueber-das-internet-ueberwachen\\\/#breadcrumb\"},\"inLanguage\":\"ru-RU\",\"potentialAction\":[{\"@type\":\"ReadAction\",\"target\":[\"https:\\\/\\\/www.ortungsgerate.de\\\/12-versteckte-kameras\\\/27-wlan-minikameras\\\/wanduhr-mit-versteckter-wi%e2%80%91fi-kamera-live-ueber-das-internet-ueberwachen\\\/\"]}]},{\"@type\":\"ImageObject\",\"inLanguage\":\"ru-RU\",\"@id\":\"https:\\\/\\\/www.ortungsgerate.de\\\/12-versteckte-kameras\\\/27-wlan-minikameras\\\/wanduhr-mit-versteckter-wi%e2%80%91fi-kamera-live-ueber-das-internet-ueberwachen\\\/#primaryimage\",\"url\":\"https:\\\/\\\/www.ortungsgerate.de\\\/wp-content\\\/uploads\\\/juodas-sieninis-laikrodis-su-slapta-kamera.jpg\",\"contentUrl\":\"https:\\\/\\\/www.ortungsgerate.de\\\/wp-content\\\/uploads\\\/juodas-sieninis-laikrodis-su-slapta-kamera.jpg\",\"width\":458,\"height\":458,\"caption\":\"schwarze Wanduhr mit versteckter Kamera\"},{\"@type\":\"BreadcrumbList\",\"@id\":\"https:\\\/\\\/www.ortungsgerate.de\\\/12-versteckte-kameras\\\/27-wlan-minikameras\\\/wanduhr-mit-versteckter-wi%e2%80%91fi-kamera-live-ueber-das-internet-ueberwachen\\\/#breadcrumb\",\"itemListElement\":[{\"@type\":\"ListItem\",\"position\":1,\"name\":\"Startseite\",\"item\":\"https:\\\/\\\/www.ortungsgerate.de\\\/\"},{\"@type\":\"ListItem\",\"position\":2,\"name\":\"Shop\",\"item\":\"https:\\\/\\\/www.ortungsgerate.de\\\/shop\\\/\"},{\"@type\":\"ListItem\",\"position\":3,\"name\":\"Wanduhr mit versteckter Wi\u2011Fi Kamera | live \u00fcber das Internet \u00fcberwachen |\"}]},{\"@type\":\"WebSite\",\"@id\":\"https:\\\/\\\/www.ortungsgerate.de\\\/#website\",\"url\":\"https:\\\/\\\/www.ortungsgerate.de\\\/\",\"name\":\"Ortungsgerate.de\",\"description\":\"\",\"publisher\":{\"@id\":\"https:\\\/\\\/www.ortungsgerate.de\\\/#organization\"},\"potentialAction\":[{\"@type\":\"SearchAction\",\"target\":{\"@type\":\"EntryPoint\",\"urlTemplate\":\"https:\\\/\\\/www.ortungsgerate.de\\\/?s={search_term_string}\"},\"query-input\":{\"@type\":\"PropertyValueSpecification\",\"valueRequired\":true,\"valueName\":\"search_term_string\"}}],\"inLanguage\":\"ru-RU\"},{\"@type\":\"Organization\",\"@id\":\"https:\\\/\\\/www.ortungsgerate.de\\\/#organization\",\"name\":\"Ortungsgerate.de\",\"url\":\"https:\\\/\\\/www.ortungsgerate.de\\\/\",\"logo\":{\"@type\":\"ImageObject\",\"inLanguage\":\"ru-RU\",\"@id\":\"https:\\\/\\\/www.ortungsgerate.de\\\/#\\\/schema\\\/logo\\\/image\\\/\",\"url\":\"https:\\\/\\\/www.ortungsgerate.de\\\/wp-content\\\/uploads\\\/ortungsgerate.png\",\"contentUrl\":\"https:\\\/\\\/www.ortungsgerate.de\\\/wp-content\\\/uploads\\\/ortungsgerate.png\",\"width\":500,\"height\":135,\"caption\":\"Ortungsgerate.de\"},\"image\":{\"@id\":\"https:\\\/\\\/www.ortungsgerate.de\\\/#\\\/schema\\\/logo\\\/image\\\/\"}}]}<\/script>\n<!-- \/ Yoast SEO Premium plugin. -->","yoast_head_json":{"title":"WLAN-Spionagekamera in Wanduhr mit Bewegungsmelder","description":"Klassische Wanduhr mit versteckter WI FI Kamera. Bild in h\u00f6chster Qualit\u00e4t, Bewegungserkennung. \u00dcberwachen Sie das Bild von jedem Ort der Welt aus","robots":{"index":"index","follow":"follow","max-snippet":"max-snippet:-1","max-image-preview":"max-image-preview:large","max-video-preview":"max-video-preview:-1"},"canonical":"https:\/\/www.ortungsgerate.de\/ru\/12-skrytyje-kamery\/27-wlan-mini-kamery\/nastennye-chasy-so-skrytoy-wi-fi-kameroy-nablyudenie-v-realnom-vremeni-cherez-internet\/","og_locale":"ru_RU","og_type":"article","og_title":"Wanduhr mit versteckter Wi\u2011Fi Kamera | live \u00fcber das Internet \u00fcberwachen |","og_description":"Klassische Wanduhr mit versteckter WI FI Kamera. Bild in h\u00f6chster Qualit\u00e4t, Bewegungserkennung. \u00dcberwachen Sie das Bild von jedem Ort der Welt aus","og_url":"https:\/\/www.ortungsgerate.de\/ru\/12-skrytyje-kamery\/27-wlan-mini-kamery\/nastennye-chasy-so-skrytoy-wi-fi-kameroy-nablyudenie-v-realnom-vremeni-cherez-internet\/","og_site_name":"Ortungsger\u00e4te.de","article_modified_time":"2025-12-01T10:26:01+00:00","og_image":[{"width":458,"height":458,"url":"https:\/\/www.ortungsgerate.de\/wp-content\/uploads\/juodas-sieninis-laikrodis-su-slapta-kamera.jpg","type":"image\/jpeg"}],"twitter_card":"summary_large_image","twitter_misc":{"\u041f\u0440\u0438\u043c\u0435\u0440\u043d\u043e\u0435 \u0432\u0440\u0435\u043c\u044f \u0434\u043b\u044f \u0447\u0442\u0435\u043d\u0438\u044f":"3 \u043c\u0438\u043d\u0443\u0442\u044b"},"schema":{"@context":"https:\/\/schema.org","@graph":[{"@type":"WebPage","@id":"https:\/\/www.ortungsgerate.de\/12-versteckte-kameras\/27-wlan-minikameras\/wanduhr-mit-versteckter-wi%e2%80%91fi-kamera-live-ueber-das-internet-ueberwachen\/","url":"https:\/\/www.ortungsgerate.de\/12-versteckte-kameras\/27-wlan-minikameras\/wanduhr-mit-versteckter-wi%e2%80%91fi-kamera-live-ueber-das-internet-ueberwachen\/","name":"WLAN-Spionagekamera in Wanduhr mit Bewegungsmelder","isPartOf":{"@id":"https:\/\/www.ortungsgerate.de\/#website"},"primaryImageOfPage":{"@id":"https:\/\/www.ortungsgerate.de\/12-versteckte-kameras\/27-wlan-minikameras\/wanduhr-mit-versteckter-wi%e2%80%91fi-kamera-live-ueber-das-internet-ueberwachen\/#primaryimage"},"image":{"@id":"https:\/\/www.ortungsgerate.de\/12-versteckte-kameras\/27-wlan-minikameras\/wanduhr-mit-versteckter-wi%e2%80%91fi-kamera-live-ueber-das-internet-ueberwachen\/#primaryimage"},"thumbnailUrl":"https:\/\/www.ortungsgerate.de\/wp-content\/uploads\/juodas-sieninis-laikrodis-su-slapta-kamera.jpg","datePublished":"2024-02-06T19:36:37+00:00","dateModified":"2025-12-01T10:26:01+00:00","description":"Klassische Wanduhr mit versteckter WI FI Kamera. Bild in h\u00f6chster Qualit\u00e4t, Bewegungserkennung. \u00dcberwachen Sie das Bild von jedem Ort der Welt aus","breadcrumb":{"@id":"https:\/\/www.ortungsgerate.de\/12-versteckte-kameras\/27-wlan-minikameras\/wanduhr-mit-versteckter-wi%e2%80%91fi-kamera-live-ueber-das-internet-ueberwachen\/#breadcrumb"},"inLanguage":"ru-RU","potentialAction":[{"@type":"ReadAction","target":["https:\/\/www.ortungsgerate.de\/12-versteckte-kameras\/27-wlan-minikameras\/wanduhr-mit-versteckter-wi%e2%80%91fi-kamera-live-ueber-das-internet-ueberwachen\/"]}]},{"@type":"ImageObject","inLanguage":"ru-RU","@id":"https:\/\/www.ortungsgerate.de\/12-versteckte-kameras\/27-wlan-minikameras\/wanduhr-mit-versteckter-wi%e2%80%91fi-kamera-live-ueber-das-internet-ueberwachen\/#primaryimage","url":"https:\/\/www.ortungsgerate.de\/wp-content\/uploads\/juodas-sieninis-laikrodis-su-slapta-kamera.jpg","contentUrl":"https:\/\/www.ortungsgerate.de\/wp-content\/uploads\/juodas-sieninis-laikrodis-su-slapta-kamera.jpg","width":458,"height":458,"caption":"schwarze Wanduhr mit versteckter Kamera"},{"@type":"BreadcrumbList","@id":"https:\/\/www.ortungsgerate.de\/12-versteckte-kameras\/27-wlan-minikameras\/wanduhr-mit-versteckter-wi%e2%80%91fi-kamera-live-ueber-das-internet-ueberwachen\/#breadcrumb","itemListElement":[{"@type":"ListItem","position":1,"name":"Startseite","item":"https:\/\/www.ortungsgerate.de\/"},{"@type":"ListItem","position":2,"name":"Shop","item":"https:\/\/www.ortungsgerate.de\/shop\/"},{"@type":"ListItem","position":3,"name":"Wanduhr mit versteckter Wi\u2011Fi Kamera | live \u00fcber das Internet \u00fcberwachen |"}]},{"@type":"WebSite","@id":"https:\/\/www.ortungsgerate.de\/#website","url":"https:\/\/www.ortungsgerate.de\/","name":"Ortungsgerate.de","description":"","publisher":{"@id":"https:\/\/www.ortungsgerate.de\/#organization"},"potentialAction":[{"@type":"SearchAction","target":{"@type":"EntryPoint","urlTemplate":"https:\/\/www.ortungsgerate.de\/?s={search_term_string}"},"query-input":{"@type":"PropertyValueSpecification","valueRequired":true,"valueName":"search_term_string"}}],"inLanguage":"ru-RU"},{"@type":"Organization","@id":"https:\/\/www.ortungsgerate.de\/#organization","name":"Ortungsgerate.de","url":"https:\/\/www.ortungsgerate.de\/","logo":{"@type":"ImageObject","inLanguage":"ru-RU","@id":"https:\/\/www.ortungsgerate.de\/#\/schema\/logo\/image\/","url":"https:\/\/www.ortungsgerate.de\/wp-content\/uploads\/ortungsgerate.png","contentUrl":"https:\/\/www.ortungsgerate.de\/wp-content\/uploads\/ortungsgerate.png","width":500,"height":135,"caption":"Ortungsgerate.de"},"image":{"@id":"https:\/\/www.ortungsgerate.de\/#\/schema\/logo\/image\/"}}]}},"_links":{"self":[{"href":"https:\/\/www.ortungsgerate.de\/ru\/wp-json\/wp\/v2\/product\/16477","targetHints":{"allow":["GET"]}}],"collection":[{"href":"https:\/\/www.ortungsgerate.de\/ru\/wp-json\/wp\/v2\/product"}],"about":[{"href":"https:\/\/www.ortungsgerate.de\/ru\/wp-json\/wp\/v2\/types\/product"}],"version-history":[{"count":0,"href":"https:\/\/www.ortungsgerate.de\/ru\/wp-json\/wp\/v2\/product\/16477\/revisions"}],"wp:featuredmedia":[{"embeddable":true,"href":"https:\/\/www.ortungsgerate.de\/ru\/wp-json\/wp\/v2\/media\/26388"}],"wp:attachment":[{"href":"https:\/\/www.ortungsgerate.de\/ru\/wp-json\/wp\/v2\/media?parent=16477"}],"wp:term":[{"taxonomy":"brand","embeddable":true,"href":"https:\/\/www.ortungsgerate.de\/ru\/wp-json\/wp\/v2\/etheme_brands?post=16477"},{"taxonomy":"product_brand","embeddable":true,"href":"https:\/\/www.ortungsgerate.de\/ru\/wp-json\/wp\/v2\/product_brand?post=16477"},{"taxonomy":"product_cat","embeddable":true,"href":"https:\/\/www.ortungsgerate.de\/ru\/wp-json\/wp\/v2\/product_cat?post=16477"},{"taxonomy":"product_tag","embeddable":true,"href":"https:\/\/www.ortungsgerate.de\/ru\/wp-json\/wp\/v2\/product_tag?post=16477"}],"curies":[{"name":"wp","href":"https:\/\/api.w.org\/{rel}","templated":true}]}}