{"id":16478,"date":"2024-02-06T21:36:22","date_gmt":"2024-02-06T19:36:22","guid":{"rendered":"https:\/\/ortungsgerate.de\/be-kategorijos\/slapta-kamera-wifi-full-hd-130-laipsniu-filmavimo-kampas\/"},"modified":"2025-11-26T19:01:36","modified_gmt":"2025-11-26T17:01:36","slug":"skrytaya-kamera-wifi-full-hd-130-gradusov-ugol-obzora","status":"publish","type":"product","link":"https:\/\/www.ortungsgerate.de\/ru\/12-skrytyje-kamery\/17-zamaskirovanyje-kamery\/skrytaya-kamera-wifi-full-hd-130-gradusov-ugol-obzora\/","title":{"rendered":"\u0421\u043a\u0440\u044b\u0442\u0430\u044f \u043a\u0430\u043c\u0435\u0440\u0430 WiFi Full HD 130 \u0433\u0440\u0430\u0434\u0443\u0441\u043e\u0432 \u0443\u0433\u043e\u043b \u043e\u0431\u0437\u043e\u0440\u0430"},"content":{"rendered":"<h3><strong>\u0422\u0435\u0445\u043d\u0438\u0447\u0435\u0441\u043a\u0438\u0435 \u043f\u0430\u0440\u0430\u043c\u0435\u0442\u0440\u044b:<\/strong><\/h3>\n<ul>\n<li>\u0412\u043e\u0437\u043c\u043e\u0436\u043d\u043e\u0441\u0442\u044c \u043e\u043d\u043b\u0430\u0439\u043d-\u043c\u043e\u043d\u0438\u0442\u043e\u0440\u0438\u043d\u0433\u0430 \u0447\u0435\u0440\u0435\u0437 \u0418\u043d\u0442\u0435\u0440\u043d\u0435\u0442: \u0414\u0410<\/li>\n<li>\u041a\u0430\u0447\u0435\u0441\u0442\u0432\u043e \u0432\u0438\u0434\u0435\u043e: FULL HD 1080P, \u0437\u0430\u043f\u0438\u0441\u044c: HD 720P, 640 x 480, 320 x 240<\/li>\n<li>\u0412\u043e\u0441\u043f\u0440\u043e\u0438\u0437\u0432\u0435\u0434\u0435\u043d\u0438\u0435 \u0432\u0438\u0434\u0435\u043e\u043c\u0430\u0442\u0435\u0440\u0438\u0430\u043b\u0430: \u043d\u0430 \u0442\u0435\u043b\u0435\u0444\u043e\u043d\u0435, \u043a\u043e\u043c\u043f\u044c\u044e\u0442\u0435\u0440\u0435, \u043f\u043b\u0430\u043d\u0448\u0435\u0442\u0435<\/li>\n<li>\u0412\u0440\u0435\u043c\u044f \u0440\u0430\u0431\u043e\u0442\u044b \u0430\u043a\u043a\u0443\u043c\u0443\u043b\u044f\u0442\u043e\u0440\u0430: \u043e\u043a\u043e\u043b\u043e 3\u20134 \u0447\u0430\u0441\u043e\u0432<\/li>\n<li>\u0424\u0443\u043d\u043a\u0446\u0438\u044f \u043d\u043e\u0447\u043d\u043e\u0439 \u0441\u044a\u0435\u043c\u043a\u0438: \u041d\u0415\u0422<\/li>\n<li>\u0420\u0435\u0436\u0438\u043c \u043e\u0431\u043d\u0430\u0440\u0443\u0436\u0435\u043d\u0438\u044f \u0434\u0432\u0438\u0436\u0435\u043d\u0438\u044f: \u0414\u0410 (\u0446\u0438\u0444\u0440\u043e\u0432\u043e\u0439)<\/li>\n<li>\u0423\u0433\u043e\u043b \u043e\u0431\u0437\u043e\u0440\u0430: 130 \u00b0<\/li>\n<li>\u041f\u043e\u0434\u0434\u0435\u0440\u0436\u0438\u0432\u0430\u0435\u043c\u0430\u044f \u043a\u0430\u0440\u0442\u0430 \u043f\u0430\u043c\u044f\u0442\u0438: 8\u201332 \u0413\u0411 (\u043a\u0430\u0440\u0442\u0430 \u043d\u0435 \u0432\u0445\u043e\u0434\u0438\u0442 \u0432 \u043a\u043e\u043c\u043f\u043b\u0435\u043a\u0442)<\/li>\n<li>\u0424\u043e\u0440\u043c\u0430\u0442 \u0441\u0436\u0430\u0442\u0438\u044f: AVI H.264<\/li>\n<li>\u041f\u043e\u0434\u0434\u0435\u0440\u0436\u0438\u0432\u0430\u0435\u043c\u044b\u0435 \u0441\u0438\u0441\u0442\u0435\u043c\u044b: iOS, Android, Windows (Windows 7, Windows 8, Windows 10)<\/li>\n<li>\u041f\u0440\u0438\u043b\u043e\u0436\u0435\u043d\u0438\u044f \u0434\u043b\u044f LIVE-\u041e\u041d\u041b\u0410\u0419\u041d-\u043c\u043e\u043d\u0438\u0442\u043e\u0440\u0438\u043d\u0433\u0430: \u201eProiCam\u201c, \u201eP2PliveCam\u201c<\/li>\n<li>\u041f\u0438\u0442\u0430\u043d\u0438\u0435: \u043e\u0442 \u0430\u043a\u043a\u0443\u043c\u0443\u043b\u044f\u0442\u043e\u0440\u0430 \u0438\u043b\u0438 \u0440\u043e\u0437\u0435\u0442\u043a\u0438 (5 \u0412)<\/li>\n<li>Wi-Fi-Schnittstelle: IEEE802.11 b \/ g \/ n<\/li>\n<li>Akkukapazit\u00e4t: 4000 mAh<\/li>\n<li>\u0414\u043b\u0438\u043d\u0430 \u043a\u0430\u0431\u0435\u043b\u044f \u043a\u0430\u043c\u0435\u0440\u044b: 10 \u0441\u043c<\/li>\n<li>\u0420\u0430\u0437\u043c\u0435\u0440\u044b \u043a\u043e\u0440\u043f\u0443\u0441\u0430: 50 \u043c\u043c x 32 \u043c\u043c x 12 \u043c\u043c<\/li>\n<li>\u0423\u043f\u0440\u0430\u0432\u043b\u0435\u043d\u0438\u0435 \u0437\u0430\u043f\u0438\u0441\u044c\u044e: \u0441 \u043b\u044e\u0431\u043e\u0433\u043e \u0441\u043c\u0430\u0440\u0442-\u0443\u0441\u0442\u0440\u043e\u0439\u0441\u0442\u0432\u0430 (\u0442\u0435\u043b\u0435\u0444\u043e\u043d, \u043a\u043e\u043c\u043f\u044c\u044e\u0442\u0435\u0440 \u0438\u043b\u0438 \u043f\u043b\u0430\u043d\u0448\u0435\u0442).<\/li>\n<li><strong>\u0413\u0410\u0420\u0410\u041d\u0422\u0418\u042f 12 \u043c\u0435\u0441\u044f\u0446\u0435\u0432<\/strong><\/li>\n<\/ul>\n<p><span style=\"color: #d0121a\"><\/span><\/p>\n<p>\u042d\u0442\u0430 \u043a\u0430\u043c\u0435\u0440\u0430 \u0438\u0441\u043f\u043e\u043b\u044c\u0437\u0443\u0435\u0442\u0441\u044f \u0434\u043b\u044f \u0441\u043e\u0431\u0441\u0442\u0432\u0435\u043d\u043d\u043e\u0439 \u0431\u0435\u0437\u043e\u043f\u0430\u0441\u043d\u043e\u0441\u0442\u0438 \u0438 \u0437\u0430\u0449\u0438\u0442\u044b \u0434\u0435\u0442\u0435\u0439<\/p>\n<div class=\"iframe-container\"><\/div>\n<div class=\"iframe-container\">\n<p><strong>\u0421\u043a\u0440\u044b\u0442\u0430\u044f \u043a\u0430\u043c\u0435\u0440\u0430 WiFi Full HD \u0441 \u0443\u0433\u043b\u043e\u043c \u043e\u0431\u0437\u043e\u0440\u0430 130 \u0433\u0440\u0430\u0434\u0443\u0441\u043e\u0432<\/strong><\/p>\n<p>\u0412\u043e\u0437\u043c\u043e\u0436\u043d\u043e\u0441\u0442\u0438 \u0438\u0441\u043f\u043e\u043b\u044c\u0437\u043e\u0432\u0430\u043d\u0438\u044f \u0434\u0435\u0439\u0441\u0442\u0432\u0438\u0442\u0435\u043b\u044c\u043d\u043e \u0440\u0430\u0437\u043d\u043e\u043e\u0431\u0440\u0430\u0437\u043d\u044b, \u043f\u043e\u044d\u0442\u043e\u043c\u0443 \u0442\u0430\u043a\u043e\u0435 \u0443\u0441\u0442\u0440\u043e\u0439\u0441\u0442\u0432\u043e \u043c\u043e\u0436\u0435\u0442 \u0431\u044b\u0442\u044c \u043f\u043e\u043b\u0435\u0437\u043d\u044b\u043c \u0432 \u0441\u0430\u043c\u044b\u0445 \u0440\u0430\u0437\u043d\u044b\u0445 \u0441\u0438\u0442\u0443\u0430\u0446\u0438\u044f\u0445. \u041f\u0440\u0435\u0438\u043c\u0443\u0449\u0435\u0441\u0442\u0432\u043e \u0432 \u0442\u043e\u043c, \u0447\u0442\u043e \u0432 \u043d\u0430\u0448\u0435 \u0432\u0440\u0435\u043c\u044f \u043c\u043e\u0436\u043d\u043e \u043f\u0440\u0438\u043e\u0431\u0440\u0435\u0441\u0442\u0438 \u043a\u0430\u0447\u0435\u0441\u0442\u0432\u0435\u043d\u043d\u044b\u0435 \u043a\u0430\u043c\u0435\u0440\u044b \u043d\u0430 \u0434\u0435\u0439\u0441\u0442\u0432\u0438\u0442\u0435\u043b\u044c\u043d\u043e \u0432\u044b\u0433\u043e\u0434\u043d\u044b\u0445 \u0443\u0441\u043b\u043e\u0432\u0438\u044f\u0445. \u041f\u043e\u044d\u0442\u043e\u043c\u0443, \u0435\u0441\u043b\u0438 \u0432\u044b \u0445\u043e\u0442\u0438\u0442\u0435 \u0440\u0430\u0437\u0432\u0435\u044f\u0442\u044c \u0441\u043e\u043c\u043d\u0435\u043d\u0438\u044f \u0438\u043b\u0438 \u043f\u0440\u043e\u0441\u0442\u043e \u0437\u0430\u0449\u0438\u0442\u0438\u0442\u044c \u0441\u0435\u0431\u044f \u043e\u0442 \u043e\u043f\u0440\u0435\u0434\u0435\u043b\u0435\u043d\u043d\u044b\u0445 \u043d\u0435\u0434\u043e\u0431\u0440\u043e\u0441\u043e\u0432\u0435\u0441\u0442\u043d\u044b\u0445 \u0434\u0435\u0439\u0441\u0442\u0432\u0438\u0439, \u0442\u0430\u043a\u043e\u0439 \u0432\u044b\u0431\u043e\u0440 \u043c\u043e\u0436\u0435\u0442 \u0431\u044b\u0442\u044c \u0434\u0435\u0439\u0441\u0442\u0432\u0438\u0442\u0435\u043b\u044c\u043d\u043e \u0440\u0430\u0437\u0443\u043c\u043d\u044b\u043c.<\/p>\n<p>\u0425\u043e\u0442\u044f \u044d\u0442\u0430 \u043a\u0430\u043c\u0435\u0440\u0430 \u043e\u0447\u0435\u043d\u044c \u043c\u0430\u043b\u0435\u043d\u044c\u043a\u0430\u044f, \u0437\u0430\u043f\u0438\u0441\u0430\u043d\u043d\u043e\u0435 \u0438\u0437\u043e\u0431\u0440\u0430\u0436\u0435\u043d\u0438\u0435 \u0432\u0441\u0435 \u0436\u0435 \u043e\u0447\u0435\u043d\u044c \u0432\u044b\u0441\u043e\u043a\u043e\u0433\u043e \u043a\u0430\u0447\u0435\u0441\u0442\u0432\u0430. \u0415\u0441\u0442\u044c \u0432\u043e\u0437\u043c\u043e\u0436\u043d\u043e\u0441\u0442\u044c \u0437\u0430\u043f\u0438\u0441\u044b\u0432\u0430\u0442\u044c \u0432\u0438\u0434\u0435\u043e \u0432 \u043d\u0443\u0436\u043d\u043e\u043c \u0444\u043e\u0440\u043c\u0430\u0442\u0435: 1080\u00d7920 (\u0447\u0435\u043c \u043c\u0435\u043d\u044c\u0448\u0435 \u0438\u0437\u043e\u0431\u0440\u0430\u0436\u0435\u043d\u0438\u0435, \u0442\u0435\u043c \u0431\u043e\u043b\u044c\u0448\u0435 \u0437\u0430\u043f\u0438\u0441\u0435\u0439 \u043f\u043e\u043c\u0435\u0441\u0442\u0438\u0442\u0441\u044f \u043d\u0430 \u043a\u0430\u0440\u0442\u0443 \u043f\u0430\u043c\u044f\u0442\u0438). \u0412\u044b \u043c\u043e\u0436\u0435\u0442\u0435 \u0432\u044b\u0431\u0440\u0430\u0442\u044c \u043a\u0430\u0440\u0442\u0443 \u043f\u0430\u043c\u044f\u0442\u0438 \u043e\u0442 8 \u0434\u043e 32 \u0433\u0438\u0433\u0430\u0431\u0430\u0439\u0442 (\u043d\u0435 \u0432\u0445\u043e\u0434\u0438\u0442 \u0432 \u043a\u043e\u043c\u043f\u043b\u0435\u043a\u0442), \u0430 \u043f\u0438\u0442\u0430\u043d\u0438\u0435 \u043a\u0430\u043c\u0435\u0440\u044b \u043c\u043e\u0436\u0435\u0442 \u043e\u0441\u0443\u0449\u0435\u0441\u0442\u0432\u043b\u044f\u0442\u044c\u0441\u044f \u043e\u0442 \u0440\u043e\u0437\u0435\u0442\u043a\u0438 \u0438\u043b\u0438 \u0430\u043a\u043a\u0443\u043c\u0443\u043b\u044f\u0442\u043e\u0440\u0430 (\u0435\u043c\u043a\u043e\u0441\u0442\u044c \u0430\u043a\u043a\u0443\u043c\u0443\u043b\u044f\u0442\u043e\u0440\u0430 \u2013 4000 \u043c\u0410\u0447).<\/p>\n<\/div>","protected":false},"excerpt":{"rendered":"<p>Technische Parameter: M\u00f6glichkeit der Live-\u00dcberwachung \u00fcber das Internet: JA Videoqualit\u00e4t: FULL HD 1080P, Aufnahme: HD 720P, 640 x 480, 320 x 240 Wiedergabe des Videomaterials:&#8230;<\/p>","protected":false},"featured_media":26390,"template":"","meta":[],"etheme_brands":[],"product_brand":[],"product_cat":[204,203,205],"product_tag":[783,705,781,690,691,693],"class_list":{"0":"post-16478","1":"product","2":"type-product","3":"status-publish","4":"has-post-thumbnail","6":"product_cat-17-getarnte-kameras","7":"product_cat-12-versteckte-kameras","8":"product_cat-27-wlan-minikameras","9":"product_tag-schlupfloecher-ueberwachungskameras","10":"product_tag-ueberwachungskamera","11":"product_tag-ueberwachungskameras","12":"product_tag-versteckte-kamera","13":"product_tag-versteckte-ueberwachungskamera","14":"product_tag-wlan-kamera","15":"pa_typ-mini-kameras","17":"first","18":"instock","19":"sale","20":"taxable","21":"shipping-taxable","22":"purchasable","23":"product-type-simple"},"yoast_head":"<!-- This site is optimized with the Yoast SEO Premium plugin v25.9 (Yoast SEO v27.4) - https:\/\/yoast.com\/product\/yoast-seo-premium-wordpress\/ -->\n<title>Mini Spionagekamera WiFi Full HD 130 Grad Aufnahmewinkel<\/title>\n<meta name=\"description\" content=\"Mini Spionagekamera WiFi Full HD 130 Grad Aufnahmewinkel Mit dieser Kamera k\u00f6nnen Sie sie leicht zwischen Gegenst\u00e4nden in einem Buch, Spielzeug oder anderen Objekten verbergen. Besonders hohe Qualit\u00e4t\" \/>\n<meta name=\"robots\" content=\"index, follow, max-snippet:-1, max-image-preview:large, max-video-preview:-1\" \/>\n<link rel=\"canonical\" href=\"https:\/\/www.ortungsgerate.de\/ru\/12-skrytyje-kamery\/27-wlan-mini-kamery\/skrytaya-kamera-wifi-full-hd-130-gradusov-ugol-obzora\/\" \/>\n<meta property=\"og:locale\" content=\"ru_RU\" \/>\n<meta property=\"og:type\" content=\"article\" \/>\n<meta property=\"og:title\" content=\"Versteckte Kamera WiFi Full HD 130 Grad Aufnahmewinkel\" \/>\n<meta property=\"og:description\" content=\"Mini Spionagekamera WiFi Full HD 130 Grad Aufnahmewinkel Mit dieser Kamera k\u00f6nnen Sie sie leicht zwischen Gegenst\u00e4nden in einem Buch, Spielzeug oder anderen Objekten verbergen. Besonders hohe Qualit\u00e4t\" \/>\n<meta property=\"og:url\" content=\"https:\/\/www.ortungsgerate.de\/ru\/12-skrytyje-kamery\/27-wlan-mini-kamery\/skrytaya-kamera-wifi-full-hd-130-gradusov-ugol-obzora\/\" \/>\n<meta property=\"og:site_name\" content=\"Ortungsger\u00e4te.de\" \/>\n<meta property=\"article:modified_time\" content=\"2025-11-26T17:01:36+00:00\" \/>\n<meta property=\"og:image\" content=\"https:\/\/www.ortungsgerate.de\/wp-content\/uploads\/mini-kamera-slapta-kamera.jpg\" \/>\n\t<meta property=\"og:image:width\" content=\"445\" \/>\n\t<meta property=\"og:image:height\" content=\"618\" \/>\n\t<meta property=\"og:image:type\" content=\"image\/jpeg\" \/>\n<meta name=\"twitter:card\" content=\"summary_large_image\" \/>\n<meta name=\"twitter:label1\" content=\"\u041f\u0440\u0438\u043c\u0435\u0440\u043d\u043e\u0435 \u0432\u0440\u0435\u043c\u044f \u0434\u043b\u044f \u0447\u0442\u0435\u043d\u0438\u044f\" \/>\n\t<meta name=\"twitter:data1\" content=\"2 \u043c\u0438\u043d\u0443\u0442\u044b\" \/>\n<script type=\"application\/ld+json\" class=\"yoast-schema-graph\">{\"@context\":\"https:\\\/\\\/schema.org\",\"@graph\":[{\"@type\":\"WebPage\",\"@id\":\"https:\\\/\\\/www.ortungsgerate.de\\\/12-versteckte-kameras\\\/27-wlan-minikameras\\\/versteckte-kamera-wifi-full-hd-130-grad-aufnahmewinkel\\\/\",\"url\":\"https:\\\/\\\/www.ortungsgerate.de\\\/12-versteckte-kameras\\\/27-wlan-minikameras\\\/versteckte-kamera-wifi-full-hd-130-grad-aufnahmewinkel\\\/\",\"name\":\"Mini Spionagekamera WiFi Full HD 130 Grad Aufnahmewinkel\",\"isPartOf\":{\"@id\":\"https:\\\/\\\/www.ortungsgerate.de\\\/#website\"},\"primaryImageOfPage\":{\"@id\":\"https:\\\/\\\/www.ortungsgerate.de\\\/12-versteckte-kameras\\\/27-wlan-minikameras\\\/versteckte-kamera-wifi-full-hd-130-grad-aufnahmewinkel\\\/#primaryimage\"},\"image\":{\"@id\":\"https:\\\/\\\/www.ortungsgerate.de\\\/12-versteckte-kameras\\\/27-wlan-minikameras\\\/versteckte-kamera-wifi-full-hd-130-grad-aufnahmewinkel\\\/#primaryimage\"},\"thumbnailUrl\":\"https:\\\/\\\/www.ortungsgerate.de\\\/wp-content\\\/uploads\\\/mini-kamera-slapta-kamera.jpg\",\"datePublished\":\"2024-02-06T19:36:22+00:00\",\"dateModified\":\"2025-11-26T17:01:36+00:00\",\"description\":\"Mini Spionagekamera WiFi Full HD 130 Grad Aufnahmewinkel Mit dieser Kamera k\u00f6nnen Sie sie leicht zwischen Gegenst\u00e4nden in einem Buch, Spielzeug oder anderen Objekten verbergen. Besonders hohe Qualit\u00e4t\",\"breadcrumb\":{\"@id\":\"https:\\\/\\\/www.ortungsgerate.de\\\/12-versteckte-kameras\\\/27-wlan-minikameras\\\/versteckte-kamera-wifi-full-hd-130-grad-aufnahmewinkel\\\/#breadcrumb\"},\"inLanguage\":\"ru-RU\",\"potentialAction\":[{\"@type\":\"ReadAction\",\"target\":[\"https:\\\/\\\/www.ortungsgerate.de\\\/12-versteckte-kameras\\\/27-wlan-minikameras\\\/versteckte-kamera-wifi-full-hd-130-grad-aufnahmewinkel\\\/\"]}]},{\"@type\":\"ImageObject\",\"inLanguage\":\"ru-RU\",\"@id\":\"https:\\\/\\\/www.ortungsgerate.de\\\/12-versteckte-kameras\\\/27-wlan-minikameras\\\/versteckte-kamera-wifi-full-hd-130-grad-aufnahmewinkel\\\/#primaryimage\",\"url\":\"https:\\\/\\\/www.ortungsgerate.de\\\/wp-content\\\/uploads\\\/mini-kamera-slapta-kamera.jpg\",\"contentUrl\":\"https:\\\/\\\/www.ortungsgerate.de\\\/wp-content\\\/uploads\\\/mini-kamera-slapta-kamera.jpg\",\"width\":445,\"height\":618,\"caption\":\"Mini Kamera versteckte Kamera\"},{\"@type\":\"BreadcrumbList\",\"@id\":\"https:\\\/\\\/www.ortungsgerate.de\\\/12-versteckte-kameras\\\/27-wlan-minikameras\\\/versteckte-kamera-wifi-full-hd-130-grad-aufnahmewinkel\\\/#breadcrumb\",\"itemListElement\":[{\"@type\":\"ListItem\",\"position\":1,\"name\":\"Startseite\",\"item\":\"https:\\\/\\\/www.ortungsgerate.de\\\/\"},{\"@type\":\"ListItem\",\"position\":2,\"name\":\"Shop\",\"item\":\"https:\\\/\\\/www.ortungsgerate.de\\\/shop\\\/\"},{\"@type\":\"ListItem\",\"position\":3,\"name\":\"Versteckte Kamera WiFi Full HD 130 Grad Aufnahmewinkel\"}]},{\"@type\":\"WebSite\",\"@id\":\"https:\\\/\\\/www.ortungsgerate.de\\\/#website\",\"url\":\"https:\\\/\\\/www.ortungsgerate.de\\\/\",\"name\":\"Ortungsgerate.de\",\"description\":\"\",\"publisher\":{\"@id\":\"https:\\\/\\\/www.ortungsgerate.de\\\/#organization\"},\"potentialAction\":[{\"@type\":\"SearchAction\",\"target\":{\"@type\":\"EntryPoint\",\"urlTemplate\":\"https:\\\/\\\/www.ortungsgerate.de\\\/?s={search_term_string}\"},\"query-input\":{\"@type\":\"PropertyValueSpecification\",\"valueRequired\":true,\"valueName\":\"search_term_string\"}}],\"inLanguage\":\"ru-RU\"},{\"@type\":\"Organization\",\"@id\":\"https:\\\/\\\/www.ortungsgerate.de\\\/#organization\",\"name\":\"Ortungsgerate.de\",\"url\":\"https:\\\/\\\/www.ortungsgerate.de\\\/\",\"logo\":{\"@type\":\"ImageObject\",\"inLanguage\":\"ru-RU\",\"@id\":\"https:\\\/\\\/www.ortungsgerate.de\\\/#\\\/schema\\\/logo\\\/image\\\/\",\"url\":\"https:\\\/\\\/www.ortungsgerate.de\\\/wp-content\\\/uploads\\\/ortungsgerate.png\",\"contentUrl\":\"https:\\\/\\\/www.ortungsgerate.de\\\/wp-content\\\/uploads\\\/ortungsgerate.png\",\"width\":500,\"height\":135,\"caption\":\"Ortungsgerate.de\"},\"image\":{\"@id\":\"https:\\\/\\\/www.ortungsgerate.de\\\/#\\\/schema\\\/logo\\\/image\\\/\"}}]}<\/script>\n<!-- \/ Yoast SEO Premium plugin. -->","yoast_head_json":{"title":"\u041c\u0438\u043d\u0438 \u0448\u043f\u0438\u043e\u043d\u0441\u043a\u0430\u044f \u043a\u0430\u043c\u0435\u0440\u0430 WiFi Full HD 130 \u0433\u0440\u0430\u0434\u0443\u0441\u043e\u0432 \u0443\u0433\u043e\u043b \u043e\u0431\u0437\u043e\u0440\u0430","description":"\u041c\u0438\u043d\u0438 \u0448\u043f\u0438\u043e\u043d\u0441\u043a\u0430\u044f \u043a\u0430\u043c\u0435\u0440\u0430 WiFi Full HD 130 \u0433\u0440\u0430\u0434\u0443\u0441\u043e\u0432 \u0443\u0433\u043e\u043b \u043e\u0431\u0437\u043e\u0440\u0430 \u0421 \u044d\u0442\u043e\u0439 \u043a\u0430\u043c\u0435\u0440\u043e\u0439 \u0432\u044b \u043c\u043e\u0436\u0435\u0442\u0435 \u043b\u0435\u0433\u043a\u043e \u0441\u043f\u0440\u044f\u0442\u0430\u0442\u044c \u0435\u0451 \u043c\u0435\u0436\u0434\u0443 \u043f\u0440\u0435\u0434\u043c\u0435\u0442\u0430\u043c\u0438 \u0432 \u043a\u043d\u0438\u0433\u0435, \u0438\u0433\u0440\u0443\u0448\u043a\u0435 \u0438\u043b\u0438 \u0434\u0440\u0443\u0433\u0438\u0445 \u043e\u0431\u044a\u0435\u043a\u0442\u0430\u0445. \u041e\u0441\u043e\u0431\u0435\u043d\u043d\u043e \u0432\u044b\u0441\u043e\u043a\u043e\u0435 \u043a\u0430\u0447\u0435\u0441\u0442\u0432\u043e","robots":{"index":"index","follow":"follow","max-snippet":"max-snippet:-1","max-image-preview":"max-image-preview:large","max-video-preview":"max-video-preview:-1"},"canonical":"https:\/\/www.ortungsgerate.de\/ru\/12-skrytyje-kamery\/27-wlan-mini-kamery\/skrytaya-kamera-wifi-full-hd-130-gradusov-ugol-obzora\/","og_locale":"ru_RU","og_type":"article","og_title":"Versteckte Kamera WiFi Full HD 130 Grad Aufnahmewinkel","og_description":"Mini Spionagekamera WiFi Full HD 130 Grad Aufnahmewinkel Mit dieser Kamera k\u00f6nnen Sie sie leicht zwischen Gegenst\u00e4nden in einem Buch, Spielzeug oder anderen Objekten verbergen. Besonders hohe Qualit\u00e4t","og_url":"https:\/\/www.ortungsgerate.de\/ru\/12-skrytyje-kamery\/27-wlan-mini-kamery\/skrytaya-kamera-wifi-full-hd-130-gradusov-ugol-obzora\/","og_site_name":"Ortungsger\u00e4te.de","article_modified_time":"2025-11-26T17:01:36+00:00","og_image":[{"width":445,"height":618,"url":"https:\/\/www.ortungsgerate.de\/wp-content\/uploads\/mini-kamera-slapta-kamera.jpg","type":"image\/jpeg"}],"twitter_card":"summary_large_image","twitter_misc":{"\u041f\u0440\u0438\u043c\u0435\u0440\u043d\u043e\u0435 \u0432\u0440\u0435\u043c\u044f \u0434\u043b\u044f \u0447\u0442\u0435\u043d\u0438\u044f":"2 \u043c\u0438\u043d\u0443\u0442\u044b"},"schema":{"@context":"https:\/\/schema.org","@graph":[{"@type":"WebPage","@id":"https:\/\/www.ortungsgerate.de\/12-versteckte-kameras\/27-wlan-minikameras\/versteckte-kamera-wifi-full-hd-130-grad-aufnahmewinkel\/","url":"https:\/\/www.ortungsgerate.de\/12-versteckte-kameras\/27-wlan-minikameras\/versteckte-kamera-wifi-full-hd-130-grad-aufnahmewinkel\/","name":"\u041c\u0438\u043d\u0438 \u0448\u043f\u0438\u043e\u043d\u0441\u043a\u0430\u044f \u043a\u0430\u043c\u0435\u0440\u0430 WiFi Full HD 130 \u0433\u0440\u0430\u0434\u0443\u0441\u043e\u0432 \u0443\u0433\u043e\u043b \u043e\u0431\u0437\u043e\u0440\u0430","isPartOf":{"@id":"https:\/\/www.ortungsgerate.de\/#website"},"primaryImageOfPage":{"@id":"https:\/\/www.ortungsgerate.de\/12-versteckte-kameras\/27-wlan-minikameras\/versteckte-kamera-wifi-full-hd-130-grad-aufnahmewinkel\/#primaryimage"},"image":{"@id":"https:\/\/www.ortungsgerate.de\/12-versteckte-kameras\/27-wlan-minikameras\/versteckte-kamera-wifi-full-hd-130-grad-aufnahmewinkel\/#primaryimage"},"thumbnailUrl":"https:\/\/www.ortungsgerate.de\/wp-content\/uploads\/mini-kamera-slapta-kamera.jpg","datePublished":"2024-02-06T19:36:22+00:00","dateModified":"2025-11-26T17:01:36+00:00","description":"\u041c\u0438\u043d\u0438 \u0448\u043f\u0438\u043e\u043d\u0441\u043a\u0430\u044f \u043a\u0430\u043c\u0435\u0440\u0430 WiFi Full HD 130 \u0433\u0440\u0430\u0434\u0443\u0441\u043e\u0432 \u0443\u0433\u043e\u043b \u043e\u0431\u0437\u043e\u0440\u0430 \u0421 \u044d\u0442\u043e\u0439 \u043a\u0430\u043c\u0435\u0440\u043e\u0439 \u0432\u044b \u043c\u043e\u0436\u0435\u0442\u0435 \u043b\u0435\u0433\u043a\u043e \u0441\u043f\u0440\u044f\u0442\u0430\u0442\u044c \u0435\u0451 \u043c\u0435\u0436\u0434\u0443 \u043f\u0440\u0435\u0434\u043c\u0435\u0442\u0430\u043c\u0438 \u0432 \u043a\u043d\u0438\u0433\u0435, \u0438\u0433\u0440\u0443\u0448\u043a\u0435 \u0438\u043b\u0438 \u0434\u0440\u0443\u0433\u0438\u0445 \u043e\u0431\u044a\u0435\u043a\u0442\u0430\u0445. \u041e\u0441\u043e\u0431\u0435\u043d\u043d\u043e \u0432\u044b\u0441\u043e\u043a\u043e\u0435 \u043a\u0430\u0447\u0435\u0441\u0442\u0432\u043e","breadcrumb":{"@id":"https:\/\/www.ortungsgerate.de\/12-versteckte-kameras\/27-wlan-minikameras\/versteckte-kamera-wifi-full-hd-130-grad-aufnahmewinkel\/#breadcrumb"},"inLanguage":"ru-RU","potentialAction":[{"@type":"ReadAction","target":["https:\/\/www.ortungsgerate.de\/12-versteckte-kameras\/27-wlan-minikameras\/versteckte-kamera-wifi-full-hd-130-grad-aufnahmewinkel\/"]}]},{"@type":"ImageObject","inLanguage":"ru-RU","@id":"https:\/\/www.ortungsgerate.de\/12-versteckte-kameras\/27-wlan-minikameras\/versteckte-kamera-wifi-full-hd-130-grad-aufnahmewinkel\/#primaryimage","url":"https:\/\/www.ortungsgerate.de\/wp-content\/uploads\/mini-kamera-slapta-kamera.jpg","contentUrl":"https:\/\/www.ortungsgerate.de\/wp-content\/uploads\/mini-kamera-slapta-kamera.jpg","width":445,"height":618,"caption":"Mini Kamera versteckte Kamera"},{"@type":"BreadcrumbList","@id":"https:\/\/www.ortungsgerate.de\/12-versteckte-kameras\/27-wlan-minikameras\/versteckte-kamera-wifi-full-hd-130-grad-aufnahmewinkel\/#breadcrumb","itemListElement":[{"@type":"ListItem","position":1,"name":"Startseite","item":"https:\/\/www.ortungsgerate.de\/"},{"@type":"ListItem","position":2,"name":"Shop","item":"https:\/\/www.ortungsgerate.de\/shop\/"},{"@type":"ListItem","position":3,"name":"Versteckte Kamera WiFi Full HD 130 Grad Aufnahmewinkel"}]},{"@type":"WebSite","@id":"https:\/\/www.ortungsgerate.de\/#website","url":"https:\/\/www.ortungsgerate.de\/","name":"Ortungsgerate.de","description":"","publisher":{"@id":"https:\/\/www.ortungsgerate.de\/#organization"},"potentialAction":[{"@type":"SearchAction","target":{"@type":"EntryPoint","urlTemplate":"https:\/\/www.ortungsgerate.de\/?s={search_term_string}"},"query-input":{"@type":"PropertyValueSpecification","valueRequired":true,"valueName":"search_term_string"}}],"inLanguage":"ru-RU"},{"@type":"Organization","@id":"https:\/\/www.ortungsgerate.de\/#organization","name":"Ortungsgerate.de","url":"https:\/\/www.ortungsgerate.de\/","logo":{"@type":"ImageObject","inLanguage":"ru-RU","@id":"https:\/\/www.ortungsgerate.de\/#\/schema\/logo\/image\/","url":"https:\/\/www.ortungsgerate.de\/wp-content\/uploads\/ortungsgerate.png","contentUrl":"https:\/\/www.ortungsgerate.de\/wp-content\/uploads\/ortungsgerate.png","width":500,"height":135,"caption":"Ortungsgerate.de"},"image":{"@id":"https:\/\/www.ortungsgerate.de\/#\/schema\/logo\/image\/"}}]}},"_links":{"self":[{"href":"https:\/\/www.ortungsgerate.de\/ru\/wp-json\/wp\/v2\/product\/16478","targetHints":{"allow":["GET"]}}],"collection":[{"href":"https:\/\/www.ortungsgerate.de\/ru\/wp-json\/wp\/v2\/product"}],"about":[{"href":"https:\/\/www.ortungsgerate.de\/ru\/wp-json\/wp\/v2\/types\/product"}],"version-history":[{"count":0,"href":"https:\/\/www.ortungsgerate.de\/ru\/wp-json\/wp\/v2\/product\/16478\/revisions"}],"wp:featuredmedia":[{"embeddable":true,"href":"https:\/\/www.ortungsgerate.de\/ru\/wp-json\/wp\/v2\/media\/26390"}],"wp:attachment":[{"href":"https:\/\/www.ortungsgerate.de\/ru\/wp-json\/wp\/v2\/media?parent=16478"}],"wp:term":[{"taxonomy":"brand","embeddable":true,"href":"https:\/\/www.ortungsgerate.de\/ru\/wp-json\/wp\/v2\/etheme_brands?post=16478"},{"taxonomy":"product_brand","embeddable":true,"href":"https:\/\/www.ortungsgerate.de\/ru\/wp-json\/wp\/v2\/product_brand?post=16478"},{"taxonomy":"product_cat","embeddable":true,"href":"https:\/\/www.ortungsgerate.de\/ru\/wp-json\/wp\/v2\/product_cat?post=16478"},{"taxonomy":"product_tag","embeddable":true,"href":"https:\/\/www.ortungsgerate.de\/ru\/wp-json\/wp\/v2\/product_tag?post=16478"}],"curies":[{"name":"wp","href":"https:\/\/api.w.org\/{rel}","templated":true}]}}