{"id":16481,"date":"2024-02-06T21:38:11","date_gmt":"2024-02-06T19:38:11","guid":{"rendered":"https:\/\/ortungsgerate.de\/be-kategorijos\/pro-uhf-pasiklausymo-blake-su-kvarciniu-stabilizavimu-radijo-imtuvas\/"},"modified":"2025-11-26T19:01:36","modified_gmt":"2025-11-26T17:01:36","slug":"professionalnaya-uhf-proslushivayuschaya-zhuchok-s-kvartsevoy-stabilizatsiey-radiopriemnik","status":"publish","type":"product","link":"https:\/\/www.ortungsgerate.de\/ru\/16-proslushivayushcheye-oborudovaniye-2\/20-rd-proslushivayushcheye-oborudovaniye\/professionalnaya-uhf-proslushivayuschaya-zhuchok-s-kvartsevoy-stabilizatsiey-radiopriemnik\/","title":{"rendered":"\u041f\u0440\u043e\u0444\u0435\u0441\u0441\u0438\u043e\u043d\u0430\u043b\u044c\u043d\u0430\u044f UHF \u043f\u0440\u043e\u0441\u043b\u0443\u0448\u0438\u0432\u0430\u044e\u0449\u0430\u044f \u00ab\u0436\u0443\u0447\u043e\u043a\u00bb \u0441 \u043a\u0432\u0430\u0440\u0446\u0435\u0432\u043e\u0439 \u0441\u0442\u0430\u0431\u0438\u043b\u0438\u0437\u0430\u0446\u0438\u0435\u0439 + \u0440\u0430\u0434\u0438\u043e\u043f\u0440\u0438\u0451\u043c\u043d\u0438\u043a"},"content":{"rendered":"<h3><strong>\u0422\u0435\u0445\u043d\u0438\u0447\u0435\u0441\u043a\u0438\u0435 \u043f\u0430\u0440\u0430\u043c\u0435\u0442\u0440\u044b:<\/strong><\/h3>\n<\/p>\n<ul>\n<li>Frequenzbereich: 430\u2013440 MHz<\/li>\n<li>Funkempf\u00e4nger: im Lieferumfang enthalten<\/li>\n<li>Entfernung zum Ger\u00e4t: bis zu 500 m im offenen Gel\u00e4nde und bei vorhandenen Geb\u00e4uden bis zu 200\u2013300 Meter<\/li>\n<li>Stromversorgung: CR2032-Batterie (im Lieferumfang enthalten)<\/li>\n<li>Dauerbetriebszeit: ca. 30 Stunden<\/li>\n<li>Hohe Klangqualit\u00e4t<\/li>\n<li>Lieferumfang: Wanze, Funkempf\u00e4nger im Lieferumfang enthalten<\/li>\n<li><strong>\u0413\u0410\u0420\u0410\u041d\u0422\u0418\u042f 12 \u043c\u0435\u0441\u044f\u0446\u0435\u0432<\/strong><\/li>\n<\/ul>\n<p>\u00a0<\/p>\n<p><span style=\"color:#d0121a;\"><strong>Ben\u00f6tigen Sie eine Expresslieferung am selben Tag?    <\/strong><\/span><\/p>\n<\/p>\n<p>Zeichnet sich durch eine hohe Klangqualit\u00e4t aus, das hochempfindliche Mikrofon erm\u00f6glicht das Abh\u00f6ren selbst leiser Gespr\u00e4che. Dieses Ger\u00e4t verf\u00fcgt \u00fcber eine quarzstabilisierte Frequenz, sodass Sie sich keine Sorgen machen m\u00fcssen, dass sich die Frequenzen w\u00e4hrend der Nutzung verstellen. Die Abh\u00f6rfrequenzen sind so gew\u00e4hlt, dass sie sich nicht mit den Frequenzen anderer Ger\u00e4te \u00fcberschneiden.<\/p>\n<p>Es gen\u00fcgt, die Batterie einzulegen, und das Ger\u00e4t ist einsatzbereit. Sie erhalten au\u00dferdem eine Frequenzkarte mit der ben\u00f6tigten Frequenz.<\/p>\n<p>Achtung: Zum Abh\u00f6ren wird ein UHF-Funkempf\u00e4nger ben\u00f6tigt <\/p><\/p>","protected":false},"excerpt":{"rendered":"<p>Technische Parameter: Frequenzbereich: 430\u2013440 MHz Funkempf\u00e4nger: im Lieferumfang enthalten Entfernung zum Ger\u00e4t: bis zu 500 m im offenen Gel\u00e4nde und bei vorhandenen Geb\u00e4uden bis zu&#8230;<\/p>","protected":false},"featured_media":1942,"template":"","meta":[],"etheme_brands":[],"product_brand":[],"product_cat":[208,212],"product_tag":[761,89],"class_list":{"0":"post-16481","1":"product","2":"type-product","3":"status-publish","4":"has-post-thumbnail","6":"product_cat-16-abhoergeraete","7":"product_cat-20-rd-abhoergeraete","8":"product_tag-funkfrequenzblocker","9":"product_tag-rd-die-wanze","10":"pa_typ-abhoerwanze","12":"first","13":"instock","14":"taxable","15":"shipping-taxable","16":"purchasable","17":"product-type-simple"},"yoast_head":"<!-- This site is optimized with the Yoast SEO Premium plugin v25.9 (Yoast SEO v27.4) - https:\/\/yoast.com\/product\/yoast-seo-premium-wordpress\/ -->\n<title>PRO Abh\u00f6rwanze mit Funkempf\u00e4nger funktioniert bis zu 500 m<\/title>\n<meta name=\"description\" content=\"Set aus Radioempf\u00e4nger und Abh\u00f6r-UHF-Wanze Gro\u00dfe Reichweite bis zu 500 Metern Hervorragende Tonqualit\u00e4t, Gro\u00dfe Auswahl an \u00dcberwachungsger\u00e4ten. 200 Modelle\" \/>\n<meta name=\"robots\" content=\"index, follow, max-snippet:-1, max-image-preview:large, max-video-preview:-1\" \/>\n<link rel=\"canonical\" href=\"https:\/\/www.ortungsgerate.de\/ru\/16-proslushivayushcheye-oborudovaniye-2\/20-rd-proslushivayushcheye-oborudovaniye\/professionalnaya-uhf-proslushivayuschaya-zhuchok-s-kvartsevoy-stabilizatsiey-radiopriemnik\/\" \/>\n<meta property=\"og:locale\" content=\"ru_RU\" \/>\n<meta property=\"og:type\" content=\"article\" \/>\n<meta property=\"og:title\" content=\"Pro UHF Abh\u00f6rwanze mit Quarzstabilisierung + Radioempf\u00e4nger\" \/>\n<meta property=\"og:description\" content=\"Set aus Radioempf\u00e4nger und Abh\u00f6r-UHF-Wanze Gro\u00dfe Reichweite bis zu 500 Metern Hervorragende Tonqualit\u00e4t, Gro\u00dfe Auswahl an \u00dcberwachungsger\u00e4ten. 200 Modelle\" \/>\n<meta property=\"og:url\" content=\"https:\/\/www.ortungsgerate.de\/ru\/16-proslushivayushcheye-oborudovaniye-2\/20-rd-proslushivayushcheye-oborudovaniye\/professionalnaya-uhf-proslushivayuschaya-zhuchok-s-kvartsevoy-stabilizatsiey-radiopriemnik\/\" \/>\n<meta property=\"og:site_name\" content=\"Ortungsger\u00e4te.de\" \/>\n<meta property=\"article:modified_time\" content=\"2025-11-26T17:01:36+00:00\" \/>\n<meta property=\"og:image\" content=\"https:\/\/www.ortungsgerate.de\/wp-content\/uploads\/pro-uhf-pasiklausymo-blake-su-kvarciniu-stabilizavimu-radijo-imtuvas.jpg\" \/>\n\t<meta property=\"og:image:width\" content=\"433\" \/>\n\t<meta property=\"og:image:height\" content=\"577\" \/>\n\t<meta property=\"og:image:type\" content=\"image\/jpeg\" \/>\n<meta name=\"twitter:card\" content=\"summary_large_image\" \/>\n<meta name=\"twitter:label1\" content=\"\u041f\u0440\u0438\u043c\u0435\u0440\u043d\u043e\u0435 \u0432\u0440\u0435\u043c\u044f \u0434\u043b\u044f \u0447\u0442\u0435\u043d\u0438\u044f\" \/>\n\t<meta name=\"twitter:data1\" content=\"1 \u043c\u0438\u043d\u0443\u0442\u0430\" \/>\n<script type=\"application\/ld+json\" class=\"yoast-schema-graph\">{\"@context\":\"https:\\\/\\\/schema.org\",\"@graph\":[{\"@type\":\"WebPage\",\"@id\":\"https:\\\/\\\/www.ortungsgerate.de\\\/16-abhoergeraete\\\/20-rd-abhoergeraete\\\/pro-uhf-abhoerwanze-mit-quarzstabilisierung-radioempfaenger\\\/\",\"url\":\"https:\\\/\\\/www.ortungsgerate.de\\\/16-abhoergeraete\\\/20-rd-abhoergeraete\\\/pro-uhf-abhoerwanze-mit-quarzstabilisierung-radioempfaenger\\\/\",\"name\":\"PRO Abh\u00f6rwanze mit Funkempf\u00e4nger funktioniert bis zu 500 m\",\"isPartOf\":{\"@id\":\"https:\\\/\\\/www.ortungsgerate.de\\\/#website\"},\"primaryImageOfPage\":{\"@id\":\"https:\\\/\\\/www.ortungsgerate.de\\\/16-abhoergeraete\\\/20-rd-abhoergeraete\\\/pro-uhf-abhoerwanze-mit-quarzstabilisierung-radioempfaenger\\\/#primaryimage\"},\"image\":{\"@id\":\"https:\\\/\\\/www.ortungsgerate.de\\\/16-abhoergeraete\\\/20-rd-abhoergeraete\\\/pro-uhf-abhoerwanze-mit-quarzstabilisierung-radioempfaenger\\\/#primaryimage\"},\"thumbnailUrl\":\"https:\\\/\\\/www.ortungsgerate.de\\\/wp-content\\\/uploads\\\/pro-uhf-pasiklausymo-blake-su-kvarciniu-stabilizavimu-radijo-imtuvas.jpg\",\"datePublished\":\"2024-02-06T19:38:11+00:00\",\"dateModified\":\"2025-11-26T17:01:36+00:00\",\"description\":\"Set aus Radioempf\u00e4nger und Abh\u00f6r-UHF-Wanze Gro\u00dfe Reichweite bis zu 500 Metern Hervorragende Tonqualit\u00e4t, Gro\u00dfe Auswahl an \u00dcberwachungsger\u00e4ten. 200 Modelle\",\"breadcrumb\":{\"@id\":\"https:\\\/\\\/www.ortungsgerate.de\\\/16-abhoergeraete\\\/20-rd-abhoergeraete\\\/pro-uhf-abhoerwanze-mit-quarzstabilisierung-radioempfaenger\\\/#breadcrumb\"},\"inLanguage\":\"ru-RU\",\"potentialAction\":[{\"@type\":\"ReadAction\",\"target\":[\"https:\\\/\\\/www.ortungsgerate.de\\\/16-abhoergeraete\\\/20-rd-abhoergeraete\\\/pro-uhf-abhoerwanze-mit-quarzstabilisierung-radioempfaenger\\\/\"]}]},{\"@type\":\"ImageObject\",\"inLanguage\":\"ru-RU\",\"@id\":\"https:\\\/\\\/www.ortungsgerate.de\\\/16-abhoergeraete\\\/20-rd-abhoergeraete\\\/pro-uhf-abhoerwanze-mit-quarzstabilisierung-radioempfaenger\\\/#primaryimage\",\"url\":\"https:\\\/\\\/www.ortungsgerate.de\\\/wp-content\\\/uploads\\\/pro-uhf-pasiklausymo-blake-su-kvarciniu-stabilizavimu-radijo-imtuvas.jpg\",\"contentUrl\":\"https:\\\/\\\/www.ortungsgerate.de\\\/wp-content\\\/uploads\\\/pro-uhf-pasiklausymo-blake-su-kvarciniu-stabilizavimu-radijo-imtuvas.jpg\",\"width\":433,\"height\":577,\"caption\":\"versteckte Abh\u00f6ranlage UHF Blake\"},{\"@type\":\"BreadcrumbList\",\"@id\":\"https:\\\/\\\/www.ortungsgerate.de\\\/16-abhoergeraete\\\/20-rd-abhoergeraete\\\/pro-uhf-abhoerwanze-mit-quarzstabilisierung-radioempfaenger\\\/#breadcrumb\",\"itemListElement\":[{\"@type\":\"ListItem\",\"position\":1,\"name\":\"Startseite\",\"item\":\"https:\\\/\\\/www.ortungsgerate.de\\\/\"},{\"@type\":\"ListItem\",\"position\":2,\"name\":\"Shop\",\"item\":\"https:\\\/\\\/www.ortungsgerate.de\\\/shop\\\/\"},{\"@type\":\"ListItem\",\"position\":3,\"name\":\"Pro UHF Abh\u00f6rwanze mit Quarzstabilisierung + Radioempf\u00e4nger\"}]},{\"@type\":\"WebSite\",\"@id\":\"https:\\\/\\\/www.ortungsgerate.de\\\/#website\",\"url\":\"https:\\\/\\\/www.ortungsgerate.de\\\/\",\"name\":\"Ortungsgerate.de\",\"description\":\"\",\"publisher\":{\"@id\":\"https:\\\/\\\/www.ortungsgerate.de\\\/#organization\"},\"potentialAction\":[{\"@type\":\"SearchAction\",\"target\":{\"@type\":\"EntryPoint\",\"urlTemplate\":\"https:\\\/\\\/www.ortungsgerate.de\\\/?s={search_term_string}\"},\"query-input\":{\"@type\":\"PropertyValueSpecification\",\"valueRequired\":true,\"valueName\":\"search_term_string\"}}],\"inLanguage\":\"ru-RU\"},{\"@type\":\"Organization\",\"@id\":\"https:\\\/\\\/www.ortungsgerate.de\\\/#organization\",\"name\":\"Ortungsgerate.de\",\"url\":\"https:\\\/\\\/www.ortungsgerate.de\\\/\",\"logo\":{\"@type\":\"ImageObject\",\"inLanguage\":\"ru-RU\",\"@id\":\"https:\\\/\\\/www.ortungsgerate.de\\\/#\\\/schema\\\/logo\\\/image\\\/\",\"url\":\"https:\\\/\\\/www.ortungsgerate.de\\\/wp-content\\\/uploads\\\/ortungsgerate.png\",\"contentUrl\":\"https:\\\/\\\/www.ortungsgerate.de\\\/wp-content\\\/uploads\\\/ortungsgerate.png\",\"width\":500,\"height\":135,\"caption\":\"Ortungsgerate.de\"},\"image\":{\"@id\":\"https:\\\/\\\/www.ortungsgerate.de\\\/#\\\/schema\\\/logo\\\/image\\\/\"}}]}<\/script>\n<!-- \/ Yoast SEO Premium plugin. -->","yoast_head_json":{"title":"PRO Abh\u00f6rwanze mit Funkempf\u00e4nger funktioniert bis zu 500 m","description":"Set aus Radioempf\u00e4nger und Abh\u00f6r-UHF-Wanze Gro\u00dfe Reichweite bis zu 500 Metern Hervorragende Tonqualit\u00e4t, Gro\u00dfe Auswahl an \u00dcberwachungsger\u00e4ten. 200 Modelle","robots":{"index":"index","follow":"follow","max-snippet":"max-snippet:-1","max-image-preview":"max-image-preview:large","max-video-preview":"max-video-preview:-1"},"canonical":"https:\/\/www.ortungsgerate.de\/ru\/16-proslushivayushcheye-oborudovaniye-2\/20-rd-proslushivayushcheye-oborudovaniye\/professionalnaya-uhf-proslushivayuschaya-zhuchok-s-kvartsevoy-stabilizatsiey-radiopriemnik\/","og_locale":"ru_RU","og_type":"article","og_title":"Pro UHF Abh\u00f6rwanze mit Quarzstabilisierung + Radioempf\u00e4nger","og_description":"Set aus Radioempf\u00e4nger und Abh\u00f6r-UHF-Wanze Gro\u00dfe Reichweite bis zu 500 Metern Hervorragende Tonqualit\u00e4t, Gro\u00dfe Auswahl an \u00dcberwachungsger\u00e4ten. 200 Modelle","og_url":"https:\/\/www.ortungsgerate.de\/ru\/16-proslushivayushcheye-oborudovaniye-2\/20-rd-proslushivayushcheye-oborudovaniye\/professionalnaya-uhf-proslushivayuschaya-zhuchok-s-kvartsevoy-stabilizatsiey-radiopriemnik\/","og_site_name":"Ortungsger\u00e4te.de","article_modified_time":"2025-11-26T17:01:36+00:00","og_image":[{"width":433,"height":577,"url":"https:\/\/www.ortungsgerate.de\/wp-content\/uploads\/pro-uhf-pasiklausymo-blake-su-kvarciniu-stabilizavimu-radijo-imtuvas.jpg","type":"image\/jpeg"}],"twitter_card":"summary_large_image","twitter_misc":{"\u041f\u0440\u0438\u043c\u0435\u0440\u043d\u043e\u0435 \u0432\u0440\u0435\u043c\u044f \u0434\u043b\u044f \u0447\u0442\u0435\u043d\u0438\u044f":"1 \u043c\u0438\u043d\u0443\u0442\u0430"},"schema":{"@context":"https:\/\/schema.org","@graph":[{"@type":"WebPage","@id":"https:\/\/www.ortungsgerate.de\/16-abhoergeraete\/20-rd-abhoergeraete\/pro-uhf-abhoerwanze-mit-quarzstabilisierung-radioempfaenger\/","url":"https:\/\/www.ortungsgerate.de\/16-abhoergeraete\/20-rd-abhoergeraete\/pro-uhf-abhoerwanze-mit-quarzstabilisierung-radioempfaenger\/","name":"PRO Abh\u00f6rwanze mit Funkempf\u00e4nger funktioniert bis zu 500 m","isPartOf":{"@id":"https:\/\/www.ortungsgerate.de\/#website"},"primaryImageOfPage":{"@id":"https:\/\/www.ortungsgerate.de\/16-abhoergeraete\/20-rd-abhoergeraete\/pro-uhf-abhoerwanze-mit-quarzstabilisierung-radioempfaenger\/#primaryimage"},"image":{"@id":"https:\/\/www.ortungsgerate.de\/16-abhoergeraete\/20-rd-abhoergeraete\/pro-uhf-abhoerwanze-mit-quarzstabilisierung-radioempfaenger\/#primaryimage"},"thumbnailUrl":"https:\/\/www.ortungsgerate.de\/wp-content\/uploads\/pro-uhf-pasiklausymo-blake-su-kvarciniu-stabilizavimu-radijo-imtuvas.jpg","datePublished":"2024-02-06T19:38:11+00:00","dateModified":"2025-11-26T17:01:36+00:00","description":"Set aus Radioempf\u00e4nger und Abh\u00f6r-UHF-Wanze Gro\u00dfe Reichweite bis zu 500 Metern Hervorragende Tonqualit\u00e4t, Gro\u00dfe Auswahl an \u00dcberwachungsger\u00e4ten. 200 Modelle","breadcrumb":{"@id":"https:\/\/www.ortungsgerate.de\/16-abhoergeraete\/20-rd-abhoergeraete\/pro-uhf-abhoerwanze-mit-quarzstabilisierung-radioempfaenger\/#breadcrumb"},"inLanguage":"ru-RU","potentialAction":[{"@type":"ReadAction","target":["https:\/\/www.ortungsgerate.de\/16-abhoergeraete\/20-rd-abhoergeraete\/pro-uhf-abhoerwanze-mit-quarzstabilisierung-radioempfaenger\/"]}]},{"@type":"ImageObject","inLanguage":"ru-RU","@id":"https:\/\/www.ortungsgerate.de\/16-abhoergeraete\/20-rd-abhoergeraete\/pro-uhf-abhoerwanze-mit-quarzstabilisierung-radioempfaenger\/#primaryimage","url":"https:\/\/www.ortungsgerate.de\/wp-content\/uploads\/pro-uhf-pasiklausymo-blake-su-kvarciniu-stabilizavimu-radijo-imtuvas.jpg","contentUrl":"https:\/\/www.ortungsgerate.de\/wp-content\/uploads\/pro-uhf-pasiklausymo-blake-su-kvarciniu-stabilizavimu-radijo-imtuvas.jpg","width":433,"height":577,"caption":"versteckte Abh\u00f6ranlage UHF Blake"},{"@type":"BreadcrumbList","@id":"https:\/\/www.ortungsgerate.de\/16-abhoergeraete\/20-rd-abhoergeraete\/pro-uhf-abhoerwanze-mit-quarzstabilisierung-radioempfaenger\/#breadcrumb","itemListElement":[{"@type":"ListItem","position":1,"name":"Startseite","item":"https:\/\/www.ortungsgerate.de\/"},{"@type":"ListItem","position":2,"name":"Shop","item":"https:\/\/www.ortungsgerate.de\/shop\/"},{"@type":"ListItem","position":3,"name":"Pro UHF Abh\u00f6rwanze mit Quarzstabilisierung + Radioempf\u00e4nger"}]},{"@type":"WebSite","@id":"https:\/\/www.ortungsgerate.de\/#website","url":"https:\/\/www.ortungsgerate.de\/","name":"Ortungsgerate.de","description":"","publisher":{"@id":"https:\/\/www.ortungsgerate.de\/#organization"},"potentialAction":[{"@type":"SearchAction","target":{"@type":"EntryPoint","urlTemplate":"https:\/\/www.ortungsgerate.de\/?s={search_term_string}"},"query-input":{"@type":"PropertyValueSpecification","valueRequired":true,"valueName":"search_term_string"}}],"inLanguage":"ru-RU"},{"@type":"Organization","@id":"https:\/\/www.ortungsgerate.de\/#organization","name":"Ortungsgerate.de","url":"https:\/\/www.ortungsgerate.de\/","logo":{"@type":"ImageObject","inLanguage":"ru-RU","@id":"https:\/\/www.ortungsgerate.de\/#\/schema\/logo\/image\/","url":"https:\/\/www.ortungsgerate.de\/wp-content\/uploads\/ortungsgerate.png","contentUrl":"https:\/\/www.ortungsgerate.de\/wp-content\/uploads\/ortungsgerate.png","width":500,"height":135,"caption":"Ortungsgerate.de"},"image":{"@id":"https:\/\/www.ortungsgerate.de\/#\/schema\/logo\/image\/"}}]}},"_links":{"self":[{"href":"https:\/\/www.ortungsgerate.de\/ru\/wp-json\/wp\/v2\/product\/16481","targetHints":{"allow":["GET"]}}],"collection":[{"href":"https:\/\/www.ortungsgerate.de\/ru\/wp-json\/wp\/v2\/product"}],"about":[{"href":"https:\/\/www.ortungsgerate.de\/ru\/wp-json\/wp\/v2\/types\/product"}],"version-history":[{"count":0,"href":"https:\/\/www.ortungsgerate.de\/ru\/wp-json\/wp\/v2\/product\/16481\/revisions"}],"wp:featuredmedia":[{"embeddable":true,"href":"https:\/\/www.ortungsgerate.de\/ru\/wp-json\/wp\/v2\/media\/1942"}],"wp:attachment":[{"href":"https:\/\/www.ortungsgerate.de\/ru\/wp-json\/wp\/v2\/media?parent=16481"}],"wp:term":[{"taxonomy":"brand","embeddable":true,"href":"https:\/\/www.ortungsgerate.de\/ru\/wp-json\/wp\/v2\/etheme_brands?post=16481"},{"taxonomy":"product_brand","embeddable":true,"href":"https:\/\/www.ortungsgerate.de\/ru\/wp-json\/wp\/v2\/product_brand?post=16481"},{"taxonomy":"product_cat","embeddable":true,"href":"https:\/\/www.ortungsgerate.de\/ru\/wp-json\/wp\/v2\/product_cat?post=16481"},{"taxonomy":"product_tag","embeddable":true,"href":"https:\/\/www.ortungsgerate.de\/ru\/wp-json\/wp\/v2\/product_tag?post=16481"}],"curies":[{"name":"wp","href":"https:\/\/api.w.org\/{rel}","templated":true}]}}