{"id":16482,"date":"2024-02-06T21:38:42","date_gmt":"2024-02-06T19:38:42","guid":{"rendered":"https:\/\/ortungsgerate.de\/be-kategorijos\/unisex-laikrodis-su-slapta-kamera-32gb\/"},"modified":"2025-11-26T19:01:36","modified_gmt":"2025-11-26T17:01:36","slug":"uniseks-chasy-so-skrytoy-kameroy-32gb","status":"publish","type":"product","link":"https:\/\/www.ortungsgerate.de\/ru\/12-skrytyje-kamery\/17-zamaskirovanyje-kamery\/uniseks-chasy-so-skrytoy-kameroy-32gb\/","title":{"rendered":"\u0423\u043d\u0438\u0441\u0435\u043a\u0441 \u0447\u0430\u0441\u044b \u0441\u043e \u0441\u043a\u0440\u044b\u0442\u043e\u0439 \u043a\u0430\u043c\u0435\u0440\u043e\u0439 32GB"},"content":{"rendered":"<h3><strong>\u0422\u0435\u0445\u043d\u0438\u0447\u0435\u0441\u043a\u0438\u0435 \u043f\u0430\u0440\u0430\u043c\u0435\u0442\u0440\u044b:<\/strong><\/h3>\n<ul>\n<li>Fotografiert: Ja<\/li>\n<li>Armband aus Leder<\/li>\n<li>Farbe: Schwarz<\/li>\n<li>Diktierger\u00e4t: Ja<\/li>\n<li>Arbeitszeit ohne Aufladen bis zu 150 Min.<\/li>\n<li>Videoaufnahme mit Ton, integriertes Mikrofon<\/li>\n<li>Metallgeh\u00e4use<\/li>\n<li>Interner Speicher 32 GB, 30 Bilder pro Sekunde<\/li>\n<li>Fotoaufl\u00f6sung: JPG 3840x2880px<\/li>\n<li>Sichtwinkel: 90\u00b0<\/li>\n<li>Nachtsehen (schaltet sich automatisch ein)<\/li>\n<li>Anschl\u00fcsse: USB<\/li>\n<li>Laden: \u00fcber USB<\/li>\n<li>Betriebstemperatur: -10 bis +60<\/li>\n<li>Lieferumfang: Uhr mit Kamera, USB-Kabel, Box<\/li>\n<li><strong>\u0413\u0410\u0420\u0410\u041d\u0422\u0418\u042f 12 \u043c\u0435\u0441\u044f\u0446\u0435\u0432<\/strong><\/li>\n<\/ul>\n<p><span style=\"color:#d0121a\"><strong> <\/strong><\/span><\/p>\n<p>\u0418\u0441\u043f\u043e\u043b\u044c\u0437\u043e\u0432\u0430\u043d\u0438\u0435: \u0414\u043b\u044f \u0432\u0430\u0448\u0435\u0439 \u0441\u043e\u0431\u0441\u0442\u0432\u0435\u043d\u043d\u043e\u0439 \u0431\u0435\u0437\u043e\u043f\u0430\u0441\u043d\u043e\u0441\u0442\u0438 \u0438 \u0431\u0435\u0437\u043e\u043f\u0430\u0441\u043d\u043e\u0441\u0442\u0438 \u0432\u0430\u0448\u0438\u0445 \u0434\u0435\u0442\u0435\u0439.<\/p>\n<p><strong>Unisex-Uhr mit versteckter Kamera, 32 GB interner Speicher<\/strong><\/p>\n<\/p>\n<p>Die Unisex-Uhr mit versteckter Kamera ist ein sehr modernes und stilvolles Accessoire, das auch dabei helfen kann, geheime Informationen zu erfassen. Die Nutzung dieses Ger\u00e4ts ist sehr einfach: Mit wenigen Tasten k\u00f6nnen Sie die gew\u00fcnschten Funktionen aktivieren. Die Uhr mit versteckter Kamera ist sowohl im Alltag n\u00fctzlich als auch dann, wenn unerwartet bestimmte vertrauliche Informationen aufgezeichnet werden m\u00fcssen.<\/p>\n<p>Die Unisex-Uhr mit versteckter Kamera l\u00e4sst sich leicht mit jeder Kleidung kombinieren. Die schwarze Uhr mit Lederarmband wirkt sehr elegant und erg\u00e4nzt jedes Outfit. Dieses Ger\u00e4t kann zu jedem Anlass ein hervorragendes Geschenk f\u00fcr Ihre Liebsten sein.<\/p>\n<p>Die Uhr mit versteckter Kamera bietet sowohl Video- als auch Fotoaufnahmefunktionen (die Fotoaufl\u00f6sung betr\u00e4gt 3840\u00d72880 px). In die Kamera ist au\u00dferdem ein Mikrofon integriert, sodass Videoaufnahmen mit Ton aufgezeichnet werden.<\/p>\n<p>Die Nachtsichtfunktion erm\u00f6glicht es, geheime Informationen zu jeder Tageszeit zu erfassen. Wenn f\u00fcr die Aufzeichnung nicht genug Licht vorhanden ist, schaltet sich die Nachtsichtfunktion automatisch ein. Dies stellt sicher, dass die aufgezeichneten Bilder ausreichend hell und klar sind.<\/p>\n<p>Ohne Aufladen kann die versteckte Kamera bis zu 150 Minuten ununterbrochen aufzeichnen. Im Lieferumfang der Unisex-Uhr mit versteckter Kamera finden Sie ein USB-Kabel, mit dem Sie das Ger\u00e4t aufladen oder die aufgezeichneten Videoaufnahmen \u00fcbertragen k\u00f6nnen.<\/p>\n<p>Der interne Speicher der Kamera betr\u00e4gt 32 GB, sodass Sie eine gro\u00dfe Menge an verdeckten Aufnahmen erstellen k\u00f6nnen. Wenn der Kamera der freie Speicherplatz ausgeht, werden neue Videoaufnahmen anstelle der \u00e4ltesten Aufzeichnungen gespeichert.<\/p>\n<p>Die Uhr ist einfach zu bedienen, mit wenigen Tastendr\u00fccken aktivieren Sie die ben\u00f6tigten Funktionen. <\/p>","protected":false},"excerpt":{"rendered":"<p>Technische Parameter: Fotografiert: Ja Armband aus Leder Farbe: Schwarz Diktierger\u00e4t: Ja Arbeitszeit ohne Aufladen bis zu 150 Min. Videoaufnahme mit Ton, integriertes Mikrofon Metallgeh\u00e4use Interner&#8230;<\/p>","protected":false},"featured_media":2035,"template":"","meta":[],"etheme_brands":[],"product_brand":[],"product_cat":[210,204,203],"product_tag":[42,754,731,707,705,728,729,690],"class_list":{"0":"post-16482","1":"product","2":"type-product","3":"status-publish","4":"has-post-thumbnail","6":"product_cat-32-armbanduhren-mit-kamera","7":"product_cat-17-getarnte-kameras","8":"product_cat-12-versteckte-kameras","9":"product_tag-kamera","10":"product_tag-kamera-im-wecker","11":"product_tag-kamera-in-der-uhr","12":"product_tag-kamera-uhr","13":"product_tag-ueberwachungskamera","14":"product_tag-uhr","15":"product_tag-uhr-kamera","16":"product_tag-versteckte-kamera","17":"pa_typ-armbanduhren","19":"first","20":"instock","21":"sale","22":"taxable","23":"shipping-taxable","24":"purchasable","25":"product-type-simple"},"yoast_head":"<!-- This site is optimized with the Yoast SEO Premium plugin v25.9 (Yoast SEO v27.4) - https:\/\/yoast.com\/product\/yoast-seo-premium-wordpress\/ -->\n<title>Hochwertige Uhr mit versteckter Videokamera Sekimoiranga.lt<\/title>\n<meta name=\"description\" content=\"Hochwertigste Bildqualit\u00e4t \u2013 Armbanduhr mit versteckter Kamera. Hervorragende Videoaufl\u00f6sung, langlebiger Akku. Gro\u00dfe Auswahl, kostenloser Versand\" \/>\n<meta name=\"robots\" content=\"index, follow, max-snippet:-1, max-image-preview:large, max-video-preview:-1\" \/>\n<link rel=\"canonical\" href=\"https:\/\/www.ortungsgerate.de\/ru\/12-skrytyje-kamery\/32-naruchnije-chasy-s-kameroj\/uniseks-chasy-so-skrytoy-kameroy-32gb\/\" \/>\n<meta property=\"og:locale\" content=\"ru_RU\" \/>\n<meta property=\"og:type\" content=\"article\" \/>\n<meta property=\"og:title\" content=\"Unisex Uhr mit versteckter Kamera 32GB\" \/>\n<meta property=\"og:description\" content=\"Hochwertigste Bildqualit\u00e4t \u2013 Armbanduhr mit versteckter Kamera. Hervorragende Videoaufl\u00f6sung, langlebiger Akku. Gro\u00dfe Auswahl, kostenloser Versand\" \/>\n<meta property=\"og:url\" content=\"https:\/\/www.ortungsgerate.de\/ru\/12-skrytyje-kamery\/32-naruchnije-chasy-s-kameroj\/uniseks-chasy-so-skrytoy-kameroy-32gb\/\" \/>\n<meta property=\"og:site_name\" content=\"Ortungsger\u00e4te.de\" \/>\n<meta property=\"article:modified_time\" content=\"2025-11-26T17:01:36+00:00\" \/>\n<meta property=\"og:image\" content=\"https:\/\/www.ortungsgerate.de\/wp-content\/uploads\/unisex-laikrodis-su-slapta-kamera.jpg\" \/>\n\t<meta property=\"og:image:width\" content=\"1000\" \/>\n\t<meta property=\"og:image:height\" content=\"1000\" \/>\n\t<meta property=\"og:image:type\" content=\"image\/jpeg\" \/>\n<meta name=\"twitter:card\" content=\"summary_large_image\" \/>\n<meta name=\"twitter:label1\" content=\"\u041f\u0440\u0438\u043c\u0435\u0440\u043d\u043e\u0435 \u0432\u0440\u0435\u043c\u044f \u0434\u043b\u044f \u0447\u0442\u0435\u043d\u0438\u044f\" \/>\n\t<meta name=\"twitter:data1\" content=\"2 \u043c\u0438\u043d\u0443\u0442\u044b\" \/>\n<script type=\"application\/ld+json\" class=\"yoast-schema-graph\">{\"@context\":\"https:\\\/\\\/schema.org\",\"@graph\":[{\"@type\":\"WebPage\",\"@id\":\"https:\\\/\\\/www.ortungsgerate.de\\\/12-versteckte-kameras\\\/32-armbanduhren-mit-kamera\\\/unisex-uhr-mit-versteckter-kamera-32gb\\\/\",\"url\":\"https:\\\/\\\/www.ortungsgerate.de\\\/12-versteckte-kameras\\\/32-armbanduhren-mit-kamera\\\/unisex-uhr-mit-versteckter-kamera-32gb\\\/\",\"name\":\"Hochwertige Uhr mit versteckter Videokamera Sekimoiranga.lt\",\"isPartOf\":{\"@id\":\"https:\\\/\\\/www.ortungsgerate.de\\\/#website\"},\"primaryImageOfPage\":{\"@id\":\"https:\\\/\\\/www.ortungsgerate.de\\\/12-versteckte-kameras\\\/32-armbanduhren-mit-kamera\\\/unisex-uhr-mit-versteckter-kamera-32gb\\\/#primaryimage\"},\"image\":{\"@id\":\"https:\\\/\\\/www.ortungsgerate.de\\\/12-versteckte-kameras\\\/32-armbanduhren-mit-kamera\\\/unisex-uhr-mit-versteckter-kamera-32gb\\\/#primaryimage\"},\"thumbnailUrl\":\"https:\\\/\\\/www.ortungsgerate.de\\\/wp-content\\\/uploads\\\/unisex-laikrodis-su-slapta-kamera.jpg\",\"datePublished\":\"2024-02-06T19:38:42+00:00\",\"dateModified\":\"2025-11-26T17:01:36+00:00\",\"description\":\"Hochwertigste Bildqualit\u00e4t \u2013 Armbanduhr mit versteckter Kamera. Hervorragende Videoaufl\u00f6sung, langlebiger Akku. Gro\u00dfe Auswahl, kostenloser Versand\",\"breadcrumb\":{\"@id\":\"https:\\\/\\\/www.ortungsgerate.de\\\/12-versteckte-kameras\\\/32-armbanduhren-mit-kamera\\\/unisex-uhr-mit-versteckter-kamera-32gb\\\/#breadcrumb\"},\"inLanguage\":\"ru-RU\",\"potentialAction\":[{\"@type\":\"ReadAction\",\"target\":[\"https:\\\/\\\/www.ortungsgerate.de\\\/12-versteckte-kameras\\\/32-armbanduhren-mit-kamera\\\/unisex-uhr-mit-versteckter-kamera-32gb\\\/\"]}]},{\"@type\":\"ImageObject\",\"inLanguage\":\"ru-RU\",\"@id\":\"https:\\\/\\\/www.ortungsgerate.de\\\/12-versteckte-kameras\\\/32-armbanduhren-mit-kamera\\\/unisex-uhr-mit-versteckter-kamera-32gb\\\/#primaryimage\",\"url\":\"https:\\\/\\\/www.ortungsgerate.de\\\/wp-content\\\/uploads\\\/unisex-laikrodis-su-slapta-kamera.jpg\",\"contentUrl\":\"https:\\\/\\\/www.ortungsgerate.de\\\/wp-content\\\/uploads\\\/unisex-laikrodis-su-slapta-kamera.jpg\",\"width\":1000,\"height\":1000,\"caption\":\"Versteckte Kamera Armbanduhr in Goldfarbe\"},{\"@type\":\"BreadcrumbList\",\"@id\":\"https:\\\/\\\/www.ortungsgerate.de\\\/12-versteckte-kameras\\\/32-armbanduhren-mit-kamera\\\/unisex-uhr-mit-versteckter-kamera-32gb\\\/#breadcrumb\",\"itemListElement\":[{\"@type\":\"ListItem\",\"position\":1,\"name\":\"Startseite\",\"item\":\"https:\\\/\\\/www.ortungsgerate.de\\\/\"},{\"@type\":\"ListItem\",\"position\":2,\"name\":\"Shop\",\"item\":\"https:\\\/\\\/www.ortungsgerate.de\\\/shop\\\/\"},{\"@type\":\"ListItem\",\"position\":3,\"name\":\"Unisex Uhr mit versteckter Kamera 32GB\"}]},{\"@type\":\"WebSite\",\"@id\":\"https:\\\/\\\/www.ortungsgerate.de\\\/#website\",\"url\":\"https:\\\/\\\/www.ortungsgerate.de\\\/\",\"name\":\"Ortungsgerate.de\",\"description\":\"\",\"publisher\":{\"@id\":\"https:\\\/\\\/www.ortungsgerate.de\\\/#organization\"},\"potentialAction\":[{\"@type\":\"SearchAction\",\"target\":{\"@type\":\"EntryPoint\",\"urlTemplate\":\"https:\\\/\\\/www.ortungsgerate.de\\\/?s={search_term_string}\"},\"query-input\":{\"@type\":\"PropertyValueSpecification\",\"valueRequired\":true,\"valueName\":\"search_term_string\"}}],\"inLanguage\":\"ru-RU\"},{\"@type\":\"Organization\",\"@id\":\"https:\\\/\\\/www.ortungsgerate.de\\\/#organization\",\"name\":\"Ortungsgerate.de\",\"url\":\"https:\\\/\\\/www.ortungsgerate.de\\\/\",\"logo\":{\"@type\":\"ImageObject\",\"inLanguage\":\"ru-RU\",\"@id\":\"https:\\\/\\\/www.ortungsgerate.de\\\/#\\\/schema\\\/logo\\\/image\\\/\",\"url\":\"https:\\\/\\\/www.ortungsgerate.de\\\/wp-content\\\/uploads\\\/ortungsgerate.png\",\"contentUrl\":\"https:\\\/\\\/www.ortungsgerate.de\\\/wp-content\\\/uploads\\\/ortungsgerate.png\",\"width\":500,\"height\":135,\"caption\":\"Ortungsgerate.de\"},\"image\":{\"@id\":\"https:\\\/\\\/www.ortungsgerate.de\\\/#\\\/schema\\\/logo\\\/image\\\/\"}}]}<\/script>\n<!-- \/ Yoast SEO Premium plugin. -->","yoast_head_json":{"title":"Hochwertige Uhr mit versteckter Videokamera Sekimoiranga.lt","description":"Hochwertigste Bildqualit\u00e4t \u2013 Armbanduhr mit versteckter Kamera. Hervorragende Videoaufl\u00f6sung, langlebiger Akku. Gro\u00dfe Auswahl, kostenloser Versand","robots":{"index":"index","follow":"follow","max-snippet":"max-snippet:-1","max-image-preview":"max-image-preview:large","max-video-preview":"max-video-preview:-1"},"canonical":"https:\/\/www.ortungsgerate.de\/ru\/12-skrytyje-kamery\/32-naruchnije-chasy-s-kameroj\/uniseks-chasy-so-skrytoy-kameroy-32gb\/","og_locale":"ru_RU","og_type":"article","og_title":"Unisex Uhr mit versteckter Kamera 32GB","og_description":"Hochwertigste Bildqualit\u00e4t \u2013 Armbanduhr mit versteckter Kamera. Hervorragende Videoaufl\u00f6sung, langlebiger Akku. Gro\u00dfe Auswahl, kostenloser Versand","og_url":"https:\/\/www.ortungsgerate.de\/ru\/12-skrytyje-kamery\/32-naruchnije-chasy-s-kameroj\/uniseks-chasy-so-skrytoy-kameroy-32gb\/","og_site_name":"Ortungsger\u00e4te.de","article_modified_time":"2025-11-26T17:01:36+00:00","og_image":[{"width":1000,"height":1000,"url":"https:\/\/www.ortungsgerate.de\/wp-content\/uploads\/unisex-laikrodis-su-slapta-kamera.jpg","type":"image\/jpeg"}],"twitter_card":"summary_large_image","twitter_misc":{"\u041f\u0440\u0438\u043c\u0435\u0440\u043d\u043e\u0435 \u0432\u0440\u0435\u043c\u044f \u0434\u043b\u044f \u0447\u0442\u0435\u043d\u0438\u044f":"2 \u043c\u0438\u043d\u0443\u0442\u044b"},"schema":{"@context":"https:\/\/schema.org","@graph":[{"@type":"WebPage","@id":"https:\/\/www.ortungsgerate.de\/12-versteckte-kameras\/32-armbanduhren-mit-kamera\/unisex-uhr-mit-versteckter-kamera-32gb\/","url":"https:\/\/www.ortungsgerate.de\/12-versteckte-kameras\/32-armbanduhren-mit-kamera\/unisex-uhr-mit-versteckter-kamera-32gb\/","name":"Hochwertige Uhr mit versteckter Videokamera Sekimoiranga.lt","isPartOf":{"@id":"https:\/\/www.ortungsgerate.de\/#website"},"primaryImageOfPage":{"@id":"https:\/\/www.ortungsgerate.de\/12-versteckte-kameras\/32-armbanduhren-mit-kamera\/unisex-uhr-mit-versteckter-kamera-32gb\/#primaryimage"},"image":{"@id":"https:\/\/www.ortungsgerate.de\/12-versteckte-kameras\/32-armbanduhren-mit-kamera\/unisex-uhr-mit-versteckter-kamera-32gb\/#primaryimage"},"thumbnailUrl":"https:\/\/www.ortungsgerate.de\/wp-content\/uploads\/unisex-laikrodis-su-slapta-kamera.jpg","datePublished":"2024-02-06T19:38:42+00:00","dateModified":"2025-11-26T17:01:36+00:00","description":"Hochwertigste Bildqualit\u00e4t \u2013 Armbanduhr mit versteckter Kamera. Hervorragende Videoaufl\u00f6sung, langlebiger Akku. Gro\u00dfe Auswahl, kostenloser Versand","breadcrumb":{"@id":"https:\/\/www.ortungsgerate.de\/12-versteckte-kameras\/32-armbanduhren-mit-kamera\/unisex-uhr-mit-versteckter-kamera-32gb\/#breadcrumb"},"inLanguage":"ru-RU","potentialAction":[{"@type":"ReadAction","target":["https:\/\/www.ortungsgerate.de\/12-versteckte-kameras\/32-armbanduhren-mit-kamera\/unisex-uhr-mit-versteckter-kamera-32gb\/"]}]},{"@type":"ImageObject","inLanguage":"ru-RU","@id":"https:\/\/www.ortungsgerate.de\/12-versteckte-kameras\/32-armbanduhren-mit-kamera\/unisex-uhr-mit-versteckter-kamera-32gb\/#primaryimage","url":"https:\/\/www.ortungsgerate.de\/wp-content\/uploads\/unisex-laikrodis-su-slapta-kamera.jpg","contentUrl":"https:\/\/www.ortungsgerate.de\/wp-content\/uploads\/unisex-laikrodis-su-slapta-kamera.jpg","width":1000,"height":1000,"caption":"Versteckte Kamera Armbanduhr in Goldfarbe"},{"@type":"BreadcrumbList","@id":"https:\/\/www.ortungsgerate.de\/12-versteckte-kameras\/32-armbanduhren-mit-kamera\/unisex-uhr-mit-versteckter-kamera-32gb\/#breadcrumb","itemListElement":[{"@type":"ListItem","position":1,"name":"Startseite","item":"https:\/\/www.ortungsgerate.de\/"},{"@type":"ListItem","position":2,"name":"Shop","item":"https:\/\/www.ortungsgerate.de\/shop\/"},{"@type":"ListItem","position":3,"name":"Unisex Uhr mit versteckter Kamera 32GB"}]},{"@type":"WebSite","@id":"https:\/\/www.ortungsgerate.de\/#website","url":"https:\/\/www.ortungsgerate.de\/","name":"Ortungsgerate.de","description":"","publisher":{"@id":"https:\/\/www.ortungsgerate.de\/#organization"},"potentialAction":[{"@type":"SearchAction","target":{"@type":"EntryPoint","urlTemplate":"https:\/\/www.ortungsgerate.de\/?s={search_term_string}"},"query-input":{"@type":"PropertyValueSpecification","valueRequired":true,"valueName":"search_term_string"}}],"inLanguage":"ru-RU"},{"@type":"Organization","@id":"https:\/\/www.ortungsgerate.de\/#organization","name":"Ortungsgerate.de","url":"https:\/\/www.ortungsgerate.de\/","logo":{"@type":"ImageObject","inLanguage":"ru-RU","@id":"https:\/\/www.ortungsgerate.de\/#\/schema\/logo\/image\/","url":"https:\/\/www.ortungsgerate.de\/wp-content\/uploads\/ortungsgerate.png","contentUrl":"https:\/\/www.ortungsgerate.de\/wp-content\/uploads\/ortungsgerate.png","width":500,"height":135,"caption":"Ortungsgerate.de"},"image":{"@id":"https:\/\/www.ortungsgerate.de\/#\/schema\/logo\/image\/"}}]}},"_links":{"self":[{"href":"https:\/\/www.ortungsgerate.de\/ru\/wp-json\/wp\/v2\/product\/16482","targetHints":{"allow":["GET"]}}],"collection":[{"href":"https:\/\/www.ortungsgerate.de\/ru\/wp-json\/wp\/v2\/product"}],"about":[{"href":"https:\/\/www.ortungsgerate.de\/ru\/wp-json\/wp\/v2\/types\/product"}],"version-history":[{"count":0,"href":"https:\/\/www.ortungsgerate.de\/ru\/wp-json\/wp\/v2\/product\/16482\/revisions"}],"wp:featuredmedia":[{"embeddable":true,"href":"https:\/\/www.ortungsgerate.de\/ru\/wp-json\/wp\/v2\/media\/2035"}],"wp:attachment":[{"href":"https:\/\/www.ortungsgerate.de\/ru\/wp-json\/wp\/v2\/media?parent=16482"}],"wp:term":[{"taxonomy":"brand","embeddable":true,"href":"https:\/\/www.ortungsgerate.de\/ru\/wp-json\/wp\/v2\/etheme_brands?post=16482"},{"taxonomy":"product_brand","embeddable":true,"href":"https:\/\/www.ortungsgerate.de\/ru\/wp-json\/wp\/v2\/product_brand?post=16482"},{"taxonomy":"product_cat","embeddable":true,"href":"https:\/\/www.ortungsgerate.de\/ru\/wp-json\/wp\/v2\/product_cat?post=16482"},{"taxonomy":"product_tag","embeddable":true,"href":"https:\/\/www.ortungsgerate.de\/ru\/wp-json\/wp\/v2\/product_tag?post=16482"}],"curies":[{"name":"wp","href":"https:\/\/api.w.org\/{rel}","templated":true}]}}