{"id":16483,"date":"2024-02-06T21:37:07","date_gmt":"2024-02-06T19:37:07","guid":{"rendered":"https:\/\/ortungsgerate.de\/be-kategorijos\/nuoma-raksa-idet-selektyvinis-rf-detektorius\/"},"modified":"2025-11-26T19:01:36","modified_gmt":"2025-11-26T17:01:36","slug":"arenda-raksa-idet-selektivnyy-rf-detektor-2","status":"publish","type":"product","link":"https:\/\/www.ortungsgerate.de\/ru\/26-detektory-2\/arenda-raksa-idet-selektivnyy-rf-detektor-2\/","title":{"rendered":"\u0410\u0420\u0415\u041d\u0414\u0410 Raksa iDET \u0441\u0435\u043b\u0435\u043a\u0442\u0438\u0432\u043d\u044b\u0439 RF-\u0434\u0435\u0442\u0435\u043a\u0442\u043e\u0440"},"content":{"rendered":"<h3><strong>MIETPREIS 60\u20ac &#8211; pro Tag Kaution 630\u20ac<\/strong><\/h3>\n<h3><strong>\u0422\u0435\u0445\u043d\u0438\u0447\u0435\u0441\u043a\u0438\u0435 \u043f\u0430\u0440\u0430\u043c\u0435\u0442\u0440\u044b:<\/strong><\/h3>\n<ul>\n<li><span style=\"color: #ff0000;\"><strong>EUROP\u00c4ISCHE VERSION 2024 \u2013 Raksa 121 LTE<\/strong><\/span><\/li>\n<li>LTE 4G \/4G + Volte<\/li>\n<li>GSM: 850\/ 900E\/ 1800 \/1900<\/li>\n<li>UMTS: 850\/ 900\/ 1800\/ 1900\/ 2100<\/li>\n<li>CMDA: 450(A-H) 800\/ 1900<\/li>\n<li>DECT:\u00a0schnurlose Telefone<\/li>\n<li>Bluetooth-Ger\u00e4te<\/li>\n<li>Wi-Fi-Ger\u00e4te<\/li>\n<li>Funksender: AM, FM, PM<\/li>\n<li>Digitale Sender: FSK, PSK und andere<\/li>\n<li>Sender mit einer Frequenz bis zu 10 MHz<\/li>\n<\/ul>\n<p><span style=\"color: #d0121a;\"><strong>   <\/strong><\/span><\/p>\n<p>Sehr kleiner und einfach zu bedienender GPS-Wanzen- und versteckter Kamerafinder (Detektor)<\/p>\n<p>Es gibt einen Schutzmodus: Der Detektor scannt alle vorhandenen Signale im Raum und wenn ein neues Signal erscheint (z. B. GSM, Wi-Fi oder ein anderes), informiert er Sie mit einem akustischen Signal. So k\u00f6nnen Sie sich vor Personen sch\u00fctzen, die zu einem Gespr\u00e4ch mit Abh\u00f6rtechnik erscheinen. Mit diesem Ger\u00e4t finden Sie auch leicht im Auto versteckte GPS-Ortungsger\u00e4te und GSM-Abh\u00f6rwanzen.<\/p>\n<p>\u00dcberwachungsmodus: Alle analogen und digitalen Signale werden erkannt. In diesem Modus sehen Sie auf dem Bildschirm die vollst\u00e4ndige Liste der erkannten Signale, sortiert nach Frequenz oder Signaltyp.<\/p>\n<p>\u00dcberwachung digitaler Signale:\u00a0ausgelegt zum Erkennen von Mobilger\u00e4ten, die GSM-Signale aussenden, z. B. GSM 900\/1800, UMTS (3G), CDMA450, schnurlose Telefone nach DECT-Standard, Bluetooth-Ger\u00e4te, Wi-Fi sowie andere Ger\u00e4te, die Funkfrequenzen im 2,4-GHz-Spektrum abstrahlen. In diesem Modus werden auf dem Bildschirm alle vorhandenen digitalen Signale angezeigt.<\/p>\n<p>ACHTUNG: Kaution f\u00fcr das Mietprodukt 630 \u20ac \u2013 bei R\u00fcckgabe der Ware wird die Kaution erstattet.<\/p>","protected":false},"excerpt":{"rendered":"<p>MIETPREIS 60\u20ac &#8211; pro Tag Kaution 630\u20ac Technische Parameter: EUROP\u00c4ISCHE VERSION 2024 \u2013 Raksa 121 LTE LTE 4G \/4G + Volte GSM: 850\/ 900E\/ 1800&#8230;<\/p>","protected":false},"featured_media":1568,"template":"","meta":[],"etheme_brands":[],"product_brand":[],"product_cat":[215],"product_tag":[767],"class_list":{"0":"post-16483","1":"product","2":"type-product","3":"status-publish","4":"has-post-thumbnail","6":"product_cat-26-detektoren","7":"product_tag-raksa-id-erkennung","9":"first","10":"outofstock","11":"taxable","12":"shipping-taxable","13":"purchasable","14":"product-type-simple"},"yoast_head":"<!-- This site is optimized with the Yoast SEO Premium plugin v25.9 (Yoast SEO v27.4) - https:\/\/yoast.com\/product\/yoast-seo-premium-wordpress\/ -->\n<title>MIETE Raksa iDET selektiver RF-Detektor GSM GPS WI FI BLUETOOTH<\/title>\n<meta name=\"robots\" content=\"index, follow, max-snippet:-1, max-image-preview:large, max-video-preview:-1\" \/>\n<link rel=\"canonical\" href=\"https:\/\/www.ortungsgerate.de\/ru\/26-detektory-2\/arenda-raksa-idet-selektivnyy-rf-detektor-2\/\" \/>\n<meta property=\"og:locale\" content=\"ru_RU\" \/>\n<meta property=\"og:type\" content=\"article\" \/>\n<meta property=\"og:title\" content=\"MIETE Raksa iDET selektiver RF-Detektor\" \/>\n<meta property=\"og:description\" content=\"MIETPREIS 60\u20ac &#8211; pro Tag Kaution 630\u20ac Technische Parameter: EUROP\u00c4ISCHE VERSION 2024 \u2013 Raksa 121 LTE LTE 4G \/4G + Volte GSM: 850\/ 900E\/ 1800...\" \/>\n<meta property=\"og:url\" content=\"https:\/\/www.ortungsgerate.de\/ru\/26-detektory-2\/arenda-raksa-idet-selektivnyy-rf-detektor-2\/\" \/>\n<meta property=\"og:site_name\" content=\"Ortungsger\u00e4te.de\" \/>\n<meta property=\"article:modified_time\" content=\"2025-11-26T17:01:36+00:00\" \/>\n<meta property=\"og:image\" content=\"https:\/\/www.ortungsgerate.de\/wp-content\/uploads\/nuoma-raksa-idet-selektyvinis-rf-detektorius.jpg\" \/>\n\t<meta property=\"og:image:width\" content=\"800\" \/>\n\t<meta property=\"og:image:height\" content=\"800\" \/>\n\t<meta property=\"og:image:type\" content=\"image\/jpeg\" \/>\n<meta name=\"twitter:card\" content=\"summary_large_image\" \/>\n<meta name=\"twitter:label1\" content=\"\u041f\u0440\u0438\u043c\u0435\u0440\u043d\u043e\u0435 \u0432\u0440\u0435\u043c\u044f \u0434\u043b\u044f \u0447\u0442\u0435\u043d\u0438\u044f\" \/>\n\t<meta name=\"twitter:data1\" content=\"2 \u043c\u0438\u043d\u0443\u0442\u044b\" \/>\n<script type=\"application\/ld+json\" class=\"yoast-schema-graph\">{\"@context\":\"https:\\\/\\\/schema.org\",\"@graph\":[{\"@type\":\"WebPage\",\"@id\":\"https:\\\/\\\/www.ortungsgerate.de\\\/26-detektoren\\\/miete-raksa-idet-selektiver-rf-detektor\\\/\",\"url\":\"https:\\\/\\\/www.ortungsgerate.de\\\/26-detektoren\\\/miete-raksa-idet-selektiver-rf-detektor\\\/\",\"name\":\"MIETE Raksa iDET selektiver RF-Detektor GSM GPS WI FI BLUETOOTH\",\"isPartOf\":{\"@id\":\"https:\\\/\\\/www.ortungsgerate.de\\\/#website\"},\"primaryImageOfPage\":{\"@id\":\"https:\\\/\\\/www.ortungsgerate.de\\\/26-detektoren\\\/miete-raksa-idet-selektiver-rf-detektor\\\/#primaryimage\"},\"image\":{\"@id\":\"https:\\\/\\\/www.ortungsgerate.de\\\/26-detektoren\\\/miete-raksa-idet-selektiver-rf-detektor\\\/#primaryimage\"},\"thumbnailUrl\":\"https:\\\/\\\/www.ortungsgerate.de\\\/wp-content\\\/uploads\\\/nuoma-raksa-idet-selektyvinis-rf-detektorius.jpg\",\"datePublished\":\"2024-02-06T19:37:07+00:00\",\"dateModified\":\"2025-11-26T17:01:36+00:00\",\"breadcrumb\":{\"@id\":\"https:\\\/\\\/www.ortungsgerate.de\\\/26-detektoren\\\/miete-raksa-idet-selektiver-rf-detektor\\\/#breadcrumb\"},\"inLanguage\":\"ru-RU\",\"potentialAction\":[{\"@type\":\"ReadAction\",\"target\":[\"https:\\\/\\\/www.ortungsgerate.de\\\/26-detektoren\\\/miete-raksa-idet-selektiver-rf-detektor\\\/\"]}]},{\"@type\":\"ImageObject\",\"inLanguage\":\"ru-RU\",\"@id\":\"https:\\\/\\\/www.ortungsgerate.de\\\/26-detektoren\\\/miete-raksa-idet-selektiver-rf-detektor\\\/#primaryimage\",\"url\":\"https:\\\/\\\/www.ortungsgerate.de\\\/wp-content\\\/uploads\\\/nuoma-raksa-idet-selektyvinis-rf-detektorius.jpg\",\"contentUrl\":\"https:\\\/\\\/www.ortungsgerate.de\\\/wp-content\\\/uploads\\\/nuoma-raksa-idet-selektyvinis-rf-detektorius.jpg\",\"width\":800,\"height\":800,\"caption\":\"Raksa iDET selektiver RF-Detektor\"},{\"@type\":\"BreadcrumbList\",\"@id\":\"https:\\\/\\\/www.ortungsgerate.de\\\/26-detektoren\\\/miete-raksa-idet-selektiver-rf-detektor\\\/#breadcrumb\",\"itemListElement\":[{\"@type\":\"ListItem\",\"position\":1,\"name\":\"Startseite\",\"item\":\"https:\\\/\\\/www.ortungsgerate.de\\\/\"},{\"@type\":\"ListItem\",\"position\":2,\"name\":\"Shop\",\"item\":\"https:\\\/\\\/www.ortungsgerate.de\\\/shop\\\/\"},{\"@type\":\"ListItem\",\"position\":3,\"name\":\"MIETE Raksa iDET selektiver RF-Detektor\"}]},{\"@type\":\"WebSite\",\"@id\":\"https:\\\/\\\/www.ortungsgerate.de\\\/#website\",\"url\":\"https:\\\/\\\/www.ortungsgerate.de\\\/\",\"name\":\"Ortungsgerate.de\",\"description\":\"\",\"publisher\":{\"@id\":\"https:\\\/\\\/www.ortungsgerate.de\\\/#organization\"},\"potentialAction\":[{\"@type\":\"SearchAction\",\"target\":{\"@type\":\"EntryPoint\",\"urlTemplate\":\"https:\\\/\\\/www.ortungsgerate.de\\\/?s={search_term_string}\"},\"query-input\":{\"@type\":\"PropertyValueSpecification\",\"valueRequired\":true,\"valueName\":\"search_term_string\"}}],\"inLanguage\":\"ru-RU\"},{\"@type\":\"Organization\",\"@id\":\"https:\\\/\\\/www.ortungsgerate.de\\\/#organization\",\"name\":\"Ortungsgerate.de\",\"url\":\"https:\\\/\\\/www.ortungsgerate.de\\\/\",\"logo\":{\"@type\":\"ImageObject\",\"inLanguage\":\"ru-RU\",\"@id\":\"https:\\\/\\\/www.ortungsgerate.de\\\/#\\\/schema\\\/logo\\\/image\\\/\",\"url\":\"https:\\\/\\\/www.ortungsgerate.de\\\/wp-content\\\/uploads\\\/ortungsgerate.png\",\"contentUrl\":\"https:\\\/\\\/www.ortungsgerate.de\\\/wp-content\\\/uploads\\\/ortungsgerate.png\",\"width\":500,\"height\":135,\"caption\":\"Ortungsgerate.de\"},\"image\":{\"@id\":\"https:\\\/\\\/www.ortungsgerate.de\\\/#\\\/schema\\\/logo\\\/image\\\/\"}}]}<\/script>\n<!-- \/ Yoast SEO Premium plugin. -->","yoast_head_json":{"title":"MIETE Raksa iDET selektiver RF-Detektor GSM GPS WI FI BLUETOOTH","robots":{"index":"index","follow":"follow","max-snippet":"max-snippet:-1","max-image-preview":"max-image-preview:large","max-video-preview":"max-video-preview:-1"},"canonical":"https:\/\/www.ortungsgerate.de\/ru\/26-detektory-2\/arenda-raksa-idet-selektivnyy-rf-detektor-2\/","og_locale":"ru_RU","og_type":"article","og_title":"MIETE Raksa iDET selektiver RF-Detektor","og_description":"MIETPREIS 60\u20ac &#8211; pro Tag Kaution 630\u20ac Technische Parameter: EUROP\u00c4ISCHE VERSION 2024 \u2013 Raksa 121 LTE LTE 4G \/4G + Volte GSM: 850\/ 900E\/ 1800...","og_url":"https:\/\/www.ortungsgerate.de\/ru\/26-detektory-2\/arenda-raksa-idet-selektivnyy-rf-detektor-2\/","og_site_name":"Ortungsger\u00e4te.de","article_modified_time":"2025-11-26T17:01:36+00:00","og_image":[{"width":800,"height":800,"url":"https:\/\/www.ortungsgerate.de\/wp-content\/uploads\/nuoma-raksa-idet-selektyvinis-rf-detektorius.jpg","type":"image\/jpeg"}],"twitter_card":"summary_large_image","twitter_misc":{"\u041f\u0440\u0438\u043c\u0435\u0440\u043d\u043e\u0435 \u0432\u0440\u0435\u043c\u044f \u0434\u043b\u044f \u0447\u0442\u0435\u043d\u0438\u044f":"2 \u043c\u0438\u043d\u0443\u0442\u044b"},"schema":{"@context":"https:\/\/schema.org","@graph":[{"@type":"WebPage","@id":"https:\/\/www.ortungsgerate.de\/26-detektoren\/miete-raksa-idet-selektiver-rf-detektor\/","url":"https:\/\/www.ortungsgerate.de\/26-detektoren\/miete-raksa-idet-selektiver-rf-detektor\/","name":"MIETE Raksa iDET selektiver RF-Detektor GSM GPS WI FI BLUETOOTH","isPartOf":{"@id":"https:\/\/www.ortungsgerate.de\/#website"},"primaryImageOfPage":{"@id":"https:\/\/www.ortungsgerate.de\/26-detektoren\/miete-raksa-idet-selektiver-rf-detektor\/#primaryimage"},"image":{"@id":"https:\/\/www.ortungsgerate.de\/26-detektoren\/miete-raksa-idet-selektiver-rf-detektor\/#primaryimage"},"thumbnailUrl":"https:\/\/www.ortungsgerate.de\/wp-content\/uploads\/nuoma-raksa-idet-selektyvinis-rf-detektorius.jpg","datePublished":"2024-02-06T19:37:07+00:00","dateModified":"2025-11-26T17:01:36+00:00","breadcrumb":{"@id":"https:\/\/www.ortungsgerate.de\/26-detektoren\/miete-raksa-idet-selektiver-rf-detektor\/#breadcrumb"},"inLanguage":"ru-RU","potentialAction":[{"@type":"ReadAction","target":["https:\/\/www.ortungsgerate.de\/26-detektoren\/miete-raksa-idet-selektiver-rf-detektor\/"]}]},{"@type":"ImageObject","inLanguage":"ru-RU","@id":"https:\/\/www.ortungsgerate.de\/26-detektoren\/miete-raksa-idet-selektiver-rf-detektor\/#primaryimage","url":"https:\/\/www.ortungsgerate.de\/wp-content\/uploads\/nuoma-raksa-idet-selektyvinis-rf-detektorius.jpg","contentUrl":"https:\/\/www.ortungsgerate.de\/wp-content\/uploads\/nuoma-raksa-idet-selektyvinis-rf-detektorius.jpg","width":800,"height":800,"caption":"Raksa iDET selektiver RF-Detektor"},{"@type":"BreadcrumbList","@id":"https:\/\/www.ortungsgerate.de\/26-detektoren\/miete-raksa-idet-selektiver-rf-detektor\/#breadcrumb","itemListElement":[{"@type":"ListItem","position":1,"name":"Startseite","item":"https:\/\/www.ortungsgerate.de\/"},{"@type":"ListItem","position":2,"name":"Shop","item":"https:\/\/www.ortungsgerate.de\/shop\/"},{"@type":"ListItem","position":3,"name":"MIETE Raksa iDET selektiver RF-Detektor"}]},{"@type":"WebSite","@id":"https:\/\/www.ortungsgerate.de\/#website","url":"https:\/\/www.ortungsgerate.de\/","name":"Ortungsgerate.de","description":"","publisher":{"@id":"https:\/\/www.ortungsgerate.de\/#organization"},"potentialAction":[{"@type":"SearchAction","target":{"@type":"EntryPoint","urlTemplate":"https:\/\/www.ortungsgerate.de\/?s={search_term_string}"},"query-input":{"@type":"PropertyValueSpecification","valueRequired":true,"valueName":"search_term_string"}}],"inLanguage":"ru-RU"},{"@type":"Organization","@id":"https:\/\/www.ortungsgerate.de\/#organization","name":"Ortungsgerate.de","url":"https:\/\/www.ortungsgerate.de\/","logo":{"@type":"ImageObject","inLanguage":"ru-RU","@id":"https:\/\/www.ortungsgerate.de\/#\/schema\/logo\/image\/","url":"https:\/\/www.ortungsgerate.de\/wp-content\/uploads\/ortungsgerate.png","contentUrl":"https:\/\/www.ortungsgerate.de\/wp-content\/uploads\/ortungsgerate.png","width":500,"height":135,"caption":"Ortungsgerate.de"},"image":{"@id":"https:\/\/www.ortungsgerate.de\/#\/schema\/logo\/image\/"}}]}},"_links":{"self":[{"href":"https:\/\/www.ortungsgerate.de\/ru\/wp-json\/wp\/v2\/product\/16483","targetHints":{"allow":["GET"]}}],"collection":[{"href":"https:\/\/www.ortungsgerate.de\/ru\/wp-json\/wp\/v2\/product"}],"about":[{"href":"https:\/\/www.ortungsgerate.de\/ru\/wp-json\/wp\/v2\/types\/product"}],"version-history":[{"count":0,"href":"https:\/\/www.ortungsgerate.de\/ru\/wp-json\/wp\/v2\/product\/16483\/revisions"}],"wp:featuredmedia":[{"embeddable":true,"href":"https:\/\/www.ortungsgerate.de\/ru\/wp-json\/wp\/v2\/media\/1568"}],"wp:attachment":[{"href":"https:\/\/www.ortungsgerate.de\/ru\/wp-json\/wp\/v2\/media?parent=16483"}],"wp:term":[{"taxonomy":"brand","embeddable":true,"href":"https:\/\/www.ortungsgerate.de\/ru\/wp-json\/wp\/v2\/etheme_brands?post=16483"},{"taxonomy":"product_brand","embeddable":true,"href":"https:\/\/www.ortungsgerate.de\/ru\/wp-json\/wp\/v2\/product_brand?post=16483"},{"taxonomy":"product_cat","embeddable":true,"href":"https:\/\/www.ortungsgerate.de\/ru\/wp-json\/wp\/v2\/product_cat?post=16483"},{"taxonomy":"product_tag","embeddable":true,"href":"https:\/\/www.ortungsgerate.de\/ru\/wp-json\/wp\/v2\/product_tag?post=16483"}],"curies":[{"name":"wp","href":"https:\/\/api.w.org\/{rel}","templated":true}]}}