{"id":16485,"date":"2024-02-07T12:00:39","date_gmt":"2024-02-07T10:00:39","guid":{"rendered":"https:\/\/ortungsgerate.de\/be-kategorijos\/visus-rysius-blokuojantis-deklas-didelis-41x-39-cm\/"},"modified":"2025-12-01T11:26:01","modified_gmt":"2025-12-01T10:26:01","slug":"sumka-blokiruyuschaya-vse-soedineniya-bolshaya-41-x-39-sm","status":"publish","type":"product","link":"https:\/\/www.ortungsgerate.de\/ru\/16-proslushivayushcheye-oborudovaniye-2\/sumka-blokiruyuschaya-vse-soedineniya-bolshaya-41-x-39-sm\/","title":{"rendered":"\u0421\u0443\u043c\u043a\u0430, \u0431\u043b\u043e\u043a\u0438\u0440\u0443\u044e\u0449\u0430\u044f \u0432\u0441\u0435 \u0441\u043e\u0435\u0434\u0438\u043d\u0435\u043d\u0438\u044f, \u0411\u041e\u041b\u042c\u0428\u0410\u042f 41 x 39 \u0441\u043c"},"content":{"rendered":"<h3><strong>\u0422\u0435\u0445\u043d\u0438\u0447\u0435\u0441\u043a\u0438\u0435 \u043f\u0430\u0440\u0430\u043c\u0435\u0442\u0440\u044b:<\/strong><\/h3>\n<h1><\/h1>\n<ul>\n<li>\u0420\u0430\u0437\u043c\u0435\u0440\u044b: 41\u0441\u043c x 39\u0441\u043c<\/li>\n<li>\u041d\u0430 \u0444\u043e\u0442\u043e \u0438\u0437\u043e\u0431\u0440\u0430\u0436\u0435\u043d Apple MacBook Air<\/li>\n<li>\u041e\u0441\u043e\u0431\u0435\u043d\u043d\u043e \u0431\u043e\u043b\u044c\u0448\u0438\u0435 \u0440\u0430\u0437\u043c\u0435\u0440\u044b<\/li>\n<li>\u0418\u0437\u0433\u043e\u0442\u043e\u0432\u043b\u0435\u043d\u043e \u0438\u0437 \u0438\u0441\u043a\u0443\u0441\u0441\u0442\u0432\u0435\u043d\u043d\u043e\u0439 \u043a\u043e\u0436\u0438<\/li>\n<li>\u041f\u043e\u0434\u0445\u043e\u0434\u0438\u0442 \u0434\u043b\u044f \u043d\u043e\u0443\u0442\u0431\u0443\u043a\u043e\u0432 \u0438 \u043f\u043b\u0430\u043d\u0448\u0435\u0442\u043d\u044b\u0445 \u043a\u043e\u043c\u043f\u044c\u044e\u0442\u0435\u0440\u043e\u0432<\/li>\n<li>\u0411\u043b\u043e\u043a\u0438\u0440\u0443\u0435\u0442 \u0441\u0438\u0433\u043d\u0430\u043b\u044b: GSM, GPS, Wi-Fi, BLUETOOTH, VHF, UHF, 3G, 4G, 5G, KEYLESS GO<\/li>\n<li>\u041f\u043e\u0434\u0445\u043e\u0434\u0438\u0442 \u0434\u043b\u044f: \u0432\u0441\u0435\u0445 \u0430\u0432\u0442\u043e\u043c\u043e\u0431\u0438\u043b\u044c\u043d\u044b\u0445 \u043a\u043b\u044e\u0447\u0435\u0439 \u0441 \u0441\u0438\u0441\u0442\u0435\u043c\u043e\u0439 \u0431\u0435\u0441\u043a\u043b\u044e\u0447\u0435\u0432\u043e\u0433\u043e \u0437\u0430\u043f\u0443\u0441\u043a\u0430<\/li>\n<li>\u0411\u043b\u043e\u043a\u0438\u0440\u0443\u0435\u0442: \u0431\u0430\u043d\u043a\u043e\u0432\u0441\u043a\u0438\u0435 \u043a\u0430\u0440\u0442\u044b, \u0447\u0442\u043e\u0431\u044b \u0432\u0430\u0448\u0438 \u0434\u0430\u043d\u043d\u044b\u0435 \u043d\u0435 \u0431\u044b\u043b\u0438 \u0441\u0447\u0438\u0442\u0430\u043d\u044b<\/li>\n<li>\u041c\u0430\u0442\u0435\u0440\u0438\u0430\u043b: \u0438\u0441\u043a\u0443\u0441\u0441\u0442\u0432\u0435\u043d\u043d\u0430\u044f \u043a\u043e\u0436\u0430<\/li>\n<li>\u041f\u043e\u0434\u0445\u043e\u0434\u0438\u0442 \u0434\u043b\u044f: \u0430\u0432\u0442\u043e\u043c\u043e\u0431\u0438\u043b\u044c\u043d\u044b\u0445 \u043a\u043b\u044e\u0447\u0435\u0439, \u043d\u0435\u0431\u043e\u043b\u044c\u0448\u0438\u0445 \u043c\u043e\u0431\u0438\u043b\u044c\u043d\u044b\u0445 \u0442\u0435\u043b\u0435\u0444\u043e\u043d\u043e\u0432<\/li>\n<li>\u0413\u0430\u0440\u0430\u043d\u0442\u0438\u044f 6 \u043c\u0435\u0441\u044f\u0446\u0435\u0432<\/li>\n<\/ul>\n<p><span style=\"color: #d0121a;\"><strong>   <\/strong><\/span><\/p>\n<p>\u0424\u0430\u0440\u0430\u0434\u0435\u0435\u0432\u0430\u044f \u0441\u0443\u043c\u043a\u0430 \u0434\u043b\u044f \u043d\u043e\u0443\u0442\u0431\u0443\u043a\u043e\u0432 - \u044d\u0442\u043e \u0441\u043f\u0435\u0446\u0438\u0430\u043b\u044c\u043d\u043e \u0440\u0430\u0437\u0440\u0430\u0431\u043e\u0442\u0430\u043d\u043d\u043e\u0435 \u0437\u0430\u0449\u0438\u0442\u043d\u043e\u0435 \u0441\u0440\u0435\u0434\u0441\u0442\u0432\u043e, \u043f\u0440\u0435\u0434\u043d\u0430\u0437\u043d\u0430\u0447\u0435\u043d\u043d\u043e\u0435 \u0434\u043b\u044f \u0431\u043b\u043e\u043a\u0438\u0440\u043e\u0432\u043a\u0438 \u0432\u043d\u0435\u0448\u043d\u0438\u0445 \u044d\u043b\u0435\u043a\u0442\u0440\u043e\u043c\u0430\u0433\u043d\u0438\u0442\u043d\u044b\u0445 \u043f\u043e\u043b\u0435\u0439. \u041e\u043d\u0430 \u044d\u0444\u0444\u0435\u043a\u0442\u0438\u0432\u043d\u043e \u0437\u0430\u0449\u0438\u0449\u0430\u0435\u0442 \u043d\u043e\u0443\u0442\u0431\u0443\u043a \u043e\u0442 \u0432\u043d\u0435\u0448\u043d\u0438\u0445 \u044d\u043b\u0435\u043a\u0442\u0440\u043e\u043c\u0430\u0433\u043d\u0438\u0442\u043d\u044b\u0445 \u0438\u043c\u043f\u0443\u043b\u044c\u0441\u043e\u0432, \u043e\u0431\u0435\u0441\u043f\u0435\u0447\u0438\u0432\u0430\u044f \u043f\u0440\u0438 \u044d\u0442\u043e\u043c \u0431\u0435\u0437\u043e\u043f\u0430\u0441\u043d\u043e\u0441\u0442\u044c \u0434\u0430\u043d\u043d\u044b\u0445 \u043e\u0442 \u0432\u043e\u0437\u043c\u043e\u0436\u043d\u044b\u0445 \u043f\u043e\u043f\u044b\u0442\u043e\u043a \u0448\u043f\u0438\u043e\u043d\u0430\u0436\u0430 \u0438\u043b\u0438 \u043f\u043e\u043c\u0435\u0445. \u042d\u0442\u0430 \u0441\u0443\u043c\u043a\u0430 \u043e\u0441\u043e\u0431\u0435\u043d\u043d\u043e \u043f\u043e\u043b\u0435\u0437\u043d\u0430 \u0434\u043b\u044f \u0437\u0430\u0449\u0438\u0442\u044b \u043a\u043e\u043d\u0444\u0438\u0434\u0435\u043d\u0446\u0438\u0430\u043b\u044c\u043d\u043e\u0439 \u0438\u043d\u0444\u043e\u0440\u043c\u0430\u0446\u0438\u0438, \u0445\u0440\u0430\u043d\u044f\u0449\u0435\u0439\u0441\u044f \u043d\u0430 \u043a\u043e\u043c\u043f\u044c\u044e\u0442\u0435\u0440\u0435, \u0438 \u0446\u0435\u043d\u0438\u0442\u0441\u044f \u0441\u043e\u0442\u0440\u0443\u0434\u043d\u0438\u043a\u0430\u043c\u0438, \u0447\u044c\u044f \u0434\u0435\u044f\u0442\u0435\u043b\u044c\u043d\u043e\u0441\u0442\u044c \u0441\u0432\u044f\u0437\u0430\u043d\u0430 \u0441 \u0437\u0430\u0449\u0438\u0442\u043e\u0439 \u0434\u0430\u043d\u043d\u044b\u0445 \u0438 \u0431\u0435\u0437\u043e\u043f\u0430\u0441\u043d\u043e\u0441\u0442\u044c\u044e \u0438\u043d\u0444\u043e\u0440\u043c\u0430\u0446\u0438\u0438.<\/p>","protected":false},"excerpt":{"rendered":"<p>Technische Parameter: Abmessungen: 41cm x 39cm Auf dem Foto ist ein Apple MacBook Air Besonders gro\u00dfe Abmessungen Hergestellt aus Kunstleder Geeignet f\u00fcr Laptops und Tablet-Computer&#8230;<\/p>","protected":false},"featured_media":2301,"template":"","meta":[],"etheme_brands":[],"product_brand":[],"product_cat":[208,215,207,211,214,220,217],"product_tag":[744,745,746,749,748,747],"class_list":{"0":"post-16485","1":"product","2":"type-product","3":"status-publish","4":"has-post-thumbnail","6":"product_cat-16-abhoergeraete","7":"product_cat-26-detektoren","8":"product_cat-13-diktiergeraete","9":"product_cat-22-gsm-abhoergeraete-wanzen","10":"product_cat-21-professionelle-abhoergeraete","11":"product_cat-31-schutz-vor-abhoeren-und-ueberwachung","12":"product_cat-28-sonstiges","13":"product_tag-gps-stoersender","14":"product_tag-gsm-stoersender","15":"product_tag-schluesselabsicherung","16":"product_tag-signalblockierende-handyhuelle","17":"product_tag-signalblockierende-huelle-fuer-computer","18":"product_tag-signalblockierende-tasche","20":"first","21":"instock","22":"taxable","23":"shipping-taxable","24":"purchasable","25":"product-type-simple"},"yoast_head":"<!-- This site is optimized with the Yoast SEO Premium plugin v25.9 (Yoast SEO v27.4) - https:\/\/yoast.com\/product\/yoast-seo-premium-wordpress\/ -->\n<title>Gro\u00dfe 41 x 39 cm Signalblockierende Tasche f\u00fcr Computer<\/title>\n<meta name=\"description\" content=\"Faraday-Tasche f\u00fcr Laptops mit besonders gro\u00dfen Abmessungen von 41 x 39 cm. Schutz vor Abh\u00f6ren und elektromagnetischer Strahlung. Ortungsger\u00e4te g\u00fcnstiger\" \/>\n<meta name=\"robots\" content=\"index, follow, max-snippet:-1, max-image-preview:large, max-video-preview:-1\" \/>\n<link rel=\"canonical\" href=\"https:\/\/www.ortungsgerate.de\/ru\/16-proslushivayushcheye-oborudovaniye-2\/sumka-blokiruyuschaya-vse-soedineniya-bolshaya-41-x-39-sm\/\" \/>\n<meta property=\"og:locale\" content=\"ru_RU\" \/>\n<meta property=\"og:type\" content=\"article\" \/>\n<meta property=\"og:title\" content=\"Alle Verbindungen blockierende Tasche GROSS 41 x 39 cm\" \/>\n<meta property=\"og:description\" content=\"Faraday-Tasche f\u00fcr Laptops mit besonders gro\u00dfen Abmessungen von 41 x 39 cm. Schutz vor Abh\u00f6ren und elektromagnetischer Strahlung. Ortungsger\u00e4te g\u00fcnstiger\" \/>\n<meta property=\"og:url\" content=\"https:\/\/www.ortungsgerate.de\/ru\/16-proslushivayushcheye-oborudovaniye-2\/sumka-blokiruyuschaya-vse-soedineniya-bolshaya-41-x-39-sm\/\" \/>\n<meta property=\"og:site_name\" content=\"Ortungsger\u00e4te.de\" \/>\n<meta property=\"article:modified_time\" content=\"2025-12-01T10:26:01+00:00\" \/>\n<meta property=\"og:image\" content=\"https:\/\/www.ortungsgerate.de\/wp-content\/uploads\/visus-rysius-blokuojantis-deklas-didelis-41x-39-cm.jpg\" \/>\n\t<meta property=\"og:image:width\" content=\"1200\" \/>\n\t<meta property=\"og:image:height\" content=\"1600\" \/>\n\t<meta property=\"og:image:type\" content=\"image\/jpeg\" \/>\n<meta name=\"twitter:card\" content=\"summary_large_image\" \/>\n<meta name=\"twitter:label1\" content=\"\u041f\u0440\u0438\u043c\u0435\u0440\u043d\u043e\u0435 \u0432\u0440\u0435\u043c\u044f \u0434\u043b\u044f \u0447\u0442\u0435\u043d\u0438\u044f\" \/>\n\t<meta name=\"twitter:data1\" content=\"1 \u043c\u0438\u043d\u0443\u0442\u0430\" \/>\n<script type=\"application\/ld+json\" class=\"yoast-schema-graph\">{\"@context\":\"https:\\\/\\\/schema.org\",\"@graph\":[{\"@type\":\"WebPage\",\"@id\":\"https:\\\/\\\/www.ortungsgerate.de\\\/16-abhoergeraete\\\/alle-verbindungen-blockierende-tasche-gross-41-x-39-cm\\\/\",\"url\":\"https:\\\/\\\/www.ortungsgerate.de\\\/16-abhoergeraete\\\/alle-verbindungen-blockierende-tasche-gross-41-x-39-cm\\\/\",\"name\":\"Gro\u00dfe 41 x 39 cm Signalblockierende Tasche f\u00fcr Computer\",\"isPartOf\":{\"@id\":\"https:\\\/\\\/www.ortungsgerate.de\\\/#website\"},\"primaryImageOfPage\":{\"@id\":\"https:\\\/\\\/www.ortungsgerate.de\\\/16-abhoergeraete\\\/alle-verbindungen-blockierende-tasche-gross-41-x-39-cm\\\/#primaryimage\"},\"image\":{\"@id\":\"https:\\\/\\\/www.ortungsgerate.de\\\/16-abhoergeraete\\\/alle-verbindungen-blockierende-tasche-gross-41-x-39-cm\\\/#primaryimage\"},\"thumbnailUrl\":\"https:\\\/\\\/www.ortungsgerate.de\\\/wp-content\\\/uploads\\\/visus-rysius-blokuojantis-deklas-didelis-41x-39-cm.jpg\",\"datePublished\":\"2024-02-07T10:00:39+00:00\",\"dateModified\":\"2025-12-01T10:26:01+00:00\",\"description\":\"Faraday-Tasche f\u00fcr Laptops mit besonders gro\u00dfen Abmessungen von 41 x 39 cm. Schutz vor Abh\u00f6ren und elektromagnetischer Strahlung. Ortungsger\u00e4te g\u00fcnstiger\",\"breadcrumb\":{\"@id\":\"https:\\\/\\\/www.ortungsgerate.de\\\/16-abhoergeraete\\\/alle-verbindungen-blockierende-tasche-gross-41-x-39-cm\\\/#breadcrumb\"},\"inLanguage\":\"ru-RU\",\"potentialAction\":[{\"@type\":\"ReadAction\",\"target\":[\"https:\\\/\\\/www.ortungsgerate.de\\\/16-abhoergeraete\\\/alle-verbindungen-blockierende-tasche-gross-41-x-39-cm\\\/\"]}]},{\"@type\":\"ImageObject\",\"inLanguage\":\"ru-RU\",\"@id\":\"https:\\\/\\\/www.ortungsgerate.de\\\/16-abhoergeraete\\\/alle-verbindungen-blockierende-tasche-gross-41-x-39-cm\\\/#primaryimage\",\"url\":\"https:\\\/\\\/www.ortungsgerate.de\\\/wp-content\\\/uploads\\\/visus-rysius-blokuojantis-deklas-didelis-41x-39-cm.jpg\",\"contentUrl\":\"https:\\\/\\\/www.ortungsgerate.de\\\/wp-content\\\/uploads\\\/visus-rysius-blokuojantis-deklas-didelis-41x-39-cm.jpg\",\"width\":1200,\"height\":1600,\"caption\":\"Alle Verbindungen blockierende Tasche 41 x 39 cm\"},{\"@type\":\"BreadcrumbList\",\"@id\":\"https:\\\/\\\/www.ortungsgerate.de\\\/16-abhoergeraete\\\/alle-verbindungen-blockierende-tasche-gross-41-x-39-cm\\\/#breadcrumb\",\"itemListElement\":[{\"@type\":\"ListItem\",\"position\":1,\"name\":\"Startseite\",\"item\":\"https:\\\/\\\/www.ortungsgerate.de\\\/\"},{\"@type\":\"ListItem\",\"position\":2,\"name\":\"Shop\",\"item\":\"https:\\\/\\\/www.ortungsgerate.de\\\/shop\\\/\"},{\"@type\":\"ListItem\",\"position\":3,\"name\":\"Alle Verbindungen blockierende Tasche GROSS 41 x 39 cm\"}]},{\"@type\":\"WebSite\",\"@id\":\"https:\\\/\\\/www.ortungsgerate.de\\\/#website\",\"url\":\"https:\\\/\\\/www.ortungsgerate.de\\\/\",\"name\":\"Ortungsgerate.de\",\"description\":\"\",\"publisher\":{\"@id\":\"https:\\\/\\\/www.ortungsgerate.de\\\/#organization\"},\"potentialAction\":[{\"@type\":\"SearchAction\",\"target\":{\"@type\":\"EntryPoint\",\"urlTemplate\":\"https:\\\/\\\/www.ortungsgerate.de\\\/?s={search_term_string}\"},\"query-input\":{\"@type\":\"PropertyValueSpecification\",\"valueRequired\":true,\"valueName\":\"search_term_string\"}}],\"inLanguage\":\"ru-RU\"},{\"@type\":\"Organization\",\"@id\":\"https:\\\/\\\/www.ortungsgerate.de\\\/#organization\",\"name\":\"Ortungsgerate.de\",\"url\":\"https:\\\/\\\/www.ortungsgerate.de\\\/\",\"logo\":{\"@type\":\"ImageObject\",\"inLanguage\":\"ru-RU\",\"@id\":\"https:\\\/\\\/www.ortungsgerate.de\\\/#\\\/schema\\\/logo\\\/image\\\/\",\"url\":\"https:\\\/\\\/www.ortungsgerate.de\\\/wp-content\\\/uploads\\\/ortungsgerate.png\",\"contentUrl\":\"https:\\\/\\\/www.ortungsgerate.de\\\/wp-content\\\/uploads\\\/ortungsgerate.png\",\"width\":500,\"height\":135,\"caption\":\"Ortungsgerate.de\"},\"image\":{\"@id\":\"https:\\\/\\\/www.ortungsgerate.de\\\/#\\\/schema\\\/logo\\\/image\\\/\"}}]}<\/script>\n<!-- \/ Yoast SEO Premium plugin. -->","yoast_head_json":{"title":"\u0411\u043e\u043b\u044c\u0448\u0430\u044f 41 x 39 \u0441\u043c \u0441\u0443\u043c\u043a\u0430, \u0431\u043b\u043e\u043a\u0438\u0440\u0443\u044e\u0449\u0430\u044f \u0441\u0438\u0433\u043d\u0430\u043b\u044b, \u0434\u043b\u044f \u043a\u043e\u043c\u043f\u044c\u044e\u0442\u0435\u0440\u0430","description":"\u0421\u0443\u043c\u043a\u0430 \u0424\u0430\u0440\u0430\u0434\u0435\u044f \u0434\u043b\u044f \u043d\u043e\u0443\u0442\u0431\u0443\u043a\u043e\u0432 \u0441 \u043e\u0441\u043e\u0431\u0435\u043d\u043d\u043e \u0431\u043e\u043b\u044c\u0448\u0438\u043c\u0438 \u0440\u0430\u0437\u043c\u0435\u0440\u0430\u043c\u0438 41 x 39 \u0441\u043c.","robots":{"index":"index","follow":"follow","max-snippet":"max-snippet:-1","max-image-preview":"max-image-preview:large","max-video-preview":"max-video-preview:-1"},"canonical":"https:\/\/www.ortungsgerate.de\/ru\/16-proslushivayushcheye-oborudovaniye-2\/sumka-blokiruyuschaya-vse-soedineniya-bolshaya-41-x-39-sm\/","og_locale":"ru_RU","og_type":"article","og_title":"Alle Verbindungen blockierende Tasche GROSS 41 x 39 cm","og_description":"Faraday-Tasche f\u00fcr Laptops mit besonders gro\u00dfen Abmessungen von 41 x 39 cm. Schutz vor Abh\u00f6ren und elektromagnetischer Strahlung. Ortungsger\u00e4te g\u00fcnstiger","og_url":"https:\/\/www.ortungsgerate.de\/ru\/16-proslushivayushcheye-oborudovaniye-2\/sumka-blokiruyuschaya-vse-soedineniya-bolshaya-41-x-39-sm\/","og_site_name":"Ortungsger\u00e4te.de","article_modified_time":"2025-12-01T10:26:01+00:00","og_image":[{"width":1200,"height":1600,"url":"https:\/\/www.ortungsgerate.de\/wp-content\/uploads\/visus-rysius-blokuojantis-deklas-didelis-41x-39-cm.jpg","type":"image\/jpeg"}],"twitter_card":"summary_large_image","twitter_misc":{"\u041f\u0440\u0438\u043c\u0435\u0440\u043d\u043e\u0435 \u0432\u0440\u0435\u043c\u044f \u0434\u043b\u044f \u0447\u0442\u0435\u043d\u0438\u044f":"1 \u043c\u0438\u043d\u0443\u0442\u0430"},"schema":{"@context":"https:\/\/schema.org","@graph":[{"@type":"WebPage","@id":"https:\/\/www.ortungsgerate.de\/16-abhoergeraete\/alle-verbindungen-blockierende-tasche-gross-41-x-39-cm\/","url":"https:\/\/www.ortungsgerate.de\/16-abhoergeraete\/alle-verbindungen-blockierende-tasche-gross-41-x-39-cm\/","name":"\u0411\u043e\u043b\u044c\u0448\u0430\u044f 41 x 39 \u0441\u043c \u0441\u0443\u043c\u043a\u0430, \u0431\u043b\u043e\u043a\u0438\u0440\u0443\u044e\u0449\u0430\u044f \u0441\u0438\u0433\u043d\u0430\u043b\u044b, \u0434\u043b\u044f \u043a\u043e\u043c\u043f\u044c\u044e\u0442\u0435\u0440\u0430","isPartOf":{"@id":"https:\/\/www.ortungsgerate.de\/#website"},"primaryImageOfPage":{"@id":"https:\/\/www.ortungsgerate.de\/16-abhoergeraete\/alle-verbindungen-blockierende-tasche-gross-41-x-39-cm\/#primaryimage"},"image":{"@id":"https:\/\/www.ortungsgerate.de\/16-abhoergeraete\/alle-verbindungen-blockierende-tasche-gross-41-x-39-cm\/#primaryimage"},"thumbnailUrl":"https:\/\/www.ortungsgerate.de\/wp-content\/uploads\/visus-rysius-blokuojantis-deklas-didelis-41x-39-cm.jpg","datePublished":"2024-02-07T10:00:39+00:00","dateModified":"2025-12-01T10:26:01+00:00","description":"\u0421\u0443\u043c\u043a\u0430 \u0424\u0430\u0440\u0430\u0434\u0435\u044f \u0434\u043b\u044f \u043d\u043e\u0443\u0442\u0431\u0443\u043a\u043e\u0432 \u0441 \u043e\u0441\u043e\u0431\u0435\u043d\u043d\u043e \u0431\u043e\u043b\u044c\u0448\u0438\u043c\u0438 \u0440\u0430\u0437\u043c\u0435\u0440\u0430\u043c\u0438 41 x 39 \u0441\u043c.","breadcrumb":{"@id":"https:\/\/www.ortungsgerate.de\/16-abhoergeraete\/alle-verbindungen-blockierende-tasche-gross-41-x-39-cm\/#breadcrumb"},"inLanguage":"ru-RU","potentialAction":[{"@type":"ReadAction","target":["https:\/\/www.ortungsgerate.de\/16-abhoergeraete\/alle-verbindungen-blockierende-tasche-gross-41-x-39-cm\/"]}]},{"@type":"ImageObject","inLanguage":"ru-RU","@id":"https:\/\/www.ortungsgerate.de\/16-abhoergeraete\/alle-verbindungen-blockierende-tasche-gross-41-x-39-cm\/#primaryimage","url":"https:\/\/www.ortungsgerate.de\/wp-content\/uploads\/visus-rysius-blokuojantis-deklas-didelis-41x-39-cm.jpg","contentUrl":"https:\/\/www.ortungsgerate.de\/wp-content\/uploads\/visus-rysius-blokuojantis-deklas-didelis-41x-39-cm.jpg","width":1200,"height":1600,"caption":"Alle Verbindungen blockierende Tasche 41 x 39 cm"},{"@type":"BreadcrumbList","@id":"https:\/\/www.ortungsgerate.de\/16-abhoergeraete\/alle-verbindungen-blockierende-tasche-gross-41-x-39-cm\/#breadcrumb","itemListElement":[{"@type":"ListItem","position":1,"name":"Startseite","item":"https:\/\/www.ortungsgerate.de\/"},{"@type":"ListItem","position":2,"name":"Shop","item":"https:\/\/www.ortungsgerate.de\/shop\/"},{"@type":"ListItem","position":3,"name":"Alle Verbindungen blockierende Tasche GROSS 41 x 39 cm"}]},{"@type":"WebSite","@id":"https:\/\/www.ortungsgerate.de\/#website","url":"https:\/\/www.ortungsgerate.de\/","name":"Ortungsgerate.de","description":"","publisher":{"@id":"https:\/\/www.ortungsgerate.de\/#organization"},"potentialAction":[{"@type":"SearchAction","target":{"@type":"EntryPoint","urlTemplate":"https:\/\/www.ortungsgerate.de\/?s={search_term_string}"},"query-input":{"@type":"PropertyValueSpecification","valueRequired":true,"valueName":"search_term_string"}}],"inLanguage":"ru-RU"},{"@type":"Organization","@id":"https:\/\/www.ortungsgerate.de\/#organization","name":"Ortungsgerate.de","url":"https:\/\/www.ortungsgerate.de\/","logo":{"@type":"ImageObject","inLanguage":"ru-RU","@id":"https:\/\/www.ortungsgerate.de\/#\/schema\/logo\/image\/","url":"https:\/\/www.ortungsgerate.de\/wp-content\/uploads\/ortungsgerate.png","contentUrl":"https:\/\/www.ortungsgerate.de\/wp-content\/uploads\/ortungsgerate.png","width":500,"height":135,"caption":"Ortungsgerate.de"},"image":{"@id":"https:\/\/www.ortungsgerate.de\/#\/schema\/logo\/image\/"}}]}},"_links":{"self":[{"href":"https:\/\/www.ortungsgerate.de\/ru\/wp-json\/wp\/v2\/product\/16485","targetHints":{"allow":["GET"]}}],"collection":[{"href":"https:\/\/www.ortungsgerate.de\/ru\/wp-json\/wp\/v2\/product"}],"about":[{"href":"https:\/\/www.ortungsgerate.de\/ru\/wp-json\/wp\/v2\/types\/product"}],"version-history":[{"count":0,"href":"https:\/\/www.ortungsgerate.de\/ru\/wp-json\/wp\/v2\/product\/16485\/revisions"}],"wp:featuredmedia":[{"embeddable":true,"href":"https:\/\/www.ortungsgerate.de\/ru\/wp-json\/wp\/v2\/media\/2301"}],"wp:attachment":[{"href":"https:\/\/www.ortungsgerate.de\/ru\/wp-json\/wp\/v2\/media?parent=16485"}],"wp:term":[{"taxonomy":"brand","embeddable":true,"href":"https:\/\/www.ortungsgerate.de\/ru\/wp-json\/wp\/v2\/etheme_brands?post=16485"},{"taxonomy":"product_brand","embeddable":true,"href":"https:\/\/www.ortungsgerate.de\/ru\/wp-json\/wp\/v2\/product_brand?post=16485"},{"taxonomy":"product_cat","embeddable":true,"href":"https:\/\/www.ortungsgerate.de\/ru\/wp-json\/wp\/v2\/product_cat?post=16485"},{"taxonomy":"product_tag","embeddable":true,"href":"https:\/\/www.ortungsgerate.de\/ru\/wp-json\/wp\/v2\/product_tag?post=16485"}],"curies":[{"name":"wp","href":"https:\/\/api.w.org\/{rel}","templated":true}]}}