{"id":16486,"date":"2024-02-06T21:36:37","date_gmt":"2024-02-06T19:36:37","guid":{"rendered":"https:\/\/ortungsgerate.de\/be-kategorijos\/sviestuvas-led-su-imontuota-slapta-kamera-wi-fi-naktinis-matymas\/"},"modified":"2025-12-01T11:26:01","modified_gmt":"2025-12-01T10:26:01","slug":"led-svetilnik-s-integrirovannoy-skrytoy-kameroy-wi-fi-nochnoe-videnie","status":"publish","type":"product","link":"https:\/\/www.ortungsgerate.de\/ru\/12-skrytyje-kamery\/17-zamaskirovanyje-kamery\/led-svetilnik-s-integrirovannoy-skrytoy-kameroy-wi-fi-nochnoe-videnie\/","title":{"rendered":"LED-\u0441\u0432\u0435\u0442\u0438\u043b\u044c\u043d\u0438\u043a \u0441 \u0438\u043d\u0442\u0435\u0433\u0440\u0438\u0440\u043e\u0432\u0430\u043d\u043d\u043e\u0439 \u0441\u043a\u0440\u044b\u0442\u043e\u0439 \u043a\u0430\u043c\u0435\u0440\u043e\u0439 Wi FI \u041d\u043e\u0447\u043d\u043e\u0435 \u0432\u0438\u0434\u0435\u043d\u0438\u0435"},"content":{"rendered":"<h3><strong>\u0422\u0435\u0445\u043d\u0438\u0447\u0435\u0441\u043a\u0438\u0435 \u043f\u0430\u0440\u0430\u043c\u0435\u0442\u0440\u044b:<\/strong><\/h3>\n<ul>\n<li>Fernansicht des Videos: JA<\/li>\n<li>Videoaufnahme mit Ton<\/li>\n<li>Farbe des Leuchtmittels \u2013 M\u00f6glichkeit, in der App die Lichtfarbe auszuw\u00e4hlen<\/li>\n<li>Prozessor: Hi3518E<\/li>\n<li>Videoqualit\u00e4t: Ansicht: HD 1920*1080<\/li>\n<li>Fotoaufl\u00f6sung: 1280*720<\/li>\n<li>Sichtwinkel: 330 Grad<\/li>\n<li>Nachtsehen \u2013 von 3 bis 6 Metern<\/li>\n<li>\u0427\u0430\u0441\u0442\u043e\u0442\u0430 \u043a\u0430\u0434\u0440\u043e\u0432: 25FPS<\/li>\n<li>\u0423\u0432\u0435\u0434\u043e\u043c\u043b\u0435\u043d\u0438\u044f \u043f\u0440\u0438 \u043e\u0431\u043d\u0430\u0440\u0443\u0436\u0435\u043d\u0438\u0438 \u0434\u0432\u0438\u0436\u0435\u043d\u0438\u044f (Push-\u0443\u0432\u0435\u0434\u043e\u043c\u043b\u0435\u043d\u0438\u0435)<\/li>\n<li>Speicherkartenunterst\u00fctzung: von 4GB bis 128 GB (Speicherkarte nicht im Set enthalten)<\/li>\n<li>Video\u00fcberwachung: Per Telefon oder Computer (Live \u00fcber das Internet)<\/li>\n<li>Betriebszeit mit Akku: ca. 3 Stunden \u2013 \u00fcber Netzstrom 24\/7<\/li>\n<li>Akkukapazit\u00e4t: 3000 mAh<\/li>\n<li>220V-Adapter (f\u00fcr den dauerhaften Anschluss an das Stromnetz)<\/li>\n<li>Temperatursensor f\u00fcr Innenr\u00e4ume, Feuchtigkeitssensor<\/li>\n<li>\u041e\u0431\u043d\u0430\u0440\u0443\u0436\u0435\u043d\u0438\u0435 \u0434\u0432\u0438\u0436\u0435\u043d\u0438\u044f: \u0414\u0410, \u0446\u0438\u0444\u0440\u043e\u0432\u043e\u0435<\/li>\n<li>\u0424\u043e\u0440\u043c\u0430\u0442 \u0441\u0436\u0430\u0442\u0438\u044f: AVI H.264<\/li>\n<li>\u0412\u0438\u0434\u0435\u043e \u0444\u043e\u0440\u043c\u0430\u0442: Avi<\/li>\n<li>Systeme: \u201eiOS\u201d, \u201eAndroid\u201d, \u201eWindows\u201d<\/li>\n<li>App: Vorhanden<\/li>\n<li>Stromversorgung: interner oder externer Akku; 5V-Stromanschluss<\/li>\n<li>Wi-Fi: Vorhanden<\/li>\n<li><strong>\u0413\u0410\u0420\u0410\u041d\u0422\u0418\u042f 12 \u043c\u0435\u0441\u044f\u0446\u0435\u0432<\/strong><\/li>\n<\/ul>\n<p><strong><span style=\"color: #d0121a;\">   <\/span><\/strong><\/p>\n<p><span style=\"color: #000000;\"><strong>Einsatzbereich: F\u00fcr Ihre eigene Sicherheit und die Ihrer Kinder.<\/strong><\/span><\/p>\n<p><span lang=\"lt\">Zur \u00dcberwachung minderj\u00e4hriger Kinder Die Einsatzm\u00f6glichkeiten von versteckten Kameras sind wirklich vielf\u00e4ltig, daher ist es nicht verwunderlich, dass solche Ger\u00e4te immer h\u00e4ufiger gew\u00e4hlt werden. In verschiedene Haushaltsgegenst\u00e4nde integrierte versteckte Kameras helfen dabei, ohne Schwierigkeiten bestimmte, f\u00fcr Sie relevante Informationen zu sammeln, und das wird wirklich sehr einfach sein. Ein LED-Leuchtmittel mit integrierter versteckter Kamera ist eine der vorteilhaftesten L\u00f6sungen, wenn Sie herausfinden m\u00f6chten, ob bestimmte Personen wirklich vertrauensw\u00fcrdig sind. Wenn Sie also Zweifel haben, sollten Sie genau diese Option in Betracht ziehen.<\/span><\/p>\n<p><strong><span lang=\"lt\">M\u00f6glichkeiten zur Video\u00fcberwachung<\/span><\/strong><\/p>\n<p><span lang=\"lt\">Wenn Sie sich f\u00fcr eine im LED-Leuchtmittel integrierte versteckte Kamera entscheiden, k\u00f6nnen Sie die Videoaufnahmen auf zwei Arten ansehen: indem Sie sie auf einen Computer \u00fcbertragen oder sie online \u00fcberwachen. Das Leuchtmittel mit versteckter Kamera verf\u00fcgt \u00fcber eine Wi-Fi-Funktion, sodass Sie mit Hilfe der App die aufgezeichneten Videos in Echtzeit ansehen k\u00f6nnen (das Ger\u00e4t unterst\u00fctzt die Systeme \u201eiOS\u201d, \u201eAndroid\u201d, \u201eWindows\u201d und \u201eWindows 7 \/ 8 \/ 10\u201d).<\/span><\/p>\n<p><strong><span lang=\"lt\">Ein hervorragendes Interieur-Detail<\/span><\/strong><\/p>\n<p><span lang=\"lt\">Vorteilhaft ist, dass dieses Ger\u00e4t nicht nur f\u00fcr verdeckte Aufnahmen, sondern auch zur Raumbeleuchtung verwendet werden kann, und Sie k\u00f6nnen sicher sein, dass dieses LED-Leuchtmittel Ihr Zuhause wirklich schm\u00fccken wird. Interessant ist, dass die Farbe des Leuchtmittels ge\u00e4ndert werden kann \u2013 Sie m\u00fcssen in der App lediglich den gew\u00fcnschten Farbton des Leuchtmittels einstellen.<\/span><\/p>\n<p><strong><span lang=\"lt\">Videoaufnahmequalit\u00e4t<\/span><\/strong><\/p>\n<p><span lang=\"lt\">Obwohl das Objektiv der versteckten Kamera sehr klein ist, bedeutet das keineswegs, dass die Qualit\u00e4t der aufgezeichneten Bilder zu schlecht w\u00e4re. Das LED-Leuchtmittel mit versteckter Kamera nimmt Videos in HD 1920\u00d7080 px Aufl\u00f6sung auf, und die Fotoaufl\u00f6sung betr\u00e4gt 1280\u00d7720 px. Der Sichtwinkel der Kamera ist sehr breit \u2013 ganze 330 Grad, sodass Sie sicher sein k\u00f6nnen, dass dieses Ger\u00e4t Ihnen hilft, die Sie interessierenden Informationen reibungslos zu sammeln.<\/span><\/p>\n<p><strong><span lang=\"lt\">Nachtsehfunktion<\/span><\/strong><\/p>\n<p><span lang=\"lt\">Wenn Sie diese versteckte Kamera w\u00e4hlen, m\u00fcssen Sie sich keine Sorgen machen, ob die Raumbeleuchtung f\u00fcr eine qualitativ hochwertige Bildaufzeichnung ausreichend ist. Das LED-Leuchtmittel mit versteckter Kamera verf\u00fcgt \u00fcber eine Nachtsehfunktion, die in einer Entfernung von 3\u20136 Metern arbeitet. Daher spielt es keine Rolle, wie die R\u00e4ume beleuchtet sind \u2013 die Aufnahmen werden auf jeden Fall reibungslos erfolgen.<\/span><\/p>\n<p><strong><span lang=\"lt\">Speicherkarte<\/span><\/strong><\/p>\n<p><span lang=\"lt\">In dieses Ger\u00e4t wird eine 4\u2013128 GB Speicherkarte eingesetzt (nicht im Lieferumfang enthalten), sodass Sie diejenige ausw\u00e4hlen k\u00f6nnen, die Ihren Bed\u00fcrfnissen am besten entspricht. Nach dem Aufladen des Ger\u00e4teakkus k\u00f6nnen Sie die Bilder etwa 3 Stunden lang aufzeichnen, aber wenn dieser Zeitraum nicht ausreicht, k\u00f6nnen Sie die Stromversorgung des Ger\u00e4ts \u00fcber eine Steckdose w\u00e4hlen<\/span><\/p>","protected":false},"excerpt":{"rendered":"<p>Technische Parameter: Fernansicht des Videos: JA Videoaufnahme mit Ton Farbe des Leuchtmittels \u2013 M\u00f6glichkeit, in der App die Lichtfarbe auszuw\u00e4hlen Prozessor: Hi3518E Videoqualit\u00e4t: Ansicht: HD&#8230;<\/p>","protected":false},"featured_media":26426,"template":"","meta":[],"etheme_brands":[],"product_brand":[],"product_cat":[204,203,205],"product_tag":[753,42,707,768,705,690,693],"class_list":{"0":"post-16486","1":"product","2":"type-product","3":"status-publish","4":"has-post-thumbnail","6":"product_cat-17-getarnte-kameras","7":"product_cat-12-versteckte-kameras","8":"product_cat-27-wlan-minikameras","9":"product_tag-getarnte-kamera","10":"product_tag-kamera","11":"product_tag-kamera-uhr","12":"product_tag-lampe-kamera","13":"product_tag-ueberwachungskamera","14":"product_tag-versteckte-kamera","15":"product_tag-wlan-kamera","16":"pa_typ-leuchten","18":"first","19":"outofstock","20":"taxable","21":"shipping-taxable","22":"purchasable","23":"product-type-simple"},"yoast_head":"<!-- This site is optimized with the Yoast SEO Premium plugin v25.9 (Yoast SEO v27.4) - https:\/\/yoast.com\/product\/yoast-seo-premium-wordpress\/ -->\n<title>LED-Leuchte mit integrierter versteckter Kamera Nachtsicht WiFi<\/title>\n<meta name=\"description\" content=\"LED-Leuchte mit WI FI Spionagekamera \u2013 \u00fcberwachen Sie das Bild \u00fcber das Internet. Verf\u00fcgt \u00fcber Nachtsicht und die M\u00f6glichkeit, die Lichtfarbe zu w\u00e4hlen. Das Objektiv dreht sich um 330 Grad\" \/>\n<meta name=\"robots\" content=\"index, follow, max-snippet:-1, max-image-preview:large, max-video-preview:-1\" \/>\n<link rel=\"canonical\" href=\"https:\/\/www.ortungsgerate.de\/ru\/12-skrytyje-kamery\/27-wlan-mini-kamery\/led-svetilnik-s-integrirovannoy-skrytoy-kameroy-wi-fi-nochnoe-videnie\/\" \/>\n<meta property=\"og:locale\" content=\"ru_RU\" \/>\n<meta property=\"og:type\" content=\"article\" \/>\n<meta property=\"og:title\" content=\"LED-Leuchte mit integrierter versteckter Kamera Wi FI Nachtsicht\" \/>\n<meta property=\"og:description\" content=\"LED-Leuchte mit WI FI Spionagekamera \u2013 \u00fcberwachen Sie das Bild \u00fcber das Internet. Verf\u00fcgt \u00fcber Nachtsicht und die M\u00f6glichkeit, die Lichtfarbe zu w\u00e4hlen. Das Objektiv dreht sich um 330 Grad\" \/>\n<meta property=\"og:url\" content=\"https:\/\/www.ortungsgerate.de\/ru\/12-skrytyje-kamery\/27-wlan-mini-kamery\/led-svetilnik-s-integrirovannoy-skrytoy-kameroy-wi-fi-nochnoe-videnie\/\" \/>\n<meta property=\"og:site_name\" content=\"Ortungsger\u00e4te.de\" \/>\n<meta property=\"article:modified_time\" content=\"2025-12-01T10:26:01+00:00\" \/>\n<meta property=\"og:image\" content=\"https:\/\/www.ortungsgerate.de\/wp-content\/uploads\/sviestuva-vaizdo-kamera-slapta-kamera-1.jpg\" \/>\n\t<meta property=\"og:image:width\" content=\"458\" \/>\n\t<meta property=\"og:image:height\" content=\"458\" \/>\n\t<meta property=\"og:image:type\" content=\"image\/jpeg\" \/>\n<meta name=\"twitter:card\" content=\"summary_large_image\" \/>\n<meta name=\"twitter:label1\" content=\"\u041f\u0440\u0438\u043c\u0435\u0440\u043d\u043e\u0435 \u0432\u0440\u0435\u043c\u044f \u0434\u043b\u044f \u0447\u0442\u0435\u043d\u0438\u044f\" \/>\n\t<meta name=\"twitter:data1\" content=\"3 \u043c\u0438\u043d\u0443\u0442\u044b\" \/>\n<script type=\"application\/ld+json\" class=\"yoast-schema-graph\">{\"@context\":\"https:\\\/\\\/schema.org\",\"@graph\":[{\"@type\":\"WebPage\",\"@id\":\"https:\\\/\\\/www.ortungsgerate.de\\\/12-versteckte-kameras\\\/27-wlan-minikameras\\\/led-leuchte-mit-integrierter-versteckter-kamera-wi-fi-nachtsicht\\\/\",\"url\":\"https:\\\/\\\/www.ortungsgerate.de\\\/12-versteckte-kameras\\\/27-wlan-minikameras\\\/led-leuchte-mit-integrierter-versteckter-kamera-wi-fi-nachtsicht\\\/\",\"name\":\"LED-Leuchte mit integrierter versteckter Kamera Nachtsicht WiFi\",\"isPartOf\":{\"@id\":\"https:\\\/\\\/www.ortungsgerate.de\\\/#website\"},\"primaryImageOfPage\":{\"@id\":\"https:\\\/\\\/www.ortungsgerate.de\\\/12-versteckte-kameras\\\/27-wlan-minikameras\\\/led-leuchte-mit-integrierter-versteckter-kamera-wi-fi-nachtsicht\\\/#primaryimage\"},\"image\":{\"@id\":\"https:\\\/\\\/www.ortungsgerate.de\\\/12-versteckte-kameras\\\/27-wlan-minikameras\\\/led-leuchte-mit-integrierter-versteckter-kamera-wi-fi-nachtsicht\\\/#primaryimage\"},\"thumbnailUrl\":\"https:\\\/\\\/www.ortungsgerate.de\\\/wp-content\\\/uploads\\\/sviestuva-vaizdo-kamera-slapta-kamera-1.jpg\",\"datePublished\":\"2024-02-06T19:36:37+00:00\",\"dateModified\":\"2025-12-01T10:26:01+00:00\",\"description\":\"LED-Leuchte mit WI FI Spionagekamera \u2013 \u00fcberwachen Sie das Bild \u00fcber das Internet. Verf\u00fcgt \u00fcber Nachtsicht und die M\u00f6glichkeit, die Lichtfarbe zu w\u00e4hlen. Das Objektiv dreht sich um 330 Grad\",\"breadcrumb\":{\"@id\":\"https:\\\/\\\/www.ortungsgerate.de\\\/12-versteckte-kameras\\\/27-wlan-minikameras\\\/led-leuchte-mit-integrierter-versteckter-kamera-wi-fi-nachtsicht\\\/#breadcrumb\"},\"inLanguage\":\"ru-RU\",\"potentialAction\":[{\"@type\":\"ReadAction\",\"target\":[\"https:\\\/\\\/www.ortungsgerate.de\\\/12-versteckte-kameras\\\/27-wlan-minikameras\\\/led-leuchte-mit-integrierter-versteckter-kamera-wi-fi-nachtsicht\\\/\"]}]},{\"@type\":\"ImageObject\",\"inLanguage\":\"ru-RU\",\"@id\":\"https:\\\/\\\/www.ortungsgerate.de\\\/12-versteckte-kameras\\\/27-wlan-minikameras\\\/led-leuchte-mit-integrierter-versteckter-kamera-wi-fi-nachtsicht\\\/#primaryimage\",\"url\":\"https:\\\/\\\/www.ortungsgerate.de\\\/wp-content\\\/uploads\\\/sviestuva-vaizdo-kamera-slapta-kamera-1.jpg\",\"contentUrl\":\"https:\\\/\\\/www.ortungsgerate.de\\\/wp-content\\\/uploads\\\/sviestuva-vaizdo-kamera-slapta-kamera-1.jpg\",\"width\":458,\"height\":458,\"caption\":\"Deckenleuchte Videokamera versteckte Kamera\"},{\"@type\":\"BreadcrumbList\",\"@id\":\"https:\\\/\\\/www.ortungsgerate.de\\\/12-versteckte-kameras\\\/27-wlan-minikameras\\\/led-leuchte-mit-integrierter-versteckter-kamera-wi-fi-nachtsicht\\\/#breadcrumb\",\"itemListElement\":[{\"@type\":\"ListItem\",\"position\":1,\"name\":\"Startseite\",\"item\":\"https:\\\/\\\/www.ortungsgerate.de\\\/\"},{\"@type\":\"ListItem\",\"position\":2,\"name\":\"Shop\",\"item\":\"https:\\\/\\\/www.ortungsgerate.de\\\/shop\\\/\"},{\"@type\":\"ListItem\",\"position\":3,\"name\":\"LED-Leuchte mit integrierter versteckter Kamera Wi FI Nachtsicht\"}]},{\"@type\":\"WebSite\",\"@id\":\"https:\\\/\\\/www.ortungsgerate.de\\\/#website\",\"url\":\"https:\\\/\\\/www.ortungsgerate.de\\\/\",\"name\":\"Ortungsgerate.de\",\"description\":\"\",\"publisher\":{\"@id\":\"https:\\\/\\\/www.ortungsgerate.de\\\/#organization\"},\"potentialAction\":[{\"@type\":\"SearchAction\",\"target\":{\"@type\":\"EntryPoint\",\"urlTemplate\":\"https:\\\/\\\/www.ortungsgerate.de\\\/?s={search_term_string}\"},\"query-input\":{\"@type\":\"PropertyValueSpecification\",\"valueRequired\":true,\"valueName\":\"search_term_string\"}}],\"inLanguage\":\"ru-RU\"},{\"@type\":\"Organization\",\"@id\":\"https:\\\/\\\/www.ortungsgerate.de\\\/#organization\",\"name\":\"Ortungsgerate.de\",\"url\":\"https:\\\/\\\/www.ortungsgerate.de\\\/\",\"logo\":{\"@type\":\"ImageObject\",\"inLanguage\":\"ru-RU\",\"@id\":\"https:\\\/\\\/www.ortungsgerate.de\\\/#\\\/schema\\\/logo\\\/image\\\/\",\"url\":\"https:\\\/\\\/www.ortungsgerate.de\\\/wp-content\\\/uploads\\\/ortungsgerate.png\",\"contentUrl\":\"https:\\\/\\\/www.ortungsgerate.de\\\/wp-content\\\/uploads\\\/ortungsgerate.png\",\"width\":500,\"height\":135,\"caption\":\"Ortungsgerate.de\"},\"image\":{\"@id\":\"https:\\\/\\\/www.ortungsgerate.de\\\/#\\\/schema\\\/logo\\\/image\\\/\"}}]}<\/script>\n<!-- \/ Yoast SEO Premium plugin. -->","yoast_head_json":{"title":"LED-Leuchte mit integrierter versteckter Kamera Nachtsicht WiFi","description":"LED-Leuchte mit WI FI Spionagekamera \u2013 \u00fcberwachen Sie das Bild \u00fcber das Internet. Verf\u00fcgt \u00fcber Nachtsicht und die M\u00f6glichkeit, die Lichtfarbe zu w\u00e4hlen. Das Objektiv dreht sich um 330 Grad","robots":{"index":"index","follow":"follow","max-snippet":"max-snippet:-1","max-image-preview":"max-image-preview:large","max-video-preview":"max-video-preview:-1"},"canonical":"https:\/\/www.ortungsgerate.de\/ru\/12-skrytyje-kamery\/27-wlan-mini-kamery\/led-svetilnik-s-integrirovannoy-skrytoy-kameroy-wi-fi-nochnoe-videnie\/","og_locale":"ru_RU","og_type":"article","og_title":"LED-Leuchte mit integrierter versteckter Kamera Wi FI Nachtsicht","og_description":"LED-Leuchte mit WI FI Spionagekamera \u2013 \u00fcberwachen Sie das Bild \u00fcber das Internet. Verf\u00fcgt \u00fcber Nachtsicht und die M\u00f6glichkeit, die Lichtfarbe zu w\u00e4hlen. Das Objektiv dreht sich um 330 Grad","og_url":"https:\/\/www.ortungsgerate.de\/ru\/12-skrytyje-kamery\/27-wlan-mini-kamery\/led-svetilnik-s-integrirovannoy-skrytoy-kameroy-wi-fi-nochnoe-videnie\/","og_site_name":"Ortungsger\u00e4te.de","article_modified_time":"2025-12-01T10:26:01+00:00","og_image":[{"width":458,"height":458,"url":"https:\/\/www.ortungsgerate.de\/wp-content\/uploads\/sviestuva-vaizdo-kamera-slapta-kamera-1.jpg","type":"image\/jpeg"}],"twitter_card":"summary_large_image","twitter_misc":{"\u041f\u0440\u0438\u043c\u0435\u0440\u043d\u043e\u0435 \u0432\u0440\u0435\u043c\u044f \u0434\u043b\u044f \u0447\u0442\u0435\u043d\u0438\u044f":"3 \u043c\u0438\u043d\u0443\u0442\u044b"},"schema":{"@context":"https:\/\/schema.org","@graph":[{"@type":"WebPage","@id":"https:\/\/www.ortungsgerate.de\/12-versteckte-kameras\/27-wlan-minikameras\/led-leuchte-mit-integrierter-versteckter-kamera-wi-fi-nachtsicht\/","url":"https:\/\/www.ortungsgerate.de\/12-versteckte-kameras\/27-wlan-minikameras\/led-leuchte-mit-integrierter-versteckter-kamera-wi-fi-nachtsicht\/","name":"LED-Leuchte mit integrierter versteckter Kamera Nachtsicht WiFi","isPartOf":{"@id":"https:\/\/www.ortungsgerate.de\/#website"},"primaryImageOfPage":{"@id":"https:\/\/www.ortungsgerate.de\/12-versteckte-kameras\/27-wlan-minikameras\/led-leuchte-mit-integrierter-versteckter-kamera-wi-fi-nachtsicht\/#primaryimage"},"image":{"@id":"https:\/\/www.ortungsgerate.de\/12-versteckte-kameras\/27-wlan-minikameras\/led-leuchte-mit-integrierter-versteckter-kamera-wi-fi-nachtsicht\/#primaryimage"},"thumbnailUrl":"https:\/\/www.ortungsgerate.de\/wp-content\/uploads\/sviestuva-vaizdo-kamera-slapta-kamera-1.jpg","datePublished":"2024-02-06T19:36:37+00:00","dateModified":"2025-12-01T10:26:01+00:00","description":"LED-Leuchte mit WI FI Spionagekamera \u2013 \u00fcberwachen Sie das Bild \u00fcber das Internet. Verf\u00fcgt \u00fcber Nachtsicht und die M\u00f6glichkeit, die Lichtfarbe zu w\u00e4hlen. Das Objektiv dreht sich um 330 Grad","breadcrumb":{"@id":"https:\/\/www.ortungsgerate.de\/12-versteckte-kameras\/27-wlan-minikameras\/led-leuchte-mit-integrierter-versteckter-kamera-wi-fi-nachtsicht\/#breadcrumb"},"inLanguage":"ru-RU","potentialAction":[{"@type":"ReadAction","target":["https:\/\/www.ortungsgerate.de\/12-versteckte-kameras\/27-wlan-minikameras\/led-leuchte-mit-integrierter-versteckter-kamera-wi-fi-nachtsicht\/"]}]},{"@type":"ImageObject","inLanguage":"ru-RU","@id":"https:\/\/www.ortungsgerate.de\/12-versteckte-kameras\/27-wlan-minikameras\/led-leuchte-mit-integrierter-versteckter-kamera-wi-fi-nachtsicht\/#primaryimage","url":"https:\/\/www.ortungsgerate.de\/wp-content\/uploads\/sviestuva-vaizdo-kamera-slapta-kamera-1.jpg","contentUrl":"https:\/\/www.ortungsgerate.de\/wp-content\/uploads\/sviestuva-vaizdo-kamera-slapta-kamera-1.jpg","width":458,"height":458,"caption":"Deckenleuchte Videokamera versteckte Kamera"},{"@type":"BreadcrumbList","@id":"https:\/\/www.ortungsgerate.de\/12-versteckte-kameras\/27-wlan-minikameras\/led-leuchte-mit-integrierter-versteckter-kamera-wi-fi-nachtsicht\/#breadcrumb","itemListElement":[{"@type":"ListItem","position":1,"name":"Startseite","item":"https:\/\/www.ortungsgerate.de\/"},{"@type":"ListItem","position":2,"name":"Shop","item":"https:\/\/www.ortungsgerate.de\/shop\/"},{"@type":"ListItem","position":3,"name":"LED-Leuchte mit integrierter versteckter Kamera Wi FI Nachtsicht"}]},{"@type":"WebSite","@id":"https:\/\/www.ortungsgerate.de\/#website","url":"https:\/\/www.ortungsgerate.de\/","name":"Ortungsgerate.de","description":"","publisher":{"@id":"https:\/\/www.ortungsgerate.de\/#organization"},"potentialAction":[{"@type":"SearchAction","target":{"@type":"EntryPoint","urlTemplate":"https:\/\/www.ortungsgerate.de\/?s={search_term_string}"},"query-input":{"@type":"PropertyValueSpecification","valueRequired":true,"valueName":"search_term_string"}}],"inLanguage":"ru-RU"},{"@type":"Organization","@id":"https:\/\/www.ortungsgerate.de\/#organization","name":"Ortungsgerate.de","url":"https:\/\/www.ortungsgerate.de\/","logo":{"@type":"ImageObject","inLanguage":"ru-RU","@id":"https:\/\/www.ortungsgerate.de\/#\/schema\/logo\/image\/","url":"https:\/\/www.ortungsgerate.de\/wp-content\/uploads\/ortungsgerate.png","contentUrl":"https:\/\/www.ortungsgerate.de\/wp-content\/uploads\/ortungsgerate.png","width":500,"height":135,"caption":"Ortungsgerate.de"},"image":{"@id":"https:\/\/www.ortungsgerate.de\/#\/schema\/logo\/image\/"}}]}},"_links":{"self":[{"href":"https:\/\/www.ortungsgerate.de\/ru\/wp-json\/wp\/v2\/product\/16486","targetHints":{"allow":["GET"]}}],"collection":[{"href":"https:\/\/www.ortungsgerate.de\/ru\/wp-json\/wp\/v2\/product"}],"about":[{"href":"https:\/\/www.ortungsgerate.de\/ru\/wp-json\/wp\/v2\/types\/product"}],"version-history":[{"count":0,"href":"https:\/\/www.ortungsgerate.de\/ru\/wp-json\/wp\/v2\/product\/16486\/revisions"}],"wp:featuredmedia":[{"embeddable":true,"href":"https:\/\/www.ortungsgerate.de\/ru\/wp-json\/wp\/v2\/media\/26426"}],"wp:attachment":[{"href":"https:\/\/www.ortungsgerate.de\/ru\/wp-json\/wp\/v2\/media?parent=16486"}],"wp:term":[{"taxonomy":"brand","embeddable":true,"href":"https:\/\/www.ortungsgerate.de\/ru\/wp-json\/wp\/v2\/etheme_brands?post=16486"},{"taxonomy":"product_brand","embeddable":true,"href":"https:\/\/www.ortungsgerate.de\/ru\/wp-json\/wp\/v2\/product_brand?post=16486"},{"taxonomy":"product_cat","embeddable":true,"href":"https:\/\/www.ortungsgerate.de\/ru\/wp-json\/wp\/v2\/product_cat?post=16486"},{"taxonomy":"product_tag","embeddable":true,"href":"https:\/\/www.ortungsgerate.de\/ru\/wp-json\/wp\/v2\/product_tag?post=16486"}],"curies":[{"name":"wp","href":"https:\/\/api.w.org\/{rel}","templated":true}]}}