{"id":16487,"date":"2024-02-06T21:36:05","date_gmt":"2024-02-06T19:36:05","guid":{"rendered":"https:\/\/ortungsgerate.de\/be-kategorijos\/stetoskopinis-pasiklausymas-per-siena-arba-bionines-ausys\/"},"modified":"2025-11-26T19:01:36","modified_gmt":"2025-11-26T17:01:36","slug":"stetoskopicheskoe-proslushivanie-cherez-stenu-ili-bionicheskie-ushi-2","status":"publish","type":"product","link":"https:\/\/www.ortungsgerate.de\/ru\/16-proslushivayushcheye-oborudovaniye-2\/14-podslushivaniye-cherez-stenu-2\/stetoskopicheskoe-proslushivanie-cherez-stenu-ili-bionicheskie-ushi-2\/","title":{"rendered":"\u0421\u0442\u0435\u0442\u043e\u0441\u043a\u043e\u043f\u0438\u0447\u0435\u0441\u043a\u043e\u0435 \u043f\u0440\u043e\u0441\u043b\u0443\u0448\u0438\u0432\u0430\u043d\u0438\u0435 \u0447\u0435\u0440\u0435\u0437 \u0441\u0442\u0435\u043d\u0443 \u0438\u043b\u0438 \u0431\u0438\u043e\u043d\u0438\u0447\u0435\u0441\u043a\u0438\u0435 \u0443\u0448\u0438"},"content":{"rendered":"<h3><strong>\u0422\u0435\u0445\u043d\u0438\u0447\u0435\u0441\u043a\u0438\u0435 \u043f\u0430\u0440\u0430\u043c\u0435\u0442\u0440\u044b:<\/strong><\/h3>\n<ul>\n<li>Wandst\u00e4rke: W\u00e4nde bis zu 20 cm Dicke,<\/li>\n<li>Ladezeit: ca. 5 Stunden<\/li>\n<li>Tonverst\u00e4rkung: 2.000-fach,<\/li>\n<li>Mikrofonempfindlichkeit: ab 35 dB (leises Gespr\u00e4ch),<\/li>\n<li>Wiedergabe der Aufnahmen: mit Kopfh\u00f6rern<\/li>\n<li>Stromversorgung: Lithium-Batterie,<\/li>\n<li>Gewicht und Abmessungen: 26 g, 52 mm x 36 mm<\/li>\n<li>Laden: USB oder mit 100\u2013240 V Adapter Farbe: SILBER-SCHWARZ<\/li>\n<li>Lieferumfang: Ladeger\u00e4t, USB-Kabel, Stethoskop (bionische Ohren)<\/li>\n<li><strong>\u0413\u0410\u0420\u0410\u041d\u0422\u0418\u042f 12 \u043c\u0435\u0441\u044f\u0446\u0435\u0432<\/strong><\/li>\n<\/ul>\n<p><span style=\"color: #d0121a;\"><strong>Wenn Sie eine Lieferung am selben Tag ben\u00f6tigen   <\/strong><\/span><\/p>\n<p>Verwendung: F\u00fcr Ihre eigene und Ihrer Kinder Sicherheit.<\/p>\n<ol>\n<li>Stethoskopisches Abh\u00f6ren durch die Wand (bionische Ohren)<\/li>\n<li>Abh\u00f6ren durch Barrieren bis zu 20 cm Dicke m\u00f6glich<\/li>\n<li>Empfindlichkeitsregelung<\/li>\n<li>Batterie erm\u00f6glicht einen Betrieb von bis zu 40 Stunden<\/li>\n<li>Kopfh\u00f6rer im Lieferumfang<\/li>\n<li>Tonverst\u00e4rkung bis zu 2000-fach<\/li>\n<li>M\u00f6glichkeit des Abh\u00f6rens ohne Kopfh\u00f6rer<\/li>\n<li>Kopfh\u00f6rerbuchse.<\/li>\n<\/ol>","protected":false},"excerpt":{"rendered":"<p>Technische Parameter: Wandst\u00e4rke: W\u00e4nde bis zu 20 cm Dicke, Ladezeit: ca. 5 Stunden Tonverst\u00e4rkung: 2.000-fach, Mikrofonempfindlichkeit: ab 35 dB (leises Gespr\u00e4ch), Wiedergabe der Aufnahmen: mit&#8230;<\/p>","protected":false},"featured_media":1270,"template":"","meta":[],"etheme_brands":[],"product_brand":[],"product_cat":[209,208],"product_tag":[],"class_list":{"0":"post-16487","1":"product","2":"type-product","3":"status-publish","4":"has-post-thumbnail","6":"product_cat-14-abhoeren-durch-die-wand","7":"product_cat-16-abhoergeraete","9":"first","10":"instock","11":"sale","12":"taxable","13":"shipping-taxable","14":"purchasable","15":"product-type-simple"},"yoast_head":"<!-- This site is optimized with the Yoast SEO Premium plugin v25.9 (Yoast SEO v27.3) - https:\/\/yoast.com\/product\/yoast-seo-premium-wordpress\/ -->\n<title>Stethoskopisches Abh\u00f6ren durch die Wand oder bionische Ohren<\/title>\n<meta name=\"description\" content=\"Stethoskopisches Abh\u00f6ren durch die Wand oder bionische Ohren. Eine einfache M\u00f6glichkeit herauszufinden, wor\u00fcber hinter der Wand gesprochen wird. Einfach zu bedienen, keine speziellen Kenntnisse erforderlich\" \/>\n<meta name=\"robots\" content=\"index, follow, max-snippet:-1, max-image-preview:large, max-video-preview:-1\" \/>\n<link rel=\"canonical\" href=\"https:\/\/www.ortungsgerate.de\/ru\/16-proslushivayushcheye-oborudovaniye-2\/14-podslushivaniye-cherez-stenu-2\/stetoskopicheskoe-proslushivanie-cherez-stenu-ili-bionicheskie-ushi-2\/\" \/>\n<meta property=\"og:locale\" content=\"ru_RU\" \/>\n<meta property=\"og:type\" content=\"article\" \/>\n<meta property=\"og:title\" content=\"Stethoskopisches Abh\u00f6ren durch die Wand oder bionische Ohren\" \/>\n<meta property=\"og:description\" content=\"Stethoskopisches Abh\u00f6ren durch die Wand oder bionische Ohren. Eine einfache M\u00f6glichkeit herauszufinden, wor\u00fcber hinter der Wand gesprochen wird. Einfach zu bedienen, keine speziellen Kenntnisse erforderlich\" \/>\n<meta property=\"og:url\" content=\"https:\/\/www.ortungsgerate.de\/ru\/16-proslushivayushcheye-oborudovaniye-2\/14-podslushivaniye-cherez-stenu-2\/stetoskopicheskoe-proslushivanie-cherez-stenu-ili-bionicheskie-ushi-2\/\" \/>\n<meta property=\"og:site_name\" content=\"Ortungsger\u00e4te.de\" \/>\n<meta property=\"article:modified_time\" content=\"2025-11-26T17:01:36+00:00\" \/>\n<meta property=\"og:image\" content=\"https:\/\/www.ortungsgerate.de\/wp-content\/uploads\/stetoskopinis-pasiklausymas-per-siena-arba-bionines-ausys.jpg\" \/>\n\t<meta property=\"og:image:width\" content=\"1001\" \/>\n\t<meta property=\"og:image:height\" content=\"1001\" \/>\n\t<meta property=\"og:image:type\" content=\"image\/jpeg\" \/>\n<meta name=\"twitter:card\" content=\"summary_large_image\" \/>\n<meta name=\"twitter:label1\" content=\"\u041f\u0440\u0438\u043c\u0435\u0440\u043d\u043e\u0435 \u0432\u0440\u0435\u043c\u044f \u0434\u043b\u044f \u0447\u0442\u0435\u043d\u0438\u044f\" \/>\n\t<meta name=\"twitter:data1\" content=\"1 \u043c\u0438\u043d\u0443\u0442\u0430\" \/>\n<script type=\"application\/ld+json\" class=\"yoast-schema-graph\">{\"@context\":\"https:\\\/\\\/schema.org\",\"@graph\":[{\"@type\":\"WebPage\",\"@id\":\"https:\\\/\\\/www.ortungsgerate.de\\\/16-abhoergeraete\\\/14-abhoeren-durch-die-wand\\\/stethoskopisches-abhoeren-durch-die-wand-oder-bionische-ohren\\\/\",\"url\":\"https:\\\/\\\/www.ortungsgerate.de\\\/16-abhoergeraete\\\/14-abhoeren-durch-die-wand\\\/stethoskopisches-abhoeren-durch-die-wand-oder-bionische-ohren\\\/\",\"name\":\"Stethoskopisches Abh\u00f6ren durch die Wand oder bionische Ohren\",\"isPartOf\":{\"@id\":\"https:\\\/\\\/www.ortungsgerate.de\\\/#website\"},\"primaryImageOfPage\":{\"@id\":\"https:\\\/\\\/www.ortungsgerate.de\\\/16-abhoergeraete\\\/14-abhoeren-durch-die-wand\\\/stethoskopisches-abhoeren-durch-die-wand-oder-bionische-ohren\\\/#primaryimage\"},\"image\":{\"@id\":\"https:\\\/\\\/www.ortungsgerate.de\\\/16-abhoergeraete\\\/14-abhoeren-durch-die-wand\\\/stethoskopisches-abhoeren-durch-die-wand-oder-bionische-ohren\\\/#primaryimage\"},\"thumbnailUrl\":\"https:\\\/\\\/www.ortungsgerate.de\\\/wp-content\\\/uploads\\\/stetoskopinis-pasiklausymas-per-siena-arba-bionines-ausys.jpg\",\"datePublished\":\"2024-02-06T19:36:05+00:00\",\"dateModified\":\"2025-11-26T17:01:36+00:00\",\"description\":\"Stethoskopisches Abh\u00f6ren durch die Wand oder bionische Ohren. Eine einfache M\u00f6glichkeit herauszufinden, wor\u00fcber hinter der Wand gesprochen wird. Einfach zu bedienen, keine speziellen Kenntnisse erforderlich\",\"breadcrumb\":{\"@id\":\"https:\\\/\\\/www.ortungsgerate.de\\\/16-abhoergeraete\\\/14-abhoeren-durch-die-wand\\\/stethoskopisches-abhoeren-durch-die-wand-oder-bionische-ohren\\\/#breadcrumb\"},\"inLanguage\":\"ru-RU\",\"potentialAction\":[{\"@type\":\"ReadAction\",\"target\":[\"https:\\\/\\\/www.ortungsgerate.de\\\/16-abhoergeraete\\\/14-abhoeren-durch-die-wand\\\/stethoskopisches-abhoeren-durch-die-wand-oder-bionische-ohren\\\/\"]}]},{\"@type\":\"ImageObject\",\"inLanguage\":\"ru-RU\",\"@id\":\"https:\\\/\\\/www.ortungsgerate.de\\\/16-abhoergeraete\\\/14-abhoeren-durch-die-wand\\\/stethoskopisches-abhoeren-durch-die-wand-oder-bionische-ohren\\\/#primaryimage\",\"url\":\"https:\\\/\\\/www.ortungsgerate.de\\\/wp-content\\\/uploads\\\/stetoskopinis-pasiklausymas-per-siena-arba-bionines-ausys.jpg\",\"contentUrl\":\"https:\\\/\\\/www.ortungsgerate.de\\\/wp-content\\\/uploads\\\/stetoskopinis-pasiklausymas-per-siena-arba-bionines-ausys.jpg\",\"width\":1001,\"height\":1001,\"caption\":\"Abh\u00f6ren durch W\u00e4nde bis zu 20 cm Dicke\"},{\"@type\":\"BreadcrumbList\",\"@id\":\"https:\\\/\\\/www.ortungsgerate.de\\\/16-abhoergeraete\\\/14-abhoeren-durch-die-wand\\\/stethoskopisches-abhoeren-durch-die-wand-oder-bionische-ohren\\\/#breadcrumb\",\"itemListElement\":[{\"@type\":\"ListItem\",\"position\":1,\"name\":\"Startseite\",\"item\":\"https:\\\/\\\/www.ortungsgerate.de\\\/\"},{\"@type\":\"ListItem\",\"position\":2,\"name\":\"Shop\",\"item\":\"https:\\\/\\\/www.ortungsgerate.de\\\/shop\\\/\"},{\"@type\":\"ListItem\",\"position\":3,\"name\":\"Stethoskopisches Abh\u00f6ren durch die Wand oder bionische Ohren\"}]},{\"@type\":\"WebSite\",\"@id\":\"https:\\\/\\\/www.ortungsgerate.de\\\/#website\",\"url\":\"https:\\\/\\\/www.ortungsgerate.de\\\/\",\"name\":\"Ortungsgerate.de\",\"description\":\"\",\"publisher\":{\"@id\":\"https:\\\/\\\/www.ortungsgerate.de\\\/#organization\"},\"potentialAction\":[{\"@type\":\"SearchAction\",\"target\":{\"@type\":\"EntryPoint\",\"urlTemplate\":\"https:\\\/\\\/www.ortungsgerate.de\\\/?s={search_term_string}\"},\"query-input\":{\"@type\":\"PropertyValueSpecification\",\"valueRequired\":true,\"valueName\":\"search_term_string\"}}],\"inLanguage\":\"ru-RU\"},{\"@type\":\"Organization\",\"@id\":\"https:\\\/\\\/www.ortungsgerate.de\\\/#organization\",\"name\":\"Ortungsgerate.de\",\"url\":\"https:\\\/\\\/www.ortungsgerate.de\\\/\",\"logo\":{\"@type\":\"ImageObject\",\"inLanguage\":\"ru-RU\",\"@id\":\"https:\\\/\\\/www.ortungsgerate.de\\\/#\\\/schema\\\/logo\\\/image\\\/\",\"url\":\"https:\\\/\\\/www.ortungsgerate.de\\\/wp-content\\\/uploads\\\/ortungsgerate.png\",\"contentUrl\":\"https:\\\/\\\/www.ortungsgerate.de\\\/wp-content\\\/uploads\\\/ortungsgerate.png\",\"width\":500,\"height\":135,\"caption\":\"Ortungsgerate.de\"},\"image\":{\"@id\":\"https:\\\/\\\/www.ortungsgerate.de\\\/#\\\/schema\\\/logo\\\/image\\\/\"}}]}<\/script>\n<!-- \/ Yoast SEO Premium plugin. -->","yoast_head_json":{"title":"\u0421\u0442\u0435\u0442\u043e\u0441\u043a\u043e\u043f\u0438\u0447\u0435\u0441\u043a\u043e\u0435 \u043f\u0440\u043e\u0441\u043b\u0443\u0448\u0438\u0432\u0430\u043d\u0438\u0435 \u0447\u0435\u0440\u0435\u0437 \u0441\u0442\u0435\u043d\u0443 \u0438\u043b\u0438 \u0431\u0438\u043e\u043d\u0438\u0447\u0435\u0441\u043a\u0438\u0435 \u0443\u0448\u0438","description":"Stethoskopisches Abh\u00f6ren durch die Wand oder bionische Ohren. Eine einfache M\u00f6glichkeit herauszufinden, wor\u00fcber hinter der Wand gesprochen wird. Einfach zu bedienen, keine speziellen Kenntnisse erforderlich","robots":{"index":"index","follow":"follow","max-snippet":"max-snippet:-1","max-image-preview":"max-image-preview:large","max-video-preview":"max-video-preview:-1"},"canonical":"https:\/\/www.ortungsgerate.de\/ru\/16-proslushivayushcheye-oborudovaniye-2\/14-podslushivaniye-cherez-stenu-2\/stetoskopicheskoe-proslushivanie-cherez-stenu-ili-bionicheskie-ushi-2\/","og_locale":"ru_RU","og_type":"article","og_title":"Stethoskopisches Abh\u00f6ren durch die Wand oder bionische Ohren","og_description":"Stethoskopisches Abh\u00f6ren durch die Wand oder bionische Ohren. Eine einfache M\u00f6glichkeit herauszufinden, wor\u00fcber hinter der Wand gesprochen wird. Einfach zu bedienen, keine speziellen Kenntnisse erforderlich","og_url":"https:\/\/www.ortungsgerate.de\/ru\/16-proslushivayushcheye-oborudovaniye-2\/14-podslushivaniye-cherez-stenu-2\/stetoskopicheskoe-proslushivanie-cherez-stenu-ili-bionicheskie-ushi-2\/","og_site_name":"Ortungsger\u00e4te.de","article_modified_time":"2025-11-26T17:01:36+00:00","og_image":[{"width":1001,"height":1001,"url":"https:\/\/www.ortungsgerate.de\/wp-content\/uploads\/stetoskopinis-pasiklausymas-per-siena-arba-bionines-ausys.jpg","type":"image\/jpeg"}],"twitter_card":"summary_large_image","twitter_misc":{"\u041f\u0440\u0438\u043c\u0435\u0440\u043d\u043e\u0435 \u0432\u0440\u0435\u043c\u044f \u0434\u043b\u044f \u0447\u0442\u0435\u043d\u0438\u044f":"1 \u043c\u0438\u043d\u0443\u0442\u0430"},"schema":{"@context":"https:\/\/schema.org","@graph":[{"@type":"WebPage","@id":"https:\/\/www.ortungsgerate.de\/16-abhoergeraete\/14-abhoeren-durch-die-wand\/stethoskopisches-abhoeren-durch-die-wand-oder-bionische-ohren\/","url":"https:\/\/www.ortungsgerate.de\/16-abhoergeraete\/14-abhoeren-durch-die-wand\/stethoskopisches-abhoeren-durch-die-wand-oder-bionische-ohren\/","name":"\u0421\u0442\u0435\u0442\u043e\u0441\u043a\u043e\u043f\u0438\u0447\u0435\u0441\u043a\u043e\u0435 \u043f\u0440\u043e\u0441\u043b\u0443\u0448\u0438\u0432\u0430\u043d\u0438\u0435 \u0447\u0435\u0440\u0435\u0437 \u0441\u0442\u0435\u043d\u0443 \u0438\u043b\u0438 \u0431\u0438\u043e\u043d\u0438\u0447\u0435\u0441\u043a\u0438\u0435 \u0443\u0448\u0438","isPartOf":{"@id":"https:\/\/www.ortungsgerate.de\/#website"},"primaryImageOfPage":{"@id":"https:\/\/www.ortungsgerate.de\/16-abhoergeraete\/14-abhoeren-durch-die-wand\/stethoskopisches-abhoeren-durch-die-wand-oder-bionische-ohren\/#primaryimage"},"image":{"@id":"https:\/\/www.ortungsgerate.de\/16-abhoergeraete\/14-abhoeren-durch-die-wand\/stethoskopisches-abhoeren-durch-die-wand-oder-bionische-ohren\/#primaryimage"},"thumbnailUrl":"https:\/\/www.ortungsgerate.de\/wp-content\/uploads\/stetoskopinis-pasiklausymas-per-siena-arba-bionines-ausys.jpg","datePublished":"2024-02-06T19:36:05+00:00","dateModified":"2025-11-26T17:01:36+00:00","description":"Stethoskopisches Abh\u00f6ren durch die Wand oder bionische Ohren. Eine einfache M\u00f6glichkeit herauszufinden, wor\u00fcber hinter der Wand gesprochen wird. Einfach zu bedienen, keine speziellen Kenntnisse erforderlich","breadcrumb":{"@id":"https:\/\/www.ortungsgerate.de\/16-abhoergeraete\/14-abhoeren-durch-die-wand\/stethoskopisches-abhoeren-durch-die-wand-oder-bionische-ohren\/#breadcrumb"},"inLanguage":"ru-RU","potentialAction":[{"@type":"ReadAction","target":["https:\/\/www.ortungsgerate.de\/16-abhoergeraete\/14-abhoeren-durch-die-wand\/stethoskopisches-abhoeren-durch-die-wand-oder-bionische-ohren\/"]}]},{"@type":"ImageObject","inLanguage":"ru-RU","@id":"https:\/\/www.ortungsgerate.de\/16-abhoergeraete\/14-abhoeren-durch-die-wand\/stethoskopisches-abhoeren-durch-die-wand-oder-bionische-ohren\/#primaryimage","url":"https:\/\/www.ortungsgerate.de\/wp-content\/uploads\/stetoskopinis-pasiklausymas-per-siena-arba-bionines-ausys.jpg","contentUrl":"https:\/\/www.ortungsgerate.de\/wp-content\/uploads\/stetoskopinis-pasiklausymas-per-siena-arba-bionines-ausys.jpg","width":1001,"height":1001,"caption":"Abh\u00f6ren durch W\u00e4nde bis zu 20 cm Dicke"},{"@type":"BreadcrumbList","@id":"https:\/\/www.ortungsgerate.de\/16-abhoergeraete\/14-abhoeren-durch-die-wand\/stethoskopisches-abhoeren-durch-die-wand-oder-bionische-ohren\/#breadcrumb","itemListElement":[{"@type":"ListItem","position":1,"name":"Startseite","item":"https:\/\/www.ortungsgerate.de\/"},{"@type":"ListItem","position":2,"name":"Shop","item":"https:\/\/www.ortungsgerate.de\/shop\/"},{"@type":"ListItem","position":3,"name":"Stethoskopisches Abh\u00f6ren durch die Wand oder bionische Ohren"}]},{"@type":"WebSite","@id":"https:\/\/www.ortungsgerate.de\/#website","url":"https:\/\/www.ortungsgerate.de\/","name":"Ortungsgerate.de","description":"","publisher":{"@id":"https:\/\/www.ortungsgerate.de\/#organization"},"potentialAction":[{"@type":"SearchAction","target":{"@type":"EntryPoint","urlTemplate":"https:\/\/www.ortungsgerate.de\/?s={search_term_string}"},"query-input":{"@type":"PropertyValueSpecification","valueRequired":true,"valueName":"search_term_string"}}],"inLanguage":"ru-RU"},{"@type":"Organization","@id":"https:\/\/www.ortungsgerate.de\/#organization","name":"Ortungsgerate.de","url":"https:\/\/www.ortungsgerate.de\/","logo":{"@type":"ImageObject","inLanguage":"ru-RU","@id":"https:\/\/www.ortungsgerate.de\/#\/schema\/logo\/image\/","url":"https:\/\/www.ortungsgerate.de\/wp-content\/uploads\/ortungsgerate.png","contentUrl":"https:\/\/www.ortungsgerate.de\/wp-content\/uploads\/ortungsgerate.png","width":500,"height":135,"caption":"Ortungsgerate.de"},"image":{"@id":"https:\/\/www.ortungsgerate.de\/#\/schema\/logo\/image\/"}}]}},"_links":{"self":[{"href":"https:\/\/www.ortungsgerate.de\/ru\/wp-json\/wp\/v2\/product\/16487","targetHints":{"allow":["GET"]}}],"collection":[{"href":"https:\/\/www.ortungsgerate.de\/ru\/wp-json\/wp\/v2\/product"}],"about":[{"href":"https:\/\/www.ortungsgerate.de\/ru\/wp-json\/wp\/v2\/types\/product"}],"version-history":[{"count":0,"href":"https:\/\/www.ortungsgerate.de\/ru\/wp-json\/wp\/v2\/product\/16487\/revisions"}],"wp:featuredmedia":[{"embeddable":true,"href":"https:\/\/www.ortungsgerate.de\/ru\/wp-json\/wp\/v2\/media\/1270"}],"wp:attachment":[{"href":"https:\/\/www.ortungsgerate.de\/ru\/wp-json\/wp\/v2\/media?parent=16487"}],"wp:term":[{"taxonomy":"brand","embeddable":true,"href":"https:\/\/www.ortungsgerate.de\/ru\/wp-json\/wp\/v2\/etheme_brands?post=16487"},{"taxonomy":"product_brand","embeddable":true,"href":"https:\/\/www.ortungsgerate.de\/ru\/wp-json\/wp\/v2\/product_brand?post=16487"},{"taxonomy":"product_cat","embeddable":true,"href":"https:\/\/www.ortungsgerate.de\/ru\/wp-json\/wp\/v2\/product_cat?post=16487"},{"taxonomy":"product_tag","embeddable":true,"href":"https:\/\/www.ortungsgerate.de\/ru\/wp-json\/wp\/v2\/product_tag?post=16487"}],"curies":[{"name":"wp","href":"https:\/\/api.w.org\/{rel}","templated":true}]}}