{"id":16488,"date":"2024-02-06T21:37:07","date_gmt":"2024-02-06T19:37:07","guid":{"rendered":"https:\/\/ortungsgerate.de\/be-kategorijos\/slapta-kamera-full-hd-uzmaskuota-automobiliniame-rakte-2\/"},"modified":"2025-11-26T19:01:36","modified_gmt":"2025-11-26T17:01:36","slug":"skrytaya-full-hd-kamera-zamaskirovannaya-pod-avtomobilnyy-klyuch","status":"publish","type":"product","link":"https:\/\/www.ortungsgerate.de\/ru\/12-skrytyje-kamery\/17-zamaskirovanyje-kamery\/skrytaya-full-hd-kamera-zamaskirovannaya-pod-avtomobilnyy-klyuch\/","title":{"rendered":"\u0421\u043a\u0440\u044b\u0442\u0430\u044f FULL HD \u043a\u0430\u043c\u0435\u0440\u0430 \u0437\u0430\u043c\u0430\u0441\u043a\u0438\u0440\u043e\u0432\u0430\u043d\u043d\u0430\u044f \u043f\u043e\u0434 \u0430\u0432\u0442\u043e\u043c\u043e\u0431\u0438\u043b\u044c\u043d\u044b\u0439 \u043a\u043b\u044e\u0447"},"content":{"rendered":"<h3><strong>\u0422\u0435\u0445\u043d\u0438\u0447\u0435\u0441\u043a\u0438\u0435 \u043f\u0430\u0440\u0430\u043c\u0435\u0442\u0440\u044b:<\/strong><\/h3>\n<\/p>\n<ul>\n<li>Unterst\u00fctzung von Speicherkarten: Micro SD \/ SDHC bis zu 32 GB (nicht enthalten)<\/li>\n<li>\u0412\u0438\u0434\u0435\u043e\u0437\u0430\u043f\u0438\u0441\u044c \u0441\u043e \u0437\u0432\u0443\u043a\u043e\u043c<\/li>\n<li>\u0420\u0430\u0437\u0440\u0435\u0448\u0435\u043d\u0438\u0435 \u0437\u0430\u043f\u0438\u0441\u0438: Full HD 1920x1080px<\/li>\n<li>Videoformat: AVI | 20fps<\/li>\n<li>\u0420\u0430\u0437\u0440\u0435\u0448\u0435\u043d\u0438\u0435 \u0438\u0437\u043e\u0431\u0440\u0430\u0436\u0435\u043d\u0438\u044f: JPEG 2560 x 1440 px<\/li>\n<li>Sichtwinkel: 60 \u00b0<\/li>\n<li>Audio: Mikrofon mit Rauschunterdr\u00fcckungsfunktion<\/li>\n<li>\u0421\u0442\u0430\u043d\u0434\u0430\u0440\u0442 \u043f\u043e\u0434\u043a\u043b\u044e\u0447\u0435\u043d\u0438\u044f: USB<\/li>\n<li>\u041f\u0435\u0440\u0435\u0437\u0430\u0440\u044f\u0436\u0430\u0435\u043c\u044b\u0439 \u0430\u043a\u043a\u0443\u043c\u0443\u043b\u044f\u0442\u043e\u0440: 3,6 \u0412 450 \u043c\u0410\u0447<\/li>\n<li>\u0412\u0440\u0435\u043c\u044f \u0440\u0430\u0431\u043e\u0442\u044b \u0430\u043a\u043a\u0443\u043c\u0443\u043b\u044f\u0442\u043e\u0440\u0430: \u043e\u043a\u043e\u043b\u043e 70 \u043c\u0438\u043d\u0443\u0442<\/li>\n<li>\u0421\u043e\u0432\u043c\u0435\u0441\u0442\u0438\u043c\u043e\u0441\u0442\u044c: Windows, Mac OS<\/li>\n<li>\u0420\u0430\u0431\u043e\u0447\u0430\u044f \u0442\u0435\u043c\u043f\u0435\u0440\u0430\u0442\u0443\u0440\u0430: -10 \u00b0C ~ 60 \u00b0C<\/li>\n<li>Farbe: BLACK (schwarz)<\/li>\n<li>Geh\u00e4use: Metall<\/li>\n<li>\u00a0\u041a\u043e\u043c\u043f\u043b\u0435\u043a\u0442\u0430\u0446\u0438\u044f: \u043a\u043b\u044e\u0447 \u0441 \u043a\u0430\u043c\u0435\u0440\u043e\u0439, USB-\u043a\u0430\u0431\u0435\u043b\u044c, \u0438\u043d\u0441\u0442\u0440\u0443\u043a\u0446\u0438\u044f<\/li>\n<li><strong>\u0413\u0410\u0420\u0410\u041d\u0422\u0418\u042f 12 \u043c\u0435\u0441\u044f\u0446\u0435\u0432<\/strong><\/li>\n<\/ul>\n<p><span style=\"color:#000000\"><strong>\u041e\u0431\u043b\u0430\u0441\u0442\u044c \u043f\u0440\u0438\u043c\u0435\u043d\u0435\u043d\u0438\u044f:<\/strong>\u00a0F\u00fcr Ihre eigene Sicherheit und die Ihrer Kinder.<\/span><\/p>\n<\/p>\n<p><strong>\u041a\u0430\u043c\u0435\u0440\u0430 \u0432 \u0430\u0432\u0442\u043e\u043c\u043e\u0431\u0438\u043b\u044c\u043d\u043e\u043c \u043a\u043b\u044e\u0447\u0435<\/strong><\/p>\n<p>Versteckte Kameras k\u00f6nnen in sehr unterschiedlichen Situationen n\u00fctzlich sein, wenn Sie sicherstellen m\u00f6chten, dass bestimmte Personen wirklich ehrlich und zuverl\u00e4ssig sind. Eine versteckte Kamera im Autoschl\u00fcssel ist zweifellos eine der vorteilhaftesten Optionen, wenn Sie herausfinden m\u00f6chten, ob eine bestimmte Person wirklich vertrauensw\u00fcrdig ist: Diese versteckte Kamera kann bedenkenlos auf dem Tisch oder an einem anderen gut sichtbaren Ort liegen gelassen werden, und niemand wird auch nur vermuten, dass er \u00fcberwacht werden k\u00f6nnte. Die Situationen, in denen diese Kamera n\u00fctzlich sein kann, sind recht zahlreich: Sie bew\u00e4hrt sich, wenn Sie sicherstellen m\u00f6chten, dass die Mitarbeiter des Unternehmens ehrlich sind, wenn Sie wissen wollen, ob die Betreuungsperson die Kinder richtig beaufsichtigt, usw. Wenn Sie von Zweifeln geplagt werden, sorgen Sie f\u00fcr eine noch einfachere Kl\u00e4rung \u2013 die versteckte Kamera k\u00f6nnen Sie zu einem wirklich attraktiven Preis erwerben, und ihre technischen Eigenschaften erm\u00f6glichen es, die f\u00fcr Sie relevanten Informationen zu sammeln.<\/p>\n<p><strong>Aufzeichnung nicht nur von Videos, sondern auch von Fotos<\/strong><\/p>\n<p>Die versteckte Kamera im Autoschl\u00fcssel erm\u00f6glicht nicht nur die Aufzeichnung von Videos, sondern auch von Fotos: Die Videoaufl\u00f6sung betr\u00e4gt FULL HD 1920&#215;1080 px, und Fotos werden im JPEG-Format mit einer Aufl\u00f6sung von 2560&#215;1440 px gespeichert. Fotos und Videos werden auf einer Micro SD\/SDHC-Karte gespeichert, deren Kapazit\u00e4t bis zu 32 GB betragen kann (nicht im Lieferumfang enthalten). Die komfortable Kamerabedienung erm\u00f6glicht es, Videos und Fotos genau dann aufzuzeichnen, wenn dies am n\u00f6tigsten ist, und anschlie\u00dfend k\u00f6nnen die gespeicherten Informationen auf den Computer \u00fcbertragen werden. \u00dcber den USB-Anschluss k\u00f6nnen Sie Videos und Fotos schnell und einfach \u00fcbertragen und diese Informationen jederzeit zu einem f\u00fcr Sie passenden Zeitpunkt ansehen. Die versteckte Kamera im Autoschl\u00fcssel ist mit den Betriebssystemen \u201eWindows\u201c und \u201eMac OS\u201c kompatibel, sodass die Daten\u00fcbertragung keinerlei Schwierigkeiten bereitet.<\/p>\n<p><strong>Sichergestellte Videoqualit\u00e4t<\/strong><\/p>\n<p>Die versteckte Kamera im Autoschl\u00fcssel ist ein sehr kleines Ger\u00e4t, gew\u00e4hrleistet jedoch, dass die Qualit\u00e4t der Videoaufnahmen einwandfrei ist. Die versteckte Kamera filmt in einem Winkel von 60 Grad, sodass Sie sich keine Sorgen machen m\u00fcssen, ob die Kamera im richtigen Winkel positioniert ist, und sie kann klar verst\u00e4ndliche Videoaufnahmen erfassen. Vorteilhaft ist, dass das Mikrofon dieser Kamera \u00fcber eine Rauschunterdr\u00fcckungsfunktion verf\u00fcgt, sodass die Videos mit klaren Audioinformationen aufgezeichnet werden.<\/p>\n<p><strong>Akku der versteckten Kamera<\/strong><\/p>\n<p>Der Autoschl\u00fcssel mit versteckter Kamera verf\u00fcgt \u00fcber einen 3,6 V 450 mAh Akku, dessen Betriebsdauer etwa 70 Minuten betr\u00e4gt. Wenn Sie geplant haben, zu einem bestimmten Zeitpunkt die f\u00fcr Sie interessanten Informationen aufzuzeichnen, k\u00f6nnen Sie diese versteckte Kamera einfach an einem bestimmten Ort im Raum platzieren und mit der Aufnahme beginnen. Die Verwendung einer versteckten Kamera ist manchmal auch dann hilfreich, wenn es darum geht, Beweise f\u00fcr unzul\u00e4ssige Aktivit\u00e4ten zu sammeln, sodass Sie diese versteckte Kamera auch dann nutzen k\u00f6nnen, wenn Sie sich selbst im Raum aufhalten.<\/p>\n<p><strong>Weitere wichtige Informationen<\/strong><\/p>\n<p>Die Betriebstemperatur der versteckten Kamera im Autoschl\u00fcssel umfasst einen recht gro\u00dfen Bereich \u2013 dieses Ger\u00e4t arbeitet bei Temperaturen von -10 bis 60 Grad Celsius, sodass Sie sicher sein k\u00f6nnen, dass die Umgebungstemperatur keinen Einfluss auf die Videoaufzeichnung hat.\u00a0 Das Geh\u00e4use dieser versteckten Kamera ist aus robustem Metall gefertigt, sodass das Ger\u00e4t eine sehr lange Lebensdauer hat. Die versteckte Kamera ist in einer neutralen schwarzen Farbe gehalten, und ihr Aussehen unterscheidet sich in keiner Weise von den \u00fcblichen Autoschl\u00fcsseln, die wir gewohnt sind zu verwenden, sodass niemand den Verdacht sch\u00f6pfen wird, dass dieses Ger\u00e4t filmen oder fotografieren k\u00f6nnte. Zum Lieferumfang des Ger\u00e4ts geh\u00f6ren der Autoschl\u00fcssel mit versteckter Kamera, ein USB-Kabel und eine Bedienungsanleitung.<\/p>\n<p>Lassen Sie nicht zu, dass Zweifel die Oberhand gewinnen: Wenn Sie sicherstellen m\u00f6chten, ob bestimmte Personen Ihres Vertrauens wirklich w\u00fcrdig sind, erwerben Sie einfach einen Autoschl\u00fcssel mit versteckter Kamera. Die Nutzung dieses Ger\u00e4ts ist sehr einfach und bequem, sodass die Verwendung dieser Kamera selbst dann nicht schwierig ist, wenn der Umgang mit Technologien nicht Ihre St\u00e4rke ist.<\/p>","protected":false},"excerpt":{"rendered":"<p>Technische\u00a0Parameter: Unterst\u00fctzung von Speicherkarten: Micro SD \/ SDHC bis zu 32 GB (nicht enthalten) Videoaufzeichnung mit Ton Aufl\u00f6sung der Aufnahme: Full HD 1920x1080px Videoformat: AVI&#8230;<\/p>","protected":false},"featured_media":1624,"template":"","meta":[],"etheme_brands":[],"product_brand":[],"product_cat":[204,203],"product_tag":[42,714,754,766,705,690],"class_list":{"0":"post-16488","1":"product","2":"type-product","3":"status-publish","4":"has-post-thumbnail","6":"product_cat-17-getarnte-kameras","7":"product_cat-12-versteckte-kameras","8":"product_tag-kamera","9":"product_tag-kamera-im-autoschluessel","10":"product_tag-kamera-im-wecker","11":"product_tag-kamera-schluessel","12":"product_tag-ueberwachungskamera","13":"product_tag-versteckte-kamera","14":"pa_typ-schluessel","16":"first","17":"instock","18":"taxable","19":"shipping-taxable","20":"purchasable","21":"product-type-simple"},"yoast_head":"<!-- This site is optimized with the Yoast SEO Premium plugin v25.9 (Yoast SEO v27.4) - https:\/\/yoast.com\/product\/yoast-seo-premium-wordpress\/ -->\n<title>Mini-Spionkamera getarnt in einem Autoschl\u00fcssel | Sekimoiranga.lt<\/title>\n<meta name=\"description\" content=\"Versteckte Kamera Schl\u00fcssel \u2013 nehmen Sie Beweise auf, hohe Bildqualit\u00e4t. Einfache Bedienung GARANTIE. Wir liefern KOSTENLOS in ganz EUROPA. Preis nur 70 \u20ac\" \/>\n<meta name=\"robots\" content=\"index, follow, max-snippet:-1, max-image-preview:large, max-video-preview:-1\" \/>\n<link rel=\"canonical\" href=\"https:\/\/www.ortungsgerate.de\/ru\/12-skrytyje-kamery\/17-zamaskirovanyje-kamery\/skrytaya-full-hd-kamera-zamaskirovannaya-pod-avtomobilnyy-klyuch\/\" \/>\n<meta property=\"og:locale\" content=\"ru_RU\" \/>\n<meta property=\"og:type\" content=\"article\" \/>\n<meta property=\"og:title\" content=\"Versteckte FULL HD Kamera getarnt in einem Autoschl\u00fcssel\" \/>\n<meta property=\"og:description\" content=\"Versteckte Kamera Schl\u00fcssel \u2013 nehmen Sie Beweise auf, hohe Bildqualit\u00e4t. Einfache Bedienung GARANTIE. Wir liefern KOSTENLOS in ganz EUROPA. Preis nur 70 \u20ac\" \/>\n<meta property=\"og:url\" content=\"https:\/\/www.ortungsgerate.de\/ru\/12-skrytyje-kamery\/17-zamaskirovanyje-kamery\/skrytaya-full-hd-kamera-zamaskirovannaya-pod-avtomobilnyy-klyuch\/\" \/>\n<meta property=\"og:site_name\" content=\"Ortungsger\u00e4te.de\" \/>\n<meta property=\"article:modified_time\" content=\"2025-11-26T17:01:36+00:00\" \/>\n<meta property=\"og:image\" content=\"https:\/\/www.ortungsgerate.de\/wp-content\/uploads\/slapta-kamera-full-hd-uzmaskuota-automobiliniame-rakte-6.jpg\" \/>\n\t<meta property=\"og:image:width\" content=\"833\" \/>\n\t<meta property=\"og:image:height\" content=\"689\" \/>\n\t<meta property=\"og:image:type\" content=\"image\/jpeg\" \/>\n<meta name=\"twitter:card\" content=\"summary_large_image\" \/>\n<meta name=\"twitter:label1\" content=\"\u041f\u0440\u0438\u043c\u0435\u0440\u043d\u043e\u0435 \u0432\u0440\u0435\u043c\u044f \u0434\u043b\u044f \u0447\u0442\u0435\u043d\u0438\u044f\" \/>\n\t<meta name=\"twitter:data1\" content=\"4 \u043c\u0438\u043d\u0443\u0442\u044b\" \/>\n<script type=\"application\/ld+json\" class=\"yoast-schema-graph\">{\"@context\":\"https:\\\/\\\/schema.org\",\"@graph\":[{\"@type\":\"WebPage\",\"@id\":\"https:\\\/\\\/www.ortungsgerate.de\\\/12-versteckte-kameras\\\/17-getarnte-kameras\\\/versteckte-full-hd-kamera-getarnt-in-einem-autoschluessel\\\/\",\"url\":\"https:\\\/\\\/www.ortungsgerate.de\\\/12-versteckte-kameras\\\/17-getarnte-kameras\\\/versteckte-full-hd-kamera-getarnt-in-einem-autoschluessel\\\/\",\"name\":\"Mini-Spionkamera getarnt in einem Autoschl\u00fcssel | Sekimoiranga.lt\",\"isPartOf\":{\"@id\":\"https:\\\/\\\/www.ortungsgerate.de\\\/#website\"},\"primaryImageOfPage\":{\"@id\":\"https:\\\/\\\/www.ortungsgerate.de\\\/12-versteckte-kameras\\\/17-getarnte-kameras\\\/versteckte-full-hd-kamera-getarnt-in-einem-autoschluessel\\\/#primaryimage\"},\"image\":{\"@id\":\"https:\\\/\\\/www.ortungsgerate.de\\\/12-versteckte-kameras\\\/17-getarnte-kameras\\\/versteckte-full-hd-kamera-getarnt-in-einem-autoschluessel\\\/#primaryimage\"},\"thumbnailUrl\":\"https:\\\/\\\/www.ortungsgerate.de\\\/wp-content\\\/uploads\\\/slapta-kamera-full-hd-uzmaskuota-automobiliniame-rakte-6.jpg\",\"datePublished\":\"2024-02-06T19:37:07+00:00\",\"dateModified\":\"2025-11-26T17:01:36+00:00\",\"description\":\"Versteckte Kamera Schl\u00fcssel \u2013 nehmen Sie Beweise auf, hohe Bildqualit\u00e4t. Einfache Bedienung GARANTIE. Wir liefern KOSTENLOS in ganz EUROPA. Preis nur 70 \u20ac\",\"breadcrumb\":{\"@id\":\"https:\\\/\\\/www.ortungsgerate.de\\\/12-versteckte-kameras\\\/17-getarnte-kameras\\\/versteckte-full-hd-kamera-getarnt-in-einem-autoschluessel\\\/#breadcrumb\"},\"inLanguage\":\"ru-RU\",\"potentialAction\":[{\"@type\":\"ReadAction\",\"target\":[\"https:\\\/\\\/www.ortungsgerate.de\\\/12-versteckte-kameras\\\/17-getarnte-kameras\\\/versteckte-full-hd-kamera-getarnt-in-einem-autoschluessel\\\/\"]}]},{\"@type\":\"ImageObject\",\"inLanguage\":\"ru-RU\",\"@id\":\"https:\\\/\\\/www.ortungsgerate.de\\\/12-versteckte-kameras\\\/17-getarnte-kameras\\\/versteckte-full-hd-kamera-getarnt-in-einem-autoschluessel\\\/#primaryimage\",\"url\":\"https:\\\/\\\/www.ortungsgerate.de\\\/wp-content\\\/uploads\\\/slapta-kamera-full-hd-uzmaskuota-automobiliniame-rakte-6.jpg\",\"contentUrl\":\"https:\\\/\\\/www.ortungsgerate.de\\\/wp-content\\\/uploads\\\/slapta-kamera-full-hd-uzmaskuota-automobiliniame-rakte-6.jpg\",\"width\":833,\"height\":689,\"caption\":\"Schl\u00fcsselkamera\"},{\"@type\":\"BreadcrumbList\",\"@id\":\"https:\\\/\\\/www.ortungsgerate.de\\\/12-versteckte-kameras\\\/17-getarnte-kameras\\\/versteckte-full-hd-kamera-getarnt-in-einem-autoschluessel\\\/#breadcrumb\",\"itemListElement\":[{\"@type\":\"ListItem\",\"position\":1,\"name\":\"Startseite\",\"item\":\"https:\\\/\\\/www.ortungsgerate.de\\\/\"},{\"@type\":\"ListItem\",\"position\":2,\"name\":\"Shop\",\"item\":\"https:\\\/\\\/www.ortungsgerate.de\\\/shop\\\/\"},{\"@type\":\"ListItem\",\"position\":3,\"name\":\"Versteckte FULL HD Kamera getarnt in einem Autoschl\u00fcssel\"}]},{\"@type\":\"WebSite\",\"@id\":\"https:\\\/\\\/www.ortungsgerate.de\\\/#website\",\"url\":\"https:\\\/\\\/www.ortungsgerate.de\\\/\",\"name\":\"Ortungsgerate.de\",\"description\":\"\",\"publisher\":{\"@id\":\"https:\\\/\\\/www.ortungsgerate.de\\\/#organization\"},\"potentialAction\":[{\"@type\":\"SearchAction\",\"target\":{\"@type\":\"EntryPoint\",\"urlTemplate\":\"https:\\\/\\\/www.ortungsgerate.de\\\/?s={search_term_string}\"},\"query-input\":{\"@type\":\"PropertyValueSpecification\",\"valueRequired\":true,\"valueName\":\"search_term_string\"}}],\"inLanguage\":\"ru-RU\"},{\"@type\":\"Organization\",\"@id\":\"https:\\\/\\\/www.ortungsgerate.de\\\/#organization\",\"name\":\"Ortungsgerate.de\",\"url\":\"https:\\\/\\\/www.ortungsgerate.de\\\/\",\"logo\":{\"@type\":\"ImageObject\",\"inLanguage\":\"ru-RU\",\"@id\":\"https:\\\/\\\/www.ortungsgerate.de\\\/#\\\/schema\\\/logo\\\/image\\\/\",\"url\":\"https:\\\/\\\/www.ortungsgerate.de\\\/wp-content\\\/uploads\\\/ortungsgerate.png\",\"contentUrl\":\"https:\\\/\\\/www.ortungsgerate.de\\\/wp-content\\\/uploads\\\/ortungsgerate.png\",\"width\":500,\"height\":135,\"caption\":\"Ortungsgerate.de\"},\"image\":{\"@id\":\"https:\\\/\\\/www.ortungsgerate.de\\\/#\\\/schema\\\/logo\\\/image\\\/\"}}]}<\/script>\n<!-- \/ Yoast SEO Premium plugin. -->","yoast_head_json":{"title":"Mini-Spionkamera getarnt in einem Autoschl\u00fcssel | Sekimoiranga.lt","description":"Versteckte Kamera Schl\u00fcssel \u2013 nehmen Sie Beweise auf, hohe Bildqualit\u00e4t. Einfache Bedienung GARANTIE. Wir liefern KOSTENLOS in ganz EUROPA. Preis nur 70 \u20ac","robots":{"index":"index","follow":"follow","max-snippet":"max-snippet:-1","max-image-preview":"max-image-preview:large","max-video-preview":"max-video-preview:-1"},"canonical":"https:\/\/www.ortungsgerate.de\/ru\/12-skrytyje-kamery\/17-zamaskirovanyje-kamery\/skrytaya-full-hd-kamera-zamaskirovannaya-pod-avtomobilnyy-klyuch\/","og_locale":"ru_RU","og_type":"article","og_title":"Versteckte FULL HD Kamera getarnt in einem Autoschl\u00fcssel","og_description":"Versteckte Kamera Schl\u00fcssel \u2013 nehmen Sie Beweise auf, hohe Bildqualit\u00e4t. Einfache Bedienung GARANTIE. Wir liefern KOSTENLOS in ganz EUROPA. Preis nur 70 \u20ac","og_url":"https:\/\/www.ortungsgerate.de\/ru\/12-skrytyje-kamery\/17-zamaskirovanyje-kamery\/skrytaya-full-hd-kamera-zamaskirovannaya-pod-avtomobilnyy-klyuch\/","og_site_name":"Ortungsger\u00e4te.de","article_modified_time":"2025-11-26T17:01:36+00:00","og_image":[{"width":833,"height":689,"url":"https:\/\/www.ortungsgerate.de\/wp-content\/uploads\/slapta-kamera-full-hd-uzmaskuota-automobiliniame-rakte-6.jpg","type":"image\/jpeg"}],"twitter_card":"summary_large_image","twitter_misc":{"\u041f\u0440\u0438\u043c\u0435\u0440\u043d\u043e\u0435 \u0432\u0440\u0435\u043c\u044f \u0434\u043b\u044f \u0447\u0442\u0435\u043d\u0438\u044f":"4 \u043c\u0438\u043d\u0443\u0442\u044b"},"schema":{"@context":"https:\/\/schema.org","@graph":[{"@type":"WebPage","@id":"https:\/\/www.ortungsgerate.de\/12-versteckte-kameras\/17-getarnte-kameras\/versteckte-full-hd-kamera-getarnt-in-einem-autoschluessel\/","url":"https:\/\/www.ortungsgerate.de\/12-versteckte-kameras\/17-getarnte-kameras\/versteckte-full-hd-kamera-getarnt-in-einem-autoschluessel\/","name":"Mini-Spionkamera getarnt in einem Autoschl\u00fcssel | Sekimoiranga.lt","isPartOf":{"@id":"https:\/\/www.ortungsgerate.de\/#website"},"primaryImageOfPage":{"@id":"https:\/\/www.ortungsgerate.de\/12-versteckte-kameras\/17-getarnte-kameras\/versteckte-full-hd-kamera-getarnt-in-einem-autoschluessel\/#primaryimage"},"image":{"@id":"https:\/\/www.ortungsgerate.de\/12-versteckte-kameras\/17-getarnte-kameras\/versteckte-full-hd-kamera-getarnt-in-einem-autoschluessel\/#primaryimage"},"thumbnailUrl":"https:\/\/www.ortungsgerate.de\/wp-content\/uploads\/slapta-kamera-full-hd-uzmaskuota-automobiliniame-rakte-6.jpg","datePublished":"2024-02-06T19:37:07+00:00","dateModified":"2025-11-26T17:01:36+00:00","description":"Versteckte Kamera Schl\u00fcssel \u2013 nehmen Sie Beweise auf, hohe Bildqualit\u00e4t. Einfache Bedienung GARANTIE. Wir liefern KOSTENLOS in ganz EUROPA. Preis nur 70 \u20ac","breadcrumb":{"@id":"https:\/\/www.ortungsgerate.de\/12-versteckte-kameras\/17-getarnte-kameras\/versteckte-full-hd-kamera-getarnt-in-einem-autoschluessel\/#breadcrumb"},"inLanguage":"ru-RU","potentialAction":[{"@type":"ReadAction","target":["https:\/\/www.ortungsgerate.de\/12-versteckte-kameras\/17-getarnte-kameras\/versteckte-full-hd-kamera-getarnt-in-einem-autoschluessel\/"]}]},{"@type":"ImageObject","inLanguage":"ru-RU","@id":"https:\/\/www.ortungsgerate.de\/12-versteckte-kameras\/17-getarnte-kameras\/versteckte-full-hd-kamera-getarnt-in-einem-autoschluessel\/#primaryimage","url":"https:\/\/www.ortungsgerate.de\/wp-content\/uploads\/slapta-kamera-full-hd-uzmaskuota-automobiliniame-rakte-6.jpg","contentUrl":"https:\/\/www.ortungsgerate.de\/wp-content\/uploads\/slapta-kamera-full-hd-uzmaskuota-automobiliniame-rakte-6.jpg","width":833,"height":689,"caption":"Schl\u00fcsselkamera"},{"@type":"BreadcrumbList","@id":"https:\/\/www.ortungsgerate.de\/12-versteckte-kameras\/17-getarnte-kameras\/versteckte-full-hd-kamera-getarnt-in-einem-autoschluessel\/#breadcrumb","itemListElement":[{"@type":"ListItem","position":1,"name":"Startseite","item":"https:\/\/www.ortungsgerate.de\/"},{"@type":"ListItem","position":2,"name":"Shop","item":"https:\/\/www.ortungsgerate.de\/shop\/"},{"@type":"ListItem","position":3,"name":"Versteckte FULL HD Kamera getarnt in einem Autoschl\u00fcssel"}]},{"@type":"WebSite","@id":"https:\/\/www.ortungsgerate.de\/#website","url":"https:\/\/www.ortungsgerate.de\/","name":"Ortungsgerate.de","description":"","publisher":{"@id":"https:\/\/www.ortungsgerate.de\/#organization"},"potentialAction":[{"@type":"SearchAction","target":{"@type":"EntryPoint","urlTemplate":"https:\/\/www.ortungsgerate.de\/?s={search_term_string}"},"query-input":{"@type":"PropertyValueSpecification","valueRequired":true,"valueName":"search_term_string"}}],"inLanguage":"ru-RU"},{"@type":"Organization","@id":"https:\/\/www.ortungsgerate.de\/#organization","name":"Ortungsgerate.de","url":"https:\/\/www.ortungsgerate.de\/","logo":{"@type":"ImageObject","inLanguage":"ru-RU","@id":"https:\/\/www.ortungsgerate.de\/#\/schema\/logo\/image\/","url":"https:\/\/www.ortungsgerate.de\/wp-content\/uploads\/ortungsgerate.png","contentUrl":"https:\/\/www.ortungsgerate.de\/wp-content\/uploads\/ortungsgerate.png","width":500,"height":135,"caption":"Ortungsgerate.de"},"image":{"@id":"https:\/\/www.ortungsgerate.de\/#\/schema\/logo\/image\/"}}]}},"_links":{"self":[{"href":"https:\/\/www.ortungsgerate.de\/ru\/wp-json\/wp\/v2\/product\/16488","targetHints":{"allow":["GET"]}}],"collection":[{"href":"https:\/\/www.ortungsgerate.de\/ru\/wp-json\/wp\/v2\/product"}],"about":[{"href":"https:\/\/www.ortungsgerate.de\/ru\/wp-json\/wp\/v2\/types\/product"}],"version-history":[{"count":0,"href":"https:\/\/www.ortungsgerate.de\/ru\/wp-json\/wp\/v2\/product\/16488\/revisions"}],"wp:featuredmedia":[{"embeddable":true,"href":"https:\/\/www.ortungsgerate.de\/ru\/wp-json\/wp\/v2\/media\/1624"}],"wp:attachment":[{"href":"https:\/\/www.ortungsgerate.de\/ru\/wp-json\/wp\/v2\/media?parent=16488"}],"wp:term":[{"taxonomy":"brand","embeddable":true,"href":"https:\/\/www.ortungsgerate.de\/ru\/wp-json\/wp\/v2\/etheme_brands?post=16488"},{"taxonomy":"product_brand","embeddable":true,"href":"https:\/\/www.ortungsgerate.de\/ru\/wp-json\/wp\/v2\/product_brand?post=16488"},{"taxonomy":"product_cat","embeddable":true,"href":"https:\/\/www.ortungsgerate.de\/ru\/wp-json\/wp\/v2\/product_cat?post=16488"},{"taxonomy":"product_tag","embeddable":true,"href":"https:\/\/www.ortungsgerate.de\/ru\/wp-json\/wp\/v2\/product_tag?post=16488"}],"curies":[{"name":"wp","href":"https:\/\/api.w.org\/{rel}","templated":true}]}}