{"id":16490,"date":"2024-02-06T21:36:37","date_gmt":"2024-02-06T19:36:37","guid":{"rendered":"https:\/\/ortungsgerate.de\/be-kategorijos\/gps-seklys-sunims-katems-ir-kitiems-gyvunams\/"},"modified":"2025-11-26T19:01:36","modified_gmt":"2025-11-26T17:01:36","slug":"gps-treker-dlya-sobak-koshek-i-drugikh-zhivotnykh-2","status":"publish","type":"product","link":"https:\/\/www.ortungsgerate.de\/ru\/15-gps-treker\/gps-treker-dlya-sobak-koshek-i-drugikh-zhivotnykh-2\/","title":{"rendered":"GPS-\u0442\u0440\u0435\u043a\u0435\u0440 \u0434\u043b\u044f \u0441\u043e\u0431\u0430\u043a, \u043a\u043e\u0448\u0435\u043a \u0438 \u0434\u0440\u0443\u0433\u0438\u0445 \u0436\u0438\u0432\u043e\u0442\u043d\u044b\u0445"},"content":{"rendered":"<p><strong>\u0422\u0435\u0445\u043d\u0438\u0447\u0435\u0441\u043a\u0438\u0435 \u0434\u0430\u043d\u043d\u044b\u0435:<\/strong><\/p>\n<ul>\n<li>Netze: GSM \/ GPRS<\/li>\n<li>Gewicht des GPS-Trackers ohne Geh\u00e4use: 65 Gramm<\/li>\n<li>Abmessungen L\u00e4nge 7,8 cm x Breite 3,8 cm x St\u00e4rke 1,8 cm<\/li>\n<li>Unterst\u00fctzte Frequenzen: 850\/900\/1800\/1900 MHz<\/li>\n<li>GPS-Chipsatz: SIRF3-Chip<\/li>\n<li>GPS-Empfindlichkeit: 159 dBm<\/li>\n<li>GPS-Genauigkeit: 5 m<\/li>\n<li>Akku: 3,7 V 1000 mAh<\/li>\n<li>Standby-Zeit des Akkus: bis zu 12 Tage<\/li>\n<li>Online-\u00dcberwachung: ja<\/li>\n<li>\u0411\u0435\u0441\u043f\u043b\u0430\u0442\u043d\u044b\u0439 \u043e\u043d\u043b\u0430\u0439\u043d-\u043c\u043e\u043d\u0438\u0442\u043e\u0440\u0438\u043d\u0433<\/li>\n<li>Kostenlose \u00dcberwachungs-App<\/li>\n<\/ul>\n<p><strong>\u041a\u043e\u043c\u043f\u043b\u0435\u043a\u0442\u0430\u0446\u0438\u044f:<\/strong><\/p>\n<ul>\n<li>GPS-\u0442\u0440\u0435\u043a\u0435\u0440;<\/li>\n<li>USB-\u043a\u0430\u0431\u0435\u043b\u044c<\/li>\n<li>Halterung<\/li>\n<li>\u0418\u043d\u0441\u0442\u0440\u0443\u043a\u0446\u0438\u044f \u043d\u0430 \u043b\u0438\u0442\u043e\u0432\u0441\u043a\u043e\u043c \u044f\u0437\u044b\u043a\u0435<\/li>\n<li>\u0414\u0430\u043d\u043d\u044b\u0435 \u0434\u043b\u044f \u0434\u043e\u0441\u0442\u0443\u043f\u0430 \u043a \u0430\u043a\u043a\u0430\u0443\u043d\u0442\u0443 (\u0438\u043c\u044f \u043f\u043e\u043b\u044c\u0437\u043e\u0432\u0430\u0442\u0435\u043b\u044f + \u043f\u0430\u0440\u043e\u043b\u044c)<\/li>\n<li><strong>\u0413\u0410\u0420\u0410\u041d\u0422\u0418\u042f 12 \u043c\u0435\u0441\u044f\u0446\u0435\u0432<\/strong><\/li>\n<\/ul>\n<p><span style=\"color: #d0121a\"><strong> (auch an Wochenenden)  <\/strong><\/span><\/p>\n<p>Einsatzbereich: F\u00fcr die Sicherheit Ihres Autos und Ihrer Gegenst\u00e4nde<\/p>\n<h2><strong>GPS f\u00fcr Hunde sorgt nicht nur f\u00fcr die Sicherheit von Menschen, sondern auch von Haustieren<\/strong><\/h2>\n<p>F\u00fcr Menschen, die Hunde oder Katzen halten, wird recht h\u00e4ufig die Frage wichtig, wie sich eine maximale Sicherheit des Tieres gew\u00e4hrleisten l\u00e4sst. Unter bestimmten Umst\u00e4nden kann das Haustier weglaufen, daher sollten Sie daf\u00fcr sorgen, dass es sicher zu Ihnen zur\u00fcckfindet. Obwohl immer mehr Menschen ihre Haustiere mit Mikrochips kennzeichnen, ist das nicht immer wirksam: Wenn jemand Ihr Haustier findet, wird der Chip m\u00f6glicherweise einfach nicht ausgelesen (das ist in einer Tierklinik m\u00f6glich). Oft wird auch entschieden, am Halsband eine Marke mit der Telefonnummer des Halters zu befestigen, aber auch diese L\u00f6sung bew\u00e4hrt sich nicht immer \u2013 es kommt schlie\u00dflich auch zu Tierdiebst\u00e4hlen. Verschiedene Unannehmlichkeiten lassen sich vermeiden, wenn am Halsband des Tieres ein GPS f\u00fcr Hunde befestigt wird \u2013 es hilft Ihnen, den Aufenthaltsort des Tieres zu bestimmen, und Sie k\u00f6nnen Ihren Liebling zur\u00fcckholen.<\/p>\n<h2><strong>Wann lohnt es sich, \u00fcber die Befestigung eines GPS-Trackers f\u00fcr Hunde am Halsband nachzudenken?<\/strong><\/h2>\n<ul>\n<li>Wenn Sie einen Hund mit eher unabh\u00e4ngigem Charakter halten, kann ein GPS-Tracker eine wirklich ausgezeichnete Wahl sein. Vertreter bestimmter Rassen (Jagdhunde, Huskys usw.) neigen dazu, von ihrem Halter wegzulaufen, daher kann ein <a href=\"https:\/\/www.ortungsgerate.de\/ru\/15-gps-treker\/mini-gps-treker-samyy-malenkiy-na-rynke-proslushivanie-razgovorov\/\">\u041c\u0438\u043d\u0438-GPS-\u0442\u0440\u0435\u043a\u0435\u0440<\/a> Ihnen helfen, die Koordinaten des Hundes zu bestimmen;<\/li>\n<li>Wenn der Hund Angst vor Feuerwerk oder anderen Ger\u00e4uschen hat, kann er in diesem Fall weglaufen. In der Winterfestzeit l\u00e4sst sich solche Ger\u00e4uschkulisse meist nicht vermeiden, daher ist es wichtig, dass Sie wissen, wo sich Ihr Hund gerade befindet. In vielen F\u00e4llen wird das Tier nur in einem bestimmten Gebiet gesucht, jedoch kann ein ver\u00e4ngstigtes Tier sehr weit weglaufen;<\/li>\n<li>Wenn Sie den Hund im eigenen Hof frei laufen lassen, kann ein gelangweiltes Tier durch den Zaun schl\u00fcpfen und weglaufen. Das passiert h\u00e4ufig, wenn ein R\u00fcde eine l\u00e4ufige H\u00fcndin wittert, wenn der Hund eine potenzielle Beute sieht usw. Es ist wichtig zu wissen, dass R\u00fcden l\u00e4ufige H\u00fcndinnen aus sehr gro\u00dfer Entfernung riechen k\u00f6nnen, daher hilft ein GPS-Tracker dabei, herauszufinden, wohin Ihr Hund gelaufen ist;<\/li>\n<li>GPS-Tracker k\u00f6nnen auch f\u00fcr Katzen eingesetzt werden. Menschen, die in Einfamilienh\u00e4usern wohnen, lassen ihre Katzen oft in den Hof, aber manchmal muss man lange warten, bis das Tier nach Hause zur\u00fcckkehrt. Es ist kein Geheimnis, dass drau\u00dfen viele Gefahren auf Tiere lauern, daher k\u00f6nnen Sie Ihr Haustier deutlich schneller zur\u00fcckholen, wenn Sie seinen Aufenthaltsort bestimmen;<\/li>\n<li>Selbst wenn Sie Ihren Hund oder Ihre Katze nicht frei im Hof laufen lassen, k\u00f6nnen Sie nicht sicher sein, dass das Tier nicht wegl\u00e4uft, daher kann ein GPS-Tracker ein sehr gutes Pr\u00e4ventionsmittel sein. Sie m\u00fcssen sich keine Sorgen machen, ob die Person, die Ihr Tier findet, dessen Mikrochip ausliest und ob sie die auf der Marke am Halsband angegebene Nummer tats\u00e4chlich anruft. Wenn Sie einen GPS-Tracker am Halsband befestigen, k\u00f6nnen Sie Ihr Haustier ohne fremde Hilfe zur\u00fcckholen.<\/li>\n<\/ul>\n<h2><strong>Worauf ist bei der Auswahl eines GPS f\u00fcr Katzen zu achten?<\/strong><\/h2>\n<ul>\n<li>Wichtig ist, dass der GPS-Tracker dem Tier keinen Komfortverlust bereitet, achten Sie daher auf die Gr\u00f6\u00dfe des Ger\u00e4ts. Moderne GPS-Tracker k\u00f6nnen sehr klein sein, sodass sie Ihr Haustier \u00fcberhaupt nicht st\u00f6ren;<\/li>\n<li>Bewerten Sie die Genauigkeit dieses Ger\u00e4ts \u2013 es ist immer wichtig, dass die Koordinaten des Aufenthaltsortes des Tieres m\u00f6glichst pr\u00e4zise bestimmt werden;<\/li>\n<li>Informieren Sie sich \u00fcber die Standby-Zeit des Akkus \u2013 wenn diese ausreichend lang ist, m\u00fcssen Sie keine Angst haben, den Aufenthaltsort Ihres Haustiers aufgrund eines leeren Akkus nicht bestimmen zu k\u00f6nnen.<\/li>\n<\/ul>\n<p>Nach einer Beratung mit Spezialisten, die GPS-Tracker verkaufen, k\u00f6nnen Sie wirklich n\u00fctzliche Informationen dar\u00fcber erhalten, welche M\u00f6glichkeiten sich am besten bew\u00e4hren k\u00f6nnten, und Sie k\u00f6nnen v\u00f6llig sicher sein, dass Ihr Tier in Sicherheit ist. Diese L\u00f6sung ist wesentlich zuverl\u00e4ssiger als die Kennzeichnung mit einem Mikrochip oder das Anbringen einer Telefonnummer auf einer Marke, daher lohnt es sich auf jeden Fall, \u00fcber eine solche M\u00f6glichkeit nachzudenken.<\/p>","protected":false},"excerpt":{"rendered":"<p>Technische Daten: Netze: GSM \/ GPRS Gewicht des GPS-Trackers ohne Geh\u00e4use: 65 Gramm Abmessungen L\u00e4nge 7,8 cm x Breite 3,8 cm x St\u00e4rke 1,8 cm&#8230;<\/p>","protected":false},"featured_media":1433,"template":"","meta":[],"etheme_brands":[],"product_brand":[],"product_cat":[213],"product_tag":[],"class_list":{"0":"post-16490","1":"product","2":"type-product","3":"status-publish","4":"has-post-thumbnail","6":"product_cat-15-gps-ueberwachungsgeraete","7":"pa_typ-fuer-tiere","9":"first","10":"outofstock","11":"taxable","12":"shipping-taxable","13":"purchasable","14":"product-type-simple"},"yoast_head":"<!-- This site is optimized with the Yoast SEO Premium plugin v25.9 (Yoast SEO v27.4) - https:\/\/yoast.com\/product\/yoast-seo-premium-wordpress\/ -->\n<title>GPS f\u00fcr Hunde, Katzen und andere Tiere Peilsender nur 45 Gramm<\/title>\n<meta name=\"description\" content=\"Seklys Gps f\u00fcr Hunde, Katzen und andere Tiere. M\u00f6glichkeit, in Echtzeit zu verfolgen, wo sich das Haustier befindet, und eine Benachrichtigung auf das Mobiltelefon zu erhalten, wenn sich das Tier weit vom Zuhause entfernt.\" \/>\n<meta name=\"robots\" content=\"index, follow, max-snippet:-1, max-image-preview:large, max-video-preview:-1\" \/>\n<link rel=\"canonical\" href=\"https:\/\/www.ortungsgerate.de\/ru\/15-gps-treker\/gps-treker-dlya-sobak-koshek-i-drugikh-zhivotnykh-2\/\" \/>\n<meta property=\"og:locale\" content=\"ru_RU\" \/>\n<meta property=\"og:type\" content=\"article\" \/>\n<meta property=\"og:title\" content=\"GPS-Tracker f\u00fcr Hunde, Katzen und andere Tiere\" \/>\n<meta property=\"og:description\" content=\"Seklys Gps f\u00fcr Hunde, Katzen und andere Tiere. M\u00f6glichkeit, in Echtzeit zu verfolgen, wo sich das Haustier befindet, und eine Benachrichtigung auf das Mobiltelefon zu erhalten, wenn sich das Tier weit vom Zuhause entfernt.\" \/>\n<meta property=\"og:url\" content=\"https:\/\/www.ortungsgerate.de\/ru\/15-gps-treker\/gps-treker-dlya-sobak-koshek-i-drugikh-zhivotnykh-2\/\" \/>\n<meta property=\"og:site_name\" content=\"Ortungsger\u00e4te.de\" \/>\n<meta property=\"article:modified_time\" content=\"2025-11-26T17:01:36+00:00\" \/>\n<meta property=\"og:image\" content=\"https:\/\/www.ortungsgerate.de\/wp-content\/uploads\/gps-seklys-katems-sunims-naminiams-gyvunams.jpg\" \/>\n\t<meta property=\"og:image:width\" content=\"800\" \/>\n\t<meta property=\"og:image:height\" content=\"800\" \/>\n\t<meta property=\"og:image:type\" content=\"image\/jpeg\" \/>\n<meta name=\"twitter:card\" content=\"summary_large_image\" \/>\n<meta name=\"twitter:label1\" content=\"\u041f\u0440\u0438\u043c\u0435\u0440\u043d\u043e\u0435 \u0432\u0440\u0435\u043c\u044f \u0434\u043b\u044f \u0447\u0442\u0435\u043d\u0438\u044f\" \/>\n\t<meta name=\"twitter:data1\" content=\"4 \u043c\u0438\u043d\u0443\u0442\u044b\" \/>\n<script type=\"application\/ld+json\" class=\"yoast-schema-graph\">{\"@context\":\"https:\\\/\\\/schema.org\",\"@graph\":[{\"@type\":\"WebPage\",\"@id\":\"https:\\\/\\\/www.ortungsgerate.de\\\/15-gps-ueberwachungsgeraete\\\/gps-tracker-fuer-hunde-katzen-und-andere-tiere\\\/\",\"url\":\"https:\\\/\\\/www.ortungsgerate.de\\\/15-gps-ueberwachungsgeraete\\\/gps-tracker-fuer-hunde-katzen-und-andere-tiere\\\/\",\"name\":\"GPS f\u00fcr Hunde, Katzen und andere Tiere Peilsender nur 45 Gramm\",\"isPartOf\":{\"@id\":\"https:\\\/\\\/www.ortungsgerate.de\\\/#website\"},\"primaryImageOfPage\":{\"@id\":\"https:\\\/\\\/www.ortungsgerate.de\\\/15-gps-ueberwachungsgeraete\\\/gps-tracker-fuer-hunde-katzen-und-andere-tiere\\\/#primaryimage\"},\"image\":{\"@id\":\"https:\\\/\\\/www.ortungsgerate.de\\\/15-gps-ueberwachungsgeraete\\\/gps-tracker-fuer-hunde-katzen-und-andere-tiere\\\/#primaryimage\"},\"thumbnailUrl\":\"https:\\\/\\\/www.ortungsgerate.de\\\/wp-content\\\/uploads\\\/gps-seklys-katems-sunims-naminiams-gyvunams.jpg\",\"datePublished\":\"2024-02-06T19:36:37+00:00\",\"dateModified\":\"2025-11-26T17:01:36+00:00\",\"description\":\"Seklys Gps f\u00fcr Hunde, Katzen und andere Tiere. M\u00f6glichkeit, in Echtzeit zu verfolgen, wo sich das Haustier befindet, und eine Benachrichtigung auf das Mobiltelefon zu erhalten, wenn sich das Tier weit vom Zuhause entfernt.\",\"breadcrumb\":{\"@id\":\"https:\\\/\\\/www.ortungsgerate.de\\\/15-gps-ueberwachungsgeraete\\\/gps-tracker-fuer-hunde-katzen-und-andere-tiere\\\/#breadcrumb\"},\"inLanguage\":\"ru-RU\",\"potentialAction\":[{\"@type\":\"ReadAction\",\"target\":[\"https:\\\/\\\/www.ortungsgerate.de\\\/15-gps-ueberwachungsgeraete\\\/gps-tracker-fuer-hunde-katzen-und-andere-tiere\\\/\"]}]},{\"@type\":\"ImageObject\",\"inLanguage\":\"ru-RU\",\"@id\":\"https:\\\/\\\/www.ortungsgerate.de\\\/15-gps-ueberwachungsgeraete\\\/gps-tracker-fuer-hunde-katzen-und-andere-tiere\\\/#primaryimage\",\"url\":\"https:\\\/\\\/www.ortungsgerate.de\\\/wp-content\\\/uploads\\\/gps-seklys-katems-sunims-naminiams-gyvunams.jpg\",\"contentUrl\":\"https:\\\/\\\/www.ortungsgerate.de\\\/wp-content\\\/uploads\\\/gps-seklys-katems-sunims-naminiams-gyvunams.jpg\",\"width\":800,\"height\":800,\"caption\":\"GPS-Ortungsger\u00e4te f\u00fcr Tiere Hunde Katzen\"},{\"@type\":\"BreadcrumbList\",\"@id\":\"https:\\\/\\\/www.ortungsgerate.de\\\/15-gps-ueberwachungsgeraete\\\/gps-tracker-fuer-hunde-katzen-und-andere-tiere\\\/#breadcrumb\",\"itemListElement\":[{\"@type\":\"ListItem\",\"position\":1,\"name\":\"Startseite\",\"item\":\"https:\\\/\\\/www.ortungsgerate.de\\\/\"},{\"@type\":\"ListItem\",\"position\":2,\"name\":\"Shop\",\"item\":\"https:\\\/\\\/www.ortungsgerate.de\\\/shop\\\/\"},{\"@type\":\"ListItem\",\"position\":3,\"name\":\"GPS-Tracker f\u00fcr Hunde, Katzen und andere Tiere\"}]},{\"@type\":\"WebSite\",\"@id\":\"https:\\\/\\\/www.ortungsgerate.de\\\/#website\",\"url\":\"https:\\\/\\\/www.ortungsgerate.de\\\/\",\"name\":\"Ortungsgerate.de\",\"description\":\"\",\"publisher\":{\"@id\":\"https:\\\/\\\/www.ortungsgerate.de\\\/#organization\"},\"potentialAction\":[{\"@type\":\"SearchAction\",\"target\":{\"@type\":\"EntryPoint\",\"urlTemplate\":\"https:\\\/\\\/www.ortungsgerate.de\\\/?s={search_term_string}\"},\"query-input\":{\"@type\":\"PropertyValueSpecification\",\"valueRequired\":true,\"valueName\":\"search_term_string\"}}],\"inLanguage\":\"ru-RU\"},{\"@type\":\"Organization\",\"@id\":\"https:\\\/\\\/www.ortungsgerate.de\\\/#organization\",\"name\":\"Ortungsgerate.de\",\"url\":\"https:\\\/\\\/www.ortungsgerate.de\\\/\",\"logo\":{\"@type\":\"ImageObject\",\"inLanguage\":\"ru-RU\",\"@id\":\"https:\\\/\\\/www.ortungsgerate.de\\\/#\\\/schema\\\/logo\\\/image\\\/\",\"url\":\"https:\\\/\\\/www.ortungsgerate.de\\\/wp-content\\\/uploads\\\/ortungsgerate.png\",\"contentUrl\":\"https:\\\/\\\/www.ortungsgerate.de\\\/wp-content\\\/uploads\\\/ortungsgerate.png\",\"width\":500,\"height\":135,\"caption\":\"Ortungsgerate.de\"},\"image\":{\"@id\":\"https:\\\/\\\/www.ortungsgerate.de\\\/#\\\/schema\\\/logo\\\/image\\\/\"}}]}<\/script>\n<!-- \/ Yoast SEO Premium plugin. -->","yoast_head_json":{"title":"GPS f\u00fcr Hunde, Katzen und andere Tiere Peilsender nur 45 Gramm","description":"Seklys Gps f\u00fcr Hunde, Katzen und andere Tiere. M\u00f6glichkeit, in Echtzeit zu verfolgen, wo sich das Haustier befindet, und eine Benachrichtigung auf das Mobiltelefon zu erhalten, wenn sich das Tier weit vom Zuhause entfernt.","robots":{"index":"index","follow":"follow","max-snippet":"max-snippet:-1","max-image-preview":"max-image-preview:large","max-video-preview":"max-video-preview:-1"},"canonical":"https:\/\/www.ortungsgerate.de\/ru\/15-gps-treker\/gps-treker-dlya-sobak-koshek-i-drugikh-zhivotnykh-2\/","og_locale":"ru_RU","og_type":"article","og_title":"GPS-Tracker f\u00fcr Hunde, Katzen und andere Tiere","og_description":"Seklys Gps f\u00fcr Hunde, Katzen und andere Tiere. M\u00f6glichkeit, in Echtzeit zu verfolgen, wo sich das Haustier befindet, und eine Benachrichtigung auf das Mobiltelefon zu erhalten, wenn sich das Tier weit vom Zuhause entfernt.","og_url":"https:\/\/www.ortungsgerate.de\/ru\/15-gps-treker\/gps-treker-dlya-sobak-koshek-i-drugikh-zhivotnykh-2\/","og_site_name":"Ortungsger\u00e4te.de","article_modified_time":"2025-11-26T17:01:36+00:00","og_image":[{"width":800,"height":800,"url":"https:\/\/www.ortungsgerate.de\/wp-content\/uploads\/gps-seklys-katems-sunims-naminiams-gyvunams.jpg","type":"image\/jpeg"}],"twitter_card":"summary_large_image","twitter_misc":{"\u041f\u0440\u0438\u043c\u0435\u0440\u043d\u043e\u0435 \u0432\u0440\u0435\u043c\u044f \u0434\u043b\u044f \u0447\u0442\u0435\u043d\u0438\u044f":"4 \u043c\u0438\u043d\u0443\u0442\u044b"},"schema":{"@context":"https:\/\/schema.org","@graph":[{"@type":"WebPage","@id":"https:\/\/www.ortungsgerate.de\/15-gps-ueberwachungsgeraete\/gps-tracker-fuer-hunde-katzen-und-andere-tiere\/","url":"https:\/\/www.ortungsgerate.de\/15-gps-ueberwachungsgeraete\/gps-tracker-fuer-hunde-katzen-und-andere-tiere\/","name":"GPS f\u00fcr Hunde, Katzen und andere Tiere Peilsender nur 45 Gramm","isPartOf":{"@id":"https:\/\/www.ortungsgerate.de\/#website"},"primaryImageOfPage":{"@id":"https:\/\/www.ortungsgerate.de\/15-gps-ueberwachungsgeraete\/gps-tracker-fuer-hunde-katzen-und-andere-tiere\/#primaryimage"},"image":{"@id":"https:\/\/www.ortungsgerate.de\/15-gps-ueberwachungsgeraete\/gps-tracker-fuer-hunde-katzen-und-andere-tiere\/#primaryimage"},"thumbnailUrl":"https:\/\/www.ortungsgerate.de\/wp-content\/uploads\/gps-seklys-katems-sunims-naminiams-gyvunams.jpg","datePublished":"2024-02-06T19:36:37+00:00","dateModified":"2025-11-26T17:01:36+00:00","description":"Seklys Gps f\u00fcr Hunde, Katzen und andere Tiere. M\u00f6glichkeit, in Echtzeit zu verfolgen, wo sich das Haustier befindet, und eine Benachrichtigung auf das Mobiltelefon zu erhalten, wenn sich das Tier weit vom Zuhause entfernt.","breadcrumb":{"@id":"https:\/\/www.ortungsgerate.de\/15-gps-ueberwachungsgeraete\/gps-tracker-fuer-hunde-katzen-und-andere-tiere\/#breadcrumb"},"inLanguage":"ru-RU","potentialAction":[{"@type":"ReadAction","target":["https:\/\/www.ortungsgerate.de\/15-gps-ueberwachungsgeraete\/gps-tracker-fuer-hunde-katzen-und-andere-tiere\/"]}]},{"@type":"ImageObject","inLanguage":"ru-RU","@id":"https:\/\/www.ortungsgerate.de\/15-gps-ueberwachungsgeraete\/gps-tracker-fuer-hunde-katzen-und-andere-tiere\/#primaryimage","url":"https:\/\/www.ortungsgerate.de\/wp-content\/uploads\/gps-seklys-katems-sunims-naminiams-gyvunams.jpg","contentUrl":"https:\/\/www.ortungsgerate.de\/wp-content\/uploads\/gps-seklys-katems-sunims-naminiams-gyvunams.jpg","width":800,"height":800,"caption":"GPS-Ortungsger\u00e4te f\u00fcr Tiere Hunde Katzen"},{"@type":"BreadcrumbList","@id":"https:\/\/www.ortungsgerate.de\/15-gps-ueberwachungsgeraete\/gps-tracker-fuer-hunde-katzen-und-andere-tiere\/#breadcrumb","itemListElement":[{"@type":"ListItem","position":1,"name":"Startseite","item":"https:\/\/www.ortungsgerate.de\/"},{"@type":"ListItem","position":2,"name":"Shop","item":"https:\/\/www.ortungsgerate.de\/shop\/"},{"@type":"ListItem","position":3,"name":"GPS-Tracker f\u00fcr Hunde, Katzen und andere Tiere"}]},{"@type":"WebSite","@id":"https:\/\/www.ortungsgerate.de\/#website","url":"https:\/\/www.ortungsgerate.de\/","name":"Ortungsgerate.de","description":"","publisher":{"@id":"https:\/\/www.ortungsgerate.de\/#organization"},"potentialAction":[{"@type":"SearchAction","target":{"@type":"EntryPoint","urlTemplate":"https:\/\/www.ortungsgerate.de\/?s={search_term_string}"},"query-input":{"@type":"PropertyValueSpecification","valueRequired":true,"valueName":"search_term_string"}}],"inLanguage":"ru-RU"},{"@type":"Organization","@id":"https:\/\/www.ortungsgerate.de\/#organization","name":"Ortungsgerate.de","url":"https:\/\/www.ortungsgerate.de\/","logo":{"@type":"ImageObject","inLanguage":"ru-RU","@id":"https:\/\/www.ortungsgerate.de\/#\/schema\/logo\/image\/","url":"https:\/\/www.ortungsgerate.de\/wp-content\/uploads\/ortungsgerate.png","contentUrl":"https:\/\/www.ortungsgerate.de\/wp-content\/uploads\/ortungsgerate.png","width":500,"height":135,"caption":"Ortungsgerate.de"},"image":{"@id":"https:\/\/www.ortungsgerate.de\/#\/schema\/logo\/image\/"}}]}},"_links":{"self":[{"href":"https:\/\/www.ortungsgerate.de\/ru\/wp-json\/wp\/v2\/product\/16490","targetHints":{"allow":["GET"]}}],"collection":[{"href":"https:\/\/www.ortungsgerate.de\/ru\/wp-json\/wp\/v2\/product"}],"about":[{"href":"https:\/\/www.ortungsgerate.de\/ru\/wp-json\/wp\/v2\/types\/product"}],"version-history":[{"count":0,"href":"https:\/\/www.ortungsgerate.de\/ru\/wp-json\/wp\/v2\/product\/16490\/revisions"}],"wp:featuredmedia":[{"embeddable":true,"href":"https:\/\/www.ortungsgerate.de\/ru\/wp-json\/wp\/v2\/media\/1433"}],"wp:attachment":[{"href":"https:\/\/www.ortungsgerate.de\/ru\/wp-json\/wp\/v2\/media?parent=16490"}],"wp:term":[{"taxonomy":"brand","embeddable":true,"href":"https:\/\/www.ortungsgerate.de\/ru\/wp-json\/wp\/v2\/etheme_brands?post=16490"},{"taxonomy":"product_brand","embeddable":true,"href":"https:\/\/www.ortungsgerate.de\/ru\/wp-json\/wp\/v2\/product_brand?post=16490"},{"taxonomy":"product_cat","embeddable":true,"href":"https:\/\/www.ortungsgerate.de\/ru\/wp-json\/wp\/v2\/product_cat?post=16490"},{"taxonomy":"product_tag","embeddable":true,"href":"https:\/\/www.ortungsgerate.de\/ru\/wp-json\/wp\/v2\/product_tag?post=16490"}],"curies":[{"name":"wp","href":"https:\/\/api.w.org\/{rel}","templated":true}]}}