{"id":16491,"date":"2024-02-06T21:37:30","date_gmt":"2024-02-06T19:37:30","guid":{"rendered":"https:\/\/ortungsgerate.de\/be-kategorijos\/elektros-lempute-su-slapta-kamera-vaizdas-matomas-360-laipsniu\/"},"modified":"2025-12-01T11:26:01","modified_gmt":"2025-12-01T10:26:01","slug":"lampochka-so-skrytoy-kameroy-izobrazhenie-vidno-na-360-gradusov","status":"publish","type":"product","link":"https:\/\/www.ortungsgerate.de\/ru\/12-skrytyje-kamery\/17-zamaskirovanyje-kamery\/lampochka-so-skrytoy-kameroy-izobrazhenie-vidno-na-360-gradusov\/","title":{"rendered":"\u041b\u0430\u043c\u043f\u043e\u0447\u043a\u0430 \u0441\u043e \u0441\u043a\u0440\u044b\u0442\u043e\u0439 \u043a\u0430\u043c\u0435\u0440\u043e\u0439, \u0438\u0437\u043e\u0431\u0440\u0430\u0436\u0435\u043d\u0438\u0435 \u0432\u0438\u0434\u043d\u043e \u043d\u0430 360 \u0433\u0440\u0430\u0434\u0443\u0441\u043e\u0432"},"content":{"rendered":"<p><strong>\u0410\u041a\u0426\u0418\u042f: Micro SD 32GB \u0432 \u043f\u043e\u0434\u0430\u0440\u043e\u043a<\/strong><\/p>\n<p><strong>\u0422\u0435\u0445\u043d\u0438\u0447\u0435\u0441\u043a\u0438\u0435 \u043f\u0430\u0440\u0430\u043c\u0435\u0442\u0440\u044b:<\/strong><\/p>\n<ul>\n<li>Fernanzeige des Videos: JA<\/li>\n<li>\u0418\u0437\u043e\u0431\u0440\u0430\u0436\u0435\u043d\u0438\u0435 \u0437\u0430\u043f\u0438\u0441\u044b\u0432\u0430\u0435\u0442\u0441\u044f \u0441\u043e \u0437\u0432\u0443\u043a\u043e\u043c<\/li>\n<li>Prozessor: GM8135<\/li>\n<li>Optik: 1\/3 CMOS<\/li>\n<li>Weckfunktion \u2013 Ja<\/li>\n<li>3 Nachtsicht-LEDs<\/li>\n<li>Bildqualit\u00e4t: Live-Ansicht: HD 1920*1080<\/li>\n<li>Sichtwinkel: 360 Grad<\/li>\n<li>Bildrate: 25 FPS<\/li>\n<li>\u0423\u0432\u0435\u0434\u043e\u043c\u043b\u0435\u043d\u0438\u044f \u043f\u0440\u0438 \u043e\u0431\u043d\u0430\u0440\u0443\u0436\u0435\u043d\u0438\u0438 \u0434\u0432\u0438\u0436\u0435\u043d\u0438\u044f (Push-\u0443\u0432\u0435\u0434\u043e\u043c\u043b\u0435\u043d\u0438\u0435)<\/li>\n<li>Kartensupport: von 32 GB bis 128 GB (Speicherkarte nicht im Set enthalten)<\/li>\n<li>Video\u00fcberwachung: per Telefon oder Computer (Live \u00fcber das Internet)<\/li>\n<li>Wird anstelle einer Gl\u00fchbirne eingeschraubt<\/li>\n<li>Videoaufzeichnung bei Bewegung<\/li>\n<li>\u041e\u0431\u043d\u0430\u0440\u0443\u0436\u0435\u043d\u0438\u0435 \u0434\u0432\u0438\u0436\u0435\u043d\u0438\u044f: \u0414\u0410, \u0446\u0438\u0444\u0440\u043e\u0432\u043e\u0435<\/li>\n<li>\u0424\u043e\u0440\u043c\u0430\u0442 \u0441\u0436\u0430\u0442\u0438\u044f: AVI H.264<\/li>\n<li>Audio-Kompression: G.711<\/li>\n<li>\u0412\u0438\u0434\u0435\u043e \u0444\u043e\u0440\u043c\u0430\u0442: Avi<\/li>\n<li>Systeme: \u201eiOS\u201c, \u201eAndroid\u201c, \u201eWindows\u201c, \u201e<\/li>\n<li>App: vorhanden<\/li>\n<li>Stromversorgung: \u00fcber Netzstrom (Steckdose) oder \u00fcber internen Akku<\/li>\n<li>Bei Stromausfall funktioniert das Ger\u00e4t 3\u20134 Stunden \u00fcber den Akku<\/li>\n<li>Wi-Fi: Vorhanden<\/li>\n<li><strong>\u0413\u0410\u0420\u0410\u041d\u0422\u0418\u042f 12 \u043c\u0435\u0441\u044f\u0446\u0435\u0432<\/strong><\/li>\n<\/ul>\n<p><strong>In die Gl\u00fchbirne integrierte versteckte Kamera mit Wi-Fi-Verbindung<\/strong><\/p>\n<p>Die Sicherung von Innenr\u00e4umen ist f\u00fcr jeden von uns wichtig, daher ist es nicht verwunderlich, dass immer h\u00e4ufiger Video\u00fcberwachungskameras gew\u00e4hlt werden, mit deren Hilfe \u00fcberpr\u00fcft werden kann, was in der \u00fcberwachten Umgebung gerade geschieht. Der Einsatz versteckter Kameras bew\u00e4hrt sich deutlich h\u00e4ufiger: Die sich im Raum befindlichen Personen ahnen nicht, dass sie \u00fcberwacht werden, und verhalten sich daher v\u00f6llig gewohnt. Genau deshalb kann eine in eine Gl\u00fchbirne integrierte versteckte Kamera eine der vorteilhaftesten Wahlm\u00f6glichkeiten sein: Es ist selbstverst\u00e4ndlich, dass jeder Raum eine k\u00fcnstliche Beleuchtung ben\u00f6tigt, daher kommt kaum jemand auf den Gedanken, dass in einer Gl\u00fchbirne eine versteckte Kamera untergebracht sein k\u00f6nnte.<\/p>\n<p><strong>Video\u00fcberwachung von jedem Ort der Welt aus<\/strong><\/p>\n<p>Ganz gleich, wo Sie sich befinden, Sie k\u00f6nnen jederzeit pr\u00fcfen, was sich in der \u00fcberwachten Umgebung gerade abspielt. Wenn Sie bef\u00fcrchten, etwas Wichtiges zu verpassen, k\u00f6nnen Sie eine Funktion einstellen, mit der Sie eine Benachrichtigung erhalten, sobald sich jemand im Raum bewegt. Genau dies stellt sicher, dass Ihnen keine Ereignisse entgehen und Sie die Video\u00fcberwachung genau dann einschalten k\u00f6nnen, wenn Sie sie am dringendsten ben\u00f6tigen.<\/p>\n<p><strong>Aufzeichnung von Bild und Ton<\/strong><\/p>\n<p>Einige versteckte \u00dcberwachungskameras k\u00f6nnen nur Bildmaterial aufzeichnen, jedoch sind Tonaufnahmen oft nicht weniger wichtig. Wenn Sie diese versteckte Video\u00fcberwachungskamera w\u00e4hlen, erhalten Sie nicht nur visuelles, sondern auch akustisches Material, das in vielen Situationen mindestens ebenso wichtig ist. Erw\u00e4hnenswert ist zudem, dass die Qualit\u00e4t der Videoaufzeichnungen einfach einwandfrei ist \u2013 das Bildmaterial wird in Full-HD-Aufl\u00f6sung aufgenommen, sodass es hochwertig und ausreichend klar ist.<\/p>\n<p><strong>Nachtsichtfunktion<\/strong><\/p>\n<p>Oft wird angenommen, dass Video\u00fcberwachungskameras Aufnahmen nur bei ausreichender Beleuchtung aufzeichnen k\u00f6nnen, jedoch ist es in vielen Situationen ebenso wichtig, dass Bildmaterial auch im Dunkeln erfasst wird. Genau deshalb kann eine in eine Gl\u00fchbirne integrierte versteckte Kamera mit Wi-Fi-Verbindung eine der vorteilhaftesten Optionen sein, da sie die Aufzeichnung von Videoaufnahmen nicht nur bei Tageslicht, sondern auch bei Dunkelheit gew\u00e4hrleistet.<\/p>\n<p><strong>360-Grad-Sichtfeld<\/strong><\/p>\n<p>H\u00e4ufig wird angenommen, dass eine Videokamera in einem bestimmten Winkel montiert werden muss, damit die eine oder andere Seite des Raums sichtbar ist, jedoch m\u00fcssen wir zustimmen, dass es in vielen F\u00e4llen wichtig ist, das Bild aus allen Richtungen zu erfassen. Diese in einer Gl\u00fchbirne getarnte Videokamera wird Ihre Erwartungen mit Sicherheit erf\u00fcllen, da sie eine Sichtbarkeit des Bildes in einem Winkel von bis zu 360 Grad gew\u00e4hrleistet. Somit spielt es keine Rolle, welche Seite des Raums \u00fcberwacht werden soll \u2013 Sie k\u00f6nnen sicher sein, dass dies keinerlei Unannehmlichkeiten bereiten wird.<\/p>\n<p><strong>Unterst\u00fctzung f\u00fcr Micro-SD-Karten<\/strong><\/p>\n<p>Die versteckte Kamera verwendet eine Micro-SD-Karte mit einer Kapazit\u00e4t von bis zu 128 GB. Wenn die Aufnahmen kontinuierlich erfolgen, wird die Kapazit\u00e4t der Speicherkarte in etwa 14 Tagen vollst\u00e4ndig belegt. Die Vorbereitung der Kamera f\u00fcr den Einsatz ist sehr einfach: Sie m\u00fcssen sie lediglich mit dem Wi-Fi-Netzwerk verbinden und k\u00f6nnen schon bald mit der Aufzeichnung von Videoaufnahmen beginnen.<\/p>\n<p><strong>Breite Einsatzm\u00f6glichkeiten<\/strong><\/p>\n<p>Die Einsatzm\u00f6glichkeiten dieser versteckten Kamera sind sehr vielf\u00e4ltig, sodass es v\u00f6llig unerheblich ist, welche R\u00e4umlichkeiten Sie \u00fcberwachen m\u00f6chten \u2013 Sie k\u00f6nnen sicher sein, dass diese Kamera ein deutlich h\u00f6heres Sicherheitsniveau gew\u00e4hrleisten kann. Dieses Ger\u00e4t wird h\u00e4ufig in Ferienh\u00e4usern eingesetzt: Schrauben Sie die Gl\u00fchbirne einfach in eine normale Lampenfassung ein, und schon bald k\u00f6nnen Sie mit der Aufzeichnung von Bild- und Tonmaterial beginnen. Au\u00dferdem kann dieses Ger\u00e4t in verschiedenen Verkaufsr\u00e4umen eingesetzt werden, in denen ein relativ hohes Einbruchsrisiko besteht. Leider schreckt eine Alarmanlage Einbrecher nicht immer ab, daher k\u00f6nnen aufgezeichnete Videoaufnahmen helfen, Diebe deutlich schneller zu \u00fcberf\u00fchren. Sorgen Sie f\u00fcr die Sicherheit Ihrer R\u00e4umlichkeiten und erwerben Sie diese versteckte Kamera \u2013 Sie k\u00f6nnen sicher sein, dass sie sich in sehr vielen Situationen als n\u00fctzlich erweisen wird!<\/p>","protected":false},"excerpt":{"rendered":"<p>AKTION: Micro SD 32GB als Geschenk Technische Parameter: Fernanzeige des Videos: JA Bild wird mit Ton aufgezeichnet Prozessor: GM8135 Optik: 1\/3 CMOS Weckfunktion \u2013 Ja&#8230;<\/p>","protected":false},"featured_media":26392,"template":"","meta":[],"etheme_brands":[],"product_brand":[],"product_cat":[204,203,205],"product_tag":[42,707,705,690,693],"class_list":{"0":"post-16491","1":"product","2":"type-product","3":"status-publish","4":"has-post-thumbnail","6":"product_cat-17-getarnte-kameras","7":"product_cat-12-versteckte-kameras","8":"product_cat-27-wlan-minikameras","9":"product_tag-kamera","10":"product_tag-kamera-uhr","11":"product_tag-ueberwachungskamera","12":"product_tag-versteckte-kamera","13":"product_tag-wlan-kamera","14":"pa_typ-leuchten","16":"first","17":"outofstock","18":"taxable","19":"shipping-taxable","20":"purchasable","21":"product-type-simple"},"yoast_head":"<!-- This site is optimized with the Yoast SEO Premium plugin v25.9 (Yoast SEO v27.4) - https:\/\/yoast.com\/product\/yoast-seo-premium-wordpress\/ -->\n<title>Gl\u00fchbirne mit versteckter Kamera, 360-Grad-Sicht<\/title>\n<meta name=\"description\" content=\"Neuheit \u2013 Kamera in eine Gl\u00fchbirne eingebaut. Das Bild ist sogar in 360 Grad sichtbar, sogenanntes Fisheye. Eignet sich hervorragend f\u00fcr das Ferienhaus, Zuhause oder die Garage. Sch\u00fctzen Sie Ihr Eigentum\" \/>\n<meta name=\"robots\" content=\"index, follow, max-snippet:-1, max-image-preview:large, max-video-preview:-1\" \/>\n<link rel=\"canonical\" href=\"https:\/\/www.ortungsgerate.de\/ru\/12-skrytyje-kamery\/27-wlan-mini-kamery\/lampochka-so-skrytoy-kameroy-izobrazhenie-vidno-na-360-gradusov\/\" \/>\n<meta property=\"og:locale\" content=\"ru_RU\" \/>\n<meta property=\"og:type\" content=\"article\" \/>\n<meta property=\"og:title\" content=\"Gl\u00fchbirne mit versteckter Kamera, Bild sichtbar in 360 Grad\" \/>\n<meta property=\"og:description\" content=\"Neuheit \u2013 Kamera in eine Gl\u00fchbirne eingebaut. Das Bild ist sogar in 360 Grad sichtbar, sogenanntes Fisheye. Eignet sich hervorragend f\u00fcr das Ferienhaus, Zuhause oder die Garage. Sch\u00fctzen Sie Ihr Eigentum\" \/>\n<meta property=\"og:url\" content=\"https:\/\/www.ortungsgerate.de\/ru\/12-skrytyje-kamery\/27-wlan-mini-kamery\/lampochka-so-skrytoy-kameroy-izobrazhenie-vidno-na-360-gradusov\/\" \/>\n<meta property=\"og:site_name\" content=\"Ortungsger\u00e4te.de\" \/>\n<meta property=\"article:modified_time\" content=\"2025-12-01T10:26:01+00:00\" \/>\n<meta property=\"og:image\" content=\"https:\/\/www.ortungsgerate.de\/wp-content\/uploads\/led-lempute-slapta-kamera.jpg\" \/>\n\t<meta property=\"og:image:width\" content=\"458\" \/>\n\t<meta property=\"og:image:height\" content=\"458\" \/>\n\t<meta property=\"og:image:type\" content=\"image\/jpeg\" \/>\n<meta name=\"twitter:card\" content=\"summary_large_image\" \/>\n<meta name=\"twitter:label1\" content=\"\u041f\u0440\u0438\u043c\u0435\u0440\u043d\u043e\u0435 \u0432\u0440\u0435\u043c\u044f \u0434\u043b\u044f \u0447\u0442\u0435\u043d\u0438\u044f\" \/>\n\t<meta name=\"twitter:data1\" content=\"4 \u043c\u0438\u043d\u0443\u0442\u044b\" \/>\n<script type=\"application\/ld+json\" class=\"yoast-schema-graph\">{\"@context\":\"https:\\\/\\\/schema.org\",\"@graph\":[{\"@type\":\"WebPage\",\"@id\":\"https:\\\/\\\/www.ortungsgerate.de\\\/12-versteckte-kameras\\\/27-wlan-minikameras\\\/gluehbirne-mit-versteckter-kamera-bild-sichtbar-in-360-grad\\\/\",\"url\":\"https:\\\/\\\/www.ortungsgerate.de\\\/12-versteckte-kameras\\\/27-wlan-minikameras\\\/gluehbirne-mit-versteckter-kamera-bild-sichtbar-in-360-grad\\\/\",\"name\":\"Gl\u00fchbirne mit versteckter Kamera, 360-Grad-Sicht\",\"isPartOf\":{\"@id\":\"https:\\\/\\\/www.ortungsgerate.de\\\/#website\"},\"primaryImageOfPage\":{\"@id\":\"https:\\\/\\\/www.ortungsgerate.de\\\/12-versteckte-kameras\\\/27-wlan-minikameras\\\/gluehbirne-mit-versteckter-kamera-bild-sichtbar-in-360-grad\\\/#primaryimage\"},\"image\":{\"@id\":\"https:\\\/\\\/www.ortungsgerate.de\\\/12-versteckte-kameras\\\/27-wlan-minikameras\\\/gluehbirne-mit-versteckter-kamera-bild-sichtbar-in-360-grad\\\/#primaryimage\"},\"thumbnailUrl\":\"https:\\\/\\\/www.ortungsgerate.de\\\/wp-content\\\/uploads\\\/led-lempute-slapta-kamera.jpg\",\"datePublished\":\"2024-02-06T19:37:30+00:00\",\"dateModified\":\"2025-12-01T10:26:01+00:00\",\"description\":\"Neuheit \u2013 Kamera in eine Gl\u00fchbirne eingebaut. Das Bild ist sogar in 360 Grad sichtbar, sogenanntes Fisheye. Eignet sich hervorragend f\u00fcr das Ferienhaus, Zuhause oder die Garage. Sch\u00fctzen Sie Ihr Eigentum\",\"breadcrumb\":{\"@id\":\"https:\\\/\\\/www.ortungsgerate.de\\\/12-versteckte-kameras\\\/27-wlan-minikameras\\\/gluehbirne-mit-versteckter-kamera-bild-sichtbar-in-360-grad\\\/#breadcrumb\"},\"inLanguage\":\"ru-RU\",\"potentialAction\":[{\"@type\":\"ReadAction\",\"target\":[\"https:\\\/\\\/www.ortungsgerate.de\\\/12-versteckte-kameras\\\/27-wlan-minikameras\\\/gluehbirne-mit-versteckter-kamera-bild-sichtbar-in-360-grad\\\/\"]}]},{\"@type\":\"ImageObject\",\"inLanguage\":\"ru-RU\",\"@id\":\"https:\\\/\\\/www.ortungsgerate.de\\\/12-versteckte-kameras\\\/27-wlan-minikameras\\\/gluehbirne-mit-versteckter-kamera-bild-sichtbar-in-360-grad\\\/#primaryimage\",\"url\":\"https:\\\/\\\/www.ortungsgerate.de\\\/wp-content\\\/uploads\\\/led-lempute-slapta-kamera.jpg\",\"contentUrl\":\"https:\\\/\\\/www.ortungsgerate.de\\\/wp-content\\\/uploads\\\/led-lempute-slapta-kamera.jpg\",\"width\":458,\"height\":458,\"caption\":\"LED-Lampe versteckte Kamera\"},{\"@type\":\"BreadcrumbList\",\"@id\":\"https:\\\/\\\/www.ortungsgerate.de\\\/12-versteckte-kameras\\\/27-wlan-minikameras\\\/gluehbirne-mit-versteckter-kamera-bild-sichtbar-in-360-grad\\\/#breadcrumb\",\"itemListElement\":[{\"@type\":\"ListItem\",\"position\":1,\"name\":\"Startseite\",\"item\":\"https:\\\/\\\/www.ortungsgerate.de\\\/\"},{\"@type\":\"ListItem\",\"position\":2,\"name\":\"Shop\",\"item\":\"https:\\\/\\\/www.ortungsgerate.de\\\/shop\\\/\"},{\"@type\":\"ListItem\",\"position\":3,\"name\":\"Gl\u00fchbirne mit versteckter Kamera, Bild sichtbar in 360 Grad\"}]},{\"@type\":\"WebSite\",\"@id\":\"https:\\\/\\\/www.ortungsgerate.de\\\/#website\",\"url\":\"https:\\\/\\\/www.ortungsgerate.de\\\/\",\"name\":\"Ortungsgerate.de\",\"description\":\"\",\"publisher\":{\"@id\":\"https:\\\/\\\/www.ortungsgerate.de\\\/#organization\"},\"potentialAction\":[{\"@type\":\"SearchAction\",\"target\":{\"@type\":\"EntryPoint\",\"urlTemplate\":\"https:\\\/\\\/www.ortungsgerate.de\\\/?s={search_term_string}\"},\"query-input\":{\"@type\":\"PropertyValueSpecification\",\"valueRequired\":true,\"valueName\":\"search_term_string\"}}],\"inLanguage\":\"ru-RU\"},{\"@type\":\"Organization\",\"@id\":\"https:\\\/\\\/www.ortungsgerate.de\\\/#organization\",\"name\":\"Ortungsgerate.de\",\"url\":\"https:\\\/\\\/www.ortungsgerate.de\\\/\",\"logo\":{\"@type\":\"ImageObject\",\"inLanguage\":\"ru-RU\",\"@id\":\"https:\\\/\\\/www.ortungsgerate.de\\\/#\\\/schema\\\/logo\\\/image\\\/\",\"url\":\"https:\\\/\\\/www.ortungsgerate.de\\\/wp-content\\\/uploads\\\/ortungsgerate.png\",\"contentUrl\":\"https:\\\/\\\/www.ortungsgerate.de\\\/wp-content\\\/uploads\\\/ortungsgerate.png\",\"width\":500,\"height\":135,\"caption\":\"Ortungsgerate.de\"},\"image\":{\"@id\":\"https:\\\/\\\/www.ortungsgerate.de\\\/#\\\/schema\\\/logo\\\/image\\\/\"}}]}<\/script>\n<!-- \/ Yoast SEO Premium plugin. -->","yoast_head_json":{"title":"Gl\u00fchbirne mit versteckter Kamera, 360-Grad-Sicht","description":"Neuheit \u2013 Kamera in eine Gl\u00fchbirne eingebaut. Das Bild ist sogar in 360 Grad sichtbar, sogenanntes Fisheye. Eignet sich hervorragend f\u00fcr das Ferienhaus, Zuhause oder die Garage. Sch\u00fctzen Sie Ihr Eigentum","robots":{"index":"index","follow":"follow","max-snippet":"max-snippet:-1","max-image-preview":"max-image-preview:large","max-video-preview":"max-video-preview:-1"},"canonical":"https:\/\/www.ortungsgerate.de\/ru\/12-skrytyje-kamery\/27-wlan-mini-kamery\/lampochka-so-skrytoy-kameroy-izobrazhenie-vidno-na-360-gradusov\/","og_locale":"ru_RU","og_type":"article","og_title":"Gl\u00fchbirne mit versteckter Kamera, Bild sichtbar in 360 Grad","og_description":"Neuheit \u2013 Kamera in eine Gl\u00fchbirne eingebaut. Das Bild ist sogar in 360 Grad sichtbar, sogenanntes Fisheye. Eignet sich hervorragend f\u00fcr das Ferienhaus, Zuhause oder die Garage. Sch\u00fctzen Sie Ihr Eigentum","og_url":"https:\/\/www.ortungsgerate.de\/ru\/12-skrytyje-kamery\/27-wlan-mini-kamery\/lampochka-so-skrytoy-kameroy-izobrazhenie-vidno-na-360-gradusov\/","og_site_name":"Ortungsger\u00e4te.de","article_modified_time":"2025-12-01T10:26:01+00:00","og_image":[{"width":458,"height":458,"url":"https:\/\/www.ortungsgerate.de\/wp-content\/uploads\/led-lempute-slapta-kamera.jpg","type":"image\/jpeg"}],"twitter_card":"summary_large_image","twitter_misc":{"\u041f\u0440\u0438\u043c\u0435\u0440\u043d\u043e\u0435 \u0432\u0440\u0435\u043c\u044f \u0434\u043b\u044f \u0447\u0442\u0435\u043d\u0438\u044f":"4 \u043c\u0438\u043d\u0443\u0442\u044b"},"schema":{"@context":"https:\/\/schema.org","@graph":[{"@type":"WebPage","@id":"https:\/\/www.ortungsgerate.de\/12-versteckte-kameras\/27-wlan-minikameras\/gluehbirne-mit-versteckter-kamera-bild-sichtbar-in-360-grad\/","url":"https:\/\/www.ortungsgerate.de\/12-versteckte-kameras\/27-wlan-minikameras\/gluehbirne-mit-versteckter-kamera-bild-sichtbar-in-360-grad\/","name":"Gl\u00fchbirne mit versteckter Kamera, 360-Grad-Sicht","isPartOf":{"@id":"https:\/\/www.ortungsgerate.de\/#website"},"primaryImageOfPage":{"@id":"https:\/\/www.ortungsgerate.de\/12-versteckte-kameras\/27-wlan-minikameras\/gluehbirne-mit-versteckter-kamera-bild-sichtbar-in-360-grad\/#primaryimage"},"image":{"@id":"https:\/\/www.ortungsgerate.de\/12-versteckte-kameras\/27-wlan-minikameras\/gluehbirne-mit-versteckter-kamera-bild-sichtbar-in-360-grad\/#primaryimage"},"thumbnailUrl":"https:\/\/www.ortungsgerate.de\/wp-content\/uploads\/led-lempute-slapta-kamera.jpg","datePublished":"2024-02-06T19:37:30+00:00","dateModified":"2025-12-01T10:26:01+00:00","description":"Neuheit \u2013 Kamera in eine Gl\u00fchbirne eingebaut. Das Bild ist sogar in 360 Grad sichtbar, sogenanntes Fisheye. Eignet sich hervorragend f\u00fcr das Ferienhaus, Zuhause oder die Garage. Sch\u00fctzen Sie Ihr Eigentum","breadcrumb":{"@id":"https:\/\/www.ortungsgerate.de\/12-versteckte-kameras\/27-wlan-minikameras\/gluehbirne-mit-versteckter-kamera-bild-sichtbar-in-360-grad\/#breadcrumb"},"inLanguage":"ru-RU","potentialAction":[{"@type":"ReadAction","target":["https:\/\/www.ortungsgerate.de\/12-versteckte-kameras\/27-wlan-minikameras\/gluehbirne-mit-versteckter-kamera-bild-sichtbar-in-360-grad\/"]}]},{"@type":"ImageObject","inLanguage":"ru-RU","@id":"https:\/\/www.ortungsgerate.de\/12-versteckte-kameras\/27-wlan-minikameras\/gluehbirne-mit-versteckter-kamera-bild-sichtbar-in-360-grad\/#primaryimage","url":"https:\/\/www.ortungsgerate.de\/wp-content\/uploads\/led-lempute-slapta-kamera.jpg","contentUrl":"https:\/\/www.ortungsgerate.de\/wp-content\/uploads\/led-lempute-slapta-kamera.jpg","width":458,"height":458,"caption":"LED-Lampe versteckte Kamera"},{"@type":"BreadcrumbList","@id":"https:\/\/www.ortungsgerate.de\/12-versteckte-kameras\/27-wlan-minikameras\/gluehbirne-mit-versteckter-kamera-bild-sichtbar-in-360-grad\/#breadcrumb","itemListElement":[{"@type":"ListItem","position":1,"name":"Startseite","item":"https:\/\/www.ortungsgerate.de\/"},{"@type":"ListItem","position":2,"name":"Shop","item":"https:\/\/www.ortungsgerate.de\/shop\/"},{"@type":"ListItem","position":3,"name":"Gl\u00fchbirne mit versteckter Kamera, Bild sichtbar in 360 Grad"}]},{"@type":"WebSite","@id":"https:\/\/www.ortungsgerate.de\/#website","url":"https:\/\/www.ortungsgerate.de\/","name":"Ortungsgerate.de","description":"","publisher":{"@id":"https:\/\/www.ortungsgerate.de\/#organization"},"potentialAction":[{"@type":"SearchAction","target":{"@type":"EntryPoint","urlTemplate":"https:\/\/www.ortungsgerate.de\/?s={search_term_string}"},"query-input":{"@type":"PropertyValueSpecification","valueRequired":true,"valueName":"search_term_string"}}],"inLanguage":"ru-RU"},{"@type":"Organization","@id":"https:\/\/www.ortungsgerate.de\/#organization","name":"Ortungsgerate.de","url":"https:\/\/www.ortungsgerate.de\/","logo":{"@type":"ImageObject","inLanguage":"ru-RU","@id":"https:\/\/www.ortungsgerate.de\/#\/schema\/logo\/image\/","url":"https:\/\/www.ortungsgerate.de\/wp-content\/uploads\/ortungsgerate.png","contentUrl":"https:\/\/www.ortungsgerate.de\/wp-content\/uploads\/ortungsgerate.png","width":500,"height":135,"caption":"Ortungsgerate.de"},"image":{"@id":"https:\/\/www.ortungsgerate.de\/#\/schema\/logo\/image\/"}}]}},"_links":{"self":[{"href":"https:\/\/www.ortungsgerate.de\/ru\/wp-json\/wp\/v2\/product\/16491","targetHints":{"allow":["GET"]}}],"collection":[{"href":"https:\/\/www.ortungsgerate.de\/ru\/wp-json\/wp\/v2\/product"}],"about":[{"href":"https:\/\/www.ortungsgerate.de\/ru\/wp-json\/wp\/v2\/types\/product"}],"version-history":[{"count":0,"href":"https:\/\/www.ortungsgerate.de\/ru\/wp-json\/wp\/v2\/product\/16491\/revisions"}],"wp:featuredmedia":[{"embeddable":true,"href":"https:\/\/www.ortungsgerate.de\/ru\/wp-json\/wp\/v2\/media\/26392"}],"wp:attachment":[{"href":"https:\/\/www.ortungsgerate.de\/ru\/wp-json\/wp\/v2\/media?parent=16491"}],"wp:term":[{"taxonomy":"brand","embeddable":true,"href":"https:\/\/www.ortungsgerate.de\/ru\/wp-json\/wp\/v2\/etheme_brands?post=16491"},{"taxonomy":"product_brand","embeddable":true,"href":"https:\/\/www.ortungsgerate.de\/ru\/wp-json\/wp\/v2\/product_brand?post=16491"},{"taxonomy":"product_cat","embeddable":true,"href":"https:\/\/www.ortungsgerate.de\/ru\/wp-json\/wp\/v2\/product_cat?post=16491"},{"taxonomy":"product_tag","embeddable":true,"href":"https:\/\/www.ortungsgerate.de\/ru\/wp-json\/wp\/v2\/product_tag?post=16491"}],"curies":[{"name":"wp","href":"https:\/\/api.w.org\/{rel}","templated":true}]}}