{"id":16492,"date":"2024-02-06T21:39:07","date_gmt":"2024-02-06T19:39:07","guid":{"rendered":"https:\/\/ortungsgerate.de\/be-kategorijos\/medziokles-kamera-4g-10400mah-spalvotas-naktinis-matymas\/"},"modified":"2025-11-26T19:05:56","modified_gmt":"2025-11-26T17:05:56","slug":"okhotnichya-kamera-4g-10400mah-tsvetnoe-nochnoe-videnie-2","status":"publish","type":"product","link":"https:\/\/www.ortungsgerate.de\/ru\/12-skrytyje-kamery\/30-4g-kamery-2\/okhotnichya-kamera-4g-10400mah-tsvetnoe-nochnoe-videnie-2\/","title":{"rendered":"\u041e\u0445\u043e\u0442\u043d\u0438\u0447\u044c\u044f \u043a\u0430\u043c\u0435\u0440\u0430 4G 10400mAh \u0446\u0432\u0435\u0442\u043d\u043e\u0435 \u043d\u043e\u0447\u043d\u043e\u0435 \u0432\u0438\u0434\u0435\u043d\u0438\u0435"},"content":{"rendered":"<h3><strong>\u0422\u0435\u0445\u043d\u0438\u0447\u0435\u0441\u043a\u0438\u0435 \u043f\u0430\u0440\u0430\u043c\u0435\u0442\u0440\u044b:<\/strong><\/h3>\n<ul>\n<li>\u0423\u0434\u0430\u043b\u0435\u043d\u043d\u044b\u0439 \u0434\u043e\u0441\u0442\u0443\u043f: \u0414\u0410<\/li>\n<li>4 MP Kamera<\/li>\n<li>IP66 Wasserschutz<\/li>\n<li>Funktioniert auch ohne Solarpanel<\/li>\n<li>HD 2K Video<\/li>\n<li>Live-Audioabh\u00f6rung m\u00f6glich<\/li>\n<li>Videoaufnahmen mit Ton<\/li>\n<li>Bewegungserkennung<\/li>\n<li>Mehrfach wiederaufladbarer Akku 10 400 mAh<\/li>\n<li>Solarpanel<\/li>\n<li>Betriebszeit ca. 3 Monate, wenn pro Tag bis zu 20 Mal Bewegung erkannt wird<\/li>\n<li>\u0418\u0437\u043e\u0431\u0440\u0430\u0436\u0435\u043d\u0438\u0435 \u0437\u0430\u043f\u0438\u0441\u044b\u0432\u0430\u0435\u0442\u0441\u044f \u0441\u043e \u0437\u0432\u0443\u043a\u043e\u043c<\/li>\n<li>PIR-Sensor mit erh\u00f6hter Empfindlichkeit<\/li>\n<li>Unterst\u00fctzt Speicherkarten bis 128 GB<\/li>\n<li>Netzwerk: GSM 4G, es wird eine SIM-Karte mit Internet eingesetzt<\/li>\n<li>Nachtsehen 3 Modi (Nachts IR) (Nacht farbig) (automatisch)<\/li>\n<li>Ansicht der Bilder m\u00f6glich \u00fcber: Telefon<\/li>\n<li>Benachrichtigungen aufs Telefon: Ja<\/li>\n<li>\u0421\u043b\u043e\u0442 \u0434\u043b\u044f SIM-\u043a\u0430\u0440\u0442\u044b: \u0414\u0430<\/li>\n<li>Bewegungserkennungsmodus: JA<\/li>\n<li>\u00dcberwachungswinkel: 102 \u00b0<\/li>\n<li>\u0424\u043e\u0440\u043c\u0430\u0442 \u0441\u0436\u0430\u0442\u0438\u044f: AVI H.265<\/li>\n<li>\u041f\u043e\u0434\u0434\u0435\u0440\u0436\u0438\u0432\u0430\u0435\u043c\u044b\u0435 \u0441\u0438\u0441\u0442\u0435\u043c\u044b: \u201eiOS\u201c \u201eAndroid\u201c<\/li>\n<li>Stromversorgung: interner Akku oder Solarpanel (im Lieferumfang)<\/li>\n<li>\u0423\u043f\u0440\u0430\u0432\u043b\u0435\u043d\u0438\u0435 \u0437\u0430\u043f\u0438\u0441\u044c\u044e: \u0441 \u043b\u044e\u0431\u043e\u0433\u043e \u0441\u043c\u0430\u0440\u0442-\u0443\u0441\u0442\u0440\u043e\u0439\u0441\u0442\u0432\u0430 (\u0442\u0435\u043b\u0435\u0444\u043e\u043d, \u043a\u043e\u043c\u043f\u044c\u044e\u0442\u0435\u0440 \u0438\u043b\u0438 \u043f\u043b\u0430\u043d\u0448\u0435\u0442).<\/li>\n<li>\u0413\u0430\u0440\u0430\u043d\u0442\u0438\u044f 12 \u043c\u0435\u0441\u044f\u0446\u0435\u0432<\/li>\n<\/ul>\n<p>&nbsp;<\/p>\n<p><strong>Jagdkamera 4G 10400 mAh, farbiges Nachtsehen<\/strong><\/p>\n<p><a href=\"https:\/\/www.ortungsgerate.de\/ru\/38-lesnije-kamery-fotolovushki-4g\/\">Jagdkamera<\/a> \u2013 ist ein hervorragendes Werkzeug zur Beobachtung von Wildtieren. Die 4G-Jagdkamera erm\u00f6glicht es, das Verhalten der Tiere aus der Ferne zu \u00fcberwachen. Die aufgezeichneten Videoaufnahmen k\u00f6nnen Sie auf jedem Smart-Ger\u00e4t ansehen: Telefon, Computer oder Tablet. Wenn Sie sich vom Jagdgebiet entfernen, sorgt die 4G-Jagdkamera daf\u00fcr, dass Sie nichts Wichtiges verpassen.<\/p>\n<p>Dieser Kameratyp wird h\u00e4ufig auch von Naturliebhabern getestet, die einfach die Wildnis beobachten m\u00f6chten. Ganz gleich, wo Sie sich befinden, Sie k\u00f6nnen sich mit dem Videostream verbinden und die Bilder der Wildnis verfolgen.<\/p>\n<p>Die 4G-Jagdkamera zeichnet Videos mit Ton auf, was Ihnen noch mehr Informationen \u00fcber das \u00fcberwachte Gebiet liefert. Sie m\u00fcssen sich keine Sorgen machen, dass die Kamera nass werden k\u00f6nnte: dieses Ger\u00e4t verf\u00fcgt \u00fcber IP66-Wasserschutz.<\/p>\n<p>Die Jagdkamera wird \u00fcber den internen Akku oder \u00fcber ein Solarpanel betrieben. Der wiederaufladbare Akku hat eine Kapazit\u00e4t von ganzen 10 400 mAh. Wenn pro Tag bis zu 20 Mal Bewegung erkannt wird, betr\u00e4gt die Standby-Zeit des Akkus bis zu drei Monate. Die Kamera kann sowohl mit Solarpanel als auch ohne verwendet werden.<\/p>\n<p>Die Kamera verf\u00fcgt \u00fcber einen hochempfindlichen PIR-Sensor: Wird eine Bewegung erkannt, werden Sie per Benachrichtigung informiert. Sie k\u00f6nnen sich mit dem Videostream verbinden und feststellen, was aktuell in dem von Ihnen \u00fcberwachten Gebiet geschieht.<\/p>\n<p>Die Jagdkamera verf\u00fcgt \u00fcber drei Nachtsehfunktionen: automatisch, Nacht-IR-Modus und farbiges Nachtsehen. Die aufgezeichneten Videos sind von ausgezeichneter Qualit\u00e4t und sehr informativ. Die Kamera kann mit einer Speicherkarte mit bis zu 128 GB Kapazit\u00e4t verwendet werden.<\/p>","protected":false},"excerpt":{"rendered":"<p>Technische Parameter: Fernzugriff: JA 4 MP Kamera IP66 Wasserschutz Funktioniert auch ohne Solarpanel HD 2K Video Live-Audioabh\u00f6rung m\u00f6glich Videoaufnahmen mit Ton Bewegungserkennung Mehrfach wiederaufladbarer Akku&#8230;<\/p>","protected":false},"featured_media":26468,"template":"","meta":[],"etheme_brands":[],"product_brand":[],"product_cat":[219,224,203,226],"product_tag":[750,751,687,739,705,690,691],"class_list":{"0":"post-16492","1":"product","2":"type-product","3":"status-publish","4":"has-post-thumbnail","6":"product_cat-30-4g-kameras","7":"product_cat-36-aussenkameras-4g-wlan","8":"product_cat-12-versteckte-kameras","9":"product_cat-38-wildkameras-4g","10":"product_tag-jagd-skamera","11":"product_tag-jagdkamera","12":"product_tag-kamera-zur-ueberwachung","13":"product_tag-spionagekamera","14":"product_tag-ueberwachungskamera","15":"product_tag-versteckte-kamera","16":"product_tag-versteckte-ueberwachungskamera","17":"pa_typ-jagd-outdoor","19":"first","20":"instock","21":"taxable","22":"shipping-taxable","23":"purchasable","24":"product-type-simple"},"yoast_head":"<!-- This site is optimized with the Yoast SEO Premium plugin v25.9 (Yoast SEO v27.3) - https:\/\/yoast.com\/product\/yoast-seo-premium-wordpress\/ -->\n<title>4G Kamera 10400mAh Akku Solarpanel Nachtsicht IR oder Farbe<\/title>\n<meta name=\"description\" content=\"Jagd- oder Outdoor-Kamera mit besonders langer Betriebsdauer. PIR-Sensor, Schwarz-Wei\u00df- oder Farbnachtsicht. Gro\u00dfe Auswahl an \u00dcberwachungsger\u00e4ten\" \/>\n<meta name=\"robots\" content=\"index, follow, max-snippet:-1, max-image-preview:large, max-video-preview:-1\" \/>\n<link rel=\"canonical\" href=\"https:\/\/www.ortungsgerate.de\/ru\/12-skrytyje-kamery\/38-lesnije-kamery-fotolovushki-4g\/okhotnichya-kamera-4g-10400mah-tsvetnoe-nochnoe-videnie-2\/\" \/>\n<meta property=\"og:locale\" content=\"ru_RU\" \/>\n<meta property=\"og:type\" content=\"article\" \/>\n<meta property=\"og:title\" content=\"Jagdkamera 4G 10400mAh farbige Nachtsicht\" \/>\n<meta property=\"og:description\" content=\"Jagd- oder Outdoor-Kamera mit besonders langer Betriebsdauer. PIR-Sensor, Schwarz-Wei\u00df- oder Farbnachtsicht. Gro\u00dfe Auswahl an \u00dcberwachungsger\u00e4ten\" \/>\n<meta property=\"og:url\" content=\"https:\/\/www.ortungsgerate.de\/ru\/12-skrytyje-kamery\/38-lesnije-kamery-fotolovushki-4g\/okhotnichya-kamera-4g-10400mah-tsvetnoe-nochnoe-videnie-2\/\" \/>\n<meta property=\"og:site_name\" content=\"Ortungsger\u00e4te.de\" \/>\n<meta property=\"article:modified_time\" content=\"2025-11-26T17:05:56+00:00\" \/>\n<meta property=\"og:image\" content=\"https:\/\/www.ortungsgerate.de\/wp-content\/uploads\/medziokline-kamera-4g-su-sim-kortele.jpg\" \/>\n\t<meta property=\"og:image:width\" content=\"458\" \/>\n\t<meta property=\"og:image:height\" content=\"458\" \/>\n\t<meta property=\"og:image:type\" content=\"image\/jpeg\" \/>\n<meta name=\"twitter:card\" content=\"summary_large_image\" \/>\n<meta name=\"twitter:label1\" content=\"\u041f\u0440\u0438\u043c\u0435\u0440\u043d\u043e\u0435 \u0432\u0440\u0435\u043c\u044f \u0434\u043b\u044f \u0447\u0442\u0435\u043d\u0438\u044f\" \/>\n\t<meta name=\"twitter:data1\" content=\"3 \u043c\u0438\u043d\u0443\u0442\u044b\" \/>\n<script type=\"application\/ld+json\" class=\"yoast-schema-graph\">{\"@context\":\"https:\\\/\\\/schema.org\",\"@graph\":[{\"@type\":\"WebPage\",\"@id\":\"https:\\\/\\\/www.ortungsgerate.de\\\/12-versteckte-kameras\\\/38-wildkameras-4g\\\/jagdkamera-4g-10400mah-farbige-nachtsicht\\\/\",\"url\":\"https:\\\/\\\/www.ortungsgerate.de\\\/12-versteckte-kameras\\\/38-wildkameras-4g\\\/jagdkamera-4g-10400mah-farbige-nachtsicht\\\/\",\"name\":\"4G Kamera 10400mAh Akku Solarpanel Nachtsicht IR oder Farbe\",\"isPartOf\":{\"@id\":\"https:\\\/\\\/www.ortungsgerate.de\\\/#website\"},\"primaryImageOfPage\":{\"@id\":\"https:\\\/\\\/www.ortungsgerate.de\\\/12-versteckte-kameras\\\/38-wildkameras-4g\\\/jagdkamera-4g-10400mah-farbige-nachtsicht\\\/#primaryimage\"},\"image\":{\"@id\":\"https:\\\/\\\/www.ortungsgerate.de\\\/12-versteckte-kameras\\\/38-wildkameras-4g\\\/jagdkamera-4g-10400mah-farbige-nachtsicht\\\/#primaryimage\"},\"thumbnailUrl\":\"https:\\\/\\\/www.ortungsgerate.de\\\/wp-content\\\/uploads\\\/medziokline-kamera-4g-su-sim-kortele.jpg\",\"datePublished\":\"2024-02-06T19:39:07+00:00\",\"dateModified\":\"2025-11-26T17:05:56+00:00\",\"description\":\"Jagd- oder Outdoor-Kamera mit besonders langer Betriebsdauer. PIR-Sensor, Schwarz-Wei\u00df- oder Farbnachtsicht. Gro\u00dfe Auswahl an \u00dcberwachungsger\u00e4ten\",\"breadcrumb\":{\"@id\":\"https:\\\/\\\/www.ortungsgerate.de\\\/12-versteckte-kameras\\\/38-wildkameras-4g\\\/jagdkamera-4g-10400mah-farbige-nachtsicht\\\/#breadcrumb\"},\"inLanguage\":\"ru-RU\",\"potentialAction\":[{\"@type\":\"ReadAction\",\"target\":[\"https:\\\/\\\/www.ortungsgerate.de\\\/12-versteckte-kameras\\\/38-wildkameras-4g\\\/jagdkamera-4g-10400mah-farbige-nachtsicht\\\/\"]}]},{\"@type\":\"ImageObject\",\"inLanguage\":\"ru-RU\",\"@id\":\"https:\\\/\\\/www.ortungsgerate.de\\\/12-versteckte-kameras\\\/38-wildkameras-4g\\\/jagdkamera-4g-10400mah-farbige-nachtsicht\\\/#primaryimage\",\"url\":\"https:\\\/\\\/www.ortungsgerate.de\\\/wp-content\\\/uploads\\\/medziokline-kamera-4g-su-sim-kortele.jpg\",\"contentUrl\":\"https:\\\/\\\/www.ortungsgerate.de\\\/wp-content\\\/uploads\\\/medziokline-kamera-4g-su-sim-kortele.jpg\",\"width\":458,\"height\":458,\"caption\":\"Jagdkamera 4G mit SIM-Karte\"},{\"@type\":\"BreadcrumbList\",\"@id\":\"https:\\\/\\\/www.ortungsgerate.de\\\/12-versteckte-kameras\\\/38-wildkameras-4g\\\/jagdkamera-4g-10400mah-farbige-nachtsicht\\\/#breadcrumb\",\"itemListElement\":[{\"@type\":\"ListItem\",\"position\":1,\"name\":\"Startseite\",\"item\":\"https:\\\/\\\/www.ortungsgerate.de\\\/\"},{\"@type\":\"ListItem\",\"position\":2,\"name\":\"Shop\",\"item\":\"https:\\\/\\\/www.ortungsgerate.de\\\/shop\\\/\"},{\"@type\":\"ListItem\",\"position\":3,\"name\":\"Jagdkamera 4G 10400mAh farbige Nachtsicht\"}]},{\"@type\":\"WebSite\",\"@id\":\"https:\\\/\\\/www.ortungsgerate.de\\\/#website\",\"url\":\"https:\\\/\\\/www.ortungsgerate.de\\\/\",\"name\":\"Ortungsgerate.de\",\"description\":\"\",\"publisher\":{\"@id\":\"https:\\\/\\\/www.ortungsgerate.de\\\/#organization\"},\"potentialAction\":[{\"@type\":\"SearchAction\",\"target\":{\"@type\":\"EntryPoint\",\"urlTemplate\":\"https:\\\/\\\/www.ortungsgerate.de\\\/?s={search_term_string}\"},\"query-input\":{\"@type\":\"PropertyValueSpecification\",\"valueRequired\":true,\"valueName\":\"search_term_string\"}}],\"inLanguage\":\"ru-RU\"},{\"@type\":\"Organization\",\"@id\":\"https:\\\/\\\/www.ortungsgerate.de\\\/#organization\",\"name\":\"Ortungsgerate.de\",\"url\":\"https:\\\/\\\/www.ortungsgerate.de\\\/\",\"logo\":{\"@type\":\"ImageObject\",\"inLanguage\":\"ru-RU\",\"@id\":\"https:\\\/\\\/www.ortungsgerate.de\\\/#\\\/schema\\\/logo\\\/image\\\/\",\"url\":\"https:\\\/\\\/www.ortungsgerate.de\\\/wp-content\\\/uploads\\\/ortungsgerate.png\",\"contentUrl\":\"https:\\\/\\\/www.ortungsgerate.de\\\/wp-content\\\/uploads\\\/ortungsgerate.png\",\"width\":500,\"height\":135,\"caption\":\"Ortungsgerate.de\"},\"image\":{\"@id\":\"https:\\\/\\\/www.ortungsgerate.de\\\/#\\\/schema\\\/logo\\\/image\\\/\"}}]}<\/script>\n<!-- \/ Yoast SEO Premium plugin. -->","yoast_head_json":{"title":"4G Kamera 10400mAh Akku Solarpanel Nachtsicht IR oder Farbe","description":"Jagd- oder Outdoor-Kamera mit besonders langer Betriebsdauer. PIR-Sensor, Schwarz-Wei\u00df- oder Farbnachtsicht. Gro\u00dfe Auswahl an \u00dcberwachungsger\u00e4ten","robots":{"index":"index","follow":"follow","max-snippet":"max-snippet:-1","max-image-preview":"max-image-preview:large","max-video-preview":"max-video-preview:-1"},"canonical":"https:\/\/www.ortungsgerate.de\/ru\/12-skrytyje-kamery\/38-lesnije-kamery-fotolovushki-4g\/okhotnichya-kamera-4g-10400mah-tsvetnoe-nochnoe-videnie-2\/","og_locale":"ru_RU","og_type":"article","og_title":"Jagdkamera 4G 10400mAh farbige Nachtsicht","og_description":"Jagd- oder Outdoor-Kamera mit besonders langer Betriebsdauer. PIR-Sensor, Schwarz-Wei\u00df- oder Farbnachtsicht. Gro\u00dfe Auswahl an \u00dcberwachungsger\u00e4ten","og_url":"https:\/\/www.ortungsgerate.de\/ru\/12-skrytyje-kamery\/38-lesnije-kamery-fotolovushki-4g\/okhotnichya-kamera-4g-10400mah-tsvetnoe-nochnoe-videnie-2\/","og_site_name":"Ortungsger\u00e4te.de","article_modified_time":"2025-11-26T17:05:56+00:00","og_image":[{"width":458,"height":458,"url":"https:\/\/www.ortungsgerate.de\/wp-content\/uploads\/medziokline-kamera-4g-su-sim-kortele.jpg","type":"image\/jpeg"}],"twitter_card":"summary_large_image","twitter_misc":{"\u041f\u0440\u0438\u043c\u0435\u0440\u043d\u043e\u0435 \u0432\u0440\u0435\u043c\u044f \u0434\u043b\u044f \u0447\u0442\u0435\u043d\u0438\u044f":"3 \u043c\u0438\u043d\u0443\u0442\u044b"},"schema":{"@context":"https:\/\/schema.org","@graph":[{"@type":"WebPage","@id":"https:\/\/www.ortungsgerate.de\/12-versteckte-kameras\/38-wildkameras-4g\/jagdkamera-4g-10400mah-farbige-nachtsicht\/","url":"https:\/\/www.ortungsgerate.de\/12-versteckte-kameras\/38-wildkameras-4g\/jagdkamera-4g-10400mah-farbige-nachtsicht\/","name":"4G Kamera 10400mAh Akku Solarpanel Nachtsicht IR oder Farbe","isPartOf":{"@id":"https:\/\/www.ortungsgerate.de\/#website"},"primaryImageOfPage":{"@id":"https:\/\/www.ortungsgerate.de\/12-versteckte-kameras\/38-wildkameras-4g\/jagdkamera-4g-10400mah-farbige-nachtsicht\/#primaryimage"},"image":{"@id":"https:\/\/www.ortungsgerate.de\/12-versteckte-kameras\/38-wildkameras-4g\/jagdkamera-4g-10400mah-farbige-nachtsicht\/#primaryimage"},"thumbnailUrl":"https:\/\/www.ortungsgerate.de\/wp-content\/uploads\/medziokline-kamera-4g-su-sim-kortele.jpg","datePublished":"2024-02-06T19:39:07+00:00","dateModified":"2025-11-26T17:05:56+00:00","description":"Jagd- oder Outdoor-Kamera mit besonders langer Betriebsdauer. PIR-Sensor, Schwarz-Wei\u00df- oder Farbnachtsicht. Gro\u00dfe Auswahl an \u00dcberwachungsger\u00e4ten","breadcrumb":{"@id":"https:\/\/www.ortungsgerate.de\/12-versteckte-kameras\/38-wildkameras-4g\/jagdkamera-4g-10400mah-farbige-nachtsicht\/#breadcrumb"},"inLanguage":"ru-RU","potentialAction":[{"@type":"ReadAction","target":["https:\/\/www.ortungsgerate.de\/12-versteckte-kameras\/38-wildkameras-4g\/jagdkamera-4g-10400mah-farbige-nachtsicht\/"]}]},{"@type":"ImageObject","inLanguage":"ru-RU","@id":"https:\/\/www.ortungsgerate.de\/12-versteckte-kameras\/38-wildkameras-4g\/jagdkamera-4g-10400mah-farbige-nachtsicht\/#primaryimage","url":"https:\/\/www.ortungsgerate.de\/wp-content\/uploads\/medziokline-kamera-4g-su-sim-kortele.jpg","contentUrl":"https:\/\/www.ortungsgerate.de\/wp-content\/uploads\/medziokline-kamera-4g-su-sim-kortele.jpg","width":458,"height":458,"caption":"Jagdkamera 4G mit SIM-Karte"},{"@type":"BreadcrumbList","@id":"https:\/\/www.ortungsgerate.de\/12-versteckte-kameras\/38-wildkameras-4g\/jagdkamera-4g-10400mah-farbige-nachtsicht\/#breadcrumb","itemListElement":[{"@type":"ListItem","position":1,"name":"Startseite","item":"https:\/\/www.ortungsgerate.de\/"},{"@type":"ListItem","position":2,"name":"Shop","item":"https:\/\/www.ortungsgerate.de\/shop\/"},{"@type":"ListItem","position":3,"name":"Jagdkamera 4G 10400mAh farbige Nachtsicht"}]},{"@type":"WebSite","@id":"https:\/\/www.ortungsgerate.de\/#website","url":"https:\/\/www.ortungsgerate.de\/","name":"Ortungsgerate.de","description":"","publisher":{"@id":"https:\/\/www.ortungsgerate.de\/#organization"},"potentialAction":[{"@type":"SearchAction","target":{"@type":"EntryPoint","urlTemplate":"https:\/\/www.ortungsgerate.de\/?s={search_term_string}"},"query-input":{"@type":"PropertyValueSpecification","valueRequired":true,"valueName":"search_term_string"}}],"inLanguage":"ru-RU"},{"@type":"Organization","@id":"https:\/\/www.ortungsgerate.de\/#organization","name":"Ortungsgerate.de","url":"https:\/\/www.ortungsgerate.de\/","logo":{"@type":"ImageObject","inLanguage":"ru-RU","@id":"https:\/\/www.ortungsgerate.de\/#\/schema\/logo\/image\/","url":"https:\/\/www.ortungsgerate.de\/wp-content\/uploads\/ortungsgerate.png","contentUrl":"https:\/\/www.ortungsgerate.de\/wp-content\/uploads\/ortungsgerate.png","width":500,"height":135,"caption":"Ortungsgerate.de"},"image":{"@id":"https:\/\/www.ortungsgerate.de\/#\/schema\/logo\/image\/"}}]}},"_links":{"self":[{"href":"https:\/\/www.ortungsgerate.de\/ru\/wp-json\/wp\/v2\/product\/16492","targetHints":{"allow":["GET"]}}],"collection":[{"href":"https:\/\/www.ortungsgerate.de\/ru\/wp-json\/wp\/v2\/product"}],"about":[{"href":"https:\/\/www.ortungsgerate.de\/ru\/wp-json\/wp\/v2\/types\/product"}],"version-history":[{"count":0,"href":"https:\/\/www.ortungsgerate.de\/ru\/wp-json\/wp\/v2\/product\/16492\/revisions"}],"wp:featuredmedia":[{"embeddable":true,"href":"https:\/\/www.ortungsgerate.de\/ru\/wp-json\/wp\/v2\/media\/26468"}],"wp:attachment":[{"href":"https:\/\/www.ortungsgerate.de\/ru\/wp-json\/wp\/v2\/media?parent=16492"}],"wp:term":[{"taxonomy":"brand","embeddable":true,"href":"https:\/\/www.ortungsgerate.de\/ru\/wp-json\/wp\/v2\/etheme_brands?post=16492"},{"taxonomy":"product_brand","embeddable":true,"href":"https:\/\/www.ortungsgerate.de\/ru\/wp-json\/wp\/v2\/product_brand?post=16492"},{"taxonomy":"product_cat","embeddable":true,"href":"https:\/\/www.ortungsgerate.de\/ru\/wp-json\/wp\/v2\/product_cat?post=16492"},{"taxonomy":"product_tag","embeddable":true,"href":"https:\/\/www.ortungsgerate.de\/ru\/wp-json\/wp\/v2\/product_tag?post=16492"}],"curies":[{"name":"wp","href":"https:\/\/api.w.org\/{rel}","templated":true}]}}