{"id":16493,"date":"2024-02-06T21:36:37","date_gmt":"2024-02-06T19:36:37","guid":{"rendered":"https:\/\/ortungsgerate.de\/be-kategorijos\/endoskopine-kamera-1-metras-su-led-apsvietimu\/"},"modified":"2025-11-26T19:01:36","modified_gmt":"2025-11-26T17:01:36","slug":"endoskopicheskaya-kamera-1-metr-s-led-podsvetkoy-2","status":"publish","type":"product","link":"https:\/\/www.ortungsgerate.de\/ru\/12-skrytyje-kamery\/17-zamaskirovanyje-kamery\/endoskopicheskaya-kamera-1-metr-s-led-podsvetkoy-2\/","title":{"rendered":"\u042d\u043d\u0434\u043e\u0441\u043a\u043e\u043f\u0438\u0447\u0435\u0441\u043a\u0430\u044f \u043a\u0430\u043c\u0435\u0440\u0430 1 \u043c\u0435\u0442\u0440 \u0441 LED-\u043f\u043e\u0434\u0441\u0432\u0435\u0442\u043a\u043e\u0439"},"content":{"rendered":"<h2>\u0422\u0415\u0425\u041d\u0418\u0427\u0415\u0421\u041a\u0418\u0415 \u041f\u0410\u0420\u0410\u041c\u0415\u0422\u0420\u042b:<\/h2>\n<ul>\n<li>Schnittstelle: USB 1.1 und 2.0<\/li>\n<li>Aufl\u00f6sung: 640 x 480 px<\/li>\n<li>L\u00e4nge \/ durchschnittliche Sondengr\u00f6\u00dfe: 35 mm x 7 mm<\/li>\n<li>6 LEDs (einstellbare Helligkeit)<\/li>\n<li>Objektivwinkel: 62 Grad<\/li>\n<li>Kabell\u00e4nge: 1 Meter<\/li>\n<li>Stromversorgung: USB-Anschluss<\/li>\n<li>Arbeitstemperatur: von -20 bis +60 \u00b0C<\/li>\n<li>Funktionen: Videoaufzeichnung und Fotos<\/li>\n<li>Android 4.0 und h\u00f6here Version (Ger\u00e4t mit OTG-Unterst\u00fctzung)<\/li>\n<li>Farbe: SCHWARZ<\/li>\n<li>Lieferumfang: Endoskopkamera 1 m, USB-\/Micro-USB-Adapter, zwei Haken und Spiegel, CD, Anleitung.<\/li>\n<li><strong>\u0413\u0410\u0420\u0410\u041d\u0422\u0418\u042f 12 \u043c\u0435\u0441\u044f\u0446\u0435\u0432<\/strong><\/li>\n<\/ul>\n<p><span style=\"color: #d0121a;\"><strong> (auch an Wochenenden)  <\/strong><\/span><\/p>\n<p>Die Endoskopkamera USB mit LED-Beleuchtung (einstellbare LED-Leistung) erm\u00f6glicht den Zugang zu schwer erreichbaren Stellen. Die Kameral\u00e4nge mit Kabel betr\u00e4gt 1 Meter. Die Kamera verf\u00fcgt \u00fcber einen Feuchtigkeitsschutz und erf\u00fcllt die Anforderungen der Schutzklasse IP67. Diese Kamera ist einfach zu bedienen, es sind keine speziellen Kenntnisse erforderlich. Laden Sie die App auf Ihr Telefon herunter und Sie k\u00f6nnen die Endoskopkamera verwenden. Geeignet f\u00fcr Android-Ger\u00e4te ab Version 4.0 und h\u00f6her.<\/p>\n<p>&nbsp;<\/p>\n<p>Bitte beachten Sie, dass das Ger\u00e4t nur mit einem Smartphone mit OTG-Funktion funktioniert.<\/p>\n<p><strong>Endoskopkamera mit LED-Beleuchtung, 1 m L\u00e4nge<\/strong><\/p>\n<p>Die Endoskopkamera mit 1 Meter langem Kabel erm\u00f6glicht es, Dinge zu sehen, die schwer zug\u00e4nglich sind. Dieses Ger\u00e4t ist ideal, wenn Sie nach heruntergefallenen Gegenst\u00e4nden suchen m\u00f6chten, L\u00fcftungs\u00f6ffnungen, Rohre usw. inspizieren m\u00fcssen. Ohne Spezialausr\u00fcstung kann dies zu kompliziert sein, daher kann die Endoskopkamera zweifellos eine der besten Wahlm\u00f6glichkeiten sein.<\/p>\n<p><strong>Einfache Bedienung<\/strong><\/p>\n<p>Die Endoskopkamera ist sehr einfach zu bedienen: Sie m\u00fcssen sie nur an Ihr Smartphone anschlie\u00dfen, und schon bald k\u00f6nnen Sie Fotos von f\u00fcr Sie interessanten Objekten aufnehmen. Das ein Meter lange Kabel erm\u00f6glicht es Ihnen, Objekte auch an sehr schwer zug\u00e4nglichen Stellen zu sehen, sodass Sie entsprechende Ma\u00dfnahmen ergreifen k\u00f6nnen. Dieses Ger\u00e4t kann sowohl bei der Arbeit als auch im Alltag verwendet werden: Sicherlich ist es Ihnen schon mehrmals passiert, dass Sie Gegenst\u00e4nde, die unter einen Schrank, K\u00fchlschrank o. \u00c4. gefallen sind, nicht finden konnten. Die LED-Beleuchtung stellt sicher, dass die Qualit\u00e4t der aufgenommenen Bilder ausreichend gut ist, sodass Sie keine Schwierigkeiten haben werden, die interessierenden Objekte zu erkennen.<\/p>\n<p><strong>Sehen Sie noch mehr<\/strong><\/p>\n<p>Die Beleuchtung der Endoskopkamera ist einstellbar, sodass Sie Objekte sogar in den dunkelsten Ecken erkennen k\u00f6nnen. Die Endoskopkamera kann nicht nur in trockenen, sondern auch in ziemlich feuchten R\u00e4umen (z. B. im Badezimmer) verwendet werden. Die Endoskopkamera verf\u00fcgt \u00fcber einen Feuchtigkeitsschutz und erf\u00fcllt die Anforderungen der Schutzklasse IP67.<\/p>\n<p><strong>Vorbereitung der Kamera<\/strong><\/p>\n<p>Sie m\u00fcssen lediglich die mobile App herunterladen, und schon bald k\u00f6nnen Sie die Endoskopkamera verwenden. Wichtig zu wissen ist, dass diese Endoskopkamera nur f\u00fcr Smartphones geeignet ist, die das Android-Betriebssystem (4.0 und h\u00f6her) unterst\u00fctzen und OTG-Unterst\u00fctzung haben.<\/p>\n<p><strong>\u041e\u0441\u043d\u043e\u0432\u043d\u044b\u0435 \u0442\u0435\u0445\u043d\u0438\u0447\u0435\u0441\u043a\u0438\u0435 \u0445\u0430\u0440\u0430\u043a\u0442\u0435\u0440\u0438\u0441\u0442\u0438\u043a\u0438<\/strong><\/p>\n<ul>\n<li>\u00a0\u00a0\u00a0\u00a0\u00a0\u00a0\u00a0\u00a0 Unterst\u00fctzte Schnittstelle: USB 1.1 und 2.0;<\/li>\n<li>\u00a0\u00a0\u00a0\u00a0\u00a0\u00a0\u00a0\u00a0 Fotoaufl\u00f6sung: 640 x 480 px;<\/li>\n<li>\u00a0\u00a0\u00a0\u00a0\u00a0\u00a0\u00a0\u00a0 Sondenabmessungen: 35 x 7 x 1000 mm;<\/li>\n<li>\u00a0\u00a0\u00a0\u00a0\u00a0\u00a0\u00a0\u00a0 Beleuchtung: LEDs mit einstellbarer Helligkeit;<\/li>\n<li>\u00a0\u00a0\u00a0\u00a0\u00a0\u00a0\u00a0\u00a0 Objektivwinkel: 62 Grad;<\/li>\n<li>\u00a0\u00a0\u00a0\u00a0\u00a0\u00a0\u00a0\u00a0 Stromquelle: USB;<\/li>\n<li>\u00a0\u00a0\u00a0\u00a0\u00a0\u00a0\u00a0\u00a0 Arbeitstemperatur: von -20 bis +60 Grad Celsius;<\/li>\n<li>\u00a0\u00a0\u00a0\u00a0\u00a0\u00a0\u00a0\u00a0 Zus\u00e4tzliche Funktionen: Videoaufzeichnung.<\/li>\n<\/ul>\n<p>Wenn Sie Objekte sehen m\u00f6chten, die sich an schwer zug\u00e4nglichen Stellen befinden, kann die Endoskopkamera eine wirklich vorteilhafte Wahl sein. Dieses Ger\u00e4t hilft nicht nur, verlorene Gegenst\u00e4nde zu finden, sondern auch den Zustand von Rohren oder L\u00fcftungs\u00f6ffnungen zu beurteilen, daher ist dieses Ger\u00e4t recht universell einsetzbar.<\/p>","protected":false},"excerpt":{"rendered":"<p>TECHNISCHE PARAMETER: Schnittstelle: USB 1.1 und 2.0 Aufl\u00f6sung: 640 x 480 px L\u00e4nge \/ durchschnittliche Sondengr\u00f6\u00dfe: 35 mm x 7 mm 6 LEDs (einstellbare Helligkeit)&#8230;<\/p>","protected":false},"featured_media":1448,"template":"","meta":[],"etheme_brands":[],"product_brand":[],"product_cat":[204,203],"product_tag":[42,705,690],"class_list":{"0":"post-16493","1":"product","2":"type-product","3":"status-publish","4":"has-post-thumbnail","6":"product_cat-17-getarnte-kameras","7":"product_cat-12-versteckte-kameras","8":"product_tag-kamera","9":"product_tag-ueberwachungskamera","10":"product_tag-versteckte-kamera","12":"first","13":"instock","14":"taxable","15":"shipping-taxable","16":"purchasable","17":"product-type-simple"},"yoast_head":"<!-- This site is optimized with the Yoast SEO Premium plugin v25.9 (Yoast SEO v27.4) - https:\/\/yoast.com\/product\/yoast-seo-premium-wordpress\/ -->\n<title>Full HD Kamera getarnt in einem Schl\u00fcssel (Autoschl\u00fcssel)<\/title>\n<meta name=\"description\" content=\"Versteckte Geheimkamera im Autoschl\u00fcssel (Anh\u00e4nger). Videoaufnahme in FULL HD-Qualit\u00e4t. M\u00f6glichkeit, Fotos zu machen. Diese Kamera ist unauff\u00e4llig.\" \/>\n<meta name=\"robots\" content=\"index, follow, max-snippet:-1, max-image-preview:large, max-video-preview:-1\" \/>\n<link rel=\"canonical\" href=\"https:\/\/www.ortungsgerate.de\/ru\/12-skrytyje-kamery\/17-zamaskirovanyje-kamery\/endoskopicheskaya-kamera-1-metr-s-led-podsvetkoy-2\/\" \/>\n<meta property=\"og:locale\" content=\"ru_RU\" \/>\n<meta property=\"og:type\" content=\"article\" \/>\n<meta property=\"og:title\" content=\"Endoskopkamera 1 Meter mit LED-Beleuchtung\" \/>\n<meta property=\"og:description\" content=\"Versteckte Geheimkamera im Autoschl\u00fcssel (Anh\u00e4nger). Videoaufnahme in FULL HD-Qualit\u00e4t. M\u00f6glichkeit, Fotos zu machen. Diese Kamera ist unauff\u00e4llig.\" \/>\n<meta property=\"og:url\" content=\"https:\/\/www.ortungsgerate.de\/ru\/12-skrytyje-kamery\/17-zamaskirovanyje-kamery\/endoskopicheskaya-kamera-1-metr-s-led-podsvetkoy-2\/\" \/>\n<meta property=\"og:site_name\" content=\"Ortungsger\u00e4te.de\" \/>\n<meta property=\"article:modified_time\" content=\"2025-11-26T17:01:36+00:00\" \/>\n<meta property=\"og:image\" content=\"https:\/\/www.ortungsgerate.de\/wp-content\/uploads\/endoskopine-kamera-1-metras-su-led-apsvietimu.jpg\" \/>\n\t<meta property=\"og:image:width\" content=\"739\" \/>\n\t<meta property=\"og:image:height\" content=\"575\" \/>\n\t<meta property=\"og:image:type\" content=\"image\/jpeg\" \/>\n<meta name=\"twitter:card\" content=\"summary_large_image\" \/>\n<meta name=\"twitter:label1\" content=\"\u041f\u0440\u0438\u043c\u0435\u0440\u043d\u043e\u0435 \u0432\u0440\u0435\u043c\u044f \u0434\u043b\u044f \u0447\u0442\u0435\u043d\u0438\u044f\" \/>\n\t<meta name=\"twitter:data1\" content=\"3 \u043c\u0438\u043d\u0443\u0442\u044b\" \/>\n<script type=\"application\/ld+json\" class=\"yoast-schema-graph\">{\"@context\":\"https:\\\/\\\/schema.org\",\"@graph\":[{\"@type\":\"WebPage\",\"@id\":\"https:\\\/\\\/www.ortungsgerate.de\\\/12-versteckte-kameras\\\/17-getarnte-kameras\\\/endoskopkamera-1-meter-mit-led-beleuchtung\\\/\",\"url\":\"https:\\\/\\\/www.ortungsgerate.de\\\/12-versteckte-kameras\\\/17-getarnte-kameras\\\/endoskopkamera-1-meter-mit-led-beleuchtung\\\/\",\"name\":\"Full HD Kamera getarnt in einem Schl\u00fcssel (Autoschl\u00fcssel)\",\"isPartOf\":{\"@id\":\"https:\\\/\\\/www.ortungsgerate.de\\\/#website\"},\"primaryImageOfPage\":{\"@id\":\"https:\\\/\\\/www.ortungsgerate.de\\\/12-versteckte-kameras\\\/17-getarnte-kameras\\\/endoskopkamera-1-meter-mit-led-beleuchtung\\\/#primaryimage\"},\"image\":{\"@id\":\"https:\\\/\\\/www.ortungsgerate.de\\\/12-versteckte-kameras\\\/17-getarnte-kameras\\\/endoskopkamera-1-meter-mit-led-beleuchtung\\\/#primaryimage\"},\"thumbnailUrl\":\"https:\\\/\\\/www.ortungsgerate.de\\\/wp-content\\\/uploads\\\/endoskopine-kamera-1-metras-su-led-apsvietimu.jpg\",\"datePublished\":\"2024-02-06T19:36:37+00:00\",\"dateModified\":\"2025-11-26T17:01:36+00:00\",\"description\":\"Versteckte Geheimkamera im Autoschl\u00fcssel (Anh\u00e4nger). Videoaufnahme in FULL HD-Qualit\u00e4t. M\u00f6glichkeit, Fotos zu machen. Diese Kamera ist unauff\u00e4llig.\",\"breadcrumb\":{\"@id\":\"https:\\\/\\\/www.ortungsgerate.de\\\/12-versteckte-kameras\\\/17-getarnte-kameras\\\/endoskopkamera-1-meter-mit-led-beleuchtung\\\/#breadcrumb\"},\"inLanguage\":\"ru-RU\",\"potentialAction\":[{\"@type\":\"ReadAction\",\"target\":[\"https:\\\/\\\/www.ortungsgerate.de\\\/12-versteckte-kameras\\\/17-getarnte-kameras\\\/endoskopkamera-1-meter-mit-led-beleuchtung\\\/\"]}]},{\"@type\":\"ImageObject\",\"inLanguage\":\"ru-RU\",\"@id\":\"https:\\\/\\\/www.ortungsgerate.de\\\/12-versteckte-kameras\\\/17-getarnte-kameras\\\/endoskopkamera-1-meter-mit-led-beleuchtung\\\/#primaryimage\",\"url\":\"https:\\\/\\\/www.ortungsgerate.de\\\/wp-content\\\/uploads\\\/endoskopine-kamera-1-metras-su-led-apsvietimu.jpg\",\"contentUrl\":\"https:\\\/\\\/www.ortungsgerate.de\\\/wp-content\\\/uploads\\\/endoskopine-kamera-1-metras-su-led-apsvietimu.jpg\",\"width\":739,\"height\":575,\"caption\":\"Endoskopkamera 1 Meter mit LED-Beleuchtung\"},{\"@type\":\"BreadcrumbList\",\"@id\":\"https:\\\/\\\/www.ortungsgerate.de\\\/12-versteckte-kameras\\\/17-getarnte-kameras\\\/endoskopkamera-1-meter-mit-led-beleuchtung\\\/#breadcrumb\",\"itemListElement\":[{\"@type\":\"ListItem\",\"position\":1,\"name\":\"Startseite\",\"item\":\"https:\\\/\\\/www.ortungsgerate.de\\\/\"},{\"@type\":\"ListItem\",\"position\":2,\"name\":\"Shop\",\"item\":\"https:\\\/\\\/www.ortungsgerate.de\\\/shop\\\/\"},{\"@type\":\"ListItem\",\"position\":3,\"name\":\"Endoskopkamera 1 Meter mit LED-Beleuchtung\"}]},{\"@type\":\"WebSite\",\"@id\":\"https:\\\/\\\/www.ortungsgerate.de\\\/#website\",\"url\":\"https:\\\/\\\/www.ortungsgerate.de\\\/\",\"name\":\"Ortungsgerate.de\",\"description\":\"\",\"publisher\":{\"@id\":\"https:\\\/\\\/www.ortungsgerate.de\\\/#organization\"},\"potentialAction\":[{\"@type\":\"SearchAction\",\"target\":{\"@type\":\"EntryPoint\",\"urlTemplate\":\"https:\\\/\\\/www.ortungsgerate.de\\\/?s={search_term_string}\"},\"query-input\":{\"@type\":\"PropertyValueSpecification\",\"valueRequired\":true,\"valueName\":\"search_term_string\"}}],\"inLanguage\":\"ru-RU\"},{\"@type\":\"Organization\",\"@id\":\"https:\\\/\\\/www.ortungsgerate.de\\\/#organization\",\"name\":\"Ortungsgerate.de\",\"url\":\"https:\\\/\\\/www.ortungsgerate.de\\\/\",\"logo\":{\"@type\":\"ImageObject\",\"inLanguage\":\"ru-RU\",\"@id\":\"https:\\\/\\\/www.ortungsgerate.de\\\/#\\\/schema\\\/logo\\\/image\\\/\",\"url\":\"https:\\\/\\\/www.ortungsgerate.de\\\/wp-content\\\/uploads\\\/ortungsgerate.png\",\"contentUrl\":\"https:\\\/\\\/www.ortungsgerate.de\\\/wp-content\\\/uploads\\\/ortungsgerate.png\",\"width\":500,\"height\":135,\"caption\":\"Ortungsgerate.de\"},\"image\":{\"@id\":\"https:\\\/\\\/www.ortungsgerate.de\\\/#\\\/schema\\\/logo\\\/image\\\/\"}}]}<\/script>\n<!-- \/ Yoast SEO Premium plugin. -->","yoast_head_json":{"title":"Full HD Kamera getarnt in einem Schl\u00fcssel (Autoschl\u00fcssel)","description":"Versteckte Geheimkamera im Autoschl\u00fcssel (Anh\u00e4nger). Videoaufnahme in FULL HD-Qualit\u00e4t. M\u00f6glichkeit, Fotos zu machen. Diese Kamera ist unauff\u00e4llig.","robots":{"index":"index","follow":"follow","max-snippet":"max-snippet:-1","max-image-preview":"max-image-preview:large","max-video-preview":"max-video-preview:-1"},"canonical":"https:\/\/www.ortungsgerate.de\/ru\/12-skrytyje-kamery\/17-zamaskirovanyje-kamery\/endoskopicheskaya-kamera-1-metr-s-led-podsvetkoy-2\/","og_locale":"ru_RU","og_type":"article","og_title":"Endoskopkamera 1 Meter mit LED-Beleuchtung","og_description":"Versteckte Geheimkamera im Autoschl\u00fcssel (Anh\u00e4nger). Videoaufnahme in FULL HD-Qualit\u00e4t. M\u00f6glichkeit, Fotos zu machen. Diese Kamera ist unauff\u00e4llig.","og_url":"https:\/\/www.ortungsgerate.de\/ru\/12-skrytyje-kamery\/17-zamaskirovanyje-kamery\/endoskopicheskaya-kamera-1-metr-s-led-podsvetkoy-2\/","og_site_name":"Ortungsger\u00e4te.de","article_modified_time":"2025-11-26T17:01:36+00:00","og_image":[{"width":739,"height":575,"url":"https:\/\/www.ortungsgerate.de\/wp-content\/uploads\/endoskopine-kamera-1-metras-su-led-apsvietimu.jpg","type":"image\/jpeg"}],"twitter_card":"summary_large_image","twitter_misc":{"\u041f\u0440\u0438\u043c\u0435\u0440\u043d\u043e\u0435 \u0432\u0440\u0435\u043c\u044f \u0434\u043b\u044f \u0447\u0442\u0435\u043d\u0438\u044f":"3 \u043c\u0438\u043d\u0443\u0442\u044b"},"schema":{"@context":"https:\/\/schema.org","@graph":[{"@type":"WebPage","@id":"https:\/\/www.ortungsgerate.de\/12-versteckte-kameras\/17-getarnte-kameras\/endoskopkamera-1-meter-mit-led-beleuchtung\/","url":"https:\/\/www.ortungsgerate.de\/12-versteckte-kameras\/17-getarnte-kameras\/endoskopkamera-1-meter-mit-led-beleuchtung\/","name":"Full HD Kamera getarnt in einem Schl\u00fcssel (Autoschl\u00fcssel)","isPartOf":{"@id":"https:\/\/www.ortungsgerate.de\/#website"},"primaryImageOfPage":{"@id":"https:\/\/www.ortungsgerate.de\/12-versteckte-kameras\/17-getarnte-kameras\/endoskopkamera-1-meter-mit-led-beleuchtung\/#primaryimage"},"image":{"@id":"https:\/\/www.ortungsgerate.de\/12-versteckte-kameras\/17-getarnte-kameras\/endoskopkamera-1-meter-mit-led-beleuchtung\/#primaryimage"},"thumbnailUrl":"https:\/\/www.ortungsgerate.de\/wp-content\/uploads\/endoskopine-kamera-1-metras-su-led-apsvietimu.jpg","datePublished":"2024-02-06T19:36:37+00:00","dateModified":"2025-11-26T17:01:36+00:00","description":"Versteckte Geheimkamera im Autoschl\u00fcssel (Anh\u00e4nger). Videoaufnahme in FULL HD-Qualit\u00e4t. M\u00f6glichkeit, Fotos zu machen. Diese Kamera ist unauff\u00e4llig.","breadcrumb":{"@id":"https:\/\/www.ortungsgerate.de\/12-versteckte-kameras\/17-getarnte-kameras\/endoskopkamera-1-meter-mit-led-beleuchtung\/#breadcrumb"},"inLanguage":"ru-RU","potentialAction":[{"@type":"ReadAction","target":["https:\/\/www.ortungsgerate.de\/12-versteckte-kameras\/17-getarnte-kameras\/endoskopkamera-1-meter-mit-led-beleuchtung\/"]}]},{"@type":"ImageObject","inLanguage":"ru-RU","@id":"https:\/\/www.ortungsgerate.de\/12-versteckte-kameras\/17-getarnte-kameras\/endoskopkamera-1-meter-mit-led-beleuchtung\/#primaryimage","url":"https:\/\/www.ortungsgerate.de\/wp-content\/uploads\/endoskopine-kamera-1-metras-su-led-apsvietimu.jpg","contentUrl":"https:\/\/www.ortungsgerate.de\/wp-content\/uploads\/endoskopine-kamera-1-metras-su-led-apsvietimu.jpg","width":739,"height":575,"caption":"Endoskopkamera 1 Meter mit LED-Beleuchtung"},{"@type":"BreadcrumbList","@id":"https:\/\/www.ortungsgerate.de\/12-versteckte-kameras\/17-getarnte-kameras\/endoskopkamera-1-meter-mit-led-beleuchtung\/#breadcrumb","itemListElement":[{"@type":"ListItem","position":1,"name":"Startseite","item":"https:\/\/www.ortungsgerate.de\/"},{"@type":"ListItem","position":2,"name":"Shop","item":"https:\/\/www.ortungsgerate.de\/shop\/"},{"@type":"ListItem","position":3,"name":"Endoskopkamera 1 Meter mit LED-Beleuchtung"}]},{"@type":"WebSite","@id":"https:\/\/www.ortungsgerate.de\/#website","url":"https:\/\/www.ortungsgerate.de\/","name":"Ortungsgerate.de","description":"","publisher":{"@id":"https:\/\/www.ortungsgerate.de\/#organization"},"potentialAction":[{"@type":"SearchAction","target":{"@type":"EntryPoint","urlTemplate":"https:\/\/www.ortungsgerate.de\/?s={search_term_string}"},"query-input":{"@type":"PropertyValueSpecification","valueRequired":true,"valueName":"search_term_string"}}],"inLanguage":"ru-RU"},{"@type":"Organization","@id":"https:\/\/www.ortungsgerate.de\/#organization","name":"Ortungsgerate.de","url":"https:\/\/www.ortungsgerate.de\/","logo":{"@type":"ImageObject","inLanguage":"ru-RU","@id":"https:\/\/www.ortungsgerate.de\/#\/schema\/logo\/image\/","url":"https:\/\/www.ortungsgerate.de\/wp-content\/uploads\/ortungsgerate.png","contentUrl":"https:\/\/www.ortungsgerate.de\/wp-content\/uploads\/ortungsgerate.png","width":500,"height":135,"caption":"Ortungsgerate.de"},"image":{"@id":"https:\/\/www.ortungsgerate.de\/#\/schema\/logo\/image\/"}}]}},"_links":{"self":[{"href":"https:\/\/www.ortungsgerate.de\/ru\/wp-json\/wp\/v2\/product\/16493","targetHints":{"allow":["GET"]}}],"collection":[{"href":"https:\/\/www.ortungsgerate.de\/ru\/wp-json\/wp\/v2\/product"}],"about":[{"href":"https:\/\/www.ortungsgerate.de\/ru\/wp-json\/wp\/v2\/types\/product"}],"version-history":[{"count":0,"href":"https:\/\/www.ortungsgerate.de\/ru\/wp-json\/wp\/v2\/product\/16493\/revisions"}],"wp:featuredmedia":[{"embeddable":true,"href":"https:\/\/www.ortungsgerate.de\/ru\/wp-json\/wp\/v2\/media\/1448"}],"wp:attachment":[{"href":"https:\/\/www.ortungsgerate.de\/ru\/wp-json\/wp\/v2\/media?parent=16493"}],"wp:term":[{"taxonomy":"brand","embeddable":true,"href":"https:\/\/www.ortungsgerate.de\/ru\/wp-json\/wp\/v2\/etheme_brands?post=16493"},{"taxonomy":"product_brand","embeddable":true,"href":"https:\/\/www.ortungsgerate.de\/ru\/wp-json\/wp\/v2\/product_brand?post=16493"},{"taxonomy":"product_cat","embeddable":true,"href":"https:\/\/www.ortungsgerate.de\/ru\/wp-json\/wp\/v2\/product_cat?post=16493"},{"taxonomy":"product_tag","embeddable":true,"href":"https:\/\/www.ortungsgerate.de\/ru\/wp-json\/wp\/v2\/product_tag?post=16493"}],"curies":[{"name":"wp","href":"https:\/\/api.w.org\/{rel}","templated":true}]}}