{"id":16494,"date":"2024-02-06T21:37:30","date_gmt":"2024-02-06T19:37:30","guid":{"rendered":"https:\/\/ortungsgerate.de\/be-kategorijos\/4g-kamera-uzmaskuota-signalizacijos-judesio-daviklyje-su-sim\/"},"modified":"2025-11-26T19:01:36","modified_gmt":"2025-11-26T17:01:36","slug":"4g-kamera-zamaskirovannaya-v-datchike-dvizheniya-s-sim","status":"publish","type":"product","link":"https:\/\/www.ortungsgerate.de\/ru\/12-skrytyje-kamery\/27-wlan-mini-kamery\/4g-kamera-zamaskirovannaya-v-datchike-dvizheniya-s-sim\/","title":{"rendered":"4G-\u043a\u0430\u043c\u0435\u0440\u0430, \u0437\u0430\u043c\u0430\u0441\u043a\u0438\u0440\u043e\u0432\u0430\u043d\u043d\u0430\u044f \u0432 \u0434\u0430\u0442\u0447\u0438\u043a\u0435 \u0434\u0432\u0438\u0436\u0435\u043d\u0438\u044f \u0441 SIM"},"content":{"rendered":"<h3>\u0422\u0435\u0445\u043d\u0438\u0447\u0435\u0441\u043a\u0438\u0435<strong>\u00a0\u043f\u0430\u0440\u0430\u043c\u0435\u0442\u0440\u044b:<\/strong><\/h3>\n<ul>\n<li>\u0423\u0434\u0430\u043b\u0435\u043d\u043d\u044b\u0439 \u0434\u043e\u0441\u0442\u0443\u043f: \u0414\u0410<\/li>\n<li>\u0412\u0438\u0434\u0435\u043e\u0437\u0430\u043f\u0438\u0441\u044c \u0441\u043e \u0437\u0432\u0443\u043a\u043e\u043c<\/li>\n<li>Videoqualit\u00e4t: Live-Ansicht: FULL HD1080P,<\/li>\n<li>\u0412\u043e\u0437\u043c\u043e\u0436\u043d\u043e\u0441\u0442\u044c \u043f\u0440\u043e\u0441\u043c\u043e\u0442\u0440\u0430 \u0438\u0437\u043e\u0431\u0440\u0430\u0436\u0435\u043d\u0438\u0439 \u0447\u0435\u0440\u0435\u0437: \u0442\u0435\u043b\u0435\u0444\u043e\u043d, \u043a\u043e\u043c\u043f\u044c\u044e\u0442\u0435\u0440 \u0438 \u043f\u043b\u0430\u043d\u0448\u0435\u0442<\/li>\n<li>\u041e\u043f\u0442\u0438\u043a\u0430: 3,7 \u043c\u043c<\/li>\n<li>\u0423\u0432\u0435\u0434\u043e\u043c\u043b\u0435\u043d\u0438\u044f \u043d\u0430 \u0442\u0435\u043b\u0435\u0444\u043e\u043d: \u0414\u0430<\/li>\n<li>\u0421\u043b\u043e\u0442 \u0434\u043b\u044f SIM-\u043a\u0430\u0440\u0442\u044b: \u0414\u0430<\/li>\n<li>\u0424\u0443\u043d\u043a\u0446\u0438\u044f \u043d\u043e\u0447\u043d\u043e\u0439 \u0437\u0430\u043f\u0438\u0441\u0438: \u0414\u0430<\/li>\n<li>\u0420\u0435\u0436\u0438\u043c \u043e\u0431\u043d\u0430\u0440\u0443\u0436\u0435\u043d\u0438\u044f \u0434\u0432\u0438\u0436\u0435\u043d\u0438\u044f: \u0414\u0410 (\u0446\u0438\u0444\u0440\u043e\u0432\u043e\u0439)<\/li>\n<li>\u0423\u0433\u043e\u043b \u043e\u0431\u0437\u043e\u0440\u0430: 90 \u00b0<\/li>\n<li>Unterst\u00fctzte Speicherkarte:\u00a0bis zu 128 GB (Karte nicht enthalten)<\/li>\n<li>\u0424\u043e\u0440\u043c\u0430\u0442 \u0441\u0436\u0430\u0442\u0438\u044f: AVI H.264<\/li>\n<li>\u041f\u043e\u0434\u0434\u0435\u0440\u0436\u0438\u0432\u0430\u0435\u043c\u044b\u0435 \u0441\u0438\u0441\u0442\u0435\u043c\u044b: \u201eiOS\u201c \u201eAndroid\u201c \u201eWindows\u201c<\/li>\n<li>\u041f\u0440\u0438\u043b\u043e\u0436\u0435\u043d\u0438\u0435 \u0434\u043b\u044f \u043c\u043e\u0431\u0438\u043b\u044c\u043d\u044b\u0445 \u0443\u0441\u0442\u0440\u043e\u0439\u0441\u0442\u0432: \u0414\u0430<\/li>\n<li>Stromversorgung:\u00a0 Steckdose (5 V)<\/li>\n<li>Wi-Fi:\u00a0Ja<\/li>\n<li>\u0423\u043f\u0440\u0430\u0432\u043b\u0435\u043d\u0438\u0435 \u0437\u0430\u043f\u0438\u0441\u044c\u044e: \u0441 \u043b\u044e\u0431\u043e\u0433\u043e \u0443\u043c\u043d\u043e\u0433\u043e \u0443\u0441\u0442\u0440\u043e\u0439\u0441\u0442\u0432\u0430 (\u0442\u0435\u043b\u0435\u0444\u043e\u043d, \u043a\u043e\u043c\u043f\u044c\u044e\u0442\u0435\u0440 \u0438\u043b\u0438 \u043f\u043b\u0430\u043d\u0448\u0435\u0442).<\/li>\n<li>\u0413\u0430\u0440\u0430\u043d\u0442\u0438\u044f 12 \u043c\u0435\u0441\u044f\u0446\u0435\u0432<\/li>\n<\/ul>\n<p><span style=\"color: #d0121a;\"><strong>   <\/strong><\/span><\/p>\n<p><strong>Im Bewegungsmelder getarnte 4G-Kamera<\/strong><\/p>\n<p>Der Einsatz versteckter Kameras kann in sehr unterschiedlichen Situationen relevant sein: wenn Sie sicherstellen m\u00f6chten, dass die Mitarbeiter im Unternehmen wirklich ehrlich handeln, wenn Sie sich vergewissern wollen, dass die ins Haus kommende Betreuungsperson oder eine andere Person sich korrekt verh\u00e4lt usw. Ein Bewegungsmelder mit integrierter, getarnter 4G-Kamera ist eine der vorteilhaftesten L\u00f6sungen, um zu \u00fcberpr\u00fcfen, ob bestimmte Personen Ihr Vertrauen tats\u00e4chlich verdienen. Eine solche Kamera kann in R\u00e4umen mit unterschiedlicher Zweckbestimmung installiert werden, ohne bef\u00fcrchten zu m\u00fcssen, dass die Kamera entdeckt wird: genau das stellt sicher, dass nichts Wichtiges entgeht und Sie die in den R\u00e4umen aufgezeichneten Videoaufnahmen einsehen k\u00f6nnen. Die Kamera funktioniert \u00fcber unbegrenzte Entfernungen, was eine noch effektivere Nutzung gew\u00e4hrleistet.<\/p>\n<p><strong>Bereiten Sie die Kamera noch einfacher vor<\/strong><\/p>\n<p>Nachdem Sie eine im Bewegungsmelder getarnte Kamera erworben haben, k\u00f6nnen Sie dieses Ger\u00e4t sofort nutzen \u2013 die Vorbereitung der Kamera ist sehr einfach und erfordert keinen besonderen Aufwand. F\u00fcr die Kamera sind alle SIM-Karten geeignet, sodass Sie jeden beliebigen Mobilfunkanbieter w\u00e4hlen k\u00f6nnen, der auch mobiles Internet anbietet. Den Bewegungsmelder mit verdeckt integrierter Kamera k\u00f6nnen Sie auch an Orten verwenden, an denen kein Wi-Fi verf\u00fcgbar ist (z. B. in einem abgelegenen Ferienhaus): Sie m\u00fcssen lediglich sicherstellen, dass der Anbieter mobile Internetdienste bereitstellt.<\/p>\n<p><strong>M\u00f6glichkeit zur Live-\u00dcberwachung<\/strong><\/p>\n<p>Ein Teil der \u00dcberwachungskameras erm\u00f6glicht die Betrachtung der Aufnahmen erst nach der \u00dcbertragung auf den Computer, jedoch ist es in vielen F\u00e4llen wichtig, verschiedene Verst\u00f6\u00dfe sofort zu erfassen. Daher kann eine im Bewegungsmelder getarnte versteckte Kamera, die die Live-Ansicht von Videoaufnahmen erm\u00f6glicht, eine ausgezeichnete Wahl sein. Sie m\u00fcssen sich lediglich mit einer speziellen App verbinden, und schon bald k\u00f6nnen Sie die Video\u00fcbertragung live verfolgen \u2013 dies ist von jedem Ort der Welt und zu jeder Tages- und Nachtzeit m\u00f6glich.<\/p>\n<p><strong>\u0424\u0443\u043d\u043a\u0446\u0438\u044f \u0434\u0430\u0442\u0447\u0438\u043a\u0430 \u0434\u0432\u0438\u0436\u0435\u043d\u0438\u044f<\/strong><\/p>\n<p>Das Ger\u00e4t mit integrierter, getarnter 4G-Kamera verf\u00fcgt \u00fcber eine sehr n\u00fctzliche Funktion \u2013 die Bewegungserkennung. Diese M\u00f6glichkeit ist vorteilhaft, da Sie bei erfasster Bewegung per Benachrichtigung informiert werden und so jederzeit nachsehen k\u00f6nnen, was gerade im \u00fcberwachten Raum geschieht. Zwar k\u00f6nnen Sie den Videostream dauerhaft \u00fcberwachen, doch ist dies nicht immer notwendig: wenn sich niemand in den R\u00e4umen aufh\u00e4lt, besteht einfach kein Bedarf, Zeit mit der Beobachtung der \u00dcbertragung zu verschwenden. Anders ist es, wenn jemand die R\u00e4umlichkeiten betritt: in bestimmten F\u00e4llen kann dies helfen, einen Einbruch oder eine andere unzul\u00e4ssige Handlung zu dokumentieren. Videoaufnahmen stellen einen ausreichenden Beweis f\u00fcr begangene Verst\u00f6\u00dfe dar, daher ist der Einsatz einer versteckten Kamera in der Praxis \u00e4u\u00dferst sinnvoll.<\/p>\n<p><strong>Unterst\u00fctzung von Speicherkarten bis zu 128 GB<\/strong><\/p>\n<p>Die von der Kamera aufgezeichneten Bilder k\u00f6nnen auf einen Computer \u00fcbertragen werden, daher ist es in vielen F\u00e4llen wichtig zu wissen, welche Speicherkapazit\u00e4t des Speicherkartentyps vom Ger\u00e4t unterst\u00fctzt wird. Der Bewegungsmelder mit integrierter, getarnter 4G-Kamera erm\u00f6glicht die Verwendung von MicroSD-Speicherkarten mit einer Kapazit\u00e4t von bis zu 128 GB, sodass Sie wirklich umfangreiches Material sichern k\u00f6nnen. Die Daten\u00fcbertragung ist innerhalb weniger Augenblicke m\u00f6glich, und bei Bedarf k\u00f6nnen Sie die Videoaufnahmen immer wieder ansehen.<\/p>\n<p><strong>Hochwertige Videoaufzeichnung<\/strong><\/p>\n<p>Der Bewegungsmelder mit integrierter, getarnter 4G-Kamera gew\u00e4hrleistet eine sehr gute Bildqualit\u00e4t, sodass Sie sicher sein k\u00f6nnen, dass es bei Bedarf nicht schwierig sein wird, die Identit\u00e4t von Straft\u00e4tern zu erkennen. Unabh\u00e4ngig davon, welche Art von Beweismaterial Sie sammeln m\u00f6chten, k\u00f6nnen Sie sicher sein, dass Ihnen die versteckte Kamera dies auf reibungslose Weise erm\u00f6glicht.<\/p>\n<p>F\u00fcr Sicherheit zu sorgen war noch nie so einfach: die Installation einer versteckten Kamera erfordert keinen besonders gro\u00dfen Aufwand, und die Bild\u00fcberwachung ist 24 Stunden am Tag, 7 Tage die Woche m\u00f6glich. Eine im Bewegungsmelder getarnte, versteckte Kamera k\u00f6nnen Sie zu einem wirklich attraktiven Preis erwerben \u2013 verpassen Sie also nicht die Gelegenheit, die Sicherheit bestimmter R\u00e4umlichkeiten noch weiter zu erh\u00f6hen.<\/p>","protected":false},"excerpt":{"rendered":"<p>Technische\u00a0Parameter: Fernzugriff: JA Videoaufzeichnung mit Ton Videoqualit\u00e4t: Live-Ansicht: FULL HD1080P, Bildbetrachtung m\u00f6glich \u00fcber: Telefon, Computer und Tablet Optik: 3,7 mm Benachrichtigungen auf das Telefon: Ja&#8230;<\/p>","protected":false},"featured_media":26469,"template":"","meta":[],"etheme_brands":[],"product_brand":[],"product_cat":[219,203,205],"product_tag":[687,739,705,690,691,693],"class_list":{"0":"post-16494","1":"product","2":"type-product","3":"status-publish","4":"has-post-thumbnail","6":"product_cat-30-4g-kameras","7":"product_cat-12-versteckte-kameras","8":"product_cat-27-wlan-minikameras","9":"product_tag-kamera-zur-ueberwachung","10":"product_tag-spionagekamera","11":"product_tag-ueberwachungskamera","12":"product_tag-versteckte-kamera","13":"product_tag-versteckte-ueberwachungskamera","14":"product_tag-wlan-kamera","15":"pa_typ-rauchmelder-alarmmelder","17":"first","18":"instock","19":"taxable","20":"shipping-taxable","21":"purchasable","22":"product-type-simple"},"yoast_head":"<!-- This site is optimized with the Yoast SEO Premium plugin v25.9 (Yoast SEO v27.4) - https:\/\/yoast.com\/product\/yoast-seo-premium-wordpress\/ -->\n<title>4G versteckte Kamera getarnt im Bewegungsmelder<\/title>\n<meta name=\"description\" content=\"Diese versteckte Kamera eignet sich f\u00fcr Orte ohne Internet, zum Beispiel in einem Ferienhaus. Sie erm\u00f6glicht Ihnen die Live-\u00dcberwachung des Bildes. Sie ist gut getarnt und unterscheidet sich in nichts von einem Bewegungsmelder.\" \/>\n<meta name=\"robots\" content=\"index, follow, max-snippet:-1, max-image-preview:large, max-video-preview:-1\" \/>\n<link rel=\"canonical\" href=\"https:\/\/www.ortungsgerate.de\/ru\/12-skrytyje-kamery\/30-4g-kamery-2\/4g-kamera-zamaskirovannaya-v-datchike-dvizheniya-s-sim\/\" \/>\n<meta property=\"og:locale\" content=\"ru_RU\" \/>\n<meta property=\"og:type\" content=\"article\" \/>\n<meta property=\"og:title\" content=\"4G-Kamera getarnt in einem Alarm-Bewegungsmelder mit SIM\" \/>\n<meta property=\"og:description\" content=\"Diese versteckte Kamera eignet sich f\u00fcr Orte ohne Internet, zum Beispiel in einem Ferienhaus. Sie erm\u00f6glicht Ihnen die Live-\u00dcberwachung des Bildes. Sie ist gut getarnt und unterscheidet sich in nichts von einem Bewegungsmelder.\" \/>\n<meta property=\"og:url\" content=\"https:\/\/www.ortungsgerate.de\/ru\/12-skrytyje-kamery\/30-4g-kamery-2\/4g-kamera-zamaskirovannaya-v-datchike-dvizheniya-s-sim\/\" \/>\n<meta property=\"og:site_name\" content=\"Ortungsger\u00e4te.de\" \/>\n<meta property=\"article:modified_time\" content=\"2025-11-26T17:01:36+00:00\" \/>\n<meta property=\"og:image\" content=\"https:\/\/www.ortungsgerate.de\/wp-content\/uploads\/dumu-daviklis-slapta-kamera-4g-su-sim-kortele.jpg\" \/>\n\t<meta property=\"og:image:width\" content=\"458\" \/>\n\t<meta property=\"og:image:height\" content=\"458\" \/>\n\t<meta property=\"og:image:type\" content=\"image\/jpeg\" \/>\n<meta name=\"twitter:card\" content=\"summary_large_image\" \/>\n<meta name=\"twitter:label1\" content=\"\u041f\u0440\u0438\u043c\u0435\u0440\u043d\u043e\u0435 \u0432\u0440\u0435\u043c\u044f \u0434\u043b\u044f \u0447\u0442\u0435\u043d\u0438\u044f\" \/>\n\t<meta name=\"twitter:data1\" content=\"4 \u043c\u0438\u043d\u0443\u0442\u044b\" \/>\n<script type=\"application\/ld+json\" class=\"yoast-schema-graph\">{\"@context\":\"https:\\\/\\\/schema.org\",\"@graph\":[{\"@type\":\"WebPage\",\"@id\":\"https:\\\/\\\/www.ortungsgerate.de\\\/12-versteckte-kameras\\\/30-4g-kameras\\\/4g-kamera-getarnt-in-einem-alarm-bewegungsmelder-mit-sim\\\/\",\"url\":\"https:\\\/\\\/www.ortungsgerate.de\\\/12-versteckte-kameras\\\/30-4g-kameras\\\/4g-kamera-getarnt-in-einem-alarm-bewegungsmelder-mit-sim\\\/\",\"name\":\"4G versteckte Kamera getarnt im Bewegungsmelder\",\"isPartOf\":{\"@id\":\"https:\\\/\\\/www.ortungsgerate.de\\\/#website\"},\"primaryImageOfPage\":{\"@id\":\"https:\\\/\\\/www.ortungsgerate.de\\\/12-versteckte-kameras\\\/30-4g-kameras\\\/4g-kamera-getarnt-in-einem-alarm-bewegungsmelder-mit-sim\\\/#primaryimage\"},\"image\":{\"@id\":\"https:\\\/\\\/www.ortungsgerate.de\\\/12-versteckte-kameras\\\/30-4g-kameras\\\/4g-kamera-getarnt-in-einem-alarm-bewegungsmelder-mit-sim\\\/#primaryimage\"},\"thumbnailUrl\":\"https:\\\/\\\/www.ortungsgerate.de\\\/wp-content\\\/uploads\\\/dumu-daviklis-slapta-kamera-4g-su-sim-kortele.jpg\",\"datePublished\":\"2024-02-06T19:37:30+00:00\",\"dateModified\":\"2025-11-26T17:01:36+00:00\",\"description\":\"Diese versteckte Kamera eignet sich f\u00fcr Orte ohne Internet, zum Beispiel in einem Ferienhaus. Sie erm\u00f6glicht Ihnen die Live-\u00dcberwachung des Bildes. Sie ist gut getarnt und unterscheidet sich in nichts von einem Bewegungsmelder.\",\"breadcrumb\":{\"@id\":\"https:\\\/\\\/www.ortungsgerate.de\\\/12-versteckte-kameras\\\/30-4g-kameras\\\/4g-kamera-getarnt-in-einem-alarm-bewegungsmelder-mit-sim\\\/#breadcrumb\"},\"inLanguage\":\"ru-RU\",\"potentialAction\":[{\"@type\":\"ReadAction\",\"target\":[\"https:\\\/\\\/www.ortungsgerate.de\\\/12-versteckte-kameras\\\/30-4g-kameras\\\/4g-kamera-getarnt-in-einem-alarm-bewegungsmelder-mit-sim\\\/\"]}]},{\"@type\":\"ImageObject\",\"inLanguage\":\"ru-RU\",\"@id\":\"https:\\\/\\\/www.ortungsgerate.de\\\/12-versteckte-kameras\\\/30-4g-kameras\\\/4g-kamera-getarnt-in-einem-alarm-bewegungsmelder-mit-sim\\\/#primaryimage\",\"url\":\"https:\\\/\\\/www.ortungsgerate.de\\\/wp-content\\\/uploads\\\/dumu-daviklis-slapta-kamera-4g-su-sim-kortele.jpg\",\"contentUrl\":\"https:\\\/\\\/www.ortungsgerate.de\\\/wp-content\\\/uploads\\\/dumu-daviklis-slapta-kamera-4g-su-sim-kortele.jpg\",\"width\":458,\"height\":458,\"caption\":\"Rauchmelder versteckte Kamera 4G mit SIM\u2011Karte\"},{\"@type\":\"BreadcrumbList\",\"@id\":\"https:\\\/\\\/www.ortungsgerate.de\\\/12-versteckte-kameras\\\/30-4g-kameras\\\/4g-kamera-getarnt-in-einem-alarm-bewegungsmelder-mit-sim\\\/#breadcrumb\",\"itemListElement\":[{\"@type\":\"ListItem\",\"position\":1,\"name\":\"Startseite\",\"item\":\"https:\\\/\\\/www.ortungsgerate.de\\\/\"},{\"@type\":\"ListItem\",\"position\":2,\"name\":\"Shop\",\"item\":\"https:\\\/\\\/www.ortungsgerate.de\\\/shop\\\/\"},{\"@type\":\"ListItem\",\"position\":3,\"name\":\"4G-Kamera getarnt in einem Alarm-Bewegungsmelder mit SIM\"}]},{\"@type\":\"WebSite\",\"@id\":\"https:\\\/\\\/www.ortungsgerate.de\\\/#website\",\"url\":\"https:\\\/\\\/www.ortungsgerate.de\\\/\",\"name\":\"Ortungsgerate.de\",\"description\":\"\",\"publisher\":{\"@id\":\"https:\\\/\\\/www.ortungsgerate.de\\\/#organization\"},\"potentialAction\":[{\"@type\":\"SearchAction\",\"target\":{\"@type\":\"EntryPoint\",\"urlTemplate\":\"https:\\\/\\\/www.ortungsgerate.de\\\/?s={search_term_string}\"},\"query-input\":{\"@type\":\"PropertyValueSpecification\",\"valueRequired\":true,\"valueName\":\"search_term_string\"}}],\"inLanguage\":\"ru-RU\"},{\"@type\":\"Organization\",\"@id\":\"https:\\\/\\\/www.ortungsgerate.de\\\/#organization\",\"name\":\"Ortungsgerate.de\",\"url\":\"https:\\\/\\\/www.ortungsgerate.de\\\/\",\"logo\":{\"@type\":\"ImageObject\",\"inLanguage\":\"ru-RU\",\"@id\":\"https:\\\/\\\/www.ortungsgerate.de\\\/#\\\/schema\\\/logo\\\/image\\\/\",\"url\":\"https:\\\/\\\/www.ortungsgerate.de\\\/wp-content\\\/uploads\\\/ortungsgerate.png\",\"contentUrl\":\"https:\\\/\\\/www.ortungsgerate.de\\\/wp-content\\\/uploads\\\/ortungsgerate.png\",\"width\":500,\"height\":135,\"caption\":\"Ortungsgerate.de\"},\"image\":{\"@id\":\"https:\\\/\\\/www.ortungsgerate.de\\\/#\\\/schema\\\/logo\\\/image\\\/\"}}]}<\/script>\n<!-- \/ Yoast SEO Premium plugin. -->","yoast_head_json":{"title":"4G versteckte Kamera getarnt im Bewegungsmelder","description":"Diese versteckte Kamera eignet sich f\u00fcr Orte ohne Internet, zum Beispiel in einem Ferienhaus. Sie erm\u00f6glicht Ihnen die Live-\u00dcberwachung des Bildes. Sie ist gut getarnt und unterscheidet sich in nichts von einem Bewegungsmelder.","robots":{"index":"index","follow":"follow","max-snippet":"max-snippet:-1","max-image-preview":"max-image-preview:large","max-video-preview":"max-video-preview:-1"},"canonical":"https:\/\/www.ortungsgerate.de\/ru\/12-skrytyje-kamery\/30-4g-kamery-2\/4g-kamera-zamaskirovannaya-v-datchike-dvizheniya-s-sim\/","og_locale":"ru_RU","og_type":"article","og_title":"4G-Kamera getarnt in einem Alarm-Bewegungsmelder mit SIM","og_description":"Diese versteckte Kamera eignet sich f\u00fcr Orte ohne Internet, zum Beispiel in einem Ferienhaus. Sie erm\u00f6glicht Ihnen die Live-\u00dcberwachung des Bildes. Sie ist gut getarnt und unterscheidet sich in nichts von einem Bewegungsmelder.","og_url":"https:\/\/www.ortungsgerate.de\/ru\/12-skrytyje-kamery\/30-4g-kamery-2\/4g-kamera-zamaskirovannaya-v-datchike-dvizheniya-s-sim\/","og_site_name":"Ortungsger\u00e4te.de","article_modified_time":"2025-11-26T17:01:36+00:00","og_image":[{"width":458,"height":458,"url":"https:\/\/www.ortungsgerate.de\/wp-content\/uploads\/dumu-daviklis-slapta-kamera-4g-su-sim-kortele.jpg","type":"image\/jpeg"}],"twitter_card":"summary_large_image","twitter_misc":{"\u041f\u0440\u0438\u043c\u0435\u0440\u043d\u043e\u0435 \u0432\u0440\u0435\u043c\u044f \u0434\u043b\u044f \u0447\u0442\u0435\u043d\u0438\u044f":"4 \u043c\u0438\u043d\u0443\u0442\u044b"},"schema":{"@context":"https:\/\/schema.org","@graph":[{"@type":"WebPage","@id":"https:\/\/www.ortungsgerate.de\/12-versteckte-kameras\/30-4g-kameras\/4g-kamera-getarnt-in-einem-alarm-bewegungsmelder-mit-sim\/","url":"https:\/\/www.ortungsgerate.de\/12-versteckte-kameras\/30-4g-kameras\/4g-kamera-getarnt-in-einem-alarm-bewegungsmelder-mit-sim\/","name":"4G versteckte Kamera getarnt im Bewegungsmelder","isPartOf":{"@id":"https:\/\/www.ortungsgerate.de\/#website"},"primaryImageOfPage":{"@id":"https:\/\/www.ortungsgerate.de\/12-versteckte-kameras\/30-4g-kameras\/4g-kamera-getarnt-in-einem-alarm-bewegungsmelder-mit-sim\/#primaryimage"},"image":{"@id":"https:\/\/www.ortungsgerate.de\/12-versteckte-kameras\/30-4g-kameras\/4g-kamera-getarnt-in-einem-alarm-bewegungsmelder-mit-sim\/#primaryimage"},"thumbnailUrl":"https:\/\/www.ortungsgerate.de\/wp-content\/uploads\/dumu-daviklis-slapta-kamera-4g-su-sim-kortele.jpg","datePublished":"2024-02-06T19:37:30+00:00","dateModified":"2025-11-26T17:01:36+00:00","description":"Diese versteckte Kamera eignet sich f\u00fcr Orte ohne Internet, zum Beispiel in einem Ferienhaus. Sie erm\u00f6glicht Ihnen die Live-\u00dcberwachung des Bildes. Sie ist gut getarnt und unterscheidet sich in nichts von einem Bewegungsmelder.","breadcrumb":{"@id":"https:\/\/www.ortungsgerate.de\/12-versteckte-kameras\/30-4g-kameras\/4g-kamera-getarnt-in-einem-alarm-bewegungsmelder-mit-sim\/#breadcrumb"},"inLanguage":"ru-RU","potentialAction":[{"@type":"ReadAction","target":["https:\/\/www.ortungsgerate.de\/12-versteckte-kameras\/30-4g-kameras\/4g-kamera-getarnt-in-einem-alarm-bewegungsmelder-mit-sim\/"]}]},{"@type":"ImageObject","inLanguage":"ru-RU","@id":"https:\/\/www.ortungsgerate.de\/12-versteckte-kameras\/30-4g-kameras\/4g-kamera-getarnt-in-einem-alarm-bewegungsmelder-mit-sim\/#primaryimage","url":"https:\/\/www.ortungsgerate.de\/wp-content\/uploads\/dumu-daviklis-slapta-kamera-4g-su-sim-kortele.jpg","contentUrl":"https:\/\/www.ortungsgerate.de\/wp-content\/uploads\/dumu-daviklis-slapta-kamera-4g-su-sim-kortele.jpg","width":458,"height":458,"caption":"Rauchmelder versteckte Kamera 4G mit SIM\u2011Karte"},{"@type":"BreadcrumbList","@id":"https:\/\/www.ortungsgerate.de\/12-versteckte-kameras\/30-4g-kameras\/4g-kamera-getarnt-in-einem-alarm-bewegungsmelder-mit-sim\/#breadcrumb","itemListElement":[{"@type":"ListItem","position":1,"name":"Startseite","item":"https:\/\/www.ortungsgerate.de\/"},{"@type":"ListItem","position":2,"name":"Shop","item":"https:\/\/www.ortungsgerate.de\/shop\/"},{"@type":"ListItem","position":3,"name":"4G-Kamera getarnt in einem Alarm-Bewegungsmelder mit SIM"}]},{"@type":"WebSite","@id":"https:\/\/www.ortungsgerate.de\/#website","url":"https:\/\/www.ortungsgerate.de\/","name":"Ortungsgerate.de","description":"","publisher":{"@id":"https:\/\/www.ortungsgerate.de\/#organization"},"potentialAction":[{"@type":"SearchAction","target":{"@type":"EntryPoint","urlTemplate":"https:\/\/www.ortungsgerate.de\/?s={search_term_string}"},"query-input":{"@type":"PropertyValueSpecification","valueRequired":true,"valueName":"search_term_string"}}],"inLanguage":"ru-RU"},{"@type":"Organization","@id":"https:\/\/www.ortungsgerate.de\/#organization","name":"Ortungsgerate.de","url":"https:\/\/www.ortungsgerate.de\/","logo":{"@type":"ImageObject","inLanguage":"ru-RU","@id":"https:\/\/www.ortungsgerate.de\/#\/schema\/logo\/image\/","url":"https:\/\/www.ortungsgerate.de\/wp-content\/uploads\/ortungsgerate.png","contentUrl":"https:\/\/www.ortungsgerate.de\/wp-content\/uploads\/ortungsgerate.png","width":500,"height":135,"caption":"Ortungsgerate.de"},"image":{"@id":"https:\/\/www.ortungsgerate.de\/#\/schema\/logo\/image\/"}}]}},"_links":{"self":[{"href":"https:\/\/www.ortungsgerate.de\/ru\/wp-json\/wp\/v2\/product\/16494","targetHints":{"allow":["GET"]}}],"collection":[{"href":"https:\/\/www.ortungsgerate.de\/ru\/wp-json\/wp\/v2\/product"}],"about":[{"href":"https:\/\/www.ortungsgerate.de\/ru\/wp-json\/wp\/v2\/types\/product"}],"version-history":[{"count":0,"href":"https:\/\/www.ortungsgerate.de\/ru\/wp-json\/wp\/v2\/product\/16494\/revisions"}],"wp:featuredmedia":[{"embeddable":true,"href":"https:\/\/www.ortungsgerate.de\/ru\/wp-json\/wp\/v2\/media\/26469"}],"wp:attachment":[{"href":"https:\/\/www.ortungsgerate.de\/ru\/wp-json\/wp\/v2\/media?parent=16494"}],"wp:term":[{"taxonomy":"brand","embeddable":true,"href":"https:\/\/www.ortungsgerate.de\/ru\/wp-json\/wp\/v2\/etheme_brands?post=16494"},{"taxonomy":"product_brand","embeddable":true,"href":"https:\/\/www.ortungsgerate.de\/ru\/wp-json\/wp\/v2\/product_brand?post=16494"},{"taxonomy":"product_cat","embeddable":true,"href":"https:\/\/www.ortungsgerate.de\/ru\/wp-json\/wp\/v2\/product_cat?post=16494"},{"taxonomy":"product_tag","embeddable":true,"href":"https:\/\/www.ortungsgerate.de\/ru\/wp-json\/wp\/v2\/product_tag?post=16494"}],"curies":[{"name":"wp","href":"https:\/\/api.w.org\/{rel}","templated":true}]}}