{"id":16495,"date":"2024-02-06T21:37:07","date_gmt":"2024-02-06T19:37:07","guid":{"rendered":"https:\/\/ortungsgerate.de\/be-kategorijos\/slapta-kamera-uzmaskuota-nuotoliniame-termometre-su-naktiniu-matymu\/"},"modified":"2025-12-01T11:26:01","modified_gmt":"2025-12-01T10:26:01","slug":"skrytaya-kamera-v-zamaskirovannom-infrakrasnom-termometre-s-nochnym-videniem","status":"publish","type":"product","link":"https:\/\/www.ortungsgerate.de\/ru\/12-skrytyje-kamery\/17-zamaskirovanyje-kamery\/skrytaya-kamera-v-zamaskirovannom-infrakrasnom-termometre-s-nochnym-videniem\/","title":{"rendered":"\u0421\u043a\u0440\u044b\u0442\u0430\u044f \u043a\u0430\u043c\u0435\u0440\u0430 \u0432 \u0437\u0430\u043c\u0430\u0441\u043a\u0438\u0440\u043e\u0432\u0430\u043d\u043d\u043e\u043c \u0438\u043d\u0444\u0440\u0430\u043a\u0440\u0430\u0441\u043d\u043e\u043c \u0442\u0435\u0440\u043c\u043e\u043c\u0435\u0442\u0440\u0435 \u0441 \u043d\u043e\u0447\u043d\u044b\u043c \u0432\u0438\u0434\u0435\u043d\u0438\u0435\u043c"},"content":{"rendered":"<h3><strong>\u0422\u0435\u0445\u043d\u0438\u0447\u0435\u0441\u043a\u0438\u0435 \u043f\u0430\u0440\u0430\u043c\u0435\u0442\u0440\u044b:<\/strong><\/h3>\n<ul>\n<li>Fern-Videoansicht: JA<\/li>\n<li>Videoaufzeichnung mit Audio<\/li>\n<li>Objektiv: OV9712<\/li>\n<li>Nachtsicht: 3 m Entfernung<\/li>\n<li>Videoqualit\u00e4t: Ansicht: HD 1920*1080<\/li>\n<li>Fotoaufl\u00f6sung: 1920*1080<\/li>\n<li>Objektiv: 120 Grad Blickwinkel<\/li>\n<li>Videoaufnahme: 1 Std. 360 MB<\/li>\n<li>Bildrate: 25 FPS<\/li>\n<li>\u0423\u0432\u0435\u0434\u043e\u043c\u043b\u0435\u043d\u0438\u044f \u043f\u0440\u0438 \u043e\u0431\u043d\u0430\u0440\u0443\u0436\u0435\u043d\u0438\u0438 \u0434\u0432\u0438\u0436\u0435\u043d\u0438\u044f (Push-\u0443\u0432\u0435\u0434\u043e\u043c\u043b\u0435\u043d\u0438\u0435)<\/li>\n<li>Speicherkartenunterst\u00fctzung: von 4 GB bis 128 GB (Speicherkarte nicht im Set enthalten)<\/li>\n<li>Video\u00fcberwachung: Per Telefon oder Computer (Live \u00fcber das Internet)<\/li>\n<li>Betriebszeit: \u00fcber Stromversorgung 24\/7<\/li>\n<li>Akku: 3000 mAh<\/li>\n<li>\u041e\u0431\u043d\u0430\u0440\u0443\u0436\u0435\u043d\u0438\u0435 \u0434\u0432\u0438\u0436\u0435\u043d\u0438\u044f: \u0414\u0410, \u0446\u0438\u0444\u0440\u043e\u0432\u043e\u0435<\/li>\n<li>\u0424\u043e\u0440\u043c\u0430\u0442 \u0441\u0436\u0430\u0442\u0438\u044f: AVI H.264<\/li>\n<li>Videoformat: AVI<\/li>\n<li>Systeme: \u201eiOS\u201d, \u201eAndroid\u201d, \u201eWindows\u201d<\/li>\n<li>App: vorhanden<\/li>\n<li>Stromversorgung: interner oder externer Akku; 5V-Stromanschluss<\/li>\n<li>Wi-Fi: vorhanden<\/li>\n<li><strong>\u0413\u0410\u0420\u0410\u041d\u0422\u0418\u042f 12 \u043c\u0435\u0441\u044f\u0446\u0435\u0432<\/strong><\/li>\n<\/ul>\n<p><span style=\"color: #d0121a;\"><\/span><\/p>\n<p><strong>Einsatzbereich:<\/strong> F\u00fcr Ihre eigene Sicherheit und die Ihrer Kinder.<\/p>\n<p><span lang=\"lt\">Die Verwendung von Infrarot-Thermometern wird immer beliebter, was auch bei der Entwicklung versteckter Kameras genutzt wird. Ein Infrarot-Thermometer mit versteckter Kamera kann eine der vorteilhaftesten Optionen sein, wenn niemand ahnen soll, dass gefilmt wird. Dieses Ger\u00e4t kann bedenkenlos in verschiedenen R\u00e4umen platziert werden. Versteckte Kameras werden h\u00e4ufig gew\u00e4hlt, wenn man sicherstellen m\u00f6chte, dass sich Mitarbeiter wirklich ehrlich verhalten, wenn man pr\u00fcfen m\u00f6chte, ob die Haushaltshilfe oder das Kinderm\u00e4dchen wirklich vertrauensw\u00fcrdig ist usw.<\/span><\/p>\n<p><strong><span lang=\"lt\">Nachtsichtfunktion<\/span><\/strong><\/p>\n<p><span lang=\"lt\">Beim verdeckten Aufzeichnen von Bildern muss man sich manchmal vergewissern, dass die Beleuchtung ausreichend ist, weshalb die Aufnahmequalit\u00e4t gelegentlich nicht optimal ist. Eine versteckte Kamera mit Nachtsichtfunktion ist immer eine hervorragende L\u00f6sung, wenn Aufnahmen nicht nur tags\u00fcber, sondern auch in der Dunkelheit m\u00f6glich sein sollen. Die Nachtsichtfunktion der Infrarot-Thermometer-Kamera kann in einer Entfernung von bis zu drei Metern genutzt werden, sodass Sie sicher sein k\u00f6nnen, dass die Aufnahmen wirklich reibungslos verlaufen.<\/span><\/p>\n<p><strong><span lang=\"lt\">Videoansicht<\/span><\/strong><\/p>\n<p><span lang=\"lt\">Die aufgezeichneten Bilder k\u00f6nnen Sie \u00fcber ein Telefon oder einen Computer ansehen (die Kamera ist kompatibel mit den Systemen \u201eiOS\u201d, \u201eAndroid\u201d, \u201eWindows\u201d und \u201eWindows 7 \/ 8 \/ 10\u201d). Mit dieser Kamera k\u00f6nnen Sie die aufgezeichneten Videos in Echtzeit online verfolgen oder die aufgezeichneten Bilder auf einen Computer \u00fcbertragen. Die versteckte Kamera unterst\u00fctzt Speicherkarten von 4 bis 128 Gigabyte, sodass Sie das passende Speichermedium w\u00e4hlen k\u00f6nnen (eine Stunde Videoaufnahme belegt 360 MB auf der Speicherkarte).<\/span><\/p>\n<p><strong><span lang=\"lt\">Komfortable Kameranutzung<\/span><\/strong><\/p>\n<p><span lang=\"lt\">Der Blickwinkel der Infrarot-Thermometer-Kamera betr\u00e4gt ganze 120 Grad, sodass Sie sicher sein k\u00f6nnen, dass die aufgezeichneten Bilder hochwertig und klar sind. Sie m\u00fcssen sich keine Sorgen machen, dass der Akku der Kamera im unpassendsten Moment leer wird, da sie \u00fcber eine Steckdose mit Strom versorgt wird. F\u00fcr Ihren Komfort verf\u00fcgt die versteckte Kamera \u00fcber eine Bewegungserkennungsfunktion, wodurch Speicherplatz auf der Speicherkarte gespart und Aufnahmen in Zeiten ohne Aktivit\u00e4t vermieden werden. Die Aufl\u00f6sung der von der Kamera aufgezeichneten Videos betr\u00e4gt 1920\u00d71080 px, sodass verschiedene Details ausreichend deutlich erkennbar sind.<\/span><\/p>\n<p><span lang=\"lt\">Wenn Sie Zweifel ausr\u00e4umen und verdeckt beobachten m\u00f6chten, was bestimmte Personen zu einer bestimmten Zeit tun, kann ein Infrarot-Thermometer mit versteckter Kamera eine wirklich vorteilhafte Wahl sein.<\/span><span lang=\"lt\"> <\/span><\/p>","protected":false},"excerpt":{"rendered":"<p>Technische Parameter: Fern-Videoansicht: JA Videoaufzeichnung mit Audio Objektiv: OV9712 Nachtsicht: 3 m Entfernung Videoqualit\u00e4t: Ansicht: HD 1920*1080 Fotoaufl\u00f6sung: 1920*1080 Objektiv: 120 Grad Blickwinkel Videoaufnahme: 1&#8230;<\/p>","protected":false},"featured_media":26404,"template":"","meta":[],"etheme_brands":[],"product_brand":[],"product_cat":[204,203,205],"product_tag":[753,42,707,735,705,690,693],"class_list":{"0":"post-16495","1":"product","2":"type-product","3":"status-publish","4":"has-post-thumbnail","6":"product_cat-17-getarnte-kameras","7":"product_cat-12-versteckte-kameras","8":"product_cat-27-wlan-minikameras","9":"product_tag-getarnte-kamera","10":"product_tag-kamera","11":"product_tag-kamera-uhr","12":"product_tag-lautsprecher-kamera","13":"product_tag-ueberwachungskamera","14":"product_tag-versteckte-kamera","15":"product_tag-wlan-kamera","16":"pa_typ-wetterstationen","18":"first","19":"outofstock","20":"taxable","21":"shipping-taxable","22":"purchasable","23":"product-type-simple"},"yoast_head":"<!-- This site is optimized with the Yoast SEO Premium plugin v25.9 (Yoast SEO v27.4) - https:\/\/yoast.com\/product\/yoast-seo-premium-wordpress\/ -->\n<title>Thermometer mit versteckter \u00dcberwachungskamera mit Salz und WLAN<\/title>\n<meta name=\"description\" content=\"Thermometer mit versteckter Kamera Nachtsicht bis zu 3 Metern M\u00f6glichkeit der Live-Video\u00fcberwachung \u00fcber das Internet Materialien von h\u00f6chster Qualit\u00e4t Kostenloser Versand\" \/>\n<meta name=\"robots\" content=\"index, follow, max-snippet:-1, max-image-preview:large, max-video-preview:-1\" \/>\n<link rel=\"canonical\" href=\"https:\/\/www.ortungsgerate.de\/ru\/12-skrytyje-kamery\/27-wlan-mini-kamery\/skrytaya-kamera-v-zamaskirovannom-infrakrasnom-termometre-s-nochnym-videniem\/\" \/>\n<meta property=\"og:locale\" content=\"ru_RU\" \/>\n<meta property=\"og:type\" content=\"article\" \/>\n<meta property=\"og:title\" content=\"Versteckte Kamera im getarnten Infrarot-Thermometer mit Nachtsicht\" \/>\n<meta property=\"og:description\" content=\"Thermometer mit versteckter Kamera Nachtsicht bis zu 3 Metern M\u00f6glichkeit der Live-Video\u00fcberwachung \u00fcber das Internet Materialien von h\u00f6chster Qualit\u00e4t Kostenloser Versand\" \/>\n<meta property=\"og:url\" content=\"https:\/\/www.ortungsgerate.de\/ru\/12-skrytyje-kamery\/27-wlan-mini-kamery\/skrytaya-kamera-v-zamaskirovannom-infrakrasnom-termometre-s-nochnym-videniem\/\" \/>\n<meta property=\"og:site_name\" content=\"Ortungsger\u00e4te.de\" \/>\n<meta property=\"article:modified_time\" content=\"2025-12-01T10:26:01+00:00\" \/>\n<meta property=\"og:image\" content=\"https:\/\/www.ortungsgerate.de\/wp-content\/uploads\/slapta-kamera-termometras.jpg\" \/>\n\t<meta property=\"og:image:width\" content=\"458\" \/>\n\t<meta property=\"og:image:height\" content=\"458\" \/>\n\t<meta property=\"og:image:type\" content=\"image\/jpeg\" \/>\n<meta name=\"twitter:card\" content=\"summary_large_image\" \/>\n<meta name=\"twitter:label1\" content=\"\u041f\u0440\u0438\u043c\u0435\u0440\u043d\u043e\u0435 \u0432\u0440\u0435\u043c\u044f \u0434\u043b\u044f \u0447\u0442\u0435\u043d\u0438\u044f\" \/>\n\t<meta name=\"twitter:data1\" content=\"3 \u043c\u0438\u043d\u0443\u0442\u044b\" \/>\n<script type=\"application\/ld+json\" class=\"yoast-schema-graph\">{\"@context\":\"https:\\\/\\\/schema.org\",\"@graph\":[{\"@type\":\"WebPage\",\"@id\":\"https:\\\/\\\/www.ortungsgerate.de\\\/12-versteckte-kameras\\\/27-wlan-minikameras\\\/versteckte-kamera-im-getarnten-infrarot-thermometer-mit-nachtsicht\\\/\",\"url\":\"https:\\\/\\\/www.ortungsgerate.de\\\/12-versteckte-kameras\\\/27-wlan-minikameras\\\/versteckte-kamera-im-getarnten-infrarot-thermometer-mit-nachtsicht\\\/\",\"name\":\"Thermometer mit versteckter \u00dcberwachungskamera mit Salz und WLAN\",\"isPartOf\":{\"@id\":\"https:\\\/\\\/www.ortungsgerate.de\\\/#website\"},\"primaryImageOfPage\":{\"@id\":\"https:\\\/\\\/www.ortungsgerate.de\\\/12-versteckte-kameras\\\/27-wlan-minikameras\\\/versteckte-kamera-im-getarnten-infrarot-thermometer-mit-nachtsicht\\\/#primaryimage\"},\"image\":{\"@id\":\"https:\\\/\\\/www.ortungsgerate.de\\\/12-versteckte-kameras\\\/27-wlan-minikameras\\\/versteckte-kamera-im-getarnten-infrarot-thermometer-mit-nachtsicht\\\/#primaryimage\"},\"thumbnailUrl\":\"https:\\\/\\\/www.ortungsgerate.de\\\/wp-content\\\/uploads\\\/slapta-kamera-termometras.jpg\",\"datePublished\":\"2024-02-06T19:37:07+00:00\",\"dateModified\":\"2025-12-01T10:26:01+00:00\",\"description\":\"Thermometer mit versteckter Kamera Nachtsicht bis zu 3 Metern M\u00f6glichkeit der Live-Video\u00fcberwachung \u00fcber das Internet Materialien von h\u00f6chster Qualit\u00e4t Kostenloser Versand\",\"breadcrumb\":{\"@id\":\"https:\\\/\\\/www.ortungsgerate.de\\\/12-versteckte-kameras\\\/27-wlan-minikameras\\\/versteckte-kamera-im-getarnten-infrarot-thermometer-mit-nachtsicht\\\/#breadcrumb\"},\"inLanguage\":\"ru-RU\",\"potentialAction\":[{\"@type\":\"ReadAction\",\"target\":[\"https:\\\/\\\/www.ortungsgerate.de\\\/12-versteckte-kameras\\\/27-wlan-minikameras\\\/versteckte-kamera-im-getarnten-infrarot-thermometer-mit-nachtsicht\\\/\"]}]},{\"@type\":\"ImageObject\",\"inLanguage\":\"ru-RU\",\"@id\":\"https:\\\/\\\/www.ortungsgerate.de\\\/12-versteckte-kameras\\\/27-wlan-minikameras\\\/versteckte-kamera-im-getarnten-infrarot-thermometer-mit-nachtsicht\\\/#primaryimage\",\"url\":\"https:\\\/\\\/www.ortungsgerate.de\\\/wp-content\\\/uploads\\\/slapta-kamera-termometras.jpg\",\"contentUrl\":\"https:\\\/\\\/www.ortungsgerate.de\\\/wp-content\\\/uploads\\\/slapta-kamera-termometras.jpg\",\"width\":458,\"height\":458,\"caption\":\"versteckte Kamera Thermometer\"},{\"@type\":\"BreadcrumbList\",\"@id\":\"https:\\\/\\\/www.ortungsgerate.de\\\/12-versteckte-kameras\\\/27-wlan-minikameras\\\/versteckte-kamera-im-getarnten-infrarot-thermometer-mit-nachtsicht\\\/#breadcrumb\",\"itemListElement\":[{\"@type\":\"ListItem\",\"position\":1,\"name\":\"Startseite\",\"item\":\"https:\\\/\\\/www.ortungsgerate.de\\\/\"},{\"@type\":\"ListItem\",\"position\":2,\"name\":\"Shop\",\"item\":\"https:\\\/\\\/www.ortungsgerate.de\\\/shop\\\/\"},{\"@type\":\"ListItem\",\"position\":3,\"name\":\"Versteckte Kamera im getarnten Infrarot-Thermometer mit Nachtsicht\"}]},{\"@type\":\"WebSite\",\"@id\":\"https:\\\/\\\/www.ortungsgerate.de\\\/#website\",\"url\":\"https:\\\/\\\/www.ortungsgerate.de\\\/\",\"name\":\"Ortungsgerate.de\",\"description\":\"\",\"publisher\":{\"@id\":\"https:\\\/\\\/www.ortungsgerate.de\\\/#organization\"},\"potentialAction\":[{\"@type\":\"SearchAction\",\"target\":{\"@type\":\"EntryPoint\",\"urlTemplate\":\"https:\\\/\\\/www.ortungsgerate.de\\\/?s={search_term_string}\"},\"query-input\":{\"@type\":\"PropertyValueSpecification\",\"valueRequired\":true,\"valueName\":\"search_term_string\"}}],\"inLanguage\":\"ru-RU\"},{\"@type\":\"Organization\",\"@id\":\"https:\\\/\\\/www.ortungsgerate.de\\\/#organization\",\"name\":\"Ortungsgerate.de\",\"url\":\"https:\\\/\\\/www.ortungsgerate.de\\\/\",\"logo\":{\"@type\":\"ImageObject\",\"inLanguage\":\"ru-RU\",\"@id\":\"https:\\\/\\\/www.ortungsgerate.de\\\/#\\\/schema\\\/logo\\\/image\\\/\",\"url\":\"https:\\\/\\\/www.ortungsgerate.de\\\/wp-content\\\/uploads\\\/ortungsgerate.png\",\"contentUrl\":\"https:\\\/\\\/www.ortungsgerate.de\\\/wp-content\\\/uploads\\\/ortungsgerate.png\",\"width\":500,\"height\":135,\"caption\":\"Ortungsgerate.de\"},\"image\":{\"@id\":\"https:\\\/\\\/www.ortungsgerate.de\\\/#\\\/schema\\\/logo\\\/image\\\/\"}}]}<\/script>\n<!-- \/ Yoast SEO Premium plugin. -->","yoast_head_json":{"title":"Thermometer mit versteckter \u00dcberwachungskamera mit Salz und WLAN","description":"Thermometer mit versteckter Kamera Nachtsicht bis zu 3 Metern M\u00f6glichkeit der Live-Video\u00fcberwachung \u00fcber das Internet Materialien von h\u00f6chster Qualit\u00e4t Kostenloser Versand","robots":{"index":"index","follow":"follow","max-snippet":"max-snippet:-1","max-image-preview":"max-image-preview:large","max-video-preview":"max-video-preview:-1"},"canonical":"https:\/\/www.ortungsgerate.de\/ru\/12-skrytyje-kamery\/27-wlan-mini-kamery\/skrytaya-kamera-v-zamaskirovannom-infrakrasnom-termometre-s-nochnym-videniem\/","og_locale":"ru_RU","og_type":"article","og_title":"Versteckte Kamera im getarnten Infrarot-Thermometer mit Nachtsicht","og_description":"Thermometer mit versteckter Kamera Nachtsicht bis zu 3 Metern M\u00f6glichkeit der Live-Video\u00fcberwachung \u00fcber das Internet Materialien von h\u00f6chster Qualit\u00e4t Kostenloser Versand","og_url":"https:\/\/www.ortungsgerate.de\/ru\/12-skrytyje-kamery\/27-wlan-mini-kamery\/skrytaya-kamera-v-zamaskirovannom-infrakrasnom-termometre-s-nochnym-videniem\/","og_site_name":"Ortungsger\u00e4te.de","article_modified_time":"2025-12-01T10:26:01+00:00","og_image":[{"width":458,"height":458,"url":"https:\/\/www.ortungsgerate.de\/wp-content\/uploads\/slapta-kamera-termometras.jpg","type":"image\/jpeg"}],"twitter_card":"summary_large_image","twitter_misc":{"\u041f\u0440\u0438\u043c\u0435\u0440\u043d\u043e\u0435 \u0432\u0440\u0435\u043c\u044f \u0434\u043b\u044f \u0447\u0442\u0435\u043d\u0438\u044f":"3 \u043c\u0438\u043d\u0443\u0442\u044b"},"schema":{"@context":"https:\/\/schema.org","@graph":[{"@type":"WebPage","@id":"https:\/\/www.ortungsgerate.de\/12-versteckte-kameras\/27-wlan-minikameras\/versteckte-kamera-im-getarnten-infrarot-thermometer-mit-nachtsicht\/","url":"https:\/\/www.ortungsgerate.de\/12-versteckte-kameras\/27-wlan-minikameras\/versteckte-kamera-im-getarnten-infrarot-thermometer-mit-nachtsicht\/","name":"Thermometer mit versteckter \u00dcberwachungskamera mit Salz und WLAN","isPartOf":{"@id":"https:\/\/www.ortungsgerate.de\/#website"},"primaryImageOfPage":{"@id":"https:\/\/www.ortungsgerate.de\/12-versteckte-kameras\/27-wlan-minikameras\/versteckte-kamera-im-getarnten-infrarot-thermometer-mit-nachtsicht\/#primaryimage"},"image":{"@id":"https:\/\/www.ortungsgerate.de\/12-versteckte-kameras\/27-wlan-minikameras\/versteckte-kamera-im-getarnten-infrarot-thermometer-mit-nachtsicht\/#primaryimage"},"thumbnailUrl":"https:\/\/www.ortungsgerate.de\/wp-content\/uploads\/slapta-kamera-termometras.jpg","datePublished":"2024-02-06T19:37:07+00:00","dateModified":"2025-12-01T10:26:01+00:00","description":"Thermometer mit versteckter Kamera Nachtsicht bis zu 3 Metern M\u00f6glichkeit der Live-Video\u00fcberwachung \u00fcber das Internet Materialien von h\u00f6chster Qualit\u00e4t Kostenloser Versand","breadcrumb":{"@id":"https:\/\/www.ortungsgerate.de\/12-versteckte-kameras\/27-wlan-minikameras\/versteckte-kamera-im-getarnten-infrarot-thermometer-mit-nachtsicht\/#breadcrumb"},"inLanguage":"ru-RU","potentialAction":[{"@type":"ReadAction","target":["https:\/\/www.ortungsgerate.de\/12-versteckte-kameras\/27-wlan-minikameras\/versteckte-kamera-im-getarnten-infrarot-thermometer-mit-nachtsicht\/"]}]},{"@type":"ImageObject","inLanguage":"ru-RU","@id":"https:\/\/www.ortungsgerate.de\/12-versteckte-kameras\/27-wlan-minikameras\/versteckte-kamera-im-getarnten-infrarot-thermometer-mit-nachtsicht\/#primaryimage","url":"https:\/\/www.ortungsgerate.de\/wp-content\/uploads\/slapta-kamera-termometras.jpg","contentUrl":"https:\/\/www.ortungsgerate.de\/wp-content\/uploads\/slapta-kamera-termometras.jpg","width":458,"height":458,"caption":"versteckte Kamera Thermometer"},{"@type":"BreadcrumbList","@id":"https:\/\/www.ortungsgerate.de\/12-versteckte-kameras\/27-wlan-minikameras\/versteckte-kamera-im-getarnten-infrarot-thermometer-mit-nachtsicht\/#breadcrumb","itemListElement":[{"@type":"ListItem","position":1,"name":"Startseite","item":"https:\/\/www.ortungsgerate.de\/"},{"@type":"ListItem","position":2,"name":"Shop","item":"https:\/\/www.ortungsgerate.de\/shop\/"},{"@type":"ListItem","position":3,"name":"Versteckte Kamera im getarnten Infrarot-Thermometer mit Nachtsicht"}]},{"@type":"WebSite","@id":"https:\/\/www.ortungsgerate.de\/#website","url":"https:\/\/www.ortungsgerate.de\/","name":"Ortungsgerate.de","description":"","publisher":{"@id":"https:\/\/www.ortungsgerate.de\/#organization"},"potentialAction":[{"@type":"SearchAction","target":{"@type":"EntryPoint","urlTemplate":"https:\/\/www.ortungsgerate.de\/?s={search_term_string}"},"query-input":{"@type":"PropertyValueSpecification","valueRequired":true,"valueName":"search_term_string"}}],"inLanguage":"ru-RU"},{"@type":"Organization","@id":"https:\/\/www.ortungsgerate.de\/#organization","name":"Ortungsgerate.de","url":"https:\/\/www.ortungsgerate.de\/","logo":{"@type":"ImageObject","inLanguage":"ru-RU","@id":"https:\/\/www.ortungsgerate.de\/#\/schema\/logo\/image\/","url":"https:\/\/www.ortungsgerate.de\/wp-content\/uploads\/ortungsgerate.png","contentUrl":"https:\/\/www.ortungsgerate.de\/wp-content\/uploads\/ortungsgerate.png","width":500,"height":135,"caption":"Ortungsgerate.de"},"image":{"@id":"https:\/\/www.ortungsgerate.de\/#\/schema\/logo\/image\/"}}]}},"_links":{"self":[{"href":"https:\/\/www.ortungsgerate.de\/ru\/wp-json\/wp\/v2\/product\/16495","targetHints":{"allow":["GET"]}}],"collection":[{"href":"https:\/\/www.ortungsgerate.de\/ru\/wp-json\/wp\/v2\/product"}],"about":[{"href":"https:\/\/www.ortungsgerate.de\/ru\/wp-json\/wp\/v2\/types\/product"}],"version-history":[{"count":0,"href":"https:\/\/www.ortungsgerate.de\/ru\/wp-json\/wp\/v2\/product\/16495\/revisions"}],"wp:featuredmedia":[{"embeddable":true,"href":"https:\/\/www.ortungsgerate.de\/ru\/wp-json\/wp\/v2\/media\/26404"}],"wp:attachment":[{"href":"https:\/\/www.ortungsgerate.de\/ru\/wp-json\/wp\/v2\/media?parent=16495"}],"wp:term":[{"taxonomy":"brand","embeddable":true,"href":"https:\/\/www.ortungsgerate.de\/ru\/wp-json\/wp\/v2\/etheme_brands?post=16495"},{"taxonomy":"product_brand","embeddable":true,"href":"https:\/\/www.ortungsgerate.de\/ru\/wp-json\/wp\/v2\/product_brand?post=16495"},{"taxonomy":"product_cat","embeddable":true,"href":"https:\/\/www.ortungsgerate.de\/ru\/wp-json\/wp\/v2\/product_cat?post=16495"},{"taxonomy":"product_tag","embeddable":true,"href":"https:\/\/www.ortungsgerate.de\/ru\/wp-json\/wp\/v2\/product_tag?post=16495"}],"curies":[{"name":"wp","href":"https:\/\/api.w.org\/{rel}","templated":true}]}}