{"id":16496,"date":"2024-02-06T21:37:07","date_gmt":"2024-02-06T19:37:07","guid":{"rendered":"https:\/\/ortungsgerate.de\/be-kategorijos\/pro-mini-diktofonas-ypac-mazu-ismatavimu\/"},"modified":"2025-11-26T19:01:36","modified_gmt":"2025-11-26T17:01:36","slug":"pro-mini-diktofon-s-osobenno-malenkimi-razmerami","status":"publish","type":"product","link":"https:\/\/www.ortungsgerate.de\/ru\/13-diktofony-2\/pro-mini-diktofon-s-osobenno-malenkimi-razmerami\/","title":{"rendered":"PRO \u043c\u0438\u043d\u0438-\u0434\u0438\u043a\u0442\u043e\u0444\u043e\u043d \u0441 \u043e\u0441\u043e\u0431\u0435\u043d\u043d\u043e \u043c\u0430\u043b\u0435\u043d\u044c\u043a\u0438\u043c\u0438 \u0440\u0430\u0437\u043c\u0435\u0440\u0430\u043c\u0438"},"content":{"rendered":"<h3><strong>\u0422\u0435\u0445\u043d\u0438\u0447\u0435\u0441\u043a\u0438\u0435 \u043f\u0430\u0440\u0430\u043c\u0435\u0442\u0440\u044b:<\/strong><\/h3>\n<ul>\n<li>Reichweite: bis zu 6-10 m<\/li>\n<li>Aufnahmequalit\u00e4t: 192 kbps 256kbps<\/li>\n<li>Interner Speicher: 8 GB<\/li>\n<li>Betriebszeit: ca. 15 Stunden (nimmt ohne Aufladen auf)<\/li>\n<li>Bei entladener Batterie werden keinerlei Ger\u00e4usche erzeugt<\/li>\n<li>\u0412\u043e\u0437\u043c\u043e\u0436\u043d\u043e\u0441\u0442\u044c \u0440\u0430\u0441\u043f\u043e\u0437\u043d\u0430\u0432\u0430\u043d\u0438\u044f \u0440\u0435\u0447\u0438: \u0414\u0410<\/li>\n<li>Nimmt kontinuierlich Ton auf: JA<\/li>\n<li>\u0424\u043e\u0440\u043c\u0430\u0442 \u0437\u0430\u043f\u0438\u0441\u0438: WAV<\/li>\n<li>\u041f\u043e\u0434\u0434\u0435\u0440\u0436\u0438\u0432\u0430\u0435\u043c\u044b\u0435 \u0441\u0438\u0441\u0442\u0435\u043c\u044b: Windows<\/li>\n<li>Geh\u00e4usegr\u00f6\u00dfe: St\u00e4rke 5 mm x Breite 2,3 mm x L\u00e4nge 43 mm<\/li>\n<li><strong>\u0413\u0410\u0420\u0410\u041d\u0422\u0418\u042f 12 \u043c\u0435\u0441\u044f\u0446\u0435\u0432<\/strong><\/li>\n<\/ul>\n<p><span style=\"color: #d0121a;\"><strong>   <\/strong><\/span><\/p>\n<p>\u0418\u0441\u043f\u043e\u043b\u044c\u0437\u043e\u0432\u0430\u043d\u0438\u0435: \u0414\u043b\u044f \u0432\u0430\u0448\u0435\u0439 \u0441\u043e\u0431\u0441\u0442\u0432\u0435\u043d\u043d\u043e\u0439 \u0431\u0435\u0437\u043e\u043f\u0430\u0441\u043d\u043e\u0441\u0442\u0438 \u0438 \u0431\u0435\u0437\u043e\u043f\u0430\u0441\u043d\u043e\u0441\u0442\u0438 \u0432\u0430\u0448\u0438\u0445 \u0434\u0435\u0442\u0435\u0439.<\/p>\n<p><span lang=\"lt\">Verdeckte Diktierger\u00e4te werden in der Praxis bereits seit geraumer Zeit eingesetzt, und heute hat ihre Popularit\u00e4t stark zugenommen. Das ist wirklich nicht verwunderlich \u2013 Situationen, in denen es notwendig sein kann, eine rechtswidrige T\u00e4tigkeit aufzudecken, kann es tats\u00e4chlich recht viele geben. Ein verstecktes Diktierger\u00e4t kann in bestimmten F\u00e4llen die g\u00fcnstigste Wahl sein \u2013 Sie m\u00fcssen dieses Ger\u00e4t nur richtig verbergen, und Sie k\u00f6nnen v\u00f6llig sicher sein, dass die sich im Raum befindlichen Personen nicht einmal ahnen werden, dass sie abgeh\u00f6rt werden k\u00f6nnten<\/span><\/p>\n<p><b><span lang=\"lt\">Einfache Bedienung<\/span><\/b><\/p>\n<p>Dieses Mini-Diktierger\u00e4t ist \u00e4u\u00dferst klein \u2013 seine Abmessungen betragen nur 2,2 x 4,2 cm, und das Gewicht liegt bei lediglich 9 Gramm, sodass es wirklich nicht allzu schwierig sein wird, es zu verbergen (Sie k\u00f6nnen das Diktierger\u00e4t in der Jacke eines minderj\u00e4hrigen Kindes, in Spielzeugen usw. platzieren).<\/p>\n<p><b><span lang=\"lt\">Gro\u00dfer interner Speicher<\/span><\/b><\/p>\n<p>Ein weiteres wichtiges Merkmal dieses verdeckten Diktierger\u00e4ts ist der gro\u00dfe interne Speicher von ganzen 8 Gigabyte. Wenn das Ger\u00e4t nicht Bild-, sondern ausschlie\u00dflich Tonaufnahmen aufzeichnet, ben\u00f6tigt es keinen sehr gro\u00dfen Speicher, jedoch wird ein ausreichend gro\u00dfes Volumen immer als Vorteil angesehen: Sie m\u00fcssen sich keine Gedanken dar\u00fcber machen, ob im Ger\u00e4t gen\u00fcgend Platz f\u00fcr neue Aufnahmen vorhanden ist, Sie m\u00fcssen keine alten Informationen l\u00f6schen, die m\u00f6glicherweise noch relevant sein k\u00f6nnen usw. Obwohl Sie mit diesem Diktierger\u00e4t eine Vielzahl von Aufnahmen erstellen k\u00f6nnen, wird es dennoch keineswegs schwierig sein, diese auszusortieren, sodass Sie dadurch Zeit sparen.<\/p>\n<p><b><span lang=\"lt\">Hohe Tonqualit\u00e4t<\/span><\/b><\/p>\n<p>Es ist selbstverst\u00e4ndlich, dass stets angestrebt wird, dass die Tonqualit\u00e4t der vom Diktierger\u00e4t aufgezeichneten Audiodateien so gut wie m\u00f6glich ist, daher kann dieses getarnte Diktierger\u00e4t zweifellos eine der besten Optionen sein (seine Tonqualit\u00e4t betr\u00e4gt sogar 192 kbps). Hochwertiger Ton wird selbst dann aufgezeichnet, wenn die sprechende Person etwa 10-20 Meter vom Diktierger\u00e4t entfernt ist, daher ist es \u00fcberhaupt nicht notwendig, dass direkt wie in ein Mikrofon in das Diktierger\u00e4t gesprochen wird. Es reicht v\u00f6llig aus, dass sich das verdeckte Diktierger\u00e4t im selben Raum wie die sprechende Person befindet, und das hilft Ihnen, wirklich hochwertige Aufnahmen zu erstellen. Vorteilhaft ist auch, dass Sie leere Aufnahmen vermeiden k\u00f6nnen \u2013 das verdeckte Diktierger\u00e4t verf\u00fcgt \u00fcber eine Ger\u00e4uscherkennungsfunktion.<\/p>\n<p><b><span lang=\"lt\">Attraktiver Ger\u00e4tepreis<\/span><\/b><\/p>\n<p>Obwohl h\u00e4ufig angenommen wird, dass verdeckte Diktierger\u00e4te einfach unerschwinglich sein k\u00f6nnen, besteht wirklich kein Grund zur Sorge \u2013 dieses verdeckte Ger\u00e4t wird zu einem \u00e4u\u00dferst attraktiven Preis verkauft, sodass dies keine allzu hohen Ausgaben erfordert.<\/p>\n<p><b><span lang=\"lt\">\u00c4u\u00dferst einfache Nutzung<\/span><\/b><\/p>\n<p>Die Nutzung dieses verdeckten Diktierger\u00e4ts ist einfacher als einfach \u2013 Sie k\u00f6nnen mit nur einem Tastendruck mit der Aufzeichnung von Audiodateien beginnen, sodass Sie keineswegs ein gro\u00dfer Technologieexperte sein m\u00fcssen. An die Nutzung dieses verdeckten Diktierger\u00e4ts gew\u00f6hnen sich problemlos Menschen jeden Alters \u2013 selbst dann, wenn sie meinen, dass sie f\u00fcr den Umgang mit modernster Technologie einfach zu alt sind. Wenn also bestimmte Verdachtsmomente hinsichtlich m\u00f6glicher unlauterer Aktivit\u00e4ten aufkommen, wird Ihnen dieses Ger\u00e4t sicherlich dabei helfen, all dies aufzukl\u00e4ren.<\/p>","protected":false},"excerpt":{"rendered":"<p>Technische Parameter: Reichweite: bis zu 6-10 m Aufnahmequalit\u00e4t: 192 kbps 256kbps Interner Speicher: 8 GB Betriebszeit: ca. 15 Stunden (nimmt ohne Aufladen auf) Bei entladener&#8230;<\/p>","protected":false},"featured_media":1641,"template":"","meta":[],"etheme_brands":[],"product_brand":[],"product_cat":[208,207],"product_tag":[695],"class_list":{"0":"post-16496","1":"product","2":"type-product","3":"status-publish","4":"has-post-thumbnail","6":"product_cat-16-abhoergeraete","7":"product_cat-13-diktiergeraete","8":"product_tag-digitaler-diktiergeraet","9":"pa_typ-pro-diktiergeraet","11":"first","12":"instock","13":"taxable","14":"shipping-taxable","15":"purchasable","16":"product-type-simple"},"yoast_head":"<!-- This site is optimized with the Yoast SEO Premium plugin v25.9 (Yoast SEO v27.4) - https:\/\/yoast.com\/product\/yoast-seo-premium-wordpress\/ -->\n<title>Geheimer Diktierger\u00e4t mit Sprachaktivierung 8GB 15 Std Betriebsdauer<\/title>\n<meta name=\"description\" content=\"Pro Slaptas diktofonas ist kompakt und l\u00e4sst sich leicht zwischen Gegenst\u00e4nden oder in der Tasche verbergen. Der Diktofon startet die Audioaufnahme, sobald er Ger\u00e4usche wahrnimmt. Wir garantieren Qualit\u00e4t.\" \/>\n<meta name=\"robots\" content=\"index, follow, max-snippet:-1, max-image-preview:large, max-video-preview:-1\" \/>\n<link rel=\"canonical\" href=\"https:\/\/www.ortungsgerate.de\/ru\/16-proslushivayushcheye-oborudovaniye-2\/pro-mini-diktofon-s-osobenno-malenkimi-razmerami\/\" \/>\n<meta property=\"og:locale\" content=\"ru_RU\" \/>\n<meta property=\"og:type\" content=\"article\" \/>\n<meta property=\"og:title\" content=\"PRO Mini-Diktierger\u00e4t mit besonders kleinen Abmessungen\" \/>\n<meta property=\"og:description\" content=\"Pro Slaptas diktofonas ist kompakt und l\u00e4sst sich leicht zwischen Gegenst\u00e4nden oder in der Tasche verbergen. Der Diktofon startet die Audioaufnahme, sobald er Ger\u00e4usche wahrnimmt. Wir garantieren Qualit\u00e4t.\" \/>\n<meta property=\"og:url\" content=\"https:\/\/www.ortungsgerate.de\/ru\/16-proslushivayushcheye-oborudovaniye-2\/pro-mini-diktofon-s-osobenno-malenkimi-razmerami\/\" \/>\n<meta property=\"og:site_name\" content=\"Ortungsger\u00e4te.de\" \/>\n<meta property=\"article:modified_time\" content=\"2025-11-26T17:01:36+00:00\" \/>\n<meta property=\"og:image\" content=\"https:\/\/www.ortungsgerate.de\/wp-content\/uploads\/pro-mini-diktofonas-ypac-mazu-ismatavimu-15val-veikianti-baterija.jpg\" \/>\n\t<meta property=\"og:image:width\" content=\"1384\" \/>\n\t<meta property=\"og:image:height\" content=\"1380\" \/>\n\t<meta property=\"og:image:type\" content=\"image\/jpeg\" \/>\n<meta name=\"twitter:card\" content=\"summary_large_image\" \/>\n<meta name=\"twitter:label1\" content=\"\u041f\u0440\u0438\u043c\u0435\u0440\u043d\u043e\u0435 \u0432\u0440\u0435\u043c\u044f \u0434\u043b\u044f \u0447\u0442\u0435\u043d\u0438\u044f\" \/>\n\t<meta name=\"twitter:data1\" content=\"3 \u043c\u0438\u043d\u0443\u0442\u044b\" \/>\n<script type=\"application\/ld+json\" class=\"yoast-schema-graph\">{\"@context\":\"https:\\\/\\\/schema.org\",\"@graph\":[{\"@type\":\"WebPage\",\"@id\":\"https:\\\/\\\/www.ortungsgerate.de\\\/16-abhoergeraete\\\/pro-mini-diktiergeraet-mit-besonders-kleinen-abmessungen\\\/\",\"url\":\"https:\\\/\\\/www.ortungsgerate.de\\\/16-abhoergeraete\\\/pro-mini-diktiergeraet-mit-besonders-kleinen-abmessungen\\\/\",\"name\":\"Geheimer Diktierger\u00e4t mit Sprachaktivierung 8GB 15 Std Betriebsdauer\",\"isPartOf\":{\"@id\":\"https:\\\/\\\/www.ortungsgerate.de\\\/#website\"},\"primaryImageOfPage\":{\"@id\":\"https:\\\/\\\/www.ortungsgerate.de\\\/16-abhoergeraete\\\/pro-mini-diktiergeraet-mit-besonders-kleinen-abmessungen\\\/#primaryimage\"},\"image\":{\"@id\":\"https:\\\/\\\/www.ortungsgerate.de\\\/16-abhoergeraete\\\/pro-mini-diktiergeraet-mit-besonders-kleinen-abmessungen\\\/#primaryimage\"},\"thumbnailUrl\":\"https:\\\/\\\/www.ortungsgerate.de\\\/wp-content\\\/uploads\\\/pro-mini-diktofonas-ypac-mazu-ismatavimu-15val-veikianti-baterija.jpg\",\"datePublished\":\"2024-02-06T19:37:07+00:00\",\"dateModified\":\"2025-11-26T17:01:36+00:00\",\"description\":\"Pro Slaptas diktofonas ist kompakt und l\u00e4sst sich leicht zwischen Gegenst\u00e4nden oder in der Tasche verbergen. Der Diktofon startet die Audioaufnahme, sobald er Ger\u00e4usche wahrnimmt. Wir garantieren Qualit\u00e4t.\",\"breadcrumb\":{\"@id\":\"https:\\\/\\\/www.ortungsgerate.de\\\/16-abhoergeraete\\\/pro-mini-diktiergeraet-mit-besonders-kleinen-abmessungen\\\/#breadcrumb\"},\"inLanguage\":\"ru-RU\",\"potentialAction\":[{\"@type\":\"ReadAction\",\"target\":[\"https:\\\/\\\/www.ortungsgerate.de\\\/16-abhoergeraete\\\/pro-mini-diktiergeraet-mit-besonders-kleinen-abmessungen\\\/\"]}]},{\"@type\":\"ImageObject\",\"inLanguage\":\"ru-RU\",\"@id\":\"https:\\\/\\\/www.ortungsgerate.de\\\/16-abhoergeraete\\\/pro-mini-diktiergeraet-mit-besonders-kleinen-abmessungen\\\/#primaryimage\",\"url\":\"https:\\\/\\\/www.ortungsgerate.de\\\/wp-content\\\/uploads\\\/pro-mini-diktofonas-ypac-mazu-ismatavimu-15val-veikianti-baterija.jpg\",\"contentUrl\":\"https:\\\/\\\/www.ortungsgerate.de\\\/wp-content\\\/uploads\\\/pro-mini-diktofonas-ypac-mazu-ismatavimu-15val-veikianti-baterija.jpg\",\"width\":1384,\"height\":1380,\"caption\":\"Kleiner geheimer Diktierger\u00e4t\"},{\"@type\":\"BreadcrumbList\",\"@id\":\"https:\\\/\\\/www.ortungsgerate.de\\\/16-abhoergeraete\\\/pro-mini-diktiergeraet-mit-besonders-kleinen-abmessungen\\\/#breadcrumb\",\"itemListElement\":[{\"@type\":\"ListItem\",\"position\":1,\"name\":\"Startseite\",\"item\":\"https:\\\/\\\/www.ortungsgerate.de\\\/\"},{\"@type\":\"ListItem\",\"position\":2,\"name\":\"Shop\",\"item\":\"https:\\\/\\\/www.ortungsgerate.de\\\/shop\\\/\"},{\"@type\":\"ListItem\",\"position\":3,\"name\":\"PRO Mini-Diktierger\u00e4t mit besonders kleinen Abmessungen\"}]},{\"@type\":\"WebSite\",\"@id\":\"https:\\\/\\\/www.ortungsgerate.de\\\/#website\",\"url\":\"https:\\\/\\\/www.ortungsgerate.de\\\/\",\"name\":\"Ortungsgerate.de\",\"description\":\"\",\"publisher\":{\"@id\":\"https:\\\/\\\/www.ortungsgerate.de\\\/#organization\"},\"potentialAction\":[{\"@type\":\"SearchAction\",\"target\":{\"@type\":\"EntryPoint\",\"urlTemplate\":\"https:\\\/\\\/www.ortungsgerate.de\\\/?s={search_term_string}\"},\"query-input\":{\"@type\":\"PropertyValueSpecification\",\"valueRequired\":true,\"valueName\":\"search_term_string\"}}],\"inLanguage\":\"ru-RU\"},{\"@type\":\"Organization\",\"@id\":\"https:\\\/\\\/www.ortungsgerate.de\\\/#organization\",\"name\":\"Ortungsgerate.de\",\"url\":\"https:\\\/\\\/www.ortungsgerate.de\\\/\",\"logo\":{\"@type\":\"ImageObject\",\"inLanguage\":\"ru-RU\",\"@id\":\"https:\\\/\\\/www.ortungsgerate.de\\\/#\\\/schema\\\/logo\\\/image\\\/\",\"url\":\"https:\\\/\\\/www.ortungsgerate.de\\\/wp-content\\\/uploads\\\/ortungsgerate.png\",\"contentUrl\":\"https:\\\/\\\/www.ortungsgerate.de\\\/wp-content\\\/uploads\\\/ortungsgerate.png\",\"width\":500,\"height\":135,\"caption\":\"Ortungsgerate.de\"},\"image\":{\"@id\":\"https:\\\/\\\/www.ortungsgerate.de\\\/#\\\/schema\\\/logo\\\/image\\\/\"}}]}<\/script>\n<!-- \/ Yoast SEO Premium plugin. -->","yoast_head_json":{"title":"Geheimer Diktierger\u00e4t mit Sprachaktivierung 8GB 15 Std Betriebsdauer","description":"Pro Slaptas diktofonas ist kompakt und l\u00e4sst sich leicht zwischen Gegenst\u00e4nden oder in der Tasche verbergen. Der Diktofon startet die Audioaufnahme, sobald er Ger\u00e4usche wahrnimmt. Wir garantieren Qualit\u00e4t.","robots":{"index":"index","follow":"follow","max-snippet":"max-snippet:-1","max-image-preview":"max-image-preview:large","max-video-preview":"max-video-preview:-1"},"canonical":"https:\/\/www.ortungsgerate.de\/ru\/16-proslushivayushcheye-oborudovaniye-2\/pro-mini-diktofon-s-osobenno-malenkimi-razmerami\/","og_locale":"ru_RU","og_type":"article","og_title":"PRO Mini-Diktierger\u00e4t mit besonders kleinen Abmessungen","og_description":"Pro Slaptas diktofonas ist kompakt und l\u00e4sst sich leicht zwischen Gegenst\u00e4nden oder in der Tasche verbergen. Der Diktofon startet die Audioaufnahme, sobald er Ger\u00e4usche wahrnimmt. Wir garantieren Qualit\u00e4t.","og_url":"https:\/\/www.ortungsgerate.de\/ru\/16-proslushivayushcheye-oborudovaniye-2\/pro-mini-diktofon-s-osobenno-malenkimi-razmerami\/","og_site_name":"Ortungsger\u00e4te.de","article_modified_time":"2025-11-26T17:01:36+00:00","og_image":[{"width":1384,"height":1380,"url":"https:\/\/www.ortungsgerate.de\/wp-content\/uploads\/pro-mini-diktofonas-ypac-mazu-ismatavimu-15val-veikianti-baterija.jpg","type":"image\/jpeg"}],"twitter_card":"summary_large_image","twitter_misc":{"\u041f\u0440\u0438\u043c\u0435\u0440\u043d\u043e\u0435 \u0432\u0440\u0435\u043c\u044f \u0434\u043b\u044f \u0447\u0442\u0435\u043d\u0438\u044f":"3 \u043c\u0438\u043d\u0443\u0442\u044b"},"schema":{"@context":"https:\/\/schema.org","@graph":[{"@type":"WebPage","@id":"https:\/\/www.ortungsgerate.de\/16-abhoergeraete\/pro-mini-diktiergeraet-mit-besonders-kleinen-abmessungen\/","url":"https:\/\/www.ortungsgerate.de\/16-abhoergeraete\/pro-mini-diktiergeraet-mit-besonders-kleinen-abmessungen\/","name":"Geheimer Diktierger\u00e4t mit Sprachaktivierung 8GB 15 Std Betriebsdauer","isPartOf":{"@id":"https:\/\/www.ortungsgerate.de\/#website"},"primaryImageOfPage":{"@id":"https:\/\/www.ortungsgerate.de\/16-abhoergeraete\/pro-mini-diktiergeraet-mit-besonders-kleinen-abmessungen\/#primaryimage"},"image":{"@id":"https:\/\/www.ortungsgerate.de\/16-abhoergeraete\/pro-mini-diktiergeraet-mit-besonders-kleinen-abmessungen\/#primaryimage"},"thumbnailUrl":"https:\/\/www.ortungsgerate.de\/wp-content\/uploads\/pro-mini-diktofonas-ypac-mazu-ismatavimu-15val-veikianti-baterija.jpg","datePublished":"2024-02-06T19:37:07+00:00","dateModified":"2025-11-26T17:01:36+00:00","description":"Pro Slaptas diktofonas ist kompakt und l\u00e4sst sich leicht zwischen Gegenst\u00e4nden oder in der Tasche verbergen. Der Diktofon startet die Audioaufnahme, sobald er Ger\u00e4usche wahrnimmt. Wir garantieren Qualit\u00e4t.","breadcrumb":{"@id":"https:\/\/www.ortungsgerate.de\/16-abhoergeraete\/pro-mini-diktiergeraet-mit-besonders-kleinen-abmessungen\/#breadcrumb"},"inLanguage":"ru-RU","potentialAction":[{"@type":"ReadAction","target":["https:\/\/www.ortungsgerate.de\/16-abhoergeraete\/pro-mini-diktiergeraet-mit-besonders-kleinen-abmessungen\/"]}]},{"@type":"ImageObject","inLanguage":"ru-RU","@id":"https:\/\/www.ortungsgerate.de\/16-abhoergeraete\/pro-mini-diktiergeraet-mit-besonders-kleinen-abmessungen\/#primaryimage","url":"https:\/\/www.ortungsgerate.de\/wp-content\/uploads\/pro-mini-diktofonas-ypac-mazu-ismatavimu-15val-veikianti-baterija.jpg","contentUrl":"https:\/\/www.ortungsgerate.de\/wp-content\/uploads\/pro-mini-diktofonas-ypac-mazu-ismatavimu-15val-veikianti-baterija.jpg","width":1384,"height":1380,"caption":"Kleiner geheimer Diktierger\u00e4t"},{"@type":"BreadcrumbList","@id":"https:\/\/www.ortungsgerate.de\/16-abhoergeraete\/pro-mini-diktiergeraet-mit-besonders-kleinen-abmessungen\/#breadcrumb","itemListElement":[{"@type":"ListItem","position":1,"name":"Startseite","item":"https:\/\/www.ortungsgerate.de\/"},{"@type":"ListItem","position":2,"name":"Shop","item":"https:\/\/www.ortungsgerate.de\/shop\/"},{"@type":"ListItem","position":3,"name":"PRO Mini-Diktierger\u00e4t mit besonders kleinen Abmessungen"}]},{"@type":"WebSite","@id":"https:\/\/www.ortungsgerate.de\/#website","url":"https:\/\/www.ortungsgerate.de\/","name":"Ortungsgerate.de","description":"","publisher":{"@id":"https:\/\/www.ortungsgerate.de\/#organization"},"potentialAction":[{"@type":"SearchAction","target":{"@type":"EntryPoint","urlTemplate":"https:\/\/www.ortungsgerate.de\/?s={search_term_string}"},"query-input":{"@type":"PropertyValueSpecification","valueRequired":true,"valueName":"search_term_string"}}],"inLanguage":"ru-RU"},{"@type":"Organization","@id":"https:\/\/www.ortungsgerate.de\/#organization","name":"Ortungsgerate.de","url":"https:\/\/www.ortungsgerate.de\/","logo":{"@type":"ImageObject","inLanguage":"ru-RU","@id":"https:\/\/www.ortungsgerate.de\/#\/schema\/logo\/image\/","url":"https:\/\/www.ortungsgerate.de\/wp-content\/uploads\/ortungsgerate.png","contentUrl":"https:\/\/www.ortungsgerate.de\/wp-content\/uploads\/ortungsgerate.png","width":500,"height":135,"caption":"Ortungsgerate.de"},"image":{"@id":"https:\/\/www.ortungsgerate.de\/#\/schema\/logo\/image\/"}}]}},"_links":{"self":[{"href":"https:\/\/www.ortungsgerate.de\/ru\/wp-json\/wp\/v2\/product\/16496","targetHints":{"allow":["GET"]}}],"collection":[{"href":"https:\/\/www.ortungsgerate.de\/ru\/wp-json\/wp\/v2\/product"}],"about":[{"href":"https:\/\/www.ortungsgerate.de\/ru\/wp-json\/wp\/v2\/types\/product"}],"version-history":[{"count":0,"href":"https:\/\/www.ortungsgerate.de\/ru\/wp-json\/wp\/v2\/product\/16496\/revisions"}],"wp:featuredmedia":[{"embeddable":true,"href":"https:\/\/www.ortungsgerate.de\/ru\/wp-json\/wp\/v2\/media\/1641"}],"wp:attachment":[{"href":"https:\/\/www.ortungsgerate.de\/ru\/wp-json\/wp\/v2\/media?parent=16496"}],"wp:term":[{"taxonomy":"brand","embeddable":true,"href":"https:\/\/www.ortungsgerate.de\/ru\/wp-json\/wp\/v2\/etheme_brands?post=16496"},{"taxonomy":"product_brand","embeddable":true,"href":"https:\/\/www.ortungsgerate.de\/ru\/wp-json\/wp\/v2\/product_brand?post=16496"},{"taxonomy":"product_cat","embeddable":true,"href":"https:\/\/www.ortungsgerate.de\/ru\/wp-json\/wp\/v2\/product_cat?post=16496"},{"taxonomy":"product_tag","embeddable":true,"href":"https:\/\/www.ortungsgerate.de\/ru\/wp-json\/wp\/v2\/product_tag?post=16496"}],"curies":[{"name":"wp","href":"https:\/\/api.w.org\/{rel}","templated":true}]}}