{"id":16497,"date":"2024-02-06T21:37:51","date_gmt":"2024-02-06T19:37:51","guid":{"rendered":"https:\/\/ortungsgerate.de\/be-kategorijos\/4g-kamera-galima-naudoti-lauke-su-naktiniu-matymu\/"},"modified":"2025-11-26T19:01:36","modified_gmt":"2025-11-26T17:01:36","slug":"4g-kamera-dlya-naruzhnogo-ispolzovaniya-s-nochnym-videniem","status":"publish","type":"product","link":"https:\/\/www.ortungsgerate.de\/ru\/12-skrytyje-kamery\/27-wlan-mini-kamery\/4g-kamera-dlya-naruzhnogo-ispolzovaniya-s-nochnym-videniem\/","title":{"rendered":"4G \u043a\u0430\u043c\u0435\u0440\u0430 \u0434\u043b\u044f \u043d\u0430\u0440\u0443\u0436\u043d\u043e\u0433\u043e \u0438\u0441\u043f\u043e\u043b\u044c\u0437\u043e\u0432\u0430\u043d\u0438\u044f \u0441 \u043d\u043e\u0447\u043d\u044b\u043c \u0432\u0438\u0434\u0435\u043d\u0438\u0435\u043c"},"content":{"rendered":"<h3>\u0422\u0435\u0445\u043d\u0438\u0447\u0435\u0441\u043a\u0438\u0435<strong>\u00a0\u043f\u0430\u0440\u0430\u043c\u0435\u0442\u0440\u044b:<\/strong><\/h3>\n<ul>\n<li>Fernansicht: JA<\/li>\n<li>\u0418\u0437\u043e\u0431\u0440\u0430\u0436\u0435\u043d\u0438\u0435 \u0437\u0430\u043f\u0438\u0441\u044b\u0432\u0430\u0435\u0442\u0441\u044f \u0441\u043e \u0437\u0432\u0443\u043a\u043e\u043c<\/li>\n<li>Videoqualit\u00e4t: Vorschau: FULL HD1080P,<\/li>\n<li>Live-Ansicht m\u00f6glich \u00fcber: Telefon, Computer und Tablet<\/li>\n<li>\u041e\u043f\u0442\u0438\u043a\u0430: 3,7 \u043c\u043c<\/li>\n<li>Benachrichtigungen aufs Telefon: Ja<\/li>\n<li>\u0421\u043b\u043e\u0442 \u0434\u043b\u044f SIM-\u043a\u0430\u0440\u0442\u044b: \u0414\u0430<\/li>\n<li>Nachtsicht-Aufnahmefunktion: Ja<\/li>\n<li>\u0420\u0435\u0436\u0438\u043c \u043e\u0431\u043d\u0430\u0440\u0443\u0436\u0435\u043d\u0438\u044f \u0434\u0432\u0438\u0436\u0435\u043d\u0438\u044f: \u0414\u0410 (\u0446\u0438\u0444\u0440\u043e\u0432\u043e\u0439)<\/li>\n<li>\u0423\u0433\u043e\u043b \u043e\u0431\u0437\u043e\u0440\u0430: 90 \u00b0<\/li>\n<li>Unterst\u00fctzte Karte:\u00a0bis zu 128 GB (Karte nicht enthalten)<\/li>\n<li>\u0424\u043e\u0440\u043c\u0430\u0442 \u0441\u0436\u0430\u0442\u0438\u044f: AVI H.264<\/li>\n<li>Unterst\u00fctzte Systeme: \u201eiOS\u201c \u201eAndroid\u201c \u201eWindows\u201c (\u201eWindows 7\u201c \u201eWindows 8\u201c \u201eWindows 10\u201c)<\/li>\n<li>\u041f\u0440\u0438\u043b\u043e\u0436\u0435\u043d\u0438\u0435 \u0434\u043b\u044f \u043c\u043e\u0431\u0438\u043b\u044c\u043d\u044b\u0445 \u0443\u0441\u0442\u0440\u043e\u0439\u0441\u0442\u0432: \u0414\u0430<\/li>\n<li>Stromversorgungsarten:\u00a0 \u00a0(24-12 V) (geeignet f\u00fcr Pkw oder Schwerlasttechnik)<\/li>\n<li>Wi-Fi:\u00a0Ja<\/li>\n<li>\u0423\u043f\u0440\u0430\u0432\u043b\u0435\u043d\u0438\u0435 \u0437\u0430\u043f\u0438\u0441\u044c\u044e: \u0441 \u043b\u044e\u0431\u043e\u0433\u043e \u0443\u043c\u043d\u043e\u0433\u043e \u0443\u0441\u0442\u0440\u043e\u0439\u0441\u0442\u0432\u0430 (\u0442\u0435\u043b\u0435\u0444\u043e\u043d, \u043a\u043e\u043c\u043f\u044c\u044e\u0442\u0435\u0440 \u0438\u043b\u0438 \u043f\u043b\u0430\u043d\u0448\u0435\u0442).<\/li>\n<li>\u0413\u0430\u0440\u0430\u043d\u0442\u0438\u044f 12 \u043c\u0435\u0441\u044f\u0446\u0435\u0432<\/li>\n<\/ul>\n<p><strong>\u00a0Solche Kameras k\u00f6nnen Sie auf Polizeifahrzeugen sehen (hinten auf dem Dach)<\/strong><\/p>\n<p><strong>4G\u00a0\u00a0Videoaufzeichnungskamera<\/strong><\/p>\n<p>Die Gew\u00e4hrleistung der Sicherheit ist f\u00fcr jeden von uns wichtig, daher ist es nicht verwunderlich, dass der Einsatz von \u00dcberwachungskameras immer beliebter wird. Die Einsatzm\u00f6glichkeiten von \u00dcberwachungskameras sind sehr breit: Sie k\u00f6nnen n\u00fctzlich sein, wenn man \u00fcberwachen m\u00f6chte, was im Innen- oder Au\u00dfenbereich der R\u00e4umlichkeiten geschieht. Manchmal wird angestrebt, dass die Kamera so unauff\u00e4llig wie m\u00f6glich oder sogar getarnt ist, daher kann ein Rauchmelder mit versteckter 3G\/4G-Kamera eine wirklich vorteilhafte Wahl sein. Diese Kamera kann praktisch in jedem Raum eingesetzt werden, sie kann in ein Fahrzeug eingebaut werden (z. B. in einen Lkw oder eine andere Schwerlasttechnik).<\/p>\n<p><strong>F\u00fcr die Kamera sind alle\u00a0SIM-Karten geeignet<\/strong><\/p>\n<p>In letzter Zeit sto\u00dfen Kameras, die mit SIM-Karten arbeiten, auf immer gr\u00f6\u00dferes Interesse: Die Nutzung solcher Kameras ist sehr einfach und bequem. Es gen\u00fcgt, eine SIM-Karte eines bestimmten Anbieters zu w\u00e4hlen, und schon bald k\u00f6nnen Sie mit der Aufzeichnung von Videoaufnahmen beginnen. Der Rauchmelder mit versteckter 3G\/4G-Kamera kann sogar an Orten verwendet werden, an denen es keine Wi-Fi-Verbindung gibt \u2013 wichtig ist lediglich, dass der gew\u00e4hlte SIM-Karten-Anbieter die Nutzung von mobilem Internet sicherstellt.<\/p>\n<p><strong>\u041f\u0440\u043e\u0441\u0442\u043e\u0435 \u0432\u0432\u0435\u0434\u0435\u043d\u0438\u0435 \u043a\u0430\u043c\u0435\u0440\u044b \u0432 \u044d\u043a\u0441\u043f\u043b\u0443\u0430\u0442\u0430\u0446\u0438\u044e<\/strong><\/p>\n<p>Es besteht wirklich kein Grund zur Sorge, dass die Nutzung der Kamera eine zu lange Analyse der Anleitung erfordert: Es gen\u00fcgt, die SIM-Karte des gew\u00e4hlten Anbieters einzusetzen, und schon bald k\u00f6nnen Sie alle Vorteile der Kamera nutzen.<\/p>\n<p><strong>\u041d\u0435\u043e\u0433\u0440\u0430\u043d\u0438\u0447\u0435\u043d\u043d\u044b\u0439 \u0440\u0430\u0434\u0438\u0443\u0441 \u0434\u0435\u0439\u0441\u0442\u0432\u0438\u044f<\/strong><\/p>\n<p>Die 4G-Kamera \u00fcberzeugt auch dadurch, dass ihre Reichweite unbegrenzt ist: Ganz gleich, wo Sie sich befinden, Sie k\u00f6nnen sich jederzeit mit der App verbinden und nachsehen, was aktuell in dem von Ihnen \u00fcberwachten Raum geschieht. Die aufgezeichneten Bilder k\u00f6nnen Sie von jedem Ort der Welt aus verfolgen, sodass Sie sich keine Sorgen machen m\u00fcssen, w\u00e4hrend des Urlaubs in anderen L\u00e4ndern etwas Wichtiges zu verpassen.<\/p>\n<p><strong>Bewegungserkennungsfunktion<\/strong><\/p>\n<p>Nat\u00fcrlich hat niemand die Zeit, die aufgezeichneten Videoaufnahmen st\u00e4ndig zu verfolgen, daher ist es sinnvoll, versteckte Kameras mit Bewegungserkennungsfunktion zu w\u00e4hlen. Wenn Sie sich f\u00fcr einen Rauchmelder mit versteckter 4G-Kamera entscheiden, k\u00f6nnen Sie Benachrichtigungen erhalten, sobald in dem Raum eine Bewegung erkannt wird: Sie m\u00fcssen nicht st\u00e4ndig kontrollieren, ob im Moment etwas geschieht, und k\u00f6nnen dadurch wirklich viel Zeit sparen.<\/p>\n<p><strong>M\u00f6glichkeit, eine Speicherkarte mit gro\u00dfer Kapazit\u00e4t zu w\u00e4hlen<\/strong><\/p>\n<p>Bei der Auswahl einer \u00dcberwachungskamera wird h\u00e4ufig auch die maximale unterst\u00fctzte Speicherkapazit\u00e4t der Speicherkarte zu einem wichtigen Kriterium. Der Rauchmelder mit versteckter 3G\/4G-Kamera unterst\u00fctzt MicroSD-Karten mit bis zu 128 Gigabyte, was die M\u00f6glichkeit bietet, wirklich gro\u00dfe Mengen an Videoaufnahmen zu speichern, die sp\u00e4ter auf einen Computer \u00fcbertragen werden k\u00f6nnen.<\/p>","protected":false},"excerpt":{"rendered":"<p>Technische\u00a0Parameter: Fernansicht: JA Bild wird mit Ton aufgezeichnet Videoqualit\u00e4t: Vorschau: FULL HD1080P, Live-Ansicht m\u00f6glich \u00fcber: Telefon, Computer und Tablet Optik: 3,7 mm Benachrichtigungen aufs Telefon:&#8230;<\/p>","protected":false},"featured_media":26463,"template":"","meta":[],"etheme_brands":[],"product_brand":[],"product_cat":[219,203,205],"product_tag":[687,739,705,690,691,693],"class_list":{"0":"post-16497","1":"product","2":"type-product","3":"status-publish","4":"has-post-thumbnail","6":"product_cat-30-4g-kameras","7":"product_cat-12-versteckte-kameras","8":"product_cat-27-wlan-minikameras","9":"product_tag-kamera-zur-ueberwachung","10":"product_tag-spionagekamera","11":"product_tag-ueberwachungskamera","12":"product_tag-versteckte-kamera","13":"product_tag-versteckte-ueberwachungskamera","14":"product_tag-wlan-kamera","15":"pa_typ-jagd-outdoor","17":"first","18":"instock","19":"taxable","20":"shipping-taxable","21":"purchasable","22":"product-type-simple"},"yoast_head":"<!-- This site is optimized with the Yoast SEO Premium plugin v25.9 (Yoast SEO v27.4) - https:\/\/yoast.com\/product\/yoast-seo-premium-wordpress\/ -->\n<title>4G Au\u00dfenkamera mit SIM-Karte (kann im Auto verwendet werden)<\/title>\n<meta name=\"description\" content=\"4G Kamera mit SIM Karte, hohe Bildqualit\u00e4t, M\u00f6glichkeit zur Live-\u00dcberwachung des Videos, Nachtsicht bis zu 15 Metern, Kamera f\u00fcr den Einsatz sowohl in Innenr\u00e4umen als auch im Au\u00dfenbereich geeignet\" \/>\n<meta name=\"robots\" content=\"index, follow, max-snippet:-1, max-image-preview:large, max-video-preview:-1\" \/>\n<link rel=\"canonical\" href=\"https:\/\/www.ortungsgerate.de\/ru\/12-skrytyje-kamery\/30-4g-kamery-2\/4g-kamera-dlya-naruzhnogo-ispolzovaniya-s-nochnym-videniem\/\" \/>\n<meta property=\"og:locale\" content=\"ru_RU\" \/>\n<meta property=\"og:type\" content=\"article\" \/>\n<meta property=\"og:title\" content=\"4G Kamera f\u00fcr den Au\u00dfeneinsatz mit Nachtsicht\" \/>\n<meta property=\"og:description\" content=\"4G Kamera mit SIM Karte, hohe Bildqualit\u00e4t, M\u00f6glichkeit zur Live-\u00dcberwachung des Videos, Nachtsicht bis zu 15 Metern, Kamera f\u00fcr den Einsatz sowohl in Innenr\u00e4umen als auch im Au\u00dfenbereich geeignet\" \/>\n<meta property=\"og:url\" content=\"https:\/\/www.ortungsgerate.de\/ru\/12-skrytyje-kamery\/30-4g-kamery-2\/4g-kamera-dlya-naruzhnogo-ispolzovaniya-s-nochnym-videniem\/\" \/>\n<meta property=\"og:site_name\" content=\"Ortungsger\u00e4te.de\" \/>\n<meta property=\"article:modified_time\" content=\"2025-11-26T17:01:36+00:00\" \/>\n<meta property=\"og:image\" content=\"https:\/\/www.ortungsgerate.de\/wp-content\/uploads\/4g-kamera-su-sim-kortele-automobiliui.jpg\" \/>\n\t<meta property=\"og:image:width\" content=\"458\" \/>\n\t<meta property=\"og:image:height\" content=\"458\" \/>\n\t<meta property=\"og:image:type\" content=\"image\/jpeg\" \/>\n<meta name=\"twitter:card\" content=\"summary_large_image\" \/>\n<meta name=\"twitter:label1\" content=\"\u041f\u0440\u0438\u043c\u0435\u0440\u043d\u043e\u0435 \u0432\u0440\u0435\u043c\u044f \u0434\u043b\u044f \u0447\u0442\u0435\u043d\u0438\u044f\" \/>\n\t<meta name=\"twitter:data1\" content=\"3 \u043c\u0438\u043d\u0443\u0442\u044b\" \/>\n<script type=\"application\/ld+json\" class=\"yoast-schema-graph\">{\"@context\":\"https:\\\/\\\/schema.org\",\"@graph\":[{\"@type\":\"WebPage\",\"@id\":\"https:\\\/\\\/www.ortungsgerate.de\\\/12-versteckte-kameras\\\/30-4g-kameras\\\/4g-kamera-fuer-den-ausseneinsatz-mit-nachtsicht\\\/\",\"url\":\"https:\\\/\\\/www.ortungsgerate.de\\\/12-versteckte-kameras\\\/30-4g-kameras\\\/4g-kamera-fuer-den-ausseneinsatz-mit-nachtsicht\\\/\",\"name\":\"4G Au\u00dfenkamera mit SIM-Karte (kann im Auto verwendet werden)\",\"isPartOf\":{\"@id\":\"https:\\\/\\\/www.ortungsgerate.de\\\/#website\"},\"primaryImageOfPage\":{\"@id\":\"https:\\\/\\\/www.ortungsgerate.de\\\/12-versteckte-kameras\\\/30-4g-kameras\\\/4g-kamera-fuer-den-ausseneinsatz-mit-nachtsicht\\\/#primaryimage\"},\"image\":{\"@id\":\"https:\\\/\\\/www.ortungsgerate.de\\\/12-versteckte-kameras\\\/30-4g-kameras\\\/4g-kamera-fuer-den-ausseneinsatz-mit-nachtsicht\\\/#primaryimage\"},\"thumbnailUrl\":\"https:\\\/\\\/www.ortungsgerate.de\\\/wp-content\\\/uploads\\\/4g-kamera-su-sim-kortele-automobiliui.jpg\",\"datePublished\":\"2024-02-06T19:37:51+00:00\",\"dateModified\":\"2025-11-26T17:01:36+00:00\",\"description\":\"4G Kamera mit SIM Karte, hohe Bildqualit\u00e4t, M\u00f6glichkeit zur Live-\u00dcberwachung des Videos, Nachtsicht bis zu 15 Metern, Kamera f\u00fcr den Einsatz sowohl in Innenr\u00e4umen als auch im Au\u00dfenbereich geeignet\",\"breadcrumb\":{\"@id\":\"https:\\\/\\\/www.ortungsgerate.de\\\/12-versteckte-kameras\\\/30-4g-kameras\\\/4g-kamera-fuer-den-ausseneinsatz-mit-nachtsicht\\\/#breadcrumb\"},\"inLanguage\":\"ru-RU\",\"potentialAction\":[{\"@type\":\"ReadAction\",\"target\":[\"https:\\\/\\\/www.ortungsgerate.de\\\/12-versteckte-kameras\\\/30-4g-kameras\\\/4g-kamera-fuer-den-ausseneinsatz-mit-nachtsicht\\\/\"]}]},{\"@type\":\"ImageObject\",\"inLanguage\":\"ru-RU\",\"@id\":\"https:\\\/\\\/www.ortungsgerate.de\\\/12-versteckte-kameras\\\/30-4g-kameras\\\/4g-kamera-fuer-den-ausseneinsatz-mit-nachtsicht\\\/#primaryimage\",\"url\":\"https:\\\/\\\/www.ortungsgerate.de\\\/wp-content\\\/uploads\\\/4g-kamera-su-sim-kortele-automobiliui.jpg\",\"contentUrl\":\"https:\\\/\\\/www.ortungsgerate.de\\\/wp-content\\\/uploads\\\/4g-kamera-su-sim-kortele-automobiliui.jpg\",\"width\":458,\"height\":458,\"caption\":\"4G Kamera mit SIM-Karte f\u00fcr das Auto\"},{\"@type\":\"BreadcrumbList\",\"@id\":\"https:\\\/\\\/www.ortungsgerate.de\\\/12-versteckte-kameras\\\/30-4g-kameras\\\/4g-kamera-fuer-den-ausseneinsatz-mit-nachtsicht\\\/#breadcrumb\",\"itemListElement\":[{\"@type\":\"ListItem\",\"position\":1,\"name\":\"Startseite\",\"item\":\"https:\\\/\\\/www.ortungsgerate.de\\\/\"},{\"@type\":\"ListItem\",\"position\":2,\"name\":\"Shop\",\"item\":\"https:\\\/\\\/www.ortungsgerate.de\\\/shop\\\/\"},{\"@type\":\"ListItem\",\"position\":3,\"name\":\"4G Kamera f\u00fcr den Au\u00dfeneinsatz mit Nachtsicht\"}]},{\"@type\":\"WebSite\",\"@id\":\"https:\\\/\\\/www.ortungsgerate.de\\\/#website\",\"url\":\"https:\\\/\\\/www.ortungsgerate.de\\\/\",\"name\":\"Ortungsgerate.de\",\"description\":\"\",\"publisher\":{\"@id\":\"https:\\\/\\\/www.ortungsgerate.de\\\/#organization\"},\"potentialAction\":[{\"@type\":\"SearchAction\",\"target\":{\"@type\":\"EntryPoint\",\"urlTemplate\":\"https:\\\/\\\/www.ortungsgerate.de\\\/?s={search_term_string}\"},\"query-input\":{\"@type\":\"PropertyValueSpecification\",\"valueRequired\":true,\"valueName\":\"search_term_string\"}}],\"inLanguage\":\"ru-RU\"},{\"@type\":\"Organization\",\"@id\":\"https:\\\/\\\/www.ortungsgerate.de\\\/#organization\",\"name\":\"Ortungsgerate.de\",\"url\":\"https:\\\/\\\/www.ortungsgerate.de\\\/\",\"logo\":{\"@type\":\"ImageObject\",\"inLanguage\":\"ru-RU\",\"@id\":\"https:\\\/\\\/www.ortungsgerate.de\\\/#\\\/schema\\\/logo\\\/image\\\/\",\"url\":\"https:\\\/\\\/www.ortungsgerate.de\\\/wp-content\\\/uploads\\\/ortungsgerate.png\",\"contentUrl\":\"https:\\\/\\\/www.ortungsgerate.de\\\/wp-content\\\/uploads\\\/ortungsgerate.png\",\"width\":500,\"height\":135,\"caption\":\"Ortungsgerate.de\"},\"image\":{\"@id\":\"https:\\\/\\\/www.ortungsgerate.de\\\/#\\\/schema\\\/logo\\\/image\\\/\"}}]}<\/script>\n<!-- \/ Yoast SEO Premium plugin. -->","yoast_head_json":{"title":"4G Au\u00dfenkamera mit SIM-Karte (kann im Auto verwendet werden)","description":"4G Kamera mit SIM Karte, hohe Bildqualit\u00e4t, M\u00f6glichkeit zur Live-\u00dcberwachung des Videos, Nachtsicht bis zu 15 Metern, Kamera f\u00fcr den Einsatz sowohl in Innenr\u00e4umen als auch im Au\u00dfenbereich geeignet","robots":{"index":"index","follow":"follow","max-snippet":"max-snippet:-1","max-image-preview":"max-image-preview:large","max-video-preview":"max-video-preview:-1"},"canonical":"https:\/\/www.ortungsgerate.de\/ru\/12-skrytyje-kamery\/30-4g-kamery-2\/4g-kamera-dlya-naruzhnogo-ispolzovaniya-s-nochnym-videniem\/","og_locale":"ru_RU","og_type":"article","og_title":"4G Kamera f\u00fcr den Au\u00dfeneinsatz mit Nachtsicht","og_description":"4G Kamera mit SIM Karte, hohe Bildqualit\u00e4t, M\u00f6glichkeit zur Live-\u00dcberwachung des Videos, Nachtsicht bis zu 15 Metern, Kamera f\u00fcr den Einsatz sowohl in Innenr\u00e4umen als auch im Au\u00dfenbereich geeignet","og_url":"https:\/\/www.ortungsgerate.de\/ru\/12-skrytyje-kamery\/30-4g-kamery-2\/4g-kamera-dlya-naruzhnogo-ispolzovaniya-s-nochnym-videniem\/","og_site_name":"Ortungsger\u00e4te.de","article_modified_time":"2025-11-26T17:01:36+00:00","og_image":[{"width":458,"height":458,"url":"https:\/\/www.ortungsgerate.de\/wp-content\/uploads\/4g-kamera-su-sim-kortele-automobiliui.jpg","type":"image\/jpeg"}],"twitter_card":"summary_large_image","twitter_misc":{"\u041f\u0440\u0438\u043c\u0435\u0440\u043d\u043e\u0435 \u0432\u0440\u0435\u043c\u044f \u0434\u043b\u044f \u0447\u0442\u0435\u043d\u0438\u044f":"3 \u043c\u0438\u043d\u0443\u0442\u044b"},"schema":{"@context":"https:\/\/schema.org","@graph":[{"@type":"WebPage","@id":"https:\/\/www.ortungsgerate.de\/12-versteckte-kameras\/30-4g-kameras\/4g-kamera-fuer-den-ausseneinsatz-mit-nachtsicht\/","url":"https:\/\/www.ortungsgerate.de\/12-versteckte-kameras\/30-4g-kameras\/4g-kamera-fuer-den-ausseneinsatz-mit-nachtsicht\/","name":"4G Au\u00dfenkamera mit SIM-Karte (kann im Auto verwendet werden)","isPartOf":{"@id":"https:\/\/www.ortungsgerate.de\/#website"},"primaryImageOfPage":{"@id":"https:\/\/www.ortungsgerate.de\/12-versteckte-kameras\/30-4g-kameras\/4g-kamera-fuer-den-ausseneinsatz-mit-nachtsicht\/#primaryimage"},"image":{"@id":"https:\/\/www.ortungsgerate.de\/12-versteckte-kameras\/30-4g-kameras\/4g-kamera-fuer-den-ausseneinsatz-mit-nachtsicht\/#primaryimage"},"thumbnailUrl":"https:\/\/www.ortungsgerate.de\/wp-content\/uploads\/4g-kamera-su-sim-kortele-automobiliui.jpg","datePublished":"2024-02-06T19:37:51+00:00","dateModified":"2025-11-26T17:01:36+00:00","description":"4G Kamera mit SIM Karte, hohe Bildqualit\u00e4t, M\u00f6glichkeit zur Live-\u00dcberwachung des Videos, Nachtsicht bis zu 15 Metern, Kamera f\u00fcr den Einsatz sowohl in Innenr\u00e4umen als auch im Au\u00dfenbereich geeignet","breadcrumb":{"@id":"https:\/\/www.ortungsgerate.de\/12-versteckte-kameras\/30-4g-kameras\/4g-kamera-fuer-den-ausseneinsatz-mit-nachtsicht\/#breadcrumb"},"inLanguage":"ru-RU","potentialAction":[{"@type":"ReadAction","target":["https:\/\/www.ortungsgerate.de\/12-versteckte-kameras\/30-4g-kameras\/4g-kamera-fuer-den-ausseneinsatz-mit-nachtsicht\/"]}]},{"@type":"ImageObject","inLanguage":"ru-RU","@id":"https:\/\/www.ortungsgerate.de\/12-versteckte-kameras\/30-4g-kameras\/4g-kamera-fuer-den-ausseneinsatz-mit-nachtsicht\/#primaryimage","url":"https:\/\/www.ortungsgerate.de\/wp-content\/uploads\/4g-kamera-su-sim-kortele-automobiliui.jpg","contentUrl":"https:\/\/www.ortungsgerate.de\/wp-content\/uploads\/4g-kamera-su-sim-kortele-automobiliui.jpg","width":458,"height":458,"caption":"4G Kamera mit SIM-Karte f\u00fcr das Auto"},{"@type":"BreadcrumbList","@id":"https:\/\/www.ortungsgerate.de\/12-versteckte-kameras\/30-4g-kameras\/4g-kamera-fuer-den-ausseneinsatz-mit-nachtsicht\/#breadcrumb","itemListElement":[{"@type":"ListItem","position":1,"name":"Startseite","item":"https:\/\/www.ortungsgerate.de\/"},{"@type":"ListItem","position":2,"name":"Shop","item":"https:\/\/www.ortungsgerate.de\/shop\/"},{"@type":"ListItem","position":3,"name":"4G Kamera f\u00fcr den Au\u00dfeneinsatz mit Nachtsicht"}]},{"@type":"WebSite","@id":"https:\/\/www.ortungsgerate.de\/#website","url":"https:\/\/www.ortungsgerate.de\/","name":"Ortungsgerate.de","description":"","publisher":{"@id":"https:\/\/www.ortungsgerate.de\/#organization"},"potentialAction":[{"@type":"SearchAction","target":{"@type":"EntryPoint","urlTemplate":"https:\/\/www.ortungsgerate.de\/?s={search_term_string}"},"query-input":{"@type":"PropertyValueSpecification","valueRequired":true,"valueName":"search_term_string"}}],"inLanguage":"ru-RU"},{"@type":"Organization","@id":"https:\/\/www.ortungsgerate.de\/#organization","name":"Ortungsgerate.de","url":"https:\/\/www.ortungsgerate.de\/","logo":{"@type":"ImageObject","inLanguage":"ru-RU","@id":"https:\/\/www.ortungsgerate.de\/#\/schema\/logo\/image\/","url":"https:\/\/www.ortungsgerate.de\/wp-content\/uploads\/ortungsgerate.png","contentUrl":"https:\/\/www.ortungsgerate.de\/wp-content\/uploads\/ortungsgerate.png","width":500,"height":135,"caption":"Ortungsgerate.de"},"image":{"@id":"https:\/\/www.ortungsgerate.de\/#\/schema\/logo\/image\/"}}]}},"_links":{"self":[{"href":"https:\/\/www.ortungsgerate.de\/ru\/wp-json\/wp\/v2\/product\/16497","targetHints":{"allow":["GET"]}}],"collection":[{"href":"https:\/\/www.ortungsgerate.de\/ru\/wp-json\/wp\/v2\/product"}],"about":[{"href":"https:\/\/www.ortungsgerate.de\/ru\/wp-json\/wp\/v2\/types\/product"}],"version-history":[{"count":0,"href":"https:\/\/www.ortungsgerate.de\/ru\/wp-json\/wp\/v2\/product\/16497\/revisions"}],"wp:featuredmedia":[{"embeddable":true,"href":"https:\/\/www.ortungsgerate.de\/ru\/wp-json\/wp\/v2\/media\/26463"}],"wp:attachment":[{"href":"https:\/\/www.ortungsgerate.de\/ru\/wp-json\/wp\/v2\/media?parent=16497"}],"wp:term":[{"taxonomy":"brand","embeddable":true,"href":"https:\/\/www.ortungsgerate.de\/ru\/wp-json\/wp\/v2\/etheme_brands?post=16497"},{"taxonomy":"product_brand","embeddable":true,"href":"https:\/\/www.ortungsgerate.de\/ru\/wp-json\/wp\/v2\/product_brand?post=16497"},{"taxonomy":"product_cat","embeddable":true,"href":"https:\/\/www.ortungsgerate.de\/ru\/wp-json\/wp\/v2\/product_cat?post=16497"},{"taxonomy":"product_tag","embeddable":true,"href":"https:\/\/www.ortungsgerate.de\/ru\/wp-json\/wp\/v2\/product_tag?post=16497"}],"curies":[{"name":"wp","href":"https:\/\/api.w.org\/{rel}","templated":true}]}}