{"id":16498,"date":"2024-02-06T21:38:11","date_gmt":"2024-02-06T19:38:11","guid":{"rendered":"https:\/\/ortungsgerate.de\/be-kategorijos\/mini-kamera-su-naktyniu-matymu-full-hd-vaizdas\/"},"modified":"2025-11-26T19:01:36","modified_gmt":"2025-11-26T17:01:36","slug":"mini-kamera-s-nochnym-videniem-full-hd-izobrazhenie-2","status":"publish","type":"product","link":"https:\/\/www.ortungsgerate.de\/ru\/12-skrytyje-kamery\/17-zamaskirovanyje-kamery\/mini-kamera-s-nochnym-videniem-full-hd-izobrazhenie-2\/","title":{"rendered":"\u041c\u0438\u043d\u0438 \u043a\u0430\u043c\u0435\u0440\u0430 \u0441 \u043d\u043e\u0447\u043d\u044b\u043c \u0432\u0438\u0434\u0435\u043d\u0438\u0435\u043c FULL HD \u0438\u0437\u043e\u0431\u0440\u0430\u0436\u0435\u043d\u0438\u0435"},"content":{"rendered":"<h3>\u0422\u0435\u0445\u043d\u0438\u0447\u0435\u0441\u043a\u0438\u0435<strong>\u00a0\u043f\u0430\u0440\u0430\u043c\u0435\u0442\u0440\u044b:<\/strong><\/h3>\n<ul>\n<li>Fernansicht: JA<\/li>\n<li>Mit Nachtsicht<\/li>\n<li>\u0418\u0437\u043e\u0431\u0440\u0430\u0436\u0435\u043d\u0438\u0435 \u0437\u0430\u043f\u0438\u0441\u044b\u0432\u0430\u0435\u0442\u0441\u044f \u0441\u043e \u0437\u0432\u0443\u043a\u043e\u043c<\/li>\n<li>Videoqualit\u00e4t:\u00a0 FULL HD1080P,<\/li>\n<li>Aufnahmen k\u00f6nnen angesehen werden: mit Telefon, Computer und Tablet<\/li>\n<li>Aufnahmedauer mit Batterie: ca. 3\u20134 Stunden (Sie k\u00f6nnen einen Akku mit gr\u00f6\u00dferer Kapazit\u00e4t verwenden), z. B. Powerbank Nachaufnahmefunktion: KEINE<\/li>\n<li>\u0420\u0435\u0436\u0438\u043c \u043e\u0431\u043d\u0430\u0440\u0443\u0436\u0435\u043d\u0438\u044f \u0434\u0432\u0438\u0436\u0435\u043d\u0438\u044f: \u0414\u0410 (\u0446\u0438\u0444\u0440\u043e\u0432\u043e\u0439)<\/li>\n<li>\u0423\u0433\u043e\u043b \u043e\u0431\u0437\u043e\u0440\u0430: 110 \u00b0<\/li>\n<li>Unterst\u00fctzte Karte: 8\u2013128\u00a0GB (Karte nicht im Lieferumfang)<\/li>\n<li>1 Std. Videoaufnahme belegt 310 m<\/li>\n<li>\u0424\u043e\u0440\u043c\u0430\u0442 \u0441\u0436\u0430\u0442\u0438\u044f: AVI H.264<\/li>\n<li>\u041f\u043e\u0434\u0434\u0435\u0440\u0436\u0438\u0432\u0430\u0435\u043c\u044b\u0435 \u0441\u0438\u0441\u0442\u0435\u043c\u044b: \u201eiOS\u201c \u201eAndroid\u201c \u201eWindows\u201c<\/li>\n<li>\u041f\u0440\u0438\u043b\u043e\u0436\u0435\u043d\u0438\u044f: Android \/ iPhone<\/li>\n<li>Stromversorgung: Akku oder\u00a0Netzstrom\u00a0(z. B. Ladeger\u00e4t eines Mobiltelefons)<\/li>\n<li>Wi-Fi-Schnittstelle: IEEE802.11 b \/ g \/ n<\/li>\n<li>Akkukapazit\u00e4t: 4000 mAh<\/li>\n<li>\u0414\u043b\u0438\u043d\u0430 \u043b\u0435\u043d\u0442\u044b: 10 \u0441\u043c<\/li>\n<li>Geh\u00e4useabmessungen: 50 mm x 32 mm x 12 mm<\/li>\n<li>Aufnahmesteuerung: \u00a0mit jedem Smart-Ger\u00e4t (Telefon, Computer oder Tablet).<\/li>\n<li><strong>Garantie 24 Monate<\/strong><\/li>\n<\/ul>\n<p>\u0418\u0441\u043f\u043e\u043b\u044c\u0437\u043e\u0432\u0430\u043d\u0438\u0435: \u0414\u043b\u044f \u0432\u0430\u0448\u0435\u0439 \u0441\u043e\u0431\u0441\u0442\u0432\u0435\u043d\u043d\u043e\u0439 \u0431\u0435\u0437\u043e\u043f\u0430\u0441\u043d\u043e\u0441\u0442\u0438 \u0438 \u0431\u0435\u0437\u043e\u043f\u0430\u0441\u043d\u043e\u0441\u0442\u0438 \u0432\u0430\u0448\u0438\u0445 \u0434\u0435\u0442\u0435\u0439.<\/p>\n<p><span style=\"color: #d0121a;\"><strong>Wenn Sie eine schnelle Lieferung am selben Tag  ben\u00f6tigen  <\/strong><\/span><\/p>\n<p><strong>\u00a0WIFI HD VERSTECKTE MINI-KAMERA<\/strong><\/p>\n<p>Die miniaturisierte versteckte Kamera mit flexiblem Band eignet sich hervorragend zur Bildaufzeichnung in R\u00e4umen verschiedenster Art (B\u00fcros, Hotels usw.). Dieses kleine Ger\u00e4t l\u00e4sst sich m\u00fchelos an Stellen verbergen, an denen herk\u00f6mmliche Spionagekameras entdeckt w\u00fcrden \u2013 z. B. in Vasen, zwischen B\u00fcchern oder anderen Gegenst\u00e4nden im Raum \u2013 und erm\u00f6glicht Aufnahmen aus sehr kurzer Distanz. Der recht leistungsstarke Kameraakku (Kapazit\u00e4t 4000 mAh) erm\u00f6glicht eine ununterbrochene Aufzeichnung von bis zu 3 Stunden, und bei Anschluss der versteckten Kamera an eine Steckdose ist die Betriebsdauer unbegrenzt.<br \/>\nDie von der Kamera aufgezeichneten Bilder k\u00f6nnen von jedem Ort der Welt aus betrachtet werden \u2013 es gen\u00fcgt, eine Verbindung zu einem drahtlosen Internetnetzwerk herzustellen. Die versteckte Kamera Wifi Full HD ist einfach zu bedienen und zu installieren. In der Verpackung ist eine Produktanleitung enthalten. Dies ist eine der einfachsten und zuverl\u00e4ssigsten M\u00f6glichkeiten, Bilder verdeckt aufzuzeichnen.<\/p>\n<p><strong>LIVE-VIDEO\u00dcBERWACHUNG<\/strong><\/p>\n<p>Mit dieser Videokamera haben Sie unbegrenzte M\u00f6glichkeiten, das aufgenommene Bild in Echtzeit zu \u00fcberwachen. Die Live-Ansicht ist auf dem Bildschirm jedes Smart-Ger\u00e4tes sichtbar: Desktop- oder Tablet-Computer, Mobiltelefon. Nach dem Anschluss an ein Internetnetzwerk (Zugang \u00fcber LTE, 3G oder WiFi) k\u00f6nnen diese \u00dcbertragungen von jedem Winkel der Welt aus beobachtet werden (Bilder k\u00f6nnen auch au\u00dferhalb der Live-\u00dcbertragung angesehen werden, indem die Aufzeichnungsfunktion genutzt wird \u2013 in diesem Fall werden die aufgezeichneten Sequenzen in den Speicher des ausgew\u00e4hlten Ger\u00e4tes oder auf die Speicherkarte (MicroSD) \u00fcbertragen.<br \/>\nDie versteckte Kamera\u00a0bietet Komfort bei der \u00dcberwachung und eine \u00e4u\u00dferst einfache Art der Tarnung. Die vom Ger\u00e4t aufgezeichneten Bilder k\u00f6nnen in sehr hoher Qualit\u00e4t (1080P FULL HD) betrachtet werden, und die \u00e4u\u00dferst geringe Gr\u00f6\u00dfe ist eine Garantie f\u00fcr absolute Diskretion. Sie k\u00f6nnen v\u00f6llig unbemerkt Text auf Papier oder auf einem Computerbildschirm filmen.<\/p>\n<p><strong>LANGZEITAUFZEICHNUNG<\/strong><\/p>\n<p>Diese versteckte Kamera zeichnet Bilder in zwei Modi auf: mit Batteriebetrieb oder mit Netzstrom aus der Steckdose. Die Kapazit\u00e4t des integrierten Akkus betr\u00e4gt 4000 mAh, was f\u00fcr etwa 3\u20134 Stunden Videoaufzeichnung ausreicht. Es kann auch eine externe Batterie angeschlossen und verwendet werden, um die Aufnahmedauer der versteckten Kamera zu verl\u00e4ngern. Bei Anschluss der Kamera an eine Steckdose ist die Aufzeichnungsdauer v\u00f6llig unbegrenzt. Jede Stunde Videoaufzeichnung belegt etwa\u00a0350 MB auf der Speicherkarte.<\/p>\n<p><strong>MINI-KAMERA MIT\u00a0HOCHWERTIGEM BILD<\/strong><\/p>\n<p>Das von der versteckten Mini-Kamera aufgezeichnete Bild ist von sehr hoher FULL-HD-Qualit\u00e4t. Die Bildparameter k\u00f6nnen angepasst werden. F\u00fcr die h\u00f6chste Bildqualit\u00e4t ist eine Entfernung von 5 Metern am besten geeignet, aber die Kamera eignet sich auch hervorragend f\u00fcr Aufnahmen aus gr\u00f6\u00dferer Entfernung (10\u201315 Meter). Versteckte Kameras k\u00f6nnen je nach Bedarf in R\u00e4umen jeder Art eingesetzt werden (es gibt mehrere Videoaufzeichnungsfunktionen: Filmen, Fotografieren und Start der Video\u00fcberwachung bei erkannter Bewegung im Raum).<\/p>\n<p><strong>\u00dcBERWACHUNG BEI BEWEGUNGSERFASSUNG<\/strong><\/p>\n<p>Bei dieser Art von versteckten Kameras kann die Bewegungskontrollfunktion aktiviert werden, bei der die Videoaufzeichnung erst beginnt, wenn sich im Raum etwas bewegt. Zur Aktivierung dieser Funktion werden die Programme \u201eProicam\u201c und \u201eP2PliveCAM\u201c verwendet, die die Aktivierung des automatischen Videoaufzeichnungsmodus erm\u00f6glichen. Der gr\u00f6\u00dfte Vorteil der Bewegungskontrollfunktion besteht darin, dass leere Sequenzen in der Videoaufnahme vermieden werden. Au\u00dferdem wird der Speicher des Ger\u00e4tes oder der Karte nicht unn\u00f6tig beansprucht. Ist dieser voll, werden neu aufgezeichnete Bilder anstelle der \u00e4lteren gespeichert.<\/p>\n<p><strong>VIDEOAUFNAHMEFUNKTIONEN<\/strong><\/p>\n<p>Die versteckte Kamera\u00a0\u00a0zeichnet das Bild in mehreren Modi auf: bei Bewegungserkennung, zu einer festgelegten Zeit oder kontinuierlich (ohne Unterbrechung). Die Steuerung der versteckten Kamera und die Auswahl der Aufzeichnungsfunktionen kann auch aus der Ferne erfolgen. Wenn die Funktion gew\u00e4hlt wird, bei der die Aufzeichnung bei Bewegungserkennung gestartet wird, k\u00f6nnen Benachrichtigungen \u00fcber die Erkennung und den Beginn der Aufzeichnung gesendet werden.<\/p>\n<p><strong>ZUVERL\u00c4SSIGER BETRIEB UND EINFACHE BEDIENUNG<\/strong><\/p>\n<p>Damit versteckte Kameras ihre Funktionen rund um die Uhr zuverl\u00e4ssig erf\u00fcllen und St\u00f6rungen ihren Betrieb nicht beeintr\u00e4chtigen, sind spezielle Technologien integriert, die das Ger\u00e4t vor \u00dcberhitzung sch\u00fctzen. Aus diesem Grund sammelt sich keine W\u00e4rme im Ger\u00e4t an, wodurch ein reibungsloser Betrieb der versteckten Kamera selbst bei 24-Stunden-Dauerbetrieb gew\u00e4hrleistet ist. Diese Kameras erf\u00fcllen nicht nur ihre Funktionen hervorragend, sondern sind auch \u00e4u\u00dferst einfach zu warten und zu bedienen.\u00a0Die aufgezeichneten Videos k\u00f6nnen mit einem mitgef\u00fchrten Computer oder Mobiltelefon angesehen werden \u2013 alles, was Sie tun m\u00fcssen, ist, eine Verbindung zu einem drahtlosen Internetnetzwerk herzustellen, und schon nach wenigen Augenblicken sehen Sie die Live-\u00dcbertragung auf dem Bildschirm (f\u00fcr die Bild\u00fcberwachung werden Apps ben\u00f6tigt, die kostenlos in den beliebten \u201eGoogle Play\u201c oder \u201eAppstore\u201c heruntergeladen werden k\u00f6nnen).<\/p>\n<p><strong>SPEICHERUNG DER AUFNAHMEN AUF DEM COMPUTER<\/strong><\/p>\n<p>Die von der versteckten Kamera aufgezeichneten Videos k\u00f6nnen auf einem Computer gespeichert werden (unter Verwendung des Speichers des Computers selbst) oder auf einer Speicherkarte (die Kamera\u00a0unterst\u00fctzt eine \u201eMicroSD\u201c-Speicherkarte, die jedoch nicht im Set enthalten ist). Die aufgezeichneten und gespeicherten Bilder k\u00f6nnen gleichzeitig von mehreren Benutzern eingesehen werden (bis zu 32 Ger\u00e4te k\u00f6nnen auf die Wiedergabe zugreifen).<\/p>\n<p><strong>M\u00d6GLICHKEIT DER \u00dcBERWACHUNG PER MOBILTELEFON<\/strong><\/p>\n<p>Die Steuerung der versteckten Kamera oder das Ansehen der Aufnahmen per Mobiltelefon ist ebenfalls sehr einfach und komfortabel. Die M\u00f6glichkeit, die Bilder zu \u00fcberwachen, wird leicht aktiviert und kann \u00fcberall dort genutzt werden, wo Sie sich befinden (es besteht die M\u00f6glichkeit, gleichzeitig Aufnahmen von vier versteckten Kameras zu betrachten). Wenn die Kamera im Bewegungserkennungsmodus arbeitet, k\u00f6nnen Warnmeldungen \u00fcber die Erfassung an das Mobiltelefon gesendet werden.<\/p>\n<div class=\"iframe-container\"><\/div>","protected":false},"excerpt":{"rendered":"<p>Technische\u00a0Parameter: Fernansicht: JA Mit Nachtsicht Bild wird mit Ton aufgezeichnet Videoqualit\u00e4t:\u00a0 FULL HD1080P, Aufnahmen k\u00f6nnen angesehen werden: mit Telefon, Computer und Tablet Aufnahmedauer mit Batterie:&#8230;<\/p>","protected":false},"featured_media":26396,"template":"","meta":[],"etheme_brands":[],"product_brand":[],"product_cat":[204,203,205],"product_tag":[687,739,705,690,691,693],"class_list":{"0":"post-16498","1":"product","2":"type-product","3":"status-publish","4":"has-post-thumbnail","6":"product_cat-17-getarnte-kameras","7":"product_cat-12-versteckte-kameras","8":"product_cat-27-wlan-minikameras","9":"product_tag-kamera-zur-ueberwachung","10":"product_tag-spionagekamera","11":"product_tag-ueberwachungskamera","12":"product_tag-versteckte-kamera","13":"product_tag-versteckte-ueberwachungskamera","14":"product_tag-wlan-kamera","15":"pa_typ-mini-kameras","17":"first","18":"instock","19":"taxable","20":"shipping-taxable","21":"purchasable","22":"product-type-simple"},"yoast_head":"<!-- This site is optimized with the Yoast SEO Premium plugin v25.9 (Yoast SEO v27.4) - https:\/\/yoast.com\/product\/yoast-seo-premium-wordpress\/ -->\n<title>Mini Kamera mit Nachtsicht Bild in hoher Qualit\u00e4t mit WI FI<\/title>\n<meta name=\"description\" content=\"Besonders kleine, verdeckte Mini Kamera mit Wi-Fi, M\u00f6glichkeit der Fern\u00fcberwachung des Bildes. Videoaufzeichnung mit Ton, Nachtsicht. Niedriger Preis \u2013 RABATTE\" \/>\n<meta name=\"robots\" content=\"index, follow, max-snippet:-1, max-image-preview:large, max-video-preview:-1\" \/>\n<link rel=\"canonical\" href=\"https:\/\/ortungsgerate.de\/12-slaptos-kameros\/\" \/>\n<meta property=\"og:locale\" content=\"ru_RU\" \/>\n<meta property=\"og:type\" content=\"article\" \/>\n<meta property=\"og:title\" content=\"Mini Kamera mit Nachtsicht FULL HD Bild\" \/>\n<meta property=\"og:description\" content=\"Besonders kleine, verdeckte Mini Kamera mit Wi-Fi, M\u00f6glichkeit der Fern\u00fcberwachung des Bildes. Videoaufzeichnung mit Ton, Nachtsicht. Niedriger Preis \u2013 RABATTE\" \/>\n<meta property=\"og:url\" content=\"https:\/\/ortungsgerate.de\/12-slaptos-kameros\/\" \/>\n<meta property=\"og:site_name\" content=\"Ortungsger\u00e4te.de\" \/>\n<meta property=\"article:modified_time\" content=\"2025-11-26T17:01:36+00:00\" \/>\n<meta property=\"og:image\" content=\"https:\/\/www.ortungsgerate.de\/wp-content\/uploads\/mini-kamera-su-naktiniu-matymu.jpg\" \/>\n\t<meta property=\"og:image:width\" content=\"789\" \/>\n\t<meta property=\"og:image:height\" content=\"782\" \/>\n\t<meta property=\"og:image:type\" content=\"image\/jpeg\" \/>\n<meta name=\"twitter:card\" content=\"summary_large_image\" \/>\n<meta name=\"twitter:label1\" content=\"\u041f\u0440\u0438\u043c\u0435\u0440\u043d\u043e\u0435 \u0432\u0440\u0435\u043c\u044f \u0434\u043b\u044f \u0447\u0442\u0435\u043d\u0438\u044f\" \/>\n\t<meta name=\"twitter:data1\" content=\"5 \u043c\u0438\u043d\u0443\u0442\" \/>\n<script type=\"application\/ld+json\" class=\"yoast-schema-graph\">{\"@context\":\"https:\\\/\\\/schema.org\",\"@graph\":[{\"@type\":\"WebPage\",\"@id\":\"https:\\\/\\\/www.ortungsgerate.de\\\/12-versteckte-kameras\\\/27-wlan-minikameras\\\/mini-kamera-mit-nachtsicht-full-hd-bild\\\/\",\"url\":\"https:\\\/\\\/ortungsgerate.de\\\/12-slaptos-kameros\\\/\",\"name\":\"Mini Kamera mit Nachtsicht Bild in hoher Qualit\u00e4t mit WI FI\",\"isPartOf\":{\"@id\":\"https:\\\/\\\/www.ortungsgerate.de\\\/#website\"},\"primaryImageOfPage\":{\"@id\":\"https:\\\/\\\/ortungsgerate.de\\\/12-slaptos-kameros\\\/#primaryimage\"},\"image\":{\"@id\":\"https:\\\/\\\/ortungsgerate.de\\\/12-slaptos-kameros\\\/#primaryimage\"},\"thumbnailUrl\":\"https:\\\/\\\/www.ortungsgerate.de\\\/wp-content\\\/uploads\\\/mini-kamera-su-naktiniu-matymu.jpg\",\"datePublished\":\"2024-02-06T19:38:11+00:00\",\"dateModified\":\"2025-11-26T17:01:36+00:00\",\"description\":\"Besonders kleine, verdeckte Mini Kamera mit Wi-Fi, M\u00f6glichkeit der Fern\u00fcberwachung des Bildes. Videoaufzeichnung mit Ton, Nachtsicht. Niedriger Preis \u2013 RABATTE\",\"breadcrumb\":{\"@id\":\"https:\\\/\\\/ortungsgerate.de\\\/12-slaptos-kameros\\\/#breadcrumb\"},\"inLanguage\":\"ru-RU\",\"potentialAction\":[{\"@type\":\"ReadAction\",\"target\":[\"https:\\\/\\\/ortungsgerate.de\\\/12-slaptos-kameros\\\/\"]}]},{\"@type\":\"ImageObject\",\"inLanguage\":\"ru-RU\",\"@id\":\"https:\\\/\\\/ortungsgerate.de\\\/12-slaptos-kameros\\\/#primaryimage\",\"url\":\"https:\\\/\\\/www.ortungsgerate.de\\\/wp-content\\\/uploads\\\/mini-kamera-su-naktiniu-matymu.jpg\",\"contentUrl\":\"https:\\\/\\\/www.ortungsgerate.de\\\/wp-content\\\/uploads\\\/mini-kamera-su-naktiniu-matymu.jpg\",\"width\":789,\"height\":782,\"caption\":\"Mini-Kamera mit Nachtsicht\"},{\"@type\":\"BreadcrumbList\",\"@id\":\"https:\\\/\\\/ortungsgerate.de\\\/12-slaptos-kameros\\\/#breadcrumb\",\"itemListElement\":[{\"@type\":\"ListItem\",\"position\":1,\"name\":\"Startseite\",\"item\":\"https:\\\/\\\/www.ortungsgerate.de\\\/\"},{\"@type\":\"ListItem\",\"position\":2,\"name\":\"Shop\",\"item\":\"https:\\\/\\\/www.ortungsgerate.de\\\/shop\\\/\"},{\"@type\":\"ListItem\",\"position\":3,\"name\":\"Mini Kamera mit Nachtsicht FULL HD Bild\"}]},{\"@type\":\"WebSite\",\"@id\":\"https:\\\/\\\/www.ortungsgerate.de\\\/#website\",\"url\":\"https:\\\/\\\/www.ortungsgerate.de\\\/\",\"name\":\"Ortungsgerate.de\",\"description\":\"\",\"publisher\":{\"@id\":\"https:\\\/\\\/www.ortungsgerate.de\\\/#organization\"},\"potentialAction\":[{\"@type\":\"SearchAction\",\"target\":{\"@type\":\"EntryPoint\",\"urlTemplate\":\"https:\\\/\\\/www.ortungsgerate.de\\\/?s={search_term_string}\"},\"query-input\":{\"@type\":\"PropertyValueSpecification\",\"valueRequired\":true,\"valueName\":\"search_term_string\"}}],\"inLanguage\":\"ru-RU\"},{\"@type\":\"Organization\",\"@id\":\"https:\\\/\\\/www.ortungsgerate.de\\\/#organization\",\"name\":\"Ortungsgerate.de\",\"url\":\"https:\\\/\\\/www.ortungsgerate.de\\\/\",\"logo\":{\"@type\":\"ImageObject\",\"inLanguage\":\"ru-RU\",\"@id\":\"https:\\\/\\\/www.ortungsgerate.de\\\/#\\\/schema\\\/logo\\\/image\\\/\",\"url\":\"https:\\\/\\\/www.ortungsgerate.de\\\/wp-content\\\/uploads\\\/ortungsgerate.png\",\"contentUrl\":\"https:\\\/\\\/www.ortungsgerate.de\\\/wp-content\\\/uploads\\\/ortungsgerate.png\",\"width\":500,\"height\":135,\"caption\":\"Ortungsgerate.de\"},\"image\":{\"@id\":\"https:\\\/\\\/www.ortungsgerate.de\\\/#\\\/schema\\\/logo\\\/image\\\/\"}}]}<\/script>\n<!-- \/ Yoast SEO Premium plugin. -->","yoast_head_json":{"title":"Mini Kamera mit Nachtsicht Bild in hoher Qualit\u00e4t mit WI FI","description":"Besonders kleine, verdeckte Mini Kamera mit Wi-Fi, M\u00f6glichkeit der Fern\u00fcberwachung des Bildes. Videoaufzeichnung mit Ton, Nachtsicht. Niedriger Preis \u2013 RABATTE","robots":{"index":"index","follow":"follow","max-snippet":"max-snippet:-1","max-image-preview":"max-image-preview:large","max-video-preview":"max-video-preview:-1"},"canonical":"https:\/\/ortungsgerate.de\/12-slaptos-kameros\/","og_locale":"ru_RU","og_type":"article","og_title":"Mini Kamera mit Nachtsicht FULL HD Bild","og_description":"Besonders kleine, verdeckte Mini Kamera mit Wi-Fi, M\u00f6glichkeit der Fern\u00fcberwachung des Bildes. Videoaufzeichnung mit Ton, Nachtsicht. Niedriger Preis \u2013 RABATTE","og_url":"https:\/\/ortungsgerate.de\/12-slaptos-kameros\/","og_site_name":"Ortungsger\u00e4te.de","article_modified_time":"2025-11-26T17:01:36+00:00","og_image":[{"width":789,"height":782,"url":"https:\/\/www.ortungsgerate.de\/wp-content\/uploads\/mini-kamera-su-naktiniu-matymu.jpg","type":"image\/jpeg"}],"twitter_card":"summary_large_image","twitter_misc":{"\u041f\u0440\u0438\u043c\u0435\u0440\u043d\u043e\u0435 \u0432\u0440\u0435\u043c\u044f \u0434\u043b\u044f \u0447\u0442\u0435\u043d\u0438\u044f":"5 \u043c\u0438\u043d\u0443\u0442"},"schema":{"@context":"https:\/\/schema.org","@graph":[{"@type":"WebPage","@id":"https:\/\/www.ortungsgerate.de\/12-versteckte-kameras\/27-wlan-minikameras\/mini-kamera-mit-nachtsicht-full-hd-bild\/","url":"https:\/\/ortungsgerate.de\/12-slaptos-kameros\/","name":"Mini Kamera mit Nachtsicht Bild in hoher Qualit\u00e4t mit WI FI","isPartOf":{"@id":"https:\/\/www.ortungsgerate.de\/#website"},"primaryImageOfPage":{"@id":"https:\/\/ortungsgerate.de\/12-slaptos-kameros\/#primaryimage"},"image":{"@id":"https:\/\/ortungsgerate.de\/12-slaptos-kameros\/#primaryimage"},"thumbnailUrl":"https:\/\/www.ortungsgerate.de\/wp-content\/uploads\/mini-kamera-su-naktiniu-matymu.jpg","datePublished":"2024-02-06T19:38:11+00:00","dateModified":"2025-11-26T17:01:36+00:00","description":"Besonders kleine, verdeckte Mini Kamera mit Wi-Fi, M\u00f6glichkeit der Fern\u00fcberwachung des Bildes. Videoaufzeichnung mit Ton, Nachtsicht. Niedriger Preis \u2013 RABATTE","breadcrumb":{"@id":"https:\/\/ortungsgerate.de\/12-slaptos-kameros\/#breadcrumb"},"inLanguage":"ru-RU","potentialAction":[{"@type":"ReadAction","target":["https:\/\/ortungsgerate.de\/12-slaptos-kameros\/"]}]},{"@type":"ImageObject","inLanguage":"ru-RU","@id":"https:\/\/ortungsgerate.de\/12-slaptos-kameros\/#primaryimage","url":"https:\/\/www.ortungsgerate.de\/wp-content\/uploads\/mini-kamera-su-naktiniu-matymu.jpg","contentUrl":"https:\/\/www.ortungsgerate.de\/wp-content\/uploads\/mini-kamera-su-naktiniu-matymu.jpg","width":789,"height":782,"caption":"Mini-Kamera mit Nachtsicht"},{"@type":"BreadcrumbList","@id":"https:\/\/ortungsgerate.de\/12-slaptos-kameros\/#breadcrumb","itemListElement":[{"@type":"ListItem","position":1,"name":"Startseite","item":"https:\/\/www.ortungsgerate.de\/"},{"@type":"ListItem","position":2,"name":"Shop","item":"https:\/\/www.ortungsgerate.de\/shop\/"},{"@type":"ListItem","position":3,"name":"Mini Kamera mit Nachtsicht FULL HD Bild"}]},{"@type":"WebSite","@id":"https:\/\/www.ortungsgerate.de\/#website","url":"https:\/\/www.ortungsgerate.de\/","name":"Ortungsgerate.de","description":"","publisher":{"@id":"https:\/\/www.ortungsgerate.de\/#organization"},"potentialAction":[{"@type":"SearchAction","target":{"@type":"EntryPoint","urlTemplate":"https:\/\/www.ortungsgerate.de\/?s={search_term_string}"},"query-input":{"@type":"PropertyValueSpecification","valueRequired":true,"valueName":"search_term_string"}}],"inLanguage":"ru-RU"},{"@type":"Organization","@id":"https:\/\/www.ortungsgerate.de\/#organization","name":"Ortungsgerate.de","url":"https:\/\/www.ortungsgerate.de\/","logo":{"@type":"ImageObject","inLanguage":"ru-RU","@id":"https:\/\/www.ortungsgerate.de\/#\/schema\/logo\/image\/","url":"https:\/\/www.ortungsgerate.de\/wp-content\/uploads\/ortungsgerate.png","contentUrl":"https:\/\/www.ortungsgerate.de\/wp-content\/uploads\/ortungsgerate.png","width":500,"height":135,"caption":"Ortungsgerate.de"},"image":{"@id":"https:\/\/www.ortungsgerate.de\/#\/schema\/logo\/image\/"}}]}},"_links":{"self":[{"href":"https:\/\/www.ortungsgerate.de\/ru\/wp-json\/wp\/v2\/product\/16498","targetHints":{"allow":["GET"]}}],"collection":[{"href":"https:\/\/www.ortungsgerate.de\/ru\/wp-json\/wp\/v2\/product"}],"about":[{"href":"https:\/\/www.ortungsgerate.de\/ru\/wp-json\/wp\/v2\/types\/product"}],"version-history":[{"count":0,"href":"https:\/\/www.ortungsgerate.de\/ru\/wp-json\/wp\/v2\/product\/16498\/revisions"}],"wp:featuredmedia":[{"embeddable":true,"href":"https:\/\/www.ortungsgerate.de\/ru\/wp-json\/wp\/v2\/media\/26396"}],"wp:attachment":[{"href":"https:\/\/www.ortungsgerate.de\/ru\/wp-json\/wp\/v2\/media?parent=16498"}],"wp:term":[{"taxonomy":"brand","embeddable":true,"href":"https:\/\/www.ortungsgerate.de\/ru\/wp-json\/wp\/v2\/etheme_brands?post=16498"},{"taxonomy":"product_brand","embeddable":true,"href":"https:\/\/www.ortungsgerate.de\/ru\/wp-json\/wp\/v2\/product_brand?post=16498"},{"taxonomy":"product_cat","embeddable":true,"href":"https:\/\/www.ortungsgerate.de\/ru\/wp-json\/wp\/v2\/product_cat?post=16498"},{"taxonomy":"product_tag","embeddable":true,"href":"https:\/\/www.ortungsgerate.de\/ru\/wp-json\/wp\/v2\/product_tag?post=16498"}],"curies":[{"name":"wp","href":"https:\/\/api.w.org\/{rel}","templated":true}]}}