{"id":16499,"date":"2024-02-06T21:38:11","date_gmt":"2024-02-06T19:38:11","guid":{"rendered":"https:\/\/ortungsgerate.de\/be-kategorijos\/automobilio-raktas-su-diktofonu-8gb-20-val-iraso-nepakraunant\/"},"modified":"2025-11-26T19:01:36","modified_gmt":"2025-11-26T17:01:36","slug":"avtoklyuch-s-diktofonom-8gb-20-chasov-zapisi-bez-podzaryadki","status":"publish","type":"product","link":"https:\/\/www.ortungsgerate.de\/ru\/13-diktofony-2\/avtoklyuch-s-diktofonom-8gb-20-chasov-zapisi-bez-podzaryadki\/","title":{"rendered":"\u0410\u0432\u0442\u043e\u043a\u043b\u044e\u0447 \u0441 \u0434\u0438\u043a\u0442\u043e\u0444\u043e\u043d\u043e\u043c 8\u0413\u0411 20 \u0447\u0430\u0441\u043e\u0432 \u0437\u0430\u043f\u0438\u0441\u0438 \u0431\u0435\u0437 \u043f\u043e\u0434\u0437\u0430\u0440\u044f\u0434\u043a\u0438"},"content":{"rendered":"<h3>TECHNISCHE PARAMETER<\/h3>\n<ul>\n<li>Reichweite: ca. 8 m \u2013 15 m<\/li>\n<li>\u041d\u0435 \u0438\u0437\u0434\u0430\u0435\u0442 \u043d\u0438\u043a\u0430\u043a\u0438\u0445 \u0437\u0432\u0443\u043a\u043e\u0432<\/li>\n<li>Aufnahmequalit\u00e4t: 192 kbps<\/li>\n<li>Aufnahme wird durch Ger\u00e4usch ab 50 dB aktiviert<\/li>\n<li>Interner Speicher: 8 GB<\/li>\n<li>Betriebszeit: ca. 20 Std.<\/li>\n<li>Spracherkennungsfunktion: JA<\/li>\n<li>Aufnahmeformat: 100 mAh<\/li>\n<li>System: \u201eWindows\u201c \/ \u201eMacOS\u201c<\/li>\n<li>Ger\u00e4tegr\u00f6\u00dfe: Standard-Autoschl\u00fcssel<\/li>\n<li>Gewicht: 20 g<\/li>\n<li><strong>\u0413\u0410\u0420\u0410\u041d\u0422\u0418\u042f 12 \u043c\u0435\u0441\u044f\u0446\u0435\u0432<\/strong><\/li>\n<\/ul>\n<p><span style=\"color: #d0121a;\"><\/span><\/p>\n<p>Einsatzbereich: Zum Schutz Ihrer selbst und Ihrer Kinder.<\/p>\n<p><strong>Verwenden Sie den Rekorder genau dann, wenn Sie ihn ben\u00f6tigen<\/strong><\/p>\n<p>Es ist selbstverst\u00e4ndlich, dass jeder von uns seine Schl\u00fcssel bei sich tr\u00e4gt, daher ist ein Schl\u00fcsselanh\u00e4nger mit verstecktem Rekorder ebenfalls immer griffbereit. Sie k\u00f6nnen den Rekorder sowohl bei geplanten Eins\u00e4tzen als auch dann nutzen, wenn Gespr\u00e4che v\u00f6llig unerwartet aufgezeichnet werden m\u00fcssen. Wenn Menschen wissen, dass ihre Gespr\u00e4che aufgezeichnet werden, verhalten sie sich nie so wie gewohnt. Ganz anders ist es jedoch, wenn ein verdecktes Ger\u00e4t verwendet wird \u2013 so lassen sich die gew\u00fcnschten Informationen diskret erfassen. Optisch unterscheidet sich der Schl\u00fcsselanh\u00e4nger mit Rekorder in keiner Weise von anderen h\u00e4ufig verwendeten Schl\u00fcsselaccessoires, sodass ein solches Ger\u00e4t keinen Verdacht erregt.<\/p>\n<p><b>Wird mit einem Knopfdruck eingeschaltet<\/b><\/p>","protected":false},"excerpt":{"rendered":"<p>TECHNISCHE PARAMETER Reichweite: ca. 8 m &#8211; 15 m Gibt keinerlei Ger\u00e4usche von sich Aufnahmequalit\u00e4t: 192 kbps Aufnahme wird durch Ger\u00e4usch ab 50 dB aktiviert&#8230;<\/p>","protected":false},"featured_media":1900,"template":"","meta":[],"etheme_brands":[],"product_brand":[],"product_cat":[207],"product_tag":[709,757],"class_list":{"0":"post-16499","1":"product","2":"type-product","3":"status-publish","4":"has-post-thumbnail","6":"product_cat-13-diktiergeraete","7":"product_tag-gespraechsaufzeichnung","8":"product_tag-professioneller-diktiergeraet","9":"pa_typ-schluessel","11":"first","12":"instock","13":"taxable","14":"shipping-taxable","15":"purchasable","16":"product-type-simple"},"yoast_head":"<!-- This site is optimized with the Yoast SEO Premium plugin v25.9 (Yoast SEO v27.4) - https:\/\/yoast.com\/product\/yoast-seo-premium-wordpress\/ -->\n<title>Autoschl\u00fcssel mit verstecktem Diktierger\u00e4t, das durch Stimme aktiviert wird<\/title>\n<meta name=\"description\" content=\"Niemand wird vermuten, dass in diesem Schl\u00fcssel ein Diktierger\u00e4t eingebaut ist. Klare Tonqualit\u00e4t, nimmt ununterbrochen bis zu 20 Stunden auf. Gro\u00dfe Auswahl an \u00dcberwachungsger\u00e4ten\" \/>\n<meta name=\"robots\" content=\"index, follow, max-snippet:-1, max-image-preview:large, max-video-preview:-1\" \/>\n<link rel=\"canonical\" href=\"https:\/\/www.ortungsgerate.de\/ru\/13-diktofony-2\/avtoklyuch-s-diktofonom-8gb-20-chasov-zapisi-bez-podzaryadki\/\" \/>\n<meta property=\"og:locale\" content=\"ru_RU\" \/>\n<meta property=\"og:type\" content=\"article\" \/>\n<meta property=\"og:title\" content=\"Autoschl\u00fcssel mit Diktierger\u00e4t 8GB 20 Std. Aufnahme ohne Aufladen\" \/>\n<meta property=\"og:description\" content=\"Niemand wird vermuten, dass in diesem Schl\u00fcssel ein Diktierger\u00e4t eingebaut ist. Klare Tonqualit\u00e4t, nimmt ununterbrochen bis zu 20 Stunden auf. Gro\u00dfe Auswahl an \u00dcberwachungsger\u00e4ten\" \/>\n<meta property=\"og:url\" content=\"https:\/\/www.ortungsgerate.de\/ru\/13-diktofony-2\/avtoklyuch-s-diktofonom-8gb-20-chasov-zapisi-bez-podzaryadki\/\" \/>\n<meta property=\"og:site_name\" content=\"Ortungsger\u00e4te.de\" \/>\n<meta property=\"article:modified_time\" content=\"2025-11-26T17:01:36+00:00\" \/>\n<meta property=\"og:image\" content=\"https:\/\/www.ortungsgerate.de\/wp-content\/uploads\/automobilio-raktas-su-diktofonu-8gb-20-val-iraso-nepakraunant.jpg\" \/>\n\t<meta property=\"og:image:width\" content=\"1000\" \/>\n\t<meta property=\"og:image:height\" content=\"1000\" \/>\n\t<meta property=\"og:image:type\" content=\"image\/jpeg\" \/>\n<meta name=\"twitter:card\" content=\"summary_large_image\" \/>\n<meta name=\"twitter:label1\" content=\"\u041f\u0440\u0438\u043c\u0435\u0440\u043d\u043e\u0435 \u0432\u0440\u0435\u043c\u044f \u0434\u043b\u044f \u0447\u0442\u0435\u043d\u0438\u044f\" \/>\n\t<meta name=\"twitter:data1\" content=\"2 \u043c\u0438\u043d\u0443\u0442\u044b\" \/>\n<script type=\"application\/ld+json\" class=\"yoast-schema-graph\">{\"@context\":\"https:\\\/\\\/schema.org\",\"@graph\":[{\"@type\":\"WebPage\",\"@id\":\"https:\\\/\\\/www.ortungsgerate.de\\\/13-diktiergeraete\\\/autoschluessel-mit-diktiergeraet-8gb-20-std-aufnahme-ohne-aufladen\\\/\",\"url\":\"https:\\\/\\\/www.ortungsgerate.de\\\/13-diktiergeraete\\\/autoschluessel-mit-diktiergeraet-8gb-20-std-aufnahme-ohne-aufladen\\\/\",\"name\":\"Autoschl\u00fcssel mit verstecktem Diktierger\u00e4t, das durch Stimme aktiviert wird\",\"isPartOf\":{\"@id\":\"https:\\\/\\\/www.ortungsgerate.de\\\/#website\"},\"primaryImageOfPage\":{\"@id\":\"https:\\\/\\\/www.ortungsgerate.de\\\/13-diktiergeraete\\\/autoschluessel-mit-diktiergeraet-8gb-20-std-aufnahme-ohne-aufladen\\\/#primaryimage\"},\"image\":{\"@id\":\"https:\\\/\\\/www.ortungsgerate.de\\\/13-diktiergeraete\\\/autoschluessel-mit-diktiergeraet-8gb-20-std-aufnahme-ohne-aufladen\\\/#primaryimage\"},\"thumbnailUrl\":\"https:\\\/\\\/www.ortungsgerate.de\\\/wp-content\\\/uploads\\\/automobilio-raktas-su-diktofonu-8gb-20-val-iraso-nepakraunant.jpg\",\"datePublished\":\"2024-02-06T19:38:11+00:00\",\"dateModified\":\"2025-11-26T17:01:36+00:00\",\"description\":\"Niemand wird vermuten, dass in diesem Schl\u00fcssel ein Diktierger\u00e4t eingebaut ist. Klare Tonqualit\u00e4t, nimmt ununterbrochen bis zu 20 Stunden auf. Gro\u00dfe Auswahl an \u00dcberwachungsger\u00e4ten\",\"breadcrumb\":{\"@id\":\"https:\\\/\\\/www.ortungsgerate.de\\\/13-diktiergeraete\\\/autoschluessel-mit-diktiergeraet-8gb-20-std-aufnahme-ohne-aufladen\\\/#breadcrumb\"},\"inLanguage\":\"ru-RU\",\"potentialAction\":[{\"@type\":\"ReadAction\",\"target\":[\"https:\\\/\\\/www.ortungsgerate.de\\\/13-diktiergeraete\\\/autoschluessel-mit-diktiergeraet-8gb-20-std-aufnahme-ohne-aufladen\\\/\"]}]},{\"@type\":\"ImageObject\",\"inLanguage\":\"ru-RU\",\"@id\":\"https:\\\/\\\/www.ortungsgerate.de\\\/13-diktiergeraete\\\/autoschluessel-mit-diktiergeraet-8gb-20-std-aufnahme-ohne-aufladen\\\/#primaryimage\",\"url\":\"https:\\\/\\\/www.ortungsgerate.de\\\/wp-content\\\/uploads\\\/automobilio-raktas-su-diktofonu-8gb-20-val-iraso-nepakraunant.jpg\",\"contentUrl\":\"https:\\\/\\\/www.ortungsgerate.de\\\/wp-content\\\/uploads\\\/automobilio-raktas-su-diktofonu-8gb-20-val-iraso-nepakraunant.jpg\",\"width\":1000,\"height\":1000,\"caption\":\"Autoschl\u00fcssel mit verstecktem Diktierger\u00e4t\"},{\"@type\":\"BreadcrumbList\",\"@id\":\"https:\\\/\\\/www.ortungsgerate.de\\\/13-diktiergeraete\\\/autoschluessel-mit-diktiergeraet-8gb-20-std-aufnahme-ohne-aufladen\\\/#breadcrumb\",\"itemListElement\":[{\"@type\":\"ListItem\",\"position\":1,\"name\":\"Startseite\",\"item\":\"https:\\\/\\\/www.ortungsgerate.de\\\/\"},{\"@type\":\"ListItem\",\"position\":2,\"name\":\"Shop\",\"item\":\"https:\\\/\\\/www.ortungsgerate.de\\\/shop\\\/\"},{\"@type\":\"ListItem\",\"position\":3,\"name\":\"Autoschl\u00fcssel mit Diktierger\u00e4t 8GB 20 Std. Aufnahme ohne Aufladen\"}]},{\"@type\":\"WebSite\",\"@id\":\"https:\\\/\\\/www.ortungsgerate.de\\\/#website\",\"url\":\"https:\\\/\\\/www.ortungsgerate.de\\\/\",\"name\":\"Ortungsgerate.de\",\"description\":\"\",\"publisher\":{\"@id\":\"https:\\\/\\\/www.ortungsgerate.de\\\/#organization\"},\"potentialAction\":[{\"@type\":\"SearchAction\",\"target\":{\"@type\":\"EntryPoint\",\"urlTemplate\":\"https:\\\/\\\/www.ortungsgerate.de\\\/?s={search_term_string}\"},\"query-input\":{\"@type\":\"PropertyValueSpecification\",\"valueRequired\":true,\"valueName\":\"search_term_string\"}}],\"inLanguage\":\"ru-RU\"},{\"@type\":\"Organization\",\"@id\":\"https:\\\/\\\/www.ortungsgerate.de\\\/#organization\",\"name\":\"Ortungsgerate.de\",\"url\":\"https:\\\/\\\/www.ortungsgerate.de\\\/\",\"logo\":{\"@type\":\"ImageObject\",\"inLanguage\":\"ru-RU\",\"@id\":\"https:\\\/\\\/www.ortungsgerate.de\\\/#\\\/schema\\\/logo\\\/image\\\/\",\"url\":\"https:\\\/\\\/www.ortungsgerate.de\\\/wp-content\\\/uploads\\\/ortungsgerate.png\",\"contentUrl\":\"https:\\\/\\\/www.ortungsgerate.de\\\/wp-content\\\/uploads\\\/ortungsgerate.png\",\"width\":500,\"height\":135,\"caption\":\"Ortungsgerate.de\"},\"image\":{\"@id\":\"https:\\\/\\\/www.ortungsgerate.de\\\/#\\\/schema\\\/logo\\\/image\\\/\"}}]}<\/script>\n<!-- \/ Yoast SEO Premium plugin. -->","yoast_head_json":{"title":"Autoschl\u00fcssel mit verstecktem Diktierger\u00e4t, das durch Stimme aktiviert wird","description":"Niemand wird vermuten, dass in diesem Schl\u00fcssel ein Diktierger\u00e4t eingebaut ist. Klare Tonqualit\u00e4t, nimmt ununterbrochen bis zu 20 Stunden auf. Gro\u00dfe Auswahl an \u00dcberwachungsger\u00e4ten","robots":{"index":"index","follow":"follow","max-snippet":"max-snippet:-1","max-image-preview":"max-image-preview:large","max-video-preview":"max-video-preview:-1"},"canonical":"https:\/\/www.ortungsgerate.de\/ru\/13-diktofony-2\/avtoklyuch-s-diktofonom-8gb-20-chasov-zapisi-bez-podzaryadki\/","og_locale":"ru_RU","og_type":"article","og_title":"Autoschl\u00fcssel mit Diktierger\u00e4t 8GB 20 Std. Aufnahme ohne Aufladen","og_description":"Niemand wird vermuten, dass in diesem Schl\u00fcssel ein Diktierger\u00e4t eingebaut ist. Klare Tonqualit\u00e4t, nimmt ununterbrochen bis zu 20 Stunden auf. Gro\u00dfe Auswahl an \u00dcberwachungsger\u00e4ten","og_url":"https:\/\/www.ortungsgerate.de\/ru\/13-diktofony-2\/avtoklyuch-s-diktofonom-8gb-20-chasov-zapisi-bez-podzaryadki\/","og_site_name":"Ortungsger\u00e4te.de","article_modified_time":"2025-11-26T17:01:36+00:00","og_image":[{"width":1000,"height":1000,"url":"https:\/\/www.ortungsgerate.de\/wp-content\/uploads\/automobilio-raktas-su-diktofonu-8gb-20-val-iraso-nepakraunant.jpg","type":"image\/jpeg"}],"twitter_card":"summary_large_image","twitter_misc":{"\u041f\u0440\u0438\u043c\u0435\u0440\u043d\u043e\u0435 \u0432\u0440\u0435\u043c\u044f \u0434\u043b\u044f \u0447\u0442\u0435\u043d\u0438\u044f":"2 \u043c\u0438\u043d\u0443\u0442\u044b"},"schema":{"@context":"https:\/\/schema.org","@graph":[{"@type":"WebPage","@id":"https:\/\/www.ortungsgerate.de\/13-diktiergeraete\/autoschluessel-mit-diktiergeraet-8gb-20-std-aufnahme-ohne-aufladen\/","url":"https:\/\/www.ortungsgerate.de\/13-diktiergeraete\/autoschluessel-mit-diktiergeraet-8gb-20-std-aufnahme-ohne-aufladen\/","name":"Autoschl\u00fcssel mit verstecktem Diktierger\u00e4t, das durch Stimme aktiviert wird","isPartOf":{"@id":"https:\/\/www.ortungsgerate.de\/#website"},"primaryImageOfPage":{"@id":"https:\/\/www.ortungsgerate.de\/13-diktiergeraete\/autoschluessel-mit-diktiergeraet-8gb-20-std-aufnahme-ohne-aufladen\/#primaryimage"},"image":{"@id":"https:\/\/www.ortungsgerate.de\/13-diktiergeraete\/autoschluessel-mit-diktiergeraet-8gb-20-std-aufnahme-ohne-aufladen\/#primaryimage"},"thumbnailUrl":"https:\/\/www.ortungsgerate.de\/wp-content\/uploads\/automobilio-raktas-su-diktofonu-8gb-20-val-iraso-nepakraunant.jpg","datePublished":"2024-02-06T19:38:11+00:00","dateModified":"2025-11-26T17:01:36+00:00","description":"Niemand wird vermuten, dass in diesem Schl\u00fcssel ein Diktierger\u00e4t eingebaut ist. Klare Tonqualit\u00e4t, nimmt ununterbrochen bis zu 20 Stunden auf. Gro\u00dfe Auswahl an \u00dcberwachungsger\u00e4ten","breadcrumb":{"@id":"https:\/\/www.ortungsgerate.de\/13-diktiergeraete\/autoschluessel-mit-diktiergeraet-8gb-20-std-aufnahme-ohne-aufladen\/#breadcrumb"},"inLanguage":"ru-RU","potentialAction":[{"@type":"ReadAction","target":["https:\/\/www.ortungsgerate.de\/13-diktiergeraete\/autoschluessel-mit-diktiergeraet-8gb-20-std-aufnahme-ohne-aufladen\/"]}]},{"@type":"ImageObject","inLanguage":"ru-RU","@id":"https:\/\/www.ortungsgerate.de\/13-diktiergeraete\/autoschluessel-mit-diktiergeraet-8gb-20-std-aufnahme-ohne-aufladen\/#primaryimage","url":"https:\/\/www.ortungsgerate.de\/wp-content\/uploads\/automobilio-raktas-su-diktofonu-8gb-20-val-iraso-nepakraunant.jpg","contentUrl":"https:\/\/www.ortungsgerate.de\/wp-content\/uploads\/automobilio-raktas-su-diktofonu-8gb-20-val-iraso-nepakraunant.jpg","width":1000,"height":1000,"caption":"Autoschl\u00fcssel mit verstecktem Diktierger\u00e4t"},{"@type":"BreadcrumbList","@id":"https:\/\/www.ortungsgerate.de\/13-diktiergeraete\/autoschluessel-mit-diktiergeraet-8gb-20-std-aufnahme-ohne-aufladen\/#breadcrumb","itemListElement":[{"@type":"ListItem","position":1,"name":"Startseite","item":"https:\/\/www.ortungsgerate.de\/"},{"@type":"ListItem","position":2,"name":"Shop","item":"https:\/\/www.ortungsgerate.de\/shop\/"},{"@type":"ListItem","position":3,"name":"Autoschl\u00fcssel mit Diktierger\u00e4t 8GB 20 Std. Aufnahme ohne Aufladen"}]},{"@type":"WebSite","@id":"https:\/\/www.ortungsgerate.de\/#website","url":"https:\/\/www.ortungsgerate.de\/","name":"Ortungsgerate.de","description":"","publisher":{"@id":"https:\/\/www.ortungsgerate.de\/#organization"},"potentialAction":[{"@type":"SearchAction","target":{"@type":"EntryPoint","urlTemplate":"https:\/\/www.ortungsgerate.de\/?s={search_term_string}"},"query-input":{"@type":"PropertyValueSpecification","valueRequired":true,"valueName":"search_term_string"}}],"inLanguage":"ru-RU"},{"@type":"Organization","@id":"https:\/\/www.ortungsgerate.de\/#organization","name":"Ortungsgerate.de","url":"https:\/\/www.ortungsgerate.de\/","logo":{"@type":"ImageObject","inLanguage":"ru-RU","@id":"https:\/\/www.ortungsgerate.de\/#\/schema\/logo\/image\/","url":"https:\/\/www.ortungsgerate.de\/wp-content\/uploads\/ortungsgerate.png","contentUrl":"https:\/\/www.ortungsgerate.de\/wp-content\/uploads\/ortungsgerate.png","width":500,"height":135,"caption":"Ortungsgerate.de"},"image":{"@id":"https:\/\/www.ortungsgerate.de\/#\/schema\/logo\/image\/"}}]}},"_links":{"self":[{"href":"https:\/\/www.ortungsgerate.de\/ru\/wp-json\/wp\/v2\/product\/16499","targetHints":{"allow":["GET"]}}],"collection":[{"href":"https:\/\/www.ortungsgerate.de\/ru\/wp-json\/wp\/v2\/product"}],"about":[{"href":"https:\/\/www.ortungsgerate.de\/ru\/wp-json\/wp\/v2\/types\/product"}],"version-history":[{"count":0,"href":"https:\/\/www.ortungsgerate.de\/ru\/wp-json\/wp\/v2\/product\/16499\/revisions"}],"wp:featuredmedia":[{"embeddable":true,"href":"https:\/\/www.ortungsgerate.de\/ru\/wp-json\/wp\/v2\/media\/1900"}],"wp:attachment":[{"href":"https:\/\/www.ortungsgerate.de\/ru\/wp-json\/wp\/v2\/media?parent=16499"}],"wp:term":[{"taxonomy":"brand","embeddable":true,"href":"https:\/\/www.ortungsgerate.de\/ru\/wp-json\/wp\/v2\/etheme_brands?post=16499"},{"taxonomy":"product_brand","embeddable":true,"href":"https:\/\/www.ortungsgerate.de\/ru\/wp-json\/wp\/v2\/product_brand?post=16499"},{"taxonomy":"product_cat","embeddable":true,"href":"https:\/\/www.ortungsgerate.de\/ru\/wp-json\/wp\/v2\/product_cat?post=16499"},{"taxonomy":"product_tag","embeddable":true,"href":"https:\/\/www.ortungsgerate.de\/ru\/wp-json\/wp\/v2\/product_tag?post=16499"}],"curies":[{"name":"wp","href":"https:\/\/api.w.org\/{rel}","templated":true}]}}