{"id":16500,"date":"2024-02-07T12:40:39","date_gmt":"2024-02-07T10:40:39","guid":{"rendered":"https:\/\/ortungsgerate.de\/be-kategorijos\/plonesne-duru-akute-64gb-atmintis-su-wi-fi-150-matymo-kampas\/"},"modified":"2025-11-26T19:01:36","modified_gmt":"2025-11-26T17:01:36","slug":"bolee-tonkaya-dvernaya-glazok-kamera-64-gb-pamyati-s-wi-fi-150-ugol-obzora","status":"publish","type":"product","link":"https:\/\/www.ortungsgerate.de\/ru\/12-skrytyje-kamery\/17-zamaskirovanyje-kamery\/bolee-tonkaya-dvernaya-glazok-kamera-64-gb-pamyati-s-wi-fi-150-ugol-obzora\/","title":{"rendered":"\u0411\u043e\u043b\u0435\u0435 \u0442\u043e\u043d\u043a\u0430\u044f \u0434\u0432\u0435\u0440\u043d\u0430\u044f \u0433\u043b\u0430\u0437\u043e\u043a-\u043a\u0430\u043c\u0435\u0440\u0430 64 \u0413\u0411 \u043f\u0430\u043c\u044f\u0442\u0438 \u0441 Wi-Fi 150\u00b0 \u0443\u0433\u043e\u043b \u043e\u0431\u0437\u043e\u0440\u0430"},"content":{"rendered":"<h3><strong>\u0422\u0435\u0445\u043d\u0438\u0447\u0435\u0441\u043a\u0438\u0435 \u043f\u0430\u0440\u0430\u043c\u0435\u0442\u0440\u044b:<\/strong><\/h3>\n<ul>\n<li>Interner Speicher 64 GB<\/li>\n<li>Aufnahme bei Bewegungserkennung<\/li>\n<li>Dieses T\u00fcrspion ist d\u00fcnner \u2013 16 mm starke Innenseite (nicht 19,5 mm)<\/li>\n<li>Hochwertige Bildqualit\u00e4t<\/li>\n<li>Geeignet f\u00fcr alle T\u00fcren (L\u00e4nge des Spions einstellbar) f\u00fcr T\u00fcren von 45 mm bis 80 mm St\u00e4rke<\/li>\n<li>Sichtwinkel von ganzen 150 Grad<\/li>\n<li>Unterscheidet sich in nichts von einem herk\u00f6mmlichen T\u00fcrspion<\/li>\n<li>2-Megapixel-Kamerasensor<\/li>\n<li>\u0412\u0438\u0434\u0435\u043e\u0437\u0430\u043f\u0438\u0441\u044c \u0441\u043e \u0437\u0432\u0443\u043a\u043e\u043c<\/li>\n<li>\u0420\u0430\u0437\u0440\u0435\u0448\u0435\u043d\u0438\u0435 \u0437\u0430\u043f\u0438\u0441\u0438: Full HD 1920\u00d71080 px<\/li>\n<li>Bei Anschluss an ein Wi-Fi-Netz ist die \u00dcberwachungsdistanz unbegrenzt<\/li>\n<li>Videoformat: AVI | max. 20 fps<\/li>\n<li>Live-\u00dcberwachung \u00fcber das Internet (per mobiler App) aus jedem Land der Welt<\/li>\n<li>Bewegungserkennung, Benachrichtigung in der App, dass sich jemand vor der T\u00fcr bewegt<\/li>\n<li>Dauerhafte Videoaufzeichnung (\u00dcberschreiben der \u00e4ltesten Aufnahmen)<\/li>\n<li>Videocodierung: H.264<\/li>\n<li>Lieferumfang: T\u00fcrspion, USB-Kabel<\/li>\n<li>Abmessungen: 16 x 13,4 x 4,2 cm<\/li>\n<li><strong>\u0413\u0410\u0420\u0410\u041d\u0422\u0418\u042f 12 \u043c\u0435\u0441\u044f\u0446\u0435\u0432<\/strong><\/li>\n<\/ul>\n<p><span style=\"color: #d0121a;\"><\/span><\/p>\n<h2><strong>\u041a\u0430\u043c\u0435\u0440\u0430-\u0433\u043b\u0430\u0437\u043e\u043a<\/strong><\/h2>\n<p>Die T\u00fcrspion-Kamera hilft Ihnen festzustellen, ob der Bereich rund um Ihr Zuhause sicher ist. Diese versteckte Kamera kann sowohl f\u00fcr Haust\u00fcren von Einfamilienh\u00e4usern als auch f\u00fcr Wohnungst\u00fcren eingesetzt werden. Wenn Sie Zweifel haben, ob die Umgebung Ihres Zuhauses sicher ist, k\u00f6nnen Sie dies schon bald zuverl\u00e4ssig herausfinden. Die T\u00fcrspion-Kamera erm\u00f6glicht es Ihnen, die Umgebung Ihres Zuhauses zu \u00fcberwachen, w\u00e4hrend Sie abwesend sind: So erfahren Sie, ob jemand versucht, in Ihr Haus einzudringen oder andere sch\u00e4dliche Handlungen vornimmt (zum Beispiel m\u00fcssen Sie manchmal herausfinden, wer im Treppenhaus M\u00fcll hinterl\u00e4sst, an die W\u00e4nde malt, T\u00fcren zerkratzt usw.). Die T\u00fcrspion-Versteckkamera hilft Ihnen nicht nur, Zweifel auszur\u00e4umen, sondern auch Beweise \u00fcber die Aktivit\u00e4ten bestimmter Personen zu sammeln.<\/p>\n<p>Der innere Teil dieser T\u00fcrspion-Versteckkamera ist d\u00fcnner \u2013 16 mm (nicht 19,5 mm), und ihre L\u00e4nge ist verstellbar, sodass sie f\u00fcr T\u00fcren mit einer St\u00e4rke von 45 mm bis 80 mm geeignet ist. Die Montage und Konfiguration dieses T\u00fcrspions ist sehr einfach, sodass Sie schon bald mit der Aufzeichnung von hochqualitativem Bildmaterial beginnen k\u00f6nnen. \u00dcber die mobile App k\u00f6nnen Sie Live-Video\u00fcbertragungen in Echtzeit ansehen: Ganz gleich, in welchem Land der Welt Sie sich befinden, Sie k\u00f6nnen jederzeit \u00fcberpr\u00fcfen, ob der Bereich rund um Ihr Zuhause sicher ist.<\/p>\n<p>Die T\u00fcrspion-Kamera verf\u00fcgt \u00fcber eine Bewegungserkennungsfunktion: Wenn sich jemand in der N\u00e4he Ihrer T\u00fcr aufh\u00e4lt, erscheint eine Benachrichtigung in der mobilen App, sodass Sie sicher sein k\u00f6nnen, dass Ihnen nichts Wichtiges entgeht. Videoaufnahmen werden kontinuierlich erstellt, sodass Sie auch dann, wenn Sie nicht in Echtzeit mit der App verbunden sind, sp\u00e4ter das gesamte aufgezeichnete Videomaterial ansehen k\u00f6nnen. Der interne Speicher der versteckten Kamera betr\u00e4gt ganze 64 GB, und wenn der Kamera der Speicherplatz ausgeht, wird das neue Bildmaterial anstelle der \u00e4ltesten Aufnahmen gespeichert.<\/p>\n<p>Die T\u00fcrspion-Versteckkamera unterscheidet sich in nichts von einem herk\u00f6mmlichen T\u00fcrspion, sodass niemand auch nur vermuten wird, dass der Bereich \u00fcberwacht wird. Die Praxis zeigt, dass gerade der Einsatz getarnter Kameras hilft, die erforderlichen Beweise zu sichern, wodurch Sie Antworten auf Fragen erhalten, die Ihnen keine Ruhe lassen. Die Videoaufnahmen werden mit Ton aufgezeichnet, was es erm\u00f6glicht, noch mehr relevante Informationen zu sammeln. Sorgen Sie f\u00fcr die Sicherheit Ihres Zuhauses und erwerben Sie eine versteckte Kamera noch heute!<\/p>","protected":false},"excerpt":{"rendered":"<p>Technische Parameter: Interner Speicher 64 GB Aufnahme bei Bewegungserkennung Dieses T\u00fcrspion ist d\u00fcnner \u2013 16 mm starke Innenseite (nicht 19,5 mm) Hochwertige Bildqualit\u00e4t Geeignet f\u00fcr&#8230;<\/p>","protected":false},"featured_media":27661,"template":"","meta":[],"etheme_brands":[],"product_brand":[],"product_cat":[204,223,203,205],"product_tag":[42,707,705,690,693],"class_list":{"0":"post-16500","1":"product","2":"type-product","3":"status-publish","4":"has-post-thumbnail","6":"product_cat-17-getarnte-kameras","7":"product_cat-39-tuerspion-kamera","8":"product_cat-12-versteckte-kameras","9":"product_cat-27-wlan-minikameras","10":"product_tag-kamera","11":"product_tag-kamera-uhr","12":"product_tag-ueberwachungskamera","13":"product_tag-versteckte-kamera","14":"product_tag-wlan-kamera","15":"pa_typ-tuerspion","17":"first","18":"instock","19":"taxable","20":"shipping-taxable","21":"purchasable","22":"product-type-simple"},"yoast_head":"<!-- This site is optimized with the Yoast SEO Premium plugin v25.9 (Yoast SEO v27.4) - https:\/\/yoast.com\/product\/yoast-seo-premium-wordpress\/ -->\n<title>T\u00fcrspion mit versteckter WIFI-Videokamera 64 GB internem Speicher<\/title>\n<meta name=\"description\" content=\"Hochwertiger T\u00fcrspion mit versteckter Kamera. M\u00f6glichkeit zur Live-Ansicht des Videobildes, Bewegungserkennung. Mobile App zur Video\u00fcberwachung, 64 GB Speicher, FULL HD\" \/>\n<meta name=\"robots\" content=\"index, follow, max-snippet:-1, max-image-preview:large, max-video-preview:-1\" \/>\n<link rel=\"canonical\" href=\"https:\/\/www.ortungsgerate.de\/ru\/12-skrytyje-kamery\/39-dvernoj-glazok-kamera\/bolee-tonkaya-dvernaya-glazok-kamera-64-gb-pamyati-s-wi-fi-150-ugol-obzora\/\" \/>\n<meta property=\"og:locale\" content=\"ru_RU\" \/>\n<meta property=\"og:type\" content=\"article\" \/>\n<meta property=\"og:title\" content=\"D\u00fcnnere T\u00fcrspion-Kamera 64GB Speicher mit Wi-Fi 150\u00b0 Sichtwinkel\" \/>\n<meta property=\"og:description\" content=\"Hochwertiger T\u00fcrspion mit versteckter Kamera. M\u00f6glichkeit zur Live-Ansicht des Videobildes, Bewegungserkennung. Mobile App zur Video\u00fcberwachung, 64 GB Speicher, FULL HD\" \/>\n<meta property=\"og:url\" content=\"https:\/\/www.ortungsgerate.de\/ru\/12-skrytyje-kamery\/39-dvernoj-glazok-kamera\/bolee-tonkaya-dvernaya-glazok-kamera-64-gb-pamyati-s-wi-fi-150-ugol-obzora\/\" \/>\n<meta property=\"og:site_name\" content=\"Ortungsger\u00e4te.de\" \/>\n<meta property=\"article:modified_time\" content=\"2025-11-26T17:01:36+00:00\" \/>\n<meta property=\"og:image\" content=\"https:\/\/www.ortungsgerate.de\/wp-content\/uploads\/duru-akute-slapta-kamera-64-gb-1.jpg\" \/>\n\t<meta property=\"og:image:width\" content=\"1000\" \/>\n\t<meta property=\"og:image:height\" content=\"1000\" \/>\n\t<meta property=\"og:image:type\" content=\"image\/jpeg\" \/>\n<meta name=\"twitter:card\" content=\"summary_large_image\" \/>\n<meta name=\"twitter:label1\" content=\"\u041f\u0440\u0438\u043c\u0435\u0440\u043d\u043e\u0435 \u0432\u0440\u0435\u043c\u044f \u0434\u043b\u044f \u0447\u0442\u0435\u043d\u0438\u044f\" \/>\n\t<meta name=\"twitter:data1\" content=\"3 \u043c\u0438\u043d\u0443\u0442\u044b\" \/>\n<script type=\"application\/ld+json\" class=\"yoast-schema-graph\">{\"@context\":\"https:\\\/\\\/schema.org\",\"@graph\":[{\"@type\":\"WebPage\",\"@id\":\"https:\\\/\\\/www.ortungsgerate.de\\\/12-versteckte-kameras\\\/39-tuerspion-kamera\\\/duennere-tuerspion-kamera-64gb-speicher-mit-wi-fi-150-sichtwinkel\\\/\",\"url\":\"https:\\\/\\\/www.ortungsgerate.de\\\/12-versteckte-kameras\\\/39-tuerspion-kamera\\\/duennere-tuerspion-kamera-64gb-speicher-mit-wi-fi-150-sichtwinkel\\\/\",\"name\":\"T\u00fcrspion mit versteckter WIFI-Videokamera 64 GB internem Speicher\",\"isPartOf\":{\"@id\":\"https:\\\/\\\/www.ortungsgerate.de\\\/#website\"},\"primaryImageOfPage\":{\"@id\":\"https:\\\/\\\/www.ortungsgerate.de\\\/12-versteckte-kameras\\\/39-tuerspion-kamera\\\/duennere-tuerspion-kamera-64gb-speicher-mit-wi-fi-150-sichtwinkel\\\/#primaryimage\"},\"image\":{\"@id\":\"https:\\\/\\\/www.ortungsgerate.de\\\/12-versteckte-kameras\\\/39-tuerspion-kamera\\\/duennere-tuerspion-kamera-64gb-speicher-mit-wi-fi-150-sichtwinkel\\\/#primaryimage\"},\"thumbnailUrl\":\"https:\\\/\\\/www.ortungsgerate.de\\\/wp-content\\\/uploads\\\/duru-akute-slapta-kamera-64-gb-1.jpg\",\"datePublished\":\"2024-02-07T10:40:39+00:00\",\"dateModified\":\"2025-11-26T17:01:36+00:00\",\"description\":\"Hochwertiger T\u00fcrspion mit versteckter Kamera. M\u00f6glichkeit zur Live-Ansicht des Videobildes, Bewegungserkennung. Mobile App zur Video\u00fcberwachung, 64 GB Speicher, FULL HD\",\"breadcrumb\":{\"@id\":\"https:\\\/\\\/www.ortungsgerate.de\\\/12-versteckte-kameras\\\/39-tuerspion-kamera\\\/duennere-tuerspion-kamera-64gb-speicher-mit-wi-fi-150-sichtwinkel\\\/#breadcrumb\"},\"inLanguage\":\"ru-RU\",\"potentialAction\":[{\"@type\":\"ReadAction\",\"target\":[\"https:\\\/\\\/www.ortungsgerate.de\\\/12-versteckte-kameras\\\/39-tuerspion-kamera\\\/duennere-tuerspion-kamera-64gb-speicher-mit-wi-fi-150-sichtwinkel\\\/\"]}]},{\"@type\":\"ImageObject\",\"inLanguage\":\"ru-RU\",\"@id\":\"https:\\\/\\\/www.ortungsgerate.de\\\/12-versteckte-kameras\\\/39-tuerspion-kamera\\\/duennere-tuerspion-kamera-64gb-speicher-mit-wi-fi-150-sichtwinkel\\\/#primaryimage\",\"url\":\"https:\\\/\\\/www.ortungsgerate.de\\\/wp-content\\\/uploads\\\/duru-akute-slapta-kamera-64-gb-1.jpg\",\"contentUrl\":\"https:\\\/\\\/www.ortungsgerate.de\\\/wp-content\\\/uploads\\\/duru-akute-slapta-kamera-64-gb-1.jpg\",\"width\":1000,\"height\":1000,\"caption\":\"T\u00fcrspion versteckte Kamera 64 GB\"},{\"@type\":\"BreadcrumbList\",\"@id\":\"https:\\\/\\\/www.ortungsgerate.de\\\/12-versteckte-kameras\\\/39-tuerspion-kamera\\\/duennere-tuerspion-kamera-64gb-speicher-mit-wi-fi-150-sichtwinkel\\\/#breadcrumb\",\"itemListElement\":[{\"@type\":\"ListItem\",\"position\":1,\"name\":\"Startseite\",\"item\":\"https:\\\/\\\/www.ortungsgerate.de\\\/\"},{\"@type\":\"ListItem\",\"position\":2,\"name\":\"Shop\",\"item\":\"https:\\\/\\\/www.ortungsgerate.de\\\/shop\\\/\"},{\"@type\":\"ListItem\",\"position\":3,\"name\":\"D\u00fcnnere T\u00fcrspion-Kamera 64GB Speicher mit Wi-Fi 150\u00b0 Sichtwinkel\"}]},{\"@type\":\"WebSite\",\"@id\":\"https:\\\/\\\/www.ortungsgerate.de\\\/#website\",\"url\":\"https:\\\/\\\/www.ortungsgerate.de\\\/\",\"name\":\"Ortungsgerate.de\",\"description\":\"\",\"publisher\":{\"@id\":\"https:\\\/\\\/www.ortungsgerate.de\\\/#organization\"},\"potentialAction\":[{\"@type\":\"SearchAction\",\"target\":{\"@type\":\"EntryPoint\",\"urlTemplate\":\"https:\\\/\\\/www.ortungsgerate.de\\\/?s={search_term_string}\"},\"query-input\":{\"@type\":\"PropertyValueSpecification\",\"valueRequired\":true,\"valueName\":\"search_term_string\"}}],\"inLanguage\":\"ru-RU\"},{\"@type\":\"Organization\",\"@id\":\"https:\\\/\\\/www.ortungsgerate.de\\\/#organization\",\"name\":\"Ortungsgerate.de\",\"url\":\"https:\\\/\\\/www.ortungsgerate.de\\\/\",\"logo\":{\"@type\":\"ImageObject\",\"inLanguage\":\"ru-RU\",\"@id\":\"https:\\\/\\\/www.ortungsgerate.de\\\/#\\\/schema\\\/logo\\\/image\\\/\",\"url\":\"https:\\\/\\\/www.ortungsgerate.de\\\/wp-content\\\/uploads\\\/ortungsgerate.png\",\"contentUrl\":\"https:\\\/\\\/www.ortungsgerate.de\\\/wp-content\\\/uploads\\\/ortungsgerate.png\",\"width\":500,\"height\":135,\"caption\":\"Ortungsgerate.de\"},\"image\":{\"@id\":\"https:\\\/\\\/www.ortungsgerate.de\\\/#\\\/schema\\\/logo\\\/image\\\/\"}}]}<\/script>\n<!-- \/ Yoast SEO Premium plugin. -->","yoast_head_json":{"title":"T\u00fcrspion mit versteckter WIFI-Videokamera 64 GB internem Speicher","description":"Hochwertiger T\u00fcrspion mit versteckter Kamera. M\u00f6glichkeit zur Live-Ansicht des Videobildes, Bewegungserkennung. Mobile App zur Video\u00fcberwachung, 64 GB Speicher, FULL HD","robots":{"index":"index","follow":"follow","max-snippet":"max-snippet:-1","max-image-preview":"max-image-preview:large","max-video-preview":"max-video-preview:-1"},"canonical":"https:\/\/www.ortungsgerate.de\/ru\/12-skrytyje-kamery\/39-dvernoj-glazok-kamera\/bolee-tonkaya-dvernaya-glazok-kamera-64-gb-pamyati-s-wi-fi-150-ugol-obzora\/","og_locale":"ru_RU","og_type":"article","og_title":"D\u00fcnnere T\u00fcrspion-Kamera 64GB Speicher mit Wi-Fi 150\u00b0 Sichtwinkel","og_description":"Hochwertiger T\u00fcrspion mit versteckter Kamera. M\u00f6glichkeit zur Live-Ansicht des Videobildes, Bewegungserkennung. Mobile App zur Video\u00fcberwachung, 64 GB Speicher, FULL HD","og_url":"https:\/\/www.ortungsgerate.de\/ru\/12-skrytyje-kamery\/39-dvernoj-glazok-kamera\/bolee-tonkaya-dvernaya-glazok-kamera-64-gb-pamyati-s-wi-fi-150-ugol-obzora\/","og_site_name":"Ortungsger\u00e4te.de","article_modified_time":"2025-11-26T17:01:36+00:00","og_image":[{"width":1000,"height":1000,"url":"https:\/\/www.ortungsgerate.de\/wp-content\/uploads\/duru-akute-slapta-kamera-64-gb-1.jpg","type":"image\/jpeg"}],"twitter_card":"summary_large_image","twitter_misc":{"\u041f\u0440\u0438\u043c\u0435\u0440\u043d\u043e\u0435 \u0432\u0440\u0435\u043c\u044f \u0434\u043b\u044f \u0447\u0442\u0435\u043d\u0438\u044f":"3 \u043c\u0438\u043d\u0443\u0442\u044b"},"schema":{"@context":"https:\/\/schema.org","@graph":[{"@type":"WebPage","@id":"https:\/\/www.ortungsgerate.de\/12-versteckte-kameras\/39-tuerspion-kamera\/duennere-tuerspion-kamera-64gb-speicher-mit-wi-fi-150-sichtwinkel\/","url":"https:\/\/www.ortungsgerate.de\/12-versteckte-kameras\/39-tuerspion-kamera\/duennere-tuerspion-kamera-64gb-speicher-mit-wi-fi-150-sichtwinkel\/","name":"T\u00fcrspion mit versteckter WIFI-Videokamera 64 GB internem Speicher","isPartOf":{"@id":"https:\/\/www.ortungsgerate.de\/#website"},"primaryImageOfPage":{"@id":"https:\/\/www.ortungsgerate.de\/12-versteckte-kameras\/39-tuerspion-kamera\/duennere-tuerspion-kamera-64gb-speicher-mit-wi-fi-150-sichtwinkel\/#primaryimage"},"image":{"@id":"https:\/\/www.ortungsgerate.de\/12-versteckte-kameras\/39-tuerspion-kamera\/duennere-tuerspion-kamera-64gb-speicher-mit-wi-fi-150-sichtwinkel\/#primaryimage"},"thumbnailUrl":"https:\/\/www.ortungsgerate.de\/wp-content\/uploads\/duru-akute-slapta-kamera-64-gb-1.jpg","datePublished":"2024-02-07T10:40:39+00:00","dateModified":"2025-11-26T17:01:36+00:00","description":"Hochwertiger T\u00fcrspion mit versteckter Kamera. M\u00f6glichkeit zur Live-Ansicht des Videobildes, Bewegungserkennung. Mobile App zur Video\u00fcberwachung, 64 GB Speicher, FULL HD","breadcrumb":{"@id":"https:\/\/www.ortungsgerate.de\/12-versteckte-kameras\/39-tuerspion-kamera\/duennere-tuerspion-kamera-64gb-speicher-mit-wi-fi-150-sichtwinkel\/#breadcrumb"},"inLanguage":"ru-RU","potentialAction":[{"@type":"ReadAction","target":["https:\/\/www.ortungsgerate.de\/12-versteckte-kameras\/39-tuerspion-kamera\/duennere-tuerspion-kamera-64gb-speicher-mit-wi-fi-150-sichtwinkel\/"]}]},{"@type":"ImageObject","inLanguage":"ru-RU","@id":"https:\/\/www.ortungsgerate.de\/12-versteckte-kameras\/39-tuerspion-kamera\/duennere-tuerspion-kamera-64gb-speicher-mit-wi-fi-150-sichtwinkel\/#primaryimage","url":"https:\/\/www.ortungsgerate.de\/wp-content\/uploads\/duru-akute-slapta-kamera-64-gb-1.jpg","contentUrl":"https:\/\/www.ortungsgerate.de\/wp-content\/uploads\/duru-akute-slapta-kamera-64-gb-1.jpg","width":1000,"height":1000,"caption":"T\u00fcrspion versteckte Kamera 64 GB"},{"@type":"BreadcrumbList","@id":"https:\/\/www.ortungsgerate.de\/12-versteckte-kameras\/39-tuerspion-kamera\/duennere-tuerspion-kamera-64gb-speicher-mit-wi-fi-150-sichtwinkel\/#breadcrumb","itemListElement":[{"@type":"ListItem","position":1,"name":"Startseite","item":"https:\/\/www.ortungsgerate.de\/"},{"@type":"ListItem","position":2,"name":"Shop","item":"https:\/\/www.ortungsgerate.de\/shop\/"},{"@type":"ListItem","position":3,"name":"D\u00fcnnere T\u00fcrspion-Kamera 64GB Speicher mit Wi-Fi 150\u00b0 Sichtwinkel"}]},{"@type":"WebSite","@id":"https:\/\/www.ortungsgerate.de\/#website","url":"https:\/\/www.ortungsgerate.de\/","name":"Ortungsgerate.de","description":"","publisher":{"@id":"https:\/\/www.ortungsgerate.de\/#organization"},"potentialAction":[{"@type":"SearchAction","target":{"@type":"EntryPoint","urlTemplate":"https:\/\/www.ortungsgerate.de\/?s={search_term_string}"},"query-input":{"@type":"PropertyValueSpecification","valueRequired":true,"valueName":"search_term_string"}}],"inLanguage":"ru-RU"},{"@type":"Organization","@id":"https:\/\/www.ortungsgerate.de\/#organization","name":"Ortungsgerate.de","url":"https:\/\/www.ortungsgerate.de\/","logo":{"@type":"ImageObject","inLanguage":"ru-RU","@id":"https:\/\/www.ortungsgerate.de\/#\/schema\/logo\/image\/","url":"https:\/\/www.ortungsgerate.de\/wp-content\/uploads\/ortungsgerate.png","contentUrl":"https:\/\/www.ortungsgerate.de\/wp-content\/uploads\/ortungsgerate.png","width":500,"height":135,"caption":"Ortungsgerate.de"},"image":{"@id":"https:\/\/www.ortungsgerate.de\/#\/schema\/logo\/image\/"}}]}},"_links":{"self":[{"href":"https:\/\/www.ortungsgerate.de\/ru\/wp-json\/wp\/v2\/product\/16500","targetHints":{"allow":["GET"]}}],"collection":[{"href":"https:\/\/www.ortungsgerate.de\/ru\/wp-json\/wp\/v2\/product"}],"about":[{"href":"https:\/\/www.ortungsgerate.de\/ru\/wp-json\/wp\/v2\/types\/product"}],"version-history":[{"count":0,"href":"https:\/\/www.ortungsgerate.de\/ru\/wp-json\/wp\/v2\/product\/16500\/revisions"}],"wp:featuredmedia":[{"embeddable":true,"href":"https:\/\/www.ortungsgerate.de\/ru\/wp-json\/wp\/v2\/media\/27661"}],"wp:attachment":[{"href":"https:\/\/www.ortungsgerate.de\/ru\/wp-json\/wp\/v2\/media?parent=16500"}],"wp:term":[{"taxonomy":"brand","embeddable":true,"href":"https:\/\/www.ortungsgerate.de\/ru\/wp-json\/wp\/v2\/etheme_brands?post=16500"},{"taxonomy":"product_brand","embeddable":true,"href":"https:\/\/www.ortungsgerate.de\/ru\/wp-json\/wp\/v2\/product_brand?post=16500"},{"taxonomy":"product_cat","embeddable":true,"href":"https:\/\/www.ortungsgerate.de\/ru\/wp-json\/wp\/v2\/product_cat?post=16500"},{"taxonomy":"product_tag","embeddable":true,"href":"https:\/\/www.ortungsgerate.de\/ru\/wp-json\/wp\/v2\/product_tag?post=16500"}],"curies":[{"name":"wp","href":"https:\/\/api.w.org\/{rel}","templated":true}]}}