{"id":16501,"date":"2024-02-06T21:36:05","date_gmt":"2024-02-06T19:36:05","guid":{"rendered":"https:\/\/ortungsgerate.de\/be-kategorijos\/tusinukas-su-slapta-imontuota-kamera-full-hd-stebejimo-kampas-90\/"},"modified":"2025-11-26T19:01:36","modified_gmt":"2025-11-26T17:01:36","slug":"sharikovaya-ruchka-so-skrytno-vstroennoy-kameroy-full-hd-ugol-obzora-90","status":"publish","type":"product","link":"https:\/\/www.ortungsgerate.de\/ru\/12-skrytyje-kamery\/17-zamaskirovanyje-kamery\/sharikovaya-ruchka-so-skrytno-vstroennoy-kameroy-full-hd-ugol-obzora-90\/","title":{"rendered":"\u0428\u0430\u0440\u0438\u043a\u043e\u0432\u0430\u044f \u0440\u0443\u0447\u043a\u0430 \u0441\u043e \u0441\u043a\u0440\u044b\u0442\u043d\u043e \u0432\u0441\u0442\u0440\u043e\u0435\u043d\u043d\u043e\u0439 \u043a\u0430\u043c\u0435\u0440\u043e\u0439 FULL HD, \u0443\u0433\u043e\u043b \u043e\u0431\u0437\u043e\u0440\u0430: 90\u00b0"},"content":{"rendered":"<h3><strong>\u0422\u0435\u0445\u043d\u0438\u0447\u0435\u0441\u043a\u0438\u0435 \u043f\u0430\u0440\u0430\u043c\u0435\u0442\u0440\u044b:<\/strong><\/h3>\n<ul>\n<li>Speicherkarte: unterst\u00fctzt MicroSD bis zu 32 GB (nicht im Lieferumfang enthalten)<\/li>\n<li>Videoaufnahme mit Ton<\/li>\n<li>Videoaufl\u00f6sung: 1920 x 1080 px<\/li>\n<li>Videoformat: AVI | 30 Bilder pro Sekunde<\/li>\n<li>Videoaufl\u00f6sung: 2560 x 1440 px<\/li>\n<li>Kamera-Sichtwinkel: 90 \u00b0<\/li>\n<li>Audioaufnahme: JA<\/li>\n<li>Akkulaufzeit: ausreichend f\u00fcr ca. 70 Minuten Aufnahme<\/li>\n<li>Kapazit\u00e4t des integrierten Akkus: 300 mAh<\/li>\n<li>Laden: USB-Anschluss oder 5V USB-Ladeger\u00e4t<\/li>\n<li>Betriebssysteme: unterst\u00fctzt Windows 2000 \/ XP \/ Vista 32 \/ Windows 7 \/ 8 \/ 10 (u. a.)<\/li>\n<li>Gewicht und Abmessungen: 40 g, 140 mm x 14 mm x 14 mm<\/li>\n<li>Lieferumfang: Stiftkamera, USB-Kabel, Bedienungsanleitung, Originalverpackung.<\/li>\n<li>\u0413\u0430\u0440\u0430\u043d\u0442\u0438\u044f 12 \u043c\u0435\u0441\u044f\u0446\u0435\u0432<\/li>\n<\/ul>\n<p><strong><span style=\"color: #d0121a\">\u00a0Wenn Sie eine schnelle Lieferung am selben Tag ben\u00f6tigen   <\/span><\/strong><\/p>\n<p>Einsatzbereich: F\u00fcr Ihre eigene Sicherheit und die Sicherheit Ihrer Kinder.<\/p>\n<p><strong>KUGELSCHREIBER MIT KAMERA (1080P FULL HD)<\/strong><\/p>\n<p>Der Kugelschreiber mit Kamera ist eine der unauff\u00e4lligsten und am wenigsten auff\u00e4lligen Methoden zur Videoaufzeichnung. Mit diesem Ger\u00e4t erfassen Sie nicht nur das Bild, sondern auch den Ton, und die aufgezeichneten Sequenzen k\u00f6nnen Sie in sehr hoher Aufl\u00f6sung ansehen (1080P FULL HD). Im Geh\u00e4use des Kugelschreibers befindet sich ein Steckplatz f\u00fcr die Speicherkarte, auf der die aufgezeichneten Daten gespeichert werden (es wird eine MicroSD-Speicherkarte ben\u00f6tigt, die nicht im Lieferumfang des Ger\u00e4ts enthalten ist). Diese versteckte Kamera nutzt die Energie des integrierten Akkus, die ausreicht, um eine etwa 70-min\u00fctige Aufnahme zu erstellen. Sie verwenden ihn wie einen gew\u00f6hnlichen Stift und zeichnen gleichzeitig jedes wichtige Detail auf \u2013 kann es einfacher sein? In der Verpackung liegt eine Bedienungsanleitung f\u00fcr das Ger\u00e4t bei.<\/p>\n<p><strong>EINFACHE BEDIENUNG<\/strong><\/p>\n<p>Die Stiftkamera nimmt das Bild in hoher Aufl\u00f6sung auf (FULL HD 1080 p). Das Bild kann mit Ton aufgenommen oder es k\u00f6nnen Fotos gemacht werden. Unauff\u00e4lliges, miniaturisiertes Kameraobjektiv. Einfache Steuerung \u2013 mit einer einzigen Taste.<\/p>\n<p><strong>LANGE AUFNAHMEDAUER<\/strong><\/p>\n<p>Der Kugelschreiber mit Kamera zeichnet Bild und Ton etwa 70 Minuten ununterbrochen auf (unter Nutzung der Energie des integrierten Akkus \/ Akkukapazit\u00e4t \u2013 300 mAh). Eine einst\u00fcndige Aufnahme belegt auf der Speicherkarte etwa f\u00fcnf Gigabyte.<\/p>\n<p><strong>WEITERE EIGENSCHAFTEN UND M\u00d6GLICHKEITEN<\/strong><\/p>\n<p>Unauff\u00e4lliges Objektiv, unter der Kappe verborgen. M\u00f6glichkeit, das Objektiv zu verbergen. Funktionalit\u00e4t \u2013 das Ger\u00e4t kann in der Tasche, in der Hand oder einfach auf dem Tisch liegen und seine Funktionen dennoch einwandfrei erf\u00fcllen.<\/p>\n<p><strong>AUFNAHMEQUALIT\u00c4T<\/strong><\/p>\n<p>Videoaufzeichnung in hoher Qualit\u00e4t \u2013 1080 P. Das Bild wird gefilmt oder fotografiert und auf der Speicherkarte gespeichert. Selbst Bilder mit sehr kleiner Schrift k\u00f6nnen gelesen werden. Unersetzlich bei Besprechungen oder zur kurzfristigen \u00dcberwachung von R\u00e4umen.<\/p>\n<p><strong>\u0422\u0415\u0425\u041d\u0418\u0427\u0415\u0421\u041a\u0418\u0415 \u041f\u0410\u0420\u0410\u041c\u0415\u0422\u0420\u042b:<\/strong><\/p>\n<ul>\n<li>Speicherkarte: unterst\u00fctzt MicroSD bis zu 32 GB (nicht im Lieferumfang enthalten)<\/li>\n<li>Videoaufl\u00f6sung: 1920 x 1080 px<\/li>\n<li>Videoformat: AVI | 30 Bilder pro Sekunde<\/li>\n<li>Videoaufl\u00f6sung: 2560 x 1440 px<\/li>\n<li>Kamera-Sichtwinkel: 90 \u00b0<\/li>\n<li>Audioaufnahme: JA<\/li>\n<li>Akkulaufzeit: ausreichend f\u00fcr ca. 70 Minuten<\/li>\n<li>Kapazit\u00e4t des integrierten Akkus: 300 mAh<\/li>\n<li>Laden: USB-Anschluss oder 5V USB-Ladeger\u00e4t<\/li>\n<li>Betriebssysteme: unterst\u00fctzt Windows 2000 \/ XP \/ Vista 32 \/ Windows 7 \/ 8 \/ 10 (u. a.)<\/li>\n<li>Gewicht und Abmessungen: 40 g, 140 mm x 14 mm x 14 mm<\/li>\n<li>Lieferumfang: Stiftkamera, USB-Kabel, Bedienungsanleitung, Originalverpackung.<\/li>\n<\/ul>","protected":false},"excerpt":{"rendered":"<p>Technische Parameter: Speicherkarte: unterst\u00fctzt MicroSD bis zu 32 GB (nicht im Lieferumfang enthalten) Videoaufnahme mit Ton Videoaufl\u00f6sung: 1920 x 1080 px Videoformat: AVI | 30&#8230;<\/p>","protected":false},"featured_media":1248,"template":"","meta":[],"etheme_brands":[],"product_brand":[],"product_cat":[204,203],"product_tag":[788,742,687,789,739,774,705,690,693],"class_list":{"0":"post-16501","1":"product","2":"type-product","3":"status-publish","4":"has-post-thumbnail","6":"product_cat-17-getarnte-kameras","7":"product_cat-12-versteckte-kameras","8":"product_tag-kamera-mit-nachtsicht","9":"product_tag-kamera-stift","10":"product_tag-kamera-zur-ueberwachung","11":"product_tag-nachtsichtkamera","12":"product_tag-spionagekamera","13":"product_tag-stiftkamera","14":"product_tag-ueberwachungskamera","15":"product_tag-versteckte-kamera","16":"product_tag-wlan-kamera","17":"pa_typ-kugelschreiber","19":"first","20":"instock","21":"taxable","22":"shipping-taxable","23":"purchasable","24":"product-type-simple"},"yoast_head":"<!-- This site is optimized with the Yoast SEO Premium plugin v25.9 (Yoast SEO v27.4) - https:\/\/yoast.com\/product\/yoast-seo-premium-wordpress\/ -->\n<title>Kugelschreiber mit versteckter Kamera FULL HD Blickwinkel: 90 \u00b0<\/title>\n<meta name=\"description\" content=\"Kugelschreiber mit verdeckt integrierter FULL HD Kamera, Blickwinkel: 90\u00b0. Ideal zum Sammeln von Beweismaterial und zum Aufdecken von Betrug. Kompakter Kugelschreiber zum Filmen\" \/>\n<meta name=\"robots\" content=\"index, follow, max-snippet:-1, max-image-preview:large, max-video-preview:-1\" \/>\n<link rel=\"canonical\" href=\"https:\/\/www.ortungsgerate.de\/ru\/12-skrytyje-kamery\/17-zamaskirovanyje-kamery\/sharikovaya-ruchka-so-skrytno-vstroennoy-kameroy-full-hd-ugol-obzora-90\/\" \/>\n<meta property=\"og:locale\" content=\"ru_RU\" \/>\n<meta property=\"og:type\" content=\"article\" \/>\n<meta property=\"og:title\" content=\"Kugelschreiber mit versteckt eingebauter FULL HD Kamera, \u00dcberwachungswinkel: 90 \u00b0\" \/>\n<meta property=\"og:description\" content=\"Kugelschreiber mit verdeckt integrierter FULL HD Kamera, Blickwinkel: 90\u00b0. Ideal zum Sammeln von Beweismaterial und zum Aufdecken von Betrug. Kompakter Kugelschreiber zum Filmen\" \/>\n<meta property=\"og:url\" content=\"https:\/\/www.ortungsgerate.de\/ru\/12-skrytyje-kamery\/17-zamaskirovanyje-kamery\/sharikovaya-ruchka-so-skrytno-vstroennoy-kameroy-full-hd-ugol-obzora-90\/\" \/>\n<meta property=\"og:site_name\" content=\"Ortungsger\u00e4te.de\" \/>\n<meta property=\"article:modified_time\" content=\"2025-11-26T17:01:36+00:00\" \/>\n<meta property=\"og:image\" content=\"https:\/\/www.ortungsgerate.de\/wp-content\/uploads\/tusinukas-su-slapta-imontuota-kamera-full-hd-stebejimo-kampas-90.jpg\" \/>\n\t<meta property=\"og:image:width\" content=\"708\" \/>\n\t<meta property=\"og:image:height\" content=\"491\" \/>\n\t<meta property=\"og:image:type\" content=\"image\/jpeg\" \/>\n<meta name=\"twitter:card\" content=\"summary_large_image\" \/>\n<meta name=\"twitter:label1\" content=\"\u041f\u0440\u0438\u043c\u0435\u0440\u043d\u043e\u0435 \u0432\u0440\u0435\u043c\u044f \u0434\u043b\u044f \u0447\u0442\u0435\u043d\u0438\u044f\" \/>\n\t<meta name=\"twitter:data1\" content=\"3 \u043c\u0438\u043d\u0443\u0442\u044b\" \/>\n<script type=\"application\/ld+json\" class=\"yoast-schema-graph\">{\"@context\":\"https:\\\/\\\/schema.org\",\"@graph\":[{\"@type\":\"WebPage\",\"@id\":\"https:\\\/\\\/www.ortungsgerate.de\\\/12-versteckte-kameras\\\/17-getarnte-kameras\\\/kugelschreiber-mit-versteckt-eingebauter-full-hd-kamera-ueberwachungswinkel-90\\\/\",\"url\":\"https:\\\/\\\/www.ortungsgerate.de\\\/12-versteckte-kameras\\\/17-getarnte-kameras\\\/kugelschreiber-mit-versteckt-eingebauter-full-hd-kamera-ueberwachungswinkel-90\\\/\",\"name\":\"Kugelschreiber mit versteckter Kamera FULL HD Blickwinkel: 90 \u00b0\",\"isPartOf\":{\"@id\":\"https:\\\/\\\/www.ortungsgerate.de\\\/#website\"},\"primaryImageOfPage\":{\"@id\":\"https:\\\/\\\/www.ortungsgerate.de\\\/12-versteckte-kameras\\\/17-getarnte-kameras\\\/kugelschreiber-mit-versteckt-eingebauter-full-hd-kamera-ueberwachungswinkel-90\\\/#primaryimage\"},\"image\":{\"@id\":\"https:\\\/\\\/www.ortungsgerate.de\\\/12-versteckte-kameras\\\/17-getarnte-kameras\\\/kugelschreiber-mit-versteckt-eingebauter-full-hd-kamera-ueberwachungswinkel-90\\\/#primaryimage\"},\"thumbnailUrl\":\"https:\\\/\\\/www.ortungsgerate.de\\\/wp-content\\\/uploads\\\/tusinukas-su-slapta-imontuota-kamera-full-hd-stebejimo-kampas-90.jpg\",\"datePublished\":\"2024-02-06T19:36:05+00:00\",\"dateModified\":\"2025-11-26T17:01:36+00:00\",\"description\":\"Kugelschreiber mit verdeckt integrierter FULL HD Kamera, Blickwinkel: 90\u00b0. Ideal zum Sammeln von Beweismaterial und zum Aufdecken von Betrug. Kompakter Kugelschreiber zum Filmen\",\"breadcrumb\":{\"@id\":\"https:\\\/\\\/www.ortungsgerate.de\\\/12-versteckte-kameras\\\/17-getarnte-kameras\\\/kugelschreiber-mit-versteckt-eingebauter-full-hd-kamera-ueberwachungswinkel-90\\\/#breadcrumb\"},\"inLanguage\":\"ru-RU\",\"potentialAction\":[{\"@type\":\"ReadAction\",\"target\":[\"https:\\\/\\\/www.ortungsgerate.de\\\/12-versteckte-kameras\\\/17-getarnte-kameras\\\/kugelschreiber-mit-versteckt-eingebauter-full-hd-kamera-ueberwachungswinkel-90\\\/\"]}]},{\"@type\":\"ImageObject\",\"inLanguage\":\"ru-RU\",\"@id\":\"https:\\\/\\\/www.ortungsgerate.de\\\/12-versteckte-kameras\\\/17-getarnte-kameras\\\/kugelschreiber-mit-versteckt-eingebauter-full-hd-kamera-ueberwachungswinkel-90\\\/#primaryimage\",\"url\":\"https:\\\/\\\/www.ortungsgerate.de\\\/wp-content\\\/uploads\\\/tusinukas-su-slapta-imontuota-kamera-full-hd-stebejimo-kampas-90.jpg\",\"contentUrl\":\"https:\\\/\\\/www.ortungsgerate.de\\\/wp-content\\\/uploads\\\/tusinukas-su-slapta-imontuota-kamera-full-hd-stebejimo-kampas-90.jpg\",\"width\":708,\"height\":491,\"caption\":\"Stift mit versteckter Full HD Kamera\"},{\"@type\":\"BreadcrumbList\",\"@id\":\"https:\\\/\\\/www.ortungsgerate.de\\\/12-versteckte-kameras\\\/17-getarnte-kameras\\\/kugelschreiber-mit-versteckt-eingebauter-full-hd-kamera-ueberwachungswinkel-90\\\/#breadcrumb\",\"itemListElement\":[{\"@type\":\"ListItem\",\"position\":1,\"name\":\"Startseite\",\"item\":\"https:\\\/\\\/www.ortungsgerate.de\\\/\"},{\"@type\":\"ListItem\",\"position\":2,\"name\":\"Shop\",\"item\":\"https:\\\/\\\/www.ortungsgerate.de\\\/shop\\\/\"},{\"@type\":\"ListItem\",\"position\":3,\"name\":\"Kugelschreiber mit versteckt eingebauter FULL HD Kamera, \u00dcberwachungswinkel: 90 \u00b0\"}]},{\"@type\":\"WebSite\",\"@id\":\"https:\\\/\\\/www.ortungsgerate.de\\\/#website\",\"url\":\"https:\\\/\\\/www.ortungsgerate.de\\\/\",\"name\":\"Ortungsgerate.de\",\"description\":\"\",\"publisher\":{\"@id\":\"https:\\\/\\\/www.ortungsgerate.de\\\/#organization\"},\"potentialAction\":[{\"@type\":\"SearchAction\",\"target\":{\"@type\":\"EntryPoint\",\"urlTemplate\":\"https:\\\/\\\/www.ortungsgerate.de\\\/?s={search_term_string}\"},\"query-input\":{\"@type\":\"PropertyValueSpecification\",\"valueRequired\":true,\"valueName\":\"search_term_string\"}}],\"inLanguage\":\"ru-RU\"},{\"@type\":\"Organization\",\"@id\":\"https:\\\/\\\/www.ortungsgerate.de\\\/#organization\",\"name\":\"Ortungsgerate.de\",\"url\":\"https:\\\/\\\/www.ortungsgerate.de\\\/\",\"logo\":{\"@type\":\"ImageObject\",\"inLanguage\":\"ru-RU\",\"@id\":\"https:\\\/\\\/www.ortungsgerate.de\\\/#\\\/schema\\\/logo\\\/image\\\/\",\"url\":\"https:\\\/\\\/www.ortungsgerate.de\\\/wp-content\\\/uploads\\\/ortungsgerate.png\",\"contentUrl\":\"https:\\\/\\\/www.ortungsgerate.de\\\/wp-content\\\/uploads\\\/ortungsgerate.png\",\"width\":500,\"height\":135,\"caption\":\"Ortungsgerate.de\"},\"image\":{\"@id\":\"https:\\\/\\\/www.ortungsgerate.de\\\/#\\\/schema\\\/logo\\\/image\\\/\"}}]}<\/script>\n<!-- \/ Yoast SEO Premium plugin. -->","yoast_head_json":{"title":"Kugelschreiber mit versteckter Kamera FULL HD Blickwinkel: 90 \u00b0","description":"Kugelschreiber mit verdeckt integrierter FULL HD Kamera, Blickwinkel: 90\u00b0. Ideal zum Sammeln von Beweismaterial und zum Aufdecken von Betrug. Kompakter Kugelschreiber zum Filmen","robots":{"index":"index","follow":"follow","max-snippet":"max-snippet:-1","max-image-preview":"max-image-preview:large","max-video-preview":"max-video-preview:-1"},"canonical":"https:\/\/www.ortungsgerate.de\/ru\/12-skrytyje-kamery\/17-zamaskirovanyje-kamery\/sharikovaya-ruchka-so-skrytno-vstroennoy-kameroy-full-hd-ugol-obzora-90\/","og_locale":"ru_RU","og_type":"article","og_title":"Kugelschreiber mit versteckt eingebauter FULL HD Kamera, \u00dcberwachungswinkel: 90 \u00b0","og_description":"Kugelschreiber mit verdeckt integrierter FULL HD Kamera, Blickwinkel: 90\u00b0. Ideal zum Sammeln von Beweismaterial und zum Aufdecken von Betrug. Kompakter Kugelschreiber zum Filmen","og_url":"https:\/\/www.ortungsgerate.de\/ru\/12-skrytyje-kamery\/17-zamaskirovanyje-kamery\/sharikovaya-ruchka-so-skrytno-vstroennoy-kameroy-full-hd-ugol-obzora-90\/","og_site_name":"Ortungsger\u00e4te.de","article_modified_time":"2025-11-26T17:01:36+00:00","og_image":[{"width":708,"height":491,"url":"https:\/\/www.ortungsgerate.de\/wp-content\/uploads\/tusinukas-su-slapta-imontuota-kamera-full-hd-stebejimo-kampas-90.jpg","type":"image\/jpeg"}],"twitter_card":"summary_large_image","twitter_misc":{"\u041f\u0440\u0438\u043c\u0435\u0440\u043d\u043e\u0435 \u0432\u0440\u0435\u043c\u044f \u0434\u043b\u044f \u0447\u0442\u0435\u043d\u0438\u044f":"3 \u043c\u0438\u043d\u0443\u0442\u044b"},"schema":{"@context":"https:\/\/schema.org","@graph":[{"@type":"WebPage","@id":"https:\/\/www.ortungsgerate.de\/12-versteckte-kameras\/17-getarnte-kameras\/kugelschreiber-mit-versteckt-eingebauter-full-hd-kamera-ueberwachungswinkel-90\/","url":"https:\/\/www.ortungsgerate.de\/12-versteckte-kameras\/17-getarnte-kameras\/kugelschreiber-mit-versteckt-eingebauter-full-hd-kamera-ueberwachungswinkel-90\/","name":"Kugelschreiber mit versteckter Kamera FULL HD Blickwinkel: 90 \u00b0","isPartOf":{"@id":"https:\/\/www.ortungsgerate.de\/#website"},"primaryImageOfPage":{"@id":"https:\/\/www.ortungsgerate.de\/12-versteckte-kameras\/17-getarnte-kameras\/kugelschreiber-mit-versteckt-eingebauter-full-hd-kamera-ueberwachungswinkel-90\/#primaryimage"},"image":{"@id":"https:\/\/www.ortungsgerate.de\/12-versteckte-kameras\/17-getarnte-kameras\/kugelschreiber-mit-versteckt-eingebauter-full-hd-kamera-ueberwachungswinkel-90\/#primaryimage"},"thumbnailUrl":"https:\/\/www.ortungsgerate.de\/wp-content\/uploads\/tusinukas-su-slapta-imontuota-kamera-full-hd-stebejimo-kampas-90.jpg","datePublished":"2024-02-06T19:36:05+00:00","dateModified":"2025-11-26T17:01:36+00:00","description":"Kugelschreiber mit verdeckt integrierter FULL HD Kamera, Blickwinkel: 90\u00b0. Ideal zum Sammeln von Beweismaterial und zum Aufdecken von Betrug. Kompakter Kugelschreiber zum Filmen","breadcrumb":{"@id":"https:\/\/www.ortungsgerate.de\/12-versteckte-kameras\/17-getarnte-kameras\/kugelschreiber-mit-versteckt-eingebauter-full-hd-kamera-ueberwachungswinkel-90\/#breadcrumb"},"inLanguage":"ru-RU","potentialAction":[{"@type":"ReadAction","target":["https:\/\/www.ortungsgerate.de\/12-versteckte-kameras\/17-getarnte-kameras\/kugelschreiber-mit-versteckt-eingebauter-full-hd-kamera-ueberwachungswinkel-90\/"]}]},{"@type":"ImageObject","inLanguage":"ru-RU","@id":"https:\/\/www.ortungsgerate.de\/12-versteckte-kameras\/17-getarnte-kameras\/kugelschreiber-mit-versteckt-eingebauter-full-hd-kamera-ueberwachungswinkel-90\/#primaryimage","url":"https:\/\/www.ortungsgerate.de\/wp-content\/uploads\/tusinukas-su-slapta-imontuota-kamera-full-hd-stebejimo-kampas-90.jpg","contentUrl":"https:\/\/www.ortungsgerate.de\/wp-content\/uploads\/tusinukas-su-slapta-imontuota-kamera-full-hd-stebejimo-kampas-90.jpg","width":708,"height":491,"caption":"Stift mit versteckter Full HD Kamera"},{"@type":"BreadcrumbList","@id":"https:\/\/www.ortungsgerate.de\/12-versteckte-kameras\/17-getarnte-kameras\/kugelschreiber-mit-versteckt-eingebauter-full-hd-kamera-ueberwachungswinkel-90\/#breadcrumb","itemListElement":[{"@type":"ListItem","position":1,"name":"Startseite","item":"https:\/\/www.ortungsgerate.de\/"},{"@type":"ListItem","position":2,"name":"Shop","item":"https:\/\/www.ortungsgerate.de\/shop\/"},{"@type":"ListItem","position":3,"name":"Kugelschreiber mit versteckt eingebauter FULL HD Kamera, \u00dcberwachungswinkel: 90 \u00b0"}]},{"@type":"WebSite","@id":"https:\/\/www.ortungsgerate.de\/#website","url":"https:\/\/www.ortungsgerate.de\/","name":"Ortungsgerate.de","description":"","publisher":{"@id":"https:\/\/www.ortungsgerate.de\/#organization"},"potentialAction":[{"@type":"SearchAction","target":{"@type":"EntryPoint","urlTemplate":"https:\/\/www.ortungsgerate.de\/?s={search_term_string}"},"query-input":{"@type":"PropertyValueSpecification","valueRequired":true,"valueName":"search_term_string"}}],"inLanguage":"ru-RU"},{"@type":"Organization","@id":"https:\/\/www.ortungsgerate.de\/#organization","name":"Ortungsgerate.de","url":"https:\/\/www.ortungsgerate.de\/","logo":{"@type":"ImageObject","inLanguage":"ru-RU","@id":"https:\/\/www.ortungsgerate.de\/#\/schema\/logo\/image\/","url":"https:\/\/www.ortungsgerate.de\/wp-content\/uploads\/ortungsgerate.png","contentUrl":"https:\/\/www.ortungsgerate.de\/wp-content\/uploads\/ortungsgerate.png","width":500,"height":135,"caption":"Ortungsgerate.de"},"image":{"@id":"https:\/\/www.ortungsgerate.de\/#\/schema\/logo\/image\/"}}]}},"_links":{"self":[{"href":"https:\/\/www.ortungsgerate.de\/ru\/wp-json\/wp\/v2\/product\/16501","targetHints":{"allow":["GET"]}}],"collection":[{"href":"https:\/\/www.ortungsgerate.de\/ru\/wp-json\/wp\/v2\/product"}],"about":[{"href":"https:\/\/www.ortungsgerate.de\/ru\/wp-json\/wp\/v2\/types\/product"}],"version-history":[{"count":0,"href":"https:\/\/www.ortungsgerate.de\/ru\/wp-json\/wp\/v2\/product\/16501\/revisions"}],"wp:featuredmedia":[{"embeddable":true,"href":"https:\/\/www.ortungsgerate.de\/ru\/wp-json\/wp\/v2\/media\/1248"}],"wp:attachment":[{"href":"https:\/\/www.ortungsgerate.de\/ru\/wp-json\/wp\/v2\/media?parent=16501"}],"wp:term":[{"taxonomy":"brand","embeddable":true,"href":"https:\/\/www.ortungsgerate.de\/ru\/wp-json\/wp\/v2\/etheme_brands?post=16501"},{"taxonomy":"product_brand","embeddable":true,"href":"https:\/\/www.ortungsgerate.de\/ru\/wp-json\/wp\/v2\/product_brand?post=16501"},{"taxonomy":"product_cat","embeddable":true,"href":"https:\/\/www.ortungsgerate.de\/ru\/wp-json\/wp\/v2\/product_cat?post=16501"},{"taxonomy":"product_tag","embeddable":true,"href":"https:\/\/www.ortungsgerate.de\/ru\/wp-json\/wp\/v2\/product_tag?post=16501"}],"curies":[{"name":"wp","href":"https:\/\/api.w.org\/{rel}","templated":true}]}}