{"id":16503,"date":"2024-02-06T21:37:30","date_gmt":"2024-02-06T19:37:30","guid":{"rendered":"https:\/\/ortungsgerate.de\/be-kategorijos\/4g-kamera-uzmaskuota-dumu-daviklyje-su-sim\/"},"modified":"2025-11-26T19:01:36","modified_gmt":"2025-11-26T17:01:36","slug":"4g-kamera-zamaskirovannaya-v-dymovom-detektore-s-sim","status":"publish","type":"product","link":"https:\/\/www.ortungsgerate.de\/ru\/12-skrytyje-kamery\/27-wlan-mini-kamery\/4g-kamera-zamaskirovannaya-v-dymovom-detektore-s-sim\/","title":{"rendered":"4G \u043a\u0430\u043c\u0435\u0440\u0430, \u0437\u0430\u043c\u0430\u0441\u043a\u0438\u0440\u043e\u0432\u0430\u043d\u043d\u0430\u044f \u0432 \u0434\u044b\u043c\u043e\u0432\u043e\u043c \u0434\u0435\u0442\u0435\u043a\u0442\u043e\u0440\u0435 \u0441 SIM"},"content":{"rendered":"<h3>\u0422\u0435\u0445\u043d\u0438\u0447\u0435\u0441\u043a\u0438\u0435<strong>\u00a0\u043f\u0430\u0440\u0430\u043c\u0435\u0442\u0440\u044b:<\/strong><\/h3>\n<ul>\n<li>Fernansicht: JA<\/li>\n<li>\u0412\u0438\u0434\u0435\u043e\u0437\u0430\u043f\u0438\u0441\u044c \u0441\u043e \u0437\u0432\u0443\u043a\u043e\u043c<\/li>\n<li>Videoqualit\u00e4t: Live-Ansicht: FULL HD1080P,<\/li>\n<li>Live-Ansicht m\u00f6glich \u00fcber: Telefon, Computer und Tablet<\/li>\n<li>\u041e\u043f\u0442\u0438\u043a\u0430: 3,7 \u043c\u043c<\/li>\n<li>\u0423\u0432\u0435\u0434\u043e\u043c\u043b\u0435\u043d\u0438\u044f \u043d\u0430 \u0442\u0435\u043b\u0435\u0444\u043e\u043d: \u0414\u0430<\/li>\n<li>\u0421\u043b\u043e\u0442 \u0434\u043b\u044f SIM-\u043a\u0430\u0440\u0442\u044b: \u0414\u0430<\/li>\n<li>\u0420\u0435\u0436\u0438\u043c \u043e\u0431\u043d\u0430\u0440\u0443\u0436\u0435\u043d\u0438\u044f \u0434\u0432\u0438\u0436\u0435\u043d\u0438\u044f: \u0414\u0410 (\u0446\u0438\u0444\u0440\u043e\u0432\u043e\u0439)<\/li>\n<li>\u0423\u0433\u043e\u043b \u043e\u0431\u0437\u043e\u0440\u0430: 90 \u00b0<\/li>\n<li>Unterst\u00fctzte Karte:\u00a0bis zu 128 GB (Karte nicht enthalten)<\/li>\n<li>\u0424\u043e\u0440\u043c\u0430\u0442 \u0441\u0436\u0430\u0442\u0438\u044f: AVI H.264<\/li>\n<li>\u041f\u043e\u0434\u0434\u0435\u0440\u0436\u0438\u0432\u0430\u0435\u043c\u044b\u0435 \u0441\u0438\u0441\u0442\u0435\u043c\u044b: \u201eiOS\u201c \u201eAndroid\u201c \u201eWindows\u201c<\/li>\n<li>\u041f\u0440\u0438\u043b\u043e\u0436\u0435\u043d\u0438\u0435 \u0434\u043b\u044f \u043c\u043e\u0431\u0438\u043b\u044c\u043d\u044b\u0445 \u0443\u0441\u0442\u0440\u043e\u0439\u0441\u0442\u0432: \u0414\u0430<\/li>\n<li>Stromversorgung:\u00a0 Steckdose (5 V)<\/li>\n<li>Wi-Fi:\u00a0Ja<\/li>\n<li>Aufnahmesteuerung: \u00a0\u00fcber jedes Smart-Ger\u00e4t (Telefon, Computer oder Tablet).<\/li>\n<li>\u0413\u0430\u0440\u0430\u043d\u0442\u0438\u044f 12 \u043c\u0435\u0441\u044f\u0446\u0435\u0432<\/li>\n<\/ul>\n<p>Die Gew\u00e4hrleistung der Sicherheit ist f\u00fcr jeden von uns wichtig, daher ist es nicht verwunderlich, dass der Einsatz von \u00dcberwachungskameras immer beliebter wird. Die Einsatzm\u00f6glichkeiten von \u00dcberwachungskameras sind sehr breit: Sie k\u00f6nnen n\u00fctzlich sein, wenn man sehen m\u00f6chte, was in Innenr\u00e4umen oder im Au\u00dfenbereich geschieht. Manchmal wird angestrebt, dass die Kamera so unauff\u00e4llig wie m\u00f6glich oder sogar getarnt ist, daher kann ein Rauchmelder mit 4G-Spionagekamera eine wirklich vorteilhafte Wahl sein. Diese Kamera kann nahezu in jedem Raum eingesetzt werden \u2013 ein Rauchmelder erregt keinerlei Verdacht.<\/p>\n<p><strong>\u0414\u043b\u044f \u043a\u0430\u043c\u0435\u0440\u044b \u043f\u043e\u0434\u0445\u043e\u0434\u044f\u0442 \u0432\u0441\u0435 SIM-\u043a\u0430\u0440\u0442\u044b<\/strong><\/p>\n<p>In letzter Zeit sto\u00dfen Kameras, die mit SIM-Karten arbeiten, auf immer gr\u00f6\u00dferes Interesse: Die Nutzung solcher Kameras ist sehr einfach und bequem. Es gen\u00fcgt, eine SIM-Karte eines bestimmten Netzbetreibers zu w\u00e4hlen, und schon bald k\u00f6nnen Sie mit der Aufzeichnung von Videoaufnahmen beginnen. Der Rauchmelder mit 4G-Spionagekamera kann sogar in Bereichen verwendet werden, in denen kein Wi-Fi-Netz vorhanden ist \u2013 wichtig ist lediglich, dass der gew\u00e4hlte SIM-Karten-Anbieter die Funktion des mobilen Internets sicherstellt.<\/p>\n<p><strong>Breite Einsatzm\u00f6glichkeiten<\/strong><\/p>\n<p>Der Rauchmelder mit Spionagekamera ist f\u00fcr die Nutzung in Innenr\u00e4umen vorgesehen. Dieses Ger\u00e4t k\u00f6nnen Sie in Ihrem Zuhause oder Gartenhaus, im B\u00fcro usw. einsetzen. Die Einsatzm\u00f6glichkeiten sind wirklich vielf\u00e4ltig: Die Kamera kann zur \u00dcberwachung der Arbeit eines Kinderm\u00e4dchens oder anderer Personen genutzt werden, au\u00dferdem kann die Kamera in B\u00fcros verwendet werden, in denen man sich von der Ehrlichkeit der Mitarbeiter \u00fcberzeugen m\u00f6chte usw. Es ist nicht immer einfach herauszufinden, ob bestimmte Personen wirklich ehrlich sind, daher kann eine Spionagekamera eine sehr geeignete L\u00f6sung sein.<\/p>\n<p><strong>Einfache Inbetriebnahme der Kamera<\/strong><\/p>\n<p>Sie m\u00fcssen sich keinesfalls sorgen, dass die Nutzung der Kamera eine zu lange Analyse der Bedienungsanleitung erfordert: Es gen\u00fcgt, die SIM-Karte des gew\u00e4hlten Netzbetreibers einzusetzen, und schon bald k\u00f6nnen Sie alle Vorteile der Kamera nutzen. Der Rauchmelder mit 4G-Spionagekamera kann an Orten eingesetzt werden, an denen auch eine Rauchdetektion sinnvoll ist (z. B. in der K\u00fcche oder in einem anderen Raum mit wertvollen Gegenst\u00e4nden): In diesem Fall k\u00f6nnen Sie v\u00f6llig sicher sein, dass die Kamera keinerlei Verdacht erregen wird.<\/p>\n<p><strong>\u041d\u0435\u043e\u0433\u0440\u0430\u043d\u0438\u0447\u0435\u043d\u043d\u044b\u0439 \u0440\u0430\u0434\u0438\u0443\u0441 \u0434\u0435\u0439\u0441\u0442\u0432\u0438\u044f<\/strong><\/p>\n<p>Die verdeckte 4G-Kamera \u00fcberzeugt auch dadurch, dass ihre Reichweite unbegrenzt ist: Ganz gleich, wo Sie sich befinden, Sie k\u00f6nnen sich jederzeit mit der App verbinden und nachsehen, was gerade in dem von Ihnen \u00fcberwachten Raum geschieht. Die aufgezeichneten Bilder k\u00f6nnen Sie von jedem Ort der Welt aus verfolgen, sodass Sie sich keine Sorgen machen m\u00fcssen, w\u00e4hrend des Urlaubs in anderen L\u00e4ndern etwas Wichtiges zu verpassen.<\/p>\n<p><strong>Bewegungserkennungsfunktion<\/strong><\/p>\n<p>Nat\u00fcrlich hat niemand die Zeit, die aufgezeichneten Videos st\u00e4ndig zu verfolgen, daher ist es sinnvoll, Spionagekameras mit Bewegungserkennungsfunktion zu w\u00e4hlen. Wenn Sie sich f\u00fcr einen Rauchmelder mit versteckter 4G-Kamera entscheiden, k\u00f6nnen Sie Benachrichtigungen erhalten, sobald im Raum eine Bewegung erkannt wird: Sie m\u00fcssen nicht st\u00e4ndig \u00fcberpr\u00fcfen, ob gerade etwas passiert, und k\u00f6nnen somit eine Menge Zeit sparen.<\/p>\n<p><strong>\u0412\u043e\u0437\u043c\u043e\u0436\u043d\u043e\u0441\u0442\u044c \u0432\u044b\u0431\u043e\u0440\u0430 \u043a\u0430\u0440\u0442\u044b \u043f\u0430\u043c\u044f\u0442\u0438 \u0441 \u0432\u044b\u0441\u043e\u043a\u043e\u0439 \u0435\u043c\u043a\u043e\u0441\u0442\u044c\u044e<\/strong><\/p>\n<p>Bei der Auswahl einer \u00dcberwachungskamera wird h\u00e4ufig auch die maximal unterst\u00fctzte Kapazit\u00e4t der Speicherkarte zu einem wichtigen Kriterium. Der Rauchmelder mit 4G-Spionagekamera unterst\u00fctzt MicroSD-Karten mit bis zu 128 Gigabyte, was die M\u00f6glichkeit bietet, eine wirklich gro\u00dfe Menge an Videoaufnahmen zu speichern, die sp\u00e4ter auf einen Computer \u00fcbertragen werden k\u00f6nnen.<\/p>\n<p><strong>Sorgen Sie f\u00fcr die Sicherheit Ihrer R\u00e4ume<\/strong><\/p>\n<p>Heute ist es so einfach wie nie zuvor, f\u00fcr die eigene Sicherheit zu sorgen, da wir die M\u00f6glichkeit haben, verschiedene Ger\u00e4te zu nutzen, die helfen k\u00f6nnen herauszufinden, was gerade in einem bestimmten Raum geschieht. Wenn Sie eine Spionagekamera w\u00e4hlen, k\u00f6nnen Sie die Bilder v\u00f6llig unauff\u00e4llig beobachten, sodass die sich in den R\u00e4umen aufhaltenden Personen nicht wissen, dass sie \u00fcberwacht werden, und sich so verhalten, wie sie es gewohnt sind.<\/p>","protected":false},"excerpt":{"rendered":"<p>Technische\u00a0Parameter: Fernansicht: JA Videoaufzeichnung mit Ton Videoqualit\u00e4t: Live-Ansicht: FULL HD1080P, Live-Ansicht m\u00f6glich \u00fcber: Telefon, Computer und Tablet Optik: 3,7 mm Benachrichtigungen auf das Telefon: Ja&#8230;<\/p>","protected":false},"featured_media":26472,"template":"","meta":[],"etheme_brands":[],"product_brand":[],"product_cat":[219,203,205],"product_tag":[687,739,705,690,691,693],"class_list":{"0":"post-16503","1":"product","2":"type-product","3":"status-publish","4":"has-post-thumbnail","6":"product_cat-30-4g-kameras","7":"product_cat-12-versteckte-kameras","8":"product_cat-27-wlan-minikameras","9":"product_tag-kamera-zur-ueberwachung","10":"product_tag-spionagekamera","11":"product_tag-ueberwachungskamera","12":"product_tag-versteckte-kamera","13":"product_tag-versteckte-ueberwachungskamera","14":"product_tag-wlan-kamera","15":"pa_typ-rauchmelder-alarmmelder","17":"first","18":"instock","19":"taxable","20":"shipping-taxable","21":"purchasable","22":"product-type-simple"},"yoast_head":"<!-- This site is optimized with the Yoast SEO Premium plugin v25.9 (Yoast SEO v27.4) - https:\/\/yoast.com\/product\/yoast-seo-premium-wordpress\/ -->\n<title>4G-Spionagekamera im Rauchmelder verborgen \u2013 unterst\u00fctzt Wi\u2011Fi 128 GB<\/title>\n<meta name=\"description\" content=\"GSM-Spionagekamera mit SIM-Karte. Keine WLAN-Verbindung erforderlich \u2013 funktioniert weltweit. Hohe Bildqualit\u00e4t, App f\u00fcr Smartphones. Schnelle Lieferung der Ware\" \/>\n<meta name=\"robots\" content=\"index, follow, max-snippet:-1, max-image-preview:large, max-video-preview:-1\" \/>\n<link rel=\"canonical\" href=\"https:\/\/www.ortungsgerate.de\/ru\/12-skrytyje-kamery\/30-4g-kamery-2\/4g-kamera-zamaskirovannaya-v-dymovom-detektore-s-sim\/\" \/>\n<meta property=\"og:locale\" content=\"ru_RU\" \/>\n<meta property=\"og:type\" content=\"article\" \/>\n<meta property=\"og:title\" content=\"4G Kamera getarnt in Rauchmelder mit SIM\" \/>\n<meta property=\"og:description\" content=\"GSM-Spionagekamera mit SIM-Karte. Keine WLAN-Verbindung erforderlich \u2013 funktioniert weltweit. Hohe Bildqualit\u00e4t, App f\u00fcr Smartphones. Schnelle Lieferung der Ware\" \/>\n<meta property=\"og:url\" content=\"https:\/\/www.ortungsgerate.de\/ru\/12-skrytyje-kamery\/30-4g-kamery-2\/4g-kamera-zamaskirovannaya-v-dymovom-detektore-s-sim\/\" \/>\n<meta property=\"og:site_name\" content=\"Ortungsger\u00e4te.de\" \/>\n<meta property=\"article:modified_time\" content=\"2025-11-26T17:01:36+00:00\" \/>\n<meta property=\"og:image\" content=\"https:\/\/www.ortungsgerate.de\/wp-content\/uploads\/dumu-daviklis-slapta-vaizdo-kamera-4g-su-sim-kortele.jpg\" \/>\n\t<meta property=\"og:image:width\" content=\"598\" \/>\n\t<meta property=\"og:image:height\" content=\"554\" \/>\n\t<meta property=\"og:image:type\" content=\"image\/jpeg\" \/>\n<meta name=\"twitter:card\" content=\"summary_large_image\" \/>\n<meta name=\"twitter:label1\" content=\"\u041f\u0440\u0438\u043c\u0435\u0440\u043d\u043e\u0435 \u0432\u0440\u0435\u043c\u044f \u0434\u043b\u044f \u0447\u0442\u0435\u043d\u0438\u044f\" \/>\n\t<meta name=\"twitter:data1\" content=\"4 \u043c\u0438\u043d\u0443\u0442\u044b\" \/>\n<script type=\"application\/ld+json\" class=\"yoast-schema-graph\">{\"@context\":\"https:\\\/\\\/schema.org\",\"@graph\":[{\"@type\":\"WebPage\",\"@id\":\"https:\\\/\\\/www.ortungsgerate.de\\\/12-versteckte-kameras\\\/30-4g-kameras\\\/4g-kamera-getarnt-in-rauchmelder-mit-sim\\\/\",\"url\":\"https:\\\/\\\/www.ortungsgerate.de\\\/12-versteckte-kameras\\\/30-4g-kameras\\\/4g-kamera-getarnt-in-rauchmelder-mit-sim\\\/\",\"name\":\"4G-Spionagekamera im Rauchmelder verborgen \u2013 unterst\u00fctzt Wi\u2011Fi 128 GB\",\"isPartOf\":{\"@id\":\"https:\\\/\\\/www.ortungsgerate.de\\\/#website\"},\"primaryImageOfPage\":{\"@id\":\"https:\\\/\\\/www.ortungsgerate.de\\\/12-versteckte-kameras\\\/30-4g-kameras\\\/4g-kamera-getarnt-in-rauchmelder-mit-sim\\\/#primaryimage\"},\"image\":{\"@id\":\"https:\\\/\\\/www.ortungsgerate.de\\\/12-versteckte-kameras\\\/30-4g-kameras\\\/4g-kamera-getarnt-in-rauchmelder-mit-sim\\\/#primaryimage\"},\"thumbnailUrl\":\"https:\\\/\\\/www.ortungsgerate.de\\\/wp-content\\\/uploads\\\/dumu-daviklis-slapta-vaizdo-kamera-4g-su-sim-kortele.jpg\",\"datePublished\":\"2024-02-06T19:37:30+00:00\",\"dateModified\":\"2025-11-26T17:01:36+00:00\",\"description\":\"GSM-Spionagekamera mit SIM-Karte. Keine WLAN-Verbindung erforderlich \u2013 funktioniert weltweit. Hohe Bildqualit\u00e4t, App f\u00fcr Smartphones. Schnelle Lieferung der Ware\",\"breadcrumb\":{\"@id\":\"https:\\\/\\\/www.ortungsgerate.de\\\/12-versteckte-kameras\\\/30-4g-kameras\\\/4g-kamera-getarnt-in-rauchmelder-mit-sim\\\/#breadcrumb\"},\"inLanguage\":\"ru-RU\",\"potentialAction\":[{\"@type\":\"ReadAction\",\"target\":[\"https:\\\/\\\/www.ortungsgerate.de\\\/12-versteckte-kameras\\\/30-4g-kameras\\\/4g-kamera-getarnt-in-rauchmelder-mit-sim\\\/\"]}]},{\"@type\":\"ImageObject\",\"inLanguage\":\"ru-RU\",\"@id\":\"https:\\\/\\\/www.ortungsgerate.de\\\/12-versteckte-kameras\\\/30-4g-kameras\\\/4g-kamera-getarnt-in-rauchmelder-mit-sim\\\/#primaryimage\",\"url\":\"https:\\\/\\\/www.ortungsgerate.de\\\/wp-content\\\/uploads\\\/dumu-daviklis-slapta-vaizdo-kamera-4g-su-sim-kortele.jpg\",\"contentUrl\":\"https:\\\/\\\/www.ortungsgerate.de\\\/wp-content\\\/uploads\\\/dumu-daviklis-slapta-vaizdo-kamera-4g-su-sim-kortele.jpg\",\"width\":598,\"height\":554,\"caption\":\"Rauchmelder versteckte 4G-Videokamera mit SIM-Karte\"},{\"@type\":\"BreadcrumbList\",\"@id\":\"https:\\\/\\\/www.ortungsgerate.de\\\/12-versteckte-kameras\\\/30-4g-kameras\\\/4g-kamera-getarnt-in-rauchmelder-mit-sim\\\/#breadcrumb\",\"itemListElement\":[{\"@type\":\"ListItem\",\"position\":1,\"name\":\"Startseite\",\"item\":\"https:\\\/\\\/www.ortungsgerate.de\\\/\"},{\"@type\":\"ListItem\",\"position\":2,\"name\":\"Shop\",\"item\":\"https:\\\/\\\/www.ortungsgerate.de\\\/shop\\\/\"},{\"@type\":\"ListItem\",\"position\":3,\"name\":\"4G Kamera getarnt in Rauchmelder mit SIM\"}]},{\"@type\":\"WebSite\",\"@id\":\"https:\\\/\\\/www.ortungsgerate.de\\\/#website\",\"url\":\"https:\\\/\\\/www.ortungsgerate.de\\\/\",\"name\":\"Ortungsgerate.de\",\"description\":\"\",\"publisher\":{\"@id\":\"https:\\\/\\\/www.ortungsgerate.de\\\/#organization\"},\"potentialAction\":[{\"@type\":\"SearchAction\",\"target\":{\"@type\":\"EntryPoint\",\"urlTemplate\":\"https:\\\/\\\/www.ortungsgerate.de\\\/?s={search_term_string}\"},\"query-input\":{\"@type\":\"PropertyValueSpecification\",\"valueRequired\":true,\"valueName\":\"search_term_string\"}}],\"inLanguage\":\"ru-RU\"},{\"@type\":\"Organization\",\"@id\":\"https:\\\/\\\/www.ortungsgerate.de\\\/#organization\",\"name\":\"Ortungsgerate.de\",\"url\":\"https:\\\/\\\/www.ortungsgerate.de\\\/\",\"logo\":{\"@type\":\"ImageObject\",\"inLanguage\":\"ru-RU\",\"@id\":\"https:\\\/\\\/www.ortungsgerate.de\\\/#\\\/schema\\\/logo\\\/image\\\/\",\"url\":\"https:\\\/\\\/www.ortungsgerate.de\\\/wp-content\\\/uploads\\\/ortungsgerate.png\",\"contentUrl\":\"https:\\\/\\\/www.ortungsgerate.de\\\/wp-content\\\/uploads\\\/ortungsgerate.png\",\"width\":500,\"height\":135,\"caption\":\"Ortungsgerate.de\"},\"image\":{\"@id\":\"https:\\\/\\\/www.ortungsgerate.de\\\/#\\\/schema\\\/logo\\\/image\\\/\"}}]}<\/script>\n<!-- \/ Yoast SEO Premium plugin. -->","yoast_head_json":{"title":"4G-Spionagekamera im Rauchmelder verborgen \u2013 unterst\u00fctzt Wi\u2011Fi 128 GB","description":"GSM-Spionagekamera mit SIM-Karte. Keine WLAN-Verbindung erforderlich \u2013 funktioniert weltweit. Hohe Bildqualit\u00e4t, App f\u00fcr Smartphones. Schnelle Lieferung der Ware","robots":{"index":"index","follow":"follow","max-snippet":"max-snippet:-1","max-image-preview":"max-image-preview:large","max-video-preview":"max-video-preview:-1"},"canonical":"https:\/\/www.ortungsgerate.de\/ru\/12-skrytyje-kamery\/30-4g-kamery-2\/4g-kamera-zamaskirovannaya-v-dymovom-detektore-s-sim\/","og_locale":"ru_RU","og_type":"article","og_title":"4G Kamera getarnt in Rauchmelder mit SIM","og_description":"GSM-Spionagekamera mit SIM-Karte. Keine WLAN-Verbindung erforderlich \u2013 funktioniert weltweit. Hohe Bildqualit\u00e4t, App f\u00fcr Smartphones. Schnelle Lieferung der Ware","og_url":"https:\/\/www.ortungsgerate.de\/ru\/12-skrytyje-kamery\/30-4g-kamery-2\/4g-kamera-zamaskirovannaya-v-dymovom-detektore-s-sim\/","og_site_name":"Ortungsger\u00e4te.de","article_modified_time":"2025-11-26T17:01:36+00:00","og_image":[{"width":598,"height":554,"url":"https:\/\/www.ortungsgerate.de\/wp-content\/uploads\/dumu-daviklis-slapta-vaizdo-kamera-4g-su-sim-kortele.jpg","type":"image\/jpeg"}],"twitter_card":"summary_large_image","twitter_misc":{"\u041f\u0440\u0438\u043c\u0435\u0440\u043d\u043e\u0435 \u0432\u0440\u0435\u043c\u044f \u0434\u043b\u044f \u0447\u0442\u0435\u043d\u0438\u044f":"4 \u043c\u0438\u043d\u0443\u0442\u044b"},"schema":{"@context":"https:\/\/schema.org","@graph":[{"@type":"WebPage","@id":"https:\/\/www.ortungsgerate.de\/12-versteckte-kameras\/30-4g-kameras\/4g-kamera-getarnt-in-rauchmelder-mit-sim\/","url":"https:\/\/www.ortungsgerate.de\/12-versteckte-kameras\/30-4g-kameras\/4g-kamera-getarnt-in-rauchmelder-mit-sim\/","name":"4G-Spionagekamera im Rauchmelder verborgen \u2013 unterst\u00fctzt Wi\u2011Fi 128 GB","isPartOf":{"@id":"https:\/\/www.ortungsgerate.de\/#website"},"primaryImageOfPage":{"@id":"https:\/\/www.ortungsgerate.de\/12-versteckte-kameras\/30-4g-kameras\/4g-kamera-getarnt-in-rauchmelder-mit-sim\/#primaryimage"},"image":{"@id":"https:\/\/www.ortungsgerate.de\/12-versteckte-kameras\/30-4g-kameras\/4g-kamera-getarnt-in-rauchmelder-mit-sim\/#primaryimage"},"thumbnailUrl":"https:\/\/www.ortungsgerate.de\/wp-content\/uploads\/dumu-daviklis-slapta-vaizdo-kamera-4g-su-sim-kortele.jpg","datePublished":"2024-02-06T19:37:30+00:00","dateModified":"2025-11-26T17:01:36+00:00","description":"GSM-Spionagekamera mit SIM-Karte. Keine WLAN-Verbindung erforderlich \u2013 funktioniert weltweit. Hohe Bildqualit\u00e4t, App f\u00fcr Smartphones. Schnelle Lieferung der Ware","breadcrumb":{"@id":"https:\/\/www.ortungsgerate.de\/12-versteckte-kameras\/30-4g-kameras\/4g-kamera-getarnt-in-rauchmelder-mit-sim\/#breadcrumb"},"inLanguage":"ru-RU","potentialAction":[{"@type":"ReadAction","target":["https:\/\/www.ortungsgerate.de\/12-versteckte-kameras\/30-4g-kameras\/4g-kamera-getarnt-in-rauchmelder-mit-sim\/"]}]},{"@type":"ImageObject","inLanguage":"ru-RU","@id":"https:\/\/www.ortungsgerate.de\/12-versteckte-kameras\/30-4g-kameras\/4g-kamera-getarnt-in-rauchmelder-mit-sim\/#primaryimage","url":"https:\/\/www.ortungsgerate.de\/wp-content\/uploads\/dumu-daviklis-slapta-vaizdo-kamera-4g-su-sim-kortele.jpg","contentUrl":"https:\/\/www.ortungsgerate.de\/wp-content\/uploads\/dumu-daviklis-slapta-vaizdo-kamera-4g-su-sim-kortele.jpg","width":598,"height":554,"caption":"Rauchmelder versteckte 4G-Videokamera mit SIM-Karte"},{"@type":"BreadcrumbList","@id":"https:\/\/www.ortungsgerate.de\/12-versteckte-kameras\/30-4g-kameras\/4g-kamera-getarnt-in-rauchmelder-mit-sim\/#breadcrumb","itemListElement":[{"@type":"ListItem","position":1,"name":"Startseite","item":"https:\/\/www.ortungsgerate.de\/"},{"@type":"ListItem","position":2,"name":"Shop","item":"https:\/\/www.ortungsgerate.de\/shop\/"},{"@type":"ListItem","position":3,"name":"4G Kamera getarnt in Rauchmelder mit SIM"}]},{"@type":"WebSite","@id":"https:\/\/www.ortungsgerate.de\/#website","url":"https:\/\/www.ortungsgerate.de\/","name":"Ortungsgerate.de","description":"","publisher":{"@id":"https:\/\/www.ortungsgerate.de\/#organization"},"potentialAction":[{"@type":"SearchAction","target":{"@type":"EntryPoint","urlTemplate":"https:\/\/www.ortungsgerate.de\/?s={search_term_string}"},"query-input":{"@type":"PropertyValueSpecification","valueRequired":true,"valueName":"search_term_string"}}],"inLanguage":"ru-RU"},{"@type":"Organization","@id":"https:\/\/www.ortungsgerate.de\/#organization","name":"Ortungsgerate.de","url":"https:\/\/www.ortungsgerate.de\/","logo":{"@type":"ImageObject","inLanguage":"ru-RU","@id":"https:\/\/www.ortungsgerate.de\/#\/schema\/logo\/image\/","url":"https:\/\/www.ortungsgerate.de\/wp-content\/uploads\/ortungsgerate.png","contentUrl":"https:\/\/www.ortungsgerate.de\/wp-content\/uploads\/ortungsgerate.png","width":500,"height":135,"caption":"Ortungsgerate.de"},"image":{"@id":"https:\/\/www.ortungsgerate.de\/#\/schema\/logo\/image\/"}}]}},"_links":{"self":[{"href":"https:\/\/www.ortungsgerate.de\/ru\/wp-json\/wp\/v2\/product\/16503","targetHints":{"allow":["GET"]}}],"collection":[{"href":"https:\/\/www.ortungsgerate.de\/ru\/wp-json\/wp\/v2\/product"}],"about":[{"href":"https:\/\/www.ortungsgerate.de\/ru\/wp-json\/wp\/v2\/types\/product"}],"version-history":[{"count":0,"href":"https:\/\/www.ortungsgerate.de\/ru\/wp-json\/wp\/v2\/product\/16503\/revisions"}],"wp:featuredmedia":[{"embeddable":true,"href":"https:\/\/www.ortungsgerate.de\/ru\/wp-json\/wp\/v2\/media\/26472"}],"wp:attachment":[{"href":"https:\/\/www.ortungsgerate.de\/ru\/wp-json\/wp\/v2\/media?parent=16503"}],"wp:term":[{"taxonomy":"brand","embeddable":true,"href":"https:\/\/www.ortungsgerate.de\/ru\/wp-json\/wp\/v2\/etheme_brands?post=16503"},{"taxonomy":"product_brand","embeddable":true,"href":"https:\/\/www.ortungsgerate.de\/ru\/wp-json\/wp\/v2\/product_brand?post=16503"},{"taxonomy":"product_cat","embeddable":true,"href":"https:\/\/www.ortungsgerate.de\/ru\/wp-json\/wp\/v2\/product_cat?post=16503"},{"taxonomy":"product_tag","embeddable":true,"href":"https:\/\/www.ortungsgerate.de\/ru\/wp-json\/wp\/v2\/product_tag?post=16503"}],"curies":[{"name":"wp","href":"https:\/\/api.w.org\/{rel}","templated":true}]}}