{"id":16506,"date":"2025-03-02T22:41:16","date_gmt":"2025-03-02T20:41:16","guid":{"rendered":"https:\/\/ortungsgerate.de\/be-kategorijos\/profesionali-pasiklausymo-iranga-su-labai-ilgu-baterijos-budejimo-laiku\/"},"modified":"2025-11-26T19:01:36","modified_gmt":"2025-11-26T17:01:36","slug":"professionalnye-podslushivayuschie-ustroystva-s-ochen-dolgim-vremenem-raboty-v-rezhime-ozhidaniya-batarei","status":"publish","type":"product","link":"https:\/\/www.ortungsgerate.de\/ru\/16-proslushivayushcheye-oborudovaniye-2\/22-gsm-podslushivayushcheye-ustroystvo-zhuchki-2\/professionalnye-podslushivayuschie-ustroystva-s-ochen-dolgim-vremenem-raboty-v-rezhime-ozhidaniya-batarei\/","title":{"rendered":"\u041f\u0440\u043e\u0444\u0435\u0441\u0441\u0438\u043e\u043d\u0430\u043b\u044c\u043d\u044b\u0435 \u043f\u043e\u0434\u0441\u043b\u0443\u0448\u0438\u0432\u0430\u044e\u0449\u0438\u0435 \u0443\u0441\u0442\u0440\u043e\u0439\u0441\u0442\u0432\u0430 \u0441 \u043e\u0447\u0435\u043d\u044c \u0434\u043e\u043b\u0433\u0438\u043c \u0432\u0440\u0435\u043c\u0435\u043d\u0435\u043c \u0440\u0430\u0431\u043e\u0442\u044b \u0432 \u0440\u0435\u0436\u0438\u043c\u0435 \u043e\u0436\u0438\u0434\u0430\u043d\u0438\u044f \u0431\u0430\u0442\u0430\u0440\u0435\u0438"},"content":{"rendered":"<h3><strong>\u0422\u0435\u0445\u043d\u0438\u0447\u0435\u0441\u043a\u0438\u0435 \u0434\u0430\u043d\u043d\u044b\u0435:<\/strong><\/h3>\n<\/p>\n<ul>\n<li>Das Ger\u00e4t kann in 4 Frequenzen arbeiten: 850 MHz \/ 900 MHz \/ 1800 MHz \/ 1900 MHz;<\/li>\n<li>Audio\u00fcbertragung erfolgt \u00fcber GSM-Netz<\/li>\n<li>Batterie: extern (Lithium-Ionen, 9000mAh)<\/li>\n<li>Standby: 125-187 Tage<\/li>\n<li>Funktionsdauer im R\u00fcckrufmodus: etwa 12 Tage<\/li>\n<li>Funktionsdauer im Dauerh\u00f6rmodus: 70 Stunden<\/li>\n<li>Microfon: hochwertig, klarer Klang (\u00fcber f\u00fcnf Meter Entfernung)<\/li>\n<li>Abmessungen 45mm x 29mm x 3mm (ohne Batterie);<\/li>\n<li>Gewicht 6 g (ohne Batterie).<\/li>\n<li><strong>\u0413\u0410\u0420\u0410\u041d\u0422\u0418\u042f 12 \u043c\u0435\u0441\u044f\u0446\u0435\u0432<\/strong><\/li>\n<\/ul>\n<p><span style=\"color:#d0121a;\"><\/span><\/p>\n<p>\u0418\u0441\u043f\u043e\u043b\u044c\u0437\u043e\u0432\u0430\u043d\u0438\u0435: \u0434\u043b\u044f \u0432\u0430\u0448\u0435\u0439 \u0431\u0435\u0437\u043e\u043f\u0430\u0441\u043d\u043e\u0441\u0442\u0438 \u0438 \u0431\u0435\u0437\u043e\u043f\u0430\u0441\u043d\u043e\u0441\u0442\u0438 \u0432\u0430\u0448\u0438\u0445 \u0434\u0435\u0442\u0435\u0439.<\/p>\n<\/p>\n<p><strong>\u041a\u043e\u043c\u043f\u043b\u0435\u043a\u0442\u0430\u0446\u0438\u044f<\/strong><\/p>\n<ul>\n<li>GSM-Abh\u00f6rger\u00e4t;<\/li>\n<li>Batterie<\/li>\n<li>Batteriekabel<\/li>\n<li>USB-\u043a\u0430\u0431\u0435\u043b\u044c<\/li>\n<\/ul>\n<p>Ein Abh\u00f6rger\u00e4t mit einer Betriebsdauer, die mehrere \u00e4hnliche Ger\u00e4te \u00fcbertrifft, das sich hervorragend f\u00fcr den Einsatz an Orten eignet, an denen kein Zugang zu einer Steckdose besteht (die Batterie des Standby-Abh\u00f6rger\u00e4ts h\u00e4lt etwa 180 Tage). Der extrem klare, hochwertige Klang erm\u00f6glicht es, alles zu h\u00f6ren, was im Raum passiert, und die GSM-Mobilfunkverbindung stellt sicher, dass Sie den Ton auch im Ausland h\u00f6ren k\u00f6nnen (ein breites Frequenzspektrum ist f\u00fcr die internationale Nutzung des Ger\u00e4ts geeignet). F\u00fcr das H\u00f6ren von Ger\u00e4uschen im Raum ist eine SIM-Karte erforderlich, die in das Ger\u00e4t eingelegt wird. Wenn Sie die mit der Karte verbundene Nummer anrufen, k\u00f6nnen Sie mit Ihrem Mobiltelefon h\u00f6ren, was um das Ger\u00e4t herum passiert. Wenn Sie den Ger\u00e4uscherkennungsmodus w\u00e4hlen, m\u00fcssen Sie nicht jedes Mal \u00fcberpr\u00fcfen, ob Sie etwas verpasst haben, da das Abh\u00f6rger\u00e4t Sie \u00fcber einen Anruf an die angegebene Nummer \u00fcber ein erfasstes Ger\u00e4usch informiert.<\/p>\n<p><strong>Professionelle Abh\u00f6rtechnik mit sehr langer Batteriestandby-Zeit<\/strong><\/p>\n<p>Abh\u00f6rtechnik wird normalerweise verwendet, wenn man die Ehrlichkeit bestimmter Personen (von minderj\u00e4hrigen Kindern) \u00fcberpr\u00fcfen m\u00f6chte: Es ist nicht immer einfach, dies ohne Abh\u00f6r- oder Aufnahmeger\u00e4te zu tun. Professionelle Abh\u00f6rtechnik mit langer Batteriestandby-Dauer kann eine wirklich vorteilhafte Wahl sein, da die Batterie im Standby-Modus bis zu 180 Tage halten kann. Im Vergleich zu anderen Abh\u00f6rger\u00e4ten ist die Betriebsdauer dieses Ger\u00e4ts wirklich sehr lang, und w\u00e4hrend dieser Batteriebetriebsdauer k\u00f6nnen Sie eine Menge n\u00fctzlicher Informationen erhalten.<\/p>\n<p>Professionelle Abh\u00f6rtechnik zeichnet sich durch einen \u00e4u\u00dferst hochwertigen Klang aus, sodass Sie sicher sein k\u00f6nnen, dass Sie alle Informationen richtig h\u00f6ren. Die Nutzung eines solchen Ger\u00e4ts ist sehr einfach und bequem: Sie m\u00fcssen lediglich eine SIM-Karte mit einer einzigartigen Telefonnummer einlegen, und wenn Sie h\u00f6ren m\u00f6chten, was um die Wanze herum passiert, k\u00f6nnen Sie diese Nummer anrufen. Sie k\u00f6nnen das Abh\u00f6rger\u00e4t nicht nur auf dem Territorium Litauens, sondern auch au\u00dferhalb davon nutzen, sodass Sie auch dann Gespr\u00e4che und andere Ger\u00e4usche, die um das Abh\u00f6rger\u00e4t herum entstehen, h\u00f6ren k\u00f6nnen, wenn die \u00fcberwachte Person das Land verl\u00e4sst.<\/p>\n<p>Die Batteriestandby-Dauer h\u00e4ngt immer davon ab, in welchem Modus das Abh\u00f6rger\u00e4t verwendet wird. Wenn es kontinuierlich verwendet wird, ist es nat\u00fcrlich, dass die Batterie viel schneller entladen wird, als wenn Sie die Ger\u00e4uscherkennungsfunktion oder den Standby-Modus w\u00e4hlen. Wenn das Abh\u00f6rger\u00e4t Ger\u00e4usche erkennt, wird Ihr Mobiltelefon angerufen, und Sie k\u00f6nnen h\u00f6ren, was um das eingebaute Ger\u00e4t herum passiert. Dies hilft, st\u00e4ndiges Anrufen des Abh\u00f6rger\u00e4ts zu vermeiden und die Sorge, dass ein wichtiges Gespr\u00e4ch verpasst wird. Wenn Sie den Batteriebetrieb im R\u00fcckrufmodus w\u00e4hlen, k\u00f6nnen Sie das Abh\u00f6rger\u00e4t etwa 12 Tage lang nutzen (dies h\u00e4ngt davon ab, wie oft Ger\u00e4usche erkannt werden und wie lange Sie Gespr\u00e4che h\u00f6ren). Wenn Gespr\u00e4che kontinuierlich geh\u00f6rt werden, funktioniert die Batterie etwa 70 Stunden.<\/p>\n<p>Das Set eines professionellen Abh\u00f6rger\u00e4ts besteht aus einem GSM-Abh\u00f6rger\u00e4t, einer Batterie und einem Ladeger\u00e4t f\u00fcr die Batterie. Dieses Ger\u00e4t ist sehr klein und leicht, sodass Sie es problemlos anbringen k\u00f6nnen.<\/p>","protected":false},"excerpt":{"rendered":"<p>Technische Daten: Das Ger\u00e4t kann in 4 Frequenzen arbeiten: 850 MHz \/ 900 MHz \/ 1800 MHz \/ 1900 MHz; Audio\u00fcbertragung erfolgt \u00fcber GSM-Netz Batterie:&#8230;<\/p>","protected":false},"featured_media":1342,"template":"","meta":[],"etheme_brands":[],"product_brand":[],"product_cat":[208,211,214],"product_tag":[79],"class_list":{"0":"post-16506","1":"product","2":"type-product","3":"status-publish","4":"has-post-thumbnail","6":"product_cat-16-abhoergeraete","7":"product_cat-22-gsm-abhoergeraete-wanzen","8":"product_cat-21-professionelle-abhoergeraete","9":"product_tag-gsm-wanze","10":"pa_typ-abhoerwanze","12":"first","13":"outofstock","14":"sale","15":"taxable","16":"shipping-taxable","17":"purchasable","18":"product-type-simple"},"yoast_head":"<!-- This site is optimized with the Yoast SEO Premium plugin v25.9 (Yoast SEO v27.4) - https:\/\/yoast.com\/product\/yoast-seo-premium-wordpress\/ -->\n<title>L\u00e4ngste Betriebsdauer Abh\u00f6rger\u00e4t GSM Abh\u00f6rwanze bis zu 170d.<\/title>\n<meta name=\"description\" content=\"Professionelle Abh\u00f6rger\u00e4te, Abh\u00f6rwanzen, leicht zu verstecken. Lange Akkulaufzeit garantiert etwa 170 Tage Bereitschaft. Ruft zur\u00fcck.\" \/>\n<meta name=\"robots\" content=\"index, follow, max-snippet:-1, max-image-preview:large, max-video-preview:-1\" \/>\n<link rel=\"canonical\" href=\"https:\/\/www.ortungsgerate.de\/ru\/16-proslushivayushcheye-oborudovaniye-2\/21-profesionalnoje-proslushivayushcheye-oborudovaniye\/professionalnye-podslushivayuschie-ustroystva-s-ochen-dolgim-vremenem-raboty-v-rezhime-ozhidaniya-batarei\/\" \/>\n<meta property=\"og:locale\" content=\"ru_RU\" \/>\n<meta property=\"og:type\" content=\"article\" \/>\n<meta property=\"og:title\" content=\"Professionelle Abh\u00f6rger\u00e4te mit sehr langer Batteriestandbyzeit\" \/>\n<meta property=\"og:description\" content=\"Professionelle Abh\u00f6rger\u00e4te, Abh\u00f6rwanzen, leicht zu verstecken. Lange Akkulaufzeit garantiert etwa 170 Tage Bereitschaft. Ruft zur\u00fcck.\" \/>\n<meta property=\"og:url\" content=\"https:\/\/www.ortungsgerate.de\/ru\/16-proslushivayushcheye-oborudovaniye-2\/21-profesionalnoje-proslushivayushcheye-oborudovaniye\/professionalnye-podslushivayuschie-ustroystva-s-ochen-dolgim-vremenem-raboty-v-rezhime-ozhidaniya-batarei\/\" \/>\n<meta property=\"og:site_name\" content=\"Ortungsger\u00e4te.de\" \/>\n<meta property=\"article:modified_time\" content=\"2025-11-26T17:01:36+00:00\" \/>\n<meta property=\"og:image\" content=\"https:\/\/www.ortungsgerate.de\/wp-content\/uploads\/profesionali-pasiklausymo-iranga-su-labai-ilgu-baterijos-budejimo-laiku-170dienu.jpg\" \/>\n\t<meta property=\"og:image:width\" content=\"800\" \/>\n\t<meta property=\"og:image:height\" content=\"800\" \/>\n\t<meta property=\"og:image:type\" content=\"image\/jpeg\" \/>\n<meta name=\"twitter:card\" content=\"summary_large_image\" \/>\n<meta name=\"twitter:label1\" content=\"\u041f\u0440\u0438\u043c\u0435\u0440\u043d\u043e\u0435 \u0432\u0440\u0435\u043c\u044f \u0434\u043b\u044f \u0447\u0442\u0435\u043d\u0438\u044f\" \/>\n\t<meta name=\"twitter:data1\" content=\"3 \u043c\u0438\u043d\u0443\u0442\u044b\" \/>\n<script type=\"application\/ld+json\" class=\"yoast-schema-graph\">{\"@context\":\"https:\\\/\\\/schema.org\",\"@graph\":[{\"@type\":\"WebPage\",\"@id\":\"https:\\\/\\\/www.ortungsgerate.de\\\/16-abhoergeraete\\\/21-professionelle-abhoergeraete\\\/professionelle-abhoergeraete-mit-sehr-langer-batteriestandbyzeit\\\/\",\"url\":\"https:\\\/\\\/www.ortungsgerate.de\\\/16-abhoergeraete\\\/21-professionelle-abhoergeraete\\\/professionelle-abhoergeraete-mit-sehr-langer-batteriestandbyzeit\\\/\",\"name\":\"L\u00e4ngste Betriebsdauer Abh\u00f6rger\u00e4t GSM Abh\u00f6rwanze bis zu 170d.\",\"isPartOf\":{\"@id\":\"https:\\\/\\\/www.ortungsgerate.de\\\/#website\"},\"primaryImageOfPage\":{\"@id\":\"https:\\\/\\\/www.ortungsgerate.de\\\/16-abhoergeraete\\\/21-professionelle-abhoergeraete\\\/professionelle-abhoergeraete-mit-sehr-langer-batteriestandbyzeit\\\/#primaryimage\"},\"image\":{\"@id\":\"https:\\\/\\\/www.ortungsgerate.de\\\/16-abhoergeraete\\\/21-professionelle-abhoergeraete\\\/professionelle-abhoergeraete-mit-sehr-langer-batteriestandbyzeit\\\/#primaryimage\"},\"thumbnailUrl\":\"https:\\\/\\\/www.ortungsgerate.de\\\/wp-content\\\/uploads\\\/profesionali-pasiklausymo-iranga-su-labai-ilgu-baterijos-budejimo-laiku-170dienu.jpg\",\"datePublished\":\"2025-03-02T20:41:16+00:00\",\"dateModified\":\"2025-11-26T17:01:36+00:00\",\"description\":\"Professionelle Abh\u00f6rger\u00e4te, Abh\u00f6rwanzen, leicht zu verstecken. Lange Akkulaufzeit garantiert etwa 170 Tage Bereitschaft. Ruft zur\u00fcck.\",\"breadcrumb\":{\"@id\":\"https:\\\/\\\/www.ortungsgerate.de\\\/16-abhoergeraete\\\/21-professionelle-abhoergeraete\\\/professionelle-abhoergeraete-mit-sehr-langer-batteriestandbyzeit\\\/#breadcrumb\"},\"inLanguage\":\"ru-RU\",\"potentialAction\":[{\"@type\":\"ReadAction\",\"target\":[\"https:\\\/\\\/www.ortungsgerate.de\\\/16-abhoergeraete\\\/21-professionelle-abhoergeraete\\\/professionelle-abhoergeraete-mit-sehr-langer-batteriestandbyzeit\\\/\"]}]},{\"@type\":\"ImageObject\",\"inLanguage\":\"ru-RU\",\"@id\":\"https:\\\/\\\/www.ortungsgerate.de\\\/16-abhoergeraete\\\/21-professionelle-abhoergeraete\\\/professionelle-abhoergeraete-mit-sehr-langer-batteriestandbyzeit\\\/#primaryimage\",\"url\":\"https:\\\/\\\/www.ortungsgerate.de\\\/wp-content\\\/uploads\\\/profesionali-pasiklausymo-iranga-su-labai-ilgu-baterijos-budejimo-laiku-170dienu.jpg\",\"contentUrl\":\"https:\\\/\\\/www.ortungsgerate.de\\\/wp-content\\\/uploads\\\/profesionali-pasiklausymo-iranga-su-labai-ilgu-baterijos-budejimo-laiku-170dienu.jpg\",\"width\":800,\"height\":800,\"caption\":\"Professionelle Abh\u00f6rausr\u00fcstung mit sehr langer Batteriestandbyzeit\"},{\"@type\":\"BreadcrumbList\",\"@id\":\"https:\\\/\\\/www.ortungsgerate.de\\\/16-abhoergeraete\\\/21-professionelle-abhoergeraete\\\/professionelle-abhoergeraete-mit-sehr-langer-batteriestandbyzeit\\\/#breadcrumb\",\"itemListElement\":[{\"@type\":\"ListItem\",\"position\":1,\"name\":\"Startseite\",\"item\":\"https:\\\/\\\/www.ortungsgerate.de\\\/\"},{\"@type\":\"ListItem\",\"position\":2,\"name\":\"Shop\",\"item\":\"https:\\\/\\\/www.ortungsgerate.de\\\/shop\\\/\"},{\"@type\":\"ListItem\",\"position\":3,\"name\":\"Professionelle Abh\u00f6rger\u00e4te mit sehr langer Batteriestandbyzeit\"}]},{\"@type\":\"WebSite\",\"@id\":\"https:\\\/\\\/www.ortungsgerate.de\\\/#website\",\"url\":\"https:\\\/\\\/www.ortungsgerate.de\\\/\",\"name\":\"Ortungsgerate.de\",\"description\":\"\",\"publisher\":{\"@id\":\"https:\\\/\\\/www.ortungsgerate.de\\\/#organization\"},\"potentialAction\":[{\"@type\":\"SearchAction\",\"target\":{\"@type\":\"EntryPoint\",\"urlTemplate\":\"https:\\\/\\\/www.ortungsgerate.de\\\/?s={search_term_string}\"},\"query-input\":{\"@type\":\"PropertyValueSpecification\",\"valueRequired\":true,\"valueName\":\"search_term_string\"}}],\"inLanguage\":\"ru-RU\"},{\"@type\":\"Organization\",\"@id\":\"https:\\\/\\\/www.ortungsgerate.de\\\/#organization\",\"name\":\"Ortungsgerate.de\",\"url\":\"https:\\\/\\\/www.ortungsgerate.de\\\/\",\"logo\":{\"@type\":\"ImageObject\",\"inLanguage\":\"ru-RU\",\"@id\":\"https:\\\/\\\/www.ortungsgerate.de\\\/#\\\/schema\\\/logo\\\/image\\\/\",\"url\":\"https:\\\/\\\/www.ortungsgerate.de\\\/wp-content\\\/uploads\\\/ortungsgerate.png\",\"contentUrl\":\"https:\\\/\\\/www.ortungsgerate.de\\\/wp-content\\\/uploads\\\/ortungsgerate.png\",\"width\":500,\"height\":135,\"caption\":\"Ortungsgerate.de\"},\"image\":{\"@id\":\"https:\\\/\\\/www.ortungsgerate.de\\\/#\\\/schema\\\/logo\\\/image\\\/\"}}]}<\/script>\n<!-- \/ Yoast SEO Premium plugin. -->","yoast_head_json":{"title":"L\u00e4ngste Betriebsdauer Abh\u00f6rger\u00e4t GSM Abh\u00f6rwanze bis zu 170d.","description":"Professionelle Abh\u00f6rger\u00e4te, Abh\u00f6rwanzen, leicht zu verstecken. Lange Akkulaufzeit garantiert etwa 170 Tage Bereitschaft. Ruft zur\u00fcck.","robots":{"index":"index","follow":"follow","max-snippet":"max-snippet:-1","max-image-preview":"max-image-preview:large","max-video-preview":"max-video-preview:-1"},"canonical":"https:\/\/www.ortungsgerate.de\/ru\/16-proslushivayushcheye-oborudovaniye-2\/21-profesionalnoje-proslushivayushcheye-oborudovaniye\/professionalnye-podslushivayuschie-ustroystva-s-ochen-dolgim-vremenem-raboty-v-rezhime-ozhidaniya-batarei\/","og_locale":"ru_RU","og_type":"article","og_title":"Professionelle Abh\u00f6rger\u00e4te mit sehr langer Batteriestandbyzeit","og_description":"Professionelle Abh\u00f6rger\u00e4te, Abh\u00f6rwanzen, leicht zu verstecken. Lange Akkulaufzeit garantiert etwa 170 Tage Bereitschaft. Ruft zur\u00fcck.","og_url":"https:\/\/www.ortungsgerate.de\/ru\/16-proslushivayushcheye-oborudovaniye-2\/21-profesionalnoje-proslushivayushcheye-oborudovaniye\/professionalnye-podslushivayuschie-ustroystva-s-ochen-dolgim-vremenem-raboty-v-rezhime-ozhidaniya-batarei\/","og_site_name":"Ortungsger\u00e4te.de","article_modified_time":"2025-11-26T17:01:36+00:00","og_image":[{"width":800,"height":800,"url":"https:\/\/www.ortungsgerate.de\/wp-content\/uploads\/profesionali-pasiklausymo-iranga-su-labai-ilgu-baterijos-budejimo-laiku-170dienu.jpg","type":"image\/jpeg"}],"twitter_card":"summary_large_image","twitter_misc":{"\u041f\u0440\u0438\u043c\u0435\u0440\u043d\u043e\u0435 \u0432\u0440\u0435\u043c\u044f \u0434\u043b\u044f \u0447\u0442\u0435\u043d\u0438\u044f":"3 \u043c\u0438\u043d\u0443\u0442\u044b"},"schema":{"@context":"https:\/\/schema.org","@graph":[{"@type":"WebPage","@id":"https:\/\/www.ortungsgerate.de\/16-abhoergeraete\/21-professionelle-abhoergeraete\/professionelle-abhoergeraete-mit-sehr-langer-batteriestandbyzeit\/","url":"https:\/\/www.ortungsgerate.de\/16-abhoergeraete\/21-professionelle-abhoergeraete\/professionelle-abhoergeraete-mit-sehr-langer-batteriestandbyzeit\/","name":"L\u00e4ngste Betriebsdauer Abh\u00f6rger\u00e4t GSM Abh\u00f6rwanze bis zu 170d.","isPartOf":{"@id":"https:\/\/www.ortungsgerate.de\/#website"},"primaryImageOfPage":{"@id":"https:\/\/www.ortungsgerate.de\/16-abhoergeraete\/21-professionelle-abhoergeraete\/professionelle-abhoergeraete-mit-sehr-langer-batteriestandbyzeit\/#primaryimage"},"image":{"@id":"https:\/\/www.ortungsgerate.de\/16-abhoergeraete\/21-professionelle-abhoergeraete\/professionelle-abhoergeraete-mit-sehr-langer-batteriestandbyzeit\/#primaryimage"},"thumbnailUrl":"https:\/\/www.ortungsgerate.de\/wp-content\/uploads\/profesionali-pasiklausymo-iranga-su-labai-ilgu-baterijos-budejimo-laiku-170dienu.jpg","datePublished":"2025-03-02T20:41:16+00:00","dateModified":"2025-11-26T17:01:36+00:00","description":"Professionelle Abh\u00f6rger\u00e4te, Abh\u00f6rwanzen, leicht zu verstecken. Lange Akkulaufzeit garantiert etwa 170 Tage Bereitschaft. Ruft zur\u00fcck.","breadcrumb":{"@id":"https:\/\/www.ortungsgerate.de\/16-abhoergeraete\/21-professionelle-abhoergeraete\/professionelle-abhoergeraete-mit-sehr-langer-batteriestandbyzeit\/#breadcrumb"},"inLanguage":"ru-RU","potentialAction":[{"@type":"ReadAction","target":["https:\/\/www.ortungsgerate.de\/16-abhoergeraete\/21-professionelle-abhoergeraete\/professionelle-abhoergeraete-mit-sehr-langer-batteriestandbyzeit\/"]}]},{"@type":"ImageObject","inLanguage":"ru-RU","@id":"https:\/\/www.ortungsgerate.de\/16-abhoergeraete\/21-professionelle-abhoergeraete\/professionelle-abhoergeraete-mit-sehr-langer-batteriestandbyzeit\/#primaryimage","url":"https:\/\/www.ortungsgerate.de\/wp-content\/uploads\/profesionali-pasiklausymo-iranga-su-labai-ilgu-baterijos-budejimo-laiku-170dienu.jpg","contentUrl":"https:\/\/www.ortungsgerate.de\/wp-content\/uploads\/profesionali-pasiklausymo-iranga-su-labai-ilgu-baterijos-budejimo-laiku-170dienu.jpg","width":800,"height":800,"caption":"Professionelle Abh\u00f6rausr\u00fcstung mit sehr langer Batteriestandbyzeit"},{"@type":"BreadcrumbList","@id":"https:\/\/www.ortungsgerate.de\/16-abhoergeraete\/21-professionelle-abhoergeraete\/professionelle-abhoergeraete-mit-sehr-langer-batteriestandbyzeit\/#breadcrumb","itemListElement":[{"@type":"ListItem","position":1,"name":"Startseite","item":"https:\/\/www.ortungsgerate.de\/"},{"@type":"ListItem","position":2,"name":"Shop","item":"https:\/\/www.ortungsgerate.de\/shop\/"},{"@type":"ListItem","position":3,"name":"Professionelle Abh\u00f6rger\u00e4te mit sehr langer Batteriestandbyzeit"}]},{"@type":"WebSite","@id":"https:\/\/www.ortungsgerate.de\/#website","url":"https:\/\/www.ortungsgerate.de\/","name":"Ortungsgerate.de","description":"","publisher":{"@id":"https:\/\/www.ortungsgerate.de\/#organization"},"potentialAction":[{"@type":"SearchAction","target":{"@type":"EntryPoint","urlTemplate":"https:\/\/www.ortungsgerate.de\/?s={search_term_string}"},"query-input":{"@type":"PropertyValueSpecification","valueRequired":true,"valueName":"search_term_string"}}],"inLanguage":"ru-RU"},{"@type":"Organization","@id":"https:\/\/www.ortungsgerate.de\/#organization","name":"Ortungsgerate.de","url":"https:\/\/www.ortungsgerate.de\/","logo":{"@type":"ImageObject","inLanguage":"ru-RU","@id":"https:\/\/www.ortungsgerate.de\/#\/schema\/logo\/image\/","url":"https:\/\/www.ortungsgerate.de\/wp-content\/uploads\/ortungsgerate.png","contentUrl":"https:\/\/www.ortungsgerate.de\/wp-content\/uploads\/ortungsgerate.png","width":500,"height":135,"caption":"Ortungsgerate.de"},"image":{"@id":"https:\/\/www.ortungsgerate.de\/#\/schema\/logo\/image\/"}}]}},"_links":{"self":[{"href":"https:\/\/www.ortungsgerate.de\/ru\/wp-json\/wp\/v2\/product\/16506","targetHints":{"allow":["GET"]}}],"collection":[{"href":"https:\/\/www.ortungsgerate.de\/ru\/wp-json\/wp\/v2\/product"}],"about":[{"href":"https:\/\/www.ortungsgerate.de\/ru\/wp-json\/wp\/v2\/types\/product"}],"version-history":[{"count":0,"href":"https:\/\/www.ortungsgerate.de\/ru\/wp-json\/wp\/v2\/product\/16506\/revisions"}],"wp:featuredmedia":[{"embeddable":true,"href":"https:\/\/www.ortungsgerate.de\/ru\/wp-json\/wp\/v2\/media\/1342"}],"wp:attachment":[{"href":"https:\/\/www.ortungsgerate.de\/ru\/wp-json\/wp\/v2\/media?parent=16506"}],"wp:term":[{"taxonomy":"brand","embeddable":true,"href":"https:\/\/www.ortungsgerate.de\/ru\/wp-json\/wp\/v2\/etheme_brands?post=16506"},{"taxonomy":"product_brand","embeddable":true,"href":"https:\/\/www.ortungsgerate.de\/ru\/wp-json\/wp\/v2\/product_brand?post=16506"},{"taxonomy":"product_cat","embeddable":true,"href":"https:\/\/www.ortungsgerate.de\/ru\/wp-json\/wp\/v2\/product_cat?post=16506"},{"taxonomy":"product_tag","embeddable":true,"href":"https:\/\/www.ortungsgerate.de\/ru\/wp-json\/wp\/v2\/product_tag?post=16506"}],"curies":[{"name":"wp","href":"https:\/\/api.w.org\/{rel}","templated":true}]}}