{"id":16507,"date":"2025-03-02T22:41:17","date_gmt":"2025-03-02T20:41:17","guid":{"rendered":"https:\/\/ortungsgerate.de\/be-kategorijos\/dvigubas-elektros-lizdas-rozete-220v-5v-usb-su-imontuota-slapta-kamera-wifi\/"},"modified":"2025-12-01T11:26:01","modified_gmt":"2025-12-01T10:26:01","slug":"dvoynaya-elektricheskaya-rozetka-220-v-5-v-usb-so-vstroennoy-wi-fi-shpionskoy-kameroy","status":"publish","type":"product","link":"https:\/\/www.ortungsgerate.de\/ru\/12-skrytyje-kamery\/17-zamaskirovanyje-kamery\/dvoynaya-elektricheskaya-rozetka-220-v-5-v-usb-so-vstroennoy-wi-fi-shpionskoy-kameroy\/","title":{"rendered":"\u0414\u0432\u043e\u0439\u043d\u0430\u044f \u044d\u043b\u0435\u043a\u0442\u0440\u0438\u0447\u0435\u0441\u043a\u0430\u044f \u0440\u043e\u0437\u0435\u0442\u043a\u0430 220 \u0412 \/ 5 \u0412 USB \u0441\u043e \u0432\u0441\u0442\u0440\u043e\u0435\u043d\u043d\u043e\u0439 Wi-Fi \u0448\u043f\u0438\u043e\u043d\u0441\u043a\u043e\u0439 \u043a\u0430\u043c\u0435\u0440\u043e\u0439"},"content":{"rendered":"<p><strong>AKTION: Micro SD 32GB geschenkt<\/strong><\/p>\n<p><strong>\u0422\u0435\u0445\u043d\u0438\u0447\u0435\u0441\u043a\u0438\u0435 \u043f\u0430\u0440\u0430\u043c\u0435\u0442\u0440\u044b:<\/strong><\/p>\n<ul>\n<li>Speicherkartenunterst\u00fctzung: Mikro SD von 32 bis 128 GB<\/li>\n<li>Videoaufnahme mit Ton<\/li>\n<li>Aufnahmeaufl\u00f6sung: Full HD 1920x1080px<\/li>\n<li>Steckdose voll funktionsf\u00e4hig, doppelt<\/li>\n<li>\u0423\u0433\u043e\u043b: 110 \u00b0<\/li>\n<li>\u0417\u0432\u0443\u043a: \u043c\u0438\u043a\u0440\u043e\u0444\u043e\u043d \u0441 \u0444\u0443\u043d\u043a\u0446\u0438\u0435\u0439 \u0448\u0443\u043c\u043e\u043f\u043e\u0434\u0430\u0432\u043b\u0435\u043d\u0438\u044f<\/li>\n<li>Verbindungsstandard: USB<\/li>\n<li>\u041d\u043e\u0447\u043d\u0430\u044f \u0441\u044a\u0435\u043c\u043a\u0430: \u041d\u0435\u0442<\/li>\n<li>Live-\u00dcberwachung \u00fcber das Internet (\u00fcber mobile App)<\/li>\n<li>\u0414\u0430\u0442\u0447\u0438\u043a \u0434\u0432\u0438\u0436\u0435\u043d\u0438\u044f<\/li>\n<li>Kontinuierliche Videoaufnahme (oben)<\/li>\n<li>Video-Encoding: H264<\/li>\n<li>Lieferumfang: Wifi-Kamera, Micro SD-Kartenleser,<\/li>\n<li><strong>\u0413\u0410\u0420\u0410\u041d\u0422\u0418\u042f 12 \u043c\u0435\u0441\u044f\u0446\u0435\u0432<\/strong><\/li>\n<\/ul>\n<p><span style=\"color: #d0121a;\"><\/span><\/p>\n<p>Verwendung: Zum Schutz Ihrer Kinder.<\/p>\n<p>Diese Steckdose mit eingebauter versteckter Kamera unterscheidet sich nicht von einer normalen Steckdose. Einfache Installation, es m\u00fcssen zwei Dr\u00e4hte an die Stromversorgung angeschlossen werden (bevor Sie anschlie\u00dfen, m\u00fcssen Sie die Spannung im Stromnetz ausschalten, um einen Stromschlag zu vermeiden). Die Steckdose ist voll funktionsf\u00e4hig mit zwei USB-Ladeanschl\u00fcssen. Sie k\u00f6nnen Ihre Kinder 24\/7 \u00fcberwachen.<\/p>\n<p dir=\"ltr\">Haben Sie das Zitat geh\u00f6rt: \u201eDas Leben ist das, was passiert, w\u00e4hrend Sie besch\u00e4ftigt sind, andere Dinge zu tun.\u201c? Zuerst beginnt alles mit Sicherheit, es ist wichtig zu wissen, was in Ihrem Zuhause passiert, w\u00e4hrend Sie mit dem Leben besch\u00e4ftigt sind. Schlie\u00dflich ist es eines unserer wertvollsten und wichtigsten G\u00fcter, in dem wir unz\u00e4hlige wichtige Erinnerungen haben. Es ist wirklich nicht sch\u00f6n, wenn sie zerst\u00f6rt oder verloren gehen. Es ist immer sch\u00f6n, in Erinnerungen durch ein Foto oder ein Souvenir aus einer Reise zur\u00fcckzukehren. Sie m\u00f6gen unbedeutend erscheinen, sind aber f\u00fcr uns immateriell wertvoll. Versuchen Sie, sich an einen solchen Gegenstand zu erinnern, der Sie in Erinnerungen versetzt, und denken Sie dar\u00fcber nach, welches Gef\u00fchl Sie h\u00e4tten, wenn Sie ihn verlieren w\u00fcrden. Unangenehm? Sch\u00fctzen Sie Ihr Zuhause, die meisten eingebauten Sicherheitskameras sind keine leichte Aufgabe. Was w\u00e4re, wenn es ausreichen w\u00fcrde, eine Steckdose in die Wand zu stecken und die Sicherheit w\u00e4re gew\u00e4hrleistet? Genau das bieten wir an! Eine doppelte Steckdose, in der eine versteckte Kamera eingebaut ist, die sich \u00fcber Wifi verbindet. Diese Kamera ist einfach konfiguriert und leicht zu bedienen. Sie ist f\u00fcr alle Steckdosen geeignet, wenn die Installation nicht gelingt, bieten wir unsere Hilfe an. Es ist ein hervorragendes Mittel, um Kinder oder Haustiere zu Hause allein zu lassen und f\u00fcr ihre Sicherheit zu sorgen. Die mit dieser Kamera aufgenommenen Videos sind von guter Qualit\u00e4t und mit hervorragendem Ton. Es wird keine Probleme geben, das Video zu \u00fcberwachen oder es sp\u00e4ter zu verwenden. Kaufen Sie jetzt und sorgen Sie f\u00fcr die Sicherheit Ihres Zuhauses, w\u00e4hrend ich mit dem Leben besch\u00e4ftigt bin!<\/p>\n<p>&nbsp;<\/p>\n<p>&nbsp;<\/p>","protected":false},"excerpt":{"rendered":"<p>AKTION: Micro SD 32GB geschenkt Technische\u00a0Parameter: Speicherkartenunterst\u00fctzung: Mikro SD von 32 bis 128 GB Videoaufnahme mit Ton Aufnahmeaufl\u00f6sung: Full HD 1920x1080px Steckdose voll funktionsf\u00e4hig, doppelt&#8230;<\/p>","protected":false},"featured_media":26401,"template":"","meta":[],"etheme_brands":[],"product_brand":[],"product_cat":[204,203,205],"product_tag":[42,707,689,706,690,48],"class_list":{"0":"post-16507","1":"product","2":"type-product","3":"status-publish","4":"has-post-thumbnail","6":"product_cat-17-getarnte-kameras","7":"product_cat-12-versteckte-kameras","8":"product_cat-27-wlan-minikameras","9":"product_tag-kamera","10":"product_tag-kamera-uhr","11":"product_tag-sicherheitskamera","12":"product_tag-unmaskierte-kamera","13":"product_tag-versteckte-kamera","14":"product_tag-wi-fi-kamera","15":"pa_typ-steckdosen","17":"first","18":"instock","19":"taxable","20":"shipping-taxable","21":"purchasable","22":"product-type-simple"},"yoast_head":"<!-- This site is optimized with the Yoast SEO Premium plugin v25.9 (Yoast SEO v27.4) - https:\/\/yoast.com\/product\/yoast-seo-premium-wordpress\/ -->\n<title>Doppelte Elektrosteckdosen mit eingebauter WLAN-Spionagekamera<\/title>\n<meta name=\"description\" content=\"Versteckte Kamera in einem Reise-Handyladeger\u00e4t. Hochwertiges Bild, einfach zu bedienen. M\u00f6glichkeit, das Bild aus der Ferne zu \u00fcberwachen. Kostenloser Versand\" \/>\n<meta name=\"robots\" content=\"index, follow, max-snippet:-1, max-image-preview:large, max-video-preview:-1\" \/>\n<link rel=\"canonical\" href=\"https:\/\/www.ortungsgerate.de\/ru\/12-skrytyje-kamery\/27-wlan-mini-kamery\/dvoynaya-elektricheskaya-rozetka-220-v-5-v-usb-so-vstroennoy-wi-fi-shpionskoy-kameroy\/\" \/>\n<meta property=\"og:locale\" content=\"ru_RU\" \/>\n<meta property=\"og:type\" content=\"article\" \/>\n<meta property=\"og:title\" content=\"Doppeltes Elektrosteckdosen 220V \/ 5V USB mit eingebauter WLAN-Spionagekamera\" \/>\n<meta property=\"og:description\" content=\"Versteckte Kamera in einem Reise-Handyladeger\u00e4t. Hochwertiges Bild, einfach zu bedienen. M\u00f6glichkeit, das Bild aus der Ferne zu \u00fcberwachen. Kostenloser Versand\" \/>\n<meta property=\"og:url\" content=\"https:\/\/www.ortungsgerate.de\/ru\/12-skrytyje-kamery\/27-wlan-mini-kamery\/dvoynaya-elektricheskaya-rozetka-220-v-5-v-usb-so-vstroennoy-wi-fi-shpionskoy-kameroy\/\" \/>\n<meta property=\"og:site_name\" content=\"Ortungsger\u00e4te.de\" \/>\n<meta property=\"article:modified_time\" content=\"2025-12-01T10:26:01+00:00\" \/>\n<meta property=\"og:image\" content=\"https:\/\/www.ortungsgerate.de\/wp-content\/uploads\/dviguba-rozete-slapta-kamera.jpg\" \/>\n\t<meta property=\"og:image:width\" content=\"748\" \/>\n\t<meta property=\"og:image:height\" content=\"693\" \/>\n\t<meta property=\"og:image:type\" content=\"image\/jpeg\" \/>\n<meta name=\"twitter:card\" content=\"summary_large_image\" \/>\n<meta name=\"twitter:label1\" content=\"\u041f\u0440\u0438\u043c\u0435\u0440\u043d\u043e\u0435 \u0432\u0440\u0435\u043c\u044f \u0434\u043b\u044f \u0447\u0442\u0435\u043d\u0438\u044f\" \/>\n\t<meta name=\"twitter:data1\" content=\"3 \u043c\u0438\u043d\u0443\u0442\u044b\" \/>\n<script type=\"application\/ld+json\" class=\"yoast-schema-graph\">{\"@context\":\"https:\\\/\\\/schema.org\",\"@graph\":[{\"@type\":\"WebPage\",\"@id\":\"https:\\\/\\\/www.ortungsgerate.de\\\/12-versteckte-kameras\\\/27-wlan-minikameras\\\/doppeltes-elektrosteckdosen-220v-5v-usb-mit-eingebauter-wlan-spionagekamera\\\/\",\"url\":\"https:\\\/\\\/www.ortungsgerate.de\\\/12-versteckte-kameras\\\/27-wlan-minikameras\\\/doppeltes-elektrosteckdosen-220v-5v-usb-mit-eingebauter-wlan-spionagekamera\\\/\",\"name\":\"Doppelte Elektrosteckdosen mit eingebauter WLAN-Spionagekamera\",\"isPartOf\":{\"@id\":\"https:\\\/\\\/www.ortungsgerate.de\\\/#website\"},\"primaryImageOfPage\":{\"@id\":\"https:\\\/\\\/www.ortungsgerate.de\\\/12-versteckte-kameras\\\/27-wlan-minikameras\\\/doppeltes-elektrosteckdosen-220v-5v-usb-mit-eingebauter-wlan-spionagekamera\\\/#primaryimage\"},\"image\":{\"@id\":\"https:\\\/\\\/www.ortungsgerate.de\\\/12-versteckte-kameras\\\/27-wlan-minikameras\\\/doppeltes-elektrosteckdosen-220v-5v-usb-mit-eingebauter-wlan-spionagekamera\\\/#primaryimage\"},\"thumbnailUrl\":\"https:\\\/\\\/www.ortungsgerate.de\\\/wp-content\\\/uploads\\\/dviguba-rozete-slapta-kamera.jpg\",\"datePublished\":\"2025-03-02T20:41:17+00:00\",\"dateModified\":\"2025-12-01T10:26:01+00:00\",\"description\":\"Versteckte Kamera in einem Reise-Handyladeger\u00e4t. Hochwertiges Bild, einfach zu bedienen. M\u00f6glichkeit, das Bild aus der Ferne zu \u00fcberwachen. Kostenloser Versand\",\"breadcrumb\":{\"@id\":\"https:\\\/\\\/www.ortungsgerate.de\\\/12-versteckte-kameras\\\/27-wlan-minikameras\\\/doppeltes-elektrosteckdosen-220v-5v-usb-mit-eingebauter-wlan-spionagekamera\\\/#breadcrumb\"},\"inLanguage\":\"ru-RU\",\"potentialAction\":[{\"@type\":\"ReadAction\",\"target\":[\"https:\\\/\\\/www.ortungsgerate.de\\\/12-versteckte-kameras\\\/27-wlan-minikameras\\\/doppeltes-elektrosteckdosen-220v-5v-usb-mit-eingebauter-wlan-spionagekamera\\\/\"]}]},{\"@type\":\"ImageObject\",\"inLanguage\":\"ru-RU\",\"@id\":\"https:\\\/\\\/www.ortungsgerate.de\\\/12-versteckte-kameras\\\/27-wlan-minikameras\\\/doppeltes-elektrosteckdosen-220v-5v-usb-mit-eingebauter-wlan-spionagekamera\\\/#primaryimage\",\"url\":\"https:\\\/\\\/www.ortungsgerate.de\\\/wp-content\\\/uploads\\\/dviguba-rozete-slapta-kamera.jpg\",\"contentUrl\":\"https:\\\/\\\/www.ortungsgerate.de\\\/wp-content\\\/uploads\\\/dviguba-rozete-slapta-kamera.jpg\",\"width\":748,\"height\":693,\"caption\":\"Doppelsteckdose versteckte Kamera\"},{\"@type\":\"BreadcrumbList\",\"@id\":\"https:\\\/\\\/www.ortungsgerate.de\\\/12-versteckte-kameras\\\/27-wlan-minikameras\\\/doppeltes-elektrosteckdosen-220v-5v-usb-mit-eingebauter-wlan-spionagekamera\\\/#breadcrumb\",\"itemListElement\":[{\"@type\":\"ListItem\",\"position\":1,\"name\":\"Startseite\",\"item\":\"https:\\\/\\\/www.ortungsgerate.de\\\/\"},{\"@type\":\"ListItem\",\"position\":2,\"name\":\"Shop\",\"item\":\"https:\\\/\\\/www.ortungsgerate.de\\\/shop\\\/\"},{\"@type\":\"ListItem\",\"position\":3,\"name\":\"Doppeltes Elektrosteckdosen 220V \\\/ 5V USB mit eingebauter WLAN-Spionagekamera\"}]},{\"@type\":\"WebSite\",\"@id\":\"https:\\\/\\\/www.ortungsgerate.de\\\/#website\",\"url\":\"https:\\\/\\\/www.ortungsgerate.de\\\/\",\"name\":\"Ortungsgerate.de\",\"description\":\"\",\"publisher\":{\"@id\":\"https:\\\/\\\/www.ortungsgerate.de\\\/#organization\"},\"potentialAction\":[{\"@type\":\"SearchAction\",\"target\":{\"@type\":\"EntryPoint\",\"urlTemplate\":\"https:\\\/\\\/www.ortungsgerate.de\\\/?s={search_term_string}\"},\"query-input\":{\"@type\":\"PropertyValueSpecification\",\"valueRequired\":true,\"valueName\":\"search_term_string\"}}],\"inLanguage\":\"ru-RU\"},{\"@type\":\"Organization\",\"@id\":\"https:\\\/\\\/www.ortungsgerate.de\\\/#organization\",\"name\":\"Ortungsgerate.de\",\"url\":\"https:\\\/\\\/www.ortungsgerate.de\\\/\",\"logo\":{\"@type\":\"ImageObject\",\"inLanguage\":\"ru-RU\",\"@id\":\"https:\\\/\\\/www.ortungsgerate.de\\\/#\\\/schema\\\/logo\\\/image\\\/\",\"url\":\"https:\\\/\\\/www.ortungsgerate.de\\\/wp-content\\\/uploads\\\/ortungsgerate.png\",\"contentUrl\":\"https:\\\/\\\/www.ortungsgerate.de\\\/wp-content\\\/uploads\\\/ortungsgerate.png\",\"width\":500,\"height\":135,\"caption\":\"Ortungsgerate.de\"},\"image\":{\"@id\":\"https:\\\/\\\/www.ortungsgerate.de\\\/#\\\/schema\\\/logo\\\/image\\\/\"}}]}<\/script>\n<!-- \/ Yoast SEO Premium plugin. -->","yoast_head_json":{"title":"Doppelte Elektrosteckdosen mit eingebauter WLAN-Spionagekamera","description":"Versteckte Kamera in einem Reise-Handyladeger\u00e4t. Hochwertiges Bild, einfach zu bedienen. M\u00f6glichkeit, das Bild aus der Ferne zu \u00fcberwachen. Kostenloser Versand","robots":{"index":"index","follow":"follow","max-snippet":"max-snippet:-1","max-image-preview":"max-image-preview:large","max-video-preview":"max-video-preview:-1"},"canonical":"https:\/\/www.ortungsgerate.de\/ru\/12-skrytyje-kamery\/27-wlan-mini-kamery\/dvoynaya-elektricheskaya-rozetka-220-v-5-v-usb-so-vstroennoy-wi-fi-shpionskoy-kameroy\/","og_locale":"ru_RU","og_type":"article","og_title":"Doppeltes Elektrosteckdosen 220V \/ 5V USB mit eingebauter WLAN-Spionagekamera","og_description":"Versteckte Kamera in einem Reise-Handyladeger\u00e4t. Hochwertiges Bild, einfach zu bedienen. M\u00f6glichkeit, das Bild aus der Ferne zu \u00fcberwachen. Kostenloser Versand","og_url":"https:\/\/www.ortungsgerate.de\/ru\/12-skrytyje-kamery\/27-wlan-mini-kamery\/dvoynaya-elektricheskaya-rozetka-220-v-5-v-usb-so-vstroennoy-wi-fi-shpionskoy-kameroy\/","og_site_name":"Ortungsger\u00e4te.de","article_modified_time":"2025-12-01T10:26:01+00:00","og_image":[{"width":748,"height":693,"url":"https:\/\/www.ortungsgerate.de\/wp-content\/uploads\/dviguba-rozete-slapta-kamera.jpg","type":"image\/jpeg"}],"twitter_card":"summary_large_image","twitter_misc":{"\u041f\u0440\u0438\u043c\u0435\u0440\u043d\u043e\u0435 \u0432\u0440\u0435\u043c\u044f \u0434\u043b\u044f \u0447\u0442\u0435\u043d\u0438\u044f":"3 \u043c\u0438\u043d\u0443\u0442\u044b"},"schema":{"@context":"https:\/\/schema.org","@graph":[{"@type":"WebPage","@id":"https:\/\/www.ortungsgerate.de\/12-versteckte-kameras\/27-wlan-minikameras\/doppeltes-elektrosteckdosen-220v-5v-usb-mit-eingebauter-wlan-spionagekamera\/","url":"https:\/\/www.ortungsgerate.de\/12-versteckte-kameras\/27-wlan-minikameras\/doppeltes-elektrosteckdosen-220v-5v-usb-mit-eingebauter-wlan-spionagekamera\/","name":"Doppelte Elektrosteckdosen mit eingebauter WLAN-Spionagekamera","isPartOf":{"@id":"https:\/\/www.ortungsgerate.de\/#website"},"primaryImageOfPage":{"@id":"https:\/\/www.ortungsgerate.de\/12-versteckte-kameras\/27-wlan-minikameras\/doppeltes-elektrosteckdosen-220v-5v-usb-mit-eingebauter-wlan-spionagekamera\/#primaryimage"},"image":{"@id":"https:\/\/www.ortungsgerate.de\/12-versteckte-kameras\/27-wlan-minikameras\/doppeltes-elektrosteckdosen-220v-5v-usb-mit-eingebauter-wlan-spionagekamera\/#primaryimage"},"thumbnailUrl":"https:\/\/www.ortungsgerate.de\/wp-content\/uploads\/dviguba-rozete-slapta-kamera.jpg","datePublished":"2025-03-02T20:41:17+00:00","dateModified":"2025-12-01T10:26:01+00:00","description":"Versteckte Kamera in einem Reise-Handyladeger\u00e4t. Hochwertiges Bild, einfach zu bedienen. M\u00f6glichkeit, das Bild aus der Ferne zu \u00fcberwachen. Kostenloser Versand","breadcrumb":{"@id":"https:\/\/www.ortungsgerate.de\/12-versteckte-kameras\/27-wlan-minikameras\/doppeltes-elektrosteckdosen-220v-5v-usb-mit-eingebauter-wlan-spionagekamera\/#breadcrumb"},"inLanguage":"ru-RU","potentialAction":[{"@type":"ReadAction","target":["https:\/\/www.ortungsgerate.de\/12-versteckte-kameras\/27-wlan-minikameras\/doppeltes-elektrosteckdosen-220v-5v-usb-mit-eingebauter-wlan-spionagekamera\/"]}]},{"@type":"ImageObject","inLanguage":"ru-RU","@id":"https:\/\/www.ortungsgerate.de\/12-versteckte-kameras\/27-wlan-minikameras\/doppeltes-elektrosteckdosen-220v-5v-usb-mit-eingebauter-wlan-spionagekamera\/#primaryimage","url":"https:\/\/www.ortungsgerate.de\/wp-content\/uploads\/dviguba-rozete-slapta-kamera.jpg","contentUrl":"https:\/\/www.ortungsgerate.de\/wp-content\/uploads\/dviguba-rozete-slapta-kamera.jpg","width":748,"height":693,"caption":"Doppelsteckdose versteckte Kamera"},{"@type":"BreadcrumbList","@id":"https:\/\/www.ortungsgerate.de\/12-versteckte-kameras\/27-wlan-minikameras\/doppeltes-elektrosteckdosen-220v-5v-usb-mit-eingebauter-wlan-spionagekamera\/#breadcrumb","itemListElement":[{"@type":"ListItem","position":1,"name":"Startseite","item":"https:\/\/www.ortungsgerate.de\/"},{"@type":"ListItem","position":2,"name":"Shop","item":"https:\/\/www.ortungsgerate.de\/shop\/"},{"@type":"ListItem","position":3,"name":"Doppeltes Elektrosteckdosen 220V \/ 5V USB mit eingebauter WLAN-Spionagekamera"}]},{"@type":"WebSite","@id":"https:\/\/www.ortungsgerate.de\/#website","url":"https:\/\/www.ortungsgerate.de\/","name":"Ortungsgerate.de","description":"","publisher":{"@id":"https:\/\/www.ortungsgerate.de\/#organization"},"potentialAction":[{"@type":"SearchAction","target":{"@type":"EntryPoint","urlTemplate":"https:\/\/www.ortungsgerate.de\/?s={search_term_string}"},"query-input":{"@type":"PropertyValueSpecification","valueRequired":true,"valueName":"search_term_string"}}],"inLanguage":"ru-RU"},{"@type":"Organization","@id":"https:\/\/www.ortungsgerate.de\/#organization","name":"Ortungsgerate.de","url":"https:\/\/www.ortungsgerate.de\/","logo":{"@type":"ImageObject","inLanguage":"ru-RU","@id":"https:\/\/www.ortungsgerate.de\/#\/schema\/logo\/image\/","url":"https:\/\/www.ortungsgerate.de\/wp-content\/uploads\/ortungsgerate.png","contentUrl":"https:\/\/www.ortungsgerate.de\/wp-content\/uploads\/ortungsgerate.png","width":500,"height":135,"caption":"Ortungsgerate.de"},"image":{"@id":"https:\/\/www.ortungsgerate.de\/#\/schema\/logo\/image\/"}}]}},"_links":{"self":[{"href":"https:\/\/www.ortungsgerate.de\/ru\/wp-json\/wp\/v2\/product\/16507","targetHints":{"allow":["GET"]}}],"collection":[{"href":"https:\/\/www.ortungsgerate.de\/ru\/wp-json\/wp\/v2\/product"}],"about":[{"href":"https:\/\/www.ortungsgerate.de\/ru\/wp-json\/wp\/v2\/types\/product"}],"version-history":[{"count":0,"href":"https:\/\/www.ortungsgerate.de\/ru\/wp-json\/wp\/v2\/product\/16507\/revisions"}],"wp:featuredmedia":[{"embeddable":true,"href":"https:\/\/www.ortungsgerate.de\/ru\/wp-json\/wp\/v2\/media\/26401"}],"wp:attachment":[{"href":"https:\/\/www.ortungsgerate.de\/ru\/wp-json\/wp\/v2\/media?parent=16507"}],"wp:term":[{"taxonomy":"brand","embeddable":true,"href":"https:\/\/www.ortungsgerate.de\/ru\/wp-json\/wp\/v2\/etheme_brands?post=16507"},{"taxonomy":"product_brand","embeddable":true,"href":"https:\/\/www.ortungsgerate.de\/ru\/wp-json\/wp\/v2\/product_brand?post=16507"},{"taxonomy":"product_cat","embeddable":true,"href":"https:\/\/www.ortungsgerate.de\/ru\/wp-json\/wp\/v2\/product_cat?post=16507"},{"taxonomy":"product_tag","embeddable":true,"href":"https:\/\/www.ortungsgerate.de\/ru\/wp-json\/wp\/v2\/product_tag?post=16507"}],"curies":[{"name":"wp","href":"https:\/\/api.w.org\/{rel}","templated":true}]}}