{"id":16509,"date":"2024-02-06T21:37:51","date_gmt":"2024-02-06T19:37:51","guid":{"rendered":"https:\/\/ortungsgerate.de\/be-kategorijos\/laikrodis-su-mobilaus-telefono-paroveju-x2-usb-kistukai-pakrovimui\/"},"modified":"2025-12-01T11:26:01","modified_gmt":"2025-12-01T10:26:01","slug":"chasy-s-zaschitoy-ot-krazhi-telefona-x2-usb-rozetki-dlya-zaryadki","status":"publish","type":"product","link":"https:\/\/www.ortungsgerate.de\/ru\/12-skrytyje-kamery\/17-zamaskirovanyje-kamery\/chasy-s-zaschitoy-ot-krazhi-telefona-x2-usb-rozetki-dlya-zaryadki\/","title":{"rendered":"\u0427\u0430\u0441\u044b \u0441 \u0437\u0430\u0449\u0438\u0442\u043e\u0439 \u043e\u0442 \u043a\u0440\u0430\u0436\u0438 \u0442\u0435\u043b\u0435\u0444\u043e\u043d\u0430 x2 USB-\u0440\u043e\u0437\u0435\u0442\u043a\u0438 \u0434\u043b\u044f \u0437\u0430\u0440\u044f\u0434\u043a\u0438"},"content":{"rendered":"<h3><strong>\u0422\u0435\u0445\u043d\u0438\u0447\u0435\u0441\u043a\u0438\u0435 \u043f\u0430\u0440\u0430\u043c\u0435\u0442\u0440\u044b:<\/strong><\/h3>\n<ul>\n<li>Unterst\u00fctzung von Speicherkarten: Micro SD \/ SDHC bis 128 GB (nicht enthalten)<\/li>\n<li>2-Mpx-Kamerasensor<\/li>\n<li>\u0412\u0438\u0434\u0435\u043e\u0437\u0430\u043f\u0438\u0441\u044c \u0441\u043e \u0437\u0432\u0443\u043a\u043e\u043c<\/li>\n<li>Aufl\u00f6sung der Aufzeichnung: Full HD 1920&#215;1080 px<\/li>\n<li>USB 2 Stk. 5V 1A<\/li>\n<li>Videoformat: AVI | max. 25 fps<\/li>\n<li>Videoaufl\u00f6sung: 1920 x 1080 px<\/li>\n<li>Sichtwinkel: 140\u00b0 sehr weiter Winkel<\/li>\n<li>Audio: Mikrofon mit Ger\u00e4uschunterdr\u00fcckungsfunktion<\/li>\n<li>Nachtsicht 5 Meter, sehr gute Sicht in der Nacht<\/li>\n<li>Live-\u00dcberwachung \u00fcber das Internet (per mobiler App) aus jedem Land der Welt<\/li>\n<li>Bewegungserkennung, in der App erscheint eine Meldung, dass sich jemand im Raum bewegt<\/li>\n<li>\u041f\u043e\u0441\u0442\u043e\u044f\u043d\u043d\u0430\u044f \u0432\u0438\u0434\u0435\u043e\u0437\u0430\u043f\u0438\u0441\u044c (\u0444\u0443\u043d\u043a\u0446\u0438\u044f \u043f\u0435\u0440\u0435\u0437\u0430\u043f\u0438\u0441\u0438)<\/li>\n<li>\u0412\u0438\u0434\u0435\u043e\u043a\u043e\u0434\u0438\u0440\u043e\u0432\u0430\u043d\u0438\u0435: H264<\/li>\n<li>Lieferumfang: Uhr, Micro-SD-Kartenleser, USB-Kabel, Netzteil<\/li>\n<li>Abmessungen: 17,5 x 7 x 7,3 cm<\/li>\n<li><strong>\u0413\u0410\u0420\u0410\u041d\u0422\u0418\u042f 12 \u043c\u0435\u0441\u044f\u0446\u0435\u0432<\/strong><\/li>\n<\/ul>\n<p><span style=\"color: #d0121a;\"><strong>Ben\u00f6tigen Sie eine schnelle Lieferung noch am selben Tag?   <\/strong><\/span><\/p>\n<p>Sie k\u00f6nnen das Bild rund um die Uhr \u00fcberwachen; sobald jemand den Raum betritt, erhalten Sie in der mobilen App eine Benachrichtigung \u00fcber die im Raum erkannte Bewegung.<\/p>","protected":false},"excerpt":{"rendered":"<p>Technische Parameter: Unterst\u00fctzung von Speicherkarten: Micro SD \/ SDHC bis 128 GB (nicht enthalten) 2-Mpx-Kamerasensor Videoaufzeichnung mit Ton Aufl\u00f6sung der Aufzeichnung: Full HD 1920&#215;1080 px&#8230;<\/p>","protected":false},"featured_media":26412,"template":"","meta":[],"etheme_brands":[],"product_brand":[],"product_cat":[204,203,205],"product_tag":[42,707,705,690,693],"class_list":{"0":"post-16509","1":"product","2":"type-product","3":"status-publish","4":"has-post-thumbnail","6":"product_cat-17-getarnte-kameras","7":"product_cat-12-versteckte-kameras","8":"product_cat-27-wlan-minikameras","9":"product_tag-kamera","10":"product_tag-kamera-uhr","11":"product_tag-ueberwachungskamera","12":"product_tag-versteckte-kamera","13":"product_tag-wlan-kamera","14":"pa_typ-ladegeraete-verlaengerungskabel-mehrfachsteckdosen","15":"pa_typ-tischuhren","17":"first","18":"outofstock","19":"taxable","20":"shipping-taxable","21":"purchasable","22":"product-type-simple"},"yoast_head":"<!-- This site is optimized with the Yoast SEO Premium plugin v25.9 (Yoast SEO v27.4) - https:\/\/yoast.com\/product\/yoast-seo-premium-wordpress\/ -->\n<title>Uhr mit Handy-Ladeger\u00e4t, 2x USB-Anschluss 5V 1A<\/title>\n<meta name=\"description\" content=\"Sie k\u00f6nnen das Bild 24\/7 aus jedem Land der Welt \u00fcberwachen. SUper Nachtsicht, das Bild ist hervorragend sichtbar. M\u00f6glichkeit, zwei Mobiltelefone gleichzeitig zu laden.\" \/>\n<meta name=\"robots\" content=\"index, follow, max-snippet:-1, max-image-preview:large, max-video-preview:-1\" \/>\n<link rel=\"canonical\" href=\"https:\/\/www.ortungsgerate.de\/ru\/12-skrytyje-kamery\/27-wlan-mini-kamery\/chasy-s-zaschitoy-ot-krazhi-telefona-x2-usb-rozetki-dlya-zaryadki\/\" \/>\n<meta property=\"og:locale\" content=\"ru_RU\" \/>\n<meta property=\"og:type\" content=\"article\" \/>\n<meta property=\"og:title\" content=\"Uhr mit Handy-Diebstahlschutz x2 USB-Steckdosen zum Laden\" \/>\n<meta property=\"og:description\" content=\"Sie k\u00f6nnen das Bild 24\/7 aus jedem Land der Welt \u00fcberwachen. SUper Nachtsicht, das Bild ist hervorragend sichtbar. M\u00f6glichkeit, zwei Mobiltelefone gleichzeitig zu laden.\" \/>\n<meta property=\"og:url\" content=\"https:\/\/www.ortungsgerate.de\/ru\/12-skrytyje-kamery\/27-wlan-mini-kamery\/chasy-s-zaschitoy-ot-krazhi-telefona-x2-usb-rozetki-dlya-zaryadki\/\" \/>\n<meta property=\"og:site_name\" content=\"Ortungsger\u00e4te.de\" \/>\n<meta property=\"article:modified_time\" content=\"2025-12-01T10:26:01+00:00\" \/>\n<meta property=\"og:image\" content=\"https:\/\/www.ortungsgerate.de\/wp-content\/uploads\/laikrodis-slapta-kamera-2x-usb-lizdai-telefono-krovimui.jpg\" \/>\n\t<meta property=\"og:image:width\" content=\"460\" \/>\n\t<meta property=\"og:image:height\" content=\"462\" \/>\n\t<meta property=\"og:image:type\" content=\"image\/jpeg\" \/>\n<meta name=\"twitter:card\" content=\"summary_large_image\" \/>\n<meta name=\"twitter:label1\" content=\"\u041f\u0440\u0438\u043c\u0435\u0440\u043d\u043e\u0435 \u0432\u0440\u0435\u043c\u044f \u0434\u043b\u044f \u0447\u0442\u0435\u043d\u0438\u044f\" \/>\n\t<meta name=\"twitter:data1\" content=\"1 \u043c\u0438\u043d\u0443\u0442\u0430\" \/>\n<script type=\"application\/ld+json\" class=\"yoast-schema-graph\">{\"@context\":\"https:\\\/\\\/schema.org\",\"@graph\":[{\"@type\":\"WebPage\",\"@id\":\"https:\\\/\\\/www.ortungsgerate.de\\\/12-versteckte-kameras\\\/27-wlan-minikameras\\\/uhr-mit-handy-diebstahlschutz-x2-usb-steckdosen-zum-laden\\\/\",\"url\":\"https:\\\/\\\/www.ortungsgerate.de\\\/12-versteckte-kameras\\\/27-wlan-minikameras\\\/uhr-mit-handy-diebstahlschutz-x2-usb-steckdosen-zum-laden\\\/\",\"name\":\"Uhr mit Handy-Ladeger\u00e4t, 2x USB-Anschluss 5V 1A\",\"isPartOf\":{\"@id\":\"https:\\\/\\\/www.ortungsgerate.de\\\/#website\"},\"primaryImageOfPage\":{\"@id\":\"https:\\\/\\\/www.ortungsgerate.de\\\/12-versteckte-kameras\\\/27-wlan-minikameras\\\/uhr-mit-handy-diebstahlschutz-x2-usb-steckdosen-zum-laden\\\/#primaryimage\"},\"image\":{\"@id\":\"https:\\\/\\\/www.ortungsgerate.de\\\/12-versteckte-kameras\\\/27-wlan-minikameras\\\/uhr-mit-handy-diebstahlschutz-x2-usb-steckdosen-zum-laden\\\/#primaryimage\"},\"thumbnailUrl\":\"https:\\\/\\\/www.ortungsgerate.de\\\/wp-content\\\/uploads\\\/laikrodis-slapta-kamera-2x-usb-lizdai-telefono-krovimui.jpg\",\"datePublished\":\"2024-02-06T19:37:51+00:00\",\"dateModified\":\"2025-12-01T10:26:01+00:00\",\"description\":\"Sie k\u00f6nnen das Bild 24\\\/7 aus jedem Land der Welt \u00fcberwachen. SUper Nachtsicht, das Bild ist hervorragend sichtbar. M\u00f6glichkeit, zwei Mobiltelefone gleichzeitig zu laden.\",\"breadcrumb\":{\"@id\":\"https:\\\/\\\/www.ortungsgerate.de\\\/12-versteckte-kameras\\\/27-wlan-minikameras\\\/uhr-mit-handy-diebstahlschutz-x2-usb-steckdosen-zum-laden\\\/#breadcrumb\"},\"inLanguage\":\"ru-RU\",\"potentialAction\":[{\"@type\":\"ReadAction\",\"target\":[\"https:\\\/\\\/www.ortungsgerate.de\\\/12-versteckte-kameras\\\/27-wlan-minikameras\\\/uhr-mit-handy-diebstahlschutz-x2-usb-steckdosen-zum-laden\\\/\"]}]},{\"@type\":\"ImageObject\",\"inLanguage\":\"ru-RU\",\"@id\":\"https:\\\/\\\/www.ortungsgerate.de\\\/12-versteckte-kameras\\\/27-wlan-minikameras\\\/uhr-mit-handy-diebstahlschutz-x2-usb-steckdosen-zum-laden\\\/#primaryimage\",\"url\":\"https:\\\/\\\/www.ortungsgerate.de\\\/wp-content\\\/uploads\\\/laikrodis-slapta-kamera-2x-usb-lizdai-telefono-krovimui.jpg\",\"contentUrl\":\"https:\\\/\\\/www.ortungsgerate.de\\\/wp-content\\\/uploads\\\/laikrodis-slapta-kamera-2x-usb-lizdai-telefono-krovimui.jpg\",\"width\":460,\"height\":462,\"caption\":\"Uhr mit versteckter Kamera, 2x USB-Anschl\u00fcsse zum Aufladen des Telefons\"},{\"@type\":\"BreadcrumbList\",\"@id\":\"https:\\\/\\\/www.ortungsgerate.de\\\/12-versteckte-kameras\\\/27-wlan-minikameras\\\/uhr-mit-handy-diebstahlschutz-x2-usb-steckdosen-zum-laden\\\/#breadcrumb\",\"itemListElement\":[{\"@type\":\"ListItem\",\"position\":1,\"name\":\"Startseite\",\"item\":\"https:\\\/\\\/www.ortungsgerate.de\\\/\"},{\"@type\":\"ListItem\",\"position\":2,\"name\":\"Shop\",\"item\":\"https:\\\/\\\/www.ortungsgerate.de\\\/shop\\\/\"},{\"@type\":\"ListItem\",\"position\":3,\"name\":\"Uhr mit Handy-Diebstahlschutz x2 USB-Steckdosen zum Laden\"}]},{\"@type\":\"WebSite\",\"@id\":\"https:\\\/\\\/www.ortungsgerate.de\\\/#website\",\"url\":\"https:\\\/\\\/www.ortungsgerate.de\\\/\",\"name\":\"Ortungsgerate.de\",\"description\":\"\",\"publisher\":{\"@id\":\"https:\\\/\\\/www.ortungsgerate.de\\\/#organization\"},\"potentialAction\":[{\"@type\":\"SearchAction\",\"target\":{\"@type\":\"EntryPoint\",\"urlTemplate\":\"https:\\\/\\\/www.ortungsgerate.de\\\/?s={search_term_string}\"},\"query-input\":{\"@type\":\"PropertyValueSpecification\",\"valueRequired\":true,\"valueName\":\"search_term_string\"}}],\"inLanguage\":\"ru-RU\"},{\"@type\":\"Organization\",\"@id\":\"https:\\\/\\\/www.ortungsgerate.de\\\/#organization\",\"name\":\"Ortungsgerate.de\",\"url\":\"https:\\\/\\\/www.ortungsgerate.de\\\/\",\"logo\":{\"@type\":\"ImageObject\",\"inLanguage\":\"ru-RU\",\"@id\":\"https:\\\/\\\/www.ortungsgerate.de\\\/#\\\/schema\\\/logo\\\/image\\\/\",\"url\":\"https:\\\/\\\/www.ortungsgerate.de\\\/wp-content\\\/uploads\\\/ortungsgerate.png\",\"contentUrl\":\"https:\\\/\\\/www.ortungsgerate.de\\\/wp-content\\\/uploads\\\/ortungsgerate.png\",\"width\":500,\"height\":135,\"caption\":\"Ortungsgerate.de\"},\"image\":{\"@id\":\"https:\\\/\\\/www.ortungsgerate.de\\\/#\\\/schema\\\/logo\\\/image\\\/\"}}]}<\/script>\n<!-- \/ Yoast SEO Premium plugin. -->","yoast_head_json":{"title":"Uhr mit Handy-Ladeger\u00e4t, 2x USB-Anschluss 5V 1A","description":"Sie k\u00f6nnen das Bild 24\/7 aus jedem Land der Welt \u00fcberwachen. SUper Nachtsicht, das Bild ist hervorragend sichtbar. M\u00f6glichkeit, zwei Mobiltelefone gleichzeitig zu laden.","robots":{"index":"index","follow":"follow","max-snippet":"max-snippet:-1","max-image-preview":"max-image-preview:large","max-video-preview":"max-video-preview:-1"},"canonical":"https:\/\/www.ortungsgerate.de\/ru\/12-skrytyje-kamery\/27-wlan-mini-kamery\/chasy-s-zaschitoy-ot-krazhi-telefona-x2-usb-rozetki-dlya-zaryadki\/","og_locale":"ru_RU","og_type":"article","og_title":"Uhr mit Handy-Diebstahlschutz x2 USB-Steckdosen zum Laden","og_description":"Sie k\u00f6nnen das Bild 24\/7 aus jedem Land der Welt \u00fcberwachen. SUper Nachtsicht, das Bild ist hervorragend sichtbar. M\u00f6glichkeit, zwei Mobiltelefone gleichzeitig zu laden.","og_url":"https:\/\/www.ortungsgerate.de\/ru\/12-skrytyje-kamery\/27-wlan-mini-kamery\/chasy-s-zaschitoy-ot-krazhi-telefona-x2-usb-rozetki-dlya-zaryadki\/","og_site_name":"Ortungsger\u00e4te.de","article_modified_time":"2025-12-01T10:26:01+00:00","og_image":[{"width":460,"height":462,"url":"https:\/\/www.ortungsgerate.de\/wp-content\/uploads\/laikrodis-slapta-kamera-2x-usb-lizdai-telefono-krovimui.jpg","type":"image\/jpeg"}],"twitter_card":"summary_large_image","twitter_misc":{"\u041f\u0440\u0438\u043c\u0435\u0440\u043d\u043e\u0435 \u0432\u0440\u0435\u043c\u044f \u0434\u043b\u044f \u0447\u0442\u0435\u043d\u0438\u044f":"1 \u043c\u0438\u043d\u0443\u0442\u0430"},"schema":{"@context":"https:\/\/schema.org","@graph":[{"@type":"WebPage","@id":"https:\/\/www.ortungsgerate.de\/12-versteckte-kameras\/27-wlan-minikameras\/uhr-mit-handy-diebstahlschutz-x2-usb-steckdosen-zum-laden\/","url":"https:\/\/www.ortungsgerate.de\/12-versteckte-kameras\/27-wlan-minikameras\/uhr-mit-handy-diebstahlschutz-x2-usb-steckdosen-zum-laden\/","name":"Uhr mit Handy-Ladeger\u00e4t, 2x USB-Anschluss 5V 1A","isPartOf":{"@id":"https:\/\/www.ortungsgerate.de\/#website"},"primaryImageOfPage":{"@id":"https:\/\/www.ortungsgerate.de\/12-versteckte-kameras\/27-wlan-minikameras\/uhr-mit-handy-diebstahlschutz-x2-usb-steckdosen-zum-laden\/#primaryimage"},"image":{"@id":"https:\/\/www.ortungsgerate.de\/12-versteckte-kameras\/27-wlan-minikameras\/uhr-mit-handy-diebstahlschutz-x2-usb-steckdosen-zum-laden\/#primaryimage"},"thumbnailUrl":"https:\/\/www.ortungsgerate.de\/wp-content\/uploads\/laikrodis-slapta-kamera-2x-usb-lizdai-telefono-krovimui.jpg","datePublished":"2024-02-06T19:37:51+00:00","dateModified":"2025-12-01T10:26:01+00:00","description":"Sie k\u00f6nnen das Bild 24\/7 aus jedem Land der Welt \u00fcberwachen. SUper Nachtsicht, das Bild ist hervorragend sichtbar. M\u00f6glichkeit, zwei Mobiltelefone gleichzeitig zu laden.","breadcrumb":{"@id":"https:\/\/www.ortungsgerate.de\/12-versteckte-kameras\/27-wlan-minikameras\/uhr-mit-handy-diebstahlschutz-x2-usb-steckdosen-zum-laden\/#breadcrumb"},"inLanguage":"ru-RU","potentialAction":[{"@type":"ReadAction","target":["https:\/\/www.ortungsgerate.de\/12-versteckte-kameras\/27-wlan-minikameras\/uhr-mit-handy-diebstahlschutz-x2-usb-steckdosen-zum-laden\/"]}]},{"@type":"ImageObject","inLanguage":"ru-RU","@id":"https:\/\/www.ortungsgerate.de\/12-versteckte-kameras\/27-wlan-minikameras\/uhr-mit-handy-diebstahlschutz-x2-usb-steckdosen-zum-laden\/#primaryimage","url":"https:\/\/www.ortungsgerate.de\/wp-content\/uploads\/laikrodis-slapta-kamera-2x-usb-lizdai-telefono-krovimui.jpg","contentUrl":"https:\/\/www.ortungsgerate.de\/wp-content\/uploads\/laikrodis-slapta-kamera-2x-usb-lizdai-telefono-krovimui.jpg","width":460,"height":462,"caption":"Uhr mit versteckter Kamera, 2x USB-Anschl\u00fcsse zum Aufladen des Telefons"},{"@type":"BreadcrumbList","@id":"https:\/\/www.ortungsgerate.de\/12-versteckte-kameras\/27-wlan-minikameras\/uhr-mit-handy-diebstahlschutz-x2-usb-steckdosen-zum-laden\/#breadcrumb","itemListElement":[{"@type":"ListItem","position":1,"name":"Startseite","item":"https:\/\/www.ortungsgerate.de\/"},{"@type":"ListItem","position":2,"name":"Shop","item":"https:\/\/www.ortungsgerate.de\/shop\/"},{"@type":"ListItem","position":3,"name":"Uhr mit Handy-Diebstahlschutz x2 USB-Steckdosen zum Laden"}]},{"@type":"WebSite","@id":"https:\/\/www.ortungsgerate.de\/#website","url":"https:\/\/www.ortungsgerate.de\/","name":"Ortungsgerate.de","description":"","publisher":{"@id":"https:\/\/www.ortungsgerate.de\/#organization"},"potentialAction":[{"@type":"SearchAction","target":{"@type":"EntryPoint","urlTemplate":"https:\/\/www.ortungsgerate.de\/?s={search_term_string}"},"query-input":{"@type":"PropertyValueSpecification","valueRequired":true,"valueName":"search_term_string"}}],"inLanguage":"ru-RU"},{"@type":"Organization","@id":"https:\/\/www.ortungsgerate.de\/#organization","name":"Ortungsgerate.de","url":"https:\/\/www.ortungsgerate.de\/","logo":{"@type":"ImageObject","inLanguage":"ru-RU","@id":"https:\/\/www.ortungsgerate.de\/#\/schema\/logo\/image\/","url":"https:\/\/www.ortungsgerate.de\/wp-content\/uploads\/ortungsgerate.png","contentUrl":"https:\/\/www.ortungsgerate.de\/wp-content\/uploads\/ortungsgerate.png","width":500,"height":135,"caption":"Ortungsgerate.de"},"image":{"@id":"https:\/\/www.ortungsgerate.de\/#\/schema\/logo\/image\/"}}]}},"_links":{"self":[{"href":"https:\/\/www.ortungsgerate.de\/ru\/wp-json\/wp\/v2\/product\/16509","targetHints":{"allow":["GET"]}}],"collection":[{"href":"https:\/\/www.ortungsgerate.de\/ru\/wp-json\/wp\/v2\/product"}],"about":[{"href":"https:\/\/www.ortungsgerate.de\/ru\/wp-json\/wp\/v2\/types\/product"}],"version-history":[{"count":0,"href":"https:\/\/www.ortungsgerate.de\/ru\/wp-json\/wp\/v2\/product\/16509\/revisions"}],"wp:featuredmedia":[{"embeddable":true,"href":"https:\/\/www.ortungsgerate.de\/ru\/wp-json\/wp\/v2\/media\/26412"}],"wp:attachment":[{"href":"https:\/\/www.ortungsgerate.de\/ru\/wp-json\/wp\/v2\/media?parent=16509"}],"wp:term":[{"taxonomy":"brand","embeddable":true,"href":"https:\/\/www.ortungsgerate.de\/ru\/wp-json\/wp\/v2\/etheme_brands?post=16509"},{"taxonomy":"product_brand","embeddable":true,"href":"https:\/\/www.ortungsgerate.de\/ru\/wp-json\/wp\/v2\/product_brand?post=16509"},{"taxonomy":"product_cat","embeddable":true,"href":"https:\/\/www.ortungsgerate.de\/ru\/wp-json\/wp\/v2\/product_cat?post=16509"},{"taxonomy":"product_tag","embeddable":true,"href":"https:\/\/www.ortungsgerate.de\/ru\/wp-json\/wp\/v2\/product_tag?post=16509"}],"curies":[{"name":"wp","href":"https:\/\/api.w.org\/{rel}","templated":true}]}}