{"id":16510,"date":"2025-03-02T22:41:21","date_gmt":"2025-03-02T20:41:21","guid":{"rendered":"https:\/\/ortungsgerate.de\/be-kategorijos\/vaizdo-stebejimo-kamera-5mpx-wi-fi-kamera-namu-apsaugai-smart\/"},"modified":"2025-11-26T19:01:36","modified_gmt":"2025-11-26T17:01:36","slug":"kamera-nablyudeniya-5mpx-wi-fi-kamera-dlya-domashney-bezopasnosti-smart","status":"publish","type":"product","link":"https:\/\/www.ortungsgerate.de\/ru\/12-skrytyje-kamery\/27-wlan-mini-kamery\/kamera-nablyudeniya-5mpx-wi-fi-kamera-dlya-domashney-bezopasnosti-smart\/","title":{"rendered":"\u041a\u0430\u043c\u0435\u0440\u0430 \u043d\u0430\u0431\u043b\u044e\u0434\u0435\u043d\u0438\u044f 5mpx. Wi-Fi \u043a\u0430\u043c\u0435\u0440\u0430 \u0434\u043b\u044f \u0434\u043e\u043c\u0430\u0448\u043d\u0435\u0439 \u0431\u0435\u0437\u043e\u043f\u0430\u0441\u043d\u043e\u0441\u0442\u0438 SMART"},"content":{"rendered":"<h3><strong>\u0422\u0435\u0445\u043d\u0438\u0447\u0435\u0441\u043a\u0438\u0435 \u043f\u0430\u0440\u0430\u043c\u0435\u0442\u0440\u044b:<\/strong><\/h3>\n<ul>\n<li>\u0414\u0438\u0441\u0442\u0430\u043d\u0446\u0438\u043e\u043d\u043d\u043e\u0435 \u043d\u0430\u0431\u043b\u044e\u0434\u0435\u043d\u0438\u0435: \u0414\u0410<\/li>\n<li>Audio kann live geh\u00f6rt werden<\/li>\n<li>Videos werden mit Ton aufgenommen<\/li>\n<li>Kamerakabel L\u00e4nge 0,2 Meter<\/li>\n<li>5mpx SONY Objektiv<\/li>\n<li>\u0418\u0437\u043e\u0431\u0440\u0430\u0436\u0435\u043d\u0438\u0435 \u0437\u0430\u043f\u0438\u0441\u044b\u0432\u0430\u0435\u0442\u0441\u044f \u0441\u043e \u0437\u0432\u0443\u043a\u043e\u043c<\/li>\n<li>\u041f\u043e\u0434\u0434\u0435\u0440\u0436\u0438\u0432\u0430\u0435\u0442 \u043a\u0430\u0440\u0442\u044b \u043f\u0430\u043c\u044f\u0442\u0438 \u0434\u043e 128 \u0413\u0411<\/li>\n<li>Kann an eine dauerhafte Stromversorgung angeschlossen werden<\/li>\n<li>Netzwerk: Verbindung zum WLAN-Netz<\/li>\n<li>Nachtmodus: vorhanden<\/li>\n<li>Videoqualit\u00e4t: Vorschau: FULL HD1080P,<\/li>\n<li>Bilder k\u00f6nnen angesehen werden: \u00fcber das Telefon<\/li>\n<li>Benachrichtigungen auf das Telefon: Vorhanden<\/li>\n<li>SIM-Kartensteckplatz: Vorhanden<\/li>\n<li>Bewegungserkennungsmodus: JA<\/li>\n<li>\u0423\u0433\u043e\u043b \u043e\u0431\u0437\u043e\u0440\u0430: 110 \u00b0<\/li>\n<li>\u0424\u043e\u0440\u043c\u0430\u0442 \u0441\u0436\u0430\u0442\u0438\u044f: AVI H.264<\/li>\n<li>\u041f\u043e\u0434\u0434\u0435\u0440\u0436\u0438\u0432\u0430\u0435\u043c\u044b\u0435 \u0441\u0438\u0441\u0442\u0435\u043c\u044b: \u201eiOS\u201c \u201eAndroid\u201c<\/li>\n<li>App f\u00fcr mobile Ger\u00e4te: Vorhanden<\/li>\n<li>Stromversorgungsarten: PPOE oder von einer Stromquelle (220v)<\/li>\n<li>\u0423\u043f\u0440\u0430\u0432\u043b\u0435\u043d\u0438\u0435 \u0437\u0430\u043f\u0438\u0441\u044c\u044e: \u0441 \u043b\u044e\u0431\u043e\u0433\u043e \u0443\u043c\u043d\u043e\u0433\u043e \u0443\u0441\u0442\u0440\u043e\u0439\u0441\u0442\u0432\u0430 (\u0442\u0435\u043b\u0435\u0444\u043e\u043d, \u043a\u043e\u043c\u043f\u044c\u044e\u0442\u0435\u0440 \u0438\u043b\u0438 \u043f\u043b\u0430\u043d\u0448\u0435\u0442).<\/li>\n<li>\u0413\u0430\u0440\u0430\u043d\u0442\u0438\u044f 12 \u043c\u0435\u0441\u044f\u0446\u0435\u0432<\/li>\n<\/ul>\n<p><span style=\"color: #d0121a;\"><\/span><\/p>\n<p>Diese Kamera eignet sich hervorragend f\u00fcr den Schutz von Zuhause oder zur \u00dcberwachung von Ferienh\u00e4usern. In die Kamera m\u00fcssen keine SIM-Karten mit Internet eingelegt werden, sie wird mit dem WLAN verbunden, und Sie k\u00f6nnen das Bild live auf Ihrem Mobiltelefon \u00fcberwachen. Hochwertiges Bild, Nachtsicht. M\u00f6glichkeit, zu h\u00f6ren, was gesprochen wird, und Sie k\u00f6nnen \u00fcber den Lautsprecher der Kamera sprechen, um Eindringlinge abzuschrecken. Sie erkennt Personen und Sie erhalten Benachrichtigungen auf Ihr Telefon.<\/p>\n<p>Die Kamera zeichnet sich durch ein hochwertiges Bild und Nachtsicht aus, sodass sie das Gebiet auch im Dunkeln \u00fcberwachen kann. Dar\u00fcber hinaus verf\u00fcgt sie \u00fcber einen Lautsprecher, der es erm\u00f6glicht, nicht nur zu h\u00f6ren, was um einen herum passiert, sondern auch etwas \u00fcber den Lautsprecher der Kamera zu sagen. Dies kann n\u00fctzlich sein, wenn Sie Eindringlinge abschrecken oder mit anderen Personen in der gleichen Umgebung kommunizieren m\u00f6chten.<\/p>\n<p>Die Kamera kann auch Personen erkennen und Benachrichtigungen an Ihr Mobiltelefon senden, damit Sie schnell auf unerw\u00fcnschte Ereignisse reagieren k\u00f6nnen. Dies gibt Ihnen ein sicheres Gef\u00fchl und sch\u00fctzt Ihr Eigentum sowie Ihre Sicherheit.<\/p>\n<p>Insgesamt ist diese Kamera eine hervorragende Wahl f\u00fcr den Schutz von Zuhause oder Ferienh\u00e4usern, da sie mit dem WLAN verbunden wird und hohe Qualit\u00e4t sowie verschiedene Funktionen bietet, die es erm\u00f6glichen, das Gebiet zu \u00fcberwachen und auf gef\u00e4hrliche oder unerw\u00fcnschte Ereignisse zu reagieren.<\/p>","protected":false},"excerpt":{"rendered":"<p>Technische\u00a0Parameter: Fern\u00fcberwachung: JA Audio kann live geh\u00f6rt werden Videos werden mit Ton aufgenommen Kamerakabel L\u00e4nge 0,2 Meter 5mpx SONY Objektiv Bild wird mit Ton aufgenommen&#8230;<\/p>","protected":false},"featured_media":26408,"template":"","meta":[],"etheme_brands":[],"product_brand":[],"product_cat":[224,203,205],"product_tag":[687,694,688,705,690,691,693],"class_list":{"0":"post-16510","1":"product","2":"type-product","3":"status-publish","4":"has-post-thumbnail","6":"product_cat-36-aussenkameras-4g-wlan","7":"product_cat-12-versteckte-kameras","8":"product_cat-27-wlan-minikameras","9":"product_tag-kamera-zur-ueberwachung","10":"product_tag-schnappschusskamera","11":"product_tag-tarnkappen-kamera","12":"product_tag-ueberwachungskamera","13":"product_tag-versteckte-kamera","14":"product_tag-versteckte-ueberwachungskamera","15":"product_tag-wlan-kamera","16":"pa_typ-jagd-outdoor","18":"first","19":"outofstock","20":"sale","21":"taxable","22":"shipping-taxable","23":"purchasable","24":"product-type-simple"},"yoast_head":"<!-- This site is optimized with the Yoast SEO Premium plugin v25.9 (Yoast SEO v27.4) - https:\/\/yoast.com\/product\/yoast-seo-premium-wordpress\/ -->\n<title>Au\u00dfen\u00fcberwachungskamera WI FI 5mpx SONY Optik - Sekingoiranga.lt<\/title>\n<meta name=\"description\" content=\"WIFI \u00dcberwachungskamera 5 mpx. Ideal f\u00fcr den Schutz von Zuhause oder Ferienh\u00e4usern. Einfach mit dem WLAN-Netzwerk zu verbinden. Nachtsicht, kostenlose App.\" \/>\n<meta name=\"robots\" content=\"index, follow, max-snippet:-1, max-image-preview:large, max-video-preview:-1\" \/>\n<link rel=\"canonical\" href=\"https:\/\/www.ortungsgerate.de\/ru\/12-skrytyje-kamery\/36-ulichnyje-kamery-4g-wlan\/kamera-nablyudeniya-5mpx-wi-fi-kamera-dlya-domashney-bezopasnosti-smart\/\" \/>\n<meta property=\"og:locale\" content=\"ru_RU\" \/>\n<meta property=\"og:type\" content=\"article\" \/>\n<meta property=\"og:title\" content=\"\u00dcberwachungskamera 5mpx. Wi-Fi Kamera f\u00fcr den Heimschutz SMART\" \/>\n<meta property=\"og:description\" content=\"WIFI \u00dcberwachungskamera 5 mpx. Ideal f\u00fcr den Schutz von Zuhause oder Ferienh\u00e4usern. Einfach mit dem WLAN-Netzwerk zu verbinden. Nachtsicht, kostenlose App.\" \/>\n<meta property=\"og:url\" content=\"https:\/\/www.ortungsgerate.de\/ru\/12-skrytyje-kamery\/36-ulichnyje-kamery-4g-wlan\/kamera-nablyudeniya-5mpx-wi-fi-kamera-dlya-domashney-bezopasnosti-smart\/\" \/>\n<meta property=\"og:site_name\" content=\"Ortungsger\u00e4te.de\" \/>\n<meta property=\"article:modified_time\" content=\"2025-11-26T17:01:36+00:00\" \/>\n<meta property=\"og:image\" content=\"https:\/\/www.ortungsgerate.de\/wp-content\/uploads\/lauko-wifi-kamera.jpg\" \/>\n\t<meta property=\"og:image:width\" content=\"458\" \/>\n\t<meta property=\"og:image:height\" content=\"458\" \/>\n\t<meta property=\"og:image:type\" content=\"image\/jpeg\" \/>\n<meta name=\"twitter:card\" content=\"summary_large_image\" \/>\n<meta name=\"twitter:label1\" content=\"\u041f\u0440\u0438\u043c\u0435\u0440\u043d\u043e\u0435 \u0432\u0440\u0435\u043c\u044f \u0434\u043b\u044f \u0447\u0442\u0435\u043d\u0438\u044f\" \/>\n\t<meta name=\"twitter:data1\" content=\"2 \u043c\u0438\u043d\u0443\u0442\u044b\" \/>\n<script type=\"application\/ld+json\" class=\"yoast-schema-graph\">{\"@context\":\"https:\\\/\\\/schema.org\",\"@graph\":[{\"@type\":\"WebPage\",\"@id\":\"https:\\\/\\\/www.ortungsgerate.de\\\/12-versteckte-kameras\\\/36-aussenkameras-4g-wlan\\\/ueberwachungskamera-5mpx-wi-fi-kamera-fuer-den-heimschutz-smart\\\/\",\"url\":\"https:\\\/\\\/www.ortungsgerate.de\\\/12-versteckte-kameras\\\/36-aussenkameras-4g-wlan\\\/ueberwachungskamera-5mpx-wi-fi-kamera-fuer-den-heimschutz-smart\\\/\",\"name\":\"Au\u00dfen\u00fcberwachungskamera WI FI 5mpx SONY Optik - Sekingoiranga.lt\",\"isPartOf\":{\"@id\":\"https:\\\/\\\/www.ortungsgerate.de\\\/#website\"},\"primaryImageOfPage\":{\"@id\":\"https:\\\/\\\/www.ortungsgerate.de\\\/12-versteckte-kameras\\\/36-aussenkameras-4g-wlan\\\/ueberwachungskamera-5mpx-wi-fi-kamera-fuer-den-heimschutz-smart\\\/#primaryimage\"},\"image\":{\"@id\":\"https:\\\/\\\/www.ortungsgerate.de\\\/12-versteckte-kameras\\\/36-aussenkameras-4g-wlan\\\/ueberwachungskamera-5mpx-wi-fi-kamera-fuer-den-heimschutz-smart\\\/#primaryimage\"},\"thumbnailUrl\":\"https:\\\/\\\/www.ortungsgerate.de\\\/wp-content\\\/uploads\\\/lauko-wifi-kamera.jpg\",\"datePublished\":\"2025-03-02T20:41:21+00:00\",\"dateModified\":\"2025-11-26T17:01:36+00:00\",\"description\":\"WIFI \u00dcberwachungskamera 5 mpx. Ideal f\u00fcr den Schutz von Zuhause oder Ferienh\u00e4usern. Einfach mit dem WLAN-Netzwerk zu verbinden. Nachtsicht, kostenlose App.\",\"breadcrumb\":{\"@id\":\"https:\\\/\\\/www.ortungsgerate.de\\\/12-versteckte-kameras\\\/36-aussenkameras-4g-wlan\\\/ueberwachungskamera-5mpx-wi-fi-kamera-fuer-den-heimschutz-smart\\\/#breadcrumb\"},\"inLanguage\":\"ru-RU\",\"potentialAction\":[{\"@type\":\"ReadAction\",\"target\":[\"https:\\\/\\\/www.ortungsgerate.de\\\/12-versteckte-kameras\\\/36-aussenkameras-4g-wlan\\\/ueberwachungskamera-5mpx-wi-fi-kamera-fuer-den-heimschutz-smart\\\/\"]}]},{\"@type\":\"ImageObject\",\"inLanguage\":\"ru-RU\",\"@id\":\"https:\\\/\\\/www.ortungsgerate.de\\\/12-versteckte-kameras\\\/36-aussenkameras-4g-wlan\\\/ueberwachungskamera-5mpx-wi-fi-kamera-fuer-den-heimschutz-smart\\\/#primaryimage\",\"url\":\"https:\\\/\\\/www.ortungsgerate.de\\\/wp-content\\\/uploads\\\/lauko-wifi-kamera.jpg\",\"contentUrl\":\"https:\\\/\\\/www.ortungsgerate.de\\\/wp-content\\\/uploads\\\/lauko-wifi-kamera.jpg\",\"width\":458,\"height\":458,\"caption\":\"WLAN-Au\u00dfenkamera\"},{\"@type\":\"BreadcrumbList\",\"@id\":\"https:\\\/\\\/www.ortungsgerate.de\\\/12-versteckte-kameras\\\/36-aussenkameras-4g-wlan\\\/ueberwachungskamera-5mpx-wi-fi-kamera-fuer-den-heimschutz-smart\\\/#breadcrumb\",\"itemListElement\":[{\"@type\":\"ListItem\",\"position\":1,\"name\":\"Startseite\",\"item\":\"https:\\\/\\\/www.ortungsgerate.de\\\/\"},{\"@type\":\"ListItem\",\"position\":2,\"name\":\"Shop\",\"item\":\"https:\\\/\\\/www.ortungsgerate.de\\\/shop\\\/\"},{\"@type\":\"ListItem\",\"position\":3,\"name\":\"\u00dcberwachungskamera 5mpx. Wi-Fi Kamera f\u00fcr den Heimschutz SMART\"}]},{\"@type\":\"WebSite\",\"@id\":\"https:\\\/\\\/www.ortungsgerate.de\\\/#website\",\"url\":\"https:\\\/\\\/www.ortungsgerate.de\\\/\",\"name\":\"Ortungsgerate.de\",\"description\":\"\",\"publisher\":{\"@id\":\"https:\\\/\\\/www.ortungsgerate.de\\\/#organization\"},\"potentialAction\":[{\"@type\":\"SearchAction\",\"target\":{\"@type\":\"EntryPoint\",\"urlTemplate\":\"https:\\\/\\\/www.ortungsgerate.de\\\/?s={search_term_string}\"},\"query-input\":{\"@type\":\"PropertyValueSpecification\",\"valueRequired\":true,\"valueName\":\"search_term_string\"}}],\"inLanguage\":\"ru-RU\"},{\"@type\":\"Organization\",\"@id\":\"https:\\\/\\\/www.ortungsgerate.de\\\/#organization\",\"name\":\"Ortungsgerate.de\",\"url\":\"https:\\\/\\\/www.ortungsgerate.de\\\/\",\"logo\":{\"@type\":\"ImageObject\",\"inLanguage\":\"ru-RU\",\"@id\":\"https:\\\/\\\/www.ortungsgerate.de\\\/#\\\/schema\\\/logo\\\/image\\\/\",\"url\":\"https:\\\/\\\/www.ortungsgerate.de\\\/wp-content\\\/uploads\\\/ortungsgerate.png\",\"contentUrl\":\"https:\\\/\\\/www.ortungsgerate.de\\\/wp-content\\\/uploads\\\/ortungsgerate.png\",\"width\":500,\"height\":135,\"caption\":\"Ortungsgerate.de\"},\"image\":{\"@id\":\"https:\\\/\\\/www.ortungsgerate.de\\\/#\\\/schema\\\/logo\\\/image\\\/\"}}]}<\/script>\n<!-- \/ Yoast SEO Premium plugin. -->","yoast_head_json":{"title":"Au\u00dfen\u00fcberwachungskamera WI FI 5mpx SONY Optik - Sekingoiranga.lt","description":"WIFI \u00dcberwachungskamera 5 mpx. Ideal f\u00fcr den Schutz von Zuhause oder Ferienh\u00e4usern. Einfach mit dem WLAN-Netzwerk zu verbinden. Nachtsicht, kostenlose App.","robots":{"index":"index","follow":"follow","max-snippet":"max-snippet:-1","max-image-preview":"max-image-preview:large","max-video-preview":"max-video-preview:-1"},"canonical":"https:\/\/www.ortungsgerate.de\/ru\/12-skrytyje-kamery\/36-ulichnyje-kamery-4g-wlan\/kamera-nablyudeniya-5mpx-wi-fi-kamera-dlya-domashney-bezopasnosti-smart\/","og_locale":"ru_RU","og_type":"article","og_title":"\u00dcberwachungskamera 5mpx. Wi-Fi Kamera f\u00fcr den Heimschutz SMART","og_description":"WIFI \u00dcberwachungskamera 5 mpx. Ideal f\u00fcr den Schutz von Zuhause oder Ferienh\u00e4usern. Einfach mit dem WLAN-Netzwerk zu verbinden. Nachtsicht, kostenlose App.","og_url":"https:\/\/www.ortungsgerate.de\/ru\/12-skrytyje-kamery\/36-ulichnyje-kamery-4g-wlan\/kamera-nablyudeniya-5mpx-wi-fi-kamera-dlya-domashney-bezopasnosti-smart\/","og_site_name":"Ortungsger\u00e4te.de","article_modified_time":"2025-11-26T17:01:36+00:00","og_image":[{"width":458,"height":458,"url":"https:\/\/www.ortungsgerate.de\/wp-content\/uploads\/lauko-wifi-kamera.jpg","type":"image\/jpeg"}],"twitter_card":"summary_large_image","twitter_misc":{"\u041f\u0440\u0438\u043c\u0435\u0440\u043d\u043e\u0435 \u0432\u0440\u0435\u043c\u044f \u0434\u043b\u044f \u0447\u0442\u0435\u043d\u0438\u044f":"2 \u043c\u0438\u043d\u0443\u0442\u044b"},"schema":{"@context":"https:\/\/schema.org","@graph":[{"@type":"WebPage","@id":"https:\/\/www.ortungsgerate.de\/12-versteckte-kameras\/36-aussenkameras-4g-wlan\/ueberwachungskamera-5mpx-wi-fi-kamera-fuer-den-heimschutz-smart\/","url":"https:\/\/www.ortungsgerate.de\/12-versteckte-kameras\/36-aussenkameras-4g-wlan\/ueberwachungskamera-5mpx-wi-fi-kamera-fuer-den-heimschutz-smart\/","name":"Au\u00dfen\u00fcberwachungskamera WI FI 5mpx SONY Optik - Sekingoiranga.lt","isPartOf":{"@id":"https:\/\/www.ortungsgerate.de\/#website"},"primaryImageOfPage":{"@id":"https:\/\/www.ortungsgerate.de\/12-versteckte-kameras\/36-aussenkameras-4g-wlan\/ueberwachungskamera-5mpx-wi-fi-kamera-fuer-den-heimschutz-smart\/#primaryimage"},"image":{"@id":"https:\/\/www.ortungsgerate.de\/12-versteckte-kameras\/36-aussenkameras-4g-wlan\/ueberwachungskamera-5mpx-wi-fi-kamera-fuer-den-heimschutz-smart\/#primaryimage"},"thumbnailUrl":"https:\/\/www.ortungsgerate.de\/wp-content\/uploads\/lauko-wifi-kamera.jpg","datePublished":"2025-03-02T20:41:21+00:00","dateModified":"2025-11-26T17:01:36+00:00","description":"WIFI \u00dcberwachungskamera 5 mpx. Ideal f\u00fcr den Schutz von Zuhause oder Ferienh\u00e4usern. Einfach mit dem WLAN-Netzwerk zu verbinden. Nachtsicht, kostenlose App.","breadcrumb":{"@id":"https:\/\/www.ortungsgerate.de\/12-versteckte-kameras\/36-aussenkameras-4g-wlan\/ueberwachungskamera-5mpx-wi-fi-kamera-fuer-den-heimschutz-smart\/#breadcrumb"},"inLanguage":"ru-RU","potentialAction":[{"@type":"ReadAction","target":["https:\/\/www.ortungsgerate.de\/12-versteckte-kameras\/36-aussenkameras-4g-wlan\/ueberwachungskamera-5mpx-wi-fi-kamera-fuer-den-heimschutz-smart\/"]}]},{"@type":"ImageObject","inLanguage":"ru-RU","@id":"https:\/\/www.ortungsgerate.de\/12-versteckte-kameras\/36-aussenkameras-4g-wlan\/ueberwachungskamera-5mpx-wi-fi-kamera-fuer-den-heimschutz-smart\/#primaryimage","url":"https:\/\/www.ortungsgerate.de\/wp-content\/uploads\/lauko-wifi-kamera.jpg","contentUrl":"https:\/\/www.ortungsgerate.de\/wp-content\/uploads\/lauko-wifi-kamera.jpg","width":458,"height":458,"caption":"WLAN-Au\u00dfenkamera"},{"@type":"BreadcrumbList","@id":"https:\/\/www.ortungsgerate.de\/12-versteckte-kameras\/36-aussenkameras-4g-wlan\/ueberwachungskamera-5mpx-wi-fi-kamera-fuer-den-heimschutz-smart\/#breadcrumb","itemListElement":[{"@type":"ListItem","position":1,"name":"Startseite","item":"https:\/\/www.ortungsgerate.de\/"},{"@type":"ListItem","position":2,"name":"Shop","item":"https:\/\/www.ortungsgerate.de\/shop\/"},{"@type":"ListItem","position":3,"name":"\u00dcberwachungskamera 5mpx. Wi-Fi Kamera f\u00fcr den Heimschutz SMART"}]},{"@type":"WebSite","@id":"https:\/\/www.ortungsgerate.de\/#website","url":"https:\/\/www.ortungsgerate.de\/","name":"Ortungsgerate.de","description":"","publisher":{"@id":"https:\/\/www.ortungsgerate.de\/#organization"},"potentialAction":[{"@type":"SearchAction","target":{"@type":"EntryPoint","urlTemplate":"https:\/\/www.ortungsgerate.de\/?s={search_term_string}"},"query-input":{"@type":"PropertyValueSpecification","valueRequired":true,"valueName":"search_term_string"}}],"inLanguage":"ru-RU"},{"@type":"Organization","@id":"https:\/\/www.ortungsgerate.de\/#organization","name":"Ortungsgerate.de","url":"https:\/\/www.ortungsgerate.de\/","logo":{"@type":"ImageObject","inLanguage":"ru-RU","@id":"https:\/\/www.ortungsgerate.de\/#\/schema\/logo\/image\/","url":"https:\/\/www.ortungsgerate.de\/wp-content\/uploads\/ortungsgerate.png","contentUrl":"https:\/\/www.ortungsgerate.de\/wp-content\/uploads\/ortungsgerate.png","width":500,"height":135,"caption":"Ortungsgerate.de"},"image":{"@id":"https:\/\/www.ortungsgerate.de\/#\/schema\/logo\/image\/"}}]}},"_links":{"self":[{"href":"https:\/\/www.ortungsgerate.de\/ru\/wp-json\/wp\/v2\/product\/16510","targetHints":{"allow":["GET"]}}],"collection":[{"href":"https:\/\/www.ortungsgerate.de\/ru\/wp-json\/wp\/v2\/product"}],"about":[{"href":"https:\/\/www.ortungsgerate.de\/ru\/wp-json\/wp\/v2\/types\/product"}],"version-history":[{"count":0,"href":"https:\/\/www.ortungsgerate.de\/ru\/wp-json\/wp\/v2\/product\/16510\/revisions"}],"wp:featuredmedia":[{"embeddable":true,"href":"https:\/\/www.ortungsgerate.de\/ru\/wp-json\/wp\/v2\/media\/26408"}],"wp:attachment":[{"href":"https:\/\/www.ortungsgerate.de\/ru\/wp-json\/wp\/v2\/media?parent=16510"}],"wp:term":[{"taxonomy":"brand","embeddable":true,"href":"https:\/\/www.ortungsgerate.de\/ru\/wp-json\/wp\/v2\/etheme_brands?post=16510"},{"taxonomy":"product_brand","embeddable":true,"href":"https:\/\/www.ortungsgerate.de\/ru\/wp-json\/wp\/v2\/product_brand?post=16510"},{"taxonomy":"product_cat","embeddable":true,"href":"https:\/\/www.ortungsgerate.de\/ru\/wp-json\/wp\/v2\/product_cat?post=16510"},{"taxonomy":"product_tag","embeddable":true,"href":"https:\/\/www.ortungsgerate.de\/ru\/wp-json\/wp\/v2\/product_tag?post=16510"}],"curies":[{"name":"wp","href":"https:\/\/api.w.org\/{rel}","templated":true}]}}