{"id":16511,"date":"2024-02-06T21:37:07","date_gmt":"2024-02-06T19:37:07","guid":{"rendered":"https:\/\/ortungsgerate.de\/be-kategorijos\/oru-stotele-su-uzmaskuota-kamera-valdoma-pultelio-pagalba\/"},"modified":"2025-11-26T19:01:36","modified_gmt":"2025-11-26T17:01:36","slug":"meteostantsiya-so-skrytoy-zamaskirovannoy-kameroy-upravlenie-s-pulta","status":"publish","type":"product","link":"https:\/\/www.ortungsgerate.de\/ru\/12-skrytyje-kamery\/17-zamaskirovanyje-kamery\/meteostantsiya-so-skrytoy-zamaskirovannoy-kameroy-upravlenie-s-pulta\/","title":{"rendered":"\u041c\u0435\u0442\u0435\u043e\u0441\u0442\u0430\u043d\u0446\u0438\u044f \u0441\u043e \u0441\u043a\u0440\u044b\u0442\u043e\u0439 (\u0437\u0430\u043c\u0430\u0441\u043a\u0438\u0440\u043e\u0432\u0430\u043d\u043d\u043e\u0439) \u043a\u0430\u043c\u0435\u0440\u043e\u0439, \u0443\u043f\u0440\u0430\u0432\u043b\u0435\u043d\u0438\u0435 \u0441 \u043f\u0443\u043b\u044c\u0442\u0430"},"content":{"rendered":"<h3><strong>\u0422\u0435\u0445\u043d\u0438\u0447\u0435\u0441\u043a\u0438\u0435 \u043f\u0430\u0440\u0430\u043c\u0435\u0442\u0440\u044b:<\/strong><\/h3>\n<ul>\n<li>Bildqualit\u00e4t: Vorschau: HD 1920*1080<\/li>\n<li>Fotoaufl\u00f6sung: 1920*1080<\/li>\n<li>Optik: CMOS 1PX<\/li>\n<li>Steuerung: mit Fernbedienung<\/li>\n<li>Aufnahme zur gew\u00e4hlten Zeit: JA<\/li>\n<li>Sichtwinkel: 90\u00b0<\/li>\n<li>Speicherkartenunterst\u00fctzung: 32 GB (Speicherkarte nicht im Lieferumfang)<\/li>\n<li>\u0424\u043e\u0440\u043c\u0430\u0442 \u0441\u0436\u0430\u0442\u0438\u044f: AVI H.264<\/li>\n<li>\u0412\u0438\u0434\u0435\u043e \u0444\u043e\u0440\u043c\u0430\u0442: Avi<\/li>\n<li>\u041f\u0438\u0442\u0430\u043d\u0438\u0435: \u0432\u043d\u0443\u0442\u0440\u0435\u043d\u043d\u044f\u044f \u0438\u043b\u0438 \u0432\u043d\u0435\u0448\u043d\u044f\u044f \u0431\u0430\u0442\u0430\u0440\u0435\u044f; \u0440\u0430\u0437\u044a\u0435\u043c \u043f\u0438\u0442\u0430\u043d\u0438\u044f 5V<\/li>\n<li>Wi-Fi : Vorhanden<\/li>\n<li>Akkukapazit\u00e4t: 3000 mAh<\/li>\n<li>220V-Adapter (f\u00fcr den dauerhaften Anschluss an das Stromnetz)<\/li>\n<li><strong>\u0413\u0410\u0420\u0410\u041d\u0422\u0418\u042f 12 \u043c\u0435\u0441\u044f\u0446\u0435\u0432<\/strong><\/li>\n<\/ul>\n<p><span style=\"color: #d0121a;\"><strong>   <\/strong><\/span><\/p>\n<p><span style=\"color: #d0121a;\"><strong><span style=\"color: #000000;\">Verwendung:<\/span><\/strong><span style=\"color: #000000;\"> F\u00fcr Ihre eigene Sicherheit und die Ihrer Kinder.<\/span><\/span><\/p>\n<p><span lang=\"lt\">Versteckte Kameras k\u00f6nnen in verschiedenen Situationen eingesetzt werden: wenn festgestellt werden soll, was minderj\u00e4hrige Kinder zu Hause machen, ob sie keiner Gefahr ausgesetzt sind usw. Manche Kameras m\u00fcssen gut getarnt werden, damit sie v\u00f6llig unauff\u00e4llig bleiben. Wenn Sie sich jedoch f\u00fcr eine Kamera entscheiden, die in verschiedenen Alltagsgegenst\u00e4nden verborgen ist, wird der Aufnahmeprozess deutlich einfacher und reibungsloser. Eine in einer Wetterstation versteckte Kamera ist eine der besten Optionen, wenn bestimmte R\u00e4ume \u00fcberwacht werden m\u00fcssen. Wenn die Wetterstation mit versteckter Kamera im Arbeitszimmer oder im Konferenzraum aufgestellt wird, wird niemand vermuten, dass er von einer versteckten Kamera \u00fcberwacht wird, und sich daher ganz normal verhalten. Eine solche versteckte Kamera kann auch dann von Nutzen sein, wenn Sie sicherstellen m\u00f6chten, dass die Haushaltshilfe oder das Kinderm\u00e4dchen ehrlich handelt. Die Einsatzm\u00f6glichkeiten solcher versteckten Kameras sind in der Tat sehr vielf\u00e4ltig, sodass ihre Verwendung wirklich nicht kompliziert ist.<\/span><\/p>\n<p><strong><span lang=\"lt\">Ausgezeichnete Bildqualit\u00e4t<\/span><\/strong><\/p>\n<p><span lang=\"lt\">Die in der Wetterstation versteckte Kamera gew\u00e4hrleistet, dass die aufgezeichnete Bildqualit\u00e4t einfach einwandfrei ist. Die Wetterstation mit versteckter Kamera nimmt Videos in HD 1920\u00d71080 px Aufl\u00f6sung auf, sodass Sie sicher sein k\u00f6nnen, dass die aufgezeichneten Videoaufnahmen wirklich klar sind und es nicht schwierig sein wird, Gesichter und andere Details zu erkennen. Die aufgezeichneten Videoaufnahmen k\u00f6nnen Sie in nur wenigen Augenblicken auf den Computer \u00fcbertragen und sie anschlie\u00dfend sofort ansehen.<\/span><\/p>\n<p><strong><span lang=\"lt\">Einfache Bedienung<\/span><\/strong><\/p>\n<p><span lang=\"lt\">Die Wetterstation mit versteckter Kamera verf\u00fcgt \u00fcber eine Fernbedienung, daher ist die Nutzung dieses Ger\u00e4ts sehr einfach und komfortabel. Die Videoaufnahme k\u00f6nnen Sie mit nur einem Tastendruck starten, sodass Sie sicher sein k\u00f6nnen, dass niemand den Verdacht sch\u00f6pft, gefilmt zu werden. Es besteht au\u00dferdem die M\u00f6glichkeit, die Videoaufnahme zu einem von Ihnen gew\u00e4hlten Zeitpunkt zu starten: zum Beispiel k\u00f6nnen Sie die Aufzeichnung dann beginnen, wenn das Kinderm\u00e4dchen oder die Haushaltshilfe zu Ihnen nach Hause kommt.<\/span><\/p>\n<p><strong><span lang=\"lt\">Gro\u00dfer Kameraspeicher<\/span><\/strong><\/p>\n<p><span lang=\"lt\">In die Wetterstation mit versteckter Kamera wird eine 32 GB Speicherkarte eingesetzt (nicht im Lieferumfang enthalten), daher kann dieses Ger\u00e4t eine wirklich gro\u00dfe Menge an Videoaufnahmen speichern. Die \u00dcbertragung der Videoaufnahmen k\u00f6nnen Sie mithilfe eines USB-Kabels oder Adapters durchf\u00fchren, und dies nimmt nur sehr wenig Zeit in Anspruch.<\/span><\/p>\n<p><span lang=\"lt\">Wenn Sie also m\u00f6chten, dass niemand auch nur vermutet, gefilmt zu werden, kann sich die Wetterstation mit versteckter Kamera als eine wirklich ausgezeichnete L\u00f6sung erweisen. <\/span><\/p>","protected":false},"excerpt":{"rendered":"<p>Technische Parameter: Bildqualit\u00e4t: Vorschau: HD 1920*1080 Fotoaufl\u00f6sung: 1920*1080 Optik: CMOS 1PX Steuerung: mit Fernbedienung Aufnahme zur gew\u00e4hlten Zeit: JA Sichtwinkel: 90\u00b0 Speicherkartenunterst\u00fctzung: 32 GB (Speicherkarte&#8230;<\/p>","protected":false},"featured_media":1552,"template":"","meta":[],"etheme_brands":[],"product_brand":[],"product_cat":[204,203],"product_tag":[42,707,705,690,693],"class_list":{"0":"post-16511","1":"product","2":"type-product","3":"status-publish","4":"has-post-thumbnail","6":"product_cat-17-getarnte-kameras","7":"product_cat-12-versteckte-kameras","8":"product_tag-kamera","9":"product_tag-kamera-uhr","10":"product_tag-ueberwachungskamera","11":"product_tag-versteckte-kamera","12":"product_tag-wlan-kamera","13":"pa_typ-wetterstationen","15":"first","16":"outofstock","17":"taxable","18":"shipping-taxable","19":"purchasable","20":"product-type-simple"},"yoast_head":"<!-- This site is optimized with the Yoast SEO Premium plugin v25.9 (Yoast SEO v27.4) - https:\/\/yoast.com\/product\/yoast-seo-premium-wordpress\/ -->\n<title>Wetterstation mit versteckter Kamera, gesteuert per Fernbedienung<\/title>\n<meta name=\"robots\" content=\"index, follow, max-snippet:-1, max-image-preview:large, max-video-preview:-1\" \/>\n<link rel=\"canonical\" href=\"https:\/\/www.ortungsgerate.de\/ru\/12-skrytyje-kamery\/17-zamaskirovanyje-kamery\/meteostantsiya-so-skrytoy-zamaskirovannoy-kameroy-upravlenie-s-pulta\/\" \/>\n<meta property=\"og:locale\" content=\"ru_RU\" \/>\n<meta property=\"og:type\" content=\"article\" \/>\n<meta property=\"og:title\" content=\"Wetterstation mit getarnter Kamera, gesteuert per Fernbedienung\" \/>\n<meta property=\"og:description\" content=\"Technische Parameter: Bildqualit\u00e4t: Vorschau: HD 1920*1080 Fotoaufl\u00f6sung: 1920*1080 Optik: CMOS 1PX Steuerung: mit Fernbedienung Aufnahme zur gew\u00e4hlten Zeit: JA Sichtwinkel: 90\u00b0 Speicherkartenunterst\u00fctzung: 32 GB (Speicherkarte...\" \/>\n<meta property=\"og:url\" content=\"https:\/\/www.ortungsgerate.de\/ru\/12-skrytyje-kamery\/17-zamaskirovanyje-kamery\/meteostantsiya-so-skrytoy-zamaskirovannoy-kameroy-upravlenie-s-pulta\/\" \/>\n<meta property=\"og:site_name\" content=\"Ortungsger\u00e4te.de\" \/>\n<meta property=\"article:modified_time\" content=\"2025-11-26T17:01:36+00:00\" \/>\n<meta property=\"og:image\" content=\"https:\/\/www.ortungsgerate.de\/wp-content\/uploads\/oru-stotele-su-uzmaskuota-kamera-valdoma-pultelio-pagalba.jpg\" \/>\n\t<meta property=\"og:image:width\" content=\"600\" \/>\n\t<meta property=\"og:image:height\" content=\"533\" \/>\n\t<meta property=\"og:image:type\" content=\"image\/jpeg\" \/>\n<meta name=\"twitter:card\" content=\"summary_large_image\" \/>\n<meta name=\"twitter:label1\" content=\"\u041f\u0440\u0438\u043c\u0435\u0440\u043d\u043e\u0435 \u0432\u0440\u0435\u043c\u044f \u0434\u043b\u044f \u0447\u0442\u0435\u043d\u0438\u044f\" \/>\n\t<meta name=\"twitter:data1\" content=\"3 \u043c\u0438\u043d\u0443\u0442\u044b\" \/>\n<script type=\"application\/ld+json\" class=\"yoast-schema-graph\">{\"@context\":\"https:\\\/\\\/schema.org\",\"@graph\":[{\"@type\":\"WebPage\",\"@id\":\"https:\\\/\\\/www.ortungsgerate.de\\\/12-versteckte-kameras\\\/17-getarnte-kameras\\\/wetterstation-mit-getarnter-kamera-gesteuert-per-fernbedienung\\\/\",\"url\":\"https:\\\/\\\/www.ortungsgerate.de\\\/12-versteckte-kameras\\\/17-getarnte-kameras\\\/wetterstation-mit-getarnter-kamera-gesteuert-per-fernbedienung\\\/\",\"name\":\"Wetterstation mit versteckter Kamera, gesteuert per Fernbedienung\",\"isPartOf\":{\"@id\":\"https:\\\/\\\/www.ortungsgerate.de\\\/#website\"},\"primaryImageOfPage\":{\"@id\":\"https:\\\/\\\/www.ortungsgerate.de\\\/12-versteckte-kameras\\\/17-getarnte-kameras\\\/wetterstation-mit-getarnter-kamera-gesteuert-per-fernbedienung\\\/#primaryimage\"},\"image\":{\"@id\":\"https:\\\/\\\/www.ortungsgerate.de\\\/12-versteckte-kameras\\\/17-getarnte-kameras\\\/wetterstation-mit-getarnter-kamera-gesteuert-per-fernbedienung\\\/#primaryimage\"},\"thumbnailUrl\":\"https:\\\/\\\/www.ortungsgerate.de\\\/wp-content\\\/uploads\\\/oru-stotele-su-uzmaskuota-kamera-valdoma-pultelio-pagalba.jpg\",\"datePublished\":\"2024-02-06T19:37:07+00:00\",\"dateModified\":\"2025-11-26T17:01:36+00:00\",\"breadcrumb\":{\"@id\":\"https:\\\/\\\/www.ortungsgerate.de\\\/12-versteckte-kameras\\\/17-getarnte-kameras\\\/wetterstation-mit-getarnter-kamera-gesteuert-per-fernbedienung\\\/#breadcrumb\"},\"inLanguage\":\"ru-RU\",\"potentialAction\":[{\"@type\":\"ReadAction\",\"target\":[\"https:\\\/\\\/www.ortungsgerate.de\\\/12-versteckte-kameras\\\/17-getarnte-kameras\\\/wetterstation-mit-getarnter-kamera-gesteuert-per-fernbedienung\\\/\"]}]},{\"@type\":\"ImageObject\",\"inLanguage\":\"ru-RU\",\"@id\":\"https:\\\/\\\/www.ortungsgerate.de\\\/12-versteckte-kameras\\\/17-getarnte-kameras\\\/wetterstation-mit-getarnter-kamera-gesteuert-per-fernbedienung\\\/#primaryimage\",\"url\":\"https:\\\/\\\/www.ortungsgerate.de\\\/wp-content\\\/uploads\\\/oru-stotele-su-uzmaskuota-kamera-valdoma-pultelio-pagalba.jpg\",\"contentUrl\":\"https:\\\/\\\/www.ortungsgerate.de\\\/wp-content\\\/uploads\\\/oru-stotele-su-uzmaskuota-kamera-valdoma-pultelio-pagalba.jpg\",\"width\":600,\"height\":533,\"caption\":\"Versteckte Kamera mit Fernbedienung\"},{\"@type\":\"BreadcrumbList\",\"@id\":\"https:\\\/\\\/www.ortungsgerate.de\\\/12-versteckte-kameras\\\/17-getarnte-kameras\\\/wetterstation-mit-getarnter-kamera-gesteuert-per-fernbedienung\\\/#breadcrumb\",\"itemListElement\":[{\"@type\":\"ListItem\",\"position\":1,\"name\":\"Startseite\",\"item\":\"https:\\\/\\\/www.ortungsgerate.de\\\/\"},{\"@type\":\"ListItem\",\"position\":2,\"name\":\"Shop\",\"item\":\"https:\\\/\\\/www.ortungsgerate.de\\\/shop\\\/\"},{\"@type\":\"ListItem\",\"position\":3,\"name\":\"Wetterstation mit getarnter Kamera, gesteuert per Fernbedienung\"}]},{\"@type\":\"WebSite\",\"@id\":\"https:\\\/\\\/www.ortungsgerate.de\\\/#website\",\"url\":\"https:\\\/\\\/www.ortungsgerate.de\\\/\",\"name\":\"Ortungsgerate.de\",\"description\":\"\",\"publisher\":{\"@id\":\"https:\\\/\\\/www.ortungsgerate.de\\\/#organization\"},\"potentialAction\":[{\"@type\":\"SearchAction\",\"target\":{\"@type\":\"EntryPoint\",\"urlTemplate\":\"https:\\\/\\\/www.ortungsgerate.de\\\/?s={search_term_string}\"},\"query-input\":{\"@type\":\"PropertyValueSpecification\",\"valueRequired\":true,\"valueName\":\"search_term_string\"}}],\"inLanguage\":\"ru-RU\"},{\"@type\":\"Organization\",\"@id\":\"https:\\\/\\\/www.ortungsgerate.de\\\/#organization\",\"name\":\"Ortungsgerate.de\",\"url\":\"https:\\\/\\\/www.ortungsgerate.de\\\/\",\"logo\":{\"@type\":\"ImageObject\",\"inLanguage\":\"ru-RU\",\"@id\":\"https:\\\/\\\/www.ortungsgerate.de\\\/#\\\/schema\\\/logo\\\/image\\\/\",\"url\":\"https:\\\/\\\/www.ortungsgerate.de\\\/wp-content\\\/uploads\\\/ortungsgerate.png\",\"contentUrl\":\"https:\\\/\\\/www.ortungsgerate.de\\\/wp-content\\\/uploads\\\/ortungsgerate.png\",\"width\":500,\"height\":135,\"caption\":\"Ortungsgerate.de\"},\"image\":{\"@id\":\"https:\\\/\\\/www.ortungsgerate.de\\\/#\\\/schema\\\/logo\\\/image\\\/\"}}]}<\/script>\n<!-- \/ Yoast SEO Premium plugin. -->","yoast_head_json":{"title":"Wetterstation mit versteckter Kamera, gesteuert per Fernbedienung","robots":{"index":"index","follow":"follow","max-snippet":"max-snippet:-1","max-image-preview":"max-image-preview:large","max-video-preview":"max-video-preview:-1"},"canonical":"https:\/\/www.ortungsgerate.de\/ru\/12-skrytyje-kamery\/17-zamaskirovanyje-kamery\/meteostantsiya-so-skrytoy-zamaskirovannoy-kameroy-upravlenie-s-pulta\/","og_locale":"ru_RU","og_type":"article","og_title":"Wetterstation mit getarnter Kamera, gesteuert per Fernbedienung","og_description":"Technische Parameter: Bildqualit\u00e4t: Vorschau: HD 1920*1080 Fotoaufl\u00f6sung: 1920*1080 Optik: CMOS 1PX Steuerung: mit Fernbedienung Aufnahme zur gew\u00e4hlten Zeit: JA Sichtwinkel: 90\u00b0 Speicherkartenunterst\u00fctzung: 32 GB (Speicherkarte...","og_url":"https:\/\/www.ortungsgerate.de\/ru\/12-skrytyje-kamery\/17-zamaskirovanyje-kamery\/meteostantsiya-so-skrytoy-zamaskirovannoy-kameroy-upravlenie-s-pulta\/","og_site_name":"Ortungsger\u00e4te.de","article_modified_time":"2025-11-26T17:01:36+00:00","og_image":[{"width":600,"height":533,"url":"https:\/\/www.ortungsgerate.de\/wp-content\/uploads\/oru-stotele-su-uzmaskuota-kamera-valdoma-pultelio-pagalba.jpg","type":"image\/jpeg"}],"twitter_card":"summary_large_image","twitter_misc":{"\u041f\u0440\u0438\u043c\u0435\u0440\u043d\u043e\u0435 \u0432\u0440\u0435\u043c\u044f \u0434\u043b\u044f \u0447\u0442\u0435\u043d\u0438\u044f":"3 \u043c\u0438\u043d\u0443\u0442\u044b"},"schema":{"@context":"https:\/\/schema.org","@graph":[{"@type":"WebPage","@id":"https:\/\/www.ortungsgerate.de\/12-versteckte-kameras\/17-getarnte-kameras\/wetterstation-mit-getarnter-kamera-gesteuert-per-fernbedienung\/","url":"https:\/\/www.ortungsgerate.de\/12-versteckte-kameras\/17-getarnte-kameras\/wetterstation-mit-getarnter-kamera-gesteuert-per-fernbedienung\/","name":"Wetterstation mit versteckter Kamera, gesteuert per Fernbedienung","isPartOf":{"@id":"https:\/\/www.ortungsgerate.de\/#website"},"primaryImageOfPage":{"@id":"https:\/\/www.ortungsgerate.de\/12-versteckte-kameras\/17-getarnte-kameras\/wetterstation-mit-getarnter-kamera-gesteuert-per-fernbedienung\/#primaryimage"},"image":{"@id":"https:\/\/www.ortungsgerate.de\/12-versteckte-kameras\/17-getarnte-kameras\/wetterstation-mit-getarnter-kamera-gesteuert-per-fernbedienung\/#primaryimage"},"thumbnailUrl":"https:\/\/www.ortungsgerate.de\/wp-content\/uploads\/oru-stotele-su-uzmaskuota-kamera-valdoma-pultelio-pagalba.jpg","datePublished":"2024-02-06T19:37:07+00:00","dateModified":"2025-11-26T17:01:36+00:00","breadcrumb":{"@id":"https:\/\/www.ortungsgerate.de\/12-versteckte-kameras\/17-getarnte-kameras\/wetterstation-mit-getarnter-kamera-gesteuert-per-fernbedienung\/#breadcrumb"},"inLanguage":"ru-RU","potentialAction":[{"@type":"ReadAction","target":["https:\/\/www.ortungsgerate.de\/12-versteckte-kameras\/17-getarnte-kameras\/wetterstation-mit-getarnter-kamera-gesteuert-per-fernbedienung\/"]}]},{"@type":"ImageObject","inLanguage":"ru-RU","@id":"https:\/\/www.ortungsgerate.de\/12-versteckte-kameras\/17-getarnte-kameras\/wetterstation-mit-getarnter-kamera-gesteuert-per-fernbedienung\/#primaryimage","url":"https:\/\/www.ortungsgerate.de\/wp-content\/uploads\/oru-stotele-su-uzmaskuota-kamera-valdoma-pultelio-pagalba.jpg","contentUrl":"https:\/\/www.ortungsgerate.de\/wp-content\/uploads\/oru-stotele-su-uzmaskuota-kamera-valdoma-pultelio-pagalba.jpg","width":600,"height":533,"caption":"Versteckte Kamera mit Fernbedienung"},{"@type":"BreadcrumbList","@id":"https:\/\/www.ortungsgerate.de\/12-versteckte-kameras\/17-getarnte-kameras\/wetterstation-mit-getarnter-kamera-gesteuert-per-fernbedienung\/#breadcrumb","itemListElement":[{"@type":"ListItem","position":1,"name":"Startseite","item":"https:\/\/www.ortungsgerate.de\/"},{"@type":"ListItem","position":2,"name":"Shop","item":"https:\/\/www.ortungsgerate.de\/shop\/"},{"@type":"ListItem","position":3,"name":"Wetterstation mit getarnter Kamera, gesteuert per Fernbedienung"}]},{"@type":"WebSite","@id":"https:\/\/www.ortungsgerate.de\/#website","url":"https:\/\/www.ortungsgerate.de\/","name":"Ortungsgerate.de","description":"","publisher":{"@id":"https:\/\/www.ortungsgerate.de\/#organization"},"potentialAction":[{"@type":"SearchAction","target":{"@type":"EntryPoint","urlTemplate":"https:\/\/www.ortungsgerate.de\/?s={search_term_string}"},"query-input":{"@type":"PropertyValueSpecification","valueRequired":true,"valueName":"search_term_string"}}],"inLanguage":"ru-RU"},{"@type":"Organization","@id":"https:\/\/www.ortungsgerate.de\/#organization","name":"Ortungsgerate.de","url":"https:\/\/www.ortungsgerate.de\/","logo":{"@type":"ImageObject","inLanguage":"ru-RU","@id":"https:\/\/www.ortungsgerate.de\/#\/schema\/logo\/image\/","url":"https:\/\/www.ortungsgerate.de\/wp-content\/uploads\/ortungsgerate.png","contentUrl":"https:\/\/www.ortungsgerate.de\/wp-content\/uploads\/ortungsgerate.png","width":500,"height":135,"caption":"Ortungsgerate.de"},"image":{"@id":"https:\/\/www.ortungsgerate.de\/#\/schema\/logo\/image\/"}}]}},"_links":{"self":[{"href":"https:\/\/www.ortungsgerate.de\/ru\/wp-json\/wp\/v2\/product\/16511","targetHints":{"allow":["GET"]}}],"collection":[{"href":"https:\/\/www.ortungsgerate.de\/ru\/wp-json\/wp\/v2\/product"}],"about":[{"href":"https:\/\/www.ortungsgerate.de\/ru\/wp-json\/wp\/v2\/types\/product"}],"version-history":[{"count":0,"href":"https:\/\/www.ortungsgerate.de\/ru\/wp-json\/wp\/v2\/product\/16511\/revisions"}],"wp:featuredmedia":[{"embeddable":true,"href":"https:\/\/www.ortungsgerate.de\/ru\/wp-json\/wp\/v2\/media\/1552"}],"wp:attachment":[{"href":"https:\/\/www.ortungsgerate.de\/ru\/wp-json\/wp\/v2\/media?parent=16511"}],"wp:term":[{"taxonomy":"brand","embeddable":true,"href":"https:\/\/www.ortungsgerate.de\/ru\/wp-json\/wp\/v2\/etheme_brands?post=16511"},{"taxonomy":"product_brand","embeddable":true,"href":"https:\/\/www.ortungsgerate.de\/ru\/wp-json\/wp\/v2\/product_brand?post=16511"},{"taxonomy":"product_cat","embeddable":true,"href":"https:\/\/www.ortungsgerate.de\/ru\/wp-json\/wp\/v2\/product_cat?post=16511"},{"taxonomy":"product_tag","embeddable":true,"href":"https:\/\/www.ortungsgerate.de\/ru\/wp-json\/wp\/v2\/product_tag?post=16511"}],"curies":[{"name":"wp","href":"https:\/\/api.w.org\/{rel}","templated":true}]}}