{"id":16512,"date":"2024-02-06T21:36:05","date_gmt":"2024-02-06T19:36:05","guid":{"rendered":"https:\/\/ortungsgerate.de\/be-kategorijos\/slapta-kamera-laikrodyje-zadintuve-wifi-hd-kokybe\/"},"modified":"2025-11-26T19:01:36","modified_gmt":"2025-11-26T17:01:36","slug":"skrytaya-kamera-v-budilnike-s-wi-fi-kachestvo-hd","status":"publish","type":"product","link":"https:\/\/www.ortungsgerate.de\/ru\/12-skrytyje-kamery\/17-zamaskirovanyje-kamery\/skrytaya-kamera-v-budilnike-s-wi-fi-kachestvo-hd\/","title":{"rendered":"\u0421\u043a\u0440\u044b\u0442\u0430\u044f \u043a\u0430\u043c\u0435\u0440\u0430 \u0432 \u0431\u0443\u0434\u0438\u043b\u044c\u043d\u0438\u043a\u0435 \u0441 Wi-Fi, \u043a\u0430\u0447\u0435\u0441\u0442\u0432\u043e HD"},"content":{"rendered":"<p>\u0410\u041a\u0426\u0418\u042f: Micro SD 32GB \u0432 \u043f\u043e\u0434\u0430\u0440\u043e\u043a<\/p>\n<h3><strong>\u0422\u0435\u0445\u043d\u0438\u0447\u0435\u0441\u043a\u0438\u0435 \u043f\u0430\u0440\u0430\u043c\u0435\u0442\u0440\u044b:<\/strong><\/h3>\n<ul>\n<li>Fernansicht des Videos: JA<\/li>\n<li>Video wird mit Ton aufgezeichnet<\/li>\n<li>Videoqualit\u00e4t: Vorschau: FULL HD1080P, Aufzeichnung: HD 720P, 640\u00d7480, 320\u00d7240<\/li>\n<li>Vorschau: per Telefon, Computer und Tablet<\/li>\n<li>Betriebszeit mit Akkubetrieb: ungef\u00e4hr 3 Stunden<\/li>\n<li>Zus\u00e4tzliche Option: JA, Fern\u00fcbertragung der Daten von der Karte auf ein mobiles Ger\u00e4t<\/li>\n<li>Nachtaufzeichnung: NEIN<\/li>\n<li>Aufnahme zu ausgew\u00e4hlten Zeiten: JA<\/li>\n<li>\u041e\u0431\u043d\u0430\u0440\u0443\u0436\u0435\u043d\u0438\u0435 \u0434\u0432\u0438\u0436\u0435\u043d\u0438\u044f: \u0414\u0410, \u0446\u0438\u0444\u0440\u043e\u0432\u043e\u0435<\/li>\n<li>Sichtwinkel: 90\u00b0 (Drehung bis zu 330 Grad)<\/li>\n<li>Speicherkartenunterst\u00fctzung: 8-64 \/ 128 GB (Karte nicht im Set enthalten)<\/li>\n<li>\u0424\u043e\u0440\u043c\u0430\u0442 \u0441\u0436\u0430\u0442\u0438\u044f: AVI H.264<\/li>\n<li>Systeme:\u00a0\u201e\u00a0iOS\u201d,\u00a0\u201eAndroid\u201d,\u00a0\u201eWindows\u201d,\u00a0\u201eWindows 7 \/ 8 \/ 10\u201d<\/li>\n<li>App:\u00a0\u201eProiCam\u201d,\u00a0\u201eP2PliveCam\u201d<\/li>\n<li>Stromversorgung: interner oder externer Akku; 5V-Stromanschluss<\/li>\n<li>Wi-Fi Verbindung: IEEE802.11 b \/ g \/ n<\/li>\n<li>Akkukapazit\u00e4t: 2400 mAh<\/li>\n<li>220V-Adapter (f\u00fcr den Dauerbetrieb \u00fcber das Stromnetz)<\/li>\n<li>Abmessungen: 155 mm x 92 mm x 65 mm<\/li>\n<li><strong>GARANTIE 24 Monate<\/strong><\/li>\n<\/ul>\n<p>\u0418\u0441\u043f\u043e\u043b\u044c\u0437\u043e\u0432\u0430\u043d\u0438\u0435: \u0414\u043b\u044f \u0432\u0430\u0448\u0435\u0439 \u0441\u043e\u0431\u0441\u0442\u0432\u0435\u043d\u043d\u043e\u0439 \u0431\u0435\u0437\u043e\u043f\u0430\u0441\u043d\u043e\u0441\u0442\u0438 \u0438 \u0431\u0435\u0437\u043e\u043f\u0430\u0441\u043d\u043e\u0441\u0442\u0438 \u0432\u0430\u0448\u0438\u0445 \u0434\u0435\u0442\u0435\u0439.<\/p>\n<p><span style=\"color: #d0121a;\"><strong>Wenn Sie eine Lieferung am selben Tag ben\u00f6tigen   \u00a0<\/strong><\/span><\/p>\n<p><strong>FULL\u00a0 HD\u00a0 KAMERA WI-FI\u00a0<\/strong><\/p>\n<p>Derzeit ist die IP10-Uhr mit integrierter, verdeckter, hochwertiger FULL HD-Kamera eines der besten Produkte dieser Art auf dem Markt.<br \/>\nDas Objektiv dieses Ger\u00e4ts ist v\u00f6llig unauff\u00e4llig, da es unter einer Glasoberfl\u00e4che integriert ist, und die 330-Grad-Drehfunktion erm\u00f6glicht die \u00dcberwachung des gesamten Raumes.<br \/>\nDiese verdeckte \u2013 in die Uhr integrierte \u2013 Kamera eignet sich ideal f\u00fcr den Einsatz in B\u00fcros, Lagern oder anderen \u00e4hnlichen R\u00e4umlichkeiten, in denen eine dauerhafte \u00dcberwachung erforderlich ist. Es besteht die M\u00f6glichkeit, eine Verbindung zu einem Wi-Fi-Netzwerk herzustellen und das Bild von jedem Ort der Welt aus anzusehen.<br \/>\nAn die Steckdose angeschlossen, arbeitet die Uhr und zeichnet kontinuierlich auf, mit Akkubetrieb \u2013 etwa 3 Stunden.<br \/>\nDie Fern\u00fcberwachung war noch nie so einfach und so unauff\u00e4llig zu verbergen. Die Bedienungsanleitung des Ger\u00e4ts liegt bei.<\/p>\n<p><strong>LIVE-\u00dcBERWACHUNG \u2013 LIVE-FUNKTION (in Echtzeit)<\/strong><\/p>\n<p>Von jedem Ort der Welt aus k\u00f6nnen Sie das Bild am Standort des Ger\u00e4ts in Echtzeit auf dem Bildschirm Ihres Mobiltelefons, Tablets oder eines anderen Ger\u00e4ts \u00fcberwachen.<br \/>\nWo auch immer Sie sich befinden, Sie k\u00f6nnen auf das Ger\u00e4t aus der Ferne zugreifen, indem Sie LTE-, 3G- oder Wi-Fi-Netze nutzen. Ebenso k\u00f6nnen Sie die aufgezeichneten Bilder auf eine Speicherkarte (Micro SD) oder in den internen Speicher eines anderen Ger\u00e4ts (Mobiltelefon, Computer) aufzeichnen und sp\u00e4ter \u00fcber die App ansehen.<\/p>\n<p><strong>BETRIEBSDAUER<\/strong><\/p>\n<p>Im Ger\u00e4t ist ein 2400 mAh Akku integriert, dessen Energie f\u00fcr etwa 3 Stunden ausreicht.<br \/>\nDie Betriebsdauer des Ger\u00e4ts ist unbegrenzt, wenn es \u00fcber die Steckdose (5V) mit Strom versorgt wird. Es besteht die M\u00f6glichkeit, auch externe Akkus zu verwenden. Eine Stunde Videoaufzeichnung auf der Speicherkarte belegt etwa 2 GB.<\/p>\n<p><strong>BEWEGUNGSERKENNUNGSFUNKTION<\/strong><\/p>\n<p>Wenn die Bewegungserkennungsfunktion eingeschaltet ist, beginnt die Kamera mit der Aufzeichnung, sobald im Sichtfeld ein sich bewegendes Objekt erkannt wird. Die Funktion wird \u00fcber die \u201eProicam\u201c- oder \u201eP2PliveCAM\u201c-App aktiviert. Der Bewegungs\u00aderkennungsmodus ist eine M\u00f6glichkeit, nur dann aufzuzeichnen, wenn dies erforderlich ist, und so eine unn\u00f6tige Speichernutzung zu vermeiden.<\/p>\n<p><strong>WEITERE VIDEOEINSTELLUNGEN<\/strong><\/p>\n<p>Das aufgezeichnete Bild kann \u00fcber bereits vorhandene Aufnahmen auf der Speicherkarte geschrieben werden.<br \/>\nDas Bild im Raum kann ohne Unterbrechung aufgezeichnet werden.<br \/>\nDie Videoaufzeichnung kann zu bestimmten, voreingestellten Zeiten erfolgen.<\/p>\n<p><strong>HOHE VIDEOQUALIT\u00c4T<\/strong><\/p>\n<p>Videoaufzeichnung in hoher Qualit\u00e4t HD 1280\u00d7720 px (M\u00f6glichkeit zur Umstellung auf 640\u00d7480 px oder 320\u00d7240 px). Zeichnen Sie das Bild auf oder erfassen Sie es als Fotos; w\u00e4hlen Sie zwischen Daueraufzeichnung oder Aufzeichnung nur bei erkannter Bewegung. Das Ger\u00e4t eignet sich hervorragend f\u00fcr den Einsatz zu Hause, im B\u00fcro, im Lager und anderswo. Sichtweite 10-15 Meter (bestes Ergebnis bei einer Distanz von bis zu 5 Metern).<\/p>\n<p><strong>KOMFORTABLE BEDIENUNG<\/strong><\/p>\n<p>Verwenden Sie kostenlose Apps aus \u201eGoogle Play\u201c oder dem \u201eAppstore\u201c und \u00fcberwachen Sie bequem das Bild auf dem Bildschirm Ihres Mobiltelefons oder Computers, egal wo Sie sich befinden.<br \/>\nDas Ger\u00e4t ist einfach zu bedienen und l\u00e4sst sich problemlos mit Smart-Ger\u00e4ten \u00fcber Wi-Fi und andere Netzwerke verbinden. Die Fernbild\u00fcberwachung wird innerhalb weniger Augenblicke aktiviert.<br \/>\nDie Bedienungsanleitung des Produkts liegt der Verpackung bei.<\/p>\n<p><strong>ANSICHT AM COMPUTER<\/strong><\/p>\n<p>Das Bild wird im Speicher des Computers oder auf einer Speicherkarte aufgezeichnet (Karte nicht im Set enthalten).<br \/>\nM\u00f6glichkeit, gleichzeitig die von 32 Ger\u00e4ten aufgezeichneten Bilder zu \u00fcberwachen.<\/p>\n<p>Versand von Benachrichtigungen bei Bewegungserkennung.<\/p>\n<p>Option f\u00fcr Fernsteuerung.<\/p>\n<p><strong>ANSICHT AUF DEM TELEFON:<\/strong><\/p>\n<ul>\n<li>Schnelle und einfache Konfiguration.<\/li>\n<li>Einstellungen und Benachrichtigungen zur Bewegungserkennung.<\/li>\n<li>M\u00f6glichkeit, mit 4 Ger\u00e4ten gleichzeitig auf die Video\u00fcberwachung zuzugreifen.<\/li>\n<li>Fern- und Live-Videoansicht.<\/li>\n<\/ul>\n<p><strong><strong>\u00a0TECHNISCHE PARAMETER<\/strong>:<\/strong><\/p>\n<ul>\n<li>Fernansicht des Videos: JA<\/li>\n<li>Videoqualit\u00e4t: Vorschau: FULL HD1080P, Aufzeichnung: HD 720P, 640\u00d7480, 320\u00d7240<\/li>\n<li>Vorschau: per Telefon, Computer und Tablet<\/li>\n<li>Betriebszeit mit Akkubetrieb: ungef\u00e4hr 3 Stunden<\/li>\n<li>Zus\u00e4tzliche Option: JA, Fern\u00fcbertragung der Daten von der Karte auf ein mobiles Ger\u00e4t<\/li>\n<li>Nachtaufzeichnung: NEIN<\/li>\n<li>Aufnahme zu ausgew\u00e4hlten Zeiten: JA<\/li>\n<li>\u041e\u0431\u043d\u0430\u0440\u0443\u0436\u0435\u043d\u0438\u0435 \u0434\u0432\u0438\u0436\u0435\u043d\u0438\u044f: \u0414\u0410, \u0446\u0438\u0444\u0440\u043e\u0432\u043e\u0435<\/li>\n<li>Sichtwinkel: 90\u00b0 (Drehung bis zu 330 Grad)<\/li>\n<li>Speicherkartenunterst\u00fctzung: 8-64 \/ 128 GB (Karte nicht im Set enthalten)<\/li>\n<li>\u0424\u043e\u0440\u043c\u0430\u0442 \u0441\u0436\u0430\u0442\u0438\u044f: AVI H.264<\/li>\n<li>Systeme: \u201e iOS\u201d, \u201eAndroid\u201d, \u201eWindows\u201d, \u201eWindows 7 \/ 8 \/ 10\u201d<\/li>\n<li>App: \u201eProiCam\u201d, \u201eP2PliveCam\u201d<\/li>\n<li>Stromversorgung: interner oder externer Akku; 5V-Stromanschluss<\/li>\n<li>Wi-Fi Verbindung: IEEE802.11 b \/ g \/ n<\/li>\n<li>Akkukapazit\u00e4t: 2400 mAh<\/li>\n<li>Abmessungen: 155 mm x 92 mm x 65 mm<\/li>\n<li>Aufnahmeoptionen: per Telefon, Tablet oder Computer<\/li>\n<\/ul>\n<div class=\"iframe-container\"><iframe src=\"https:\/\/www.youtube.com\/embed\/a1IHmpWDWEw\" width=\"560\" height=\"315\" frameborder=\"0\"><\/iframe><\/div>","protected":false},"excerpt":{"rendered":"<h2><\/h2>","protected":false},"featured_media":26427,"template":"","meta":[],"etheme_brands":[],"product_brand":[],"product_cat":[204,203,205],"product_tag":[42,754,731,707,389,705,690,693],"class_list":{"0":"post-16512","1":"product","2":"type-product","3":"status-publish","4":"has-post-thumbnail","6":"product_cat-17-getarnte-kameras","7":"product_cat-12-versteckte-kameras","8":"product_cat-27-wlan-minikameras","9":"product_tag-kamera","10":"product_tag-kamera-im-wecker","11":"product_tag-kamera-in-der-uhr","12":"product_tag-kamera-uhr","13":"product_tag-mini-gps-tracker","14":"product_tag-ueberwachungskamera","15":"product_tag-versteckte-kamera","16":"product_tag-wlan-kamera","17":"pa_typ-tischuhren","19":"first","20":"outofstock","21":"taxable","22":"shipping-taxable","23":"purchasable","24":"product-type-simple"},"yoast_head":"<!-- This site is optimized with the Yoast SEO Premium plugin v25.9 (Yoast SEO v27.4) - https:\/\/yoast.com\/product\/yoast-seo-premium-wordpress\/ -->\n<title>Versteckte Kamera in Weckeruhr mit WLAN in HD-Qualit\u00e4t<\/title>\n<meta name=\"description\" content=\"Versteckte Wi Fi Kamera Weckeruhr mit schwenkbarem 330-Grad-Objektiv. Die Kamera filmt in FUll HD, mit der M\u00f6glichkeit, das Bild live auf dem Telefon und Computer zu \u00fcberwachen\" \/>\n<meta name=\"robots\" content=\"index, follow, max-snippet:-1, max-image-preview:large, max-video-preview:-1\" \/>\n<link rel=\"canonical\" href=\"https:\/\/www.ortungsgerate.de\/ru\/12-skrytyje-kamery\/27-wlan-mini-kamery\/skrytaya-kamera-v-budilnike-s-wi-fi-kachestvo-hd\/\" \/>\n<meta property=\"og:locale\" content=\"ru_RU\" \/>\n<meta property=\"og:type\" content=\"article\" \/>\n<meta property=\"og:title\" content=\"Versteckte Kamera in Weckeruhr mit WLAN HD-Qualit\u00e4t\" \/>\n<meta property=\"og:description\" content=\"Versteckte Wi Fi Kamera Weckeruhr mit schwenkbarem 330-Grad-Objektiv. Die Kamera filmt in FUll HD, mit der M\u00f6glichkeit, das Bild live auf dem Telefon und Computer zu \u00fcberwachen\" \/>\n<meta property=\"og:url\" content=\"https:\/\/www.ortungsgerate.de\/ru\/12-skrytyje-kamery\/27-wlan-mini-kamery\/skrytaya-kamera-v-budilnike-s-wi-fi-kachestvo-hd\/\" \/>\n<meta property=\"og:site_name\" content=\"Ortungsger\u00e4te.de\" \/>\n<meta property=\"article:modified_time\" content=\"2025-11-26T17:01:36+00:00\" \/>\n<meta property=\"og:image\" content=\"https:\/\/www.ortungsgerate.de\/wp-content\/uploads\/zadintuvas-kamera-su-naktiniu-matymu.jpg\" \/>\n\t<meta property=\"og:image:width\" content=\"458\" \/>\n\t<meta property=\"og:image:height\" content=\"458\" \/>\n\t<meta property=\"og:image:type\" content=\"image\/jpeg\" \/>\n<meta name=\"twitter:card\" content=\"summary_large_image\" \/>\n<meta name=\"twitter:label1\" content=\"\u041f\u0440\u0438\u043c\u0435\u0440\u043d\u043e\u0435 \u0432\u0440\u0435\u043c\u044f \u0434\u043b\u044f \u0447\u0442\u0435\u043d\u0438\u044f\" \/>\n\t<meta name=\"twitter:data1\" content=\"5 \u043c\u0438\u043d\u0443\u0442\" \/>\n<script type=\"application\/ld+json\" class=\"yoast-schema-graph\">{\"@context\":\"https:\\\/\\\/schema.org\",\"@graph\":[{\"@type\":\"WebPage\",\"@id\":\"https:\\\/\\\/www.ortungsgerate.de\\\/12-versteckte-kameras\\\/27-wlan-minikameras\\\/versteckte-kamera-in-weckeruhr-mit-wlan-hd-qualitaet\\\/\",\"url\":\"https:\\\/\\\/www.ortungsgerate.de\\\/12-versteckte-kameras\\\/27-wlan-minikameras\\\/versteckte-kamera-in-weckeruhr-mit-wlan-hd-qualitaet\\\/\",\"name\":\"Versteckte Kamera in Weckeruhr mit WLAN in HD-Qualit\u00e4t\",\"isPartOf\":{\"@id\":\"https:\\\/\\\/www.ortungsgerate.de\\\/#website\"},\"primaryImageOfPage\":{\"@id\":\"https:\\\/\\\/www.ortungsgerate.de\\\/12-versteckte-kameras\\\/27-wlan-minikameras\\\/versteckte-kamera-in-weckeruhr-mit-wlan-hd-qualitaet\\\/#primaryimage\"},\"image\":{\"@id\":\"https:\\\/\\\/www.ortungsgerate.de\\\/12-versteckte-kameras\\\/27-wlan-minikameras\\\/versteckte-kamera-in-weckeruhr-mit-wlan-hd-qualitaet\\\/#primaryimage\"},\"thumbnailUrl\":\"https:\\\/\\\/www.ortungsgerate.de\\\/wp-content\\\/uploads\\\/zadintuvas-kamera-su-naktiniu-matymu.jpg\",\"datePublished\":\"2024-02-06T19:36:05+00:00\",\"dateModified\":\"2025-11-26T17:01:36+00:00\",\"description\":\"Versteckte Wi Fi Kamera Weckeruhr mit schwenkbarem 330-Grad-Objektiv. Die Kamera filmt in FUll HD, mit der M\u00f6glichkeit, das Bild live auf dem Telefon und Computer zu \u00fcberwachen\",\"breadcrumb\":{\"@id\":\"https:\\\/\\\/www.ortungsgerate.de\\\/12-versteckte-kameras\\\/27-wlan-minikameras\\\/versteckte-kamera-in-weckeruhr-mit-wlan-hd-qualitaet\\\/#breadcrumb\"},\"inLanguage\":\"ru-RU\",\"potentialAction\":[{\"@type\":\"ReadAction\",\"target\":[\"https:\\\/\\\/www.ortungsgerate.de\\\/12-versteckte-kameras\\\/27-wlan-minikameras\\\/versteckte-kamera-in-weckeruhr-mit-wlan-hd-qualitaet\\\/\"]}]},{\"@type\":\"ImageObject\",\"inLanguage\":\"ru-RU\",\"@id\":\"https:\\\/\\\/www.ortungsgerate.de\\\/12-versteckte-kameras\\\/27-wlan-minikameras\\\/versteckte-kamera-in-weckeruhr-mit-wlan-hd-qualitaet\\\/#primaryimage\",\"url\":\"https:\\\/\\\/www.ortungsgerate.de\\\/wp-content\\\/uploads\\\/zadintuvas-kamera-su-naktiniu-matymu.jpg\",\"contentUrl\":\"https:\\\/\\\/www.ortungsgerate.de\\\/wp-content\\\/uploads\\\/zadintuvas-kamera-su-naktiniu-matymu.jpg\",\"width\":458,\"height\":458,\"caption\":\"Wecker Kamera mit Nachtsicht\"},{\"@type\":\"BreadcrumbList\",\"@id\":\"https:\\\/\\\/www.ortungsgerate.de\\\/12-versteckte-kameras\\\/27-wlan-minikameras\\\/versteckte-kamera-in-weckeruhr-mit-wlan-hd-qualitaet\\\/#breadcrumb\",\"itemListElement\":[{\"@type\":\"ListItem\",\"position\":1,\"name\":\"Startseite\",\"item\":\"https:\\\/\\\/www.ortungsgerate.de\\\/\"},{\"@type\":\"ListItem\",\"position\":2,\"name\":\"Shop\",\"item\":\"https:\\\/\\\/www.ortungsgerate.de\\\/shop\\\/\"},{\"@type\":\"ListItem\",\"position\":3,\"name\":\"Versteckte Kamera in Weckeruhr mit WLAN HD-Qualit\u00e4t\"}]},{\"@type\":\"WebSite\",\"@id\":\"https:\\\/\\\/www.ortungsgerate.de\\\/#website\",\"url\":\"https:\\\/\\\/www.ortungsgerate.de\\\/\",\"name\":\"Ortungsgerate.de\",\"description\":\"\",\"publisher\":{\"@id\":\"https:\\\/\\\/www.ortungsgerate.de\\\/#organization\"},\"potentialAction\":[{\"@type\":\"SearchAction\",\"target\":{\"@type\":\"EntryPoint\",\"urlTemplate\":\"https:\\\/\\\/www.ortungsgerate.de\\\/?s={search_term_string}\"},\"query-input\":{\"@type\":\"PropertyValueSpecification\",\"valueRequired\":true,\"valueName\":\"search_term_string\"}}],\"inLanguage\":\"ru-RU\"},{\"@type\":\"Organization\",\"@id\":\"https:\\\/\\\/www.ortungsgerate.de\\\/#organization\",\"name\":\"Ortungsgerate.de\",\"url\":\"https:\\\/\\\/www.ortungsgerate.de\\\/\",\"logo\":{\"@type\":\"ImageObject\",\"inLanguage\":\"ru-RU\",\"@id\":\"https:\\\/\\\/www.ortungsgerate.de\\\/#\\\/schema\\\/logo\\\/image\\\/\",\"url\":\"https:\\\/\\\/www.ortungsgerate.de\\\/wp-content\\\/uploads\\\/ortungsgerate.png\",\"contentUrl\":\"https:\\\/\\\/www.ortungsgerate.de\\\/wp-content\\\/uploads\\\/ortungsgerate.png\",\"width\":500,\"height\":135,\"caption\":\"Ortungsgerate.de\"},\"image\":{\"@id\":\"https:\\\/\\\/www.ortungsgerate.de\\\/#\\\/schema\\\/logo\\\/image\\\/\"}}]}<\/script>\n<!-- \/ Yoast SEO Premium plugin. -->","yoast_head_json":{"title":"Versteckte Kamera in Weckeruhr mit WLAN in HD-Qualit\u00e4t","description":"Versteckte Wi Fi Kamera Weckeruhr mit schwenkbarem 330-Grad-Objektiv. Die Kamera filmt in FUll HD, mit der M\u00f6glichkeit, das Bild live auf dem Telefon und Computer zu \u00fcberwachen","robots":{"index":"index","follow":"follow","max-snippet":"max-snippet:-1","max-image-preview":"max-image-preview:large","max-video-preview":"max-video-preview:-1"},"canonical":"https:\/\/www.ortungsgerate.de\/ru\/12-skrytyje-kamery\/27-wlan-mini-kamery\/skrytaya-kamera-v-budilnike-s-wi-fi-kachestvo-hd\/","og_locale":"ru_RU","og_type":"article","og_title":"Versteckte Kamera in Weckeruhr mit WLAN HD-Qualit\u00e4t","og_description":"Versteckte Wi Fi Kamera Weckeruhr mit schwenkbarem 330-Grad-Objektiv. Die Kamera filmt in FUll HD, mit der M\u00f6glichkeit, das Bild live auf dem Telefon und Computer zu \u00fcberwachen","og_url":"https:\/\/www.ortungsgerate.de\/ru\/12-skrytyje-kamery\/27-wlan-mini-kamery\/skrytaya-kamera-v-budilnike-s-wi-fi-kachestvo-hd\/","og_site_name":"Ortungsger\u00e4te.de","article_modified_time":"2025-11-26T17:01:36+00:00","og_image":[{"width":458,"height":458,"url":"https:\/\/www.ortungsgerate.de\/wp-content\/uploads\/zadintuvas-kamera-su-naktiniu-matymu.jpg","type":"image\/jpeg"}],"twitter_card":"summary_large_image","twitter_misc":{"\u041f\u0440\u0438\u043c\u0435\u0440\u043d\u043e\u0435 \u0432\u0440\u0435\u043c\u044f \u0434\u043b\u044f \u0447\u0442\u0435\u043d\u0438\u044f":"5 \u043c\u0438\u043d\u0443\u0442"},"schema":{"@context":"https:\/\/schema.org","@graph":[{"@type":"WebPage","@id":"https:\/\/www.ortungsgerate.de\/12-versteckte-kameras\/27-wlan-minikameras\/versteckte-kamera-in-weckeruhr-mit-wlan-hd-qualitaet\/","url":"https:\/\/www.ortungsgerate.de\/12-versteckte-kameras\/27-wlan-minikameras\/versteckte-kamera-in-weckeruhr-mit-wlan-hd-qualitaet\/","name":"Versteckte Kamera in Weckeruhr mit WLAN in HD-Qualit\u00e4t","isPartOf":{"@id":"https:\/\/www.ortungsgerate.de\/#website"},"primaryImageOfPage":{"@id":"https:\/\/www.ortungsgerate.de\/12-versteckte-kameras\/27-wlan-minikameras\/versteckte-kamera-in-weckeruhr-mit-wlan-hd-qualitaet\/#primaryimage"},"image":{"@id":"https:\/\/www.ortungsgerate.de\/12-versteckte-kameras\/27-wlan-minikameras\/versteckte-kamera-in-weckeruhr-mit-wlan-hd-qualitaet\/#primaryimage"},"thumbnailUrl":"https:\/\/www.ortungsgerate.de\/wp-content\/uploads\/zadintuvas-kamera-su-naktiniu-matymu.jpg","datePublished":"2024-02-06T19:36:05+00:00","dateModified":"2025-11-26T17:01:36+00:00","description":"Versteckte Wi Fi Kamera Weckeruhr mit schwenkbarem 330-Grad-Objektiv. Die Kamera filmt in FUll HD, mit der M\u00f6glichkeit, das Bild live auf dem Telefon und Computer zu \u00fcberwachen","breadcrumb":{"@id":"https:\/\/www.ortungsgerate.de\/12-versteckte-kameras\/27-wlan-minikameras\/versteckte-kamera-in-weckeruhr-mit-wlan-hd-qualitaet\/#breadcrumb"},"inLanguage":"ru-RU","potentialAction":[{"@type":"ReadAction","target":["https:\/\/www.ortungsgerate.de\/12-versteckte-kameras\/27-wlan-minikameras\/versteckte-kamera-in-weckeruhr-mit-wlan-hd-qualitaet\/"]}]},{"@type":"ImageObject","inLanguage":"ru-RU","@id":"https:\/\/www.ortungsgerate.de\/12-versteckte-kameras\/27-wlan-minikameras\/versteckte-kamera-in-weckeruhr-mit-wlan-hd-qualitaet\/#primaryimage","url":"https:\/\/www.ortungsgerate.de\/wp-content\/uploads\/zadintuvas-kamera-su-naktiniu-matymu.jpg","contentUrl":"https:\/\/www.ortungsgerate.de\/wp-content\/uploads\/zadintuvas-kamera-su-naktiniu-matymu.jpg","width":458,"height":458,"caption":"Wecker Kamera mit Nachtsicht"},{"@type":"BreadcrumbList","@id":"https:\/\/www.ortungsgerate.de\/12-versteckte-kameras\/27-wlan-minikameras\/versteckte-kamera-in-weckeruhr-mit-wlan-hd-qualitaet\/#breadcrumb","itemListElement":[{"@type":"ListItem","position":1,"name":"Startseite","item":"https:\/\/www.ortungsgerate.de\/"},{"@type":"ListItem","position":2,"name":"Shop","item":"https:\/\/www.ortungsgerate.de\/shop\/"},{"@type":"ListItem","position":3,"name":"Versteckte Kamera in Weckeruhr mit WLAN HD-Qualit\u00e4t"}]},{"@type":"WebSite","@id":"https:\/\/www.ortungsgerate.de\/#website","url":"https:\/\/www.ortungsgerate.de\/","name":"Ortungsgerate.de","description":"","publisher":{"@id":"https:\/\/www.ortungsgerate.de\/#organization"},"potentialAction":[{"@type":"SearchAction","target":{"@type":"EntryPoint","urlTemplate":"https:\/\/www.ortungsgerate.de\/?s={search_term_string}"},"query-input":{"@type":"PropertyValueSpecification","valueRequired":true,"valueName":"search_term_string"}}],"inLanguage":"ru-RU"},{"@type":"Organization","@id":"https:\/\/www.ortungsgerate.de\/#organization","name":"Ortungsgerate.de","url":"https:\/\/www.ortungsgerate.de\/","logo":{"@type":"ImageObject","inLanguage":"ru-RU","@id":"https:\/\/www.ortungsgerate.de\/#\/schema\/logo\/image\/","url":"https:\/\/www.ortungsgerate.de\/wp-content\/uploads\/ortungsgerate.png","contentUrl":"https:\/\/www.ortungsgerate.de\/wp-content\/uploads\/ortungsgerate.png","width":500,"height":135,"caption":"Ortungsgerate.de"},"image":{"@id":"https:\/\/www.ortungsgerate.de\/#\/schema\/logo\/image\/"}}]}},"_links":{"self":[{"href":"https:\/\/www.ortungsgerate.de\/ru\/wp-json\/wp\/v2\/product\/16512","targetHints":{"allow":["GET"]}}],"collection":[{"href":"https:\/\/www.ortungsgerate.de\/ru\/wp-json\/wp\/v2\/product"}],"about":[{"href":"https:\/\/www.ortungsgerate.de\/ru\/wp-json\/wp\/v2\/types\/product"}],"version-history":[{"count":0,"href":"https:\/\/www.ortungsgerate.de\/ru\/wp-json\/wp\/v2\/product\/16512\/revisions"}],"wp:featuredmedia":[{"embeddable":true,"href":"https:\/\/www.ortungsgerate.de\/ru\/wp-json\/wp\/v2\/media\/26427"}],"wp:attachment":[{"href":"https:\/\/www.ortungsgerate.de\/ru\/wp-json\/wp\/v2\/media?parent=16512"}],"wp:term":[{"taxonomy":"brand","embeddable":true,"href":"https:\/\/www.ortungsgerate.de\/ru\/wp-json\/wp\/v2\/etheme_brands?post=16512"},{"taxonomy":"product_brand","embeddable":true,"href":"https:\/\/www.ortungsgerate.de\/ru\/wp-json\/wp\/v2\/product_brand?post=16512"},{"taxonomy":"product_cat","embeddable":true,"href":"https:\/\/www.ortungsgerate.de\/ru\/wp-json\/wp\/v2\/product_cat?post=16512"},{"taxonomy":"product_tag","embeddable":true,"href":"https:\/\/www.ortungsgerate.de\/ru\/wp-json\/wp\/v2\/product_tag?post=16512"}],"curies":[{"name":"wp","href":"https:\/\/api.w.org\/{rel}","templated":true}]}}