{"id":16513,"date":"2025-03-02T22:41:24","date_gmt":"2025-03-02T20:41:24","guid":{"rendered":"https:\/\/ortungsgerate.de\/be-kategorijos\/auksines-palvos-laikrodis-su-kamera-ir-odiniu-dirzeliu\/"},"modified":"2025-11-26T19:01:36","modified_gmt":"2025-11-26T17:01:36","slug":"zolotistye-chasy-s-kameroy-i-kozhanym-remeshkom","status":"publish","type":"product","link":"https:\/\/www.ortungsgerate.de\/ru\/12-skrytyje-kamery\/17-zamaskirovanyje-kamery\/zolotistye-chasy-s-kameroy-i-kozhanym-remeshkom\/","title":{"rendered":"\u0417\u043e\u043b\u043e\u0442\u0438\u0441\u0442\u044b\u0435 \u0447\u0430\u0441\u044b \u0441 \u043a\u0430\u043c\u0435\u0440\u043e\u0439 \u0438 \u043a\u043e\u0436\u0430\u043d\u044b\u043c \u0440\u0435\u043c\u0435\u0448\u043a\u043e\u043c"},"content":{"rendered":"<h3><strong>\u0422\u0435\u0445\u043d\u0438\u0447\u0435\u0441\u043a\u0438\u0435 \u043f\u0430\u0440\u0430\u043c\u0435\u0442\u0440\u044b:<\/strong><\/h3>\n<ul>\n<li>Fotografiert: Ja<\/li>\n<li>\u041a\u043e\u0436\u0430\u043d\u044b\u0439 \u0440\u0435\u043c\u0435\u0448\u043e\u043a<\/li>\n<li>Farbe: Gold<\/li>\n<li>Diktierger\u00e4t: Vorhanden<\/li>\n<li>Funktioniert ohne Aufladung bis zu 150 Minuten<\/li>\n<li>Bild wird mit Ton aufgenommen, eingebautes Mikrofon<\/li>\n<li>Metallgeh\u00e4use<\/li>\n<li>Interner Speicher 32GB 30 Bilder pro Sekunde<\/li>\n<li>Bildqualit\u00e4t: JPG 3840x2880px<\/li>\n<li>Sichtwinkel: 90\u00b0<\/li>\n<li>Nachtsicht (schaltet sich automatisch ein)<\/li>\n<li>Anschl\u00fcsse: USB<\/li>\n<li>Aufladung: \u00fcber USB<\/li>\n<li>Betriebstemperatur: -10 bis +60<\/li>\n<li>Lieferumfang: Uhr mit Kamera, USB-Kabel, Box<\/li>\n<li><strong>\u0413\u0410\u0420\u0410\u041d\u0422\u0418\u042f 12 \u043c\u0435\u0441\u044f\u0446\u0435\u0432<\/strong><\/li>\n<\/ul>\n<p><span style=\"color: #d0121a\"><\/span><\/p>\n<p>\u0418\u0441\u043f\u043e\u043b\u044c\u0437\u043e\u0432\u0430\u043d\u0438\u0435: \u0414\u043b\u044f \u0432\u0430\u0448\u0435\u0439 \u0431\u0435\u0437\u043e\u043f\u0430\u0441\u043d\u043e\u0441\u0442\u0438 \u0438 \u0431\u0435\u0437\u043e\u043f\u0430\u0441\u043d\u043e\u0441\u0442\u0438 \u0432\u0430\u0448\u0438\u0445 \u0434\u0435\u0442\u0435\u0439.<\/p>\n<p><strong>Goldfarbene Uhr mit versteckter Kamera und Lederarmband<\/strong><\/p>\n<p>Die goldfarbene Uhr mit versteckter Kamera und Lederarmband ist ein sehr stilvolles und elegantes Accessoire, das jedes Outfit aufwertet. Dieses Ger\u00e4t kann wie eine normale Armbanduhr verwendet werden, und bei Bedarf kann auch die Funktion der versteckten Kamera genutzt werden. Die versteckte Kamera ist unverzichtbar, wenn es darum geht, bestimmte Beweise oder andere wichtige Informationen zu sammeln.<\/p>\n<p>Die Uhr mit der Funktion der versteckten Kamera kann nicht nur zum Filmen, sondern auch zum Fotografieren verwendet werden. Die Bildaufl\u00f6sung betr\u00e4gt beeindruckende 3840&#215;2880 px, sodass Sie sich \u00fcber wirklich qualitativ hochwertige Aufnahmen freuen k\u00f6nnen. Die Kamera verf\u00fcgt \u00fcber ein eingebautes Mikrofon, sodass die Videoaufnahmen mit Ton aufgezeichnet werden.<\/p>\n<p>Die Armbanduhr mit versteckter Kamera hat eine Nachtsichtfunktion, sodass es ganz egal ist, zu welcher Tageszeit Sie heimlich filmen oder fotografieren m\u00f6chten. Die Nachtsichtfunktion schaltet sich automatisch ein, sodass die erstellten Videos und aufgenommenen Bilder immer von hoher Qualit\u00e4t sind.<\/p>\n<p>Die Nutzung dieses Ger\u00e4ts ist sehr einfach. Mit einem Druck auf einige Tasten k\u00f6nnen Sie die gew\u00fcnschten Funktionen aktivieren. Ohne Aufladung funktioniert die versteckte Kamera bis zu 150 Minuten, und wenn das Ger\u00e4t aufgeladen werden muss, k\u00f6nnen Sie dies mit dem im Lieferumfang enthaltenen USB-Kabel tun. Mit diesem Kabel k\u00f6nnen Sie auch Daten auf Ihren Computer \u00fcbertragen.<\/p>\n<p>Der interne Speicher der versteckten Kamera betr\u00e4gt 32 GB, sodass Sie wirklich eine gro\u00dfe Anzahl von Videos erstellen k\u00f6nnen. Wenn der Speicherplatz knapp wird, werden neue Aufnahmen anstelle der \u00e4ltesten gespeichert.<\/p>\n<p>Die Uhr ist einfach zu bedienen, mit einem Druck auf einige Tasten aktivieren Sie die ben\u00f6tigten Funktionen.<\/p>","protected":false},"excerpt":{"rendered":"<p>Technische\u00a0Parameter: Fotografiert: Ja Lederarmband Farbe: Gold Diktierger\u00e4t: Vorhanden Funktioniert ohne Aufladung bis zu 150 Minuten Bild wird mit Ton aufgenommen, eingebautes Mikrofon Metallgeh\u00e4use Interner Speicher&#8230;<\/p>","protected":false},"featured_media":2031,"template":"","meta":[],"etheme_brands":[],"product_brand":[],"product_cat":[210,204,203],"product_tag":[42,730,716,704,689,728,729,690],"class_list":{"0":"post-16513","1":"product","2":"type-product","3":"status-publish","4":"has-post-thumbnail","6":"product_cat-32-armbanduhren-mit-kamera","7":"product_cat-17-getarnte-kameras","8":"product_cat-12-versteckte-kameras","9":"product_tag-kamera","10":"product_tag-kamera-im-uhrband","11":"product_tag-kamera-wecker","12":"product_tag-kamerauhr","13":"product_tag-sicherheitskamera","14":"product_tag-uhr","15":"product_tag-uhr-kamera","16":"product_tag-versteckte-kamera","17":"pa_typ-armbanduhren","19":"first","20":"outofstock","21":"taxable","22":"shipping-taxable","23":"purchasable","24":"product-type-simple"},"yoast_head":"<!-- This site is optimized with the Yoast SEO Premium plugin v25.9 (Yoast SEO v27.3) - https:\/\/yoast.com\/product\/yoast-seo-premium-wordpress\/ -->\n<title>Goldfarbener Handgelenk Uhr mit versteckter Kamera 32gb<\/title>\n<meta name=\"description\" content=\"Versteckte Kamera in eine Armbanduhr integriert. Hochwertiges Bild, lange Betriebszeit. Die versteckte Kamera Uhr hilft Ihnen, heimlich zu filmen.\" \/>\n<meta name=\"robots\" content=\"index, follow, max-snippet:-1, max-image-preview:large, max-video-preview:-1\" \/>\n<link rel=\"canonical\" href=\"https:\/\/www.ortungsgerate.de\/ru\/12-skrytyje-kamery\/32-naruchnije-chasy-s-kameroj\/zolotistye-chasy-s-kameroy-i-kozhanym-remeshkom\/\" \/>\n<meta property=\"og:locale\" content=\"ru_RU\" \/>\n<meta property=\"og:type\" content=\"article\" \/>\n<meta property=\"og:title\" content=\"Goldfarbener Uhr mit Kamera und Lederarmband\" \/>\n<meta property=\"og:description\" content=\"Versteckte Kamera in eine Armbanduhr integriert. Hochwertiges Bild, lange Betriebszeit. Die versteckte Kamera Uhr hilft Ihnen, heimlich zu filmen.\" \/>\n<meta property=\"og:url\" content=\"https:\/\/www.ortungsgerate.de\/ru\/12-skrytyje-kamery\/32-naruchnije-chasy-s-kameroj\/zolotistye-chasy-s-kameroy-i-kozhanym-remeshkom\/\" \/>\n<meta property=\"og:site_name\" content=\"Ortungsger\u00e4te.de\" \/>\n<meta property=\"article:modified_time\" content=\"2025-11-26T17:01:36+00:00\" \/>\n<meta property=\"og:image\" content=\"https:\/\/www.ortungsgerate.de\/wp-content\/uploads\/auksines-palvos-laikrodis-su-kamera-ir-odiniu-dirzeliu-scaled.jpg\" \/>\n\t<meta property=\"og:image:width\" content=\"2560\" \/>\n\t<meta property=\"og:image:height\" content=\"2560\" \/>\n\t<meta property=\"og:image:type\" content=\"image\/jpeg\" \/>\n<meta name=\"twitter:card\" content=\"summary_large_image\" \/>\n<meta name=\"twitter:label1\" content=\"\u041f\u0440\u0438\u043c\u0435\u0440\u043d\u043e\u0435 \u0432\u0440\u0435\u043c\u044f \u0434\u043b\u044f \u0447\u0442\u0435\u043d\u0438\u044f\" \/>\n\t<meta name=\"twitter:data1\" content=\"2 \u043c\u0438\u043d\u0443\u0442\u044b\" \/>\n<script type=\"application\/ld+json\" class=\"yoast-schema-graph\">{\"@context\":\"https:\\\/\\\/schema.org\",\"@graph\":[{\"@type\":\"WebPage\",\"@id\":\"https:\\\/\\\/www.ortungsgerate.de\\\/12-versteckte-kameras\\\/32-armbanduhren-mit-kamera\\\/goldfarbener-uhr-mit-kamera-und-lederarmband\\\/\",\"url\":\"https:\\\/\\\/www.ortungsgerate.de\\\/12-versteckte-kameras\\\/32-armbanduhren-mit-kamera\\\/goldfarbener-uhr-mit-kamera-und-lederarmband\\\/\",\"name\":\"Goldfarbener Handgelenk Uhr mit versteckter Kamera 32gb\",\"isPartOf\":{\"@id\":\"https:\\\/\\\/www.ortungsgerate.de\\\/#website\"},\"primaryImageOfPage\":{\"@id\":\"https:\\\/\\\/www.ortungsgerate.de\\\/12-versteckte-kameras\\\/32-armbanduhren-mit-kamera\\\/goldfarbener-uhr-mit-kamera-und-lederarmband\\\/#primaryimage\"},\"image\":{\"@id\":\"https:\\\/\\\/www.ortungsgerate.de\\\/12-versteckte-kameras\\\/32-armbanduhren-mit-kamera\\\/goldfarbener-uhr-mit-kamera-und-lederarmband\\\/#primaryimage\"},\"thumbnailUrl\":\"https:\\\/\\\/www.ortungsgerate.de\\\/wp-content\\\/uploads\\\/auksines-palvos-laikrodis-su-kamera-ir-odiniu-dirzeliu-scaled.jpg\",\"datePublished\":\"2025-03-02T20:41:24+00:00\",\"dateModified\":\"2025-11-26T17:01:36+00:00\",\"description\":\"Versteckte Kamera in eine Armbanduhr integriert. Hochwertiges Bild, lange Betriebszeit. Die versteckte Kamera Uhr hilft Ihnen, heimlich zu filmen.\",\"breadcrumb\":{\"@id\":\"https:\\\/\\\/www.ortungsgerate.de\\\/12-versteckte-kameras\\\/32-armbanduhren-mit-kamera\\\/goldfarbener-uhr-mit-kamera-und-lederarmband\\\/#breadcrumb\"},\"inLanguage\":\"ru-RU\",\"potentialAction\":[{\"@type\":\"ReadAction\",\"target\":[\"https:\\\/\\\/www.ortungsgerate.de\\\/12-versteckte-kameras\\\/32-armbanduhren-mit-kamera\\\/goldfarbener-uhr-mit-kamera-und-lederarmband\\\/\"]}]},{\"@type\":\"ImageObject\",\"inLanguage\":\"ru-RU\",\"@id\":\"https:\\\/\\\/www.ortungsgerate.de\\\/12-versteckte-kameras\\\/32-armbanduhren-mit-kamera\\\/goldfarbener-uhr-mit-kamera-und-lederarmband\\\/#primaryimage\",\"url\":\"https:\\\/\\\/www.ortungsgerate.de\\\/wp-content\\\/uploads\\\/auksines-palvos-laikrodis-su-kamera-ir-odiniu-dirzeliu-scaled.jpg\",\"contentUrl\":\"https:\\\/\\\/www.ortungsgerate.de\\\/wp-content\\\/uploads\\\/auksines-palvos-laikrodis-su-kamera-ir-odiniu-dirzeliu-scaled.jpg\",\"width\":2560,\"height\":2560,\"caption\":\"Versteckte Kamera Armbanduhr in goldener Farbe\"},{\"@type\":\"BreadcrumbList\",\"@id\":\"https:\\\/\\\/www.ortungsgerate.de\\\/12-versteckte-kameras\\\/32-armbanduhren-mit-kamera\\\/goldfarbener-uhr-mit-kamera-und-lederarmband\\\/#breadcrumb\",\"itemListElement\":[{\"@type\":\"ListItem\",\"position\":1,\"name\":\"Startseite\",\"item\":\"https:\\\/\\\/www.ortungsgerate.de\\\/\"},{\"@type\":\"ListItem\",\"position\":2,\"name\":\"Shop\",\"item\":\"https:\\\/\\\/www.ortungsgerate.de\\\/shop\\\/\"},{\"@type\":\"ListItem\",\"position\":3,\"name\":\"Goldfarbener Uhr mit Kamera und Lederarmband\"}]},{\"@type\":\"WebSite\",\"@id\":\"https:\\\/\\\/www.ortungsgerate.de\\\/#website\",\"url\":\"https:\\\/\\\/www.ortungsgerate.de\\\/\",\"name\":\"Ortungsgerate.de\",\"description\":\"\",\"publisher\":{\"@id\":\"https:\\\/\\\/www.ortungsgerate.de\\\/#organization\"},\"potentialAction\":[{\"@type\":\"SearchAction\",\"target\":{\"@type\":\"EntryPoint\",\"urlTemplate\":\"https:\\\/\\\/www.ortungsgerate.de\\\/?s={search_term_string}\"},\"query-input\":{\"@type\":\"PropertyValueSpecification\",\"valueRequired\":true,\"valueName\":\"search_term_string\"}}],\"inLanguage\":\"ru-RU\"},{\"@type\":\"Organization\",\"@id\":\"https:\\\/\\\/www.ortungsgerate.de\\\/#organization\",\"name\":\"Ortungsgerate.de\",\"url\":\"https:\\\/\\\/www.ortungsgerate.de\\\/\",\"logo\":{\"@type\":\"ImageObject\",\"inLanguage\":\"ru-RU\",\"@id\":\"https:\\\/\\\/www.ortungsgerate.de\\\/#\\\/schema\\\/logo\\\/image\\\/\",\"url\":\"https:\\\/\\\/www.ortungsgerate.de\\\/wp-content\\\/uploads\\\/ortungsgerate.png\",\"contentUrl\":\"https:\\\/\\\/www.ortungsgerate.de\\\/wp-content\\\/uploads\\\/ortungsgerate.png\",\"width\":500,\"height\":135,\"caption\":\"Ortungsgerate.de\"},\"image\":{\"@id\":\"https:\\\/\\\/www.ortungsgerate.de\\\/#\\\/schema\\\/logo\\\/image\\\/\"}}]}<\/script>\n<!-- \/ Yoast SEO Premium plugin. -->","yoast_head_json":{"title":"Goldfarbener Handgelenk Uhr mit versteckter Kamera 32gb","description":"Versteckte Kamera in eine Armbanduhr integriert. Hochwertiges Bild, lange Betriebszeit. Die versteckte Kamera Uhr hilft Ihnen, heimlich zu filmen.","robots":{"index":"index","follow":"follow","max-snippet":"max-snippet:-1","max-image-preview":"max-image-preview:large","max-video-preview":"max-video-preview:-1"},"canonical":"https:\/\/www.ortungsgerate.de\/ru\/12-skrytyje-kamery\/32-naruchnije-chasy-s-kameroj\/zolotistye-chasy-s-kameroy-i-kozhanym-remeshkom\/","og_locale":"ru_RU","og_type":"article","og_title":"Goldfarbener Uhr mit Kamera und Lederarmband","og_description":"Versteckte Kamera in eine Armbanduhr integriert. Hochwertiges Bild, lange Betriebszeit. Die versteckte Kamera Uhr hilft Ihnen, heimlich zu filmen.","og_url":"https:\/\/www.ortungsgerate.de\/ru\/12-skrytyje-kamery\/32-naruchnije-chasy-s-kameroj\/zolotistye-chasy-s-kameroy-i-kozhanym-remeshkom\/","og_site_name":"Ortungsger\u00e4te.de","article_modified_time":"2025-11-26T17:01:36+00:00","og_image":[{"width":2560,"height":2560,"url":"https:\/\/www.ortungsgerate.de\/wp-content\/uploads\/auksines-palvos-laikrodis-su-kamera-ir-odiniu-dirzeliu-scaled.jpg","type":"image\/jpeg"}],"twitter_card":"summary_large_image","twitter_misc":{"\u041f\u0440\u0438\u043c\u0435\u0440\u043d\u043e\u0435 \u0432\u0440\u0435\u043c\u044f \u0434\u043b\u044f \u0447\u0442\u0435\u043d\u0438\u044f":"2 \u043c\u0438\u043d\u0443\u0442\u044b"},"schema":{"@context":"https:\/\/schema.org","@graph":[{"@type":"WebPage","@id":"https:\/\/www.ortungsgerate.de\/12-versteckte-kameras\/32-armbanduhren-mit-kamera\/goldfarbener-uhr-mit-kamera-und-lederarmband\/","url":"https:\/\/www.ortungsgerate.de\/12-versteckte-kameras\/32-armbanduhren-mit-kamera\/goldfarbener-uhr-mit-kamera-und-lederarmband\/","name":"Goldfarbener Handgelenk Uhr mit versteckter Kamera 32gb","isPartOf":{"@id":"https:\/\/www.ortungsgerate.de\/#website"},"primaryImageOfPage":{"@id":"https:\/\/www.ortungsgerate.de\/12-versteckte-kameras\/32-armbanduhren-mit-kamera\/goldfarbener-uhr-mit-kamera-und-lederarmband\/#primaryimage"},"image":{"@id":"https:\/\/www.ortungsgerate.de\/12-versteckte-kameras\/32-armbanduhren-mit-kamera\/goldfarbener-uhr-mit-kamera-und-lederarmband\/#primaryimage"},"thumbnailUrl":"https:\/\/www.ortungsgerate.de\/wp-content\/uploads\/auksines-palvos-laikrodis-su-kamera-ir-odiniu-dirzeliu-scaled.jpg","datePublished":"2025-03-02T20:41:24+00:00","dateModified":"2025-11-26T17:01:36+00:00","description":"Versteckte Kamera in eine Armbanduhr integriert. Hochwertiges Bild, lange Betriebszeit. Die versteckte Kamera Uhr hilft Ihnen, heimlich zu filmen.","breadcrumb":{"@id":"https:\/\/www.ortungsgerate.de\/12-versteckte-kameras\/32-armbanduhren-mit-kamera\/goldfarbener-uhr-mit-kamera-und-lederarmband\/#breadcrumb"},"inLanguage":"ru-RU","potentialAction":[{"@type":"ReadAction","target":["https:\/\/www.ortungsgerate.de\/12-versteckte-kameras\/32-armbanduhren-mit-kamera\/goldfarbener-uhr-mit-kamera-und-lederarmband\/"]}]},{"@type":"ImageObject","inLanguage":"ru-RU","@id":"https:\/\/www.ortungsgerate.de\/12-versteckte-kameras\/32-armbanduhren-mit-kamera\/goldfarbener-uhr-mit-kamera-und-lederarmband\/#primaryimage","url":"https:\/\/www.ortungsgerate.de\/wp-content\/uploads\/auksines-palvos-laikrodis-su-kamera-ir-odiniu-dirzeliu-scaled.jpg","contentUrl":"https:\/\/www.ortungsgerate.de\/wp-content\/uploads\/auksines-palvos-laikrodis-su-kamera-ir-odiniu-dirzeliu-scaled.jpg","width":2560,"height":2560,"caption":"Versteckte Kamera Armbanduhr in goldener Farbe"},{"@type":"BreadcrumbList","@id":"https:\/\/www.ortungsgerate.de\/12-versteckte-kameras\/32-armbanduhren-mit-kamera\/goldfarbener-uhr-mit-kamera-und-lederarmband\/#breadcrumb","itemListElement":[{"@type":"ListItem","position":1,"name":"Startseite","item":"https:\/\/www.ortungsgerate.de\/"},{"@type":"ListItem","position":2,"name":"Shop","item":"https:\/\/www.ortungsgerate.de\/shop\/"},{"@type":"ListItem","position":3,"name":"Goldfarbener Uhr mit Kamera und Lederarmband"}]},{"@type":"WebSite","@id":"https:\/\/www.ortungsgerate.de\/#website","url":"https:\/\/www.ortungsgerate.de\/","name":"Ortungsgerate.de","description":"","publisher":{"@id":"https:\/\/www.ortungsgerate.de\/#organization"},"potentialAction":[{"@type":"SearchAction","target":{"@type":"EntryPoint","urlTemplate":"https:\/\/www.ortungsgerate.de\/?s={search_term_string}"},"query-input":{"@type":"PropertyValueSpecification","valueRequired":true,"valueName":"search_term_string"}}],"inLanguage":"ru-RU"},{"@type":"Organization","@id":"https:\/\/www.ortungsgerate.de\/#organization","name":"Ortungsgerate.de","url":"https:\/\/www.ortungsgerate.de\/","logo":{"@type":"ImageObject","inLanguage":"ru-RU","@id":"https:\/\/www.ortungsgerate.de\/#\/schema\/logo\/image\/","url":"https:\/\/www.ortungsgerate.de\/wp-content\/uploads\/ortungsgerate.png","contentUrl":"https:\/\/www.ortungsgerate.de\/wp-content\/uploads\/ortungsgerate.png","width":500,"height":135,"caption":"Ortungsgerate.de"},"image":{"@id":"https:\/\/www.ortungsgerate.de\/#\/schema\/logo\/image\/"}}]}},"_links":{"self":[{"href":"https:\/\/www.ortungsgerate.de\/ru\/wp-json\/wp\/v2\/product\/16513","targetHints":{"allow":["GET"]}}],"collection":[{"href":"https:\/\/www.ortungsgerate.de\/ru\/wp-json\/wp\/v2\/product"}],"about":[{"href":"https:\/\/www.ortungsgerate.de\/ru\/wp-json\/wp\/v2\/types\/product"}],"version-history":[{"count":0,"href":"https:\/\/www.ortungsgerate.de\/ru\/wp-json\/wp\/v2\/product\/16513\/revisions"}],"wp:featuredmedia":[{"embeddable":true,"href":"https:\/\/www.ortungsgerate.de\/ru\/wp-json\/wp\/v2\/media\/2031"}],"wp:attachment":[{"href":"https:\/\/www.ortungsgerate.de\/ru\/wp-json\/wp\/v2\/media?parent=16513"}],"wp:term":[{"taxonomy":"brand","embeddable":true,"href":"https:\/\/www.ortungsgerate.de\/ru\/wp-json\/wp\/v2\/etheme_brands?post=16513"},{"taxonomy":"product_brand","embeddable":true,"href":"https:\/\/www.ortungsgerate.de\/ru\/wp-json\/wp\/v2\/product_brand?post=16513"},{"taxonomy":"product_cat","embeddable":true,"href":"https:\/\/www.ortungsgerate.de\/ru\/wp-json\/wp\/v2\/product_cat?post=16513"},{"taxonomy":"product_tag","embeddable":true,"href":"https:\/\/www.ortungsgerate.de\/ru\/wp-json\/wp\/v2\/product_tag?post=16513"}],"curies":[{"name":"wp","href":"https:\/\/api.w.org\/{rel}","templated":true}]}}