{"id":16515,"date":"2024-02-06T21:36:37","date_gmt":"2024-02-06T19:36:37","guid":{"rendered":"https:\/\/ortungsgerate.de\/be-kategorijos\/powerbank-slapta-stebejimo-kamera-5000mah-naktinis-matymas\/"},"modified":"2025-11-26T19:01:36","modified_gmt":"2025-11-26T17:01:36","slug":"powerbank-skrytaya-kamera-nablyudeniya-5000mah-nochnoe-videnie-2","status":"publish","type":"product","link":"https:\/\/www.ortungsgerate.de\/ru\/12-skrytyje-kamery\/17-zamaskirovanyje-kamery\/powerbank-skrytaya-kamera-nablyudeniya-5000mah-nochnoe-videnie-2\/","title":{"rendered":"PowerBank \u0441\u043a\u0440\u044b\u0442\u0430\u044f \u043a\u0430\u043c\u0435\u0440\u0430 \u043d\u0430\u0431\u043b\u044e\u0434\u0435\u043d\u0438\u044f 5000mAh (\u043d\u043e\u0447\u043d\u043e\u0435 \u0432\u0438\u0434\u0435\u043d\u0438\u0435)"},"content":{"rendered":"<h3><strong>\u0422\u0415\u0425\u041d\u0418\u0427\u0415\u0421\u041a\u0418\u0415 \u041f\u0410\u0420\u0410\u041c\u0415\u0422\u0420\u042b:<\/strong><\/h3>\n<ul>\n<li>Unterst\u00fctzung f\u00fcr Speicherkarten: micro SD \/ SDHC bis 32GB (nicht im Lieferumfang enthalten)<\/li>\n<li>Videoaufl\u00f6sung: HD 1920 x 1080px FULL HD<\/li>\n<li>\u0424\u043e\u0440\u043c\u0430\u0442 \u0432\u0438\u0434\u0435\u043e: AVI | 30fps<\/li>\n<li>Nachtaufzeichnung: ca. 2 Meter<\/li>\n<li>Betriebszeit: ca. 4,5 Std.<\/li>\n<li>Aufnahmewinkel: 80 \u00b0<\/li>\n<li>Videoaufnahme: 1 Std. 6 GB<\/li>\n<li>Ton: Mikrofon mit gut h\u00f6rbarem Klang in einer Entfernung von ca. 3-4 Metern<strong><br \/>\n<\/strong><\/li>\n<li>Anschlussstandard: USB 1.1 und 2.0<\/li>\n<li>Wiederaufladbare Batterie: 3.7V 5000mAh<\/li>\n<li>Kompatibilit\u00e4t: \u201eWindows, Mac OS\u201c<\/li>\n<li>Betriebstemperatur: -10 \u00b0 C ~ 60 \u00b0 C<\/li>\n<li>Farbe: Schwarz<\/li>\n<li>Lieferumfang: PowerBank, Bedienungsanleitung in litauischer Sprache<\/li>\n<li><strong>\u0413\u0410\u0420\u0410\u041d\u0422\u0418\u042f 12 \u043c\u0435\u0441\u044f\u0446\u0435\u0432<\/strong><\/li>\n<\/ul>\n<p><span style=\"color: #d0121a;\"><strong> (auch an Wochenenden)  <\/strong><\/span><\/p>\n<p><strong>Anwendung:<\/strong> F\u00fcr Ihre eigene Sicherheit und die Ihrer Kinder.<\/p>\n<p><strong>PowerBank \u0441\u043a\u0440\u044b\u0442\u0430\u044f \u043a\u0430\u043c\u0435\u0440\u0430 \u043d\u0430\u0431\u043b\u044e\u0434\u0435\u043d\u0438\u044f 5000mAh (\u043d\u043e\u0447\u043d\u043e\u0435 \u0432\u0438\u0434\u0435\u043d\u0438\u0435)<\/strong><\/p>\n<p>PowerBank \u2013 das ist ein externer Akku, der dann n\u00fctzlich ist, wenn der Akku des Mobiltelefons oder eines anderen Ger\u00e4tes leer ist. Es besteht nicht immer die M\u00f6glichkeit, die verwendeten Ger\u00e4te \u00fcber eine Steckdose aufzuladen, daher ist es nicht verwunderlich, dass externe Akkus sehr schnell auf gro\u00dfes Interesse gesto\u00dfen sind. Heute wird dieses Ger\u00e4t von vielen Menschen genutzt, daher ist es nicht \u00fcberraschend, dass bald solche verdeckten Kameras entwickelt wurden, die genau die Form dieses Gegenstandes haben. Wenn Sie einen externen Akku verwenden, erregen Sie keinerlei Verdacht, dass Sie Bild und Ton aufzeichnen, sodass Sie die f\u00fcr Sie interessante Information ohne besonderen Aufwand sammeln k\u00f6nnen.<\/p>\n<p>Die PowerBank verdeckte \u00dcberwachungskamera kann sich in vielen Situationen als n\u00fctzlich erweisen: wenn Beweise gesammelt werden sollen, wenn nach Hinweisen auf m\u00f6glicherweise unlautere Aktivit\u00e4ten gesucht wird usw. Die Nutzung dieser verdeckten Kamera ist sehr einfach, und niemand wird auch nur ahnen, dass er gefilmt wird. Vorteilhaft ist, dass diese verdeckte Kamera nicht nur tags\u00fcber, sondern auch bei Dunkelheit Bilder aufzeichnen kann, sodass Sie sich keine Sorgen machen m\u00fcssen, dass Sie aufgrund schlechter Beleuchtung bestimmte wichtige Informationen nicht erfassen k\u00f6nnen. Der Nachtmodus funktioniert in einer Entfernung von etwa 2 Metern, daher ist die Wahrscheinlichkeit gro\u00df, dass Sie Bilder auch im Dunkeln aufzeichnen k\u00f6nnen.<\/p>\n<p>Eine vollst\u00e4ndig geladene PowerBank verdeckte \u00dcberwachungskamera arbeitet etwa 4,5 Stunden, sodass Sie in dieser Zeit das f\u00fcr Sie interessante Material sicher sammeln k\u00f6nnen. Die Verwendung dieser verdeckten Kamera ist sehr einfach (beim Kauf der verdeckten Kamera erhalten Sie auch eine Bedienungsanleitung in litauischer Sprache), daher erfordert die Aufnahme keinen besonderen Aufwand. Die verdeckte Kamera k\u00f6nnen Sie sowohl in Innenr\u00e4umen verwenden als auch dann, wenn Sie sich vergewissern m\u00f6chten, ob sich bestimmte Personen, die allein gelassen wurden, wirklich ehrlich verhalten. Die PowerBank verdeckte Kamera k\u00f6nnen Sie einfach auf dem Tisch liegen lassen, ohne bef\u00fcrchten zu m\u00fcssen, dass der externe Akku Verdacht erregt.<\/p>\n<p>Beseitigen Sie Ihre Zweifel: Wenn Sie sich nicht sicher sind, ob sich bestimmte Personen wirklich ehrlich verhalten, oder wenn Sie einfach Beweise sammeln m\u00f6chten, kann die PowerBank verdeckte Kamera eine sehr vorteilhafte Wahl sein. Dieses Ger\u00e4t k\u00f6nnen Sie zu einem wirklich attraktiven Preis erwerben, und es wird Ihnen helfen, verschiedenste f\u00fcr Sie interessante Informationen zu erhalten. Die verdeckte Kamera ist universell einsetzbar, sodass Sie sie in verschiedensten Alltagssituationen verwenden k\u00f6nnen.<\/p>","protected":false},"excerpt":{"rendered":"<p>TECHNISCHE PARAMETER: Unterst\u00fctzung f\u00fcr Speicherkarten: micro SD \/ SDHC bis 32GB (nicht im Lieferumfang enthalten) Videoaufl\u00f6sung: HD 1920 x 1080px FULL HD Videoformat: AVI |&#8230;<\/p>","protected":false},"featured_media":1482,"template":"","meta":[],"etheme_brands":[],"product_brand":[],"product_cat":[204,203],"product_tag":[42,168,705,690],"class_list":{"0":"post-16515","1":"product","2":"type-product","3":"status-publish","4":"has-post-thumbnail","6":"product_cat-17-getarnte-kameras","7":"product_cat-12-versteckte-kameras","8":"product_tag-kamera","9":"product_tag-powerbank-kamera","10":"product_tag-ueberwachungskamera","11":"product_tag-versteckte-kamera","12":"pa_typ-externe-akkus-powerbank","14":"first","15":"outofstock","16":"sale","17":"taxable","18":"shipping-taxable","19":"purchasable","20":"product-type-simple"},"yoast_head":"<!-- This site is optimized with the Yoast SEO Premium plugin v25.9 (Yoast SEO v27.4) - https:\/\/yoast.com\/product\/yoast-seo-premium-wordpress\/ -->\n<title>Versteckte Kamera POWERBANK Nachtsicht 5000mAh Akku<\/title>\n<meta name=\"description\" content=\"Versteckte \u00dcberwachungskamera getarnt als POWERBANK, leistungsstarker 5000mAh-Akku. Verf\u00fcgt \u00fcber Nachtsicht-Aufnahmefunktion Gro\u00dfe Auswahl an versteckten Kameras Kostenloser Versand\" \/>\n<meta name=\"robots\" content=\"index, follow, max-snippet:-1, max-image-preview:large, max-video-preview:-1\" \/>\n<link rel=\"canonical\" href=\"https:\/\/www.ortungsgerate.de\/ru\/12-skrytyje-kamery\/17-zamaskirovanyje-kamery\/powerbank-skrytaya-kamera-nablyudeniya-5000mah-nochnoe-videnie-2\/\" \/>\n<meta property=\"og:locale\" content=\"ru_RU\" \/>\n<meta property=\"og:type\" content=\"article\" \/>\n<meta property=\"og:title\" content=\"PowerBank verdeckte \u00dcberwachungskamera 5000mAh (Nachtsicht)\" \/>\n<meta property=\"og:description\" content=\"Versteckte \u00dcberwachungskamera getarnt als POWERBANK, leistungsstarker 5000mAh-Akku. Verf\u00fcgt \u00fcber Nachtsicht-Aufnahmefunktion Gro\u00dfe Auswahl an versteckten Kameras Kostenloser Versand\" \/>\n<meta property=\"og:url\" content=\"https:\/\/www.ortungsgerate.de\/ru\/12-skrytyje-kamery\/17-zamaskirovanyje-kamery\/powerbank-skrytaya-kamera-nablyudeniya-5000mah-nochnoe-videnie-2\/\" \/>\n<meta property=\"og:site_name\" content=\"Ortungsger\u00e4te.de\" \/>\n<meta property=\"article:modified_time\" content=\"2025-11-26T17:01:36+00:00\" \/>\n<meta property=\"og:image\" content=\"https:\/\/www.ortungsgerate.de\/wp-content\/uploads\/powerbank-slapta-stebejimo-kamera-5000mah-naktinis-matymas.jpg\" \/>\n\t<meta property=\"og:image:width\" content=\"512\" \/>\n\t<meta property=\"og:image:height\" content=\"410\" \/>\n\t<meta property=\"og:image:type\" content=\"image\/jpeg\" \/>\n<meta name=\"twitter:card\" content=\"summary_large_image\" \/>\n<meta name=\"twitter:label1\" content=\"\u041f\u0440\u0438\u043c\u0435\u0440\u043d\u043e\u0435 \u0432\u0440\u0435\u043c\u044f \u0434\u043b\u044f \u0447\u0442\u0435\u043d\u0438\u044f\" \/>\n\t<meta name=\"twitter:data1\" content=\"3 \u043c\u0438\u043d\u0443\u0442\u044b\" \/>\n<script type=\"application\/ld+json\" class=\"yoast-schema-graph\">{\"@context\":\"https:\\\/\\\/schema.org\",\"@graph\":[{\"@type\":\"WebPage\",\"@id\":\"https:\\\/\\\/www.ortungsgerate.de\\\/12-versteckte-kameras\\\/17-getarnte-kameras\\\/powerbank-verdeckte-ueberwachungskamera-5000mah-nachtsicht\\\/\",\"url\":\"https:\\\/\\\/www.ortungsgerate.de\\\/12-versteckte-kameras\\\/17-getarnte-kameras\\\/powerbank-verdeckte-ueberwachungskamera-5000mah-nachtsicht\\\/\",\"name\":\"Versteckte Kamera POWERBANK Nachtsicht 5000mAh Akku\",\"isPartOf\":{\"@id\":\"https:\\\/\\\/www.ortungsgerate.de\\\/#website\"},\"primaryImageOfPage\":{\"@id\":\"https:\\\/\\\/www.ortungsgerate.de\\\/12-versteckte-kameras\\\/17-getarnte-kameras\\\/powerbank-verdeckte-ueberwachungskamera-5000mah-nachtsicht\\\/#primaryimage\"},\"image\":{\"@id\":\"https:\\\/\\\/www.ortungsgerate.de\\\/12-versteckte-kameras\\\/17-getarnte-kameras\\\/powerbank-verdeckte-ueberwachungskamera-5000mah-nachtsicht\\\/#primaryimage\"},\"thumbnailUrl\":\"https:\\\/\\\/www.ortungsgerate.de\\\/wp-content\\\/uploads\\\/powerbank-slapta-stebejimo-kamera-5000mah-naktinis-matymas.jpg\",\"datePublished\":\"2024-02-06T19:36:37+00:00\",\"dateModified\":\"2025-11-26T17:01:36+00:00\",\"description\":\"Versteckte \u00dcberwachungskamera getarnt als POWERBANK, leistungsstarker 5000mAh-Akku. Verf\u00fcgt \u00fcber Nachtsicht-Aufnahmefunktion Gro\u00dfe Auswahl an versteckten Kameras Kostenloser Versand\",\"breadcrumb\":{\"@id\":\"https:\\\/\\\/www.ortungsgerate.de\\\/12-versteckte-kameras\\\/17-getarnte-kameras\\\/powerbank-verdeckte-ueberwachungskamera-5000mah-nachtsicht\\\/#breadcrumb\"},\"inLanguage\":\"ru-RU\",\"potentialAction\":[{\"@type\":\"ReadAction\",\"target\":[\"https:\\\/\\\/www.ortungsgerate.de\\\/12-versteckte-kameras\\\/17-getarnte-kameras\\\/powerbank-verdeckte-ueberwachungskamera-5000mah-nachtsicht\\\/\"]}]},{\"@type\":\"ImageObject\",\"inLanguage\":\"ru-RU\",\"@id\":\"https:\\\/\\\/www.ortungsgerate.de\\\/12-versteckte-kameras\\\/17-getarnte-kameras\\\/powerbank-verdeckte-ueberwachungskamera-5000mah-nachtsicht\\\/#primaryimage\",\"url\":\"https:\\\/\\\/www.ortungsgerate.de\\\/wp-content\\\/uploads\\\/powerbank-slapta-stebejimo-kamera-5000mah-naktinis-matymas.jpg\",\"contentUrl\":\"https:\\\/\\\/www.ortungsgerate.de\\\/wp-content\\\/uploads\\\/powerbank-slapta-stebejimo-kamera-5000mah-naktinis-matymas.jpg\",\"width\":512,\"height\":410,\"caption\":\"Versteckte Kamera POWERBANK\"},{\"@type\":\"BreadcrumbList\",\"@id\":\"https:\\\/\\\/www.ortungsgerate.de\\\/12-versteckte-kameras\\\/17-getarnte-kameras\\\/powerbank-verdeckte-ueberwachungskamera-5000mah-nachtsicht\\\/#breadcrumb\",\"itemListElement\":[{\"@type\":\"ListItem\",\"position\":1,\"name\":\"Startseite\",\"item\":\"https:\\\/\\\/www.ortungsgerate.de\\\/\"},{\"@type\":\"ListItem\",\"position\":2,\"name\":\"Shop\",\"item\":\"https:\\\/\\\/www.ortungsgerate.de\\\/shop\\\/\"},{\"@type\":\"ListItem\",\"position\":3,\"name\":\"PowerBank verdeckte \u00dcberwachungskamera 5000mAh (Nachtsicht)\"}]},{\"@type\":\"WebSite\",\"@id\":\"https:\\\/\\\/www.ortungsgerate.de\\\/#website\",\"url\":\"https:\\\/\\\/www.ortungsgerate.de\\\/\",\"name\":\"Ortungsgerate.de\",\"description\":\"\",\"publisher\":{\"@id\":\"https:\\\/\\\/www.ortungsgerate.de\\\/#organization\"},\"potentialAction\":[{\"@type\":\"SearchAction\",\"target\":{\"@type\":\"EntryPoint\",\"urlTemplate\":\"https:\\\/\\\/www.ortungsgerate.de\\\/?s={search_term_string}\"},\"query-input\":{\"@type\":\"PropertyValueSpecification\",\"valueRequired\":true,\"valueName\":\"search_term_string\"}}],\"inLanguage\":\"ru-RU\"},{\"@type\":\"Organization\",\"@id\":\"https:\\\/\\\/www.ortungsgerate.de\\\/#organization\",\"name\":\"Ortungsgerate.de\",\"url\":\"https:\\\/\\\/www.ortungsgerate.de\\\/\",\"logo\":{\"@type\":\"ImageObject\",\"inLanguage\":\"ru-RU\",\"@id\":\"https:\\\/\\\/www.ortungsgerate.de\\\/#\\\/schema\\\/logo\\\/image\\\/\",\"url\":\"https:\\\/\\\/www.ortungsgerate.de\\\/wp-content\\\/uploads\\\/ortungsgerate.png\",\"contentUrl\":\"https:\\\/\\\/www.ortungsgerate.de\\\/wp-content\\\/uploads\\\/ortungsgerate.png\",\"width\":500,\"height\":135,\"caption\":\"Ortungsgerate.de\"},\"image\":{\"@id\":\"https:\\\/\\\/www.ortungsgerate.de\\\/#\\\/schema\\\/logo\\\/image\\\/\"}}]}<\/script>\n<!-- \/ Yoast SEO Premium plugin. -->","yoast_head_json":{"title":"Versteckte Kamera POWERBANK Nachtsicht 5000mAh Akku","description":"Versteckte \u00dcberwachungskamera getarnt als POWERBANK, leistungsstarker 5000mAh-Akku. Verf\u00fcgt \u00fcber Nachtsicht-Aufnahmefunktion Gro\u00dfe Auswahl an versteckten Kameras Kostenloser Versand","robots":{"index":"index","follow":"follow","max-snippet":"max-snippet:-1","max-image-preview":"max-image-preview:large","max-video-preview":"max-video-preview:-1"},"canonical":"https:\/\/www.ortungsgerate.de\/ru\/12-skrytyje-kamery\/17-zamaskirovanyje-kamery\/powerbank-skrytaya-kamera-nablyudeniya-5000mah-nochnoe-videnie-2\/","og_locale":"ru_RU","og_type":"article","og_title":"PowerBank verdeckte \u00dcberwachungskamera 5000mAh (Nachtsicht)","og_description":"Versteckte \u00dcberwachungskamera getarnt als POWERBANK, leistungsstarker 5000mAh-Akku. Verf\u00fcgt \u00fcber Nachtsicht-Aufnahmefunktion Gro\u00dfe Auswahl an versteckten Kameras Kostenloser Versand","og_url":"https:\/\/www.ortungsgerate.de\/ru\/12-skrytyje-kamery\/17-zamaskirovanyje-kamery\/powerbank-skrytaya-kamera-nablyudeniya-5000mah-nochnoe-videnie-2\/","og_site_name":"Ortungsger\u00e4te.de","article_modified_time":"2025-11-26T17:01:36+00:00","og_image":[{"width":512,"height":410,"url":"https:\/\/www.ortungsgerate.de\/wp-content\/uploads\/powerbank-slapta-stebejimo-kamera-5000mah-naktinis-matymas.jpg","type":"image\/jpeg"}],"twitter_card":"summary_large_image","twitter_misc":{"\u041f\u0440\u0438\u043c\u0435\u0440\u043d\u043e\u0435 \u0432\u0440\u0435\u043c\u044f \u0434\u043b\u044f \u0447\u0442\u0435\u043d\u0438\u044f":"3 \u043c\u0438\u043d\u0443\u0442\u044b"},"schema":{"@context":"https:\/\/schema.org","@graph":[{"@type":"WebPage","@id":"https:\/\/www.ortungsgerate.de\/12-versteckte-kameras\/17-getarnte-kameras\/powerbank-verdeckte-ueberwachungskamera-5000mah-nachtsicht\/","url":"https:\/\/www.ortungsgerate.de\/12-versteckte-kameras\/17-getarnte-kameras\/powerbank-verdeckte-ueberwachungskamera-5000mah-nachtsicht\/","name":"Versteckte Kamera POWERBANK Nachtsicht 5000mAh Akku","isPartOf":{"@id":"https:\/\/www.ortungsgerate.de\/#website"},"primaryImageOfPage":{"@id":"https:\/\/www.ortungsgerate.de\/12-versteckte-kameras\/17-getarnte-kameras\/powerbank-verdeckte-ueberwachungskamera-5000mah-nachtsicht\/#primaryimage"},"image":{"@id":"https:\/\/www.ortungsgerate.de\/12-versteckte-kameras\/17-getarnte-kameras\/powerbank-verdeckte-ueberwachungskamera-5000mah-nachtsicht\/#primaryimage"},"thumbnailUrl":"https:\/\/www.ortungsgerate.de\/wp-content\/uploads\/powerbank-slapta-stebejimo-kamera-5000mah-naktinis-matymas.jpg","datePublished":"2024-02-06T19:36:37+00:00","dateModified":"2025-11-26T17:01:36+00:00","description":"Versteckte \u00dcberwachungskamera getarnt als POWERBANK, leistungsstarker 5000mAh-Akku. Verf\u00fcgt \u00fcber Nachtsicht-Aufnahmefunktion Gro\u00dfe Auswahl an versteckten Kameras Kostenloser Versand","breadcrumb":{"@id":"https:\/\/www.ortungsgerate.de\/12-versteckte-kameras\/17-getarnte-kameras\/powerbank-verdeckte-ueberwachungskamera-5000mah-nachtsicht\/#breadcrumb"},"inLanguage":"ru-RU","potentialAction":[{"@type":"ReadAction","target":["https:\/\/www.ortungsgerate.de\/12-versteckte-kameras\/17-getarnte-kameras\/powerbank-verdeckte-ueberwachungskamera-5000mah-nachtsicht\/"]}]},{"@type":"ImageObject","inLanguage":"ru-RU","@id":"https:\/\/www.ortungsgerate.de\/12-versteckte-kameras\/17-getarnte-kameras\/powerbank-verdeckte-ueberwachungskamera-5000mah-nachtsicht\/#primaryimage","url":"https:\/\/www.ortungsgerate.de\/wp-content\/uploads\/powerbank-slapta-stebejimo-kamera-5000mah-naktinis-matymas.jpg","contentUrl":"https:\/\/www.ortungsgerate.de\/wp-content\/uploads\/powerbank-slapta-stebejimo-kamera-5000mah-naktinis-matymas.jpg","width":512,"height":410,"caption":"Versteckte Kamera POWERBANK"},{"@type":"BreadcrumbList","@id":"https:\/\/www.ortungsgerate.de\/12-versteckte-kameras\/17-getarnte-kameras\/powerbank-verdeckte-ueberwachungskamera-5000mah-nachtsicht\/#breadcrumb","itemListElement":[{"@type":"ListItem","position":1,"name":"Startseite","item":"https:\/\/www.ortungsgerate.de\/"},{"@type":"ListItem","position":2,"name":"Shop","item":"https:\/\/www.ortungsgerate.de\/shop\/"},{"@type":"ListItem","position":3,"name":"PowerBank verdeckte \u00dcberwachungskamera 5000mAh (Nachtsicht)"}]},{"@type":"WebSite","@id":"https:\/\/www.ortungsgerate.de\/#website","url":"https:\/\/www.ortungsgerate.de\/","name":"Ortungsgerate.de","description":"","publisher":{"@id":"https:\/\/www.ortungsgerate.de\/#organization"},"potentialAction":[{"@type":"SearchAction","target":{"@type":"EntryPoint","urlTemplate":"https:\/\/www.ortungsgerate.de\/?s={search_term_string}"},"query-input":{"@type":"PropertyValueSpecification","valueRequired":true,"valueName":"search_term_string"}}],"inLanguage":"ru-RU"},{"@type":"Organization","@id":"https:\/\/www.ortungsgerate.de\/#organization","name":"Ortungsgerate.de","url":"https:\/\/www.ortungsgerate.de\/","logo":{"@type":"ImageObject","inLanguage":"ru-RU","@id":"https:\/\/www.ortungsgerate.de\/#\/schema\/logo\/image\/","url":"https:\/\/www.ortungsgerate.de\/wp-content\/uploads\/ortungsgerate.png","contentUrl":"https:\/\/www.ortungsgerate.de\/wp-content\/uploads\/ortungsgerate.png","width":500,"height":135,"caption":"Ortungsgerate.de"},"image":{"@id":"https:\/\/www.ortungsgerate.de\/#\/schema\/logo\/image\/"}}]}},"_links":{"self":[{"href":"https:\/\/www.ortungsgerate.de\/ru\/wp-json\/wp\/v2\/product\/16515","targetHints":{"allow":["GET"]}}],"collection":[{"href":"https:\/\/www.ortungsgerate.de\/ru\/wp-json\/wp\/v2\/product"}],"about":[{"href":"https:\/\/www.ortungsgerate.de\/ru\/wp-json\/wp\/v2\/types\/product"}],"version-history":[{"count":0,"href":"https:\/\/www.ortungsgerate.de\/ru\/wp-json\/wp\/v2\/product\/16515\/revisions"}],"wp:featuredmedia":[{"embeddable":true,"href":"https:\/\/www.ortungsgerate.de\/ru\/wp-json\/wp\/v2\/media\/1482"}],"wp:attachment":[{"href":"https:\/\/www.ortungsgerate.de\/ru\/wp-json\/wp\/v2\/media?parent=16515"}],"wp:term":[{"taxonomy":"brand","embeddable":true,"href":"https:\/\/www.ortungsgerate.de\/ru\/wp-json\/wp\/v2\/etheme_brands?post=16515"},{"taxonomy":"product_brand","embeddable":true,"href":"https:\/\/www.ortungsgerate.de\/ru\/wp-json\/wp\/v2\/product_brand?post=16515"},{"taxonomy":"product_cat","embeddable":true,"href":"https:\/\/www.ortungsgerate.de\/ru\/wp-json\/wp\/v2\/product_cat?post=16515"},{"taxonomy":"product_tag","embeddable":true,"href":"https:\/\/www.ortungsgerate.de\/ru\/wp-json\/wp\/v2\/product_tag?post=16515"}],"curies":[{"name":"wp","href":"https:\/\/api.w.org\/{rel}","templated":true}]}}