{"id":16516,"date":"2022-03-02T22:41:28","date_gmt":"2022-03-02T20:41:28","guid":{"rendered":"https:\/\/ortungsgerate.de\/be-kategorijos\/pultelis-su-imontuotu-diktofonu-aktyvuojasi-nuo-balso-8gb-veikia-48val\/"},"modified":"2025-11-26T19:01:36","modified_gmt":"2025-11-26T17:01:36","slug":"pult-distantsionnogo-upravleniya-s-vstroennym-diktofonom-aktiviruemyy-golosom-8-gb-rabotaet-48-chasov","status":"publish","type":"product","link":"https:\/\/www.ortungsgerate.de\/ru\/13-diktofony-2\/pult-distantsionnogo-upravleniya-s-vstroennym-diktofonom-aktiviruemyy-golosom-8-gb-rabotaet-48-chasov\/","title":{"rendered":"\u041f\u0443\u043b\u044c\u0442 \u0434\u0438\u0441\u0442\u0430\u043d\u0446\u0438\u043e\u043d\u043d\u043e\u0433\u043e \u0443\u043f\u0440\u0430\u0432\u043b\u0435\u043d\u0438\u044f \u0441 \u0432\u0441\u0442\u0440\u043e\u0435\u043d\u043d\u044b\u043c \u0434\u0438\u043a\u0442\u043e\u0444\u043e\u043d\u043e\u043c, \u0430\u043a\u0442\u0438\u0432\u0438\u0440\u0443\u0435\u043c\u044b\u0439 \u0433\u043e\u043b\u043e\u0441\u043e\u043c, 8 \u0413\u0411, \u0440\u0430\u0431\u043e\u0442\u0430\u0435\u0442 48 \u0447\u0430\u0441\u043e\u0432"},"content":{"rendered":"<h3>TECHNISCHE PARAMETER<\/h3>\n<ul>\n<li>Reichweite: ca. 8 m \u2013 15 m<\/li>\n<li>\u041d\u0435 \u0438\u0437\u0434\u0430\u0435\u0442 \u043d\u0438\u043a\u0430\u043a\u0438\u0445 \u0437\u0432\u0443\u043a\u043e\u0432<\/li>\n<li>Aufnahmequalit\u00e4t: 192 kbps<\/li>\n<li>Aufnahme wird ab 45 dB Schallpegel aktiviert<\/li>\n<li>Interner Speicher: 8 GB<\/li>\n<li>Betriebsdauer: ca. 48 Stunden<\/li>\n<li>Spracherkennungsfunktion: JA<\/li>\n<li>\u0424\u043e\u0440\u043c\u0430\u0442 \u0437\u0430\u043f\u0438\u0441\u0438: WAV<\/li>\n<li>Akkukapazit\u00e4t: 220 mAh<\/li>\n<li>System: Windows \/ MacOS<\/li>\n<li>Ger\u00e4tegr\u00f6\u00dfe: 45 mm x 16 mm<\/li>\n<li>Gewicht: 18 g<\/li>\n<li><strong>\u0413\u0410\u0420\u0410\u041d\u0422\u0418\u042f 12 \u043c\u0435\u0441\u044f\u0446\u0435\u0432<\/strong><\/li>\n<\/ul>\n<p><span style=\"color: #d0121a;\"><strong> (auch an Wochenenden)  <\/strong><\/span><\/p>\n<p>Verwendung: Zum Schutz Ihrer selbst und Ihrer Kinder.<\/p>\n<p><strong>Verwenden Sie den Recorder genau dann, wenn Sie ihn brauchen<\/strong><\/p>\n<p>Es ist selbstverst\u00e4ndlich, dass jeder von uns seine Schl\u00fcssel bei sich tr\u00e4gt, daher ist ein Schl\u00fcsselanh\u00e4nger mit verstecktem Recorder ebenfalls immer griffbereit. Sie k\u00f6nnen den Recorder sowohl dann nutzen, wenn Sie es im Voraus planen, als auch in Situationen, in denen Gespr\u00e4che v\u00f6llig unerwartet aufgezeichnet werden m\u00fcssen. Wenn Menschen wissen, dass ihre Gespr\u00e4che aufgezeichnet werden, verhalten sie sich nie so, wie sie es gewohnt sind; ganz anders ist es jedoch, wenn ein verdecktes Ger\u00e4t verwendet wird, das dabei helfen kann, die gew\u00fcnschte Information zu sammeln. Optisch unterscheidet sich der Schl\u00fcsselanh\u00e4nger mit Recorder in keiner Weise von anderen h\u00e4ufig verwendeten Schl\u00fcsselaccessoires, weshalb ein solches Ger\u00e4t keinerlei Verdacht erregt.<\/p>\n<p><b>Wird mit einem Tastendruck eingeschaltet<\/b><\/p>","protected":false},"excerpt":{"rendered":"<p>TECHNISCHE PARAMETER Reichweite: ca. 8 m &#8211; 15 m Gibt keinerlei Ger\u00e4usche von sich Aufnahmequalit\u00e4t: 192 kbps Aufnahme wird ab 45 dB Schallpegel aktiviert Interner&#8230;<\/p>","protected":false},"featured_media":1895,"template":"","meta":[],"etheme_brands":[],"product_brand":[],"product_cat":[207],"product_tag":[709,757],"class_list":{"0":"post-16516","1":"product","2":"type-product","3":"status-publish","4":"has-post-thumbnail","6":"product_cat-13-diktiergeraete","7":"product_tag-gespraechsaufzeichnung","8":"product_tag-professioneller-diktiergeraet","9":"pa_typ-anhaenger","11":"first","12":"instock","13":"taxable","14":"shipping-taxable","15":"purchasable","16":"product-type-simple"},"yoast_head":"<!-- This site is optimized with the Yoast SEO Premium plugin v25.9 (Yoast SEO v27.4) - https:\/\/yoast.com\/product\/yoast-seo-premium-wordpress\/ -->\n<title>Fernbedienung mit integriertem geheimen Diktierger\u00e4t, sprachaktiviert, 48 Std.<\/title>\n<meta name=\"description\" content=\"Schl\u00fcsselanh\u00e4nger mit integriertem verstecktem Diktierger\u00e4t, kann ger\u00e4uschaktiviert aufzeichnen. Hohe Tonqualit\u00e4t, Aufnahme ohne Aufladen bis zu 48 Stunden, 8 GB Speicher reichen f\u00fcr bis zu 14 Tage\" \/>\n<meta name=\"robots\" content=\"index, follow, max-snippet:-1, max-image-preview:large, max-video-preview:-1\" \/>\n<link rel=\"canonical\" href=\"https:\/\/www.ortungsgerate.de\/ru\/13-diktofony-2\/pult-distantsionnogo-upravleniya-s-vstroennym-diktofonom-aktiviruemyy-golosom-8-gb-rabotaet-48-chasov\/\" \/>\n<meta property=\"og:locale\" content=\"ru_RU\" \/>\n<meta property=\"og:type\" content=\"article\" \/>\n<meta property=\"og:title\" content=\"Fernbedienung mit eingebautem Diktierger\u00e4t, sprachaktiviert, 8 GB, funktioniert 48 Std\" \/>\n<meta property=\"og:description\" content=\"Schl\u00fcsselanh\u00e4nger mit integriertem verstecktem Diktierger\u00e4t, kann ger\u00e4uschaktiviert aufzeichnen. Hohe Tonqualit\u00e4t, Aufnahme ohne Aufladen bis zu 48 Stunden, 8 GB Speicher reichen f\u00fcr bis zu 14 Tage\" \/>\n<meta property=\"og:url\" content=\"https:\/\/www.ortungsgerate.de\/ru\/13-diktofony-2\/pult-distantsionnogo-upravleniya-s-vstroennym-diktofonom-aktiviruemyy-golosom-8-gb-rabotaet-48-chasov\/\" \/>\n<meta property=\"og:site_name\" content=\"Ortungsger\u00e4te.de\" \/>\n<meta property=\"article:modified_time\" content=\"2025-11-26T17:01:36+00:00\" \/>\n<meta property=\"og:image\" content=\"https:\/\/www.ortungsgerate.de\/wp-content\/uploads\/pultelis-su-imontuotu-diktofonu-aktyvuojasi-nuo-balso-8gb-veikia-48val.jpg\" \/>\n\t<meta property=\"og:image:width\" content=\"417\" \/>\n\t<meta property=\"og:image:height\" content=\"418\" \/>\n\t<meta property=\"og:image:type\" content=\"image\/jpeg\" \/>\n<meta name=\"twitter:card\" content=\"summary_large_image\" \/>\n<meta name=\"twitter:label1\" content=\"\u041f\u0440\u0438\u043c\u0435\u0440\u043d\u043e\u0435 \u0432\u0440\u0435\u043c\u044f \u0434\u043b\u044f \u0447\u0442\u0435\u043d\u0438\u044f\" \/>\n\t<meta name=\"twitter:data1\" content=\"2 \u043c\u0438\u043d\u0443\u0442\u044b\" \/>\n<script type=\"application\/ld+json\" class=\"yoast-schema-graph\">{\"@context\":\"https:\\\/\\\/schema.org\",\"@graph\":[{\"@type\":\"WebPage\",\"@id\":\"https:\\\/\\\/www.ortungsgerate.de\\\/13-diktiergeraete\\\/fernbedienung-mit-eingebautem-diktiergeraet-sprachaktiviert-8-gb-funktioniert-48-std\\\/\",\"url\":\"https:\\\/\\\/www.ortungsgerate.de\\\/13-diktiergeraete\\\/fernbedienung-mit-eingebautem-diktiergeraet-sprachaktiviert-8-gb-funktioniert-48-std\\\/\",\"name\":\"Fernbedienung mit integriertem geheimen Diktierger\u00e4t, sprachaktiviert, 48 Std.\",\"isPartOf\":{\"@id\":\"https:\\\/\\\/www.ortungsgerate.de\\\/#website\"},\"primaryImageOfPage\":{\"@id\":\"https:\\\/\\\/www.ortungsgerate.de\\\/13-diktiergeraete\\\/fernbedienung-mit-eingebautem-diktiergeraet-sprachaktiviert-8-gb-funktioniert-48-std\\\/#primaryimage\"},\"image\":{\"@id\":\"https:\\\/\\\/www.ortungsgerate.de\\\/13-diktiergeraete\\\/fernbedienung-mit-eingebautem-diktiergeraet-sprachaktiviert-8-gb-funktioniert-48-std\\\/#primaryimage\"},\"thumbnailUrl\":\"https:\\\/\\\/www.ortungsgerate.de\\\/wp-content\\\/uploads\\\/pultelis-su-imontuotu-diktofonu-aktyvuojasi-nuo-balso-8gb-veikia-48val.jpg\",\"datePublished\":\"2022-03-02T20:41:28+00:00\",\"dateModified\":\"2025-11-26T17:01:36+00:00\",\"description\":\"Schl\u00fcsselanh\u00e4nger mit integriertem verstecktem Diktierger\u00e4t, kann ger\u00e4uschaktiviert aufzeichnen. Hohe Tonqualit\u00e4t, Aufnahme ohne Aufladen bis zu 48 Stunden, 8 GB Speicher reichen f\u00fcr bis zu 14 Tage\",\"breadcrumb\":{\"@id\":\"https:\\\/\\\/www.ortungsgerate.de\\\/13-diktiergeraete\\\/fernbedienung-mit-eingebautem-diktiergeraet-sprachaktiviert-8-gb-funktioniert-48-std\\\/#breadcrumb\"},\"inLanguage\":\"ru-RU\",\"potentialAction\":[{\"@type\":\"ReadAction\",\"target\":[\"https:\\\/\\\/www.ortungsgerate.de\\\/13-diktiergeraete\\\/fernbedienung-mit-eingebautem-diktiergeraet-sprachaktiviert-8-gb-funktioniert-48-std\\\/\"]}]},{\"@type\":\"ImageObject\",\"inLanguage\":\"ru-RU\",\"@id\":\"https:\\\/\\\/www.ortungsgerate.de\\\/13-diktiergeraete\\\/fernbedienung-mit-eingebautem-diktiergeraet-sprachaktiviert-8-gb-funktioniert-48-std\\\/#primaryimage\",\"url\":\"https:\\\/\\\/www.ortungsgerate.de\\\/wp-content\\\/uploads\\\/pultelis-su-imontuotu-diktofonu-aktyvuojasi-nuo-balso-8gb-veikia-48val.jpg\",\"contentUrl\":\"https:\\\/\\\/www.ortungsgerate.de\\\/wp-content\\\/uploads\\\/pultelis-su-imontuotu-diktofonu-aktyvuojasi-nuo-balso-8gb-veikia-48val.jpg\",\"width\":417,\"height\":418,\"caption\":\"Versteckte Fernbedienung mit getarntem Diktierger\u00e4t\"},{\"@type\":\"BreadcrumbList\",\"@id\":\"https:\\\/\\\/www.ortungsgerate.de\\\/13-diktiergeraete\\\/fernbedienung-mit-eingebautem-diktiergeraet-sprachaktiviert-8-gb-funktioniert-48-std\\\/#breadcrumb\",\"itemListElement\":[{\"@type\":\"ListItem\",\"position\":1,\"name\":\"Startseite\",\"item\":\"https:\\\/\\\/www.ortungsgerate.de\\\/\"},{\"@type\":\"ListItem\",\"position\":2,\"name\":\"Shop\",\"item\":\"https:\\\/\\\/www.ortungsgerate.de\\\/shop\\\/\"},{\"@type\":\"ListItem\",\"position\":3,\"name\":\"Fernbedienung mit eingebautem Diktierger\u00e4t, sprachaktiviert, 8 GB, funktioniert 48 Std\"}]},{\"@type\":\"WebSite\",\"@id\":\"https:\\\/\\\/www.ortungsgerate.de\\\/#website\",\"url\":\"https:\\\/\\\/www.ortungsgerate.de\\\/\",\"name\":\"Ortungsgerate.de\",\"description\":\"\",\"publisher\":{\"@id\":\"https:\\\/\\\/www.ortungsgerate.de\\\/#organization\"},\"potentialAction\":[{\"@type\":\"SearchAction\",\"target\":{\"@type\":\"EntryPoint\",\"urlTemplate\":\"https:\\\/\\\/www.ortungsgerate.de\\\/?s={search_term_string}\"},\"query-input\":{\"@type\":\"PropertyValueSpecification\",\"valueRequired\":true,\"valueName\":\"search_term_string\"}}],\"inLanguage\":\"ru-RU\"},{\"@type\":\"Organization\",\"@id\":\"https:\\\/\\\/www.ortungsgerate.de\\\/#organization\",\"name\":\"Ortungsgerate.de\",\"url\":\"https:\\\/\\\/www.ortungsgerate.de\\\/\",\"logo\":{\"@type\":\"ImageObject\",\"inLanguage\":\"ru-RU\",\"@id\":\"https:\\\/\\\/www.ortungsgerate.de\\\/#\\\/schema\\\/logo\\\/image\\\/\",\"url\":\"https:\\\/\\\/www.ortungsgerate.de\\\/wp-content\\\/uploads\\\/ortungsgerate.png\",\"contentUrl\":\"https:\\\/\\\/www.ortungsgerate.de\\\/wp-content\\\/uploads\\\/ortungsgerate.png\",\"width\":500,\"height\":135,\"caption\":\"Ortungsgerate.de\"},\"image\":{\"@id\":\"https:\\\/\\\/www.ortungsgerate.de\\\/#\\\/schema\\\/logo\\\/image\\\/\"}}]}<\/script>\n<!-- \/ Yoast SEO Premium plugin. -->","yoast_head_json":{"title":"Fernbedienung mit integriertem geheimen Diktierger\u00e4t, sprachaktiviert, 48 Std.","description":"Schl\u00fcsselanh\u00e4nger mit integriertem verstecktem Diktierger\u00e4t, kann ger\u00e4uschaktiviert aufzeichnen. Hohe Tonqualit\u00e4t, Aufnahme ohne Aufladen bis zu 48 Stunden, 8 GB Speicher reichen f\u00fcr bis zu 14 Tage","robots":{"index":"index","follow":"follow","max-snippet":"max-snippet:-1","max-image-preview":"max-image-preview:large","max-video-preview":"max-video-preview:-1"},"canonical":"https:\/\/www.ortungsgerate.de\/ru\/13-diktofony-2\/pult-distantsionnogo-upravleniya-s-vstroennym-diktofonom-aktiviruemyy-golosom-8-gb-rabotaet-48-chasov\/","og_locale":"ru_RU","og_type":"article","og_title":"Fernbedienung mit eingebautem Diktierger\u00e4t, sprachaktiviert, 8 GB, funktioniert 48 Std","og_description":"Schl\u00fcsselanh\u00e4nger mit integriertem verstecktem Diktierger\u00e4t, kann ger\u00e4uschaktiviert aufzeichnen. Hohe Tonqualit\u00e4t, Aufnahme ohne Aufladen bis zu 48 Stunden, 8 GB Speicher reichen f\u00fcr bis zu 14 Tage","og_url":"https:\/\/www.ortungsgerate.de\/ru\/13-diktofony-2\/pult-distantsionnogo-upravleniya-s-vstroennym-diktofonom-aktiviruemyy-golosom-8-gb-rabotaet-48-chasov\/","og_site_name":"Ortungsger\u00e4te.de","article_modified_time":"2025-11-26T17:01:36+00:00","og_image":[{"width":417,"height":418,"url":"https:\/\/www.ortungsgerate.de\/wp-content\/uploads\/pultelis-su-imontuotu-diktofonu-aktyvuojasi-nuo-balso-8gb-veikia-48val.jpg","type":"image\/jpeg"}],"twitter_card":"summary_large_image","twitter_misc":{"\u041f\u0440\u0438\u043c\u0435\u0440\u043d\u043e\u0435 \u0432\u0440\u0435\u043c\u044f \u0434\u043b\u044f \u0447\u0442\u0435\u043d\u0438\u044f":"2 \u043c\u0438\u043d\u0443\u0442\u044b"},"schema":{"@context":"https:\/\/schema.org","@graph":[{"@type":"WebPage","@id":"https:\/\/www.ortungsgerate.de\/13-diktiergeraete\/fernbedienung-mit-eingebautem-diktiergeraet-sprachaktiviert-8-gb-funktioniert-48-std\/","url":"https:\/\/www.ortungsgerate.de\/13-diktiergeraete\/fernbedienung-mit-eingebautem-diktiergeraet-sprachaktiviert-8-gb-funktioniert-48-std\/","name":"Fernbedienung mit integriertem geheimen Diktierger\u00e4t, sprachaktiviert, 48 Std.","isPartOf":{"@id":"https:\/\/www.ortungsgerate.de\/#website"},"primaryImageOfPage":{"@id":"https:\/\/www.ortungsgerate.de\/13-diktiergeraete\/fernbedienung-mit-eingebautem-diktiergeraet-sprachaktiviert-8-gb-funktioniert-48-std\/#primaryimage"},"image":{"@id":"https:\/\/www.ortungsgerate.de\/13-diktiergeraete\/fernbedienung-mit-eingebautem-diktiergeraet-sprachaktiviert-8-gb-funktioniert-48-std\/#primaryimage"},"thumbnailUrl":"https:\/\/www.ortungsgerate.de\/wp-content\/uploads\/pultelis-su-imontuotu-diktofonu-aktyvuojasi-nuo-balso-8gb-veikia-48val.jpg","datePublished":"2022-03-02T20:41:28+00:00","dateModified":"2025-11-26T17:01:36+00:00","description":"Schl\u00fcsselanh\u00e4nger mit integriertem verstecktem Diktierger\u00e4t, kann ger\u00e4uschaktiviert aufzeichnen. Hohe Tonqualit\u00e4t, Aufnahme ohne Aufladen bis zu 48 Stunden, 8 GB Speicher reichen f\u00fcr bis zu 14 Tage","breadcrumb":{"@id":"https:\/\/www.ortungsgerate.de\/13-diktiergeraete\/fernbedienung-mit-eingebautem-diktiergeraet-sprachaktiviert-8-gb-funktioniert-48-std\/#breadcrumb"},"inLanguage":"ru-RU","potentialAction":[{"@type":"ReadAction","target":["https:\/\/www.ortungsgerate.de\/13-diktiergeraete\/fernbedienung-mit-eingebautem-diktiergeraet-sprachaktiviert-8-gb-funktioniert-48-std\/"]}]},{"@type":"ImageObject","inLanguage":"ru-RU","@id":"https:\/\/www.ortungsgerate.de\/13-diktiergeraete\/fernbedienung-mit-eingebautem-diktiergeraet-sprachaktiviert-8-gb-funktioniert-48-std\/#primaryimage","url":"https:\/\/www.ortungsgerate.de\/wp-content\/uploads\/pultelis-su-imontuotu-diktofonu-aktyvuojasi-nuo-balso-8gb-veikia-48val.jpg","contentUrl":"https:\/\/www.ortungsgerate.de\/wp-content\/uploads\/pultelis-su-imontuotu-diktofonu-aktyvuojasi-nuo-balso-8gb-veikia-48val.jpg","width":417,"height":418,"caption":"Versteckte Fernbedienung mit getarntem Diktierger\u00e4t"},{"@type":"BreadcrumbList","@id":"https:\/\/www.ortungsgerate.de\/13-diktiergeraete\/fernbedienung-mit-eingebautem-diktiergeraet-sprachaktiviert-8-gb-funktioniert-48-std\/#breadcrumb","itemListElement":[{"@type":"ListItem","position":1,"name":"Startseite","item":"https:\/\/www.ortungsgerate.de\/"},{"@type":"ListItem","position":2,"name":"Shop","item":"https:\/\/www.ortungsgerate.de\/shop\/"},{"@type":"ListItem","position":3,"name":"Fernbedienung mit eingebautem Diktierger\u00e4t, sprachaktiviert, 8 GB, funktioniert 48 Std"}]},{"@type":"WebSite","@id":"https:\/\/www.ortungsgerate.de\/#website","url":"https:\/\/www.ortungsgerate.de\/","name":"Ortungsgerate.de","description":"","publisher":{"@id":"https:\/\/www.ortungsgerate.de\/#organization"},"potentialAction":[{"@type":"SearchAction","target":{"@type":"EntryPoint","urlTemplate":"https:\/\/www.ortungsgerate.de\/?s={search_term_string}"},"query-input":{"@type":"PropertyValueSpecification","valueRequired":true,"valueName":"search_term_string"}}],"inLanguage":"ru-RU"},{"@type":"Organization","@id":"https:\/\/www.ortungsgerate.de\/#organization","name":"Ortungsgerate.de","url":"https:\/\/www.ortungsgerate.de\/","logo":{"@type":"ImageObject","inLanguage":"ru-RU","@id":"https:\/\/www.ortungsgerate.de\/#\/schema\/logo\/image\/","url":"https:\/\/www.ortungsgerate.de\/wp-content\/uploads\/ortungsgerate.png","contentUrl":"https:\/\/www.ortungsgerate.de\/wp-content\/uploads\/ortungsgerate.png","width":500,"height":135,"caption":"Ortungsgerate.de"},"image":{"@id":"https:\/\/www.ortungsgerate.de\/#\/schema\/logo\/image\/"}}]}},"_links":{"self":[{"href":"https:\/\/www.ortungsgerate.de\/ru\/wp-json\/wp\/v2\/product\/16516","targetHints":{"allow":["GET"]}}],"collection":[{"href":"https:\/\/www.ortungsgerate.de\/ru\/wp-json\/wp\/v2\/product"}],"about":[{"href":"https:\/\/www.ortungsgerate.de\/ru\/wp-json\/wp\/v2\/types\/product"}],"version-history":[{"count":0,"href":"https:\/\/www.ortungsgerate.de\/ru\/wp-json\/wp\/v2\/product\/16516\/revisions"}],"wp:featuredmedia":[{"embeddable":true,"href":"https:\/\/www.ortungsgerate.de\/ru\/wp-json\/wp\/v2\/media\/1895"}],"wp:attachment":[{"href":"https:\/\/www.ortungsgerate.de\/ru\/wp-json\/wp\/v2\/media?parent=16516"}],"wp:term":[{"taxonomy":"brand","embeddable":true,"href":"https:\/\/www.ortungsgerate.de\/ru\/wp-json\/wp\/v2\/etheme_brands?post=16516"},{"taxonomy":"product_brand","embeddable":true,"href":"https:\/\/www.ortungsgerate.de\/ru\/wp-json\/wp\/v2\/product_brand?post=16516"},{"taxonomy":"product_cat","embeddable":true,"href":"https:\/\/www.ortungsgerate.de\/ru\/wp-json\/wp\/v2\/product_cat?post=16516"},{"taxonomy":"product_tag","embeddable":true,"href":"https:\/\/www.ortungsgerate.de\/ru\/wp-json\/wp\/v2\/product_tag?post=16516"}],"curies":[{"name":"wp","href":"https:\/\/api.w.org\/{rel}","templated":true}]}}