{"id":16517,"date":"2025-03-02T22:41:29","date_gmt":"2025-03-02T20:41:29","guid":{"rendered":"https:\/\/ortungsgerate.de\/be-kategorijos\/wifi-kamera-ptz-5mpx-seka-stebima-objekta\/"},"modified":"2025-11-26T19:01:36","modified_gmt":"2025-11-26T17:01:36","slug":"wifi-kamera-ptz-5mpx-otslezhivaet-nablyudaemyy-obekt","status":"publish","type":"product","link":"https:\/\/www.ortungsgerate.de\/ru\/12-skrytyje-kamery\/27-wlan-mini-kamery\/wifi-kamera-ptz-5mpx-otslezhivaet-nablyudaemyy-obekt\/","title":{"rendered":"Wifi \u043a\u0430\u043c\u0435\u0440\u0430 PTZ 5mpx \u043e\u0442\u0441\u043b\u0435\u0436\u0438\u0432\u0430\u0435\u0442 \u043d\u0430\u0431\u043b\u044e\u0434\u0430\u0435\u043c\u044b\u0439 \u043e\u0431\u044a\u0435\u043a\u0442"},"content":{"rendered":"<h3><strong>\u0422\u0435\u0445\u043d\u0438\u0447\u0435\u0441\u043a\u0438\u0435 \u043f\u0430\u0440\u0430\u043c\u0435\u0442\u0440\u044b:<\/strong><\/h3>\n<ul>\n<li>\u0414\u0438\u0441\u0442\u0430\u043d\u0446\u0438\u043e\u043d\u043d\u043e\u0435 \u043d\u0430\u0431\u043b\u044e\u0434\u0435\u043d\u0438\u0435: \u0414\u0410<\/li>\n<li>Live-Audio h\u00f6ren<\/li>\n<li>Videos werden mit Ton aufgenommen<\/li>\n<li>Kabel der Kamera: 0,4 Meter<\/li>\n<li>Automatische Objekterkennung<\/li>\n<li>\u0418\u0437\u043e\u0431\u0440\u0430\u0436\u0435\u043d\u0438\u0435 \u0437\u0430\u043f\u0438\u0441\u044b\u0432\u0430\u0435\u0442\u0441\u044f \u0441\u043e \u0437\u0432\u0443\u043a\u043e\u043c<\/li>\n<li>Video-Zoom: 10-fach optisch<\/li>\n<li>Die Kamera kann ein Objekt verfolgen.<\/li>\n<li>\u041f\u043e\u0434\u0434\u0435\u0440\u0436\u0438\u0432\u0430\u0435\u0442 \u043a\u0430\u0440\u0442\u044b \u043f\u0430\u043c\u044f\u0442\u0438 \u0434\u043e 128 \u0413\u0411<\/li>\n<li>Kann an eine dauerhafte Stromversorgung angeschlossen werden<\/li>\n<li>Netzwerk: Verbindung zum WLAN-Netzwerk<\/li>\n<li>Nachtsicht: vorhanden<\/li>\n<li>Videoqualit\u00e4t: Vorschau: FULL HD1080P,<\/li>\n<li>Vorschau von Bildern m\u00f6glich: \u00fcber das Telefon<\/li>\n<li>Benachrichtigungen auf das Telefon: Vorhanden<\/li>\n<li>SIM-Kartensteckplatz: Vorhanden<\/li>\n<li>Bewegungserkennungsmodus: JA<\/li>\n<li>\u0423\u0433\u043e\u043b \u043e\u0431\u0437\u043e\u0440\u0430: 110 \u00b0<\/li>\n<li>\u0424\u043e\u0440\u043c\u0430\u0442 \u0441\u0436\u0430\u0442\u0438\u044f: AVI H.264<\/li>\n<li>\u041f\u043e\u0434\u0434\u0435\u0440\u0436\u0438\u0432\u0430\u0435\u043c\u044b\u0435 \u0441\u0438\u0441\u0442\u0435\u043c\u044b: \u201eiOS\u201c \u201eAndroid\u201c<\/li>\n<li>App f\u00fcr mobile Ger\u00e4te: Vorhanden<\/li>\n<li>Stromversorgungsarten: PPOE oder von einer Stromquelle (220V)<\/li>\n<li>\u0423\u043f\u0440\u0430\u0432\u043b\u0435\u043d\u0438\u0435 \u0437\u0430\u043f\u0438\u0441\u044c\u044e: \u0441 \u043b\u044e\u0431\u043e\u0433\u043e \u0443\u043c\u043d\u043e\u0433\u043e \u0443\u0441\u0442\u0440\u043e\u0439\u0441\u0442\u0432\u0430 (\u0442\u0435\u043b\u0435\u0444\u043e\u043d, \u043a\u043e\u043c\u043f\u044c\u044e\u0442\u0435\u0440 \u0438\u043b\u0438 \u043f\u043b\u0430\u043d\u0448\u0435\u0442).<\/li>\n<li>\u0413\u0430\u0440\u0430\u043d\u0442\u0438\u044f 12 \u043c\u0435\u0441\u044f\u0446\u0435\u0432<\/li>\n<\/ul>\n<p><span style=\"color: #d0121a;\"><\/span><\/p>\n<p>Diese Kamera eignet sich hervorragend f\u00fcr den Schutz von H\u00e4usern oder die \u00dcberwachung von Ferienh\u00e4usern, wo kein WLAN-Internet vorhanden ist. Die Kamera muss nur mit dem WLAN-Netzwerk verbunden werden, und Sie k\u00f6nnen das Bild live auf Ihrem Mobiltelefon \u00fcberwachen. Als PTZ-Kamera kann sie ein Objekt verfolgen &#8211; z.B. wenn jemand in Ihr Grundst\u00fcck eintritt und sich bewegt, wird diese Kamera sich drehen und das Objekt verfolgen. Nachtsicht bis zu 30 Meter. Robustes Kunststoffgeh\u00e4use, 6 LED-Beleuchtungsdioden. Auf dem Mobiltelefon erhalten Sie Benachrichtigungen, wenn jemand in Ihr Gebiet eintritt.<\/p>","protected":false},"excerpt":{"rendered":"<p>Technische\u00a0Parameter: Fern\u00fcberwachung: JA Live-Audio h\u00f6ren Videos werden mit Ton aufgenommen Kabel der Kamera: 0,4 Meter Automatische Objekterkennung Bild wird mit Ton aufgenommen Video-Zoom: 10-fach optisch&#8230;<\/p>","protected":false},"featured_media":2081,"template":"","meta":[],"etheme_brands":[],"product_brand":[],"product_cat":[224,203,205],"product_tag":[708,692,689,688,690,691,693],"class_list":{"0":"post-16517","1":"product","2":"type-product","3":"status-publish","4":"has-post-thumbnail","6":"product_cat-36-aussenkameras-4g-wlan","7":"product_cat-12-versteckte-kameras","8":"product_cat-27-wlan-minikameras","9":"product_tag-kamera-fuer-die-ueberwachung","10":"product_tag-schneidekamera","11":"product_tag-sicherheitskamera","12":"product_tag-tarnkappen-kamera","13":"product_tag-versteckte-kamera","14":"product_tag-versteckte-ueberwachungskamera","15":"product_tag-wlan-kamera","16":"pa_typ-jagd-outdoor","18":"first","19":"outofstock","20":"sale","21":"taxable","22":"shipping-taxable","23":"purchasable","24":"product-type-simple"},"yoast_head":"<!-- This site is optimized with the Yoast SEO Premium plugin v25.9 (Yoast SEO v27.4) - https:\/\/yoast.com\/product\/yoast-seo-premium-wordpress\/ -->\n<title>WIFI PTZ Kamera 5mpx SONY Objektiv -Sekimoiranga.lt<\/title>\n<meta name=\"description\" content=\"Einfach zu installierende \u00dcberwachungskamera. Kann Objekte automatisch verfolgen, 5MP Videoaufl\u00f6sung + Nachtsicht bis zu 30 Meter. Gro\u00dfe Auswahl an Kameras.\" \/>\n<meta name=\"robots\" content=\"index, follow, max-snippet:-1, max-image-preview:large, max-video-preview:-1\" \/>\n<link rel=\"canonical\" href=\"https:\/\/www.ortungsgerate.de\/ru\/12-skrytyje-kamery\/36-ulichnyje-kamery-4g-wlan\/wifi-kamera-ptz-5mpx-otslezhivaet-nablyudaemyy-obekt\/\" \/>\n<meta property=\"og:locale\" content=\"ru_RU\" \/>\n<meta property=\"og:type\" content=\"article\" \/>\n<meta property=\"og:title\" content=\"Wifi Kamera PTZ 5mpx verfolgt das beobachtete Objekt\" \/>\n<meta property=\"og:description\" content=\"Einfach zu installierende \u00dcberwachungskamera. Kann Objekte automatisch verfolgen, 5MP Videoaufl\u00f6sung + Nachtsicht bis zu 30 Meter. Gro\u00dfe Auswahl an Kameras.\" \/>\n<meta property=\"og:url\" content=\"https:\/\/www.ortungsgerate.de\/ru\/12-skrytyje-kamery\/36-ulichnyje-kamery-4g-wlan\/wifi-kamera-ptz-5mpx-otslezhivaet-nablyudaemyy-obekt\/\" \/>\n<meta property=\"og:site_name\" content=\"Ortungsger\u00e4te.de\" \/>\n<meta property=\"article:modified_time\" content=\"2025-11-26T17:01:36+00:00\" \/>\n<meta property=\"og:image\" content=\"https:\/\/www.ortungsgerate.de\/wp-content\/uploads\/wifi-kamera-ptz-5mpx-seka-stebima-objekta.jpg\" \/>\n\t<meta property=\"og:image:width\" content=\"768\" \/>\n\t<meta property=\"og:image:height\" content=\"768\" \/>\n\t<meta property=\"og:image:type\" content=\"image\/jpeg\" \/>\n<meta name=\"twitter:card\" content=\"summary_large_image\" \/>\n<meta name=\"twitter:label1\" content=\"\u041f\u0440\u0438\u043c\u0435\u0440\u043d\u043e\u0435 \u0432\u0440\u0435\u043c\u044f \u0434\u043b\u044f \u0447\u0442\u0435\u043d\u0438\u044f\" \/>\n\t<meta name=\"twitter:data1\" content=\"2 \u043c\u0438\u043d\u0443\u0442\u044b\" \/>\n<script type=\"application\/ld+json\" class=\"yoast-schema-graph\">{\"@context\":\"https:\\\/\\\/schema.org\",\"@graph\":[{\"@type\":\"WebPage\",\"@id\":\"https:\\\/\\\/www.ortungsgerate.de\\\/12-versteckte-kameras\\\/36-aussenkameras-4g-wlan\\\/wifi-kamera-ptz-5mpx-verfolgt-das-beobachtete-objekt\\\/\",\"url\":\"https:\\\/\\\/www.ortungsgerate.de\\\/12-versteckte-kameras\\\/36-aussenkameras-4g-wlan\\\/wifi-kamera-ptz-5mpx-verfolgt-das-beobachtete-objekt\\\/\",\"name\":\"WIFI PTZ Kamera 5mpx SONY Objektiv -Sekimoiranga.lt\",\"isPartOf\":{\"@id\":\"https:\\\/\\\/www.ortungsgerate.de\\\/#website\"},\"primaryImageOfPage\":{\"@id\":\"https:\\\/\\\/www.ortungsgerate.de\\\/12-versteckte-kameras\\\/36-aussenkameras-4g-wlan\\\/wifi-kamera-ptz-5mpx-verfolgt-das-beobachtete-objekt\\\/#primaryimage\"},\"image\":{\"@id\":\"https:\\\/\\\/www.ortungsgerate.de\\\/12-versteckte-kameras\\\/36-aussenkameras-4g-wlan\\\/wifi-kamera-ptz-5mpx-verfolgt-das-beobachtete-objekt\\\/#primaryimage\"},\"thumbnailUrl\":\"https:\\\/\\\/www.ortungsgerate.de\\\/wp-content\\\/uploads\\\/wifi-kamera-ptz-5mpx-seka-stebima-objekta.jpg\",\"datePublished\":\"2025-03-02T20:41:29+00:00\",\"dateModified\":\"2025-11-26T17:01:36+00:00\",\"description\":\"Einfach zu installierende \u00dcberwachungskamera. Kann Objekte automatisch verfolgen, 5MP Videoaufl\u00f6sung + Nachtsicht bis zu 30 Meter. Gro\u00dfe Auswahl an Kameras.\",\"breadcrumb\":{\"@id\":\"https:\\\/\\\/www.ortungsgerate.de\\\/12-versteckte-kameras\\\/36-aussenkameras-4g-wlan\\\/wifi-kamera-ptz-5mpx-verfolgt-das-beobachtete-objekt\\\/#breadcrumb\"},\"inLanguage\":\"ru-RU\",\"potentialAction\":[{\"@type\":\"ReadAction\",\"target\":[\"https:\\\/\\\/www.ortungsgerate.de\\\/12-versteckte-kameras\\\/36-aussenkameras-4g-wlan\\\/wifi-kamera-ptz-5mpx-verfolgt-das-beobachtete-objekt\\\/\"]}]},{\"@type\":\"ImageObject\",\"inLanguage\":\"ru-RU\",\"@id\":\"https:\\\/\\\/www.ortungsgerate.de\\\/12-versteckte-kameras\\\/36-aussenkameras-4g-wlan\\\/wifi-kamera-ptz-5mpx-verfolgt-das-beobachtete-objekt\\\/#primaryimage\",\"url\":\"https:\\\/\\\/www.ortungsgerate.de\\\/wp-content\\\/uploads\\\/wifi-kamera-ptz-5mpx-seka-stebima-objekta.jpg\",\"contentUrl\":\"https:\\\/\\\/www.ortungsgerate.de\\\/wp-content\\\/uploads\\\/wifi-kamera-ptz-5mpx-seka-stebima-objekta.jpg\",\"width\":768,\"height\":768,\"caption\":\"PTZ Kamera 5MPX Sony Objektiv\"},{\"@type\":\"BreadcrumbList\",\"@id\":\"https:\\\/\\\/www.ortungsgerate.de\\\/12-versteckte-kameras\\\/36-aussenkameras-4g-wlan\\\/wifi-kamera-ptz-5mpx-verfolgt-das-beobachtete-objekt\\\/#breadcrumb\",\"itemListElement\":[{\"@type\":\"ListItem\",\"position\":1,\"name\":\"Startseite\",\"item\":\"https:\\\/\\\/www.ortungsgerate.de\\\/\"},{\"@type\":\"ListItem\",\"position\":2,\"name\":\"Shop\",\"item\":\"https:\\\/\\\/www.ortungsgerate.de\\\/shop\\\/\"},{\"@type\":\"ListItem\",\"position\":3,\"name\":\"Wifi Kamera PTZ 5mpx verfolgt das beobachtete Objekt\"}]},{\"@type\":\"WebSite\",\"@id\":\"https:\\\/\\\/www.ortungsgerate.de\\\/#website\",\"url\":\"https:\\\/\\\/www.ortungsgerate.de\\\/\",\"name\":\"Ortungsgerate.de\",\"description\":\"\",\"publisher\":{\"@id\":\"https:\\\/\\\/www.ortungsgerate.de\\\/#organization\"},\"potentialAction\":[{\"@type\":\"SearchAction\",\"target\":{\"@type\":\"EntryPoint\",\"urlTemplate\":\"https:\\\/\\\/www.ortungsgerate.de\\\/?s={search_term_string}\"},\"query-input\":{\"@type\":\"PropertyValueSpecification\",\"valueRequired\":true,\"valueName\":\"search_term_string\"}}],\"inLanguage\":\"ru-RU\"},{\"@type\":\"Organization\",\"@id\":\"https:\\\/\\\/www.ortungsgerate.de\\\/#organization\",\"name\":\"Ortungsgerate.de\",\"url\":\"https:\\\/\\\/www.ortungsgerate.de\\\/\",\"logo\":{\"@type\":\"ImageObject\",\"inLanguage\":\"ru-RU\",\"@id\":\"https:\\\/\\\/www.ortungsgerate.de\\\/#\\\/schema\\\/logo\\\/image\\\/\",\"url\":\"https:\\\/\\\/www.ortungsgerate.de\\\/wp-content\\\/uploads\\\/ortungsgerate.png\",\"contentUrl\":\"https:\\\/\\\/www.ortungsgerate.de\\\/wp-content\\\/uploads\\\/ortungsgerate.png\",\"width\":500,\"height\":135,\"caption\":\"Ortungsgerate.de\"},\"image\":{\"@id\":\"https:\\\/\\\/www.ortungsgerate.de\\\/#\\\/schema\\\/logo\\\/image\\\/\"}}]}<\/script>\n<!-- \/ Yoast SEO Premium plugin. -->","yoast_head_json":{"title":"WIFI PTZ Kamera 5mpx SONY Objektiv -Sekimoiranga.lt","description":"Einfach zu installierende \u00dcberwachungskamera. Kann Objekte automatisch verfolgen, 5MP Videoaufl\u00f6sung + Nachtsicht bis zu 30 Meter. Gro\u00dfe Auswahl an Kameras.","robots":{"index":"index","follow":"follow","max-snippet":"max-snippet:-1","max-image-preview":"max-image-preview:large","max-video-preview":"max-video-preview:-1"},"canonical":"https:\/\/www.ortungsgerate.de\/ru\/12-skrytyje-kamery\/36-ulichnyje-kamery-4g-wlan\/wifi-kamera-ptz-5mpx-otslezhivaet-nablyudaemyy-obekt\/","og_locale":"ru_RU","og_type":"article","og_title":"Wifi Kamera PTZ 5mpx verfolgt das beobachtete Objekt","og_description":"Einfach zu installierende \u00dcberwachungskamera. Kann Objekte automatisch verfolgen, 5MP Videoaufl\u00f6sung + Nachtsicht bis zu 30 Meter. Gro\u00dfe Auswahl an Kameras.","og_url":"https:\/\/www.ortungsgerate.de\/ru\/12-skrytyje-kamery\/36-ulichnyje-kamery-4g-wlan\/wifi-kamera-ptz-5mpx-otslezhivaet-nablyudaemyy-obekt\/","og_site_name":"Ortungsger\u00e4te.de","article_modified_time":"2025-11-26T17:01:36+00:00","og_image":[{"width":768,"height":768,"url":"https:\/\/www.ortungsgerate.de\/wp-content\/uploads\/wifi-kamera-ptz-5mpx-seka-stebima-objekta.jpg","type":"image\/jpeg"}],"twitter_card":"summary_large_image","twitter_misc":{"\u041f\u0440\u0438\u043c\u0435\u0440\u043d\u043e\u0435 \u0432\u0440\u0435\u043c\u044f \u0434\u043b\u044f \u0447\u0442\u0435\u043d\u0438\u044f":"2 \u043c\u0438\u043d\u0443\u0442\u044b"},"schema":{"@context":"https:\/\/schema.org","@graph":[{"@type":"WebPage","@id":"https:\/\/www.ortungsgerate.de\/12-versteckte-kameras\/36-aussenkameras-4g-wlan\/wifi-kamera-ptz-5mpx-verfolgt-das-beobachtete-objekt\/","url":"https:\/\/www.ortungsgerate.de\/12-versteckte-kameras\/36-aussenkameras-4g-wlan\/wifi-kamera-ptz-5mpx-verfolgt-das-beobachtete-objekt\/","name":"WIFI PTZ Kamera 5mpx SONY Objektiv -Sekimoiranga.lt","isPartOf":{"@id":"https:\/\/www.ortungsgerate.de\/#website"},"primaryImageOfPage":{"@id":"https:\/\/www.ortungsgerate.de\/12-versteckte-kameras\/36-aussenkameras-4g-wlan\/wifi-kamera-ptz-5mpx-verfolgt-das-beobachtete-objekt\/#primaryimage"},"image":{"@id":"https:\/\/www.ortungsgerate.de\/12-versteckte-kameras\/36-aussenkameras-4g-wlan\/wifi-kamera-ptz-5mpx-verfolgt-das-beobachtete-objekt\/#primaryimage"},"thumbnailUrl":"https:\/\/www.ortungsgerate.de\/wp-content\/uploads\/wifi-kamera-ptz-5mpx-seka-stebima-objekta.jpg","datePublished":"2025-03-02T20:41:29+00:00","dateModified":"2025-11-26T17:01:36+00:00","description":"Einfach zu installierende \u00dcberwachungskamera. Kann Objekte automatisch verfolgen, 5MP Videoaufl\u00f6sung + Nachtsicht bis zu 30 Meter. Gro\u00dfe Auswahl an Kameras.","breadcrumb":{"@id":"https:\/\/www.ortungsgerate.de\/12-versteckte-kameras\/36-aussenkameras-4g-wlan\/wifi-kamera-ptz-5mpx-verfolgt-das-beobachtete-objekt\/#breadcrumb"},"inLanguage":"ru-RU","potentialAction":[{"@type":"ReadAction","target":["https:\/\/www.ortungsgerate.de\/12-versteckte-kameras\/36-aussenkameras-4g-wlan\/wifi-kamera-ptz-5mpx-verfolgt-das-beobachtete-objekt\/"]}]},{"@type":"ImageObject","inLanguage":"ru-RU","@id":"https:\/\/www.ortungsgerate.de\/12-versteckte-kameras\/36-aussenkameras-4g-wlan\/wifi-kamera-ptz-5mpx-verfolgt-das-beobachtete-objekt\/#primaryimage","url":"https:\/\/www.ortungsgerate.de\/wp-content\/uploads\/wifi-kamera-ptz-5mpx-seka-stebima-objekta.jpg","contentUrl":"https:\/\/www.ortungsgerate.de\/wp-content\/uploads\/wifi-kamera-ptz-5mpx-seka-stebima-objekta.jpg","width":768,"height":768,"caption":"PTZ Kamera 5MPX Sony Objektiv"},{"@type":"BreadcrumbList","@id":"https:\/\/www.ortungsgerate.de\/12-versteckte-kameras\/36-aussenkameras-4g-wlan\/wifi-kamera-ptz-5mpx-verfolgt-das-beobachtete-objekt\/#breadcrumb","itemListElement":[{"@type":"ListItem","position":1,"name":"Startseite","item":"https:\/\/www.ortungsgerate.de\/"},{"@type":"ListItem","position":2,"name":"Shop","item":"https:\/\/www.ortungsgerate.de\/shop\/"},{"@type":"ListItem","position":3,"name":"Wifi Kamera PTZ 5mpx verfolgt das beobachtete Objekt"}]},{"@type":"WebSite","@id":"https:\/\/www.ortungsgerate.de\/#website","url":"https:\/\/www.ortungsgerate.de\/","name":"Ortungsgerate.de","description":"","publisher":{"@id":"https:\/\/www.ortungsgerate.de\/#organization"},"potentialAction":[{"@type":"SearchAction","target":{"@type":"EntryPoint","urlTemplate":"https:\/\/www.ortungsgerate.de\/?s={search_term_string}"},"query-input":{"@type":"PropertyValueSpecification","valueRequired":true,"valueName":"search_term_string"}}],"inLanguage":"ru-RU"},{"@type":"Organization","@id":"https:\/\/www.ortungsgerate.de\/#organization","name":"Ortungsgerate.de","url":"https:\/\/www.ortungsgerate.de\/","logo":{"@type":"ImageObject","inLanguage":"ru-RU","@id":"https:\/\/www.ortungsgerate.de\/#\/schema\/logo\/image\/","url":"https:\/\/www.ortungsgerate.de\/wp-content\/uploads\/ortungsgerate.png","contentUrl":"https:\/\/www.ortungsgerate.de\/wp-content\/uploads\/ortungsgerate.png","width":500,"height":135,"caption":"Ortungsgerate.de"},"image":{"@id":"https:\/\/www.ortungsgerate.de\/#\/schema\/logo\/image\/"}}]}},"_links":{"self":[{"href":"https:\/\/www.ortungsgerate.de\/ru\/wp-json\/wp\/v2\/product\/16517","targetHints":{"allow":["GET"]}}],"collection":[{"href":"https:\/\/www.ortungsgerate.de\/ru\/wp-json\/wp\/v2\/product"}],"about":[{"href":"https:\/\/www.ortungsgerate.de\/ru\/wp-json\/wp\/v2\/types\/product"}],"version-history":[{"count":0,"href":"https:\/\/www.ortungsgerate.de\/ru\/wp-json\/wp\/v2\/product\/16517\/revisions"}],"wp:featuredmedia":[{"embeddable":true,"href":"https:\/\/www.ortungsgerate.de\/ru\/wp-json\/wp\/v2\/media\/2081"}],"wp:attachment":[{"href":"https:\/\/www.ortungsgerate.de\/ru\/wp-json\/wp\/v2\/media?parent=16517"}],"wp:term":[{"taxonomy":"brand","embeddable":true,"href":"https:\/\/www.ortungsgerate.de\/ru\/wp-json\/wp\/v2\/etheme_brands?post=16517"},{"taxonomy":"product_brand","embeddable":true,"href":"https:\/\/www.ortungsgerate.de\/ru\/wp-json\/wp\/v2\/product_brand?post=16517"},{"taxonomy":"product_cat","embeddable":true,"href":"https:\/\/www.ortungsgerate.de\/ru\/wp-json\/wp\/v2\/product_cat?post=16517"},{"taxonomy":"product_tag","embeddable":true,"href":"https:\/\/www.ortungsgerate.de\/ru\/wp-json\/wp\/v2\/product_tag?post=16517"}],"curies":[{"name":"wp","href":"https:\/\/api.w.org\/{rel}","templated":true}]}}