{"id":16519,"date":"2024-02-06T21:36:22","date_gmt":"2024-02-06T19:36:22","guid":{"rendered":"https:\/\/ortungsgerate.de\/be-kategorijos\/fm-pasiklausymo-blake-mini\/"},"modified":"2025-11-26T19:01:36","modified_gmt":"2025-11-26T17:01:36","slug":"fm-proslushivayuschee-ustroystvo-mini","status":"publish","type":"product","link":"https:\/\/www.ortungsgerate.de\/ru\/16-proslushivayushcheye-oborudovaniye-2\/20-rd-proslushivayushcheye-oborudovaniye\/fm-proslushivayuschee-ustroystvo-mini\/","title":{"rendered":"FM \u043f\u0440\u043e\u0441\u043b\u0443\u0448\u0438\u0432\u0430\u044e\u0449\u0435\u0435 \u0443\u0441\u0442\u0440\u043e\u0439\u0441\u0442\u0432\u043e MINI"},"content":{"rendered":"<h3><strong>\u0422\u0435\u0445\u043d\u0438\u0447\u0435\u0441\u043a\u0438\u0435 \u043f\u0430\u0440\u0430\u043c\u0435\u0442\u0440\u044b:<\/strong><\/h3>\n<\/p>\n<ul>\n<li>Frequenzbereich: 88-108 MHz (Standard 94,7 MHz)<\/li>\n<li>Entfernung zum Ger\u00e4t: bis zu 50 m im offenen Gel\u00e4nde, abh\u00e4ngig von der Leistung des Radioempf\u00e4ngers<\/li>\n<li>Stromversorgung: 1,5 V Batterie<\/li>\n<li>Kontinuierliche Betriebsdauer: ca. 30 Tage<\/li>\n<li>Sendeleistung: etwa 2 mW<\/li>\n<li>Lieferumfang: Abh\u00f6rger\u00e4t, Anleitung<\/li>\n<li><strong>\u0413\u0410\u0420\u0410\u041d\u0422\u0418\u042f 12 \u043c\u0435\u0441\u044f\u0446\u0435\u0432<\/strong><\/li>\n<\/ul>\n<p><span style=\"color:#d0121a;\"><strong>   <\/strong><\/span><\/p>\n<p>\u00a0<\/p>\n<p>Die unauff\u00e4llige und durch ihre besonders hohe Tonqualit\u00e4t \u00fcberzeugende Abh\u00f6rwanze NX-380 garantiert Vertraulichkeit in jeder Situation. Aufgrund der geringen Abmessungen l\u00e4sst sich dieses Ger\u00e4t problemlos tarnen, und die fortschrittliche Technologie sorgt daf\u00fcr, dass qualitativ hochwertiger Ton auch in einer Entfernung von bis zu 50 Metern von der Wanze abgeh\u00f6rt werden kann. Die mit diesem Modell \u00fcbermittelten Ger\u00e4usche k\u00f6nnen mit jedem Radioempf\u00e4nger geh\u00f6rt werden (erforderlich ist ein UKW-Radiofrequenzbereich).<\/p>\n<\/p>\n<p><strong>ACHTUNG<\/strong><\/p>\n<p><strong>Bitte beachten Sie, dass das Ger\u00e4t seine Funktionen nur im station\u00e4ren Betrieb ausf\u00fchrt (das eingeschaltete Abh\u00f6rger\u00e4t darf nicht bewegt werden).<\/strong> <strong>Ebenso wichtig ist es, das Ger\u00e4t nicht in der N\u00e4he anderer Elektroger\u00e4te zu befestigen.<\/strong><\/p>\n<\/p>\n<div class=\"iframe-container\"><iframe width=\"560\" height=\"315\" src=\"https:\/\/www.youtube.com\/embed\/o158t31wkUY\" frameborder=\"0\"><\/iframe><\/div>\n<div class=\"iframe-container\">\n<p><strong>UKW-Abh\u00f6rwanze MINI<\/strong><\/p>\n<p>Abh\u00f6rwanzen sind in verschiedenen Alltagssituationen n\u00fctzlich, wenn bestimmte vertrauliche Informationen beschafft werden sollen oder wenn man einfach herausfinden m\u00f6chte, ob bestimmte Personen wirklich ehrlich sind. Eine UKW-Abh\u00f6rwanze ist eine der beliebtesten Optionen, da die Nutzung eines solchen Ger\u00e4ts sehr einfach ist und der Preis dieses Ger\u00e4ts f\u00fcr viele erschwinglich ist. Ebenfalls vorteilhaft ist, dass eine kleine Wanze sehr leicht zu befestigen und zu verbergen ist. Wenn Sie also Ihre Zweifel ausr\u00e4umen m\u00f6chten, sollten Sie \u00fcber den Kauf eines solchen Ger\u00e4ts nachdenken.<\/p>\n<p>In den meisten F\u00e4llen werden UKW-Abh\u00f6rwanzen im B\u00fcro oder in anderen R\u00e4umlichkeiten installiert. Es ist wichtig zu wissen, dass diese UKW-Wanze nicht bewegt werden darf, daher sollte sie vorzugsweise an unbeweglichen Objekten befestigt werden. Ebenso wichtig ist es sicherzustellen, dass die Abh\u00f6rwanze in ausreichendem Abstand zu verschiedenen elektronischen Ger\u00e4ten angebracht wird. Diese Wanze ist sehr klein, sodass Sie sie ohne Schwierigkeiten verbergen k\u00f6nnen.<\/p>\n<p>Hochwertiger Ton kann in einer Entfernung von etwa 50 Metern \u00fcbertragen werden, sodass Sie in einem anderen Raum abh\u00f6ren k\u00f6nnen, was in der N\u00e4he geschieht. Der Frequenzbereich dieser Wanze liegt zwischen 88 und 108 MHz (Standard \u2013 94,7 MHz). Gespr\u00e4che oder andere Ger\u00e4usche k\u00f6nnen Sie mit jedem Radioempf\u00e4nger abh\u00f6ren \u2013 Sie m\u00fcssen lediglich die entsprechende Frequenz einstellen.<\/p>\n<p>Vorteilhaft ist auch, dass die Mini-Wanze \u00fcber einen langen Zeitraum hinweg ununterbrochen genutzt werden kann. Die kontinuierliche Betriebsdauer betr\u00e4gt etwa 30 Tage, sodass Sie in diesem Zeitraum mit Sicherheit f\u00fcr Sie n\u00fctzliche Informationen abh\u00f6ren k\u00f6nnen. Die Mini-Wanze kann sowohl zu Hause eingesetzt werden, wenn Sie sicherstellen m\u00f6chten, dass die Betreuungsperson korrekt mit den Kindern umgeht, als auch am Arbeitsplatz, wenn Sie sich vergewissern wollen, dass die Mitarbeiter wirklich ehrlich sind. Die Einsatzm\u00f6glichkeiten der Wanze sind sehr vielf\u00e4ltig, daher sollten Sie, wenn Sie Ihre Zweifel ausr\u00e4umen m\u00f6chten, \u00fcber den Kauf eines solchen Ger\u00e4ts nachdenken. Eine hochwertige Abh\u00f6rwanze wird zu einem sehr attraktiven Preis angeboten, daher lohnt es sich auf jeden Fall, gerade diese Option in Betracht zu ziehen.<\/p>\n<p>Zum Lieferumfang der Mini-Wanze geh\u00f6ren ein verdecktes Abh\u00f6rger\u00e4t und eine Bedienungsanleitung, die sicherstellt, dass Sie das Ger\u00e4t problemlos f\u00fcr das Abh\u00f6ren vorbereiten und selbstverst\u00e4ndlich alle seine M\u00f6glichkeiten aussch\u00f6pfen k\u00f6nnen. Lassen Sie nicht zu, dass Ungewissheit Ihnen keine Ruhe l\u00e4sst \u2013 erwerben Sie ein Abh\u00f6rger\u00e4t noch heute!<\/p>\n<\/div>","protected":false},"excerpt":{"rendered":"<p>Technische Parameter: Frequenzbereich: 88-108 MHz (Standard 94,7 MHz) Entfernung zum Ger\u00e4t: bis zu 50 m im offenen Gel\u00e4nde, abh\u00e4ngig von der Leistung des Radioempf\u00e4ngers Stromversorgung:&#8230;<\/p>","protected":false},"featured_media":1419,"template":"","meta":[],"etheme_brands":[],"product_brand":[],"product_cat":[208,212],"product_tag":[761,89],"class_list":{"0":"post-16519","1":"product","2":"type-product","3":"status-publish","4":"has-post-thumbnail","6":"product_cat-16-abhoergeraete","7":"product_cat-20-rd-abhoergeraete","8":"product_tag-funkfrequenzblocker","9":"product_tag-rd-die-wanze","10":"pa_typ-abhoerwanze","12":"first","13":"outofstock","14":"sale","15":"taxable","16":"shipping-taxable","17":"purchasable","18":"product-type-simple"},"yoast_head":"<!-- This site is optimized with the Yoast SEO Premium plugin v25.9 (Yoast SEO v27.4) - https:\/\/yoast.com\/product\/yoast-seo-premium-wordpress\/ -->\n<title>Abh\u00f6rwanze FM in besonders kleiner Gr\u00f6\u00dfe<\/title>\n<meta name=\"description\" content=\"Abh\u00f6rwanze mit besonders kleiner Gr\u00f6\u00dfe. Hervorragende Tonqualit\u00e4t in einer Entfernung von 50 m. Leicht zu verbergen, empfindliches Mikrofon. Abh\u00f6ren von Gespr\u00e4chen mit einem FM-Empf\u00e4nger\" \/>\n<meta name=\"robots\" content=\"index, follow, max-snippet:-1, max-image-preview:large, max-video-preview:-1\" \/>\n<link rel=\"canonical\" href=\"https:\/\/www.ortungsgerate.de\/ru\/16-proslushivayushcheye-oborudovaniye-2\/20-rd-proslushivayushcheye-oborudovaniye\/fm-proslushivayuschee-ustroystvo-mini\/\" \/>\n<meta property=\"og:locale\" content=\"ru_RU\" \/>\n<meta property=\"og:type\" content=\"article\" \/>\n<meta property=\"og:title\" content=\"FM Abh\u00f6rwanze MINI\" \/>\n<meta property=\"og:description\" content=\"Abh\u00f6rwanze mit besonders kleiner Gr\u00f6\u00dfe. Hervorragende Tonqualit\u00e4t in einer Entfernung von 50 m. Leicht zu verbergen, empfindliches Mikrofon. Abh\u00f6ren von Gespr\u00e4chen mit einem FM-Empf\u00e4nger\" \/>\n<meta property=\"og:url\" content=\"https:\/\/www.ortungsgerate.de\/ru\/16-proslushivayushcheye-oborudovaniye-2\/20-rd-proslushivayushcheye-oborudovaniye\/fm-proslushivayuschee-ustroystvo-mini\/\" \/>\n<meta property=\"og:site_name\" content=\"Ortungsger\u00e4te.de\" \/>\n<meta property=\"article:modified_time\" content=\"2025-11-26T17:01:36+00:00\" \/>\n<meta property=\"og:image\" content=\"https:\/\/www.ortungsgerate.de\/wp-content\/uploads\/fm-pasiklausymo-iranga-blake-mini.jpg\" \/>\n\t<meta property=\"og:image:width\" content=\"960\" \/>\n\t<meta property=\"og:image:height\" content=\"695\" \/>\n\t<meta property=\"og:image:type\" content=\"image\/jpeg\" \/>\n<meta name=\"twitter:card\" content=\"summary_large_image\" \/>\n<meta name=\"twitter:label1\" content=\"\u041f\u0440\u0438\u043c\u0435\u0440\u043d\u043e\u0435 \u0432\u0440\u0435\u043c\u044f \u0434\u043b\u044f \u0447\u0442\u0435\u043d\u0438\u044f\" \/>\n\t<meta name=\"twitter:data1\" content=\"3 \u043c\u0438\u043d\u0443\u0442\u044b\" \/>\n<script type=\"application\/ld+json\" class=\"yoast-schema-graph\">{\"@context\":\"https:\\\/\\\/schema.org\",\"@graph\":[{\"@type\":\"WebPage\",\"@id\":\"https:\\\/\\\/www.ortungsgerate.de\\\/16-abhoergeraete\\\/20-rd-abhoergeraete\\\/fm-abhoerwanze-mini\\\/\",\"url\":\"https:\\\/\\\/www.ortungsgerate.de\\\/16-abhoergeraete\\\/20-rd-abhoergeraete\\\/fm-abhoerwanze-mini\\\/\",\"name\":\"Abh\u00f6rwanze FM in besonders kleiner Gr\u00f6\u00dfe\",\"isPartOf\":{\"@id\":\"https:\\\/\\\/www.ortungsgerate.de\\\/#website\"},\"primaryImageOfPage\":{\"@id\":\"https:\\\/\\\/www.ortungsgerate.de\\\/16-abhoergeraete\\\/20-rd-abhoergeraete\\\/fm-abhoerwanze-mini\\\/#primaryimage\"},\"image\":{\"@id\":\"https:\\\/\\\/www.ortungsgerate.de\\\/16-abhoergeraete\\\/20-rd-abhoergeraete\\\/fm-abhoerwanze-mini\\\/#primaryimage\"},\"thumbnailUrl\":\"https:\\\/\\\/www.ortungsgerate.de\\\/wp-content\\\/uploads\\\/fm-pasiklausymo-iranga-blake-mini.jpg\",\"datePublished\":\"2024-02-06T19:36:22+00:00\",\"dateModified\":\"2025-11-26T17:01:36+00:00\",\"description\":\"Abh\u00f6rwanze mit besonders kleiner Gr\u00f6\u00dfe. Hervorragende Tonqualit\u00e4t in einer Entfernung von 50 m. Leicht zu verbergen, empfindliches Mikrofon. Abh\u00f6ren von Gespr\u00e4chen mit einem FM-Empf\u00e4nger\",\"breadcrumb\":{\"@id\":\"https:\\\/\\\/www.ortungsgerate.de\\\/16-abhoergeraete\\\/20-rd-abhoergeraete\\\/fm-abhoerwanze-mini\\\/#breadcrumb\"},\"inLanguage\":\"ru-RU\",\"potentialAction\":[{\"@type\":\"ReadAction\",\"target\":[\"https:\\\/\\\/www.ortungsgerate.de\\\/16-abhoergeraete\\\/20-rd-abhoergeraete\\\/fm-abhoerwanze-mini\\\/\"]}]},{\"@type\":\"ImageObject\",\"inLanguage\":\"ru-RU\",\"@id\":\"https:\\\/\\\/www.ortungsgerate.de\\\/16-abhoergeraete\\\/20-rd-abhoergeraete\\\/fm-abhoerwanze-mini\\\/#primaryimage\",\"url\":\"https:\\\/\\\/www.ortungsgerate.de\\\/wp-content\\\/uploads\\\/fm-pasiklausymo-iranga-blake-mini.jpg\",\"contentUrl\":\"https:\\\/\\\/www.ortungsgerate.de\\\/wp-content\\\/uploads\\\/fm-pasiklausymo-iranga-blake-mini.jpg\",\"width\":960,\"height\":695,\"caption\":\"Abh\u00f6rwanze FM\"},{\"@type\":\"BreadcrumbList\",\"@id\":\"https:\\\/\\\/www.ortungsgerate.de\\\/16-abhoergeraete\\\/20-rd-abhoergeraete\\\/fm-abhoerwanze-mini\\\/#breadcrumb\",\"itemListElement\":[{\"@type\":\"ListItem\",\"position\":1,\"name\":\"Startseite\",\"item\":\"https:\\\/\\\/www.ortungsgerate.de\\\/\"},{\"@type\":\"ListItem\",\"position\":2,\"name\":\"Shop\",\"item\":\"https:\\\/\\\/www.ortungsgerate.de\\\/shop\\\/\"},{\"@type\":\"ListItem\",\"position\":3,\"name\":\"FM Abh\u00f6rwanze MINI\"}]},{\"@type\":\"WebSite\",\"@id\":\"https:\\\/\\\/www.ortungsgerate.de\\\/#website\",\"url\":\"https:\\\/\\\/www.ortungsgerate.de\\\/\",\"name\":\"Ortungsgerate.de\",\"description\":\"\",\"publisher\":{\"@id\":\"https:\\\/\\\/www.ortungsgerate.de\\\/#organization\"},\"potentialAction\":[{\"@type\":\"SearchAction\",\"target\":{\"@type\":\"EntryPoint\",\"urlTemplate\":\"https:\\\/\\\/www.ortungsgerate.de\\\/?s={search_term_string}\"},\"query-input\":{\"@type\":\"PropertyValueSpecification\",\"valueRequired\":true,\"valueName\":\"search_term_string\"}}],\"inLanguage\":\"ru-RU\"},{\"@type\":\"Organization\",\"@id\":\"https:\\\/\\\/www.ortungsgerate.de\\\/#organization\",\"name\":\"Ortungsgerate.de\",\"url\":\"https:\\\/\\\/www.ortungsgerate.de\\\/\",\"logo\":{\"@type\":\"ImageObject\",\"inLanguage\":\"ru-RU\",\"@id\":\"https:\\\/\\\/www.ortungsgerate.de\\\/#\\\/schema\\\/logo\\\/image\\\/\",\"url\":\"https:\\\/\\\/www.ortungsgerate.de\\\/wp-content\\\/uploads\\\/ortungsgerate.png\",\"contentUrl\":\"https:\\\/\\\/www.ortungsgerate.de\\\/wp-content\\\/uploads\\\/ortungsgerate.png\",\"width\":500,\"height\":135,\"caption\":\"Ortungsgerate.de\"},\"image\":{\"@id\":\"https:\\\/\\\/www.ortungsgerate.de\\\/#\\\/schema\\\/logo\\\/image\\\/\"}}]}<\/script>\n<!-- \/ Yoast SEO Premium plugin. -->","yoast_head_json":{"title":"Abh\u00f6rwanze FM in besonders kleiner Gr\u00f6\u00dfe","description":"Abh\u00f6rwanze mit besonders kleiner Gr\u00f6\u00dfe. Hervorragende Tonqualit\u00e4t in einer Entfernung von 50 m. Leicht zu verbergen, empfindliches Mikrofon. Abh\u00f6ren von Gespr\u00e4chen mit einem FM-Empf\u00e4nger","robots":{"index":"index","follow":"follow","max-snippet":"max-snippet:-1","max-image-preview":"max-image-preview:large","max-video-preview":"max-video-preview:-1"},"canonical":"https:\/\/www.ortungsgerate.de\/ru\/16-proslushivayushcheye-oborudovaniye-2\/20-rd-proslushivayushcheye-oborudovaniye\/fm-proslushivayuschee-ustroystvo-mini\/","og_locale":"ru_RU","og_type":"article","og_title":"FM Abh\u00f6rwanze MINI","og_description":"Abh\u00f6rwanze mit besonders kleiner Gr\u00f6\u00dfe. Hervorragende Tonqualit\u00e4t in einer Entfernung von 50 m. Leicht zu verbergen, empfindliches Mikrofon. Abh\u00f6ren von Gespr\u00e4chen mit einem FM-Empf\u00e4nger","og_url":"https:\/\/www.ortungsgerate.de\/ru\/16-proslushivayushcheye-oborudovaniye-2\/20-rd-proslushivayushcheye-oborudovaniye\/fm-proslushivayuschee-ustroystvo-mini\/","og_site_name":"Ortungsger\u00e4te.de","article_modified_time":"2025-11-26T17:01:36+00:00","og_image":[{"width":960,"height":695,"url":"https:\/\/www.ortungsgerate.de\/wp-content\/uploads\/fm-pasiklausymo-iranga-blake-mini.jpg","type":"image\/jpeg"}],"twitter_card":"summary_large_image","twitter_misc":{"\u041f\u0440\u0438\u043c\u0435\u0440\u043d\u043e\u0435 \u0432\u0440\u0435\u043c\u044f \u0434\u043b\u044f \u0447\u0442\u0435\u043d\u0438\u044f":"3 \u043c\u0438\u043d\u0443\u0442\u044b"},"schema":{"@context":"https:\/\/schema.org","@graph":[{"@type":"WebPage","@id":"https:\/\/www.ortungsgerate.de\/16-abhoergeraete\/20-rd-abhoergeraete\/fm-abhoerwanze-mini\/","url":"https:\/\/www.ortungsgerate.de\/16-abhoergeraete\/20-rd-abhoergeraete\/fm-abhoerwanze-mini\/","name":"Abh\u00f6rwanze FM in besonders kleiner Gr\u00f6\u00dfe","isPartOf":{"@id":"https:\/\/www.ortungsgerate.de\/#website"},"primaryImageOfPage":{"@id":"https:\/\/www.ortungsgerate.de\/16-abhoergeraete\/20-rd-abhoergeraete\/fm-abhoerwanze-mini\/#primaryimage"},"image":{"@id":"https:\/\/www.ortungsgerate.de\/16-abhoergeraete\/20-rd-abhoergeraete\/fm-abhoerwanze-mini\/#primaryimage"},"thumbnailUrl":"https:\/\/www.ortungsgerate.de\/wp-content\/uploads\/fm-pasiklausymo-iranga-blake-mini.jpg","datePublished":"2024-02-06T19:36:22+00:00","dateModified":"2025-11-26T17:01:36+00:00","description":"Abh\u00f6rwanze mit besonders kleiner Gr\u00f6\u00dfe. Hervorragende Tonqualit\u00e4t in einer Entfernung von 50 m. Leicht zu verbergen, empfindliches Mikrofon. Abh\u00f6ren von Gespr\u00e4chen mit einem FM-Empf\u00e4nger","breadcrumb":{"@id":"https:\/\/www.ortungsgerate.de\/16-abhoergeraete\/20-rd-abhoergeraete\/fm-abhoerwanze-mini\/#breadcrumb"},"inLanguage":"ru-RU","potentialAction":[{"@type":"ReadAction","target":["https:\/\/www.ortungsgerate.de\/16-abhoergeraete\/20-rd-abhoergeraete\/fm-abhoerwanze-mini\/"]}]},{"@type":"ImageObject","inLanguage":"ru-RU","@id":"https:\/\/www.ortungsgerate.de\/16-abhoergeraete\/20-rd-abhoergeraete\/fm-abhoerwanze-mini\/#primaryimage","url":"https:\/\/www.ortungsgerate.de\/wp-content\/uploads\/fm-pasiklausymo-iranga-blake-mini.jpg","contentUrl":"https:\/\/www.ortungsgerate.de\/wp-content\/uploads\/fm-pasiklausymo-iranga-blake-mini.jpg","width":960,"height":695,"caption":"Abh\u00f6rwanze FM"},{"@type":"BreadcrumbList","@id":"https:\/\/www.ortungsgerate.de\/16-abhoergeraete\/20-rd-abhoergeraete\/fm-abhoerwanze-mini\/#breadcrumb","itemListElement":[{"@type":"ListItem","position":1,"name":"Startseite","item":"https:\/\/www.ortungsgerate.de\/"},{"@type":"ListItem","position":2,"name":"Shop","item":"https:\/\/www.ortungsgerate.de\/shop\/"},{"@type":"ListItem","position":3,"name":"FM Abh\u00f6rwanze MINI"}]},{"@type":"WebSite","@id":"https:\/\/www.ortungsgerate.de\/#website","url":"https:\/\/www.ortungsgerate.de\/","name":"Ortungsgerate.de","description":"","publisher":{"@id":"https:\/\/www.ortungsgerate.de\/#organization"},"potentialAction":[{"@type":"SearchAction","target":{"@type":"EntryPoint","urlTemplate":"https:\/\/www.ortungsgerate.de\/?s={search_term_string}"},"query-input":{"@type":"PropertyValueSpecification","valueRequired":true,"valueName":"search_term_string"}}],"inLanguage":"ru-RU"},{"@type":"Organization","@id":"https:\/\/www.ortungsgerate.de\/#organization","name":"Ortungsgerate.de","url":"https:\/\/www.ortungsgerate.de\/","logo":{"@type":"ImageObject","inLanguage":"ru-RU","@id":"https:\/\/www.ortungsgerate.de\/#\/schema\/logo\/image\/","url":"https:\/\/www.ortungsgerate.de\/wp-content\/uploads\/ortungsgerate.png","contentUrl":"https:\/\/www.ortungsgerate.de\/wp-content\/uploads\/ortungsgerate.png","width":500,"height":135,"caption":"Ortungsgerate.de"},"image":{"@id":"https:\/\/www.ortungsgerate.de\/#\/schema\/logo\/image\/"}}]}},"_links":{"self":[{"href":"https:\/\/www.ortungsgerate.de\/ru\/wp-json\/wp\/v2\/product\/16519","targetHints":{"allow":["GET"]}}],"collection":[{"href":"https:\/\/www.ortungsgerate.de\/ru\/wp-json\/wp\/v2\/product"}],"about":[{"href":"https:\/\/www.ortungsgerate.de\/ru\/wp-json\/wp\/v2\/types\/product"}],"version-history":[{"count":0,"href":"https:\/\/www.ortungsgerate.de\/ru\/wp-json\/wp\/v2\/product\/16519\/revisions"}],"wp:featuredmedia":[{"embeddable":true,"href":"https:\/\/www.ortungsgerate.de\/ru\/wp-json\/wp\/v2\/media\/1419"}],"wp:attachment":[{"href":"https:\/\/www.ortungsgerate.de\/ru\/wp-json\/wp\/v2\/media?parent=16519"}],"wp:term":[{"taxonomy":"brand","embeddable":true,"href":"https:\/\/www.ortungsgerate.de\/ru\/wp-json\/wp\/v2\/etheme_brands?post=16519"},{"taxonomy":"product_brand","embeddable":true,"href":"https:\/\/www.ortungsgerate.de\/ru\/wp-json\/wp\/v2\/product_brand?post=16519"},{"taxonomy":"product_cat","embeddable":true,"href":"https:\/\/www.ortungsgerate.de\/ru\/wp-json\/wp\/v2\/product_cat?post=16519"},{"taxonomy":"product_tag","embeddable":true,"href":"https:\/\/www.ortungsgerate.de\/ru\/wp-json\/wp\/v2\/product_tag?post=16519"}],"curies":[{"name":"wp","href":"https:\/\/api.w.org\/{rel}","templated":true}]}}