{"id":16520,"date":"2025-03-02T22:41:33","date_gmt":"2025-03-02T20:41:33","guid":{"rendered":"https:\/\/ortungsgerate.de\/be-kategorijos\/wi-fi-marsrutizatorius-su-kamera-veikia-iki-2ju-metu-stebejimas-24-7\/"},"modified":"2025-12-01T11:26:01","modified_gmt":"2025-12-01T10:26:01","slug":"wi-fi-router-s-kameroy-rabotaet-do-2-let-24-7-nablyudenie","status":"publish","type":"product","link":"https:\/\/www.ortungsgerate.de\/ru\/12-skrytyje-kamery\/17-zamaskirovanyje-kamery\/wi-fi-router-s-kameroy-rabotaet-do-2-let-24-7-nablyudenie\/","title":{"rendered":"Wi-Fi-\u0440\u043e\u0443\u0442\u0435\u0440 \u0441 \u043a\u0430\u043c\u0435\u0440\u043e\u0439, \u0440\u0430\u0431\u043e\u0442\u0430\u0435\u0442 \u0434\u043e 2 \u043b\u0435\u0442, 24\/7 \u043d\u0430\u0431\u043b\u044e\u0434\u0435\u043d\u0438\u0435"},"content":{"rendered":"<h3><strong>\u0422\u0435\u0445\u043d\u0438\u0447\u0435\u0441\u043a\u0438\u0435 \u043f\u0430\u0440\u0430\u043c\u0435\u0442\u0440\u044b:<\/strong><\/h3>\n<ul>\n<li>Unterst\u00fctzung von Speicherkarten: Mikro SD \/ SDHC bis 128GB (nicht enthalten)<\/li>\n<li>Router-Imitation<\/li>\n<li>2mpx Kamerasensor<\/li>\n<li>Videoaufnahme mit Ton<\/li>\n<li>Aufnahmeaufl\u00f6sung: Full HD 1920x1080px<\/li>\n<li>Funktioniert bis zu 2 Jahre im Standby-Modus ohne Stromanschluss, bei Anschluss an 220V ist die Betriebszeit unbegrenzt<\/li>\n<li>Bei Anschluss an ein WLAN-Netzwerk ist die \u00dcberwachungsdistanz unbegrenzt<\/li>\n<li>Videoformat: AVI | max 20fps<\/li>\n<li>Sichtwinkel: 145 \u00b0<\/li>\n<li>\u0417\u0432\u0443\u043a: \u043c\u0438\u043a\u0440\u043e\u0444\u043e\u043d \u0441 \u0444\u0443\u043d\u043a\u0446\u0438\u0435\u0439 \u0448\u0443\u043c\u043e\u043f\u043e\u0434\u0430\u0432\u043b\u0435\u043d\u0438\u044f<\/li>\n<li>Nachtsehen: es gibt ein klares Bild<\/li>\n<li>Echtzeit\u00fcberwachung \u00fcber das Internet (\u00fcber die mobile App) aus jedem Land der Welt<\/li>\n<li>Bewegungserkennung, Benachrichtigung in der App, dass sich jemand im Raum bewegt<\/li>\n<li>Kontinuierliche Videoaufnahme (\u00fcberlagert)<\/li>\n<li>Video-Encoding: H264<\/li>\n<li>Lieferumfang: Wifi-Router-Imitation, Micro SD-Kartenleser, USB-Kabel, Netzteil<\/li>\n<li>Abmessungen: 17,8\u00d713,4\u00d74,2cm<\/li>\n<li><strong>\u0413\u0410\u0420\u0410\u041d\u0422\u0418\u042f 12 \u043c\u0435\u0441\u044f\u0446\u0435\u0432<\/strong><\/li>\n<\/ul>\n<p><span style=\"color: #d0121a;\"><\/span><\/p>","protected":false},"excerpt":{"rendered":"<p>Technische\u00a0Parameter: Unterst\u00fctzung von Speicherkarten: Mikro SD \/ SDHC bis 128GB (nicht enthalten) Router-Imitation 2mpx Kamerasensor Videoaufnahme mit Ton Aufnahmeaufl\u00f6sung: Full HD 1920x1080px Funktioniert bis zu&#8230;<\/p>","protected":false},"featured_media":26420,"template":"","meta":[],"etheme_brands":[],"product_brand":[],"product_cat":[204,203,205],"product_tag":[42,704,705,706,690,48],"class_list":{"0":"post-16520","1":"product","2":"type-product","3":"status-publish","4":"has-post-thumbnail","6":"product_cat-17-getarnte-kameras","7":"product_cat-12-versteckte-kameras","8":"product_cat-27-wlan-minikameras","9":"product_tag-kamera","10":"product_tag-kamerauhr","11":"product_tag-ueberwachungskamera","12":"product_tag-unmaskierte-kamera","13":"product_tag-versteckte-kamera","14":"product_tag-wi-fi-kamera","15":"pa_typ-wlan-router-repeater","17":"first","18":"outofstock","19":"sale","20":"taxable","21":"shipping-taxable","22":"purchasable","23":"product-type-simple"},"yoast_head":"<!-- This site is optimized with the Yoast SEO Premium plugin v25.9 (Yoast SEO v27.4) - https:\/\/yoast.com\/product\/yoast-seo-premium-wordpress\/ -->\n<title>Wi-Fi-Router mit Kamera funktioniert bis zu 2 Jahren 24\/7 \u00dcberwachung<\/title>\n<meta name=\"description\" content=\"Wi-Fi-Router-Imitation mit eingebauter Kamera. Lange Betriebszeit von bis zu 2 Jahren. Live-\u00dcberwachung von jedem Ort der Welt 24\/7. Mini-Kameras\" \/>\n<meta name=\"robots\" content=\"index, follow, max-snippet:-1, max-image-preview:large, max-video-preview:-1\" \/>\n<link rel=\"canonical\" href=\"https:\/\/www.ortungsgerate.de\/ru\/12-skrytyje-kamery\/27-wlan-mini-kamery\/wi-fi-router-s-kameroy-rabotaet-do-2-let-24-7-nablyudenie\/\" \/>\n<meta property=\"og:locale\" content=\"ru_RU\" \/>\n<meta property=\"og:type\" content=\"article\" \/>\n<meta property=\"og:title\" content=\"Wi-Fi-Router mit Kamera, funktioniert bis zu 2 Jahren, 24\/7 \u00dcberwachung\" \/>\n<meta property=\"og:description\" content=\"Wi-Fi-Router-Imitation mit eingebauter Kamera. Lange Betriebszeit von bis zu 2 Jahren. Live-\u00dcberwachung von jedem Ort der Welt 24\/7. Mini-Kameras\" \/>\n<meta property=\"og:url\" content=\"https:\/\/www.ortungsgerate.de\/ru\/12-skrytyje-kamery\/27-wlan-mini-kamery\/wi-fi-router-s-kameroy-rabotaet-do-2-let-24-7-nablyudenie\/\" \/>\n<meta property=\"og:site_name\" content=\"Ortungsger\u00e4te.de\" \/>\n<meta property=\"article:modified_time\" content=\"2025-12-01T10:26:01+00:00\" \/>\n<meta property=\"og:image\" content=\"https:\/\/www.ortungsgerate.de\/wp-content\/uploads\/wifi-marsrutizatorius-slapta-vaizdo-kamera.jpg\" \/>\n\t<meta property=\"og:image:width\" content=\"481\" \/>\n\t<meta property=\"og:image:height\" content=\"512\" \/>\n\t<meta property=\"og:image:type\" content=\"image\/jpeg\" \/>\n<meta name=\"twitter:card\" content=\"summary_large_image\" \/>\n<meta name=\"twitter:label1\" content=\"\u041f\u0440\u0438\u043c\u0435\u0440\u043d\u043e\u0435 \u0432\u0440\u0435\u043c\u044f \u0434\u043b\u044f \u0447\u0442\u0435\u043d\u0438\u044f\" \/>\n\t<meta name=\"twitter:data1\" content=\"1 \u043c\u0438\u043d\u0443\u0442\u0430\" \/>\n<script type=\"application\/ld+json\" class=\"yoast-schema-graph\">{\"@context\":\"https:\\\/\\\/schema.org\",\"@graph\":[{\"@type\":\"WebPage\",\"@id\":\"https:\\\/\\\/www.ortungsgerate.de\\\/12-versteckte-kameras\\\/27-wlan-minikameras\\\/wi-fi-router-mit-kamera-funktioniert-bis-zu-2-jahren-24-7-ueberwachung\\\/\",\"url\":\"https:\\\/\\\/www.ortungsgerate.de\\\/12-versteckte-kameras\\\/27-wlan-minikameras\\\/wi-fi-router-mit-kamera-funktioniert-bis-zu-2-jahren-24-7-ueberwachung\\\/\",\"name\":\"Wi-Fi-Router mit Kamera funktioniert bis zu 2 Jahren 24\\\/7 \u00dcberwachung\",\"isPartOf\":{\"@id\":\"https:\\\/\\\/www.ortungsgerate.de\\\/#website\"},\"primaryImageOfPage\":{\"@id\":\"https:\\\/\\\/www.ortungsgerate.de\\\/12-versteckte-kameras\\\/27-wlan-minikameras\\\/wi-fi-router-mit-kamera-funktioniert-bis-zu-2-jahren-24-7-ueberwachung\\\/#primaryimage\"},\"image\":{\"@id\":\"https:\\\/\\\/www.ortungsgerate.de\\\/12-versteckte-kameras\\\/27-wlan-minikameras\\\/wi-fi-router-mit-kamera-funktioniert-bis-zu-2-jahren-24-7-ueberwachung\\\/#primaryimage\"},\"thumbnailUrl\":\"https:\\\/\\\/www.ortungsgerate.de\\\/wp-content\\\/uploads\\\/wifi-marsrutizatorius-slapta-vaizdo-kamera.jpg\",\"datePublished\":\"2025-03-02T20:41:33+00:00\",\"dateModified\":\"2025-12-01T10:26:01+00:00\",\"description\":\"Wi-Fi-Router-Imitation mit eingebauter Kamera. Lange Betriebszeit von bis zu 2 Jahren. Live-\u00dcberwachung von jedem Ort der Welt 24\\\/7. Mini-Kameras\",\"breadcrumb\":{\"@id\":\"https:\\\/\\\/www.ortungsgerate.de\\\/12-versteckte-kameras\\\/27-wlan-minikameras\\\/wi-fi-router-mit-kamera-funktioniert-bis-zu-2-jahren-24-7-ueberwachung\\\/#breadcrumb\"},\"inLanguage\":\"ru-RU\",\"potentialAction\":[{\"@type\":\"ReadAction\",\"target\":[\"https:\\\/\\\/www.ortungsgerate.de\\\/12-versteckte-kameras\\\/27-wlan-minikameras\\\/wi-fi-router-mit-kamera-funktioniert-bis-zu-2-jahren-24-7-ueberwachung\\\/\"]}]},{\"@type\":\"ImageObject\",\"inLanguage\":\"ru-RU\",\"@id\":\"https:\\\/\\\/www.ortungsgerate.de\\\/12-versteckte-kameras\\\/27-wlan-minikameras\\\/wi-fi-router-mit-kamera-funktioniert-bis-zu-2-jahren-24-7-ueberwachung\\\/#primaryimage\",\"url\":\"https:\\\/\\\/www.ortungsgerate.de\\\/wp-content\\\/uploads\\\/wifi-marsrutizatorius-slapta-vaizdo-kamera.jpg\",\"contentUrl\":\"https:\\\/\\\/www.ortungsgerate.de\\\/wp-content\\\/uploads\\\/wifi-marsrutizatorius-slapta-vaizdo-kamera.jpg\",\"width\":481,\"height\":512,\"caption\":\"WLAN Router versteckte Videokamera\"},{\"@type\":\"BreadcrumbList\",\"@id\":\"https:\\\/\\\/www.ortungsgerate.de\\\/12-versteckte-kameras\\\/27-wlan-minikameras\\\/wi-fi-router-mit-kamera-funktioniert-bis-zu-2-jahren-24-7-ueberwachung\\\/#breadcrumb\",\"itemListElement\":[{\"@type\":\"ListItem\",\"position\":1,\"name\":\"Startseite\",\"item\":\"https:\\\/\\\/www.ortungsgerate.de\\\/\"},{\"@type\":\"ListItem\",\"position\":2,\"name\":\"Shop\",\"item\":\"https:\\\/\\\/www.ortungsgerate.de\\\/shop\\\/\"},{\"@type\":\"ListItem\",\"position\":3,\"name\":\"Wi-Fi-Router mit Kamera, funktioniert bis zu 2 Jahren, 24\\\/7 \u00dcberwachung\"}]},{\"@type\":\"WebSite\",\"@id\":\"https:\\\/\\\/www.ortungsgerate.de\\\/#website\",\"url\":\"https:\\\/\\\/www.ortungsgerate.de\\\/\",\"name\":\"Ortungsgerate.de\",\"description\":\"\",\"publisher\":{\"@id\":\"https:\\\/\\\/www.ortungsgerate.de\\\/#organization\"},\"potentialAction\":[{\"@type\":\"SearchAction\",\"target\":{\"@type\":\"EntryPoint\",\"urlTemplate\":\"https:\\\/\\\/www.ortungsgerate.de\\\/?s={search_term_string}\"},\"query-input\":{\"@type\":\"PropertyValueSpecification\",\"valueRequired\":true,\"valueName\":\"search_term_string\"}}],\"inLanguage\":\"ru-RU\"},{\"@type\":\"Organization\",\"@id\":\"https:\\\/\\\/www.ortungsgerate.de\\\/#organization\",\"name\":\"Ortungsgerate.de\",\"url\":\"https:\\\/\\\/www.ortungsgerate.de\\\/\",\"logo\":{\"@type\":\"ImageObject\",\"inLanguage\":\"ru-RU\",\"@id\":\"https:\\\/\\\/www.ortungsgerate.de\\\/#\\\/schema\\\/logo\\\/image\\\/\",\"url\":\"https:\\\/\\\/www.ortungsgerate.de\\\/wp-content\\\/uploads\\\/ortungsgerate.png\",\"contentUrl\":\"https:\\\/\\\/www.ortungsgerate.de\\\/wp-content\\\/uploads\\\/ortungsgerate.png\",\"width\":500,\"height\":135,\"caption\":\"Ortungsgerate.de\"},\"image\":{\"@id\":\"https:\\\/\\\/www.ortungsgerate.de\\\/#\\\/schema\\\/logo\\\/image\\\/\"}}]}<\/script>\n<!-- \/ Yoast SEO Premium plugin. -->","yoast_head_json":{"title":"Wi-Fi-Router mit Kamera funktioniert bis zu 2 Jahren 24\/7 \u00dcberwachung","description":"Wi-Fi-Router-Imitation mit eingebauter Kamera. Lange Betriebszeit von bis zu 2 Jahren. Live-\u00dcberwachung von jedem Ort der Welt 24\/7. Mini-Kameras","robots":{"index":"index","follow":"follow","max-snippet":"max-snippet:-1","max-image-preview":"max-image-preview:large","max-video-preview":"max-video-preview:-1"},"canonical":"https:\/\/www.ortungsgerate.de\/ru\/12-skrytyje-kamery\/27-wlan-mini-kamery\/wi-fi-router-s-kameroy-rabotaet-do-2-let-24-7-nablyudenie\/","og_locale":"ru_RU","og_type":"article","og_title":"Wi-Fi-Router mit Kamera, funktioniert bis zu 2 Jahren, 24\/7 \u00dcberwachung","og_description":"Wi-Fi-Router-Imitation mit eingebauter Kamera. Lange Betriebszeit von bis zu 2 Jahren. Live-\u00dcberwachung von jedem Ort der Welt 24\/7. Mini-Kameras","og_url":"https:\/\/www.ortungsgerate.de\/ru\/12-skrytyje-kamery\/27-wlan-mini-kamery\/wi-fi-router-s-kameroy-rabotaet-do-2-let-24-7-nablyudenie\/","og_site_name":"Ortungsger\u00e4te.de","article_modified_time":"2025-12-01T10:26:01+00:00","og_image":[{"width":481,"height":512,"url":"https:\/\/www.ortungsgerate.de\/wp-content\/uploads\/wifi-marsrutizatorius-slapta-vaizdo-kamera.jpg","type":"image\/jpeg"}],"twitter_card":"summary_large_image","twitter_misc":{"\u041f\u0440\u0438\u043c\u0435\u0440\u043d\u043e\u0435 \u0432\u0440\u0435\u043c\u044f \u0434\u043b\u044f \u0447\u0442\u0435\u043d\u0438\u044f":"1 \u043c\u0438\u043d\u0443\u0442\u0430"},"schema":{"@context":"https:\/\/schema.org","@graph":[{"@type":"WebPage","@id":"https:\/\/www.ortungsgerate.de\/12-versteckte-kameras\/27-wlan-minikameras\/wi-fi-router-mit-kamera-funktioniert-bis-zu-2-jahren-24-7-ueberwachung\/","url":"https:\/\/www.ortungsgerate.de\/12-versteckte-kameras\/27-wlan-minikameras\/wi-fi-router-mit-kamera-funktioniert-bis-zu-2-jahren-24-7-ueberwachung\/","name":"Wi-Fi-Router mit Kamera funktioniert bis zu 2 Jahren 24\/7 \u00dcberwachung","isPartOf":{"@id":"https:\/\/www.ortungsgerate.de\/#website"},"primaryImageOfPage":{"@id":"https:\/\/www.ortungsgerate.de\/12-versteckte-kameras\/27-wlan-minikameras\/wi-fi-router-mit-kamera-funktioniert-bis-zu-2-jahren-24-7-ueberwachung\/#primaryimage"},"image":{"@id":"https:\/\/www.ortungsgerate.de\/12-versteckte-kameras\/27-wlan-minikameras\/wi-fi-router-mit-kamera-funktioniert-bis-zu-2-jahren-24-7-ueberwachung\/#primaryimage"},"thumbnailUrl":"https:\/\/www.ortungsgerate.de\/wp-content\/uploads\/wifi-marsrutizatorius-slapta-vaizdo-kamera.jpg","datePublished":"2025-03-02T20:41:33+00:00","dateModified":"2025-12-01T10:26:01+00:00","description":"Wi-Fi-Router-Imitation mit eingebauter Kamera. Lange Betriebszeit von bis zu 2 Jahren. Live-\u00dcberwachung von jedem Ort der Welt 24\/7. Mini-Kameras","breadcrumb":{"@id":"https:\/\/www.ortungsgerate.de\/12-versteckte-kameras\/27-wlan-minikameras\/wi-fi-router-mit-kamera-funktioniert-bis-zu-2-jahren-24-7-ueberwachung\/#breadcrumb"},"inLanguage":"ru-RU","potentialAction":[{"@type":"ReadAction","target":["https:\/\/www.ortungsgerate.de\/12-versteckte-kameras\/27-wlan-minikameras\/wi-fi-router-mit-kamera-funktioniert-bis-zu-2-jahren-24-7-ueberwachung\/"]}]},{"@type":"ImageObject","inLanguage":"ru-RU","@id":"https:\/\/www.ortungsgerate.de\/12-versteckte-kameras\/27-wlan-minikameras\/wi-fi-router-mit-kamera-funktioniert-bis-zu-2-jahren-24-7-ueberwachung\/#primaryimage","url":"https:\/\/www.ortungsgerate.de\/wp-content\/uploads\/wifi-marsrutizatorius-slapta-vaizdo-kamera.jpg","contentUrl":"https:\/\/www.ortungsgerate.de\/wp-content\/uploads\/wifi-marsrutizatorius-slapta-vaizdo-kamera.jpg","width":481,"height":512,"caption":"WLAN Router versteckte Videokamera"},{"@type":"BreadcrumbList","@id":"https:\/\/www.ortungsgerate.de\/12-versteckte-kameras\/27-wlan-minikameras\/wi-fi-router-mit-kamera-funktioniert-bis-zu-2-jahren-24-7-ueberwachung\/#breadcrumb","itemListElement":[{"@type":"ListItem","position":1,"name":"Startseite","item":"https:\/\/www.ortungsgerate.de\/"},{"@type":"ListItem","position":2,"name":"Shop","item":"https:\/\/www.ortungsgerate.de\/shop\/"},{"@type":"ListItem","position":3,"name":"Wi-Fi-Router mit Kamera, funktioniert bis zu 2 Jahren, 24\/7 \u00dcberwachung"}]},{"@type":"WebSite","@id":"https:\/\/www.ortungsgerate.de\/#website","url":"https:\/\/www.ortungsgerate.de\/","name":"Ortungsgerate.de","description":"","publisher":{"@id":"https:\/\/www.ortungsgerate.de\/#organization"},"potentialAction":[{"@type":"SearchAction","target":{"@type":"EntryPoint","urlTemplate":"https:\/\/www.ortungsgerate.de\/?s={search_term_string}"},"query-input":{"@type":"PropertyValueSpecification","valueRequired":true,"valueName":"search_term_string"}}],"inLanguage":"ru-RU"},{"@type":"Organization","@id":"https:\/\/www.ortungsgerate.de\/#organization","name":"Ortungsgerate.de","url":"https:\/\/www.ortungsgerate.de\/","logo":{"@type":"ImageObject","inLanguage":"ru-RU","@id":"https:\/\/www.ortungsgerate.de\/#\/schema\/logo\/image\/","url":"https:\/\/www.ortungsgerate.de\/wp-content\/uploads\/ortungsgerate.png","contentUrl":"https:\/\/www.ortungsgerate.de\/wp-content\/uploads\/ortungsgerate.png","width":500,"height":135,"caption":"Ortungsgerate.de"},"image":{"@id":"https:\/\/www.ortungsgerate.de\/#\/schema\/logo\/image\/"}}]}},"_links":{"self":[{"href":"https:\/\/www.ortungsgerate.de\/ru\/wp-json\/wp\/v2\/product\/16520","targetHints":{"allow":["GET"]}}],"collection":[{"href":"https:\/\/www.ortungsgerate.de\/ru\/wp-json\/wp\/v2\/product"}],"about":[{"href":"https:\/\/www.ortungsgerate.de\/ru\/wp-json\/wp\/v2\/types\/product"}],"version-history":[{"count":0,"href":"https:\/\/www.ortungsgerate.de\/ru\/wp-json\/wp\/v2\/product\/16520\/revisions"}],"wp:featuredmedia":[{"embeddable":true,"href":"https:\/\/www.ortungsgerate.de\/ru\/wp-json\/wp\/v2\/media\/26420"}],"wp:attachment":[{"href":"https:\/\/www.ortungsgerate.de\/ru\/wp-json\/wp\/v2\/media?parent=16520"}],"wp:term":[{"taxonomy":"brand","embeddable":true,"href":"https:\/\/www.ortungsgerate.de\/ru\/wp-json\/wp\/v2\/etheme_brands?post=16520"},{"taxonomy":"product_brand","embeddable":true,"href":"https:\/\/www.ortungsgerate.de\/ru\/wp-json\/wp\/v2\/product_brand?post=16520"},{"taxonomy":"product_cat","embeddable":true,"href":"https:\/\/www.ortungsgerate.de\/ru\/wp-json\/wp\/v2\/product_cat?post=16520"},{"taxonomy":"product_tag","embeddable":true,"href":"https:\/\/www.ortungsgerate.de\/ru\/wp-json\/wp\/v2\/product_tag?post=16520"}],"curies":[{"name":"wp","href":"https:\/\/api.w.org\/{rel}","templated":true}]}}