{"id":16521,"date":"2024-02-06T21:36:05","date_gmt":"2024-02-06T19:36:05","guid":{"rendered":"https:\/\/ortungsgerate.de\/be-kategorijos\/vaizdo-stebejimo-kamra-360-wifi-stebejimas-gyvai-internetu\/"},"modified":"2025-11-26T19:01:36","modified_gmt":"2025-11-26T17:01:36","slug":"360-kamera-nablyudeniya-s-wlan-videonablyudenie-v-realnom-vremeni-cherez-internet","status":"publish","type":"product","link":"https:\/\/www.ortungsgerate.de\/ru\/12-skrytyje-kamery\/17-zamaskirovanyje-kamery\/360-kamera-nablyudeniya-s-wlan-videonablyudenie-v-realnom-vremeni-cherez-internet\/","title":{"rendered":"360\u00b0-\u043a\u0430\u043c\u0435\u0440\u0430 \u043d\u0430\u0431\u043b\u044e\u0434\u0435\u043d\u0438\u044f \u0441 WLAN, \u0432\u0438\u0434\u0435\u043e\u043d\u0430\u0431\u043b\u044e\u0434\u0435\u043d\u0438\u0435 \u0432 \u0440\u0435\u0430\u043b\u044c\u043d\u043e\u043c \u0432\u0440\u0435\u043c\u0435\u043d\u0438 \u0447\u0435\u0440\u0435\u0437 \u0438\u043d\u0442\u0435\u0440\u043d\u0435\u0442"},"content":{"rendered":"<h3><strong>\u0422\u0435\u0445\u043d\u0438\u0447\u0435\u0441\u043a\u0438\u0435 \u043f\u0430\u0440\u0430\u043c\u0435\u0442\u0440\u044b:<\/strong><\/h3>\n<ul>\n<li>Unterst\u00fctzung f\u00fcr Speicherkarte: MicroSD bis zu 64 GB (nicht im Lieferumfang enthalten)<\/li>\n<li>Bewegungserkennungsfunktion: JA<\/li>\n<li>Videoaufl\u00f6sung: 1280 x 960 px; 500 MB = 1 Stunde<\/li>\n<li>Wiedergabe: 1280 x 960 px<\/li>\n<li>Nachtmodus (IR-Dioden): NEIN<\/li>\n<li>Videoformat: MP4, 20 Bilder pro Sekunde (abh\u00e4ngig von der Aufl\u00f6sung)<\/li>\n<li>Stromversorgung: nur \u00fcber Gleichstromnetz<\/li>\n<li>Laden: \u2013<\/li>\n<li>Sichtfeldbereich: 360 \u00b0<\/li>\n<li>Zus\u00e4tzliche Funktionen: Internet-Schnittstelle, Live-Video\u00fcberwachung, Bewegungserkennungsmodus, rotierendes Objektiv, \u201ehdipc360\u201c-App<\/li>\n<li>Fotoaufl\u00f6sung: 1280 x 960 px, 640 x 480 px<\/li>\n<li>Gewicht und Abmessungen: 85 g, 70 mm x 35 mm<\/li>\n<li>Tonaufnahme: JA<\/li>\n<li>Farbe: Wei\u00df \/ Schwarz<\/li>\n<li>Lieferumfang: \u00dcberwachungskamera, USB-Kabel, Anleitung<\/li>\n<li>\u0413\u0430\u0440\u0430\u043d\u0442\u0438\u044f 12 \u043c\u0435\u0441\u044f\u0446\u0435\u0432<\/li>\n<\/ul>\n<p><span style=\"color: #d0121a;\"><strong>Ben\u00f6tigen Sie eine eilige Lieferung noch am selben Tag?   <\/strong><\/span><\/p>\n<p>Einsatzgebiet: F\u00fcr Ihre eigene Sicherheit und die Ihrer Kinder.<\/p>\n<p>Die \u00dcberwachungskamera ist zur Beobachtung von R\u00e4umen mit unterschiedlicher Zweckbestimmung geeignet: von Wohnr\u00e4umen (H\u00e4user, Wohnungen) bis hin zu gewerblichen oder industriellen Fl\u00e4chen (B\u00fcros, Lagerhallen). Der Wunsch, das Bild st\u00e4ndig und in Echtzeit zu \u00fcberwachen, l\u00e4sst sich ganz einfach umsetzen. Diese versteckte Kamera gew\u00e4hrleistet eine kontinuierliche \u00dcberwachung der gew\u00fcnschten R\u00e4umlichkeiten \u2013 an die Steckdose angeschlossen, arbeitet sie unbegrenzt und ohne Unterbrechung. Und dank der M\u00f6glichkeit, sich per WLAN mit dem Ger\u00e4t zu verbinden, k\u00f6nnen Sie hier und jetzt sehen, was in den \u00fcberwachten Bereichen geschieht \u2013 direkt auf dem Bildschirm Ihres Mobiltelefons (Internetzugang erforderlich; die Funktion kann \u00fcberall dort genutzt werden, wo dieser vorhanden ist). Egal, ob Sie arbeiten oder sich erholen \u2013 die versteckte Kamera sorgt daf\u00fcr, dass Sie die R\u00e4ume so m\u00fchelos \u00fcberwachen, als w\u00e4ren Sie selbst vor Ort.<\/p>\n<p><strong>LIVE-ANSICHT<\/strong><\/p>\n<p>Die mit der \u00dcberwachungskamera aufgezeichneten Bilder k\u00f6nnen in Echtzeit betrachtet werden \u2013 auf dem Bildschirm eines Mobiltelefons, Tablets oder herk\u00f6mmlichen Computers. Diese Funktion kann an jedem Ort genutzt werden, an dem ein Internetzugang (LTE, 3G oder WLAN) vorhanden ist. Die Bilder im \u00fcberwachten Raum sehen Sie in hoher Qualit\u00e4t (HD). Die \u00dcberwachungskamera ben\u00f6tigt eine Stromquelle \u2013 sobald das Ger\u00e4t an die Steckdose angeschlossen ist, erfolgt die Raum\u00fcberwachung ohne Unterbrechung. So k\u00f6nnen Sie, egal wo auf der Welt Sie sich befinden, jederzeit die Situation in den \u00fcberwachten Bereichen \u00fcberpr\u00fcfen.<\/p>\n<p><strong>SPEICHERUNG DER AUFNAHMEN<\/strong><\/p>\n<p>Die versteckte Kamera zeichnet Bilder nicht nur auf und \u00fcbertr\u00e4gt sie live, es kann auch die Funktion zur Speicherung der Aufnahmen gew\u00e4hlt werden. Das Ger\u00e4t kann Aufzeichnungen auf eine Speicherkarte sowie in den Speicher des Telefons oder Computers \u00fcbertragen (im Ger\u00e4t befindet sich keine Speicherkarte; sie ist nicht im Set enthalten). Die gespeicherten Aufnahmen k\u00f6nnen auch mit einem mobilen Ger\u00e4t abgerufen werden \u2013 hierf\u00fcr ist eine App erforderlich, die installiert werden muss, um Zugriff auf das Aufnahmearchiv zu erhalten (diese Funktion ist nur aktiv, wenn sich eine Speicherkarte in der Kamera befindet).<\/p>\n<p><strong>REAKTION AUF BEWEGUNG<\/strong><\/p>\n<p>Die Sorge, etwas zu verpassen, ist unbegr\u00fcndet, wenn der Bewegungsreaktionsmodus gew\u00e4hlt wird. Die versteckte Kamera sendet ein Signal an das Mobiltelefon, sobald sie eine Bewegung in den R\u00e4umen registriert (um diese Funktion zu aktivieren, m\u00fcssen die Einstellungen im Telefon angepasst werden).<\/p>","protected":false},"excerpt":{"rendered":"<p>Technische Parameter: Unterst\u00fctzung f\u00fcr Speicherkarte: MicroSD bis zu 64 GB (nicht im Lieferumfang enthalten) Bewegungserkennungsfunktion: JA Videoaufl\u00f6sung: 1280 x 960 px; 500 MB = 1&#8230;<\/p>","protected":false},"featured_media":27659,"template":"","meta":[],"etheme_brands":[],"product_brand":[],"product_cat":[204,203,205],"product_tag":[792,100,705,690,793],"class_list":{"0":"post-16521","1":"product","2":"type-product","3":"status-publish","4":"has-post-thumbnail","6":"product_cat-17-getarnte-kameras","7":"product_cat-12-versteckte-kameras","8":"product_cat-27-wlan-minikameras","9":"product_tag-buerokamera","10":"product_tag-ip-kamera","11":"product_tag-ueberwachungskamera","12":"product_tag-versteckte-kamera","13":"product_tag-versteckte-ueberwachungskameras","14":"pa_typ-mini-kameras","16":"first","17":"outofstock","18":"taxable","19":"shipping-taxable","20":"purchasable","21":"product-type-simple"},"yoast_head":"<!-- This site is optimized with the Yoast SEO Premium plugin v25.9 (Yoast SEO v27.4) - https:\/\/yoast.com\/product\/yoast-seo-premium-wordpress\/ -->\n<title>360\u00b0 WLAN-\u00dcberwachungskamera Live-Video\u00fcberwachung \u00fcber das Internet<\/title>\n<meta name=\"description\" content=\"\u00dcberwachungskamera mit 360\u00b0-Live-\u00dcberwachung \u00fcber das Internet. Bequem zur \u00dcberwachung von R\u00e4umen oder Wohnung. Nimmt das Bild auf eine SD-Karte auf, mit der M\u00f6glichkeit, das Live-Bild auf dem Telefon zu sehen.\" \/>\n<meta name=\"robots\" content=\"index, follow, max-snippet:-1, max-image-preview:large, max-video-preview:-1\" \/>\n<link rel=\"canonical\" href=\"https:\/\/www.ortungsgerate.de\/ru\/12-skrytyje-kamery\/27-wlan-mini-kamery\/360-kamera-nablyudeniya-s-wlan-videonablyudenie-v-realnom-vremeni-cherez-internet\/\" \/>\n<meta property=\"og:locale\" content=\"ru_RU\" \/>\n<meta property=\"og:type\" content=\"article\" \/>\n<meta property=\"og:title\" content=\"360\u00b0-\u00dcberwachungskamera mit WLAN, Live-Video\u00fcberwachung \u00fcber das Internet\" \/>\n<meta property=\"og:description\" content=\"\u00dcberwachungskamera mit 360\u00b0-Live-\u00dcberwachung \u00fcber das Internet. Bequem zur \u00dcberwachung von R\u00e4umen oder Wohnung. Nimmt das Bild auf eine SD-Karte auf, mit der M\u00f6glichkeit, das Live-Bild auf dem Telefon zu sehen.\" \/>\n<meta property=\"og:url\" content=\"https:\/\/www.ortungsgerate.de\/ru\/12-skrytyje-kamery\/27-wlan-mini-kamery\/360-kamera-nablyudeniya-s-wlan-videonablyudenie-v-realnom-vremeni-cherez-internet\/\" \/>\n<meta property=\"og:site_name\" content=\"Ortungsger\u00e4te.de\" \/>\n<meta property=\"article:modified_time\" content=\"2025-11-26T17:01:36+00:00\" \/>\n<meta property=\"og:image\" content=\"https:\/\/www.ortungsgerate.de\/wp-content\/uploads\/vaizdo-stebejimo-kamra-360-stebejimas-gyvai-internetu-6.jpg\" \/>\n\t<meta property=\"og:image:width\" content=\"1000\" \/>\n\t<meta property=\"og:image:height\" content=\"1000\" \/>\n\t<meta property=\"og:image:type\" content=\"image\/jpeg\" \/>\n<meta name=\"twitter:card\" content=\"summary_large_image\" \/>\n<meta name=\"twitter:label1\" content=\"\u041f\u0440\u0438\u043c\u0435\u0440\u043d\u043e\u0435 \u0432\u0440\u0435\u043c\u044f \u0434\u043b\u044f \u0447\u0442\u0435\u043d\u0438\u044f\" \/>\n\t<meta name=\"twitter:data1\" content=\"3 \u043c\u0438\u043d\u0443\u0442\u044b\" \/>\n<script type=\"application\/ld+json\" class=\"yoast-schema-graph\">{\"@context\":\"https:\\\/\\\/schema.org\",\"@graph\":[{\"@type\":\"WebPage\",\"@id\":\"https:\\\/\\\/www.ortungsgerate.de\\\/12-versteckte-kameras\\\/27-wlan-minikameras\\\/360-ueberwachungskamera-mit-wlan-live-videoueberwachung-ueber-das-internet\\\/\",\"url\":\"https:\\\/\\\/www.ortungsgerate.de\\\/12-versteckte-kameras\\\/27-wlan-minikameras\\\/360-ueberwachungskamera-mit-wlan-live-videoueberwachung-ueber-das-internet\\\/\",\"name\":\"360\u00b0 WLAN-\u00dcberwachungskamera Live-Video\u00fcberwachung \u00fcber das Internet\",\"isPartOf\":{\"@id\":\"https:\\\/\\\/www.ortungsgerate.de\\\/#website\"},\"primaryImageOfPage\":{\"@id\":\"https:\\\/\\\/www.ortungsgerate.de\\\/12-versteckte-kameras\\\/27-wlan-minikameras\\\/360-ueberwachungskamera-mit-wlan-live-videoueberwachung-ueber-das-internet\\\/#primaryimage\"},\"image\":{\"@id\":\"https:\\\/\\\/www.ortungsgerate.de\\\/12-versteckte-kameras\\\/27-wlan-minikameras\\\/360-ueberwachungskamera-mit-wlan-live-videoueberwachung-ueber-das-internet\\\/#primaryimage\"},\"thumbnailUrl\":\"https:\\\/\\\/www.ortungsgerate.de\\\/wp-content\\\/uploads\\\/vaizdo-stebejimo-kamra-360-stebejimas-gyvai-internetu-6.jpg\",\"datePublished\":\"2024-02-06T19:36:05+00:00\",\"dateModified\":\"2025-11-26T17:01:36+00:00\",\"description\":\"\u00dcberwachungskamera mit 360\u00b0-Live-\u00dcberwachung \u00fcber das Internet. Bequem zur \u00dcberwachung von R\u00e4umen oder Wohnung. Nimmt das Bild auf eine SD-Karte auf, mit der M\u00f6glichkeit, das Live-Bild auf dem Telefon zu sehen.\",\"breadcrumb\":{\"@id\":\"https:\\\/\\\/www.ortungsgerate.de\\\/12-versteckte-kameras\\\/27-wlan-minikameras\\\/360-ueberwachungskamera-mit-wlan-live-videoueberwachung-ueber-das-internet\\\/#breadcrumb\"},\"inLanguage\":\"ru-RU\",\"potentialAction\":[{\"@type\":\"ReadAction\",\"target\":[\"https:\\\/\\\/www.ortungsgerate.de\\\/12-versteckte-kameras\\\/27-wlan-minikameras\\\/360-ueberwachungskamera-mit-wlan-live-videoueberwachung-ueber-das-internet\\\/\"]}]},{\"@type\":\"ImageObject\",\"inLanguage\":\"ru-RU\",\"@id\":\"https:\\\/\\\/www.ortungsgerate.de\\\/12-versteckte-kameras\\\/27-wlan-minikameras\\\/360-ueberwachungskamera-mit-wlan-live-videoueberwachung-ueber-das-internet\\\/#primaryimage\",\"url\":\"https:\\\/\\\/www.ortungsgerate.de\\\/wp-content\\\/uploads\\\/vaizdo-stebejimo-kamra-360-stebejimas-gyvai-internetu-6.jpg\",\"contentUrl\":\"https:\\\/\\\/www.ortungsgerate.de\\\/wp-content\\\/uploads\\\/vaizdo-stebejimo-kamra-360-stebejimas-gyvai-internetu-6.jpg\",\"width\":1000,\"height\":1000,\"caption\":\"\u00dcberwachungskamera 360-Grad-Objektiv\"},{\"@type\":\"BreadcrumbList\",\"@id\":\"https:\\\/\\\/www.ortungsgerate.de\\\/12-versteckte-kameras\\\/27-wlan-minikameras\\\/360-ueberwachungskamera-mit-wlan-live-videoueberwachung-ueber-das-internet\\\/#breadcrumb\",\"itemListElement\":[{\"@type\":\"ListItem\",\"position\":1,\"name\":\"Startseite\",\"item\":\"https:\\\/\\\/www.ortungsgerate.de\\\/\"},{\"@type\":\"ListItem\",\"position\":2,\"name\":\"Shop\",\"item\":\"https:\\\/\\\/www.ortungsgerate.de\\\/shop\\\/\"},{\"@type\":\"ListItem\",\"position\":3,\"name\":\"360\u00b0-\u00dcberwachungskamera mit WLAN, Live-Video\u00fcberwachung \u00fcber das Internet\"}]},{\"@type\":\"WebSite\",\"@id\":\"https:\\\/\\\/www.ortungsgerate.de\\\/#website\",\"url\":\"https:\\\/\\\/www.ortungsgerate.de\\\/\",\"name\":\"Ortungsgerate.de\",\"description\":\"\",\"publisher\":{\"@id\":\"https:\\\/\\\/www.ortungsgerate.de\\\/#organization\"},\"potentialAction\":[{\"@type\":\"SearchAction\",\"target\":{\"@type\":\"EntryPoint\",\"urlTemplate\":\"https:\\\/\\\/www.ortungsgerate.de\\\/?s={search_term_string}\"},\"query-input\":{\"@type\":\"PropertyValueSpecification\",\"valueRequired\":true,\"valueName\":\"search_term_string\"}}],\"inLanguage\":\"ru-RU\"},{\"@type\":\"Organization\",\"@id\":\"https:\\\/\\\/www.ortungsgerate.de\\\/#organization\",\"name\":\"Ortungsgerate.de\",\"url\":\"https:\\\/\\\/www.ortungsgerate.de\\\/\",\"logo\":{\"@type\":\"ImageObject\",\"inLanguage\":\"ru-RU\",\"@id\":\"https:\\\/\\\/www.ortungsgerate.de\\\/#\\\/schema\\\/logo\\\/image\\\/\",\"url\":\"https:\\\/\\\/www.ortungsgerate.de\\\/wp-content\\\/uploads\\\/ortungsgerate.png\",\"contentUrl\":\"https:\\\/\\\/www.ortungsgerate.de\\\/wp-content\\\/uploads\\\/ortungsgerate.png\",\"width\":500,\"height\":135,\"caption\":\"Ortungsgerate.de\"},\"image\":{\"@id\":\"https:\\\/\\\/www.ortungsgerate.de\\\/#\\\/schema\\\/logo\\\/image\\\/\"}}]}<\/script>\n<!-- \/ Yoast SEO Premium plugin. -->","yoast_head_json":{"title":"360\u00b0 WLAN-\u00dcberwachungskamera Live-Video\u00fcberwachung \u00fcber das Internet","description":"\u00dcberwachungskamera mit 360\u00b0-Live-\u00dcberwachung \u00fcber das Internet. Bequem zur \u00dcberwachung von R\u00e4umen oder Wohnung. Nimmt das Bild auf eine SD-Karte auf, mit der M\u00f6glichkeit, das Live-Bild auf dem Telefon zu sehen.","robots":{"index":"index","follow":"follow","max-snippet":"max-snippet:-1","max-image-preview":"max-image-preview:large","max-video-preview":"max-video-preview:-1"},"canonical":"https:\/\/www.ortungsgerate.de\/ru\/12-skrytyje-kamery\/27-wlan-mini-kamery\/360-kamera-nablyudeniya-s-wlan-videonablyudenie-v-realnom-vremeni-cherez-internet\/","og_locale":"ru_RU","og_type":"article","og_title":"360\u00b0-\u00dcberwachungskamera mit WLAN, Live-Video\u00fcberwachung \u00fcber das Internet","og_description":"\u00dcberwachungskamera mit 360\u00b0-Live-\u00dcberwachung \u00fcber das Internet. Bequem zur \u00dcberwachung von R\u00e4umen oder Wohnung. Nimmt das Bild auf eine SD-Karte auf, mit der M\u00f6glichkeit, das Live-Bild auf dem Telefon zu sehen.","og_url":"https:\/\/www.ortungsgerate.de\/ru\/12-skrytyje-kamery\/27-wlan-mini-kamery\/360-kamera-nablyudeniya-s-wlan-videonablyudenie-v-realnom-vremeni-cherez-internet\/","og_site_name":"Ortungsger\u00e4te.de","article_modified_time":"2025-11-26T17:01:36+00:00","og_image":[{"width":1000,"height":1000,"url":"https:\/\/www.ortungsgerate.de\/wp-content\/uploads\/vaizdo-stebejimo-kamra-360-stebejimas-gyvai-internetu-6.jpg","type":"image\/jpeg"}],"twitter_card":"summary_large_image","twitter_misc":{"\u041f\u0440\u0438\u043c\u0435\u0440\u043d\u043e\u0435 \u0432\u0440\u0435\u043c\u044f \u0434\u043b\u044f \u0447\u0442\u0435\u043d\u0438\u044f":"3 \u043c\u0438\u043d\u0443\u0442\u044b"},"schema":{"@context":"https:\/\/schema.org","@graph":[{"@type":"WebPage","@id":"https:\/\/www.ortungsgerate.de\/12-versteckte-kameras\/27-wlan-minikameras\/360-ueberwachungskamera-mit-wlan-live-videoueberwachung-ueber-das-internet\/","url":"https:\/\/www.ortungsgerate.de\/12-versteckte-kameras\/27-wlan-minikameras\/360-ueberwachungskamera-mit-wlan-live-videoueberwachung-ueber-das-internet\/","name":"360\u00b0 WLAN-\u00dcberwachungskamera Live-Video\u00fcberwachung \u00fcber das Internet","isPartOf":{"@id":"https:\/\/www.ortungsgerate.de\/#website"},"primaryImageOfPage":{"@id":"https:\/\/www.ortungsgerate.de\/12-versteckte-kameras\/27-wlan-minikameras\/360-ueberwachungskamera-mit-wlan-live-videoueberwachung-ueber-das-internet\/#primaryimage"},"image":{"@id":"https:\/\/www.ortungsgerate.de\/12-versteckte-kameras\/27-wlan-minikameras\/360-ueberwachungskamera-mit-wlan-live-videoueberwachung-ueber-das-internet\/#primaryimage"},"thumbnailUrl":"https:\/\/www.ortungsgerate.de\/wp-content\/uploads\/vaizdo-stebejimo-kamra-360-stebejimas-gyvai-internetu-6.jpg","datePublished":"2024-02-06T19:36:05+00:00","dateModified":"2025-11-26T17:01:36+00:00","description":"\u00dcberwachungskamera mit 360\u00b0-Live-\u00dcberwachung \u00fcber das Internet. Bequem zur \u00dcberwachung von R\u00e4umen oder Wohnung. Nimmt das Bild auf eine SD-Karte auf, mit der M\u00f6glichkeit, das Live-Bild auf dem Telefon zu sehen.","breadcrumb":{"@id":"https:\/\/www.ortungsgerate.de\/12-versteckte-kameras\/27-wlan-minikameras\/360-ueberwachungskamera-mit-wlan-live-videoueberwachung-ueber-das-internet\/#breadcrumb"},"inLanguage":"ru-RU","potentialAction":[{"@type":"ReadAction","target":["https:\/\/www.ortungsgerate.de\/12-versteckte-kameras\/27-wlan-minikameras\/360-ueberwachungskamera-mit-wlan-live-videoueberwachung-ueber-das-internet\/"]}]},{"@type":"ImageObject","inLanguage":"ru-RU","@id":"https:\/\/www.ortungsgerate.de\/12-versteckte-kameras\/27-wlan-minikameras\/360-ueberwachungskamera-mit-wlan-live-videoueberwachung-ueber-das-internet\/#primaryimage","url":"https:\/\/www.ortungsgerate.de\/wp-content\/uploads\/vaizdo-stebejimo-kamra-360-stebejimas-gyvai-internetu-6.jpg","contentUrl":"https:\/\/www.ortungsgerate.de\/wp-content\/uploads\/vaizdo-stebejimo-kamra-360-stebejimas-gyvai-internetu-6.jpg","width":1000,"height":1000,"caption":"\u00dcberwachungskamera 360-Grad-Objektiv"},{"@type":"BreadcrumbList","@id":"https:\/\/www.ortungsgerate.de\/12-versteckte-kameras\/27-wlan-minikameras\/360-ueberwachungskamera-mit-wlan-live-videoueberwachung-ueber-das-internet\/#breadcrumb","itemListElement":[{"@type":"ListItem","position":1,"name":"Startseite","item":"https:\/\/www.ortungsgerate.de\/"},{"@type":"ListItem","position":2,"name":"Shop","item":"https:\/\/www.ortungsgerate.de\/shop\/"},{"@type":"ListItem","position":3,"name":"360\u00b0-\u00dcberwachungskamera mit WLAN, Live-Video\u00fcberwachung \u00fcber das Internet"}]},{"@type":"WebSite","@id":"https:\/\/www.ortungsgerate.de\/#website","url":"https:\/\/www.ortungsgerate.de\/","name":"Ortungsgerate.de","description":"","publisher":{"@id":"https:\/\/www.ortungsgerate.de\/#organization"},"potentialAction":[{"@type":"SearchAction","target":{"@type":"EntryPoint","urlTemplate":"https:\/\/www.ortungsgerate.de\/?s={search_term_string}"},"query-input":{"@type":"PropertyValueSpecification","valueRequired":true,"valueName":"search_term_string"}}],"inLanguage":"ru-RU"},{"@type":"Organization","@id":"https:\/\/www.ortungsgerate.de\/#organization","name":"Ortungsgerate.de","url":"https:\/\/www.ortungsgerate.de\/","logo":{"@type":"ImageObject","inLanguage":"ru-RU","@id":"https:\/\/www.ortungsgerate.de\/#\/schema\/logo\/image\/","url":"https:\/\/www.ortungsgerate.de\/wp-content\/uploads\/ortungsgerate.png","contentUrl":"https:\/\/www.ortungsgerate.de\/wp-content\/uploads\/ortungsgerate.png","width":500,"height":135,"caption":"Ortungsgerate.de"},"image":{"@id":"https:\/\/www.ortungsgerate.de\/#\/schema\/logo\/image\/"}}]}},"_links":{"self":[{"href":"https:\/\/www.ortungsgerate.de\/ru\/wp-json\/wp\/v2\/product\/16521","targetHints":{"allow":["GET"]}}],"collection":[{"href":"https:\/\/www.ortungsgerate.de\/ru\/wp-json\/wp\/v2\/product"}],"about":[{"href":"https:\/\/www.ortungsgerate.de\/ru\/wp-json\/wp\/v2\/types\/product"}],"version-history":[{"count":0,"href":"https:\/\/www.ortungsgerate.de\/ru\/wp-json\/wp\/v2\/product\/16521\/revisions"}],"wp:featuredmedia":[{"embeddable":true,"href":"https:\/\/www.ortungsgerate.de\/ru\/wp-json\/wp\/v2\/media\/27659"}],"wp:attachment":[{"href":"https:\/\/www.ortungsgerate.de\/ru\/wp-json\/wp\/v2\/media?parent=16521"}],"wp:term":[{"taxonomy":"brand","embeddable":true,"href":"https:\/\/www.ortungsgerate.de\/ru\/wp-json\/wp\/v2\/etheme_brands?post=16521"},{"taxonomy":"product_brand","embeddable":true,"href":"https:\/\/www.ortungsgerate.de\/ru\/wp-json\/wp\/v2\/product_brand?post=16521"},{"taxonomy":"product_cat","embeddable":true,"href":"https:\/\/www.ortungsgerate.de\/ru\/wp-json\/wp\/v2\/product_cat?post=16521"},{"taxonomy":"product_tag","embeddable":true,"href":"https:\/\/www.ortungsgerate.de\/ru\/wp-json\/wp\/v2\/product_tag?post=16521"}],"curies":[{"name":"wp","href":"https:\/\/api.w.org\/{rel}","templated":true}]}}