{"id":16522,"date":"2024-02-06T21:36:37","date_gmt":"2024-02-06T19:36:37","guid":{"rendered":"https:\/\/ortungsgerate.de\/be-kategorijos\/rankinis-laikrodis-stebejimo-kamera-full-hd-vaizdo-kokybe\/"},"modified":"2025-11-26T19:01:36","modified_gmt":"2025-11-26T17:01:36","slug":"naruchnye-chasy-kamera-nablyudeniya-full-hd-kachestvo-izobrazheniya","status":"publish","type":"product","link":"https:\/\/www.ortungsgerate.de\/ru\/12-skrytyje-kamery\/17-zamaskirovanyje-kamery\/naruchnye-chasy-kamera-nablyudeniya-full-hd-kachestvo-izobrazheniya\/","title":{"rendered":"\u041d\u0430\u0440\u0443\u0447\u043d\u044b\u0435 \u0447\u0430\u0441\u044b \u043a\u0430\u043c\u0435\u0440\u0430 \u043d\u0430\u0431\u043b\u044e\u0434\u0435\u043d\u0438\u044f (FULL HD \u043a\u0430\u0447\u0435\u0441\u0442\u0432\u043e \u0438\u0437\u043e\u0431\u0440\u0430\u0436\u0435\u043d\u0438\u044f)"},"content":{"rendered":"<h3><strong>TECHNISCHE DATEN:<\/strong><\/h3>\n<\/p>\n<ul>\n<li>Speicher: 8 GB<\/li>\n<li>Videoaufnahme mit Ton<\/li>\n<li>Videoaufl\u00f6sung: HD 1920 x 1080 px FULL HD<\/li>\n<li>Videoformat: AVI | 30 fps<\/li>\n<li>Objektivgr\u00f6\u00dfe: 1 mm<\/li>\n<li>Nachtsicht: Ja (schaltet sich automatisch ein, wenn das Licht nicht ausreicht)<\/li>\n<li>Fotos: JPEG 2560 x 1440 px<\/li>\n<li>Betriebszeit: ca. 70 Min.<\/li>\n<li>Aufnahmewinkel: 72 \u00b0<\/li>\n<li>Videoaufnahme: 1 Std. 6 GB<\/li>\n<li>Ton: Mikrofon mit gut h\u00f6rbarem Klang in ca. 3-4 Metern<strong><br \/><\/strong><\/li>\n<li>Verbindungsstandard: USB 1.1 und 2.0<\/li>\n<li>Wiederaufladbarer Akku: 3,7 V 500 mAh<\/li>\n<li>\u0421\u043e\u0432\u043c\u0435\u0441\u0442\u0438\u043c\u043e\u0441\u0442\u044c: Windows, Mac OS<\/li>\n<li>Betriebstemperatur: 0\u00b0 C ~ 45 \u00b0 C<\/li>\n<li>Laden: \u00fcber USB-Kabel<\/li>\n<li>Farbe: Silber (Chrom)<\/li>\n<li>Lieferumfang: Armbanduhr, Anleitung in litauischer Sprache<\/li>\n<li><strong>\u0413\u0410\u0420\u0410\u041d\u0422\u0418\u042f 12 \u043c\u0435\u0441\u044f\u0446\u0435\u0432<\/strong><\/li>\n<\/ul>\n<p><span style=\"color:#d0121a;\"><strong> (auch an Wochenenden)  <\/strong><\/span><\/p>\n<p><strong>Verwendung:<\/strong> F\u00fcr Ihre eigene Sicherheit und die Sicherheit Ihrer Kinder.<\/p>\n<\/p>\n<p><strong>Armbanduhr \u2013 \u00dcberwachungskamera (FULL-HD-Videoqualit\u00e4t)<\/strong><\/p>\n<p>Versteckte Kameras werden immer beliebter, und das ist keineswegs verwunderlich: In verschiedenen Alltagsgegenst\u00e4nden professionell getarnte Kameras helfen dabei, die ben\u00f6tigten Informationen aufzuzeichnen und Zweifel zu beseitigen. Versteckte Kameras werden h\u00e4ufig dann gew\u00e4hlt, wenn man sich vergewissern m\u00f6chte, ob bestimmte Personen ehrlich sind, wenn man Beweise f\u00fcr unlautere Aktivit\u00e4ten sammeln m\u00f6chte usw. Eine Armbanduhr mit versteckter Kamera kann zweifellos eine der vorteilhaftesten Optionen sein, da ein solches Ger\u00e4t keinerlei Verdacht erregt. Die Armbanduhr kann scheinbar zuf\u00e4llig auf dem Tisch liegen gelassen oder am Handgelenk getragen werden \u2013 in beiden F\u00e4llen werden Sie ganz sicher keinen Verdacht wecken.<\/p>\n<p>Die Armbanduhr mit versteckter Kamera verf\u00fcgt \u00fcber ein sehr kleines Objektiv (nur 1 mm Durchmesser), das v\u00f6llig unauff\u00e4llig ist. W\u00e4hrend der Aufnahme blinkt die versteckte Kamera nicht und gibt keinerlei Ger\u00e4usche von sich, sodass die Videoaufzeichnung vollkommen unbemerkt bleibt. Eine vollst\u00e4ndig geladene versteckte Kamera kann etwa 70 Minuten ununterbrochen aufzeichnen, und die Qualit\u00e4t der aufgenommenen Bilder ist wirklich hervorragend (die Kamera filmt in FULL-HD-Aufl\u00f6sung). Mit dieser Kamera k\u00f6nnen Sie Aufnahmen nicht nur am Tag, sondern auch bei Dunkelheit machen: Wenn die Beleuchtung nicht ausreicht, schaltet sich automatisch der Nachtsichtmodus ein, sodass Ihnen nichts Wichtiges entgeht.<\/p>\n<p>Die Nutzung dieser versteckten Kamera ist sehr einfach (im Lieferumfang ist eine Bedienungsanleitung in litauischer Sprache enthalten), sodass Sie garantiert keine Schwierigkeiten haben werden. Die versteckte Kamera filmt in einem Winkel von 72 Grad, daher m\u00fcssen Sie lediglich darauf achten, dass die Uhr im richtigen Winkel ausgerichtet ist. Dieses Ger\u00e4t verf\u00fcgt \u00fcber einen 8-Gigabyte-Speicher (eine Stunde Videoaufnahmen belegt etwa 6 GB), sodass Sie sicher sein k\u00f6nnen, gen\u00fcgend Beweismaterial sammeln zu k\u00f6nnen.<\/p>\n<p>Obwohl die versteckte Kamera sehr klein ist, kann sie nicht nur ein qualitativ hochwertiges Bild, sondern auch klar verst\u00e4ndlichen Ton aufzeichnen: Das eingebaute Mikrofon erm\u00f6glicht eine deutliche Tonaufnahme in einer Entfernung von etwa 3-4 Metern. Bei Bedarf k\u00f6nnen Sie nicht nur die Video- oder Audioaufzeichnungsfunktion, sondern auch die Fotofunktion nutzen. Wenn Sie also Zweifel ausr\u00e4umen m\u00f6chten, probieren Sie diese versteckte Kamera aus \u2013 sie wird Ihnen mit Sicherheit helfen, die f\u00fcr Sie relevanten Informationen zu sammeln.<\/p>","protected":false},"excerpt":{"rendered":"<p>TECHNISCHE DATEN: Speicher: 8 GB Videoaufnahme mit Ton Videoaufl\u00f6sung: HD 1920 x 1080 px FULL HD Videoformat: AVI | 30 fps Objektivgr\u00f6\u00dfe: 1 mm Nachtsicht:&#8230;<\/p>","protected":false},"featured_media":1488,"template":"","meta":[],"etheme_brands":[],"product_brand":[],"product_cat":[210,204,203],"product_tag":[776,42,705,729,690],"class_list":{"0":"post-16522","1":"product","2":"type-product","3":"status-publish","4":"has-post-thumbnail","6":"product_cat-32-armbanduhren-mit-kamera","7":"product_cat-17-getarnte-kameras","8":"product_cat-12-versteckte-kameras","9":"product_tag-armbanduhr","10":"product_tag-kamera","11":"product_tag-ueberwachungskamera","12":"product_tag-uhr-kamera","13":"product_tag-versteckte-kamera","14":"pa_typ-armbanduhren","16":"first","17":"outofstock","18":"sale","19":"taxable","20":"shipping-taxable","21":"purchasable","22":"product-type-simple"},"yoast_head":"<!-- This site is optimized with the Yoast SEO Premium plugin v25.9 (Yoast SEO v27.4) - https:\/\/yoast.com\/product\/yoast-seo-premium-wordpress\/ -->\n<title>Armbanduhr mit versteckter Full-HD-Kamera - Sekimoiranga.lt<\/title>\n<meta name=\"description\" content=\"Armbanduhr mit integrierter versteckter Kamera FULL HD Kamera verf\u00fcgt \u00fcber eine Nachtsichtfunktion und beleuchtet die Umgebung mit IR-Dioden. Kostenlose Lieferung der Waren in EUROPA\" \/>\n<meta name=\"robots\" content=\"index, follow, max-snippet:-1, max-image-preview:large, max-video-preview:-1\" \/>\n<link rel=\"canonical\" href=\"https:\/\/www.ortungsgerate.de\/ru\/12-skrytyje-kamery\/32-naruchnije-chasy-s-kameroj\/naruchnye-chasy-kamera-nablyudeniya-full-hd-kachestvo-izobrazheniya\/\" \/>\n<meta property=\"og:locale\" content=\"ru_RU\" \/>\n<meta property=\"og:type\" content=\"article\" \/>\n<meta property=\"og:title\" content=\"Handgelenkuhr-\u00dcberwachungskamera (FULL HD Bildqualit\u00e4t)\" \/>\n<meta property=\"og:description\" content=\"Armbanduhr mit integrierter versteckter Kamera FULL HD Kamera verf\u00fcgt \u00fcber eine Nachtsichtfunktion und beleuchtet die Umgebung mit IR-Dioden. Kostenlose Lieferung der Waren in EUROPA\" \/>\n<meta property=\"og:url\" content=\"https:\/\/www.ortungsgerate.de\/ru\/12-skrytyje-kamery\/32-naruchnije-chasy-s-kameroj\/naruchnye-chasy-kamera-nablyudeniya-full-hd-kachestvo-izobrazheniya\/\" \/>\n<meta property=\"og:site_name\" content=\"Ortungsger\u00e4te.de\" \/>\n<meta property=\"article:modified_time\" content=\"2025-11-26T17:01:36+00:00\" \/>\n<meta property=\"og:image\" content=\"https:\/\/www.ortungsgerate.de\/wp-content\/uploads\/rankinis-laikrodis-slapta-kamera-full-hd.jpg\" \/>\n\t<meta property=\"og:image:width\" content=\"361\" \/>\n\t<meta property=\"og:image:height\" content=\"348\" \/>\n\t<meta property=\"og:image:type\" content=\"image\/jpeg\" \/>\n<meta name=\"twitter:card\" content=\"summary_large_image\" \/>\n<meta name=\"twitter:label1\" content=\"\u041f\u0440\u0438\u043c\u0435\u0440\u043d\u043e\u0435 \u0432\u0440\u0435\u043c\u044f \u0434\u043b\u044f \u0447\u0442\u0435\u043d\u0438\u044f\" \/>\n\t<meta name=\"twitter:data1\" content=\"2 \u043c\u0438\u043d\u0443\u0442\u044b\" \/>\n<script type=\"application\/ld+json\" class=\"yoast-schema-graph\">{\"@context\":\"https:\\\/\\\/schema.org\",\"@graph\":[{\"@type\":\"WebPage\",\"@id\":\"https:\\\/\\\/www.ortungsgerate.de\\\/12-versteckte-kameras\\\/32-armbanduhren-mit-kamera\\\/handgelenkuhr-ueberwachungskamera-full-hd-bildqualitaet\\\/\",\"url\":\"https:\\\/\\\/www.ortungsgerate.de\\\/12-versteckte-kameras\\\/32-armbanduhren-mit-kamera\\\/handgelenkuhr-ueberwachungskamera-full-hd-bildqualitaet\\\/\",\"name\":\"Armbanduhr mit versteckter Full-HD-Kamera - Sekimoiranga.lt\",\"isPartOf\":{\"@id\":\"https:\\\/\\\/www.ortungsgerate.de\\\/#website\"},\"primaryImageOfPage\":{\"@id\":\"https:\\\/\\\/www.ortungsgerate.de\\\/12-versteckte-kameras\\\/32-armbanduhren-mit-kamera\\\/handgelenkuhr-ueberwachungskamera-full-hd-bildqualitaet\\\/#primaryimage\"},\"image\":{\"@id\":\"https:\\\/\\\/www.ortungsgerate.de\\\/12-versteckte-kameras\\\/32-armbanduhren-mit-kamera\\\/handgelenkuhr-ueberwachungskamera-full-hd-bildqualitaet\\\/#primaryimage\"},\"thumbnailUrl\":\"https:\\\/\\\/www.ortungsgerate.de\\\/wp-content\\\/uploads\\\/rankinis-laikrodis-slapta-kamera-full-hd.jpg\",\"datePublished\":\"2024-02-06T19:36:37+00:00\",\"dateModified\":\"2025-11-26T17:01:36+00:00\",\"description\":\"Armbanduhr mit integrierter versteckter Kamera FULL HD Kamera verf\u00fcgt \u00fcber eine Nachtsichtfunktion und beleuchtet die Umgebung mit IR-Dioden. Kostenlose Lieferung der Waren in EUROPA\",\"breadcrumb\":{\"@id\":\"https:\\\/\\\/www.ortungsgerate.de\\\/12-versteckte-kameras\\\/32-armbanduhren-mit-kamera\\\/handgelenkuhr-ueberwachungskamera-full-hd-bildqualitaet\\\/#breadcrumb\"},\"inLanguage\":\"ru-RU\",\"potentialAction\":[{\"@type\":\"ReadAction\",\"target\":[\"https:\\\/\\\/www.ortungsgerate.de\\\/12-versteckte-kameras\\\/32-armbanduhren-mit-kamera\\\/handgelenkuhr-ueberwachungskamera-full-hd-bildqualitaet\\\/\"]}]},{\"@type\":\"ImageObject\",\"inLanguage\":\"ru-RU\",\"@id\":\"https:\\\/\\\/www.ortungsgerate.de\\\/12-versteckte-kameras\\\/32-armbanduhren-mit-kamera\\\/handgelenkuhr-ueberwachungskamera-full-hd-bildqualitaet\\\/#primaryimage\",\"url\":\"https:\\\/\\\/www.ortungsgerate.de\\\/wp-content\\\/uploads\\\/rankinis-laikrodis-slapta-kamera-full-hd.jpg\",\"contentUrl\":\"https:\\\/\\\/www.ortungsgerate.de\\\/wp-content\\\/uploads\\\/rankinis-laikrodis-slapta-kamera-full-hd.jpg\",\"width\":361,\"height\":348,\"caption\":\"Armbanduhr Kamera\"},{\"@type\":\"BreadcrumbList\",\"@id\":\"https:\\\/\\\/www.ortungsgerate.de\\\/12-versteckte-kameras\\\/32-armbanduhren-mit-kamera\\\/handgelenkuhr-ueberwachungskamera-full-hd-bildqualitaet\\\/#breadcrumb\",\"itemListElement\":[{\"@type\":\"ListItem\",\"position\":1,\"name\":\"Startseite\",\"item\":\"https:\\\/\\\/www.ortungsgerate.de\\\/\"},{\"@type\":\"ListItem\",\"position\":2,\"name\":\"Shop\",\"item\":\"https:\\\/\\\/www.ortungsgerate.de\\\/shop\\\/\"},{\"@type\":\"ListItem\",\"position\":3,\"name\":\"Handgelenkuhr-\u00dcberwachungskamera (FULL HD Bildqualit\u00e4t)\"}]},{\"@type\":\"WebSite\",\"@id\":\"https:\\\/\\\/www.ortungsgerate.de\\\/#website\",\"url\":\"https:\\\/\\\/www.ortungsgerate.de\\\/\",\"name\":\"Ortungsgerate.de\",\"description\":\"\",\"publisher\":{\"@id\":\"https:\\\/\\\/www.ortungsgerate.de\\\/#organization\"},\"potentialAction\":[{\"@type\":\"SearchAction\",\"target\":{\"@type\":\"EntryPoint\",\"urlTemplate\":\"https:\\\/\\\/www.ortungsgerate.de\\\/?s={search_term_string}\"},\"query-input\":{\"@type\":\"PropertyValueSpecification\",\"valueRequired\":true,\"valueName\":\"search_term_string\"}}],\"inLanguage\":\"ru-RU\"},{\"@type\":\"Organization\",\"@id\":\"https:\\\/\\\/www.ortungsgerate.de\\\/#organization\",\"name\":\"Ortungsgerate.de\",\"url\":\"https:\\\/\\\/www.ortungsgerate.de\\\/\",\"logo\":{\"@type\":\"ImageObject\",\"inLanguage\":\"ru-RU\",\"@id\":\"https:\\\/\\\/www.ortungsgerate.de\\\/#\\\/schema\\\/logo\\\/image\\\/\",\"url\":\"https:\\\/\\\/www.ortungsgerate.de\\\/wp-content\\\/uploads\\\/ortungsgerate.png\",\"contentUrl\":\"https:\\\/\\\/www.ortungsgerate.de\\\/wp-content\\\/uploads\\\/ortungsgerate.png\",\"width\":500,\"height\":135,\"caption\":\"Ortungsgerate.de\"},\"image\":{\"@id\":\"https:\\\/\\\/www.ortungsgerate.de\\\/#\\\/schema\\\/logo\\\/image\\\/\"}}]}<\/script>\n<!-- \/ Yoast SEO Premium plugin. -->","yoast_head_json":{"title":"Armbanduhr mit versteckter Full-HD-Kamera - Sekimoiranga.lt","description":"Armbanduhr mit integrierter versteckter Kamera FULL HD Kamera verf\u00fcgt \u00fcber eine Nachtsichtfunktion und beleuchtet die Umgebung mit IR-Dioden. Kostenlose Lieferung der Waren in EUROPA","robots":{"index":"index","follow":"follow","max-snippet":"max-snippet:-1","max-image-preview":"max-image-preview:large","max-video-preview":"max-video-preview:-1"},"canonical":"https:\/\/www.ortungsgerate.de\/ru\/12-skrytyje-kamery\/32-naruchnije-chasy-s-kameroj\/naruchnye-chasy-kamera-nablyudeniya-full-hd-kachestvo-izobrazheniya\/","og_locale":"ru_RU","og_type":"article","og_title":"Handgelenkuhr-\u00dcberwachungskamera (FULL HD Bildqualit\u00e4t)","og_description":"Armbanduhr mit integrierter versteckter Kamera FULL HD Kamera verf\u00fcgt \u00fcber eine Nachtsichtfunktion und beleuchtet die Umgebung mit IR-Dioden. Kostenlose Lieferung der Waren in EUROPA","og_url":"https:\/\/www.ortungsgerate.de\/ru\/12-skrytyje-kamery\/32-naruchnije-chasy-s-kameroj\/naruchnye-chasy-kamera-nablyudeniya-full-hd-kachestvo-izobrazheniya\/","og_site_name":"Ortungsger\u00e4te.de","article_modified_time":"2025-11-26T17:01:36+00:00","og_image":[{"width":361,"height":348,"url":"https:\/\/www.ortungsgerate.de\/wp-content\/uploads\/rankinis-laikrodis-slapta-kamera-full-hd.jpg","type":"image\/jpeg"}],"twitter_card":"summary_large_image","twitter_misc":{"\u041f\u0440\u0438\u043c\u0435\u0440\u043d\u043e\u0435 \u0432\u0440\u0435\u043c\u044f \u0434\u043b\u044f \u0447\u0442\u0435\u043d\u0438\u044f":"2 \u043c\u0438\u043d\u0443\u0442\u044b"},"schema":{"@context":"https:\/\/schema.org","@graph":[{"@type":"WebPage","@id":"https:\/\/www.ortungsgerate.de\/12-versteckte-kameras\/32-armbanduhren-mit-kamera\/handgelenkuhr-ueberwachungskamera-full-hd-bildqualitaet\/","url":"https:\/\/www.ortungsgerate.de\/12-versteckte-kameras\/32-armbanduhren-mit-kamera\/handgelenkuhr-ueberwachungskamera-full-hd-bildqualitaet\/","name":"Armbanduhr mit versteckter Full-HD-Kamera - Sekimoiranga.lt","isPartOf":{"@id":"https:\/\/www.ortungsgerate.de\/#website"},"primaryImageOfPage":{"@id":"https:\/\/www.ortungsgerate.de\/12-versteckte-kameras\/32-armbanduhren-mit-kamera\/handgelenkuhr-ueberwachungskamera-full-hd-bildqualitaet\/#primaryimage"},"image":{"@id":"https:\/\/www.ortungsgerate.de\/12-versteckte-kameras\/32-armbanduhren-mit-kamera\/handgelenkuhr-ueberwachungskamera-full-hd-bildqualitaet\/#primaryimage"},"thumbnailUrl":"https:\/\/www.ortungsgerate.de\/wp-content\/uploads\/rankinis-laikrodis-slapta-kamera-full-hd.jpg","datePublished":"2024-02-06T19:36:37+00:00","dateModified":"2025-11-26T17:01:36+00:00","description":"Armbanduhr mit integrierter versteckter Kamera FULL HD Kamera verf\u00fcgt \u00fcber eine Nachtsichtfunktion und beleuchtet die Umgebung mit IR-Dioden. Kostenlose Lieferung der Waren in EUROPA","breadcrumb":{"@id":"https:\/\/www.ortungsgerate.de\/12-versteckte-kameras\/32-armbanduhren-mit-kamera\/handgelenkuhr-ueberwachungskamera-full-hd-bildqualitaet\/#breadcrumb"},"inLanguage":"ru-RU","potentialAction":[{"@type":"ReadAction","target":["https:\/\/www.ortungsgerate.de\/12-versteckte-kameras\/32-armbanduhren-mit-kamera\/handgelenkuhr-ueberwachungskamera-full-hd-bildqualitaet\/"]}]},{"@type":"ImageObject","inLanguage":"ru-RU","@id":"https:\/\/www.ortungsgerate.de\/12-versteckte-kameras\/32-armbanduhren-mit-kamera\/handgelenkuhr-ueberwachungskamera-full-hd-bildqualitaet\/#primaryimage","url":"https:\/\/www.ortungsgerate.de\/wp-content\/uploads\/rankinis-laikrodis-slapta-kamera-full-hd.jpg","contentUrl":"https:\/\/www.ortungsgerate.de\/wp-content\/uploads\/rankinis-laikrodis-slapta-kamera-full-hd.jpg","width":361,"height":348,"caption":"Armbanduhr Kamera"},{"@type":"BreadcrumbList","@id":"https:\/\/www.ortungsgerate.de\/12-versteckte-kameras\/32-armbanduhren-mit-kamera\/handgelenkuhr-ueberwachungskamera-full-hd-bildqualitaet\/#breadcrumb","itemListElement":[{"@type":"ListItem","position":1,"name":"Startseite","item":"https:\/\/www.ortungsgerate.de\/"},{"@type":"ListItem","position":2,"name":"Shop","item":"https:\/\/www.ortungsgerate.de\/shop\/"},{"@type":"ListItem","position":3,"name":"Handgelenkuhr-\u00dcberwachungskamera (FULL HD Bildqualit\u00e4t)"}]},{"@type":"WebSite","@id":"https:\/\/www.ortungsgerate.de\/#website","url":"https:\/\/www.ortungsgerate.de\/","name":"Ortungsgerate.de","description":"","publisher":{"@id":"https:\/\/www.ortungsgerate.de\/#organization"},"potentialAction":[{"@type":"SearchAction","target":{"@type":"EntryPoint","urlTemplate":"https:\/\/www.ortungsgerate.de\/?s={search_term_string}"},"query-input":{"@type":"PropertyValueSpecification","valueRequired":true,"valueName":"search_term_string"}}],"inLanguage":"ru-RU"},{"@type":"Organization","@id":"https:\/\/www.ortungsgerate.de\/#organization","name":"Ortungsgerate.de","url":"https:\/\/www.ortungsgerate.de\/","logo":{"@type":"ImageObject","inLanguage":"ru-RU","@id":"https:\/\/www.ortungsgerate.de\/#\/schema\/logo\/image\/","url":"https:\/\/www.ortungsgerate.de\/wp-content\/uploads\/ortungsgerate.png","contentUrl":"https:\/\/www.ortungsgerate.de\/wp-content\/uploads\/ortungsgerate.png","width":500,"height":135,"caption":"Ortungsgerate.de"},"image":{"@id":"https:\/\/www.ortungsgerate.de\/#\/schema\/logo\/image\/"}}]}},"_links":{"self":[{"href":"https:\/\/www.ortungsgerate.de\/ru\/wp-json\/wp\/v2\/product\/16522","targetHints":{"allow":["GET"]}}],"collection":[{"href":"https:\/\/www.ortungsgerate.de\/ru\/wp-json\/wp\/v2\/product"}],"about":[{"href":"https:\/\/www.ortungsgerate.de\/ru\/wp-json\/wp\/v2\/types\/product"}],"version-history":[{"count":0,"href":"https:\/\/www.ortungsgerate.de\/ru\/wp-json\/wp\/v2\/product\/16522\/revisions"}],"wp:featuredmedia":[{"embeddable":true,"href":"https:\/\/www.ortungsgerate.de\/ru\/wp-json\/wp\/v2\/media\/1488"}],"wp:attachment":[{"href":"https:\/\/www.ortungsgerate.de\/ru\/wp-json\/wp\/v2\/media?parent=16522"}],"wp:term":[{"taxonomy":"brand","embeddable":true,"href":"https:\/\/www.ortungsgerate.de\/ru\/wp-json\/wp\/v2\/etheme_brands?post=16522"},{"taxonomy":"product_brand","embeddable":true,"href":"https:\/\/www.ortungsgerate.de\/ru\/wp-json\/wp\/v2\/product_brand?post=16522"},{"taxonomy":"product_cat","embeddable":true,"href":"https:\/\/www.ortungsgerate.de\/ru\/wp-json\/wp\/v2\/product_cat?post=16522"},{"taxonomy":"product_tag","embeddable":true,"href":"https:\/\/www.ortungsgerate.de\/ru\/wp-json\/wp\/v2\/product_tag?post=16522"}],"curies":[{"name":"wp","href":"https:\/\/api.w.org\/{rel}","templated":true}]}}