{"id":16523,"date":"2024-02-06T21:37:30","date_gmt":"2024-02-06T19:37:30","guid":{"rendered":"https:\/\/ortungsgerate.de\/be-kategorijos\/zadintuvas-su-slapta-kamera-ir-termometru-naktinis-matymas\/"},"modified":"2025-12-01T11:26:01","modified_gmt":"2025-12-01T10:26:01","slug":"budilnik-so-skrytoy-kameroy-i-termometrom-nochnoe-videnie-2","status":"publish","type":"product","link":"https:\/\/www.ortungsgerate.de\/ru\/12-skrytyje-kamery\/17-zamaskirovanyje-kamery\/budilnik-so-skrytoy-kameroy-i-termometrom-nochnoe-videnie-2\/","title":{"rendered":"\u0411\u0443\u0434\u0438\u043b\u044c\u043d\u0438\u043a \u0441\u043e \u0441\u043a\u0440\u044b\u0442\u043e\u0439 \u043a\u0430\u043c\u0435\u0440\u043e\u0439 \u0438 \u0442\u0435\u0440\u043c\u043e\u043c\u0435\u0442\u0440\u043e\u043c (\u043d\u043e\u0447\u043d\u043e\u0435 \u0432\u0438\u0434\u0435\u043d\u0438\u0435)"},"content":{"rendered":"<h3><strong>\u0422\u0435\u0445\u043d\u0438\u0447\u0435\u0441\u043a\u0438\u0435 \u043f\u0430\u0440\u0430\u043c\u0435\u0442\u0440\u044b:<\/strong><\/h3>\n<ul>\n<li>\u0423\u0434\u0430\u043b\u0435\u043d\u043d\u044b\u0439 \u0434\u043e\u0441\u0442\u0443\u043f \u043a \u0432\u0438\u0434\u0435\u043e \u0432 \u0440\u0435\u0430\u043b\u044c\u043d\u043e\u043c \u0432\u0440\u0435\u043c\u0435\u043d\u0438: \u0414\u0410<\/li>\n<li>Videoaufnahme mit Ton<\/li>\n<li>Weckfunktion \u2013 Ja<\/li>\n<li>Videoqualit\u00e4t: Live-Ansicht: HD 1920*1080<\/li>\n<li>Fotoaufl\u00f6sung: 1280*720<\/li>\n<li>Sichtwinkel: 120 Grad<\/li>\n<li>\u0427\u0430\u0441\u0442\u043e\u0442\u0430 \u043a\u0430\u0434\u0440\u043e\u0432: 25FPS<\/li>\n<li>\u0423\u0432\u0435\u0434\u043e\u043c\u043b\u0435\u043d\u0438\u044f \u043f\u0440\u0438 \u043e\u0431\u043d\u0430\u0440\u0443\u0436\u0435\u043d\u0438\u0438 \u0434\u0432\u0438\u0436\u0435\u043d\u0438\u044f (Push-\u0443\u0432\u0435\u0434\u043e\u043c\u043b\u0435\u043d\u0438\u0435)<\/li>\n<li>Speicherkartenunterst\u00fctzung: von 4GB bis 128GB (Speicherkarte nicht im Lieferumfang)<\/li>\n<li>Video\u00fcberwachung: per Telefon oder Computer (Live \u00fcber das Internet)<\/li>\n<li>Betriebszeit \u00fcber Akku: ca. 3 Stunden \u2013 \u00fcber Stromversorgung 24\/7<\/li>\n<li>Akkukapazit\u00e4t: 3000 mAh<\/li>\n<li>220V-Adapter (f\u00fcr den dauerhaften Anschluss an das Stromnetz)<\/li>\n<li>Innenraum-Temperatursensor<\/li>\n<li>\u041e\u0431\u043d\u0430\u0440\u0443\u0436\u0435\u043d\u0438\u0435 \u0434\u0432\u0438\u0436\u0435\u043d\u0438\u044f: \u0414\u0410, \u0446\u0438\u0444\u0440\u043e\u0432\u043e\u0435<\/li>\n<li>\u0424\u043e\u0440\u043c\u0430\u0442 \u0441\u0436\u0430\u0442\u0438\u044f: AVI H.264<\/li>\n<li>\u0412\u0438\u0434\u0435\u043e \u0444\u043e\u0440\u043c\u0430\u0442: Avi<\/li>\n<li>Systeme: \u201eiOS\u201d, \u201eAndroid\u201d, \u201eWindows\u201d<\/li>\n<li>App: \u201eTINY CAM&#8220;<\/li>\n<li>Stromversorgung: aus dem Netz (Steckdose) oder \u00fcber den internen Akku<\/li>\n<li>Wi-Fi: Vorhanden<\/li>\n<li><strong>\u0413\u0410\u0420\u0410\u041d\u0422\u0418\u042f 12 \u043c\u0435\u0441\u044f\u0446\u0435\u0432<\/strong><\/li>\n<\/ul>\n<p><span style=\"color: #d0121a;\"><strong>   <\/strong><\/span><\/p>\n<p>Einsatzbereich: Zum Schutz Ihrer selbst und Ihrer Kinder.<\/p>\n<p><strong>Versteckte Kamera-Wecker mit Wi-Fi-Funktion<\/strong><\/p>\n<p>Jeder von uns m\u00f6chte sich in den eigenen vier W\u00e4nden ausreichend sicher f\u00fchlen, jedoch kommen manchmal aus bestimmten Gr\u00fcnden Zweifel auf, ob tats\u00e4chlich alles so ist, wie man es sich w\u00fcnscht. Genau deshalb muss man gelegentlich zu bestimmten Ma\u00dfnahmen greifen, die helfen, Zweifel auszur\u00e4umen: Der Einsatz einer versteckten Kamera erm\u00f6glicht es herauszufinden, ob minderj\u00e4hrige Kinder sicher sind und ob sich pflegebed\u00fcrftige Eltern wohl f\u00fchlen. Die im Wecker integrierte versteckte Kamera erregt keinerlei Verdacht darauf, dass der Raum \u00fcberwacht werden k\u00f6nnte, sodass sich die anwesenden Personen so verhalten, wie sie es gewohnt sind. Die Verwendung einer versteckten Kamera hilft sehr schnell und ohne gro\u00dfen Aufwand festzustellen, ob Kinder und Wohnung sicher sind und ob sich kranke oder \u00e4ltere Eltern gut f\u00fchlen.<\/p>\n<p><strong>Funktionales Ger\u00e4t<\/strong><\/p>\n<p>Der versteckte Kamera-Wecker \u00fcberzeugt durch seine Funktionalit\u00e4t: Sie k\u00f6nnen dieses Ger\u00e4t t\u00e4glich nutzen und auch dann, wenn Sie heimlich Videoaufnahmen machen m\u00f6chten. Es ist selbstverst\u00e4ndlich, dass derartige Alltagsger\u00e4te keinen Verdacht erregen, sodass Sie unauff\u00e4llig das ben\u00f6tigte Material sammeln und es f\u00fcr die vorgesehenen Zwecke verwenden k\u00f6nnen. Wenn Sie zum Beispiel nicht sicher sind, ob sich die ins Haus kommende Betreuungsperson korrekt um Ihr Kind k\u00fcmmert, hilft Ihnen diese versteckte Videokamera, Zweifel auszur\u00e4umen. Die Sicherheit und das Wohlbefinden der Kinder sind f\u00fcr alle Eltern das Wichtigste, daher kann ein solches Ger\u00e4t dabei helfen, einfacher zu beurteilen, ob die Betreuungsperson ihre Arbeit ordnungsgem\u00e4\u00df erledigt. Die Uhr mit versteckter Kamera zeigt nicht nur die Uhrzeit an und dient als Wecker, sondern zeigt auch die Raumtemperatur an.<\/p>\n<p><strong>Video\u00fcberwachung aus der Ferne<\/strong><\/p>\n<p>Die im Wecker getarnte Kamera erm\u00f6glicht es, die aufgezeichneten Bilder in Echtzeit zu \u00fcberwachen. Die Wi-Fi-Funktion bietet die M\u00f6glichkeit, sich mit einer Internetplattform zu verbinden, auf der die aufgezeichneten Bilder live betrachtet werden k\u00f6nnen, um zu sehen, was aktuell im Raum geschieht. Nat\u00fcrlich ist es nicht immer notwendig, st\u00e4ndig zu kontrollieren, ob sich im \u00fcberwachten Zimmer etwas abspielt, daher verf\u00fcgt dieses Ger\u00e4t \u00fcber eine weitere n\u00fctzliche Funktion: Die Videoaufzeichnung kann erst dann gestartet werden, wenn im Raum eine Bewegung erkannt wird. So wird eine Aufzeichnung vermieden, wenn sich niemand im Raum befindet.<\/p>\n<p><strong>Nacht\u00adsicht\u00adfunktion<\/strong><\/p>\n<p>Ebenfalls vorteilhaft ist, dass diese versteckte Kamera \u00fcber eine Nachtsichtfunktion verf\u00fcgt, die sicherstellt, dass Videoaufnahmen nicht nur bei Tageslicht, sondern auch bei Dunkelheit im Raum m\u00f6glich sind. Es ist naheliegend, dass etwas Wichtiges auch dann passieren kann, wenn das Licht im Raum ausgeschaltet ist, daher sorgt diese Funktion daf\u00fcr, dass Ihnen nichts Relevantes entgeht. Die Installation der Uhr mit versteckter Kamera ist sehr einfach, sodass Sie das Ger\u00e4t nach dem Kauf sofort in Betrieb nehmen k\u00f6nnen.<\/p>\n<p><strong>Gro\u00dfe Einsatzm\u00f6glichkeiten<\/strong><\/p>\n<p>Die Uhr mit versteckter Videokamera kann in sehr vielen Situationen n\u00fctzlich sein: Zwar werden solche Ger\u00e4te meist dann eingesetzt, wenn festgestellt werden soll, ob sich bestimmte Personen wirklich ehrlich verhalten, jedoch muss man sich nicht nur darauf beschr\u00e4nken. Eine Uhr mit versteckter Kamera ist auch dann hilfreich, wenn Sie sich vergewissern m\u00f6chten, dass es bestimmten Personen gut geht. Dies ist beispielsweise besonders relevant, wenn Sie herausfinden m\u00f6chten, ob \u00e4ltere Menschen sicher sind und ob sie keine Hilfe ben\u00f6tigen. Sie haben die M\u00f6glichkeit, die Aufnahmen aus der Ferne zu \u00fcberwachen und k\u00f6nnen, falls etwas Unerwartetes geschieht, schnell Hilfe leisten. Ebenso eignet sich dieses Ger\u00e4t hervorragend zur Kinder\u00fcberwachung: Die versteckte Kamera hilft herauszufinden, was Ihre Kinder tun, wenn sie allein zu Hause sind, und Sie k\u00f6nnen bei Bedarf rechtzeitig reagieren. Die Uhr mit versteckter Kamera wird h\u00e4ufig auch dann eingesetzt, wenn man sich vor Dieben sch\u00fctzen m\u00f6chte: Die Nachtsichtfunktion und der Bewegungssensor helfen, zu jeder Tages- und Nachtzeit auf bestimmte Ereignisse zu reagieren, und im Bedarfsfall verf\u00fcgen Sie \u00fcber unwiderlegbare Beweise.<\/p>","protected":false},"excerpt":{"rendered":"<p>Technische Parameter: Fernzugriff auf Live-Video: JA Videoaufnahme mit Ton Weckfunktion \u2013 Ja Videoqualit\u00e4t: Live-Ansicht: HD 1920*1080 Fotoaufl\u00f6sung: 1280*720 Sichtwinkel: 120 Grad Bildrate: 25FPS Benachrichtigungen bei&#8230;<\/p>","protected":false},"featured_media":26399,"template":"","meta":[],"etheme_brands":[],"product_brand":[],"product_cat":[204,203,205],"product_tag":[42,707,705,690,693],"class_list":{"0":"post-16523","1":"product","2":"type-product","3":"status-publish","4":"has-post-thumbnail","6":"product_cat-17-getarnte-kameras","7":"product_cat-12-versteckte-kameras","8":"product_cat-27-wlan-minikameras","9":"product_tag-kamera","10":"product_tag-kamera-uhr","11":"product_tag-ueberwachungskamera","12":"product_tag-versteckte-kamera","13":"product_tag-wlan-kamera","14":"pa_typ-tischuhren","16":"first","17":"outofstock","18":"taxable","19":"shipping-taxable","20":"purchasable","21":"product-type-simple"},"yoast_head":"<!-- This site is optimized with the Yoast SEO Premium plugin v25.9 (Yoast SEO v27.4) - https:\/\/yoast.com\/product\/yoast-seo-premium-wordpress\/ -->\n<title>Wecker mit versteckter Kamera und Thermometer Nachtsicht<\/title>\n<meta name=\"description\" content=\"In diesem Wecker ist die Kamera unauff\u00e4llig integriert. Das Bild kann live aus der Ferne \u00fcberwacht werden. Wir liefern kostenlos in ganz Europa. Gro\u00dfe Produktauswahl\" \/>\n<meta name=\"robots\" content=\"index, follow, max-snippet:-1, max-image-preview:large, max-video-preview:-1\" \/>\n<link rel=\"canonical\" href=\"https:\/\/www.ortungsgerate.de\/ru\/12-skrytyje-kamery\/27-wlan-mini-kamery\/budilnik-so-skrytoy-kameroy-i-termometrom-nochnoe-videnie-2\/\" \/>\n<meta property=\"og:locale\" content=\"ru_RU\" \/>\n<meta property=\"og:type\" content=\"article\" \/>\n<meta property=\"og:title\" content=\"Wecker mit versteckter Kamera und Thermometer (Nachtsicht)\" \/>\n<meta property=\"og:description\" content=\"In diesem Wecker ist die Kamera unauff\u00e4llig integriert. Das Bild kann live aus der Ferne \u00fcberwacht werden. Wir liefern kostenlos in ganz Europa. Gro\u00dfe Produktauswahl\" \/>\n<meta property=\"og:url\" content=\"https:\/\/www.ortungsgerate.de\/ru\/12-skrytyje-kamery\/27-wlan-mini-kamery\/budilnik-so-skrytoy-kameroy-i-termometrom-nochnoe-videnie-2\/\" \/>\n<meta property=\"og:site_name\" content=\"Ortungsger\u00e4te.de\" \/>\n<meta property=\"article:modified_time\" content=\"2025-12-01T10:26:01+00:00\" \/>\n<meta property=\"og:image\" content=\"https:\/\/www.ortungsgerate.de\/wp-content\/uploads\/slapta-kamera-zadintuvas-laikrodis.jpg\" \/>\n\t<meta property=\"og:image:width\" content=\"458\" \/>\n\t<meta property=\"og:image:height\" content=\"458\" \/>\n\t<meta property=\"og:image:type\" content=\"image\/jpeg\" \/>\n<meta name=\"twitter:card\" content=\"summary_large_image\" \/>\n<meta name=\"twitter:label1\" content=\"\u041f\u0440\u0438\u043c\u0435\u0440\u043d\u043e\u0435 \u0432\u0440\u0435\u043c\u044f \u0434\u043b\u044f \u0447\u0442\u0435\u043d\u0438\u044f\" \/>\n\t<meta name=\"twitter:data1\" content=\"4 \u043c\u0438\u043d\u0443\u0442\u044b\" \/>\n<script type=\"application\/ld+json\" class=\"yoast-schema-graph\">{\"@context\":\"https:\\\/\\\/schema.org\",\"@graph\":[{\"@type\":\"WebPage\",\"@id\":\"https:\\\/\\\/www.ortungsgerate.de\\\/12-versteckte-kameras\\\/27-wlan-minikameras\\\/wecker-mit-versteckter-kamera-und-thermometer-nachtsicht\\\/\",\"url\":\"https:\\\/\\\/www.ortungsgerate.de\\\/12-versteckte-kameras\\\/27-wlan-minikameras\\\/wecker-mit-versteckter-kamera-und-thermometer-nachtsicht\\\/\",\"name\":\"Wecker mit versteckter Kamera und Thermometer Nachtsicht\",\"isPartOf\":{\"@id\":\"https:\\\/\\\/www.ortungsgerate.de\\\/#website\"},\"primaryImageOfPage\":{\"@id\":\"https:\\\/\\\/www.ortungsgerate.de\\\/12-versteckte-kameras\\\/27-wlan-minikameras\\\/wecker-mit-versteckter-kamera-und-thermometer-nachtsicht\\\/#primaryimage\"},\"image\":{\"@id\":\"https:\\\/\\\/www.ortungsgerate.de\\\/12-versteckte-kameras\\\/27-wlan-minikameras\\\/wecker-mit-versteckter-kamera-und-thermometer-nachtsicht\\\/#primaryimage\"},\"thumbnailUrl\":\"https:\\\/\\\/www.ortungsgerate.de\\\/wp-content\\\/uploads\\\/slapta-kamera-zadintuvas-laikrodis.jpg\",\"datePublished\":\"2024-02-06T19:37:30+00:00\",\"dateModified\":\"2025-12-01T10:26:01+00:00\",\"description\":\"In diesem Wecker ist die Kamera unauff\u00e4llig integriert. Das Bild kann live aus der Ferne \u00fcberwacht werden. Wir liefern kostenlos in ganz Europa. Gro\u00dfe Produktauswahl\",\"breadcrumb\":{\"@id\":\"https:\\\/\\\/www.ortungsgerate.de\\\/12-versteckte-kameras\\\/27-wlan-minikameras\\\/wecker-mit-versteckter-kamera-und-thermometer-nachtsicht\\\/#breadcrumb\"},\"inLanguage\":\"ru-RU\",\"potentialAction\":[{\"@type\":\"ReadAction\",\"target\":[\"https:\\\/\\\/www.ortungsgerate.de\\\/12-versteckte-kameras\\\/27-wlan-minikameras\\\/wecker-mit-versteckter-kamera-und-thermometer-nachtsicht\\\/\"]}]},{\"@type\":\"ImageObject\",\"inLanguage\":\"ru-RU\",\"@id\":\"https:\\\/\\\/www.ortungsgerate.de\\\/12-versteckte-kameras\\\/27-wlan-minikameras\\\/wecker-mit-versteckter-kamera-und-thermometer-nachtsicht\\\/#primaryimage\",\"url\":\"https:\\\/\\\/www.ortungsgerate.de\\\/wp-content\\\/uploads\\\/slapta-kamera-zadintuvas-laikrodis.jpg\",\"contentUrl\":\"https:\\\/\\\/www.ortungsgerate.de\\\/wp-content\\\/uploads\\\/slapta-kamera-zadintuvas-laikrodis.jpg\",\"width\":458,\"height\":458,\"caption\":\"versteckte Kamera Wecker Uhr\"},{\"@type\":\"BreadcrumbList\",\"@id\":\"https:\\\/\\\/www.ortungsgerate.de\\\/12-versteckte-kameras\\\/27-wlan-minikameras\\\/wecker-mit-versteckter-kamera-und-thermometer-nachtsicht\\\/#breadcrumb\",\"itemListElement\":[{\"@type\":\"ListItem\",\"position\":1,\"name\":\"Startseite\",\"item\":\"https:\\\/\\\/www.ortungsgerate.de\\\/\"},{\"@type\":\"ListItem\",\"position\":2,\"name\":\"Shop\",\"item\":\"https:\\\/\\\/www.ortungsgerate.de\\\/shop\\\/\"},{\"@type\":\"ListItem\",\"position\":3,\"name\":\"Wecker mit versteckter Kamera und Thermometer (Nachtsicht)\"}]},{\"@type\":\"WebSite\",\"@id\":\"https:\\\/\\\/www.ortungsgerate.de\\\/#website\",\"url\":\"https:\\\/\\\/www.ortungsgerate.de\\\/\",\"name\":\"Ortungsgerate.de\",\"description\":\"\",\"publisher\":{\"@id\":\"https:\\\/\\\/www.ortungsgerate.de\\\/#organization\"},\"potentialAction\":[{\"@type\":\"SearchAction\",\"target\":{\"@type\":\"EntryPoint\",\"urlTemplate\":\"https:\\\/\\\/www.ortungsgerate.de\\\/?s={search_term_string}\"},\"query-input\":{\"@type\":\"PropertyValueSpecification\",\"valueRequired\":true,\"valueName\":\"search_term_string\"}}],\"inLanguage\":\"ru-RU\"},{\"@type\":\"Organization\",\"@id\":\"https:\\\/\\\/www.ortungsgerate.de\\\/#organization\",\"name\":\"Ortungsgerate.de\",\"url\":\"https:\\\/\\\/www.ortungsgerate.de\\\/\",\"logo\":{\"@type\":\"ImageObject\",\"inLanguage\":\"ru-RU\",\"@id\":\"https:\\\/\\\/www.ortungsgerate.de\\\/#\\\/schema\\\/logo\\\/image\\\/\",\"url\":\"https:\\\/\\\/www.ortungsgerate.de\\\/wp-content\\\/uploads\\\/ortungsgerate.png\",\"contentUrl\":\"https:\\\/\\\/www.ortungsgerate.de\\\/wp-content\\\/uploads\\\/ortungsgerate.png\",\"width\":500,\"height\":135,\"caption\":\"Ortungsgerate.de\"},\"image\":{\"@id\":\"https:\\\/\\\/www.ortungsgerate.de\\\/#\\\/schema\\\/logo\\\/image\\\/\"}}]}<\/script>\n<!-- \/ Yoast SEO Premium plugin. -->","yoast_head_json":{"title":"Wecker mit versteckter Kamera und Thermometer Nachtsicht","description":"In diesem Wecker ist die Kamera unauff\u00e4llig integriert. Das Bild kann live aus der Ferne \u00fcberwacht werden. Wir liefern kostenlos in ganz Europa. Gro\u00dfe Produktauswahl","robots":{"index":"index","follow":"follow","max-snippet":"max-snippet:-1","max-image-preview":"max-image-preview:large","max-video-preview":"max-video-preview:-1"},"canonical":"https:\/\/www.ortungsgerate.de\/ru\/12-skrytyje-kamery\/27-wlan-mini-kamery\/budilnik-so-skrytoy-kameroy-i-termometrom-nochnoe-videnie-2\/","og_locale":"ru_RU","og_type":"article","og_title":"Wecker mit versteckter Kamera und Thermometer (Nachtsicht)","og_description":"In diesem Wecker ist die Kamera unauff\u00e4llig integriert. Das Bild kann live aus der Ferne \u00fcberwacht werden. Wir liefern kostenlos in ganz Europa. Gro\u00dfe Produktauswahl","og_url":"https:\/\/www.ortungsgerate.de\/ru\/12-skrytyje-kamery\/27-wlan-mini-kamery\/budilnik-so-skrytoy-kameroy-i-termometrom-nochnoe-videnie-2\/","og_site_name":"Ortungsger\u00e4te.de","article_modified_time":"2025-12-01T10:26:01+00:00","og_image":[{"width":458,"height":458,"url":"https:\/\/www.ortungsgerate.de\/wp-content\/uploads\/slapta-kamera-zadintuvas-laikrodis.jpg","type":"image\/jpeg"}],"twitter_card":"summary_large_image","twitter_misc":{"\u041f\u0440\u0438\u043c\u0435\u0440\u043d\u043e\u0435 \u0432\u0440\u0435\u043c\u044f \u0434\u043b\u044f \u0447\u0442\u0435\u043d\u0438\u044f":"4 \u043c\u0438\u043d\u0443\u0442\u044b"},"schema":{"@context":"https:\/\/schema.org","@graph":[{"@type":"WebPage","@id":"https:\/\/www.ortungsgerate.de\/12-versteckte-kameras\/27-wlan-minikameras\/wecker-mit-versteckter-kamera-und-thermometer-nachtsicht\/","url":"https:\/\/www.ortungsgerate.de\/12-versteckte-kameras\/27-wlan-minikameras\/wecker-mit-versteckter-kamera-und-thermometer-nachtsicht\/","name":"Wecker mit versteckter Kamera und Thermometer Nachtsicht","isPartOf":{"@id":"https:\/\/www.ortungsgerate.de\/#website"},"primaryImageOfPage":{"@id":"https:\/\/www.ortungsgerate.de\/12-versteckte-kameras\/27-wlan-minikameras\/wecker-mit-versteckter-kamera-und-thermometer-nachtsicht\/#primaryimage"},"image":{"@id":"https:\/\/www.ortungsgerate.de\/12-versteckte-kameras\/27-wlan-minikameras\/wecker-mit-versteckter-kamera-und-thermometer-nachtsicht\/#primaryimage"},"thumbnailUrl":"https:\/\/www.ortungsgerate.de\/wp-content\/uploads\/slapta-kamera-zadintuvas-laikrodis.jpg","datePublished":"2024-02-06T19:37:30+00:00","dateModified":"2025-12-01T10:26:01+00:00","description":"In diesem Wecker ist die Kamera unauff\u00e4llig integriert. Das Bild kann live aus der Ferne \u00fcberwacht werden. Wir liefern kostenlos in ganz Europa. Gro\u00dfe Produktauswahl","breadcrumb":{"@id":"https:\/\/www.ortungsgerate.de\/12-versteckte-kameras\/27-wlan-minikameras\/wecker-mit-versteckter-kamera-und-thermometer-nachtsicht\/#breadcrumb"},"inLanguage":"ru-RU","potentialAction":[{"@type":"ReadAction","target":["https:\/\/www.ortungsgerate.de\/12-versteckte-kameras\/27-wlan-minikameras\/wecker-mit-versteckter-kamera-und-thermometer-nachtsicht\/"]}]},{"@type":"ImageObject","inLanguage":"ru-RU","@id":"https:\/\/www.ortungsgerate.de\/12-versteckte-kameras\/27-wlan-minikameras\/wecker-mit-versteckter-kamera-und-thermometer-nachtsicht\/#primaryimage","url":"https:\/\/www.ortungsgerate.de\/wp-content\/uploads\/slapta-kamera-zadintuvas-laikrodis.jpg","contentUrl":"https:\/\/www.ortungsgerate.de\/wp-content\/uploads\/slapta-kamera-zadintuvas-laikrodis.jpg","width":458,"height":458,"caption":"versteckte Kamera Wecker Uhr"},{"@type":"BreadcrumbList","@id":"https:\/\/www.ortungsgerate.de\/12-versteckte-kameras\/27-wlan-minikameras\/wecker-mit-versteckter-kamera-und-thermometer-nachtsicht\/#breadcrumb","itemListElement":[{"@type":"ListItem","position":1,"name":"Startseite","item":"https:\/\/www.ortungsgerate.de\/"},{"@type":"ListItem","position":2,"name":"Shop","item":"https:\/\/www.ortungsgerate.de\/shop\/"},{"@type":"ListItem","position":3,"name":"Wecker mit versteckter Kamera und Thermometer (Nachtsicht)"}]},{"@type":"WebSite","@id":"https:\/\/www.ortungsgerate.de\/#website","url":"https:\/\/www.ortungsgerate.de\/","name":"Ortungsgerate.de","description":"","publisher":{"@id":"https:\/\/www.ortungsgerate.de\/#organization"},"potentialAction":[{"@type":"SearchAction","target":{"@type":"EntryPoint","urlTemplate":"https:\/\/www.ortungsgerate.de\/?s={search_term_string}"},"query-input":{"@type":"PropertyValueSpecification","valueRequired":true,"valueName":"search_term_string"}}],"inLanguage":"ru-RU"},{"@type":"Organization","@id":"https:\/\/www.ortungsgerate.de\/#organization","name":"Ortungsgerate.de","url":"https:\/\/www.ortungsgerate.de\/","logo":{"@type":"ImageObject","inLanguage":"ru-RU","@id":"https:\/\/www.ortungsgerate.de\/#\/schema\/logo\/image\/","url":"https:\/\/www.ortungsgerate.de\/wp-content\/uploads\/ortungsgerate.png","contentUrl":"https:\/\/www.ortungsgerate.de\/wp-content\/uploads\/ortungsgerate.png","width":500,"height":135,"caption":"Ortungsgerate.de"},"image":{"@id":"https:\/\/www.ortungsgerate.de\/#\/schema\/logo\/image\/"}}]}},"_links":{"self":[{"href":"https:\/\/www.ortungsgerate.de\/ru\/wp-json\/wp\/v2\/product\/16523","targetHints":{"allow":["GET"]}}],"collection":[{"href":"https:\/\/www.ortungsgerate.de\/ru\/wp-json\/wp\/v2\/product"}],"about":[{"href":"https:\/\/www.ortungsgerate.de\/ru\/wp-json\/wp\/v2\/types\/product"}],"version-history":[{"count":0,"href":"https:\/\/www.ortungsgerate.de\/ru\/wp-json\/wp\/v2\/product\/16523\/revisions"}],"wp:featuredmedia":[{"embeddable":true,"href":"https:\/\/www.ortungsgerate.de\/ru\/wp-json\/wp\/v2\/media\/26399"}],"wp:attachment":[{"href":"https:\/\/www.ortungsgerate.de\/ru\/wp-json\/wp\/v2\/media?parent=16523"}],"wp:term":[{"taxonomy":"brand","embeddable":true,"href":"https:\/\/www.ortungsgerate.de\/ru\/wp-json\/wp\/v2\/etheme_brands?post=16523"},{"taxonomy":"product_brand","embeddable":true,"href":"https:\/\/www.ortungsgerate.de\/ru\/wp-json\/wp\/v2\/product_brand?post=16523"},{"taxonomy":"product_cat","embeddable":true,"href":"https:\/\/www.ortungsgerate.de\/ru\/wp-json\/wp\/v2\/product_cat?post=16523"},{"taxonomy":"product_tag","embeddable":true,"href":"https:\/\/www.ortungsgerate.de\/ru\/wp-json\/wp\/v2\/product_tag?post=16523"}],"curies":[{"name":"wp","href":"https:\/\/api.w.org\/{rel}","templated":true}]}}