{"id":16524,"date":"2024-02-06T21:36:22","date_gmt":"2024-02-06T19:36:22","guid":{"rendered":"https:\/\/ortungsgerate.de\/be-kategorijos\/slapta-wifi-kamera-uzmaskuota-laikrodyje-full-hd-judesio-daviklis\/"},"modified":"2026-03-18T21:02:03","modified_gmt":"2026-03-18T20:02:03","slug":"skrytaya-wifi-kamera-v-korpuse-chasov-full-hd-s-datchikom-dvizheniya","status":"publish","type":"product","link":"https:\/\/www.ortungsgerate.de\/ru\/12-skrytyje-kamery\/17-zamaskirovanyje-kamery\/skrytaya-wifi-kamera-v-korpuse-chasov-full-hd-s-datchikom-dvizheniya\/","title":{"rendered":"\u0421\u043a\u0440\u044b\u0442\u0430\u044f WiFi \u043a\u0430\u043c\u0435\u0440\u0430 \u0432 \u043a\u043e\u0440\u043f\u0443\u0441\u0435 \u0447\u0430\u0441\u043e\u0432 Full HD \u0441 \u0434\u0430\u0442\u0447\u0438\u043a\u043e\u043c \u0434\u0432\u0438\u0436\u0435\u043d\u0438\u044f"},"content":{"rendered":"<p>\u0410\u041a\u0426\u0418\u042f: Micro SD 32GB \u0432 \u043f\u043e\u0434\u0430\u0440\u043e\u043a<\/p>\n<h3><strong>Techniniai parametrai:<\/strong><\/h3>\n<ul>\n<li>Unterst\u00fctzung f\u00fcr Speicherkarten: micro SD \/ TF bis 32 GB (nicht enthalten)<\/li>\n<li>Videoaufnahme mit Ton<\/li>\n<li>\u0420\u0430\u0437\u0440\u0435\u0448\u0435\u043d\u0438\u0435 \u0432\u0438\u0434\u0435\u043e: FULL HD<\/li>\n<li>Videoformat: MJPEG | 30fps<\/li>\n<li>Aufnahmewinkel: 160 Grad<\/li>\n<li>Videoaufzeichnung bei Bewegungserkennung: JA<\/li>\n<li>Nachtmodus: JA, 12 Infrarot-LEDs<\/li>\n<li>WIFI: 802.11 b \/ g \/ n Standard \u2013 Geschwindigkeit bis zu 150Mbps<\/li>\n<li>Unterst\u00fctzte Protokolle: HTTP, DHCP, DDNS, RTSP, PPPoE<\/li>\n<li>Akkulaufzeit bei Aufnahme: ca. 3 Stunden oder ununterbrochen bei permanenter Stromversorgung<\/li>\n<li>Stromversorgung: DC 5V \/ 2.0A<\/li>\n<li>USB-Standard: 2.0 (High-Speed)<\/li>\n<li>Arbeitstemperatur: 0-55 \u00b0<\/li>\n<li>Kompatibilit\u00e4t: Windows, MAC<\/li>\n<li>Akku 3000 mAH<\/li>\n<li>Adapter 220V (f\u00fcr den dauerhaften Anschluss an das Stromnetz<\/li>\n<li>Abmessungen: 95mm x 33mm x 44mm<\/li>\n<li>Farbe: Schwarz<\/li>\n<li>Lieferumfang: Uhr, USB-Kabel, USB-Ladeger\u00e4t, Bedienungsanleitung, Originalverpackung.<\/li>\n<li><strong>\u0413\u0410\u0420\u0410\u041d\u0422\u0418\u042f 12 \u043c\u0435\u0441\u044f\u0446\u0435\u0432<\/strong><\/li>\n<\/ul>\n<p>Verwendung: Zum Schutz Ihrer selbst und Ihrer Kinder.<\/p>\n<p>M\u00f6glichkeit, Videoaufnahmen direkt auf das Telefon zu \u00fcbertragen (Android oder iOS). Alles, was Sie ben\u00f6tigen, ist, das Ger\u00e4t mit dem heimischen WLAN-Netzwerk zu verbinden, damit Sie das Livebild von \u00fcberall dort aus ansehen k\u00f6nnen, wo es Internet gibt (weltweit). Die Kamera unterst\u00fctzt microSD-Karten bis 32GB. Im Set ist ein USB-Ladeger\u00e4t enthalten, bei angeschlossener Uhr wird das Bild 365 Tage im Jahr ununterbrochen aufgezeichnet. Die \u201eWi-Fi\u201c-Funktion erm\u00f6glicht es, das Bild direkt auf ein Android- oder iOS-Telefon zu \u00fcbertragen. Alles, was Sie tun m\u00fcssen, ist, Ihr Ger\u00e4t mit dem heimischen \u201eWi-Fi\u201c-Netzwerk zu verbinden, um von jedem Ort der Welt darauf zugreifen zu k\u00f6nnen. Mit den Tasten an der Oberseite stellen Sie leicht die Uhrzeit oder den Wecker ein. Die Uhr verf\u00fcgt \u00fcber einen integrierten Bewegungssensor \u2013 wenn die Bewegungserkennung eingestellt ist (\u00fcber das Mobiltelefon), beginnt die Videoaufnahme sofort, sobald im Raum eine Bewegung erkannt wird. Alternativ kann eine Benachrichtigung auf dem Telefon eingestellt werden. Ununterbrochene Videoaufzeichnung: Mit dieser Funktion wird das Bild rund um die Uhr aufgezeichnet (\u00dcberschreibmodus) \u2013 wenn der gesamte Speicher belegt ist, werden alte Aufnahmen gel\u00f6scht \u2013 diese Einstellungen k\u00f6nnen \u00fcber das Mobiltelefon vorgenommen werden (es ist erforderlich, eine App zu installieren)<\/p>\n<div class=\"iframe-container\"><\/div>","protected":false},"excerpt":{"rendered":"<p>AKTION: Micro SD 32GB als Geschenk Techniniai parametrai: Unterst\u00fctzung f\u00fcr Speicherkarten: micro SD \/ TF bis 32 GB (nicht enthalten) Videoaufnahme mit Ton Videoaufl\u00f6sung: FULL&#8230;<\/p>","protected":false},"featured_media":1354,"template":"","meta":[],"etheme_brands":[],"product_brand":[],"product_cat":[204,203,205],"product_tag":[100,705,781,690,693,782],"class_list":{"0":"post-16524","1":"product","2":"type-product","3":"status-publish","4":"has-post-thumbnail","6":"product_cat-17-getarnte-kameras","7":"product_cat-12-versteckte-kameras","8":"product_cat-27-wlan-minikameras","9":"product_tag-ip-kamera","10":"product_tag-ueberwachungskamera","11":"product_tag-ueberwachungskameras","12":"product_tag-versteckte-kamera","13":"product_tag-wlan-kamera","14":"product_tag-wlan-ueberwachungskamera","15":"pa_typ-tischuhren","17":"first","18":"instock","19":"sale","20":"taxable","21":"shipping-taxable","22":"purchasable","23":"product-type-simple"},"yoast_head":"<!-- This site is optimized with the Yoast SEO Premium plugin v25.9 (Yoast SEO v27.4) - https:\/\/yoast.com\/product\/yoast-seo-premium-wordpress\/ -->\n<title>WLAN-Uhr mit integrierter versteckter \u00dcberwachungskamera Full HD<\/title>\n<meta name=\"description\" content=\"WLAN-Uhr mit integrierter verdeckter \u00dcberwachungskamera Full HD Bewegungssensor Eine der besten getarnten Kameras in einer Uhr auf dem Markt Weiter \u00dcberwachungswinkel 160\" \/>\n<meta name=\"robots\" content=\"index, follow, max-snippet:-1, max-image-preview:large, max-video-preview:-1\" \/>\n<link rel=\"canonical\" href=\"https:\/\/www.ortungsgerate.de\/ru\/12-skrytyje-kamery\/27-wlan-mini-kamery\/skrytaya-wifi-kamera-v-korpuse-chasov-full-hd-s-datchikom-dvizheniya\/\" \/>\n<meta property=\"og:locale\" content=\"ru_RU\" \/>\n<meta property=\"og:type\" content=\"article\" \/>\n<meta property=\"og:title\" content=\"Verborgene WiFi Kamera im Uhrgeh\u00e4use Full HD mit Bewegungsmelder\" \/>\n<meta property=\"og:description\" content=\"WLAN-Uhr mit integrierter verdeckter \u00dcberwachungskamera Full HD Bewegungssensor Eine der besten getarnten Kameras in einer Uhr auf dem Markt Weiter \u00dcberwachungswinkel 160\" \/>\n<meta property=\"og:url\" content=\"https:\/\/www.ortungsgerate.de\/ru\/12-skrytyje-kamery\/27-wlan-mini-kamery\/skrytaya-wifi-kamera-v-korpuse-chasov-full-hd-s-datchikom-dvizheniya\/\" \/>\n<meta property=\"og:site_name\" content=\"Ortungsger\u00e4te.de\" \/>\n<meta property=\"article:modified_time\" content=\"2026-03-18T20:02:03+00:00\" \/>\n<meta property=\"og:image\" content=\"https:\/\/www.ortungsgerate.de\/wp-content\/uploads\/slapta-wifi-kamera-uzmaskuota-laikrodyje-full-hd-judesio-daviklis-stebejimas-online-2.jpg\" \/>\n\t<meta property=\"og:image:width\" content=\"458\" \/>\n\t<meta property=\"og:image:height\" content=\"458\" \/>\n\t<meta property=\"og:image:type\" content=\"image\/jpeg\" \/>\n<meta name=\"twitter:card\" content=\"summary_large_image\" \/>\n<meta name=\"twitter:label1\" content=\"\u041f\u0440\u0438\u043c\u0435\u0440\u043d\u043e\u0435 \u0432\u0440\u0435\u043c\u044f \u0434\u043b\u044f \u0447\u0442\u0435\u043d\u0438\u044f\" \/>\n\t<meta name=\"twitter:data1\" content=\"2 \u043c\u0438\u043d\u0443\u0442\u044b\" \/>\n<script type=\"application\/ld+json\" class=\"yoast-schema-graph\">{\"@context\":\"https:\\\/\\\/schema.org\",\"@graph\":[{\"@type\":\"WebPage\",\"@id\":\"https:\\\/\\\/www.ortungsgerate.de\\\/12-versteckte-kameras\\\/27-wlan-minikameras\\\/verborgene-wifi-kamera-im-uhrgehaeuse-full-hd-mit-bewegungsmelder\\\/\",\"url\":\"https:\\\/\\\/www.ortungsgerate.de\\\/12-versteckte-kameras\\\/27-wlan-minikameras\\\/verborgene-wifi-kamera-im-uhrgehaeuse-full-hd-mit-bewegungsmelder\\\/\",\"name\":\"WLAN-Uhr mit integrierter versteckter \u00dcberwachungskamera Full HD\",\"isPartOf\":{\"@id\":\"https:\\\/\\\/www.ortungsgerate.de\\\/#website\"},\"primaryImageOfPage\":{\"@id\":\"https:\\\/\\\/www.ortungsgerate.de\\\/12-versteckte-kameras\\\/27-wlan-minikameras\\\/verborgene-wifi-kamera-im-uhrgehaeuse-full-hd-mit-bewegungsmelder\\\/#primaryimage\"},\"image\":{\"@id\":\"https:\\\/\\\/www.ortungsgerate.de\\\/12-versteckte-kameras\\\/27-wlan-minikameras\\\/verborgene-wifi-kamera-im-uhrgehaeuse-full-hd-mit-bewegungsmelder\\\/#primaryimage\"},\"thumbnailUrl\":\"https:\\\/\\\/www.ortungsgerate.de\\\/wp-content\\\/uploads\\\/slapta-wifi-kamera-uzmaskuota-laikrodyje-full-hd-judesio-daviklis-stebejimas-online-2.jpg\",\"datePublished\":\"2024-02-06T19:36:22+00:00\",\"dateModified\":\"2026-03-18T20:02:03+00:00\",\"description\":\"WLAN-Uhr mit integrierter verdeckter \u00dcberwachungskamera Full HD Bewegungssensor Eine der besten getarnten Kameras in einer Uhr auf dem Markt Weiter \u00dcberwachungswinkel 160\",\"breadcrumb\":{\"@id\":\"https:\\\/\\\/www.ortungsgerate.de\\\/12-versteckte-kameras\\\/27-wlan-minikameras\\\/verborgene-wifi-kamera-im-uhrgehaeuse-full-hd-mit-bewegungsmelder\\\/#breadcrumb\"},\"inLanguage\":\"ru-RU\",\"potentialAction\":[{\"@type\":\"ReadAction\",\"target\":[\"https:\\\/\\\/www.ortungsgerate.de\\\/12-versteckte-kameras\\\/27-wlan-minikameras\\\/verborgene-wifi-kamera-im-uhrgehaeuse-full-hd-mit-bewegungsmelder\\\/\"]}]},{\"@type\":\"ImageObject\",\"inLanguage\":\"ru-RU\",\"@id\":\"https:\\\/\\\/www.ortungsgerate.de\\\/12-versteckte-kameras\\\/27-wlan-minikameras\\\/verborgene-wifi-kamera-im-uhrgehaeuse-full-hd-mit-bewegungsmelder\\\/#primaryimage\",\"url\":\"https:\\\/\\\/www.ortungsgerate.de\\\/wp-content\\\/uploads\\\/slapta-wifi-kamera-uzmaskuota-laikrodyje-full-hd-judesio-daviklis-stebejimas-online-2.jpg\",\"contentUrl\":\"https:\\\/\\\/www.ortungsgerate.de\\\/wp-content\\\/uploads\\\/slapta-wifi-kamera-uzmaskuota-laikrodyje-full-hd-judesio-daviklis-stebejimas-online-2.jpg\",\"width\":458,\"height\":458,\"caption\":\"Uhr Kamera\"},{\"@type\":\"BreadcrumbList\",\"@id\":\"https:\\\/\\\/www.ortungsgerate.de\\\/12-versteckte-kameras\\\/27-wlan-minikameras\\\/verborgene-wifi-kamera-im-uhrgehaeuse-full-hd-mit-bewegungsmelder\\\/#breadcrumb\",\"itemListElement\":[{\"@type\":\"ListItem\",\"position\":1,\"name\":\"Startseite\",\"item\":\"https:\\\/\\\/www.ortungsgerate.de\\\/\"},{\"@type\":\"ListItem\",\"position\":2,\"name\":\"Shop\",\"item\":\"https:\\\/\\\/www.ortungsgerate.de\\\/shop\\\/\"},{\"@type\":\"ListItem\",\"position\":3,\"name\":\"Verborgene WiFi Kamera im Uhrgeh\u00e4use Full HD mit Bewegungsmelder\"}]},{\"@type\":\"WebSite\",\"@id\":\"https:\\\/\\\/www.ortungsgerate.de\\\/#website\",\"url\":\"https:\\\/\\\/www.ortungsgerate.de\\\/\",\"name\":\"Ortungsgerate.de\",\"description\":\"\",\"publisher\":{\"@id\":\"https:\\\/\\\/www.ortungsgerate.de\\\/#organization\"},\"potentialAction\":[{\"@type\":\"SearchAction\",\"target\":{\"@type\":\"EntryPoint\",\"urlTemplate\":\"https:\\\/\\\/www.ortungsgerate.de\\\/?s={search_term_string}\"},\"query-input\":{\"@type\":\"PropertyValueSpecification\",\"valueRequired\":true,\"valueName\":\"search_term_string\"}}],\"inLanguage\":\"ru-RU\"},{\"@type\":\"Organization\",\"@id\":\"https:\\\/\\\/www.ortungsgerate.de\\\/#organization\",\"name\":\"Ortungsgerate.de\",\"url\":\"https:\\\/\\\/www.ortungsgerate.de\\\/\",\"logo\":{\"@type\":\"ImageObject\",\"inLanguage\":\"ru-RU\",\"@id\":\"https:\\\/\\\/www.ortungsgerate.de\\\/#\\\/schema\\\/logo\\\/image\\\/\",\"url\":\"https:\\\/\\\/www.ortungsgerate.de\\\/wp-content\\\/uploads\\\/ortungsgerate.png\",\"contentUrl\":\"https:\\\/\\\/www.ortungsgerate.de\\\/wp-content\\\/uploads\\\/ortungsgerate.png\",\"width\":500,\"height\":135,\"caption\":\"Ortungsgerate.de\"},\"image\":{\"@id\":\"https:\\\/\\\/www.ortungsgerate.de\\\/#\\\/schema\\\/logo\\\/image\\\/\"}}]}<\/script>\n<!-- \/ Yoast SEO Premium plugin. -->","yoast_head_json":{"title":"WLAN-Uhr mit integrierter versteckter \u00dcberwachungskamera Full HD","description":"WLAN-Uhr mit integrierter verdeckter \u00dcberwachungskamera Full HD Bewegungssensor Eine der besten getarnten Kameras in einer Uhr auf dem Markt Weiter \u00dcberwachungswinkel 160","robots":{"index":"index","follow":"follow","max-snippet":"max-snippet:-1","max-image-preview":"max-image-preview:large","max-video-preview":"max-video-preview:-1"},"canonical":"https:\/\/www.ortungsgerate.de\/ru\/12-skrytyje-kamery\/27-wlan-mini-kamery\/skrytaya-wifi-kamera-v-korpuse-chasov-full-hd-s-datchikom-dvizheniya\/","og_locale":"ru_RU","og_type":"article","og_title":"Verborgene WiFi Kamera im Uhrgeh\u00e4use Full HD mit Bewegungsmelder","og_description":"WLAN-Uhr mit integrierter verdeckter \u00dcberwachungskamera Full HD Bewegungssensor Eine der besten getarnten Kameras in einer Uhr auf dem Markt Weiter \u00dcberwachungswinkel 160","og_url":"https:\/\/www.ortungsgerate.de\/ru\/12-skrytyje-kamery\/27-wlan-mini-kamery\/skrytaya-wifi-kamera-v-korpuse-chasov-full-hd-s-datchikom-dvizheniya\/","og_site_name":"Ortungsger\u00e4te.de","article_modified_time":"2026-03-18T20:02:03+00:00","og_image":[{"width":458,"height":458,"url":"https:\/\/www.ortungsgerate.de\/wp-content\/uploads\/slapta-wifi-kamera-uzmaskuota-laikrodyje-full-hd-judesio-daviklis-stebejimas-online-2.jpg","type":"image\/jpeg"}],"twitter_card":"summary_large_image","twitter_misc":{"\u041f\u0440\u0438\u043c\u0435\u0440\u043d\u043e\u0435 \u0432\u0440\u0435\u043c\u044f \u0434\u043b\u044f \u0447\u0442\u0435\u043d\u0438\u044f":"2 \u043c\u0438\u043d\u0443\u0442\u044b"},"schema":{"@context":"https:\/\/schema.org","@graph":[{"@type":"WebPage","@id":"https:\/\/www.ortungsgerate.de\/12-versteckte-kameras\/27-wlan-minikameras\/verborgene-wifi-kamera-im-uhrgehaeuse-full-hd-mit-bewegungsmelder\/","url":"https:\/\/www.ortungsgerate.de\/12-versteckte-kameras\/27-wlan-minikameras\/verborgene-wifi-kamera-im-uhrgehaeuse-full-hd-mit-bewegungsmelder\/","name":"WLAN-Uhr mit integrierter versteckter \u00dcberwachungskamera Full HD","isPartOf":{"@id":"https:\/\/www.ortungsgerate.de\/#website"},"primaryImageOfPage":{"@id":"https:\/\/www.ortungsgerate.de\/12-versteckte-kameras\/27-wlan-minikameras\/verborgene-wifi-kamera-im-uhrgehaeuse-full-hd-mit-bewegungsmelder\/#primaryimage"},"image":{"@id":"https:\/\/www.ortungsgerate.de\/12-versteckte-kameras\/27-wlan-minikameras\/verborgene-wifi-kamera-im-uhrgehaeuse-full-hd-mit-bewegungsmelder\/#primaryimage"},"thumbnailUrl":"https:\/\/www.ortungsgerate.de\/wp-content\/uploads\/slapta-wifi-kamera-uzmaskuota-laikrodyje-full-hd-judesio-daviklis-stebejimas-online-2.jpg","datePublished":"2024-02-06T19:36:22+00:00","dateModified":"2026-03-18T20:02:03+00:00","description":"WLAN-Uhr mit integrierter verdeckter \u00dcberwachungskamera Full HD Bewegungssensor Eine der besten getarnten Kameras in einer Uhr auf dem Markt Weiter \u00dcberwachungswinkel 160","breadcrumb":{"@id":"https:\/\/www.ortungsgerate.de\/12-versteckte-kameras\/27-wlan-minikameras\/verborgene-wifi-kamera-im-uhrgehaeuse-full-hd-mit-bewegungsmelder\/#breadcrumb"},"inLanguage":"ru-RU","potentialAction":[{"@type":"ReadAction","target":["https:\/\/www.ortungsgerate.de\/12-versteckte-kameras\/27-wlan-minikameras\/verborgene-wifi-kamera-im-uhrgehaeuse-full-hd-mit-bewegungsmelder\/"]}]},{"@type":"ImageObject","inLanguage":"ru-RU","@id":"https:\/\/www.ortungsgerate.de\/12-versteckte-kameras\/27-wlan-minikameras\/verborgene-wifi-kamera-im-uhrgehaeuse-full-hd-mit-bewegungsmelder\/#primaryimage","url":"https:\/\/www.ortungsgerate.de\/wp-content\/uploads\/slapta-wifi-kamera-uzmaskuota-laikrodyje-full-hd-judesio-daviklis-stebejimas-online-2.jpg","contentUrl":"https:\/\/www.ortungsgerate.de\/wp-content\/uploads\/slapta-wifi-kamera-uzmaskuota-laikrodyje-full-hd-judesio-daviklis-stebejimas-online-2.jpg","width":458,"height":458,"caption":"Uhr Kamera"},{"@type":"BreadcrumbList","@id":"https:\/\/www.ortungsgerate.de\/12-versteckte-kameras\/27-wlan-minikameras\/verborgene-wifi-kamera-im-uhrgehaeuse-full-hd-mit-bewegungsmelder\/#breadcrumb","itemListElement":[{"@type":"ListItem","position":1,"name":"Startseite","item":"https:\/\/www.ortungsgerate.de\/"},{"@type":"ListItem","position":2,"name":"Shop","item":"https:\/\/www.ortungsgerate.de\/shop\/"},{"@type":"ListItem","position":3,"name":"Verborgene WiFi Kamera im Uhrgeh\u00e4use Full HD mit Bewegungsmelder"}]},{"@type":"WebSite","@id":"https:\/\/www.ortungsgerate.de\/#website","url":"https:\/\/www.ortungsgerate.de\/","name":"Ortungsgerate.de","description":"","publisher":{"@id":"https:\/\/www.ortungsgerate.de\/#organization"},"potentialAction":[{"@type":"SearchAction","target":{"@type":"EntryPoint","urlTemplate":"https:\/\/www.ortungsgerate.de\/?s={search_term_string}"},"query-input":{"@type":"PropertyValueSpecification","valueRequired":true,"valueName":"search_term_string"}}],"inLanguage":"ru-RU"},{"@type":"Organization","@id":"https:\/\/www.ortungsgerate.de\/#organization","name":"Ortungsgerate.de","url":"https:\/\/www.ortungsgerate.de\/","logo":{"@type":"ImageObject","inLanguage":"ru-RU","@id":"https:\/\/www.ortungsgerate.de\/#\/schema\/logo\/image\/","url":"https:\/\/www.ortungsgerate.de\/wp-content\/uploads\/ortungsgerate.png","contentUrl":"https:\/\/www.ortungsgerate.de\/wp-content\/uploads\/ortungsgerate.png","width":500,"height":135,"caption":"Ortungsgerate.de"},"image":{"@id":"https:\/\/www.ortungsgerate.de\/#\/schema\/logo\/image\/"}}]}},"_links":{"self":[{"href":"https:\/\/www.ortungsgerate.de\/ru\/wp-json\/wp\/v2\/product\/16524","targetHints":{"allow":["GET"]}}],"collection":[{"href":"https:\/\/www.ortungsgerate.de\/ru\/wp-json\/wp\/v2\/product"}],"about":[{"href":"https:\/\/www.ortungsgerate.de\/ru\/wp-json\/wp\/v2\/types\/product"}],"version-history":[{"count":0,"href":"https:\/\/www.ortungsgerate.de\/ru\/wp-json\/wp\/v2\/product\/16524\/revisions"}],"wp:featuredmedia":[{"embeddable":true,"href":"https:\/\/www.ortungsgerate.de\/ru\/wp-json\/wp\/v2\/media\/1354"}],"wp:attachment":[{"href":"https:\/\/www.ortungsgerate.de\/ru\/wp-json\/wp\/v2\/media?parent=16524"}],"wp:term":[{"taxonomy":"brand","embeddable":true,"href":"https:\/\/www.ortungsgerate.de\/ru\/wp-json\/wp\/v2\/etheme_brands?post=16524"},{"taxonomy":"product_brand","embeddable":true,"href":"https:\/\/www.ortungsgerate.de\/ru\/wp-json\/wp\/v2\/product_brand?post=16524"},{"taxonomy":"product_cat","embeddable":true,"href":"https:\/\/www.ortungsgerate.de\/ru\/wp-json\/wp\/v2\/product_cat?post=16524"},{"taxonomy":"product_tag","embeddable":true,"href":"https:\/\/www.ortungsgerate.de\/ru\/wp-json\/wp\/v2\/product_tag?post=16524"}],"curies":[{"name":"wp","href":"https:\/\/api.w.org\/{rel}","templated":true}]}}