{"id":16525,"date":"2024-02-06T21:38:11","date_gmt":"2024-02-06T19:38:11","guid":{"rendered":"https:\/\/ortungsgerate.de\/be-kategorijos\/slapta-mini-4g-kamera-maziausia-rinkoje-nereikia-wi-fi\/"},"modified":"2025-11-26T19:01:36","modified_gmt":"2025-11-26T17:01:36","slug":"skrytaya-mini-4g-kamera-samaya-malenkaya-na-rynke-ne-trebuetsya-wlan","status":"publish","type":"product","link":"https:\/\/www.ortungsgerate.de\/ru\/12-skrytyje-kamery\/30-4g-kamery-2\/skrytaya-mini-4g-kamera-samaya-malenkaya-na-rynke-ne-trebuetsya-wlan\/","title":{"rendered":"\u0421\u043a\u0440\u044b\u0442\u0430\u044f \u043c\u0438\u043d\u0438 4G \u043a\u0430\u043c\u0435\u0440\u0430, \u0441\u0430\u043c\u0430\u044f \u043c\u0430\u043b\u0435\u043d\u044c\u043a\u0430\u044f \u043d\u0430 \u0440\u044b\u043d\u043a\u0435 (\u043d\u0435 \u0442\u0440\u0435\u0431\u0443\u0435\u0442\u0441\u044f WLAN)"},"content":{"rendered":"<h3><strong>\u0422\u0435\u0445\u043d\u0438\u0447\u0435\u0441\u043a\u0438\u0435 \u043f\u0430\u0440\u0430\u043c\u0435\u0442\u0440\u044b:<\/strong><\/h3>\n<ul>\n<li>Fernansicht: JA<\/li>\n<li>Kamerakabell\u00e4nge 1 Meter<\/li>\n<li>Videoaufnahme mit Ton<\/li>\n<li>Betrieb \u00fcber Akku ca. 3 Stunden<\/li>\n<li>Unterst\u00fctzt Speicherkarten bis 128 GB<\/li>\n<li>Kann an eine permanente Stromversorgung angeschlossen werden (z.\u202fB. \u00fcber ein Handy-Ladeger\u00e4t)<\/li>\n<li>\u0421\u0435\u0442\u044c: GSM 4G<\/li>\n<li>Nachtsicht: keine<\/li>\n<li>Videoqualit\u00e4t: Live-Ansicht: FULL HD 1080P,<\/li>\n<li>Live-Ansicht m\u00f6glich \u00fcber: Smartphone<\/li>\n<li>\u0423\u0432\u0435\u0434\u043e\u043c\u043b\u0435\u043d\u0438\u044f \u043d\u0430 \u0442\u0435\u043b\u0435\u0444\u043e\u043d: \u0414\u0430<\/li>\n<li>\u0421\u043b\u043e\u0442 \u0434\u043b\u044f SIM-\u043a\u0430\u0440\u0442\u044b: \u0414\u0430<\/li>\n<li>\u0420\u0435\u0436\u0438\u043c \u043e\u0431\u043d\u0430\u0440\u0443\u0436\u0435\u043d\u0438\u044f \u0434\u0432\u0438\u0436\u0435\u043d\u0438\u044f: \u0414\u0410 (\u0446\u0438\u0444\u0440\u043e\u0432\u043e\u0439)<\/li>\n<li>Sichtwinkel: 110 \u00b0<\/li>\n<li>Unterst\u00fctzte Speicherkarte: bis 128 GB (Karte nicht enthalten)<\/li>\n<li>\u0424\u043e\u0440\u043c\u0430\u0442 \u0441\u0436\u0430\u0442\u0438\u044f: AVI H.264<\/li>\n<li>\u041f\u043e\u0434\u0434\u0435\u0440\u0436\u0438\u0432\u0430\u0435\u043c\u044b\u0435 \u0441\u0438\u0441\u0442\u0435\u043c\u044b: \u201eiOS\u201c \u201eAndroid\u201c<\/li>\n<li>\u041f\u0440\u0438\u043b\u043e\u0436\u0435\u043d\u0438\u0435 \u0434\u043b\u044f \u043c\u043e\u0431\u0438\u043b\u044c\u043d\u044b\u0445 \u0443\u0441\u0442\u0440\u043e\u0439\u0441\u0442\u0432: \u0414\u0430<\/li>\n<li>\u0412\u0438\u0434\u044b \u043f\u0438\u0442\u0430\u043d\u0438\u044f: \u0432\u043d\u0443\u0442\u0440\u0435\u043d\u043d\u0438\u0439 \u0430\u043a\u043a\u0443\u043c\u0443\u043b\u044f\u0442\u043e\u0440 \u0438 \u0441\u0435\u0442\u0435\u0432\u043e\u0435 \u043f\u0438\u0442\u0430\u043d\u0438\u0435<\/li>\n<li>Abmessungen 5 cm x 1,9 cm x 4,5 cm<\/li>\n<li>\u0423\u043f\u0440\u0430\u0432\u043b\u0435\u043d\u0438\u0435 \u0437\u0430\u043f\u0438\u0441\u044c\u044e: \u0441 \u043b\u044e\u0431\u043e\u0433\u043e \u0441\u043c\u0430\u0440\u0442-\u0443\u0441\u0442\u0440\u043e\u0439\u0441\u0442\u0432\u0430 (\u0442\u0435\u043b\u0435\u0444\u043e\u043d, \u043a\u043e\u043c\u043f\u044c\u044e\u0442\u0435\u0440 \u0438\u043b\u0438 \u043f\u043b\u0430\u043d\u0448\u0435\u0442).<\/li>\n<li>\u0413\u0430\u0440\u0430\u043d\u0442\u0438\u044f 12 \u043c\u0435\u0441\u044f\u0446\u0435\u0432<\/li>\n<\/ul>\n<p><span style=\"color: #d0121a;\"><strong>Ben\u00f6tigen Sie eine Expresslieferung am selben Tag?   <\/strong><\/span><\/p>\n<p><strong>Die kleinste geheime Mini-4G-Kamera auf dem Markt (kein Wi-Fi erforderlich)<\/strong><\/p>\n<p>Die Mini-4G-Kamera ist die kleinste auf dem Markt. Die Nutzung dieses verdeckten Ger\u00e4ts ist sehr einfach: Sie m\u00fcssen nur eine SIM-Karte mit Internet einlegen und die Kamera ist einsatzbereit. Die Abmessungen dieser Kamera sind sehr gering: Die Kamera ist lediglich 1,9 x 5 x 4,5 cm gro\u00df.<\/p>\n<p>Obwohl das Ger\u00e4t sehr klein ist, gew\u00e4hrleistet es eine hervorragende Videoqualit\u00e4t. Die Videoaufnahmen werden mit Ton aufgezeichnet, was hilft, noch detailliertere Informationen zu sammeln. Der in die verdeckte Kamera integrierte Akku erm\u00f6glicht unterbrechungsfreie Videoaufzeichnung von bis zu 3 Stunden. Au\u00dferdem besteht die M\u00f6glichkeit, die Kamera an eine permanente Stromversorgung anzuschlie\u00dfen (zum Beispiel \u00fcber ein Handy-Ladeger\u00e4t).<\/p>\n<p>Die Kamera verf\u00fcgt \u00fcber eine Bewegungserkennungsfunktion, sodass Videoaufnahmen nur dann aufgezeichnet werden k\u00f6nnen, wenn sich im Raum etwas abspielt. Dies hilft nicht nur, den Akku des Ger\u00e4ts zu schonen, sondern verhindert auch unn\u00f6tige Aufnahmen, wenn in der \u00fcberwachten Umgebung nichts passiert. Wenn im Raum eine Bewegung erkannt wird, erhalten Sie eine Benachrichtigung und k\u00f6nnen dann \u00fcberpr\u00fcfen, was gerade vor Ort geschieht. Die aufgezeichneten Sequenzen k\u00f6nnen Sie mit jedem Smart-Ger\u00e4t steuern: Smartphone, Computer oder Tablet.<\/p>\n<p>Die verdeckte Kamera kann mit einer Speicherkarte von bis zu 128 GB verwendet werden, sodass eine gro\u00dfe Menge an Informationen gesichert werden kann. Wenn auf der Karte der freie Speicherplatz ausgeht, werden die neuen Videos \u00fcber die \u00e4ltesten auf der Karte gespeicherten Daten geschrieben.<\/p>\n<p>Die Mini-Spionagekamera kann in R\u00e4umen verwendet werden, in denen kein Wi-Fi verf\u00fcgbar ist. Sie kann auch im Auto versteckt werden, um dieses vor Diebstahl zu sch\u00fctzen.<\/p>\n<p><strong>Mini-Kamera 4G mit SIM-Karte<\/strong><\/p>\n<p><b>Hochwertiges Bild, besonders einfache Bedienung dieser Kamera.<\/b><\/p>\n<p>Mini-4G-Kamera von h\u00f6chster Qualit\u00e4t. Um die Kamera zu nutzen, m\u00fcssen Sie lediglich eine SIM-Karte mit Internet einlegen \u2013 das war\u2019s, die Kamera ist betriebsbereit. Eine so kleine verdeckte Kamera mit 4G-Modul werden Sie sonst nirgendwo finden. Die Abmessungen des 4G-Moduls betragen nur 1,9 cm St\u00e4rke, 5 cm H\u00f6he und 4,5 cm Breite \u2013 der integrierte Akku erm\u00f6glicht eine ununterbrochene Live-Ansicht von bis zu 3 Stunden.<\/p>\n<p>Diese Kamera kann zu Hause, in B\u00fcror\u00e4umen oder sogar an der Kleidung befestigt werden. Im Set ist ein Knopf enthalten, der an das Kleidungsst\u00fcck angebracht wird.<\/p>\n<p>Eine so kleine Kamera k\u00f6nnen Sie auch im Auto verstecken.<\/p>","protected":false},"excerpt":{"rendered":"<p>Technische Parameter: Fernansicht: JA Kamerakabell\u00e4nge 1 Meter Videoaufnahme mit Ton Betrieb \u00fcber Akku ca. 3 Stunden Unterst\u00fctzt Speicherkarten bis 128 GB Kann an eine permanente&#8230;<\/p>","protected":false},"featured_media":26473,"template":"","meta":[],"etheme_brands":[],"product_brand":[],"product_cat":[219,203],"product_tag":[687,739,705,690,691,693],"class_list":{"0":"post-16525","1":"product","2":"type-product","3":"status-publish","4":"has-post-thumbnail","6":"product_cat-30-4g-kameras","7":"product_cat-12-versteckte-kameras","8":"product_tag-kamera-zur-ueberwachung","9":"product_tag-spionagekamera","10":"product_tag-ueberwachungskamera","11":"product_tag-versteckte-kamera","12":"product_tag-versteckte-ueberwachungskamera","13":"product_tag-wlan-kamera","14":"pa_typ-mini-kameras","16":"first","17":"outofstock","18":"taxable","19":"shipping-taxable","20":"purchasable","21":"product-type-simple"},"yoast_head":"<!-- This site is optimized with the Yoast SEO Premium plugin v25.9 (Yoast SEO v27.4) - https:\/\/yoast.com\/product\/yoast-seo-premium-wordpress\/ -->\n<title>Versteckte Mini Kamera 4G kleinste auf dem Markt FULL HD Bild<\/title>\n<meta name=\"description\" content=\"Hochwertigste geheime Minikamera mit 4G-Modul. Einfach zu bedienen, Bild in hoher Qualit\u00e4t. Kamerakabel mit einer L\u00e4nge von bis zu 1 m. Kostenloser Versand + Rabatte\" \/>\n<meta name=\"robots\" content=\"index, follow, max-snippet:-1, max-image-preview:large, max-video-preview:-1\" \/>\n<link rel=\"canonical\" href=\"https:\/\/ortungsgerate.de\/12-slaptos-kameros\/\" \/>\n<meta property=\"og:locale\" content=\"ru_RU\" \/>\n<meta property=\"og:type\" content=\"article\" \/>\n<meta property=\"og:title\" content=\"Versteckte Mini 4G Kamera, die kleinste auf dem Markt (kein WLAN erforderlich)\" \/>\n<meta property=\"og:description\" content=\"Hochwertigste geheime Minikamera mit 4G-Modul. Einfach zu bedienen, Bild in hoher Qualit\u00e4t. Kamerakabel mit einer L\u00e4nge von bis zu 1 m. Kostenloser Versand + Rabatte\" \/>\n<meta property=\"og:url\" content=\"https:\/\/ortungsgerate.de\/12-slaptos-kameros\/\" \/>\n<meta property=\"og:site_name\" content=\"Ortungsger\u00e4te.de\" \/>\n<meta property=\"article:modified_time\" content=\"2025-11-26T17:01:36+00:00\" \/>\n<meta property=\"og:image\" content=\"https:\/\/www.ortungsgerate.de\/wp-content\/uploads\/mini-kameros-4g-su-sim-kortele.jpg\" \/>\n\t<meta property=\"og:image:width\" content=\"659\" \/>\n\t<meta property=\"og:image:height\" content=\"664\" \/>\n\t<meta property=\"og:image:type\" content=\"image\/jpeg\" \/>\n<meta name=\"twitter:card\" content=\"summary_large_image\" \/>\n<meta name=\"twitter:label1\" content=\"\u041f\u0440\u0438\u043c\u0435\u0440\u043d\u043e\u0435 \u0432\u0440\u0435\u043c\u044f \u0434\u043b\u044f \u0447\u0442\u0435\u043d\u0438\u044f\" \/>\n\t<meta name=\"twitter:data1\" content=\"3 \u043c\u0438\u043d\u0443\u0442\u044b\" \/>\n<script type=\"application\/ld+json\" class=\"yoast-schema-graph\">{\"@context\":\"https:\\\/\\\/schema.org\",\"@graph\":[{\"@type\":\"WebPage\",\"@id\":\"https:\\\/\\\/www.ortungsgerate.de\\\/12-versteckte-kameras\\\/30-4g-kameras\\\/versteckte-mini-4g-kamera-die-kleinste-auf-dem-markt-kein-wlan-erforderlich\\\/\",\"url\":\"https:\\\/\\\/ortungsgerate.de\\\/12-slaptos-kameros\\\/\",\"name\":\"Versteckte Mini Kamera 4G kleinste auf dem Markt FULL HD Bild\",\"isPartOf\":{\"@id\":\"https:\\\/\\\/www.ortungsgerate.de\\\/#website\"},\"primaryImageOfPage\":{\"@id\":\"https:\\\/\\\/ortungsgerate.de\\\/12-slaptos-kameros\\\/#primaryimage\"},\"image\":{\"@id\":\"https:\\\/\\\/ortungsgerate.de\\\/12-slaptos-kameros\\\/#primaryimage\"},\"thumbnailUrl\":\"https:\\\/\\\/www.ortungsgerate.de\\\/wp-content\\\/uploads\\\/mini-kameros-4g-su-sim-kortele.jpg\",\"datePublished\":\"2024-02-06T19:38:11+00:00\",\"dateModified\":\"2025-11-26T17:01:36+00:00\",\"description\":\"Hochwertigste geheime Minikamera mit 4G-Modul. Einfach zu bedienen, Bild in hoher Qualit\u00e4t. Kamerakabel mit einer L\u00e4nge von bis zu 1 m. Kostenloser Versand + Rabatte\",\"breadcrumb\":{\"@id\":\"https:\\\/\\\/ortungsgerate.de\\\/12-slaptos-kameros\\\/#breadcrumb\"},\"inLanguage\":\"ru-RU\",\"potentialAction\":[{\"@type\":\"ReadAction\",\"target\":[\"https:\\\/\\\/ortungsgerate.de\\\/12-slaptos-kameros\\\/\"]}]},{\"@type\":\"ImageObject\",\"inLanguage\":\"ru-RU\",\"@id\":\"https:\\\/\\\/ortungsgerate.de\\\/12-slaptos-kameros\\\/#primaryimage\",\"url\":\"https:\\\/\\\/www.ortungsgerate.de\\\/wp-content\\\/uploads\\\/mini-kameros-4g-su-sim-kortele.jpg\",\"contentUrl\":\"https:\\\/\\\/www.ortungsgerate.de\\\/wp-content\\\/uploads\\\/mini-kameros-4g-su-sim-kortele.jpg\",\"width\":659,\"height\":664,\"caption\":\"Mini-Kameras 4G mit SIM-Karte\"},{\"@type\":\"BreadcrumbList\",\"@id\":\"https:\\\/\\\/ortungsgerate.de\\\/12-slaptos-kameros\\\/#breadcrumb\",\"itemListElement\":[{\"@type\":\"ListItem\",\"position\":1,\"name\":\"Startseite\",\"item\":\"https:\\\/\\\/www.ortungsgerate.de\\\/\"},{\"@type\":\"ListItem\",\"position\":2,\"name\":\"Shop\",\"item\":\"https:\\\/\\\/www.ortungsgerate.de\\\/shop\\\/\"},{\"@type\":\"ListItem\",\"position\":3,\"name\":\"Versteckte Mini 4G Kamera, die kleinste auf dem Markt (kein WLAN erforderlich)\"}]},{\"@type\":\"WebSite\",\"@id\":\"https:\\\/\\\/www.ortungsgerate.de\\\/#website\",\"url\":\"https:\\\/\\\/www.ortungsgerate.de\\\/\",\"name\":\"Ortungsgerate.de\",\"description\":\"\",\"publisher\":{\"@id\":\"https:\\\/\\\/www.ortungsgerate.de\\\/#organization\"},\"potentialAction\":[{\"@type\":\"SearchAction\",\"target\":{\"@type\":\"EntryPoint\",\"urlTemplate\":\"https:\\\/\\\/www.ortungsgerate.de\\\/?s={search_term_string}\"},\"query-input\":{\"@type\":\"PropertyValueSpecification\",\"valueRequired\":true,\"valueName\":\"search_term_string\"}}],\"inLanguage\":\"ru-RU\"},{\"@type\":\"Organization\",\"@id\":\"https:\\\/\\\/www.ortungsgerate.de\\\/#organization\",\"name\":\"Ortungsgerate.de\",\"url\":\"https:\\\/\\\/www.ortungsgerate.de\\\/\",\"logo\":{\"@type\":\"ImageObject\",\"inLanguage\":\"ru-RU\",\"@id\":\"https:\\\/\\\/www.ortungsgerate.de\\\/#\\\/schema\\\/logo\\\/image\\\/\",\"url\":\"https:\\\/\\\/www.ortungsgerate.de\\\/wp-content\\\/uploads\\\/ortungsgerate.png\",\"contentUrl\":\"https:\\\/\\\/www.ortungsgerate.de\\\/wp-content\\\/uploads\\\/ortungsgerate.png\",\"width\":500,\"height\":135,\"caption\":\"Ortungsgerate.de\"},\"image\":{\"@id\":\"https:\\\/\\\/www.ortungsgerate.de\\\/#\\\/schema\\\/logo\\\/image\\\/\"}}]}<\/script>\n<!-- \/ Yoast SEO Premium plugin. -->","yoast_head_json":{"title":"Versteckte Mini Kamera 4G kleinste auf dem Markt FULL HD Bild","description":"Hochwertigste geheime Minikamera mit 4G-Modul. Einfach zu bedienen, Bild in hoher Qualit\u00e4t. Kamerakabel mit einer L\u00e4nge von bis zu 1 m. Kostenloser Versand + Rabatte","robots":{"index":"index","follow":"follow","max-snippet":"max-snippet:-1","max-image-preview":"max-image-preview:large","max-video-preview":"max-video-preview:-1"},"canonical":"https:\/\/ortungsgerate.de\/12-slaptos-kameros\/","og_locale":"ru_RU","og_type":"article","og_title":"Versteckte Mini 4G Kamera, die kleinste auf dem Markt (kein WLAN erforderlich)","og_description":"Hochwertigste geheime Minikamera mit 4G-Modul. Einfach zu bedienen, Bild in hoher Qualit\u00e4t. Kamerakabel mit einer L\u00e4nge von bis zu 1 m. Kostenloser Versand + Rabatte","og_url":"https:\/\/ortungsgerate.de\/12-slaptos-kameros\/","og_site_name":"Ortungsger\u00e4te.de","article_modified_time":"2025-11-26T17:01:36+00:00","og_image":[{"width":659,"height":664,"url":"https:\/\/www.ortungsgerate.de\/wp-content\/uploads\/mini-kameros-4g-su-sim-kortele.jpg","type":"image\/jpeg"}],"twitter_card":"summary_large_image","twitter_misc":{"\u041f\u0440\u0438\u043c\u0435\u0440\u043d\u043e\u0435 \u0432\u0440\u0435\u043c\u044f \u0434\u043b\u044f \u0447\u0442\u0435\u043d\u0438\u044f":"3 \u043c\u0438\u043d\u0443\u0442\u044b"},"schema":{"@context":"https:\/\/schema.org","@graph":[{"@type":"WebPage","@id":"https:\/\/www.ortungsgerate.de\/12-versteckte-kameras\/30-4g-kameras\/versteckte-mini-4g-kamera-die-kleinste-auf-dem-markt-kein-wlan-erforderlich\/","url":"https:\/\/ortungsgerate.de\/12-slaptos-kameros\/","name":"Versteckte Mini Kamera 4G kleinste auf dem Markt FULL HD Bild","isPartOf":{"@id":"https:\/\/www.ortungsgerate.de\/#website"},"primaryImageOfPage":{"@id":"https:\/\/ortungsgerate.de\/12-slaptos-kameros\/#primaryimage"},"image":{"@id":"https:\/\/ortungsgerate.de\/12-slaptos-kameros\/#primaryimage"},"thumbnailUrl":"https:\/\/www.ortungsgerate.de\/wp-content\/uploads\/mini-kameros-4g-su-sim-kortele.jpg","datePublished":"2024-02-06T19:38:11+00:00","dateModified":"2025-11-26T17:01:36+00:00","description":"Hochwertigste geheime Minikamera mit 4G-Modul. Einfach zu bedienen, Bild in hoher Qualit\u00e4t. Kamerakabel mit einer L\u00e4nge von bis zu 1 m. Kostenloser Versand + Rabatte","breadcrumb":{"@id":"https:\/\/ortungsgerate.de\/12-slaptos-kameros\/#breadcrumb"},"inLanguage":"ru-RU","potentialAction":[{"@type":"ReadAction","target":["https:\/\/ortungsgerate.de\/12-slaptos-kameros\/"]}]},{"@type":"ImageObject","inLanguage":"ru-RU","@id":"https:\/\/ortungsgerate.de\/12-slaptos-kameros\/#primaryimage","url":"https:\/\/www.ortungsgerate.de\/wp-content\/uploads\/mini-kameros-4g-su-sim-kortele.jpg","contentUrl":"https:\/\/www.ortungsgerate.de\/wp-content\/uploads\/mini-kameros-4g-su-sim-kortele.jpg","width":659,"height":664,"caption":"Mini-Kameras 4G mit SIM-Karte"},{"@type":"BreadcrumbList","@id":"https:\/\/ortungsgerate.de\/12-slaptos-kameros\/#breadcrumb","itemListElement":[{"@type":"ListItem","position":1,"name":"Startseite","item":"https:\/\/www.ortungsgerate.de\/"},{"@type":"ListItem","position":2,"name":"Shop","item":"https:\/\/www.ortungsgerate.de\/shop\/"},{"@type":"ListItem","position":3,"name":"Versteckte Mini 4G Kamera, die kleinste auf dem Markt (kein WLAN erforderlich)"}]},{"@type":"WebSite","@id":"https:\/\/www.ortungsgerate.de\/#website","url":"https:\/\/www.ortungsgerate.de\/","name":"Ortungsgerate.de","description":"","publisher":{"@id":"https:\/\/www.ortungsgerate.de\/#organization"},"potentialAction":[{"@type":"SearchAction","target":{"@type":"EntryPoint","urlTemplate":"https:\/\/www.ortungsgerate.de\/?s={search_term_string}"},"query-input":{"@type":"PropertyValueSpecification","valueRequired":true,"valueName":"search_term_string"}}],"inLanguage":"ru-RU"},{"@type":"Organization","@id":"https:\/\/www.ortungsgerate.de\/#organization","name":"Ortungsgerate.de","url":"https:\/\/www.ortungsgerate.de\/","logo":{"@type":"ImageObject","inLanguage":"ru-RU","@id":"https:\/\/www.ortungsgerate.de\/#\/schema\/logo\/image\/","url":"https:\/\/www.ortungsgerate.de\/wp-content\/uploads\/ortungsgerate.png","contentUrl":"https:\/\/www.ortungsgerate.de\/wp-content\/uploads\/ortungsgerate.png","width":500,"height":135,"caption":"Ortungsgerate.de"},"image":{"@id":"https:\/\/www.ortungsgerate.de\/#\/schema\/logo\/image\/"}}]}},"_links":{"self":[{"href":"https:\/\/www.ortungsgerate.de\/ru\/wp-json\/wp\/v2\/product\/16525","targetHints":{"allow":["GET"]}}],"collection":[{"href":"https:\/\/www.ortungsgerate.de\/ru\/wp-json\/wp\/v2\/product"}],"about":[{"href":"https:\/\/www.ortungsgerate.de\/ru\/wp-json\/wp\/v2\/types\/product"}],"version-history":[{"count":0,"href":"https:\/\/www.ortungsgerate.de\/ru\/wp-json\/wp\/v2\/product\/16525\/revisions"}],"wp:featuredmedia":[{"embeddable":true,"href":"https:\/\/www.ortungsgerate.de\/ru\/wp-json\/wp\/v2\/media\/26473"}],"wp:attachment":[{"href":"https:\/\/www.ortungsgerate.de\/ru\/wp-json\/wp\/v2\/media?parent=16525"}],"wp:term":[{"taxonomy":"brand","embeddable":true,"href":"https:\/\/www.ortungsgerate.de\/ru\/wp-json\/wp\/v2\/etheme_brands?post=16525"},{"taxonomy":"product_brand","embeddable":true,"href":"https:\/\/www.ortungsgerate.de\/ru\/wp-json\/wp\/v2\/product_brand?post=16525"},{"taxonomy":"product_cat","embeddable":true,"href":"https:\/\/www.ortungsgerate.de\/ru\/wp-json\/wp\/v2\/product_cat?post=16525"},{"taxonomy":"product_tag","embeddable":true,"href":"https:\/\/www.ortungsgerate.de\/ru\/wp-json\/wp\/v2\/product_tag?post=16525"}],"curies":[{"name":"wp","href":"https:\/\/api.w.org\/{rel}","templated":true}]}}