{"id":16526,"date":"2025-03-02T22:41:40","date_gmt":"2025-03-02T20:41:40","guid":{"rendered":"https:\/\/ortungsgerate.de\/be-kategorijos\/klasikinis-laikrodis-su-kamera-ir-naktiniu-matymu\/"},"modified":"2025-11-26T19:01:36","modified_gmt":"2025-11-26T17:01:36","slug":"klassicheskie-chasy-s-kameroy-i-nochnym-videniem-2","status":"publish","type":"product","link":"https:\/\/www.ortungsgerate.de\/ru\/12-skrytyje-kamery\/17-zamaskirovanyje-kamery\/klassicheskie-chasy-s-kameroy-i-nochnym-videniem-2\/","title":{"rendered":"\u041a\u043b\u0430\u0441\u0441\u0438\u0447\u0435\u0441\u043a\u0438\u0435 \u0447\u0430\u0441\u044b \u0441 \u043a\u0430\u043c\u0435\u0440\u043e\u0439 \u0438 \u043d\u043e\u0447\u043d\u044b\u043c \u0432\u0438\u0434\u0435\u043d\u0438\u0435\u043c"},"content":{"rendered":"<h3><strong>\u0422\u0435\u0445\u043d\u0438\u0447\u0435\u0441\u043a\u0438\u0435 \u043f\u0430\u0440\u0430\u043c\u0435\u0442\u0440\u044b:<\/strong><\/h3>\n<ul>\n<li>Fotografiert : Ja<\/li>\n<li>Diktierger\u00e4t : Vorhanden<\/li>\n<li>Funktioniert ohne Aufladung bis zu 150 Min<\/li>\n<li>Bild wird mit Ton aufgenommen, eingebautes Mikrofon<\/li>\n<li>Metallgeh\u00e4use<\/li>\n<li>Interner Speicher\u00a032GB 30 Bilder pro Sekunde<\/li>\n<li>Bildqualit\u00e4t: JPG 3840x2880px<\/li>\n<li>Sichtwinkel:\u00a090\u00b0<\/li>\n<li>Nachtsicht (schaltet sich automatisch ein)<\/li>\n<li>Anschl\u00fcsse: USB<\/li>\n<li>Aufladung : \u00fcber USB<\/li>\n<li>Betriebstemperatur:-10 bis + 60<\/li>\n<li>Lieferumfang: Uhr Kamera, USB-Kabel, Box<\/li>\n<li><strong>\u0413\u0410\u0420\u0410\u041d\u0422\u0418\u042f 12 \u043c\u0435\u0441\u044f\u0446\u0435\u0432<\/strong><\/li>\n<\/ul>\n<p><span style=\"color:#d0121a;\"><\/span><\/p>\n<p>\u0418\u0441\u043f\u043e\u043b\u044c\u0437\u043e\u0432\u0430\u043d\u0438\u0435: \u0414\u043b\u044f \u0432\u0430\u0448\u0435\u0439 \u0431\u0435\u0437\u043e\u043f\u0430\u0441\u043d\u043e\u0441\u0442\u0438 \u0438 \u0431\u0435\u0437\u043e\u043f\u0430\u0441\u043d\u043e\u0441\u0442\u0438 \u0432\u0430\u0448\u0438\u0445 \u0434\u0435\u0442\u0435\u0439.<\/p>\n<\/p>\n<p><strong>Klassische Uhr-Spionagekamera mit Nachtsichtfunktion<\/strong><\/p>\n<\/p>\n<p>Die klassische Uhr-Kamera erf\u00fcllt sowohl die Funktion einer Standarduhr als auch die einer Spionagekamera. Dieses Accessoire wird Ihnen im Alltag sicherlich n\u00fctzlich sein, da Sie immer die genaue Zeit wissen und bei Bedarf die Funktion der Spionagekamera nutzen k\u00f6nnen. Die Spionagekamera ist hilfreich, wenn Sie Beweise oder andere geheime Informationen sammeln m\u00fcssen, die als unwiderlegbarer Beweis verwendet werden.<\/p>\n<p>Die Uhr mit Spionagekamera verf\u00fcgt nicht nur \u00fcber eine Aufnahmefunktion, sondern auch \u00fcber eine Fotofunktion (die Bildaufl\u00f6sung betr\u00e4gt sogar 3840&#215;2880 px). Pro Sekunde k\u00f6nnen bis zu 30 Bilder aufgenommen werden. In der Kamera ist ein eingebautes Mikrofon vorhanden, sodass die Videoaufnahmen mit Ton aufgezeichnet werden k\u00f6nnen.<\/p>\n<p>Die Spionagekamera hat eine Nachtsichtfunktion, die sich automatisch einschaltet. Sie m\u00fcssen sich keine Sorgen machen, dass die Videoaufnahmen in der Dunkelheit zu unscharf sein k\u00f6nnten.<\/p>\n<p>Ohne Aufladung kann die Spionagekamera bis zu 150 Minuten Videoaufnahmen machen. Im Lieferumfang des Ger\u00e4ts ist ein USB-Kabel enthalten, mit dem Sie die Kamera aufladen oder die aufgezeichneten Videos \u00fcbertragen k\u00f6nnen.<\/p>\n<p>Der interne Speicher der Spionagekamera von 32 GB erm\u00f6glicht es, viele Aufnahmen zu erstellen. Wenn der Speicher der Kamera voll ist, werden die Videoaufnahmen anstelle der \u00e4ltesten Informationen aufgezeichnet. Obwohl der interne Speicher der Kamera wirklich gro\u00df ist, wird empfohlen, die aufgezeichneten Videos von Zeit zu Zeit auf den Computer zu \u00fcbertragen: dies verhindert den Verlust wichtiger Informationen.<\/p>\n<p>Die klassische Uhr mit Spionagekamera l\u00e4sst sich leicht an Ihre Kleidung anpassen, und wenn Sie geheime Informationen aufzeichnen m\u00fcssen, haben Sie die M\u00f6glichkeit, mit dem Filmen oder Fotografieren zu beginnen.<\/p><\/p>","protected":false},"excerpt":{"rendered":"<p>Technische\u00a0Parameter: Fotografiert : Ja Diktierger\u00e4t : Vorhanden Funktioniert ohne Aufladung bis zu 150 Min Bild wird mit Ton aufgenommen, eingebautes Mikrofon Metallgeh\u00e4use Interner Speicher\u00a032GB 30&#8230;<\/p>","protected":false},"featured_media":1859,"template":"","meta":[],"etheme_brands":[],"product_brand":[],"product_cat":[210,204,203],"product_tag":[711,42,727,716,704,689,728,729],"class_list":{"0":"post-16526","1":"product","2":"type-product","3":"status-publish","4":"has-post-thumbnail","6":"product_cat-32-armbanduhren-mit-kamera","7":"product_cat-17-getarnte-kameras","8":"product_cat-12-versteckte-kameras","9":"product_tag-geheime-kamera","10":"product_tag-kamera","11":"product_tag-kamera-im-uhrzeit","12":"product_tag-kamera-wecker","13":"product_tag-kamerauhr","14":"product_tag-sicherheitskamera","15":"product_tag-uhr","16":"product_tag-uhr-kamera","17":"pa_typ-armbanduhren","19":"first","20":"outofstock","21":"taxable","22":"shipping-taxable","23":"purchasable","24":"product-type-simple"},"yoast_head":"<!-- This site is optimized with the Yoast SEO Premium plugin v25.9 (Yoast SEO v27.4) - https:\/\/yoast.com\/product\/yoast-seo-premium-wordpress\/ -->\n<title>Uhr mit versteckter Kamera HD-Aufnahme ca. 70 Min. Foto + Diktierger\u00e4t<\/title>\n<meta name=\"description\" content=\"Handgelenk-Uhr mit versteckter HD-Kamera Mit der Uhr k\u00f6nnen Fotos gemacht oder als Diktierger\u00e4t verwendet werden. Modernes und stilvolles Design Kostenloser Versand\" \/>\n<meta name=\"robots\" content=\"index, follow, max-snippet:-1, max-image-preview:large, max-video-preview:-1\" \/>\n<link rel=\"canonical\" href=\"https:\/\/www.ortungsgerate.de\/ru\/12-skrytyje-kamery\/32-naruchnije-chasy-s-kameroj\/klassicheskie-chasy-s-kameroy-i-nochnym-videniem-2\/\" \/>\n<meta property=\"og:locale\" content=\"ru_RU\" \/>\n<meta property=\"og:type\" content=\"article\" \/>\n<meta property=\"og:title\" content=\"Klassische Uhr mit Kamera und Nachtsicht\" \/>\n<meta property=\"og:description\" content=\"Handgelenk-Uhr mit versteckter HD-Kamera Mit der Uhr k\u00f6nnen Fotos gemacht oder als Diktierger\u00e4t verwendet werden. Modernes und stilvolles Design Kostenloser Versand\" \/>\n<meta property=\"og:url\" content=\"https:\/\/www.ortungsgerate.de\/ru\/12-skrytyje-kamery\/32-naruchnije-chasy-s-kameroj\/klassicheskie-chasy-s-kameroy-i-nochnym-videniem-2\/\" \/>\n<meta property=\"og:site_name\" content=\"Ortungsger\u00e4te.de\" \/>\n<meta property=\"article:modified_time\" content=\"2025-11-26T17:01:36+00:00\" \/>\n<meta property=\"og:image\" content=\"https:\/\/www.ortungsgerate.de\/wp-content\/uploads\/laikrodis-kamera-hd-filmavimo-kokybe-3.jpg\" \/>\n\t<meta property=\"og:image:width\" content=\"495\" \/>\n\t<meta property=\"og:image:height\" content=\"528\" \/>\n\t<meta property=\"og:image:type\" content=\"image\/jpeg\" \/>\n<meta name=\"twitter:card\" content=\"summary_large_image\" \/>\n<meta name=\"twitter:label1\" content=\"\u041f\u0440\u0438\u043c\u0435\u0440\u043d\u043e\u0435 \u0432\u0440\u0435\u043c\u044f \u0434\u043b\u044f \u0447\u0442\u0435\u043d\u0438\u044f\" \/>\n\t<meta name=\"twitter:data1\" content=\"2 \u043c\u0438\u043d\u0443\u0442\u044b\" \/>\n<script type=\"application\/ld+json\" class=\"yoast-schema-graph\">{\"@context\":\"https:\\\/\\\/schema.org\",\"@graph\":[{\"@type\":\"WebPage\",\"@id\":\"https:\\\/\\\/www.ortungsgerate.de\\\/12-versteckte-kameras\\\/32-armbanduhren-mit-kamera\\\/klassische-uhr-mit-kamera-und-nachtsicht\\\/\",\"url\":\"https:\\\/\\\/www.ortungsgerate.de\\\/12-versteckte-kameras\\\/32-armbanduhren-mit-kamera\\\/klassische-uhr-mit-kamera-und-nachtsicht\\\/\",\"name\":\"Uhr mit versteckter Kamera HD-Aufnahme ca. 70 Min. Foto + Diktierger\u00e4t\",\"isPartOf\":{\"@id\":\"https:\\\/\\\/www.ortungsgerate.de\\\/#website\"},\"primaryImageOfPage\":{\"@id\":\"https:\\\/\\\/www.ortungsgerate.de\\\/12-versteckte-kameras\\\/32-armbanduhren-mit-kamera\\\/klassische-uhr-mit-kamera-und-nachtsicht\\\/#primaryimage\"},\"image\":{\"@id\":\"https:\\\/\\\/www.ortungsgerate.de\\\/12-versteckte-kameras\\\/32-armbanduhren-mit-kamera\\\/klassische-uhr-mit-kamera-und-nachtsicht\\\/#primaryimage\"},\"thumbnailUrl\":\"https:\\\/\\\/www.ortungsgerate.de\\\/wp-content\\\/uploads\\\/laikrodis-kamera-hd-filmavimo-kokybe-3.jpg\",\"datePublished\":\"2025-03-02T20:41:40+00:00\",\"dateModified\":\"2025-11-26T17:01:36+00:00\",\"description\":\"Handgelenk-Uhr mit versteckter HD-Kamera Mit der Uhr k\u00f6nnen Fotos gemacht oder als Diktierger\u00e4t verwendet werden. Modernes und stilvolles Design Kostenloser Versand\",\"breadcrumb\":{\"@id\":\"https:\\\/\\\/www.ortungsgerate.de\\\/12-versteckte-kameras\\\/32-armbanduhren-mit-kamera\\\/klassische-uhr-mit-kamera-und-nachtsicht\\\/#breadcrumb\"},\"inLanguage\":\"ru-RU\",\"potentialAction\":[{\"@type\":\"ReadAction\",\"target\":[\"https:\\\/\\\/www.ortungsgerate.de\\\/12-versteckte-kameras\\\/32-armbanduhren-mit-kamera\\\/klassische-uhr-mit-kamera-und-nachtsicht\\\/\"]}]},{\"@type\":\"ImageObject\",\"inLanguage\":\"ru-RU\",\"@id\":\"https:\\\/\\\/www.ortungsgerate.de\\\/12-versteckte-kameras\\\/32-armbanduhren-mit-kamera\\\/klassische-uhr-mit-kamera-und-nachtsicht\\\/#primaryimage\",\"url\":\"https:\\\/\\\/www.ortungsgerate.de\\\/wp-content\\\/uploads\\\/laikrodis-kamera-hd-filmavimo-kokybe-3.jpg\",\"contentUrl\":\"https:\\\/\\\/www.ortungsgerate.de\\\/wp-content\\\/uploads\\\/laikrodis-kamera-hd-filmavimo-kokybe-3.jpg\",\"width\":495,\"height\":528,\"caption\":\"Armbanduhr mit Nachtsicht und Kamera\"},{\"@type\":\"BreadcrumbList\",\"@id\":\"https:\\\/\\\/www.ortungsgerate.de\\\/12-versteckte-kameras\\\/32-armbanduhren-mit-kamera\\\/klassische-uhr-mit-kamera-und-nachtsicht\\\/#breadcrumb\",\"itemListElement\":[{\"@type\":\"ListItem\",\"position\":1,\"name\":\"Startseite\",\"item\":\"https:\\\/\\\/www.ortungsgerate.de\\\/\"},{\"@type\":\"ListItem\",\"position\":2,\"name\":\"Shop\",\"item\":\"https:\\\/\\\/www.ortungsgerate.de\\\/shop\\\/\"},{\"@type\":\"ListItem\",\"position\":3,\"name\":\"Klassische Uhr mit Kamera und Nachtsicht\"}]},{\"@type\":\"WebSite\",\"@id\":\"https:\\\/\\\/www.ortungsgerate.de\\\/#website\",\"url\":\"https:\\\/\\\/www.ortungsgerate.de\\\/\",\"name\":\"Ortungsgerate.de\",\"description\":\"\",\"publisher\":{\"@id\":\"https:\\\/\\\/www.ortungsgerate.de\\\/#organization\"},\"potentialAction\":[{\"@type\":\"SearchAction\",\"target\":{\"@type\":\"EntryPoint\",\"urlTemplate\":\"https:\\\/\\\/www.ortungsgerate.de\\\/?s={search_term_string}\"},\"query-input\":{\"@type\":\"PropertyValueSpecification\",\"valueRequired\":true,\"valueName\":\"search_term_string\"}}],\"inLanguage\":\"ru-RU\"},{\"@type\":\"Organization\",\"@id\":\"https:\\\/\\\/www.ortungsgerate.de\\\/#organization\",\"name\":\"Ortungsgerate.de\",\"url\":\"https:\\\/\\\/www.ortungsgerate.de\\\/\",\"logo\":{\"@type\":\"ImageObject\",\"inLanguage\":\"ru-RU\",\"@id\":\"https:\\\/\\\/www.ortungsgerate.de\\\/#\\\/schema\\\/logo\\\/image\\\/\",\"url\":\"https:\\\/\\\/www.ortungsgerate.de\\\/wp-content\\\/uploads\\\/ortungsgerate.png\",\"contentUrl\":\"https:\\\/\\\/www.ortungsgerate.de\\\/wp-content\\\/uploads\\\/ortungsgerate.png\",\"width\":500,\"height\":135,\"caption\":\"Ortungsgerate.de\"},\"image\":{\"@id\":\"https:\\\/\\\/www.ortungsgerate.de\\\/#\\\/schema\\\/logo\\\/image\\\/\"}}]}<\/script>\n<!-- \/ Yoast SEO Premium plugin. -->","yoast_head_json":{"title":"Uhr mit versteckter Kamera HD-Aufnahme ca. 70 Min. Foto + Diktierger\u00e4t","description":"Handgelenk-Uhr mit versteckter HD-Kamera Mit der Uhr k\u00f6nnen Fotos gemacht oder als Diktierger\u00e4t verwendet werden. Modernes und stilvolles Design Kostenloser Versand","robots":{"index":"index","follow":"follow","max-snippet":"max-snippet:-1","max-image-preview":"max-image-preview:large","max-video-preview":"max-video-preview:-1"},"canonical":"https:\/\/www.ortungsgerate.de\/ru\/12-skrytyje-kamery\/32-naruchnije-chasy-s-kameroj\/klassicheskie-chasy-s-kameroy-i-nochnym-videniem-2\/","og_locale":"ru_RU","og_type":"article","og_title":"Klassische Uhr mit Kamera und Nachtsicht","og_description":"Handgelenk-Uhr mit versteckter HD-Kamera Mit der Uhr k\u00f6nnen Fotos gemacht oder als Diktierger\u00e4t verwendet werden. Modernes und stilvolles Design Kostenloser Versand","og_url":"https:\/\/www.ortungsgerate.de\/ru\/12-skrytyje-kamery\/32-naruchnije-chasy-s-kameroj\/klassicheskie-chasy-s-kameroy-i-nochnym-videniem-2\/","og_site_name":"Ortungsger\u00e4te.de","article_modified_time":"2025-11-26T17:01:36+00:00","og_image":[{"width":495,"height":528,"url":"https:\/\/www.ortungsgerate.de\/wp-content\/uploads\/laikrodis-kamera-hd-filmavimo-kokybe-3.jpg","type":"image\/jpeg"}],"twitter_card":"summary_large_image","twitter_misc":{"\u041f\u0440\u0438\u043c\u0435\u0440\u043d\u043e\u0435 \u0432\u0440\u0435\u043c\u044f \u0434\u043b\u044f \u0447\u0442\u0435\u043d\u0438\u044f":"2 \u043c\u0438\u043d\u0443\u0442\u044b"},"schema":{"@context":"https:\/\/schema.org","@graph":[{"@type":"WebPage","@id":"https:\/\/www.ortungsgerate.de\/12-versteckte-kameras\/32-armbanduhren-mit-kamera\/klassische-uhr-mit-kamera-und-nachtsicht\/","url":"https:\/\/www.ortungsgerate.de\/12-versteckte-kameras\/32-armbanduhren-mit-kamera\/klassische-uhr-mit-kamera-und-nachtsicht\/","name":"Uhr mit versteckter Kamera HD-Aufnahme ca. 70 Min. Foto + Diktierger\u00e4t","isPartOf":{"@id":"https:\/\/www.ortungsgerate.de\/#website"},"primaryImageOfPage":{"@id":"https:\/\/www.ortungsgerate.de\/12-versteckte-kameras\/32-armbanduhren-mit-kamera\/klassische-uhr-mit-kamera-und-nachtsicht\/#primaryimage"},"image":{"@id":"https:\/\/www.ortungsgerate.de\/12-versteckte-kameras\/32-armbanduhren-mit-kamera\/klassische-uhr-mit-kamera-und-nachtsicht\/#primaryimage"},"thumbnailUrl":"https:\/\/www.ortungsgerate.de\/wp-content\/uploads\/laikrodis-kamera-hd-filmavimo-kokybe-3.jpg","datePublished":"2025-03-02T20:41:40+00:00","dateModified":"2025-11-26T17:01:36+00:00","description":"Handgelenk-Uhr mit versteckter HD-Kamera Mit der Uhr k\u00f6nnen Fotos gemacht oder als Diktierger\u00e4t verwendet werden. Modernes und stilvolles Design Kostenloser Versand","breadcrumb":{"@id":"https:\/\/www.ortungsgerate.de\/12-versteckte-kameras\/32-armbanduhren-mit-kamera\/klassische-uhr-mit-kamera-und-nachtsicht\/#breadcrumb"},"inLanguage":"ru-RU","potentialAction":[{"@type":"ReadAction","target":["https:\/\/www.ortungsgerate.de\/12-versteckte-kameras\/32-armbanduhren-mit-kamera\/klassische-uhr-mit-kamera-und-nachtsicht\/"]}]},{"@type":"ImageObject","inLanguage":"ru-RU","@id":"https:\/\/www.ortungsgerate.de\/12-versteckte-kameras\/32-armbanduhren-mit-kamera\/klassische-uhr-mit-kamera-und-nachtsicht\/#primaryimage","url":"https:\/\/www.ortungsgerate.de\/wp-content\/uploads\/laikrodis-kamera-hd-filmavimo-kokybe-3.jpg","contentUrl":"https:\/\/www.ortungsgerate.de\/wp-content\/uploads\/laikrodis-kamera-hd-filmavimo-kokybe-3.jpg","width":495,"height":528,"caption":"Armbanduhr mit Nachtsicht und Kamera"},{"@type":"BreadcrumbList","@id":"https:\/\/www.ortungsgerate.de\/12-versteckte-kameras\/32-armbanduhren-mit-kamera\/klassische-uhr-mit-kamera-und-nachtsicht\/#breadcrumb","itemListElement":[{"@type":"ListItem","position":1,"name":"Startseite","item":"https:\/\/www.ortungsgerate.de\/"},{"@type":"ListItem","position":2,"name":"Shop","item":"https:\/\/www.ortungsgerate.de\/shop\/"},{"@type":"ListItem","position":3,"name":"Klassische Uhr mit Kamera und Nachtsicht"}]},{"@type":"WebSite","@id":"https:\/\/www.ortungsgerate.de\/#website","url":"https:\/\/www.ortungsgerate.de\/","name":"Ortungsgerate.de","description":"","publisher":{"@id":"https:\/\/www.ortungsgerate.de\/#organization"},"potentialAction":[{"@type":"SearchAction","target":{"@type":"EntryPoint","urlTemplate":"https:\/\/www.ortungsgerate.de\/?s={search_term_string}"},"query-input":{"@type":"PropertyValueSpecification","valueRequired":true,"valueName":"search_term_string"}}],"inLanguage":"ru-RU"},{"@type":"Organization","@id":"https:\/\/www.ortungsgerate.de\/#organization","name":"Ortungsgerate.de","url":"https:\/\/www.ortungsgerate.de\/","logo":{"@type":"ImageObject","inLanguage":"ru-RU","@id":"https:\/\/www.ortungsgerate.de\/#\/schema\/logo\/image\/","url":"https:\/\/www.ortungsgerate.de\/wp-content\/uploads\/ortungsgerate.png","contentUrl":"https:\/\/www.ortungsgerate.de\/wp-content\/uploads\/ortungsgerate.png","width":500,"height":135,"caption":"Ortungsgerate.de"},"image":{"@id":"https:\/\/www.ortungsgerate.de\/#\/schema\/logo\/image\/"}}]}},"_links":{"self":[{"href":"https:\/\/www.ortungsgerate.de\/ru\/wp-json\/wp\/v2\/product\/16526","targetHints":{"allow":["GET"]}}],"collection":[{"href":"https:\/\/www.ortungsgerate.de\/ru\/wp-json\/wp\/v2\/product"}],"about":[{"href":"https:\/\/www.ortungsgerate.de\/ru\/wp-json\/wp\/v2\/types\/product"}],"version-history":[{"count":0,"href":"https:\/\/www.ortungsgerate.de\/ru\/wp-json\/wp\/v2\/product\/16526\/revisions"}],"wp:featuredmedia":[{"embeddable":true,"href":"https:\/\/www.ortungsgerate.de\/ru\/wp-json\/wp\/v2\/media\/1859"}],"wp:attachment":[{"href":"https:\/\/www.ortungsgerate.de\/ru\/wp-json\/wp\/v2\/media?parent=16526"}],"wp:term":[{"taxonomy":"brand","embeddable":true,"href":"https:\/\/www.ortungsgerate.de\/ru\/wp-json\/wp\/v2\/etheme_brands?post=16526"},{"taxonomy":"product_brand","embeddable":true,"href":"https:\/\/www.ortungsgerate.de\/ru\/wp-json\/wp\/v2\/product_brand?post=16526"},{"taxonomy":"product_cat","embeddable":true,"href":"https:\/\/www.ortungsgerate.de\/ru\/wp-json\/wp\/v2\/product_cat?post=16526"},{"taxonomy":"product_tag","embeddable":true,"href":"https:\/\/www.ortungsgerate.de\/ru\/wp-json\/wp\/v2\/product_tag?post=16526"}],"curies":[{"name":"wp","href":"https:\/\/api.w.org\/{rel}","templated":true}]}}