{"id":16528,"date":"2024-02-06T21:36:05","date_gmt":"2024-02-06T19:36:05","guid":{"rendered":"https:\/\/ortungsgerate.de\/be-kategorijos\/slapta-kamera-dumu-detektorius-su-judesio-davikliu-720x480px\/"},"modified":"2025-11-26T19:01:36","modified_gmt":"2025-11-26T17:01:36","slug":"skrytaya-kamera-dymovoy-izveschatel-s-datchikom-dvizheniya-720x480px","status":"publish","type":"product","link":"https:\/\/www.ortungsgerate.de\/ru\/12-skrytyje-kamery\/17-zamaskirovanyje-kamery\/skrytaya-kamera-dymovoy-izveschatel-s-datchikom-dvizheniya-720x480px\/","title":{"rendered":"\u0421\u043a\u0440\u044b\u0442\u0430\u044f \u043a\u0430\u043c\u0435\u0440\u0430 \u0434\u044b\u043c\u043e\u0432\u043e\u0439 \u0438\u0437\u0432\u0435\u0449\u0430\u0442\u0435\u043b\u044c \u0441 \u0434\u0430\u0442\u0447\u0438\u043a\u043e\u043c \u0434\u0432\u0438\u0436\u0435\u043d\u0438\u044f 720x480px"},"content":{"rendered":"<h3><strong>\u0422\u0435\u0445\u043d\u0438\u0447\u0435\u0441\u043a\u0438\u0435 \u043f\u0430\u0440\u0430\u043c\u0435\u0442\u0440\u044b:<\/strong><\/h3>\n<ul>\n<li>Unterst\u00fctzte Speicherkarten: (T-flash) MicroSD \/ SDHC bis 32 GB (nicht im Lieferumfang enthalten)<\/li>\n<li>Videoaufl\u00f6sung: 720 x 480 px<\/li>\n<li>Videoformat: AVI | 30 fps<\/li>\n<li>Sichtwinkel der Kamera: 65 Grad<\/li>\n<li>Bildaufl\u00f6sung: 1600 x 1200 px<\/li>\n<li>Mikrofon: mit 24KHz Rauschunterdr\u00fcckung; hochwertige Tonaufnahme<\/li>\n<li>Wiederaufladbarer Akku 3,7V; 240 mAh<\/li>\n<li>Betriebsdauer mit Akkustrom: 70 Minuten<\/li>\n<li>USB-Anschluss: 1.1 und 2.0<\/li>\n<li>Unterst\u00fctzte Betriebssysteme: Windows XP \/ Vista 32 \/ Windows 7 \/ 8 \/ 10, Mac OS<\/li>\n<li>Zusatzfunktionen: Bewegungsmelder, Fernbedienung<\/li>\n<li>Farbe: Wei\u00df<\/li>\n<li>Lieferumfang: Rauchmelder-Spionagekamera, USB-Kabel, Fernbedienung, Bedienungsanleitung.<\/li>\n<li>Rauchmelder-Spionagekamera<\/li>\n<li>\u0413\u0430\u0440\u0430\u043d\u0442\u0438\u044f 12 \u043c\u0435\u0441\u044f\u0446\u0435\u0432<\/li>\n<\/ul>\n<p><strong class=\"rednew\">Ben\u00f6tigen Sie eine Expresslieferung am selben Tag?   <\/strong><\/p>\n<p>\u0418\u0441\u043f\u043e\u043b\u044c\u0437\u043e\u0432\u0430\u043d\u0438\u0435: \u0414\u043b\u044f \u0432\u0430\u0448\u0435\u0439 \u0441\u043e\u0431\u0441\u0442\u0432\u0435\u043d\u043d\u043e\u0439 \u0431\u0435\u0437\u043e\u043f\u0430\u0441\u043d\u043e\u0441\u0442\u0438 \u0438 \u0431\u0435\u0437\u043e\u043f\u0430\u0441\u043d\u043e\u0441\u0442\u0438 \u0432\u0430\u0448\u0438\u0445 \u0434\u0435\u0442\u0435\u0439.<\/p>\n<p>Die beste M\u00f6glichkeit, R\u00e4ume zu \u00fcberwachen und vor Diebstahl zu sch\u00fctzen, ist der Einsatz eines Ger\u00e4ts, das keine Aufmerksamkeit erregt und sich unauff\u00e4llig in die Umgebung einf\u00fcgt. Eine Rauchmelder-Imitation eignet sich daf\u00fcr hervorragend. Die Rauchmelder-Spionagekamera, an der \u00fcblichen Stelle f\u00fcr ein solches Ger\u00e4t angebracht, erregt keinerlei Verdacht und gew\u00e4hrleistet eine zuverl\u00e4ssige und diskrete Raum\u00fcberwachung. Das hochwertige Ger\u00e4t nimmt Video (720 x 480 px) auf und kann Fotos machen (1600 x 1200 px). Die Videoaufzeichnung erfolgt mit Ton, mit 30 Bildern pro Sekunde im AVI-Format. Die Aufnahmen k\u00f6nnen auf der im Ger\u00e4t befindlichen Speicherkarte \u00fcbertragen und gespeichert werden (die Spionagekamera unterst\u00fctzt MicroSD-Speicherkarten; Speicherkarte ist nicht im Lieferumfang enthalten).<\/p>\n<p><strong>VORTEILE DES GER\u00c4TS<\/strong><\/p>\n<p>Hochwertige Videoaufnahmen (720 x 480 px). Videoaufzeichnungsoptionen: kontinuierliche Aufzeichnung oder nur nach erkannter Bewegung. Durchdachtes Design \u2013 extrem kleine Linse der Spionagekamera. Unterst\u00fctzte Speicherkartenkapazit\u00e4t von 8 bis 32 GB.<\/p>\n<p><strong>VIDEOAUFNAHME-EINSTELLUNGEN<\/strong><\/p>\n<p>Die Spionagekamera kann dauerhaft aufzeichnen oder so eingestellt werden, dass die Aufzeichnung erst beginnt, wenn eine Bewegung im Raum erkannt wird. Diese Funktion ist eine hervorragende L\u00f6sung in R\u00e4umen mit wenig Aktivit\u00e4t und seltenen Besuchen. Auf diese Weise wird die Akkukapazit\u00e4t des Ger\u00e4ts gespart und Sie m\u00fcssen keine Zeit mit der Sichtung leerer Aufnahmen verschwenden. Die Aufnahmefunktion kann auch aus der Ferne aktiviert werden (mit der Fernbedienung).<\/p>\n<p><strong>BETRIEBSDAUER<\/strong><\/p>\n<p>Die \u00dcberwachungskamera arbeitet mit dem integrierten Akku (Akkukapazit\u00e4t \u2013 240 mAh). Eine volle Akkuladung reicht f\u00fcr etwa 70 Minuten Kamerabetrieb. Eine Stunde Videoaufzeichnung belegt auf der Speicherkarte etwa 2 GB.<\/p>\n<p><strong>\u0422\u0415\u0425\u041d\u0418\u0427\u0415\u0421\u041a\u0418\u0415 \u041f\u0410\u0420\u0410\u041c\u0415\u0422\u0420\u042b:<\/strong><\/p>\n<ul>\n<li>Unterst\u00fctzte Speicherkarten: (T-flash) MicroSD \/ SDHC bis 32 GB (nicht im Lieferumfang enthalten)<\/li>\n<li>Videoaufl\u00f6sung: 720 x 480 px<\/li>\n<li>Videoformat: AVI | 30 fps<\/li>\n<li>Sichtwinkel der Kamera: 65 Grad<\/li>\n<li>Bildaufl\u00f6sung: 1600 x 1200 px<\/li>\n<li>Mikrofon: mit 24KHz Rauschunterdr\u00fcckung; hochwertige Tonaufnahme<\/li>\n<li>Wiederaufladbarer Akku 3,7V; 240 mAh<\/li>\n<li>Betriebsdauer mit Akkustrom: 70 Minuten<\/li>\n<li>USB-Anschluss: 1.1 und 2.0<\/li>\n<li>Unterst\u00fctzte Betriebssysteme: Windows XP \/ Vista 32 \/ Windows 7 \/ 8 \/ 10, Mac OS<\/li>\n<li>Zusatzfunktionen: Bewegungsmelder, Fernbedienung<\/li>\n<li>Farbe: Wei\u00df<\/li>\n<li>Lieferumfang: Rauchmelder-Spionagekamera, USB-Kabel, Fernbedienung, Bedienungsanleitung.<\/li>\n<\/ul>","protected":false},"excerpt":{"rendered":"<p>Technische Parameter: Unterst\u00fctzte Speicherkarten: (T-flash) MicroSD \/ SDHC bis 32 GB (nicht im Lieferumfang enthalten) Videoaufl\u00f6sung: 720 x 480 px Videoformat: AVI | 30 fps&#8230;<\/p>","protected":false},"featured_media":1302,"template":"","meta":[],"etheme_brands":[],"product_brand":[],"product_cat":[204,203],"product_tag":[705,690,793],"class_list":{"0":"post-16528","1":"product","2":"type-product","3":"status-publish","4":"has-post-thumbnail","6":"product_cat-17-getarnte-kameras","7":"product_cat-12-versteckte-kameras","8":"product_tag-ueberwachungskamera","9":"product_tag-versteckte-kamera","10":"product_tag-versteckte-ueberwachungskameras","11":"pa_typ-rauchmelder-alarmmelder","13":"first","14":"outofstock","15":"taxable","16":"shipping-taxable","17":"purchasable","18":"product-type-simple"},"yoast_head":"<!-- This site is optimized with the Yoast SEO Premium plugin v25.9 (Yoast SEO v27.4) - https:\/\/yoast.com\/product\/yoast-seo-premium-wordpress\/ -->\n<title>Versteckte Kamera im Rauchmelder mit Bewegungsmelder<\/title>\n<meta name=\"description\" content=\"Versteckte Kamera im Rauchmelder mit Bewegungsmelder. Erm\u00f6glicht besonders diskrete Aufnahmen und unterscheidet sich \u00e4u\u00dferlich in nichts von einem herk\u00f6mmlichen Rauchmelder.\" \/>\n<meta name=\"robots\" content=\"index, follow, max-snippet:-1, max-image-preview:large, max-video-preview:-1\" \/>\n<link rel=\"canonical\" href=\"https:\/\/www.ortungsgerate.de\/ru\/12-skrytyje-kamery\/17-zamaskirovanyje-kamery\/skrytaya-kamera-dymovoy-izveschatel-s-datchikom-dvizheniya-720x480px\/\" \/>\n<meta property=\"og:locale\" content=\"ru_RU\" \/>\n<meta property=\"og:type\" content=\"article\" \/>\n<meta property=\"og:title\" content=\"Versteckte Kamera Rauchmelder mit Bewegungsmelder 720x480px\" \/>\n<meta property=\"og:description\" content=\"Versteckte Kamera im Rauchmelder mit Bewegungsmelder. Erm\u00f6glicht besonders diskrete Aufnahmen und unterscheidet sich \u00e4u\u00dferlich in nichts von einem herk\u00f6mmlichen Rauchmelder.\" \/>\n<meta property=\"og:url\" content=\"https:\/\/www.ortungsgerate.de\/ru\/12-skrytyje-kamery\/17-zamaskirovanyje-kamery\/skrytaya-kamera-dymovoy-izveschatel-s-datchikom-dvizheniya-720x480px\/\" \/>\n<meta property=\"og:site_name\" content=\"Ortungsger\u00e4te.de\" \/>\n<meta property=\"article:modified_time\" content=\"2025-11-26T17:01:36+00:00\" \/>\n<meta property=\"og:image\" content=\"https:\/\/www.ortungsgerate.de\/wp-content\/uploads\/slapta-kamera-dumu-detektorisu-su-judesio-davikliu-720x480px.jpg\" \/>\n\t<meta property=\"og:image:width\" content=\"1125\" \/>\n\t<meta property=\"og:image:height\" content=\"908\" \/>\n\t<meta property=\"og:image:type\" content=\"image\/jpeg\" \/>\n<meta name=\"twitter:card\" content=\"summary_large_image\" \/>\n<meta name=\"twitter:label1\" content=\"\u041f\u0440\u0438\u043c\u0435\u0440\u043d\u043e\u0435 \u0432\u0440\u0435\u043c\u044f \u0434\u043b\u044f \u0447\u0442\u0435\u043d\u0438\u044f\" \/>\n\t<meta name=\"twitter:data1\" content=\"3 \u043c\u0438\u043d\u0443\u0442\u044b\" \/>\n<script type=\"application\/ld+json\" class=\"yoast-schema-graph\">{\"@context\":\"https:\\\/\\\/schema.org\",\"@graph\":[{\"@type\":\"WebPage\",\"@id\":\"https:\\\/\\\/www.ortungsgerate.de\\\/12-versteckte-kameras\\\/17-getarnte-kameras\\\/versteckte-kamera-rauchmelder-mit-bewegungsmelder-720x480px\\\/\",\"url\":\"https:\\\/\\\/www.ortungsgerate.de\\\/12-versteckte-kameras\\\/17-getarnte-kameras\\\/versteckte-kamera-rauchmelder-mit-bewegungsmelder-720x480px\\\/\",\"name\":\"Versteckte Kamera im Rauchmelder mit Bewegungsmelder\",\"isPartOf\":{\"@id\":\"https:\\\/\\\/www.ortungsgerate.de\\\/#website\"},\"primaryImageOfPage\":{\"@id\":\"https:\\\/\\\/www.ortungsgerate.de\\\/12-versteckte-kameras\\\/17-getarnte-kameras\\\/versteckte-kamera-rauchmelder-mit-bewegungsmelder-720x480px\\\/#primaryimage\"},\"image\":{\"@id\":\"https:\\\/\\\/www.ortungsgerate.de\\\/12-versteckte-kameras\\\/17-getarnte-kameras\\\/versteckte-kamera-rauchmelder-mit-bewegungsmelder-720x480px\\\/#primaryimage\"},\"thumbnailUrl\":\"https:\\\/\\\/www.ortungsgerate.de\\\/wp-content\\\/uploads\\\/slapta-kamera-dumu-detektorisu-su-judesio-davikliu-720x480px.jpg\",\"datePublished\":\"2024-02-06T19:36:05+00:00\",\"dateModified\":\"2025-11-26T17:01:36+00:00\",\"description\":\"Versteckte Kamera im Rauchmelder mit Bewegungsmelder. Erm\u00f6glicht besonders diskrete Aufnahmen und unterscheidet sich \u00e4u\u00dferlich in nichts von einem herk\u00f6mmlichen Rauchmelder.\",\"breadcrumb\":{\"@id\":\"https:\\\/\\\/www.ortungsgerate.de\\\/12-versteckte-kameras\\\/17-getarnte-kameras\\\/versteckte-kamera-rauchmelder-mit-bewegungsmelder-720x480px\\\/#breadcrumb\"},\"inLanguage\":\"ru-RU\",\"potentialAction\":[{\"@type\":\"ReadAction\",\"target\":[\"https:\\\/\\\/www.ortungsgerate.de\\\/12-versteckte-kameras\\\/17-getarnte-kameras\\\/versteckte-kamera-rauchmelder-mit-bewegungsmelder-720x480px\\\/\"]}]},{\"@type\":\"ImageObject\",\"inLanguage\":\"ru-RU\",\"@id\":\"https:\\\/\\\/www.ortungsgerate.de\\\/12-versteckte-kameras\\\/17-getarnte-kameras\\\/versteckte-kamera-rauchmelder-mit-bewegungsmelder-720x480px\\\/#primaryimage\",\"url\":\"https:\\\/\\\/www.ortungsgerate.de\\\/wp-content\\\/uploads\\\/slapta-kamera-dumu-detektorisu-su-judesio-davikliu-720x480px.jpg\",\"contentUrl\":\"https:\\\/\\\/www.ortungsgerate.de\\\/wp-content\\\/uploads\\\/slapta-kamera-dumu-detektorisu-su-judesio-davikliu-720x480px.jpg\",\"width\":1125,\"height\":908,\"caption\":\"Rauchmelder mit Kamera\"},{\"@type\":\"BreadcrumbList\",\"@id\":\"https:\\\/\\\/www.ortungsgerate.de\\\/12-versteckte-kameras\\\/17-getarnte-kameras\\\/versteckte-kamera-rauchmelder-mit-bewegungsmelder-720x480px\\\/#breadcrumb\",\"itemListElement\":[{\"@type\":\"ListItem\",\"position\":1,\"name\":\"Startseite\",\"item\":\"https:\\\/\\\/www.ortungsgerate.de\\\/\"},{\"@type\":\"ListItem\",\"position\":2,\"name\":\"Shop\",\"item\":\"https:\\\/\\\/www.ortungsgerate.de\\\/shop\\\/\"},{\"@type\":\"ListItem\",\"position\":3,\"name\":\"Versteckte Kamera Rauchmelder mit Bewegungsmelder 720x480px\"}]},{\"@type\":\"WebSite\",\"@id\":\"https:\\\/\\\/www.ortungsgerate.de\\\/#website\",\"url\":\"https:\\\/\\\/www.ortungsgerate.de\\\/\",\"name\":\"Ortungsgerate.de\",\"description\":\"\",\"publisher\":{\"@id\":\"https:\\\/\\\/www.ortungsgerate.de\\\/#organization\"},\"potentialAction\":[{\"@type\":\"SearchAction\",\"target\":{\"@type\":\"EntryPoint\",\"urlTemplate\":\"https:\\\/\\\/www.ortungsgerate.de\\\/?s={search_term_string}\"},\"query-input\":{\"@type\":\"PropertyValueSpecification\",\"valueRequired\":true,\"valueName\":\"search_term_string\"}}],\"inLanguage\":\"ru-RU\"},{\"@type\":\"Organization\",\"@id\":\"https:\\\/\\\/www.ortungsgerate.de\\\/#organization\",\"name\":\"Ortungsgerate.de\",\"url\":\"https:\\\/\\\/www.ortungsgerate.de\\\/\",\"logo\":{\"@type\":\"ImageObject\",\"inLanguage\":\"ru-RU\",\"@id\":\"https:\\\/\\\/www.ortungsgerate.de\\\/#\\\/schema\\\/logo\\\/image\\\/\",\"url\":\"https:\\\/\\\/www.ortungsgerate.de\\\/wp-content\\\/uploads\\\/ortungsgerate.png\",\"contentUrl\":\"https:\\\/\\\/www.ortungsgerate.de\\\/wp-content\\\/uploads\\\/ortungsgerate.png\",\"width\":500,\"height\":135,\"caption\":\"Ortungsgerate.de\"},\"image\":{\"@id\":\"https:\\\/\\\/www.ortungsgerate.de\\\/#\\\/schema\\\/logo\\\/image\\\/\"}}]}<\/script>\n<!-- \/ Yoast SEO Premium plugin. -->","yoast_head_json":{"title":"Versteckte Kamera im Rauchmelder mit Bewegungsmelder","description":"Versteckte Kamera im Rauchmelder mit Bewegungsmelder. Erm\u00f6glicht besonders diskrete Aufnahmen und unterscheidet sich \u00e4u\u00dferlich in nichts von einem herk\u00f6mmlichen Rauchmelder.","robots":{"index":"index","follow":"follow","max-snippet":"max-snippet:-1","max-image-preview":"max-image-preview:large","max-video-preview":"max-video-preview:-1"},"canonical":"https:\/\/www.ortungsgerate.de\/ru\/12-skrytyje-kamery\/17-zamaskirovanyje-kamery\/skrytaya-kamera-dymovoy-izveschatel-s-datchikom-dvizheniya-720x480px\/","og_locale":"ru_RU","og_type":"article","og_title":"Versteckte Kamera Rauchmelder mit Bewegungsmelder 720x480px","og_description":"Versteckte Kamera im Rauchmelder mit Bewegungsmelder. Erm\u00f6glicht besonders diskrete Aufnahmen und unterscheidet sich \u00e4u\u00dferlich in nichts von einem herk\u00f6mmlichen Rauchmelder.","og_url":"https:\/\/www.ortungsgerate.de\/ru\/12-skrytyje-kamery\/17-zamaskirovanyje-kamery\/skrytaya-kamera-dymovoy-izveschatel-s-datchikom-dvizheniya-720x480px\/","og_site_name":"Ortungsger\u00e4te.de","article_modified_time":"2025-11-26T17:01:36+00:00","og_image":[{"width":1125,"height":908,"url":"https:\/\/www.ortungsgerate.de\/wp-content\/uploads\/slapta-kamera-dumu-detektorisu-su-judesio-davikliu-720x480px.jpg","type":"image\/jpeg"}],"twitter_card":"summary_large_image","twitter_misc":{"\u041f\u0440\u0438\u043c\u0435\u0440\u043d\u043e\u0435 \u0432\u0440\u0435\u043c\u044f \u0434\u043b\u044f \u0447\u0442\u0435\u043d\u0438\u044f":"3 \u043c\u0438\u043d\u0443\u0442\u044b"},"schema":{"@context":"https:\/\/schema.org","@graph":[{"@type":"WebPage","@id":"https:\/\/www.ortungsgerate.de\/12-versteckte-kameras\/17-getarnte-kameras\/versteckte-kamera-rauchmelder-mit-bewegungsmelder-720x480px\/","url":"https:\/\/www.ortungsgerate.de\/12-versteckte-kameras\/17-getarnte-kameras\/versteckte-kamera-rauchmelder-mit-bewegungsmelder-720x480px\/","name":"Versteckte Kamera im Rauchmelder mit Bewegungsmelder","isPartOf":{"@id":"https:\/\/www.ortungsgerate.de\/#website"},"primaryImageOfPage":{"@id":"https:\/\/www.ortungsgerate.de\/12-versteckte-kameras\/17-getarnte-kameras\/versteckte-kamera-rauchmelder-mit-bewegungsmelder-720x480px\/#primaryimage"},"image":{"@id":"https:\/\/www.ortungsgerate.de\/12-versteckte-kameras\/17-getarnte-kameras\/versteckte-kamera-rauchmelder-mit-bewegungsmelder-720x480px\/#primaryimage"},"thumbnailUrl":"https:\/\/www.ortungsgerate.de\/wp-content\/uploads\/slapta-kamera-dumu-detektorisu-su-judesio-davikliu-720x480px.jpg","datePublished":"2024-02-06T19:36:05+00:00","dateModified":"2025-11-26T17:01:36+00:00","description":"Versteckte Kamera im Rauchmelder mit Bewegungsmelder. Erm\u00f6glicht besonders diskrete Aufnahmen und unterscheidet sich \u00e4u\u00dferlich in nichts von einem herk\u00f6mmlichen Rauchmelder.","breadcrumb":{"@id":"https:\/\/www.ortungsgerate.de\/12-versteckte-kameras\/17-getarnte-kameras\/versteckte-kamera-rauchmelder-mit-bewegungsmelder-720x480px\/#breadcrumb"},"inLanguage":"ru-RU","potentialAction":[{"@type":"ReadAction","target":["https:\/\/www.ortungsgerate.de\/12-versteckte-kameras\/17-getarnte-kameras\/versteckte-kamera-rauchmelder-mit-bewegungsmelder-720x480px\/"]}]},{"@type":"ImageObject","inLanguage":"ru-RU","@id":"https:\/\/www.ortungsgerate.de\/12-versteckte-kameras\/17-getarnte-kameras\/versteckte-kamera-rauchmelder-mit-bewegungsmelder-720x480px\/#primaryimage","url":"https:\/\/www.ortungsgerate.de\/wp-content\/uploads\/slapta-kamera-dumu-detektorisu-su-judesio-davikliu-720x480px.jpg","contentUrl":"https:\/\/www.ortungsgerate.de\/wp-content\/uploads\/slapta-kamera-dumu-detektorisu-su-judesio-davikliu-720x480px.jpg","width":1125,"height":908,"caption":"Rauchmelder mit Kamera"},{"@type":"BreadcrumbList","@id":"https:\/\/www.ortungsgerate.de\/12-versteckte-kameras\/17-getarnte-kameras\/versteckte-kamera-rauchmelder-mit-bewegungsmelder-720x480px\/#breadcrumb","itemListElement":[{"@type":"ListItem","position":1,"name":"Startseite","item":"https:\/\/www.ortungsgerate.de\/"},{"@type":"ListItem","position":2,"name":"Shop","item":"https:\/\/www.ortungsgerate.de\/shop\/"},{"@type":"ListItem","position":3,"name":"Versteckte Kamera Rauchmelder mit Bewegungsmelder 720x480px"}]},{"@type":"WebSite","@id":"https:\/\/www.ortungsgerate.de\/#website","url":"https:\/\/www.ortungsgerate.de\/","name":"Ortungsgerate.de","description":"","publisher":{"@id":"https:\/\/www.ortungsgerate.de\/#organization"},"potentialAction":[{"@type":"SearchAction","target":{"@type":"EntryPoint","urlTemplate":"https:\/\/www.ortungsgerate.de\/?s={search_term_string}"},"query-input":{"@type":"PropertyValueSpecification","valueRequired":true,"valueName":"search_term_string"}}],"inLanguage":"ru-RU"},{"@type":"Organization","@id":"https:\/\/www.ortungsgerate.de\/#organization","name":"Ortungsgerate.de","url":"https:\/\/www.ortungsgerate.de\/","logo":{"@type":"ImageObject","inLanguage":"ru-RU","@id":"https:\/\/www.ortungsgerate.de\/#\/schema\/logo\/image\/","url":"https:\/\/www.ortungsgerate.de\/wp-content\/uploads\/ortungsgerate.png","contentUrl":"https:\/\/www.ortungsgerate.de\/wp-content\/uploads\/ortungsgerate.png","width":500,"height":135,"caption":"Ortungsgerate.de"},"image":{"@id":"https:\/\/www.ortungsgerate.de\/#\/schema\/logo\/image\/"}}]}},"_links":{"self":[{"href":"https:\/\/www.ortungsgerate.de\/ru\/wp-json\/wp\/v2\/product\/16528","targetHints":{"allow":["GET"]}}],"collection":[{"href":"https:\/\/www.ortungsgerate.de\/ru\/wp-json\/wp\/v2\/product"}],"about":[{"href":"https:\/\/www.ortungsgerate.de\/ru\/wp-json\/wp\/v2\/types\/product"}],"version-history":[{"count":0,"href":"https:\/\/www.ortungsgerate.de\/ru\/wp-json\/wp\/v2\/product\/16528\/revisions"}],"wp:featuredmedia":[{"embeddable":true,"href":"https:\/\/www.ortungsgerate.de\/ru\/wp-json\/wp\/v2\/media\/1302"}],"wp:attachment":[{"href":"https:\/\/www.ortungsgerate.de\/ru\/wp-json\/wp\/v2\/media?parent=16528"}],"wp:term":[{"taxonomy":"brand","embeddable":true,"href":"https:\/\/www.ortungsgerate.de\/ru\/wp-json\/wp\/v2\/etheme_brands?post=16528"},{"taxonomy":"product_brand","embeddable":true,"href":"https:\/\/www.ortungsgerate.de\/ru\/wp-json\/wp\/v2\/product_brand?post=16528"},{"taxonomy":"product_cat","embeddable":true,"href":"https:\/\/www.ortungsgerate.de\/ru\/wp-json\/wp\/v2\/product_cat?post=16528"},{"taxonomy":"product_tag","embeddable":true,"href":"https:\/\/www.ortungsgerate.de\/ru\/wp-json\/wp\/v2\/product_tag?post=16528"}],"curies":[{"name":"wp","href":"https:\/\/api.w.org\/{rel}","templated":true}]}}