{"id":16529,"date":"2024-02-06T21:36:37","date_gmt":"2024-02-06T19:36:37","guid":{"rendered":"https:\/\/ortungsgerate.de\/be-kategorijos\/oru-stotele-su-uzmaskuota-wi-fi-kamera\/"},"modified":"2025-12-01T11:26:01","modified_gmt":"2025-12-01T10:26:01","slug":"meteostantsiya-s-zamaskirovannoy-wi-fi-kameroy","status":"publish","type":"product","link":"https:\/\/www.ortungsgerate.de\/ru\/12-skrytyje-kamery\/17-zamaskirovanyje-kamery\/meteostantsiya-s-zamaskirovannoy-wi-fi-kameroy\/","title":{"rendered":"\u041c\u0435\u0442\u0435\u043e\u0441\u0442\u0430\u043d\u0446\u0438\u044f \u0441 \u0437\u0430\u043c\u0430\u0441\u043a\u0438\u0440\u043e\u0432\u0430\u043d\u043d\u043e\u0439 WI FI \u043a\u0430\u043c\u0435\u0440\u043e\u0439"},"content":{"rendered":"<p>\u0410\u041a\u0426\u0418\u042f: Micro SD 32GB \u0432 \u043f\u043e\u0434\u0430\u0440\u043e\u043a<\/p>\n<h3><strong>\u0422\u0435\u0445\u043d\u0438\u0447\u0435\u0441\u043a\u0438\u0435 \u043f\u0430\u0440\u0430\u043c\u0435\u0442\u0440\u044b:<\/strong><\/h3>\n<ul>\n<li>\u0414\u0438\u0441\u0442\u0430\u043d\u0446\u0438\u043e\u043d\u043d\u044b\u0439 \u043f\u0440\u043e\u0441\u043c\u043e\u0442\u0440 \u0432\u0438\u0434\u0435\u043e: \u0414\u0410<\/li>\n<li>Videoaufnahme mit Ton<\/li>\n<li>Videoqualit\u00e4t: Ansicht: HD 1920*1080<\/li>\n<li>Fotoaufl\u00f6sung: 4032*3024<\/li>\n<li>\u0412\u0438\u0434\u0435\u043e\u043d\u0430\u0431\u043b\u044e\u0434\u0435\u043d\u0438\u0435: \u0421 \u0442\u0435\u043b\u0435\u0444\u043e\u043d\u0430 \u0438\u043b\u0438 \u043a\u043e\u043c\u043f\u044c\u044e\u0442\u0435\u0440\u0430 (\u0432 \u0440\u0435\u0430\u043b\u044c\u043d\u043e\u043c \u0432\u0440\u0435\u043c\u0435\u043d\u0438 \u0447\u0435\u0440\u0435\u0437 \u0418\u043d\u0442\u0435\u0440\u043d\u0435\u0442)<\/li>\n<li>Betriebszeit mit Akku: ungef\u00e4hr 3 Stunden \u2013 vom Netzteil 24\/7<\/li>\n<li>Sensor f\u00fcr Innen- und Au\u00dfentemperatur, Feuchtigkeitssensor<\/li>\n<li>Aufnahme zu gew\u00e4hlter Zeit: JA<\/li>\n<li>\u041e\u0431\u043d\u0430\u0440\u0443\u0436\u0435\u043d\u0438\u0435 \u0434\u0432\u0438\u0436\u0435\u043d\u0438\u044f: \u0414\u0410, \u0446\u0438\u0444\u0440\u043e\u0432\u043e\u0435<\/li>\n<li>Sichtwinkel: 90\u00b0<\/li>\n<li>Speicherkartenunterst\u00fctzung: 128 GB (Speicherkarte nicht im Set enthalten)<\/li>\n<li>\u0424\u043e\u0440\u043c\u0430\u0442 \u0441\u0436\u0430\u0442\u0438\u044f: AVI H.264<\/li>\n<li>\u0412\u0438\u0434\u0435\u043e \u0444\u043e\u0440\u043c\u0430\u0442: Avi<\/li>\n<li>Systeme: \u201eiOS\u201d, \u201eAndroid\u201d, \u201eWindows\u201d<\/li>\n<li>Software: \u201eVorhanden<\/li>\n<li>Stromversorgung: interner Akku; oder \u00fcber Handy-Ladeger\u00e4t<\/li>\n<li>220V-Adapter (f\u00fcr dauerhaften Netzanschluss)<\/li>\n<li>Wi-Fi: Vorhanden<\/li>\n<li>Akkukapazit\u00e4t: 3000 mAh<\/li>\n<li><strong>\u0413\u0410\u0420\u0410\u041d\u0422\u0418\u042f 12 \u043c\u0435\u0441\u044f\u0446\u0435\u0432<\/strong><\/li>\n<\/ul>\n<p><strong>Verwendung:<\/strong> F\u00fcr Ihre eigene Sicherheit und die Ihrer Kinder.<\/p>\n<p><span lang=\"lt\">Die Einsatzm\u00f6glichkeiten von versteckten Kameras sind tats\u00e4chlich sehr vielf\u00e4ltig, daher ist es nicht verwunderlich, dass ihre Beliebtheit in letzter Zeit immer weiter zunimmt. Moderne versteckte Kameras werden immer h\u00e4ufiger in verschiedenen Alltagsgegenst\u00e4nden getarnt, sodass sie einfach in den R\u00e4umen platziert werden k\u00f6nnen, in denen bestimmte Personen \u00fcberwacht werden sollen. Die Wetterstation mit versteckter Kamera wird keinerlei Verdacht erregen, daher k\u00f6nnen Sie ganz beruhigt sein, dass die Aufzeichnung reibungslos gelingen wird.<\/span><\/p>\n<p><strong><span lang=\"lt\">M\u00f6glichkeit, Videoaufnahmen aus der Ferne zu \u00fcberwachen<\/span><\/strong><\/p>\n<p><span lang=\"lt\">Die aufgezeichneten Videoaufnahmen k\u00f6nnen Sie auf zwei Arten ansehen: indem Sie die Dateien auf den Computer \u00fcbertragen oder aus der Ferne. Diese versteckte Kamera verf\u00fcgt \u00fcber eine Video\u00fcberwachungs-App, sodass Sie nach der Verbindung mit dem Telefon oder Computer beobachten k\u00f6nnen, was aktuell im Raum geschieht (die Wetterstation mit versteckter Kamera ist kompatibel mit den Systemen \u201eiOS\u201d, \u201eAndroid\u201d, \u201eWindows\u201d und \u201eWindows 7 \/ 8 \/ 10\u201d). In die versteckte Kamera wird eine 128 GB Speicherkarte eingesetzt (nicht im Lieferumfang enthalten), mit der Sie eine gro\u00dfe Menge an Videoaufnahmen speichern k\u00f6nnen. Au\u00dferdem haben Sie die M\u00f6glichkeit, die Aufnahme auf eine im Voraus gew\u00e4hlte Zeit einzustellen, wodurch die Nutzung dieser versteckten Kamera sehr komfortabel ist.<\/span><\/p>\n<p><strong><span lang=\"lt\">Hochwertige Videoaufzeichnung<\/span><\/strong><\/p>\n<p><span lang=\"lt\">Moderne versteckte Kameras gew\u00e4hrleisten eine wirklich hochwertige Videoaufzeichnung, sodass Sie sicher sein k\u00f6nnen, dass es beim Ansehen der aufgezeichneten Bilder sehr einfach sein wird, verschiedene Details zu erkennen. Die Videoqualit\u00e4t dieser Kamera betr\u00e4gt HD 1920&#215;1080 px und die Fotoaufl\u00f6sung sogar 4032&#215;3024 px. Der Sichtwinkel der Kamera betr\u00e4gt 90 Grad, daher ist es am wichtigsten, die Wetterstation im richtigen Winkel auszurichten. <\/span><\/p>\n<p><strong><span lang=\"lt\">Akkulaufzeit im Standby<\/span><\/strong><\/p>\n<p><span lang=\"lt\">Ein vollst\u00e4ndig geladener Akku der versteckten Kamera funktioniert etwa 3 Stunden, es besteht jedoch auch die M\u00f6glichkeit, die Stromversorgung \u00fcber eine Steckdose zu w\u00e4hlen (in diesem Fall m\u00fcssen Sie sich keine Sorgen machen, dass der Akku zum ung\u00fcnstigsten Zeitpunkt leer wird). Die Wetterstation verf\u00fcgt \u00fcber eine Bewegungserkennungsfunktion, sodass Sie wissen, wann es sich lohnt, mit der Fernansicht der Aufnahmen zu beginnen.<\/span><\/p>\n<p><span lang=\"lt\">Die Wetterstation mit versteckter Kamera ist ein sehr funktionales Ger\u00e4t, das nicht nur bei der Aufzeichnung geheimer Bilder hilft, sondern auch die Temperatur und die relative Luftfeuchtigkeit pr\u00e4zise misst<\/span><\/p>","protected":false},"excerpt":{"rendered":"<p>AKTION: Micro SD 32GB als Geschenk Technische Parameter: Fernvideoansicht: JA Videoaufnahme mit Ton Videoqualit\u00e4t: Ansicht: HD 1920*1080 Fotoaufl\u00f6sung: 4032*3024 Video\u00fcberwachung: Mit Telefon oder Computer (live&#8230;<\/p>","protected":false},"featured_media":1497,"template":"","meta":[],"etheme_brands":[],"product_brand":[],"product_cat":[204,203,205],"product_tag":[42,707,705,690,693],"class_list":{"0":"post-16529","1":"product","2":"type-product","3":"status-publish","4":"has-post-thumbnail","6":"product_cat-17-getarnte-kameras","7":"product_cat-12-versteckte-kameras","8":"product_cat-27-wlan-minikameras","9":"product_tag-kamera","10":"product_tag-kamera-uhr","11":"product_tag-ueberwachungskamera","12":"product_tag-versteckte-kamera","13":"product_tag-wlan-kamera","14":"pa_typ-wetterstationen","16":"first","17":"outofstock","18":"taxable","19":"shipping-taxable","20":"purchasable","21":"product-type-simple"},"yoast_head":"<!-- This site is optimized with the Yoast SEO Premium plugin v25.9 (Yoast SEO v27.4) - https:\/\/yoast.com\/product\/yoast-seo-premium-wordpress\/ -->\n<title>Versteckte Kamera mit WI-FI getarnt in Wetterstation - Sekimoiranga.lt<\/title>\n<meta name=\"description\" content=\"Wetterstation mit integrierter versteckter Kamera, Bild\u00fcbertragung \u00fcber WLAN-Netzwerk, M\u00f6glichkeit zur Aufzeichnung auf eine microSD-Karte, Nachtsichtfunktion, Bewegungssensor\" \/>\n<meta name=\"robots\" content=\"index, follow, max-snippet:-1, max-image-preview:large, max-video-preview:-1\" \/>\n<link rel=\"canonical\" href=\"https:\/\/www.ortungsgerate.de\/ru\/12-skrytyje-kamery\/27-wlan-mini-kamery\/meteostantsiya-s-zamaskirovannoy-wi-fi-kameroy\/\" \/>\n<meta property=\"og:locale\" content=\"ru_RU\" \/>\n<meta property=\"og:type\" content=\"article\" \/>\n<meta property=\"og:title\" content=\"Wetterstation mit getarnter WI FI Kamera\" \/>\n<meta property=\"og:description\" content=\"Wetterstation mit integrierter versteckter Kamera, Bild\u00fcbertragung \u00fcber WLAN-Netzwerk, M\u00f6glichkeit zur Aufzeichnung auf eine microSD-Karte, Nachtsichtfunktion, Bewegungssensor\" \/>\n<meta property=\"og:url\" content=\"https:\/\/www.ortungsgerate.de\/ru\/12-skrytyje-kamery\/27-wlan-mini-kamery\/meteostantsiya-s-zamaskirovannoy-wi-fi-kameroy\/\" \/>\n<meta property=\"og:site_name\" content=\"Ortungsger\u00e4te.de\" \/>\n<meta property=\"article:modified_time\" content=\"2025-12-01T10:26:01+00:00\" \/>\n<meta property=\"og:image\" content=\"https:\/\/www.ortungsgerate.de\/wp-content\/uploads\/oru-stotele-su-uzmaskuota-wi-fi-kamera-naktinis-matymas.jpg\" \/>\n\t<meta property=\"og:image:width\" content=\"1280\" \/>\n\t<meta property=\"og:image:height\" content=\"853\" \/>\n\t<meta property=\"og:image:type\" content=\"image\/jpeg\" \/>\n<meta name=\"twitter:card\" content=\"summary_large_image\" \/>\n<meta name=\"twitter:label1\" content=\"\u041f\u0440\u0438\u043c\u0435\u0440\u043d\u043e\u0435 \u0432\u0440\u0435\u043c\u044f \u0434\u043b\u044f \u0447\u0442\u0435\u043d\u0438\u044f\" \/>\n\t<meta name=\"twitter:data1\" content=\"3 \u043c\u0438\u043d\u0443\u0442\u044b\" \/>\n<script type=\"application\/ld+json\" class=\"yoast-schema-graph\">{\"@context\":\"https:\\\/\\\/schema.org\",\"@graph\":[{\"@type\":\"WebPage\",\"@id\":\"https:\\\/\\\/www.ortungsgerate.de\\\/12-versteckte-kameras\\\/27-wlan-minikameras\\\/wetterstation-mit-getarnter-wi-fi-kamera\\\/\",\"url\":\"https:\\\/\\\/www.ortungsgerate.de\\\/12-versteckte-kameras\\\/27-wlan-minikameras\\\/wetterstation-mit-getarnter-wi-fi-kamera\\\/\",\"name\":\"Versteckte Kamera mit WI-FI getarnt in Wetterstation - Sekimoiranga.lt\",\"isPartOf\":{\"@id\":\"https:\\\/\\\/www.ortungsgerate.de\\\/#website\"},\"primaryImageOfPage\":{\"@id\":\"https:\\\/\\\/www.ortungsgerate.de\\\/12-versteckte-kameras\\\/27-wlan-minikameras\\\/wetterstation-mit-getarnter-wi-fi-kamera\\\/#primaryimage\"},\"image\":{\"@id\":\"https:\\\/\\\/www.ortungsgerate.de\\\/12-versteckte-kameras\\\/27-wlan-minikameras\\\/wetterstation-mit-getarnter-wi-fi-kamera\\\/#primaryimage\"},\"thumbnailUrl\":\"https:\\\/\\\/www.ortungsgerate.de\\\/wp-content\\\/uploads\\\/oru-stotele-su-uzmaskuota-wi-fi-kamera-naktinis-matymas.jpg\",\"datePublished\":\"2024-02-06T19:36:37+00:00\",\"dateModified\":\"2025-12-01T10:26:01+00:00\",\"description\":\"Wetterstation mit integrierter versteckter Kamera, Bild\u00fcbertragung \u00fcber WLAN-Netzwerk, M\u00f6glichkeit zur Aufzeichnung auf eine microSD-Karte, Nachtsichtfunktion, Bewegungssensor\",\"breadcrumb\":{\"@id\":\"https:\\\/\\\/www.ortungsgerate.de\\\/12-versteckte-kameras\\\/27-wlan-minikameras\\\/wetterstation-mit-getarnter-wi-fi-kamera\\\/#breadcrumb\"},\"inLanguage\":\"ru-RU\",\"potentialAction\":[{\"@type\":\"ReadAction\",\"target\":[\"https:\\\/\\\/www.ortungsgerate.de\\\/12-versteckte-kameras\\\/27-wlan-minikameras\\\/wetterstation-mit-getarnter-wi-fi-kamera\\\/\"]}]},{\"@type\":\"ImageObject\",\"inLanguage\":\"ru-RU\",\"@id\":\"https:\\\/\\\/www.ortungsgerate.de\\\/12-versteckte-kameras\\\/27-wlan-minikameras\\\/wetterstation-mit-getarnter-wi-fi-kamera\\\/#primaryimage\",\"url\":\"https:\\\/\\\/www.ortungsgerate.de\\\/wp-content\\\/uploads\\\/oru-stotele-su-uzmaskuota-wi-fi-kamera-naktinis-matymas.jpg\",\"contentUrl\":\"https:\\\/\\\/www.ortungsgerate.de\\\/wp-content\\\/uploads\\\/oru-stotele-su-uzmaskuota-wi-fi-kamera-naktinis-matymas.jpg\",\"width\":1280,\"height\":853,\"caption\":\"Getarnte versteckte Kamera\"},{\"@type\":\"BreadcrumbList\",\"@id\":\"https:\\\/\\\/www.ortungsgerate.de\\\/12-versteckte-kameras\\\/27-wlan-minikameras\\\/wetterstation-mit-getarnter-wi-fi-kamera\\\/#breadcrumb\",\"itemListElement\":[{\"@type\":\"ListItem\",\"position\":1,\"name\":\"Startseite\",\"item\":\"https:\\\/\\\/www.ortungsgerate.de\\\/\"},{\"@type\":\"ListItem\",\"position\":2,\"name\":\"Shop\",\"item\":\"https:\\\/\\\/www.ortungsgerate.de\\\/shop\\\/\"},{\"@type\":\"ListItem\",\"position\":3,\"name\":\"Wetterstation mit getarnter WI FI Kamera\"}]},{\"@type\":\"WebSite\",\"@id\":\"https:\\\/\\\/www.ortungsgerate.de\\\/#website\",\"url\":\"https:\\\/\\\/www.ortungsgerate.de\\\/\",\"name\":\"Ortungsgerate.de\",\"description\":\"\",\"publisher\":{\"@id\":\"https:\\\/\\\/www.ortungsgerate.de\\\/#organization\"},\"potentialAction\":[{\"@type\":\"SearchAction\",\"target\":{\"@type\":\"EntryPoint\",\"urlTemplate\":\"https:\\\/\\\/www.ortungsgerate.de\\\/?s={search_term_string}\"},\"query-input\":{\"@type\":\"PropertyValueSpecification\",\"valueRequired\":true,\"valueName\":\"search_term_string\"}}],\"inLanguage\":\"ru-RU\"},{\"@type\":\"Organization\",\"@id\":\"https:\\\/\\\/www.ortungsgerate.de\\\/#organization\",\"name\":\"Ortungsgerate.de\",\"url\":\"https:\\\/\\\/www.ortungsgerate.de\\\/\",\"logo\":{\"@type\":\"ImageObject\",\"inLanguage\":\"ru-RU\",\"@id\":\"https:\\\/\\\/www.ortungsgerate.de\\\/#\\\/schema\\\/logo\\\/image\\\/\",\"url\":\"https:\\\/\\\/www.ortungsgerate.de\\\/wp-content\\\/uploads\\\/ortungsgerate.png\",\"contentUrl\":\"https:\\\/\\\/www.ortungsgerate.de\\\/wp-content\\\/uploads\\\/ortungsgerate.png\",\"width\":500,\"height\":135,\"caption\":\"Ortungsgerate.de\"},\"image\":{\"@id\":\"https:\\\/\\\/www.ortungsgerate.de\\\/#\\\/schema\\\/logo\\\/image\\\/\"}}]}<\/script>\n<!-- \/ Yoast SEO Premium plugin. -->","yoast_head_json":{"title":"Versteckte Kamera mit WI-FI getarnt in Wetterstation - Sekimoiranga.lt","description":"Wetterstation mit integrierter versteckter Kamera, Bild\u00fcbertragung \u00fcber WLAN-Netzwerk, M\u00f6glichkeit zur Aufzeichnung auf eine microSD-Karte, Nachtsichtfunktion, Bewegungssensor","robots":{"index":"index","follow":"follow","max-snippet":"max-snippet:-1","max-image-preview":"max-image-preview:large","max-video-preview":"max-video-preview:-1"},"canonical":"https:\/\/www.ortungsgerate.de\/ru\/12-skrytyje-kamery\/27-wlan-mini-kamery\/meteostantsiya-s-zamaskirovannoy-wi-fi-kameroy\/","og_locale":"ru_RU","og_type":"article","og_title":"Wetterstation mit getarnter WI FI Kamera","og_description":"Wetterstation mit integrierter versteckter Kamera, Bild\u00fcbertragung \u00fcber WLAN-Netzwerk, M\u00f6glichkeit zur Aufzeichnung auf eine microSD-Karte, Nachtsichtfunktion, Bewegungssensor","og_url":"https:\/\/www.ortungsgerate.de\/ru\/12-skrytyje-kamery\/27-wlan-mini-kamery\/meteostantsiya-s-zamaskirovannoy-wi-fi-kameroy\/","og_site_name":"Ortungsger\u00e4te.de","article_modified_time":"2025-12-01T10:26:01+00:00","og_image":[{"width":1280,"height":853,"url":"https:\/\/www.ortungsgerate.de\/wp-content\/uploads\/oru-stotele-su-uzmaskuota-wi-fi-kamera-naktinis-matymas.jpg","type":"image\/jpeg"}],"twitter_card":"summary_large_image","twitter_misc":{"\u041f\u0440\u0438\u043c\u0435\u0440\u043d\u043e\u0435 \u0432\u0440\u0435\u043c\u044f \u0434\u043b\u044f \u0447\u0442\u0435\u043d\u0438\u044f":"3 \u043c\u0438\u043d\u0443\u0442\u044b"},"schema":{"@context":"https:\/\/schema.org","@graph":[{"@type":"WebPage","@id":"https:\/\/www.ortungsgerate.de\/12-versteckte-kameras\/27-wlan-minikameras\/wetterstation-mit-getarnter-wi-fi-kamera\/","url":"https:\/\/www.ortungsgerate.de\/12-versteckte-kameras\/27-wlan-minikameras\/wetterstation-mit-getarnter-wi-fi-kamera\/","name":"Versteckte Kamera mit WI-FI getarnt in Wetterstation - Sekimoiranga.lt","isPartOf":{"@id":"https:\/\/www.ortungsgerate.de\/#website"},"primaryImageOfPage":{"@id":"https:\/\/www.ortungsgerate.de\/12-versteckte-kameras\/27-wlan-minikameras\/wetterstation-mit-getarnter-wi-fi-kamera\/#primaryimage"},"image":{"@id":"https:\/\/www.ortungsgerate.de\/12-versteckte-kameras\/27-wlan-minikameras\/wetterstation-mit-getarnter-wi-fi-kamera\/#primaryimage"},"thumbnailUrl":"https:\/\/www.ortungsgerate.de\/wp-content\/uploads\/oru-stotele-su-uzmaskuota-wi-fi-kamera-naktinis-matymas.jpg","datePublished":"2024-02-06T19:36:37+00:00","dateModified":"2025-12-01T10:26:01+00:00","description":"Wetterstation mit integrierter versteckter Kamera, Bild\u00fcbertragung \u00fcber WLAN-Netzwerk, M\u00f6glichkeit zur Aufzeichnung auf eine microSD-Karte, Nachtsichtfunktion, Bewegungssensor","breadcrumb":{"@id":"https:\/\/www.ortungsgerate.de\/12-versteckte-kameras\/27-wlan-minikameras\/wetterstation-mit-getarnter-wi-fi-kamera\/#breadcrumb"},"inLanguage":"ru-RU","potentialAction":[{"@type":"ReadAction","target":["https:\/\/www.ortungsgerate.de\/12-versteckte-kameras\/27-wlan-minikameras\/wetterstation-mit-getarnter-wi-fi-kamera\/"]}]},{"@type":"ImageObject","inLanguage":"ru-RU","@id":"https:\/\/www.ortungsgerate.de\/12-versteckte-kameras\/27-wlan-minikameras\/wetterstation-mit-getarnter-wi-fi-kamera\/#primaryimage","url":"https:\/\/www.ortungsgerate.de\/wp-content\/uploads\/oru-stotele-su-uzmaskuota-wi-fi-kamera-naktinis-matymas.jpg","contentUrl":"https:\/\/www.ortungsgerate.de\/wp-content\/uploads\/oru-stotele-su-uzmaskuota-wi-fi-kamera-naktinis-matymas.jpg","width":1280,"height":853,"caption":"Getarnte versteckte Kamera"},{"@type":"BreadcrumbList","@id":"https:\/\/www.ortungsgerate.de\/12-versteckte-kameras\/27-wlan-minikameras\/wetterstation-mit-getarnter-wi-fi-kamera\/#breadcrumb","itemListElement":[{"@type":"ListItem","position":1,"name":"Startseite","item":"https:\/\/www.ortungsgerate.de\/"},{"@type":"ListItem","position":2,"name":"Shop","item":"https:\/\/www.ortungsgerate.de\/shop\/"},{"@type":"ListItem","position":3,"name":"Wetterstation mit getarnter WI FI Kamera"}]},{"@type":"WebSite","@id":"https:\/\/www.ortungsgerate.de\/#website","url":"https:\/\/www.ortungsgerate.de\/","name":"Ortungsgerate.de","description":"","publisher":{"@id":"https:\/\/www.ortungsgerate.de\/#organization"},"potentialAction":[{"@type":"SearchAction","target":{"@type":"EntryPoint","urlTemplate":"https:\/\/www.ortungsgerate.de\/?s={search_term_string}"},"query-input":{"@type":"PropertyValueSpecification","valueRequired":true,"valueName":"search_term_string"}}],"inLanguage":"ru-RU"},{"@type":"Organization","@id":"https:\/\/www.ortungsgerate.de\/#organization","name":"Ortungsgerate.de","url":"https:\/\/www.ortungsgerate.de\/","logo":{"@type":"ImageObject","inLanguage":"ru-RU","@id":"https:\/\/www.ortungsgerate.de\/#\/schema\/logo\/image\/","url":"https:\/\/www.ortungsgerate.de\/wp-content\/uploads\/ortungsgerate.png","contentUrl":"https:\/\/www.ortungsgerate.de\/wp-content\/uploads\/ortungsgerate.png","width":500,"height":135,"caption":"Ortungsgerate.de"},"image":{"@id":"https:\/\/www.ortungsgerate.de\/#\/schema\/logo\/image\/"}}]}},"_links":{"self":[{"href":"https:\/\/www.ortungsgerate.de\/ru\/wp-json\/wp\/v2\/product\/16529","targetHints":{"allow":["GET"]}}],"collection":[{"href":"https:\/\/www.ortungsgerate.de\/ru\/wp-json\/wp\/v2\/product"}],"about":[{"href":"https:\/\/www.ortungsgerate.de\/ru\/wp-json\/wp\/v2\/types\/product"}],"version-history":[{"count":0,"href":"https:\/\/www.ortungsgerate.de\/ru\/wp-json\/wp\/v2\/product\/16529\/revisions"}],"wp:featuredmedia":[{"embeddable":true,"href":"https:\/\/www.ortungsgerate.de\/ru\/wp-json\/wp\/v2\/media\/1497"}],"wp:attachment":[{"href":"https:\/\/www.ortungsgerate.de\/ru\/wp-json\/wp\/v2\/media?parent=16529"}],"wp:term":[{"taxonomy":"brand","embeddable":true,"href":"https:\/\/www.ortungsgerate.de\/ru\/wp-json\/wp\/v2\/etheme_brands?post=16529"},{"taxonomy":"product_brand","embeddable":true,"href":"https:\/\/www.ortungsgerate.de\/ru\/wp-json\/wp\/v2\/product_brand?post=16529"},{"taxonomy":"product_cat","embeddable":true,"href":"https:\/\/www.ortungsgerate.de\/ru\/wp-json\/wp\/v2\/product_cat?post=16529"},{"taxonomy":"product_tag","embeddable":true,"href":"https:\/\/www.ortungsgerate.de\/ru\/wp-json\/wp\/v2\/product_tag?post=16529"}],"curies":[{"name":"wp","href":"https:\/\/api.w.org\/{rel}","templated":true}]}}