{"id":16532,"date":"2024-02-06T21:36:05","date_gmt":"2024-02-06T19:36:05","guid":{"rendered":"https:\/\/ortungsgerate.de\/be-kategorijos\/slapta-kamera-full-hd-su-pulteliu-ir-judesio-aptikimu-patalpoje\/"},"modified":"2025-11-26T19:01:36","modified_gmt":"2025-11-26T17:01:36","slug":"skrytaya-kamera-full-hd-s-pultom-distantsionnogo-upravleniya-i-detektsiey-dvizheniya-dlya-pomescheniy","status":"publish","type":"product","link":"https:\/\/www.ortungsgerate.de\/ru\/12-skrytyje-kamery\/17-zamaskirovanyje-kamery\/skrytaya-kamera-full-hd-s-pultom-distantsionnogo-upravleniya-i-detektsiey-dvizheniya-dlya-pomescheniy\/","title":{"rendered":"\u0421\u043a\u0440\u044b\u0442\u0430\u044f \u043a\u0430\u043c\u0435\u0440\u0430 Full HD \u0441 \u043f\u0443\u043b\u044c\u0442\u043e\u043c \u0434\u0438\u0441\u0442\u0430\u043d\u0446\u0438\u043e\u043d\u043d\u043e\u0433\u043e \u0443\u043f\u0440\u0430\u0432\u043b\u0435\u043d\u0438\u044f \u0438 \u0434\u0435\u0442\u0435\u043a\u0446\u0438\u0435\u0439 \u0434\u0432\u0438\u0436\u0435\u043d\u0438\u044f \u0434\u043b\u044f \u043f\u043e\u043c\u0435\u0449\u0435\u043d\u0438\u0439"},"content":{"rendered":"<h3><strong>\u0422\u0435\u0445\u043d\u0438\u0447\u0435\u0441\u043a\u0438\u0435 \u043f\u0430\u0440\u0430\u043c\u0435\u0442\u0440\u044b:<\/strong><\/h3>\n<ul>\n<li>Unterst\u00fctzung von Speicherkarten: Micro SD \/ SDHC bis zu 32 GB (nicht im Lieferumfang enthalten)<\/li>\n<li>Videoaufnahme mit Ton<\/li>\n<li>Videoaufl\u00f6sung: Full-HD 1920 x 1080 px<\/li>\n<li>Videoformat: AVI | 30 fps<\/li>\n<li>Bildaufl\u00f6sung: JPEG 4032 x 3024 px<\/li>\n<li>Fernbedienung vorhanden<\/li>\n<li>Akkulaufzeit: ca. 8 Stunden<\/li>\n<li>Akkukapazit\u00e4t: 3800 mAh<\/li>\n<li>Kamera-Betrachtungswinkel: 90 \u00b0<\/li>\n<li>Bewegungserkennung: JA<\/li>\n<li>Anschluss: 5-poliger Mini-USB<\/li>\n<li>Ladespannung: 5V DC<\/li>\n<li>Abmessungen: 90 mm x 50 mm x 7 mm<\/li>\n<li>Gewicht: 80 g<\/li>\n<li>\u0426\u0432\u0435\u0442: \u0447\u0435\u0440\u043d\u044b\u0439<\/li>\n<li>Lieferumfang: Mini-1080 px Kamera, Akku, Fernbedienung, USB-Kabel, Benutzerhandbuch.<\/li>\n<li><strong>\u0413\u0410\u0420\u0410\u041d\u0422\u0418\u042f 12 \u043c\u0435\u0441\u044f\u0446\u0435\u0432<\/strong><\/li>\n<\/ul>\n<p><span style=\"color: #d0121a;\"><strong>Wenn Sie eine schnelle Lieferung am selben Tag ben\u00f6tigen (auch an Wochenenden)  <\/strong><\/span><\/p>\n<p>Einsatzgebiet: F\u00fcr Ihre eigene Sicherheit und die Ihrer Kinder.<\/p>\n<p><strong>MINI Full HD Versteckte Kamera mit Bewegungserkennung<\/strong><\/p>\n<p>Diese versteckte Kamera gew\u00e4hrleistet eine vollkommen sichere und effektive Aufzeichnung von Bild und Ton. Die kompakte und einfach zu bedienende Kamera l\u00e4sst sich leicht verbergen und erf\u00fcllt ihre Funktionen hervorragend in f\u00fcr Sie wichtigen R\u00e4umen: zu Hause, am Arbeitsplatz, in Lagerr\u00e4umen usw. Obwohl die Kamera klein ist, kann sie mit dem internen Akku (Kapazit\u00e4t 3800 mAh) bis zu 8 Stunden (einen ganzen Arbeitstag) lang aufzeichnen. Sie kann auch an das Stromnetz (5V) angeschlossen und dauerhaft mit Strom versorgt werden. Die versteckte Kamera ist f\u00fcr den individuellen Einsatz konzipiert. Steuerung ist aus der Ferne m\u00f6glich, ebenso die Videoaufzeichnung nach Erkennung von Bewegung im Raum.<\/p>\n<p><strong>BETRIEBSDAUER<\/strong><\/p>\n<p>Dank des leistungsstarken 3800-mAh-Akkus kann die versteckte Kamera bis zu acht Stunden lang aufzeichnen. Es ist m\u00f6glich, die Stromversorgung \u00fcber eine Steckdose zu w\u00e4hlen und die Betriebsdauer des Ger\u00e4ts nicht zu begrenzen oder sie mit Hilfe einer externen Powerbank zu verl\u00e4ngern.<\/p>\n<p><strong>AUFNAHMEOPTIONEN<\/strong><\/p>\n<p>Videoaufzeichnung bei erkannter Bewegung \u2013 die Kamera schaltet sich automatisch ein, sobald sich im Raum etwas bewegt (diese Option der versteckten Kamera erm\u00f6glicht es, leere Aufnahmen zu vermeiden, Energie zu sparen und den Speicher von Ger\u00e4ten und Medien effizient zu nutzen). Das aufgezeichnete Bild wird im Speicher gesichert; wenn der Speicherplatz knapp wird, werden neue Aufnahmen anstelle der \u00e4lteren gespeichert.<\/p>\n<p><strong>STEUERUNG<\/strong><\/p>\n<p>Einfache Bedienung ist auch aus der Ferne m\u00f6glich (es ist eine Fernbedienung vorhanden). Nach Auswahl der gew\u00fcnschten Funktion und dem eingeschalteten Zustand des Ger\u00e4ts nimmt die versteckte Kamera im gew\u00fcnschten Modus auf oder erstellt Fotos.<\/p>","protected":false},"excerpt":{"rendered":"<p>Technische Parameter: Unterst\u00fctzung von Speicherkarten: Micro SD \/ SDHC bis zu 32 GB (nicht im Lieferumfang enthalten) Videoaufnahme mit Ton Videoaufl\u00f6sung: Full-HD 1920 x 1080&#8230;<\/p>","protected":false},"featured_media":27657,"template":"","meta":[],"etheme_brands":[],"product_brand":[],"product_cat":[204,203],"product_tag":[753,687,739,705,690,693],"class_list":{"0":"post-16532","1":"product","2":"type-product","3":"status-publish","4":"has-post-thumbnail","6":"product_cat-17-getarnte-kameras","7":"product_cat-12-versteckte-kameras","8":"product_tag-getarnte-kamera","9":"product_tag-kamera-zur-ueberwachung","10":"product_tag-spionagekamera","11":"product_tag-ueberwachungskamera","12":"product_tag-versteckte-kamera","13":"product_tag-wlan-kamera","14":"pa_typ-mini-kameras","16":"first","17":"outofstock","18":"sale","19":"taxable","20":"shipping-taxable","21":"purchasable","22":"product-type-simple"},"yoast_head":"<!-- This site is optimized with the Yoast SEO Premium plugin v25.9 (Yoast SEO v27.4) - https:\/\/yoast.com\/product\/yoast-seo-premium-wordpress\/ -->\n<title>Versteckte Kamera Full HD mit Fernbedienung und Bewegungserkennung f\u00fcr Innenr\u00e4ume<\/title>\n<meta name=\"description\" content=\"Versteckte Kamera Full HD mit Fernbedienung und Bewegungserkennung in R\u00e4umen Mit dieser Kamera k\u00f6nnen Sie sie unauff\u00e4llig in Innenr\u00e4umen verbergen. Es besteht die M\u00f6glichkeit, das Bild direkt \u00fcber das Internet zu \u00fcberwachen\" \/>\n<meta name=\"robots\" content=\"index, follow, max-snippet:-1, max-image-preview:large, max-video-preview:-1\" \/>\n<link rel=\"canonical\" href=\"https:\/\/www.ortungsgerate.de\/ru\/12-skrytyje-kamery\/17-zamaskirovanyje-kamery\/skrytaya-kamera-full-hd-s-pultom-distantsionnogo-upravleniya-i-detektsiey-dvizheniya-dlya-pomescheniy\/\" \/>\n<meta property=\"og:locale\" content=\"ru_RU\" \/>\n<meta property=\"og:type\" content=\"article\" \/>\n<meta property=\"og:title\" content=\"Versteckte Kamera Full HD mit Fernbedienung und Bewegungserkennung f\u00fcr Innenr\u00e4ume\" \/>\n<meta property=\"og:description\" content=\"Versteckte Kamera Full HD mit Fernbedienung und Bewegungserkennung in R\u00e4umen Mit dieser Kamera k\u00f6nnen Sie sie unauff\u00e4llig in Innenr\u00e4umen verbergen. Es besteht die M\u00f6glichkeit, das Bild direkt \u00fcber das Internet zu \u00fcberwachen\" \/>\n<meta property=\"og:url\" content=\"https:\/\/www.ortungsgerate.de\/ru\/12-skrytyje-kamery\/17-zamaskirovanyje-kamery\/skrytaya-kamera-full-hd-s-pultom-distantsionnogo-upravleniya-i-detektsiey-dvizheniya-dlya-pomescheniy\/\" \/>\n<meta property=\"og:site_name\" content=\"Ortungsger\u00e4te.de\" \/>\n<meta property=\"article:modified_time\" content=\"2025-11-26T17:01:36+00:00\" \/>\n<meta property=\"og:image\" content=\"https:\/\/www.ortungsgerate.de\/wp-content\/uploads\/slapta-kamera-full-hd-su-pulteliu-ir-judesio-aptikimu-patalpoje-5.jpg\" \/>\n\t<meta property=\"og:image:width\" content=\"1000\" \/>\n\t<meta property=\"og:image:height\" content=\"1000\" \/>\n\t<meta property=\"og:image:type\" content=\"image\/jpeg\" \/>\n<meta name=\"twitter:card\" content=\"summary_large_image\" \/>\n<meta name=\"twitter:label1\" content=\"\u041f\u0440\u0438\u043c\u0435\u0440\u043d\u043e\u0435 \u0432\u0440\u0435\u043c\u044f \u0434\u043b\u044f \u0447\u0442\u0435\u043d\u0438\u044f\" \/>\n\t<meta name=\"twitter:data1\" content=\"2 \u043c\u0438\u043d\u0443\u0442\u044b\" \/>\n<script type=\"application\/ld+json\" class=\"yoast-schema-graph\">{\"@context\":\"https:\\\/\\\/schema.org\",\"@graph\":[{\"@type\":\"WebPage\",\"@id\":\"https:\\\/\\\/www.ortungsgerate.de\\\/12-versteckte-kameras\\\/17-getarnte-kameras\\\/versteckte-kamera-full-hd-mit-fernbedienung-und-bewegungserkennung-fuer-innenraeume\\\/\",\"url\":\"https:\\\/\\\/www.ortungsgerate.de\\\/12-versteckte-kameras\\\/17-getarnte-kameras\\\/versteckte-kamera-full-hd-mit-fernbedienung-und-bewegungserkennung-fuer-innenraeume\\\/\",\"name\":\"Versteckte Kamera Full HD mit Fernbedienung und Bewegungserkennung f\u00fcr Innenr\u00e4ume\",\"isPartOf\":{\"@id\":\"https:\\\/\\\/www.ortungsgerate.de\\\/#website\"},\"primaryImageOfPage\":{\"@id\":\"https:\\\/\\\/www.ortungsgerate.de\\\/12-versteckte-kameras\\\/17-getarnte-kameras\\\/versteckte-kamera-full-hd-mit-fernbedienung-und-bewegungserkennung-fuer-innenraeume\\\/#primaryimage\"},\"image\":{\"@id\":\"https:\\\/\\\/www.ortungsgerate.de\\\/12-versteckte-kameras\\\/17-getarnte-kameras\\\/versteckte-kamera-full-hd-mit-fernbedienung-und-bewegungserkennung-fuer-innenraeume\\\/#primaryimage\"},\"thumbnailUrl\":\"https:\\\/\\\/www.ortungsgerate.de\\\/wp-content\\\/uploads\\\/slapta-kamera-full-hd-su-pulteliu-ir-judesio-aptikimu-patalpoje-5.jpg\",\"datePublished\":\"2024-02-06T19:36:05+00:00\",\"dateModified\":\"2025-11-26T17:01:36+00:00\",\"description\":\"Versteckte Kamera Full HD mit Fernbedienung und Bewegungserkennung in R\u00e4umen Mit dieser Kamera k\u00f6nnen Sie sie unauff\u00e4llig in Innenr\u00e4umen verbergen. Es besteht die M\u00f6glichkeit, das Bild direkt \u00fcber das Internet zu \u00fcberwachen\",\"breadcrumb\":{\"@id\":\"https:\\\/\\\/www.ortungsgerate.de\\\/12-versteckte-kameras\\\/17-getarnte-kameras\\\/versteckte-kamera-full-hd-mit-fernbedienung-und-bewegungserkennung-fuer-innenraeume\\\/#breadcrumb\"},\"inLanguage\":\"ru-RU\",\"potentialAction\":[{\"@type\":\"ReadAction\",\"target\":[\"https:\\\/\\\/www.ortungsgerate.de\\\/12-versteckte-kameras\\\/17-getarnte-kameras\\\/versteckte-kamera-full-hd-mit-fernbedienung-und-bewegungserkennung-fuer-innenraeume\\\/\"]}]},{\"@type\":\"ImageObject\",\"inLanguage\":\"ru-RU\",\"@id\":\"https:\\\/\\\/www.ortungsgerate.de\\\/12-versteckte-kameras\\\/17-getarnte-kameras\\\/versteckte-kamera-full-hd-mit-fernbedienung-und-bewegungserkennung-fuer-innenraeume\\\/#primaryimage\",\"url\":\"https:\\\/\\\/www.ortungsgerate.de\\\/wp-content\\\/uploads\\\/slapta-kamera-full-hd-su-pulteliu-ir-judesio-aptikimu-patalpoje-5.jpg\",\"contentUrl\":\"https:\\\/\\\/www.ortungsgerate.de\\\/wp-content\\\/uploads\\\/slapta-kamera-full-hd-su-pulteliu-ir-judesio-aptikimu-patalpoje-5.jpg\",\"width\":1000,\"height\":1000,\"caption\":\"Versteckte Mini-Kamera\"},{\"@type\":\"BreadcrumbList\",\"@id\":\"https:\\\/\\\/www.ortungsgerate.de\\\/12-versteckte-kameras\\\/17-getarnte-kameras\\\/versteckte-kamera-full-hd-mit-fernbedienung-und-bewegungserkennung-fuer-innenraeume\\\/#breadcrumb\",\"itemListElement\":[{\"@type\":\"ListItem\",\"position\":1,\"name\":\"Startseite\",\"item\":\"https:\\\/\\\/www.ortungsgerate.de\\\/\"},{\"@type\":\"ListItem\",\"position\":2,\"name\":\"Shop\",\"item\":\"https:\\\/\\\/www.ortungsgerate.de\\\/shop\\\/\"},{\"@type\":\"ListItem\",\"position\":3,\"name\":\"Versteckte Kamera Full HD mit Fernbedienung und Bewegungserkennung f\u00fcr Innenr\u00e4ume\"}]},{\"@type\":\"WebSite\",\"@id\":\"https:\\\/\\\/www.ortungsgerate.de\\\/#website\",\"url\":\"https:\\\/\\\/www.ortungsgerate.de\\\/\",\"name\":\"Ortungsgerate.de\",\"description\":\"\",\"publisher\":{\"@id\":\"https:\\\/\\\/www.ortungsgerate.de\\\/#organization\"},\"potentialAction\":[{\"@type\":\"SearchAction\",\"target\":{\"@type\":\"EntryPoint\",\"urlTemplate\":\"https:\\\/\\\/www.ortungsgerate.de\\\/?s={search_term_string}\"},\"query-input\":{\"@type\":\"PropertyValueSpecification\",\"valueRequired\":true,\"valueName\":\"search_term_string\"}}],\"inLanguage\":\"ru-RU\"},{\"@type\":\"Organization\",\"@id\":\"https:\\\/\\\/www.ortungsgerate.de\\\/#organization\",\"name\":\"Ortungsgerate.de\",\"url\":\"https:\\\/\\\/www.ortungsgerate.de\\\/\",\"logo\":{\"@type\":\"ImageObject\",\"inLanguage\":\"ru-RU\",\"@id\":\"https:\\\/\\\/www.ortungsgerate.de\\\/#\\\/schema\\\/logo\\\/image\\\/\",\"url\":\"https:\\\/\\\/www.ortungsgerate.de\\\/wp-content\\\/uploads\\\/ortungsgerate.png\",\"contentUrl\":\"https:\\\/\\\/www.ortungsgerate.de\\\/wp-content\\\/uploads\\\/ortungsgerate.png\",\"width\":500,\"height\":135,\"caption\":\"Ortungsgerate.de\"},\"image\":{\"@id\":\"https:\\\/\\\/www.ortungsgerate.de\\\/#\\\/schema\\\/logo\\\/image\\\/\"}}]}<\/script>\n<!-- \/ Yoast SEO Premium plugin. -->","yoast_head_json":{"title":"\u0421\u043a\u0440\u044b\u0442\u0430\u044f \u043a\u0430\u043c\u0435\u0440\u0430 Full HD \u0441 \u043f\u0443\u043b\u044c\u0442\u043e\u043c \u0434\u0438\u0441\u0442\u0430\u043d\u0446\u0438\u043e\u043d\u043d\u043e\u0433\u043e \u0443\u043f\u0440\u0430\u0432\u043b\u0435\u043d\u0438\u044f \u0438 \u0434\u0435\u0442\u0435\u043a\u0446\u0438\u0435\u0439 \u0434\u0432\u0438\u0436\u0435\u043d\u0438\u044f \u0434\u043b\u044f \u043f\u043e\u043c\u0435\u0449\u0435\u043d\u0438\u0439","description":"Versteckte Kamera Full HD mit Fernbedienung und Bewegungserkennung in R\u00e4umen Mit dieser Kamera k\u00f6nnen Sie sie unauff\u00e4llig in Innenr\u00e4umen verbergen. Es besteht die M\u00f6glichkeit, das Bild direkt \u00fcber das Internet zu \u00fcberwachen","robots":{"index":"index","follow":"follow","max-snippet":"max-snippet:-1","max-image-preview":"max-image-preview:large","max-video-preview":"max-video-preview:-1"},"canonical":"https:\/\/www.ortungsgerate.de\/ru\/12-skrytyje-kamery\/17-zamaskirovanyje-kamery\/skrytaya-kamera-full-hd-s-pultom-distantsionnogo-upravleniya-i-detektsiey-dvizheniya-dlya-pomescheniy\/","og_locale":"ru_RU","og_type":"article","og_title":"Versteckte Kamera Full HD mit Fernbedienung und Bewegungserkennung f\u00fcr Innenr\u00e4ume","og_description":"Versteckte Kamera Full HD mit Fernbedienung und Bewegungserkennung in R\u00e4umen Mit dieser Kamera k\u00f6nnen Sie sie unauff\u00e4llig in Innenr\u00e4umen verbergen. Es besteht die M\u00f6glichkeit, das Bild direkt \u00fcber das Internet zu \u00fcberwachen","og_url":"https:\/\/www.ortungsgerate.de\/ru\/12-skrytyje-kamery\/17-zamaskirovanyje-kamery\/skrytaya-kamera-full-hd-s-pultom-distantsionnogo-upravleniya-i-detektsiey-dvizheniya-dlya-pomescheniy\/","og_site_name":"Ortungsger\u00e4te.de","article_modified_time":"2025-11-26T17:01:36+00:00","og_image":[{"width":1000,"height":1000,"url":"https:\/\/www.ortungsgerate.de\/wp-content\/uploads\/slapta-kamera-full-hd-su-pulteliu-ir-judesio-aptikimu-patalpoje-5.jpg","type":"image\/jpeg"}],"twitter_card":"summary_large_image","twitter_misc":{"\u041f\u0440\u0438\u043c\u0435\u0440\u043d\u043e\u0435 \u0432\u0440\u0435\u043c\u044f \u0434\u043b\u044f \u0447\u0442\u0435\u043d\u0438\u044f":"2 \u043c\u0438\u043d\u0443\u0442\u044b"},"schema":{"@context":"https:\/\/schema.org","@graph":[{"@type":"WebPage","@id":"https:\/\/www.ortungsgerate.de\/12-versteckte-kameras\/17-getarnte-kameras\/versteckte-kamera-full-hd-mit-fernbedienung-und-bewegungserkennung-fuer-innenraeume\/","url":"https:\/\/www.ortungsgerate.de\/12-versteckte-kameras\/17-getarnte-kameras\/versteckte-kamera-full-hd-mit-fernbedienung-und-bewegungserkennung-fuer-innenraeume\/","name":"\u0421\u043a\u0440\u044b\u0442\u0430\u044f \u043a\u0430\u043c\u0435\u0440\u0430 Full HD \u0441 \u043f\u0443\u043b\u044c\u0442\u043e\u043c \u0434\u0438\u0441\u0442\u0430\u043d\u0446\u0438\u043e\u043d\u043d\u043e\u0433\u043e \u0443\u043f\u0440\u0430\u0432\u043b\u0435\u043d\u0438\u044f \u0438 \u0434\u0435\u0442\u0435\u043a\u0446\u0438\u0435\u0439 \u0434\u0432\u0438\u0436\u0435\u043d\u0438\u044f \u0434\u043b\u044f \u043f\u043e\u043c\u0435\u0449\u0435\u043d\u0438\u0439","isPartOf":{"@id":"https:\/\/www.ortungsgerate.de\/#website"},"primaryImageOfPage":{"@id":"https:\/\/www.ortungsgerate.de\/12-versteckte-kameras\/17-getarnte-kameras\/versteckte-kamera-full-hd-mit-fernbedienung-und-bewegungserkennung-fuer-innenraeume\/#primaryimage"},"image":{"@id":"https:\/\/www.ortungsgerate.de\/12-versteckte-kameras\/17-getarnte-kameras\/versteckte-kamera-full-hd-mit-fernbedienung-und-bewegungserkennung-fuer-innenraeume\/#primaryimage"},"thumbnailUrl":"https:\/\/www.ortungsgerate.de\/wp-content\/uploads\/slapta-kamera-full-hd-su-pulteliu-ir-judesio-aptikimu-patalpoje-5.jpg","datePublished":"2024-02-06T19:36:05+00:00","dateModified":"2025-11-26T17:01:36+00:00","description":"Versteckte Kamera Full HD mit Fernbedienung und Bewegungserkennung in R\u00e4umen Mit dieser Kamera k\u00f6nnen Sie sie unauff\u00e4llig in Innenr\u00e4umen verbergen. Es besteht die M\u00f6glichkeit, das Bild direkt \u00fcber das Internet zu \u00fcberwachen","breadcrumb":{"@id":"https:\/\/www.ortungsgerate.de\/12-versteckte-kameras\/17-getarnte-kameras\/versteckte-kamera-full-hd-mit-fernbedienung-und-bewegungserkennung-fuer-innenraeume\/#breadcrumb"},"inLanguage":"ru-RU","potentialAction":[{"@type":"ReadAction","target":["https:\/\/www.ortungsgerate.de\/12-versteckte-kameras\/17-getarnte-kameras\/versteckte-kamera-full-hd-mit-fernbedienung-und-bewegungserkennung-fuer-innenraeume\/"]}]},{"@type":"ImageObject","inLanguage":"ru-RU","@id":"https:\/\/www.ortungsgerate.de\/12-versteckte-kameras\/17-getarnte-kameras\/versteckte-kamera-full-hd-mit-fernbedienung-und-bewegungserkennung-fuer-innenraeume\/#primaryimage","url":"https:\/\/www.ortungsgerate.de\/wp-content\/uploads\/slapta-kamera-full-hd-su-pulteliu-ir-judesio-aptikimu-patalpoje-5.jpg","contentUrl":"https:\/\/www.ortungsgerate.de\/wp-content\/uploads\/slapta-kamera-full-hd-su-pulteliu-ir-judesio-aptikimu-patalpoje-5.jpg","width":1000,"height":1000,"caption":"Versteckte Mini-Kamera"},{"@type":"BreadcrumbList","@id":"https:\/\/www.ortungsgerate.de\/12-versteckte-kameras\/17-getarnte-kameras\/versteckte-kamera-full-hd-mit-fernbedienung-und-bewegungserkennung-fuer-innenraeume\/#breadcrumb","itemListElement":[{"@type":"ListItem","position":1,"name":"Startseite","item":"https:\/\/www.ortungsgerate.de\/"},{"@type":"ListItem","position":2,"name":"Shop","item":"https:\/\/www.ortungsgerate.de\/shop\/"},{"@type":"ListItem","position":3,"name":"Versteckte Kamera Full HD mit Fernbedienung und Bewegungserkennung f\u00fcr Innenr\u00e4ume"}]},{"@type":"WebSite","@id":"https:\/\/www.ortungsgerate.de\/#website","url":"https:\/\/www.ortungsgerate.de\/","name":"Ortungsgerate.de","description":"","publisher":{"@id":"https:\/\/www.ortungsgerate.de\/#organization"},"potentialAction":[{"@type":"SearchAction","target":{"@type":"EntryPoint","urlTemplate":"https:\/\/www.ortungsgerate.de\/?s={search_term_string}"},"query-input":{"@type":"PropertyValueSpecification","valueRequired":true,"valueName":"search_term_string"}}],"inLanguage":"ru-RU"},{"@type":"Organization","@id":"https:\/\/www.ortungsgerate.de\/#organization","name":"Ortungsgerate.de","url":"https:\/\/www.ortungsgerate.de\/","logo":{"@type":"ImageObject","inLanguage":"ru-RU","@id":"https:\/\/www.ortungsgerate.de\/#\/schema\/logo\/image\/","url":"https:\/\/www.ortungsgerate.de\/wp-content\/uploads\/ortungsgerate.png","contentUrl":"https:\/\/www.ortungsgerate.de\/wp-content\/uploads\/ortungsgerate.png","width":500,"height":135,"caption":"Ortungsgerate.de"},"image":{"@id":"https:\/\/www.ortungsgerate.de\/#\/schema\/logo\/image\/"}}]}},"_links":{"self":[{"href":"https:\/\/www.ortungsgerate.de\/ru\/wp-json\/wp\/v2\/product\/16532","targetHints":{"allow":["GET"]}}],"collection":[{"href":"https:\/\/www.ortungsgerate.de\/ru\/wp-json\/wp\/v2\/product"}],"about":[{"href":"https:\/\/www.ortungsgerate.de\/ru\/wp-json\/wp\/v2\/types\/product"}],"version-history":[{"count":0,"href":"https:\/\/www.ortungsgerate.de\/ru\/wp-json\/wp\/v2\/product\/16532\/revisions"}],"wp:featuredmedia":[{"embeddable":true,"href":"https:\/\/www.ortungsgerate.de\/ru\/wp-json\/wp\/v2\/media\/27657"}],"wp:attachment":[{"href":"https:\/\/www.ortungsgerate.de\/ru\/wp-json\/wp\/v2\/media?parent=16532"}],"wp:term":[{"taxonomy":"brand","embeddable":true,"href":"https:\/\/www.ortungsgerate.de\/ru\/wp-json\/wp\/v2\/etheme_brands?post=16532"},{"taxonomy":"product_brand","embeddable":true,"href":"https:\/\/www.ortungsgerate.de\/ru\/wp-json\/wp\/v2\/product_brand?post=16532"},{"taxonomy":"product_cat","embeddable":true,"href":"https:\/\/www.ortungsgerate.de\/ru\/wp-json\/wp\/v2\/product_cat?post=16532"},{"taxonomy":"product_tag","embeddable":true,"href":"https:\/\/www.ortungsgerate.de\/ru\/wp-json\/wp\/v2\/product_tag?post=16532"}],"curies":[{"name":"wp","href":"https:\/\/api.w.org\/{rel}","templated":true}]}}