{"id":16535,"date":"2024-02-06T21:37:07","date_gmt":"2024-02-06T19:37:07","guid":{"rendered":"https:\/\/ortungsgerate.de\/be-kategorijos\/blakiu-detektorius-ieskiklis-su-magneto-aptikimo-funkcija\/"},"modified":"2025-11-26T19:07:36","modified_gmt":"2025-11-26T17:07:36","slug":"zhuchkovyy-detektor-poiskovoe-ustroystvo-s-funktsiey-magnitnogo-obnaruzheniya","status":"publish","type":"product","link":"https:\/\/www.ortungsgerate.de\/ru\/26-detektory-2\/zhuchkovyy-detektor-poiskovoe-ustroystvo-s-funktsiey-magnitnogo-obnaruzheniya\/","title":{"rendered":"\u0416\u0443\u0447\u043a\u043e\u0432\u044b\u0439 \u0434\u0435\u0442\u0435\u043a\u0442\u043e\u0440 | \u041f\u043e\u0438\u0441\u043a\u043e\u0432\u043e\u0435 \u0443\u0441\u0442\u0440\u043e\u0439\u0441\u0442\u0432\u043e \u0441 \u0444\u0443\u043d\u043a\u0446\u0438\u0435\u0439 \u043c\u0430\u0433\u043d\u0438\u0442\u043d\u043e\u0433\u043e \u043e\u0431\u043d\u0430\u0440\u0443\u0436\u0435\u043d\u0438\u044f"},"content":{"rendered":"<h3><strong>\u0422\u0435\u0445\u043d\u0438\u0447\u0435\u0441\u043a\u0438\u0435 \u043f\u0430\u0440\u0430\u043c\u0435\u0442\u0440\u044b:<\/strong><\/h3>\n<ul>\n<li>Erfassbarer Frequenzbereich 1MHz-6500MHz<\/li>\n<li>Erfassbare Signale: GSM, WIFI BT, FM, VHF, UH<\/li>\n<li>Alarm: LED oder akustisch<\/li>\n<li>\u0414\u0435\u0442\u0435\u043a\u0442\u043e\u0440 \u0441\u043a\u0440\u044b\u0442\u044b\u0445 \u043a\u0430\u043c\u0435\u0440<\/li>\n<li>\u0418\u043d\u0434\u0438\u043a\u0430\u0442\u043e\u0440 \u0441\u0438\u043b\u044b \u0441\u0438\u0433\u043d\u0430\u043b\u0430: 4 \u0434\u0438\u043e\u0434\u0430<\/li>\n<li>Zus\u00e4tzliche Eigenschaften: Antenne (abnehmbar)<\/li>\n<li>Zus\u00e4tzliche Eigenschaften: Antenne zur Magneterkennung<\/li>\n<li>Erkennung: 5 cm bis 10 m<\/li>\n<li>\u0420\u0435\u0433\u0443\u043b\u0438\u0440\u043e\u0432\u043a\u0430 \u0447\u0443\u0432\u0441\u0442\u0432\u0438\u0442\u0435\u043b\u044c\u043d\u043e\u0441\u0442\u0438: \u0414\u0410<\/li>\n<li>Stromversorgung: interne wiederaufladbare Batterie 800 mAh<\/li>\n<li>Geh\u00e4use: metallisch<\/li>\n<li>Gr\u00f6\u00dfe: 16,5 cm x 10 cm x 3,5 cm<\/li>\n<li>Gewicht: 84 g (ohne Batterien)<\/li>\n<li>\u0426\u0432\u0435\u0442: \u0447\u0435\u0440\u043d\u044b\u0439<\/li>\n<li>Lieferumfang: Detektor, Benutzerhandbuch, Originalverpackung<\/li>\n<li><strong>\u0413\u0410\u0420\u0410\u041d\u0422\u0418\u042f 12 \u043c\u0435\u0441\u044f\u0446\u0435\u0432<\/strong><\/li>\n<\/ul>\n<p><span style=\"color: #d0121a;\"><strong> (auch an Wochenenden)  <\/strong><\/span><\/p>\n<p><strong>ACHTUNG: Der Detektor erkennt nur eingeschaltete Ger\u00e4te (GSM, GPS, Wanzen, Wi-Fi)<\/strong><\/p>\n<p><strong><span lang=\"lt\"><a href=\"https:\/\/www.ortungsgerate.de\/ru\/26-detektory-2\/\">Wanzendetektor<\/a> | Suchger\u00e4t mit Magneterkennungsfunktion<\/span><\/strong><\/p>\n<p><span lang=\"lt\">Ein Wanzendetektor kann in sehr unterschiedlichen Situationen n\u00fctzlich sein, wenn es darum geht, die eigene Privatsph\u00e4re zu sch\u00fctzen. Heute, da verschiedene verdeckte Ger\u00e4te immer mehr Interesse wecken, ist der Schutz vertraulicher Informationen wichtiger denn je geworden. Mit dem Kauf eines Wanzendetektors k\u00f6nnen Sie die Aufzeichnung geheimer Gespr\u00e4che oder unrechtm\u00e4\u00dfige Videoaufnahmen vermeiden.<\/span><\/p>\n<p><strong><span lang=\"lt\">Einfache Bedienung des Ger\u00e4ts<\/span><\/strong><\/p>\n<p><span lang=\"lt\">Der Wanzendetektor-Sucher mit Magneterkennungsfunktion hilft, versteckte Kameras, Abh\u00f6rwanzen und andere Ger\u00e4te schnell und einfach zu finden (der Detektor erkennt GSM-, WIFI-BT-, FM-, VHF- und UH-Signale). Dieses Ger\u00e4t erkennt \u2013 wie die meisten anderen Wanzendetektoren \u2013 nur eingeschaltete Ger\u00e4te. Daher ist es sinnvoll, zu versuchen, die Ger\u00e4te aus dem Standby-Modus \u201eaufzuwecken\u201c (Wanzen, versteckte Kameras und andere Ger\u00e4te k\u00f6nnen auf Ger\u00e4usche oder Bewegungen reagieren). \u00dcber erkannte Ger\u00e4te werden Sie per LED- oder akustischem Signal informiert.<\/span><\/p>\n<p><strong><span lang=\"lt\">Besonders empfindliches Ger\u00e4t<\/span><\/strong><\/p>\n<p><span lang=\"lt\">Dieser Wanzendetektor erkennt verschiedene verdeckte Ger\u00e4te, deren Frequenzbereich von 1 MHz bis 6500 MHz reicht (die Empfindlichkeit des Ger\u00e4ts kann angepasst werden). Nach verdeckten Ger\u00e4ten kann auch in relativ gro\u00dfen R\u00e4umen gesucht werden, da sie in einer Entfernung von 5 cm bis 10 m erkannt werden.<\/span><\/p>\n<p><strong><span lang=\"lt\">Wichtigste Produktdaten<\/span><\/strong><\/p>\n<p><span lang=\"lt\">Der Wanzendetektor ist sehr kompakt: Sein Gewicht ohne Batterien betr\u00e4gt nur 84 g (Ger\u00e4teabmessungen \u2013 16,5 cm x 10 cm x 3,5 cm). Das Geh\u00e4use des Detektors ist aus Metall gefertigt, wodurch sich das Ger\u00e4t durch eine hohe Langlebigkeit auszeichnet. Dieses Ger\u00e4t verwendet einen internen wiederaufladbaren 800-mAh-Akku. Der <a href=\"https:\/\/www.ortungsgerate.de\/ru\/26-detektory-2\/\">Wanzensucher<\/a> verf\u00fcgt \u00fcber eine Signalst\u00e4rkeanzeige mit 4 Dioden sowie \u00fcber eine Antenne zur Magneterkennung (einige verdeckte Ger\u00e4te werden mit Magneten befestigt, daher kann diese zus\u00e4tzliche Eigenschaft des Detektors helfen, verschiedene verdeckte Ger\u00e4te noch einfacher zu lokalisieren).<\/span><\/p>\n<p><strong><span lang=\"lt\">Attraktiver Preis des Detektors<\/span><\/strong><\/p>\n<p><span lang=\"lt\">Der Wanzendetektor-Sucher mit Magneterkennungsfunktion ist relativ preisg\u00fcnstig, sodass sich viele Menschen die Anschaffung eines solchen Ger\u00e4ts leisten k\u00f6nnen. F\u00fcr dieses Ger\u00e4t ist eine Garantiezeit vorgesehen, sodass Sie im Falle eines Defekts des Detektors keine zus\u00e4tzlichen Kosten f\u00fcr die Reparatur dieses Ger\u00e4ts tragen m\u00fcssen. Der Lieferumfang des Ger\u00e4ts umfasst den Detektor, die Bedienungsanleitung und die Originalverpackung.<\/span><\/p>\n<p><span lang=\"lt\">Beseitigen Sie Ihre Zweifel: Wenn Sie den Verdacht haben, dass sich in bestimmten R\u00e4umen verdeckte Ger\u00e4te befinden, kaufen Sie diesen Wanzendetektor.<\/span><\/p>","protected":false},"excerpt":{"rendered":"<p>Technische Parameter: Erfassbarer Frequenzbereich 1MHz-6500MHz Erfassbare Signale: GSM, WIFI BT, FM, VHF, UH Alarm: LED oder akustisch Detektor f\u00fcr versteckte Kameras Signalst\u00e4rkeanzeige: 4 Dioden Zus\u00e4tzliche&#8230;<\/p>","protected":false},"featured_media":1599,"template":"","meta":[],"etheme_brands":[],"product_brand":[],"product_cat":[215],"product_tag":[],"class_list":{"0":"post-16535","1":"product","2":"type-product","3":"status-publish","4":"has-post-thumbnail","6":"product_cat-26-detektoren","8":"first","9":"outofstock","10":"taxable","11":"shipping-taxable","12":"purchasable","13":"product-type-simple"},"yoast_head":"<!-- This site is optimized with the Yoast SEO Premium plugin v25.9 (Yoast SEO v27.4) - https:\/\/yoast.com\/product\/yoast-seo-premium-wordpress\/ -->\n<title>Wanzenfinder Detektor - Erkennt GPS-Ger\u00e4te, GSM-Wanzen usw.<\/title>\n<meta name=\"description\" content=\"Detektor f\u00fcr Wanzen und versteckte Kameras mit Magnet-Erkennungsfunktion. Erkennt verschiedene \u00dcberwachungsger\u00e4te, Ortungsger\u00e4te, versteckte Kameras und GSM-Wanzen.\" \/>\n<meta name=\"robots\" content=\"index, follow, max-snippet:-1, max-image-preview:large, max-video-preview:-1\" \/>\n<link rel=\"canonical\" href=\"https:\/\/www.ortungsgerate.de\/ru\/26-detektory-2\/zhuchkovyy-detektor-poiskovoe-ustroystvo-s-funktsiey-magnitnogo-obnaruzheniya\/\" \/>\n<meta property=\"og:locale\" content=\"ru_RU\" \/>\n<meta property=\"og:type\" content=\"article\" \/>\n<meta property=\"og:title\" content=\"Wanzendetektor | Suchger\u00e4t mit Magnet-Erkennungsfunktion\" \/>\n<meta property=\"og:description\" content=\"Detektor f\u00fcr Wanzen und versteckte Kameras mit Magnet-Erkennungsfunktion. Erkennt verschiedene \u00dcberwachungsger\u00e4te, Ortungsger\u00e4te, versteckte Kameras und GSM-Wanzen.\" \/>\n<meta property=\"og:url\" content=\"https:\/\/www.ortungsgerate.de\/ru\/26-detektory-2\/zhuchkovyy-detektor-poiskovoe-ustroystvo-s-funktsiey-magnitnogo-obnaruzheniya\/\" \/>\n<meta property=\"og:site_name\" content=\"Ortungsger\u00e4te.de\" \/>\n<meta property=\"article:modified_time\" content=\"2025-11-26T17:07:36+00:00\" \/>\n<meta property=\"og:image\" content=\"https:\/\/www.ortungsgerate.de\/wp-content\/uploads\/slaptu-kameru-ir-pasiklausymo-blakiu-detektorius-aptinka-gsm-gps-rd-uhf-10.jpg\" \/>\n\t<meta property=\"og:image:width\" content=\"800\" \/>\n\t<meta property=\"og:image:height\" content=\"800\" \/>\n\t<meta property=\"og:image:type\" content=\"image\/jpeg\" \/>\n<meta name=\"twitter:card\" content=\"summary_large_image\" \/>\n<meta name=\"twitter:label1\" content=\"\u041f\u0440\u0438\u043c\u0435\u0440\u043d\u043e\u0435 \u0432\u0440\u0435\u043c\u044f \u0434\u043b\u044f \u0447\u0442\u0435\u043d\u0438\u044f\" \/>\n\t<meta name=\"twitter:data1\" content=\"3 \u043c\u0438\u043d\u0443\u0442\u044b\" \/>\n<script type=\"application\/ld+json\" class=\"yoast-schema-graph\">{\"@context\":\"https:\\\/\\\/schema.org\",\"@graph\":[{\"@type\":\"WebPage\",\"@id\":\"https:\\\/\\\/www.ortungsgerate.de\\\/26-detektoren\\\/wanzendetektor-suchgeraet-mit-magnet-erkennungsfunktion\\\/\",\"url\":\"https:\\\/\\\/www.ortungsgerate.de\\\/26-detektoren\\\/wanzendetektor-suchgeraet-mit-magnet-erkennungsfunktion\\\/\",\"name\":\"Wanzenfinder Detektor - Erkennt GPS-Ger\u00e4te, GSM-Wanzen usw.\",\"isPartOf\":{\"@id\":\"https:\\\/\\\/www.ortungsgerate.de\\\/#website\"},\"primaryImageOfPage\":{\"@id\":\"https:\\\/\\\/www.ortungsgerate.de\\\/26-detektoren\\\/wanzendetektor-suchgeraet-mit-magnet-erkennungsfunktion\\\/#primaryimage\"},\"image\":{\"@id\":\"https:\\\/\\\/www.ortungsgerate.de\\\/26-detektoren\\\/wanzendetektor-suchgeraet-mit-magnet-erkennungsfunktion\\\/#primaryimage\"},\"thumbnailUrl\":\"https:\\\/\\\/www.ortungsgerate.de\\\/wp-content\\\/uploads\\\/slaptu-kameru-ir-pasiklausymo-blakiu-detektorius-aptinka-gsm-gps-rd-uhf-10.jpg\",\"datePublished\":\"2024-02-06T19:37:07+00:00\",\"dateModified\":\"2025-11-26T17:07:36+00:00\",\"description\":\"Detektor f\u00fcr Wanzen und versteckte Kameras mit Magnet-Erkennungsfunktion. Erkennt verschiedene \u00dcberwachungsger\u00e4te, Ortungsger\u00e4te, versteckte Kameras und GSM-Wanzen.\",\"breadcrumb\":{\"@id\":\"https:\\\/\\\/www.ortungsgerate.de\\\/26-detektoren\\\/wanzendetektor-suchgeraet-mit-magnet-erkennungsfunktion\\\/#breadcrumb\"},\"inLanguage\":\"ru-RU\",\"potentialAction\":[{\"@type\":\"ReadAction\",\"target\":[\"https:\\\/\\\/www.ortungsgerate.de\\\/26-detektoren\\\/wanzendetektor-suchgeraet-mit-magnet-erkennungsfunktion\\\/\"]}]},{\"@type\":\"ImageObject\",\"inLanguage\":\"ru-RU\",\"@id\":\"https:\\\/\\\/www.ortungsgerate.de\\\/26-detektoren\\\/wanzendetektor-suchgeraet-mit-magnet-erkennungsfunktion\\\/#primaryimage\",\"url\":\"https:\\\/\\\/www.ortungsgerate.de\\\/wp-content\\\/uploads\\\/slaptu-kameru-ir-pasiklausymo-blakiu-detektorius-aptinka-gsm-gps-rd-uhf-10.jpg\",\"contentUrl\":\"https:\\\/\\\/www.ortungsgerate.de\\\/wp-content\\\/uploads\\\/slaptu-kameru-ir-pasiklausymo-blakiu-detektorius-aptinka-gsm-gps-rd-uhf-10.jpg\",\"width\":800,\"height\":800,\"caption\":\"Wanzenfinder\"},{\"@type\":\"BreadcrumbList\",\"@id\":\"https:\\\/\\\/www.ortungsgerate.de\\\/26-detektoren\\\/wanzendetektor-suchgeraet-mit-magnet-erkennungsfunktion\\\/#breadcrumb\",\"itemListElement\":[{\"@type\":\"ListItem\",\"position\":1,\"name\":\"Startseite\",\"item\":\"https:\\\/\\\/www.ortungsgerate.de\\\/\"},{\"@type\":\"ListItem\",\"position\":2,\"name\":\"Shop\",\"item\":\"https:\\\/\\\/www.ortungsgerate.de\\\/shop\\\/\"},{\"@type\":\"ListItem\",\"position\":3,\"name\":\"Wanzendetektor | Suchger\u00e4t mit Magnet-Erkennungsfunktion\"}]},{\"@type\":\"WebSite\",\"@id\":\"https:\\\/\\\/www.ortungsgerate.de\\\/#website\",\"url\":\"https:\\\/\\\/www.ortungsgerate.de\\\/\",\"name\":\"Ortungsgerate.de\",\"description\":\"\",\"publisher\":{\"@id\":\"https:\\\/\\\/www.ortungsgerate.de\\\/#organization\"},\"potentialAction\":[{\"@type\":\"SearchAction\",\"target\":{\"@type\":\"EntryPoint\",\"urlTemplate\":\"https:\\\/\\\/www.ortungsgerate.de\\\/?s={search_term_string}\"},\"query-input\":{\"@type\":\"PropertyValueSpecification\",\"valueRequired\":true,\"valueName\":\"search_term_string\"}}],\"inLanguage\":\"ru-RU\"},{\"@type\":\"Organization\",\"@id\":\"https:\\\/\\\/www.ortungsgerate.de\\\/#organization\",\"name\":\"Ortungsgerate.de\",\"url\":\"https:\\\/\\\/www.ortungsgerate.de\\\/\",\"logo\":{\"@type\":\"ImageObject\",\"inLanguage\":\"ru-RU\",\"@id\":\"https:\\\/\\\/www.ortungsgerate.de\\\/#\\\/schema\\\/logo\\\/image\\\/\",\"url\":\"https:\\\/\\\/www.ortungsgerate.de\\\/wp-content\\\/uploads\\\/ortungsgerate.png\",\"contentUrl\":\"https:\\\/\\\/www.ortungsgerate.de\\\/wp-content\\\/uploads\\\/ortungsgerate.png\",\"width\":500,\"height\":135,\"caption\":\"Ortungsgerate.de\"},\"image\":{\"@id\":\"https:\\\/\\\/www.ortungsgerate.de\\\/#\\\/schema\\\/logo\\\/image\\\/\"}}]}<\/script>\n<!-- \/ Yoast SEO Premium plugin. -->","yoast_head_json":{"title":"Wanzenfinder Detektor - Erkennt GPS-Ger\u00e4te, GSM-Wanzen usw.","description":"Detektor f\u00fcr Wanzen und versteckte Kameras mit Magnet-Erkennungsfunktion. Erkennt verschiedene \u00dcberwachungsger\u00e4te, Ortungsger\u00e4te, versteckte Kameras und GSM-Wanzen.","robots":{"index":"index","follow":"follow","max-snippet":"max-snippet:-1","max-image-preview":"max-image-preview:large","max-video-preview":"max-video-preview:-1"},"canonical":"https:\/\/www.ortungsgerate.de\/ru\/26-detektory-2\/zhuchkovyy-detektor-poiskovoe-ustroystvo-s-funktsiey-magnitnogo-obnaruzheniya\/","og_locale":"ru_RU","og_type":"article","og_title":"Wanzendetektor | Suchger\u00e4t mit Magnet-Erkennungsfunktion","og_description":"Detektor f\u00fcr Wanzen und versteckte Kameras mit Magnet-Erkennungsfunktion. Erkennt verschiedene \u00dcberwachungsger\u00e4te, Ortungsger\u00e4te, versteckte Kameras und GSM-Wanzen.","og_url":"https:\/\/www.ortungsgerate.de\/ru\/26-detektory-2\/zhuchkovyy-detektor-poiskovoe-ustroystvo-s-funktsiey-magnitnogo-obnaruzheniya\/","og_site_name":"Ortungsger\u00e4te.de","article_modified_time":"2025-11-26T17:07:36+00:00","og_image":[{"width":800,"height":800,"url":"https:\/\/www.ortungsgerate.de\/wp-content\/uploads\/slaptu-kameru-ir-pasiklausymo-blakiu-detektorius-aptinka-gsm-gps-rd-uhf-10.jpg","type":"image\/jpeg"}],"twitter_card":"summary_large_image","twitter_misc":{"\u041f\u0440\u0438\u043c\u0435\u0440\u043d\u043e\u0435 \u0432\u0440\u0435\u043c\u044f \u0434\u043b\u044f \u0447\u0442\u0435\u043d\u0438\u044f":"3 \u043c\u0438\u043d\u0443\u0442\u044b"},"schema":{"@context":"https:\/\/schema.org","@graph":[{"@type":"WebPage","@id":"https:\/\/www.ortungsgerate.de\/26-detektoren\/wanzendetektor-suchgeraet-mit-magnet-erkennungsfunktion\/","url":"https:\/\/www.ortungsgerate.de\/26-detektoren\/wanzendetektor-suchgeraet-mit-magnet-erkennungsfunktion\/","name":"Wanzenfinder Detektor - Erkennt GPS-Ger\u00e4te, GSM-Wanzen usw.","isPartOf":{"@id":"https:\/\/www.ortungsgerate.de\/#website"},"primaryImageOfPage":{"@id":"https:\/\/www.ortungsgerate.de\/26-detektoren\/wanzendetektor-suchgeraet-mit-magnet-erkennungsfunktion\/#primaryimage"},"image":{"@id":"https:\/\/www.ortungsgerate.de\/26-detektoren\/wanzendetektor-suchgeraet-mit-magnet-erkennungsfunktion\/#primaryimage"},"thumbnailUrl":"https:\/\/www.ortungsgerate.de\/wp-content\/uploads\/slaptu-kameru-ir-pasiklausymo-blakiu-detektorius-aptinka-gsm-gps-rd-uhf-10.jpg","datePublished":"2024-02-06T19:37:07+00:00","dateModified":"2025-11-26T17:07:36+00:00","description":"Detektor f\u00fcr Wanzen und versteckte Kameras mit Magnet-Erkennungsfunktion. Erkennt verschiedene \u00dcberwachungsger\u00e4te, Ortungsger\u00e4te, versteckte Kameras und GSM-Wanzen.","breadcrumb":{"@id":"https:\/\/www.ortungsgerate.de\/26-detektoren\/wanzendetektor-suchgeraet-mit-magnet-erkennungsfunktion\/#breadcrumb"},"inLanguage":"ru-RU","potentialAction":[{"@type":"ReadAction","target":["https:\/\/www.ortungsgerate.de\/26-detektoren\/wanzendetektor-suchgeraet-mit-magnet-erkennungsfunktion\/"]}]},{"@type":"ImageObject","inLanguage":"ru-RU","@id":"https:\/\/www.ortungsgerate.de\/26-detektoren\/wanzendetektor-suchgeraet-mit-magnet-erkennungsfunktion\/#primaryimage","url":"https:\/\/www.ortungsgerate.de\/wp-content\/uploads\/slaptu-kameru-ir-pasiklausymo-blakiu-detektorius-aptinka-gsm-gps-rd-uhf-10.jpg","contentUrl":"https:\/\/www.ortungsgerate.de\/wp-content\/uploads\/slaptu-kameru-ir-pasiklausymo-blakiu-detektorius-aptinka-gsm-gps-rd-uhf-10.jpg","width":800,"height":800,"caption":"Wanzenfinder"},{"@type":"BreadcrumbList","@id":"https:\/\/www.ortungsgerate.de\/26-detektoren\/wanzendetektor-suchgeraet-mit-magnet-erkennungsfunktion\/#breadcrumb","itemListElement":[{"@type":"ListItem","position":1,"name":"Startseite","item":"https:\/\/www.ortungsgerate.de\/"},{"@type":"ListItem","position":2,"name":"Shop","item":"https:\/\/www.ortungsgerate.de\/shop\/"},{"@type":"ListItem","position":3,"name":"Wanzendetektor | Suchger\u00e4t mit Magnet-Erkennungsfunktion"}]},{"@type":"WebSite","@id":"https:\/\/www.ortungsgerate.de\/#website","url":"https:\/\/www.ortungsgerate.de\/","name":"Ortungsgerate.de","description":"","publisher":{"@id":"https:\/\/www.ortungsgerate.de\/#organization"},"potentialAction":[{"@type":"SearchAction","target":{"@type":"EntryPoint","urlTemplate":"https:\/\/www.ortungsgerate.de\/?s={search_term_string}"},"query-input":{"@type":"PropertyValueSpecification","valueRequired":true,"valueName":"search_term_string"}}],"inLanguage":"ru-RU"},{"@type":"Organization","@id":"https:\/\/www.ortungsgerate.de\/#organization","name":"Ortungsgerate.de","url":"https:\/\/www.ortungsgerate.de\/","logo":{"@type":"ImageObject","inLanguage":"ru-RU","@id":"https:\/\/www.ortungsgerate.de\/#\/schema\/logo\/image\/","url":"https:\/\/www.ortungsgerate.de\/wp-content\/uploads\/ortungsgerate.png","contentUrl":"https:\/\/www.ortungsgerate.de\/wp-content\/uploads\/ortungsgerate.png","width":500,"height":135,"caption":"Ortungsgerate.de"},"image":{"@id":"https:\/\/www.ortungsgerate.de\/#\/schema\/logo\/image\/"}}]}},"_links":{"self":[{"href":"https:\/\/www.ortungsgerate.de\/ru\/wp-json\/wp\/v2\/product\/16535","targetHints":{"allow":["GET"]}}],"collection":[{"href":"https:\/\/www.ortungsgerate.de\/ru\/wp-json\/wp\/v2\/product"}],"about":[{"href":"https:\/\/www.ortungsgerate.de\/ru\/wp-json\/wp\/v2\/types\/product"}],"version-history":[{"count":0,"href":"https:\/\/www.ortungsgerate.de\/ru\/wp-json\/wp\/v2\/product\/16535\/revisions"}],"wp:featuredmedia":[{"embeddable":true,"href":"https:\/\/www.ortungsgerate.de\/ru\/wp-json\/wp\/v2\/media\/1599"}],"wp:attachment":[{"href":"https:\/\/www.ortungsgerate.de\/ru\/wp-json\/wp\/v2\/media?parent=16535"}],"wp:term":[{"taxonomy":"brand","embeddable":true,"href":"https:\/\/www.ortungsgerate.de\/ru\/wp-json\/wp\/v2\/etheme_brands?post=16535"},{"taxonomy":"product_brand","embeddable":true,"href":"https:\/\/www.ortungsgerate.de\/ru\/wp-json\/wp\/v2\/product_brand?post=16535"},{"taxonomy":"product_cat","embeddable":true,"href":"https:\/\/www.ortungsgerate.de\/ru\/wp-json\/wp\/v2\/product_cat?post=16535"},{"taxonomy":"product_tag","embeddable":true,"href":"https:\/\/www.ortungsgerate.de\/ru\/wp-json\/wp\/v2\/product_tag?post=16535"}],"curies":[{"name":"wp","href":"https:\/\/api.w.org\/{rel}","templated":true}]}}