{"id":16536,"date":"2024-02-06T21:36:37","date_gmt":"2024-02-06T19:36:37","guid":{"rendered":"https:\/\/ortungsgerate.de\/be-kategorijos\/profesionalus-pasiklausymas-per-siena-iki-20-000-kartu-sustiprina-garsa\/"},"modified":"2025-11-26T19:01:36","modified_gmt":"2025-11-26T17:01:36","slug":"professionalnoe-podslushivayuschee-ustroystvo-cherez-steny-usilivaet-zvuki-do-20-000-raz","status":"publish","type":"product","link":"https:\/\/www.ortungsgerate.de\/ru\/16-proslushivayushcheye-oborudovaniye-2\/14-podslushivaniye-cherez-stenu-2\/professionalnoe-podslushivayuschee-ustroystvo-cherez-steny-usilivaet-zvuki-do-20-000-raz\/","title":{"rendered":"\u041f\u0440\u043e\u0444\u0435\u0441\u0441\u0438\u043e\u043d\u0430\u043b\u044c\u043d\u043e\u0435 \u043f\u043e\u0434\u0441\u043b\u0443\u0448\u0438\u0432\u0430\u044e\u0449\u0435\u0435 \u0443\u0441\u0442\u0440\u043e\u0439\u0441\u0442\u0432\u043e \u0447\u0435\u0440\u0435\u0437 \u0441\u0442\u0435\u043d\u044b \u0443\u0441\u0438\u043b\u0438\u0432\u0430\u0435\u0442 \u0437\u0432\u0443\u043a\u0438 \u0434\u043e 20.000 \u0440\u0430\u0437"},"content":{"rendered":"<h3><strong>\u0422\u0415\u0425\u041d\u0418\u0427\u0415\u0421\u041a\u0418\u0415 \u041f\u0410\u0420\u0410\u041c\u0415\u0422\u0420\u042b:<\/strong><\/h3>\n<ul>\n<li>Arbeitsbereich: W\u00e4nde bis zu 45 cm Dicke<\/li>\n<li>Tonverst\u00e4rkung: 20.000-fach<\/li>\n<li>Mikrofonempfindlichkeit: ab 35 dB (leises Gespr\u00e4ch)<\/li>\n<li>Abmessungen: 60mm x 40mm x 22mm<\/li>\n<li>Stromquelle: LITHIUM-IONEN-Akku<\/li>\n<li>Laden: USB oder \u00fcber 100-240 V Adapter<\/li>\n<li>Arbeitstemperatur: -5 \u00b0C &#8211; 50 \u00b0C<\/li>\n<li>Gewicht: 26g<\/li>\n<li>Ladezeit: 5 Std.<\/li>\n<li>Zus\u00e4tzliche Funktionen: Mini-Kopfh\u00f6rerbuchse, Buchse zum Anschluss eines externen Mikrofons, hohe Empfindlichkeit, Komfort und Mobilit\u00e4t<\/li>\n<li>Lieferumfang: seismisches Mikrofon, Nadelmikrofon, Kopfh\u00f6rer, USB-Kabel, Netzladeger\u00e4t.<\/li>\n<li><strong>\u0413\u0410\u0420\u0410\u041d\u0422\u0418\u042f 12 \u043c\u0435\u0441\u044f\u0446\u0435\u0432<\/strong><\/li>\n<\/ul>\n<p><span style=\"color: #d0121a;\"><strong>   <\/strong><\/span><\/p>\n<p>Professionelle BIONISCHE OHREN zum Abh\u00f6ren durch Barrieren. Es ist m\u00f6glich, durch eine bis zu 45 cm dicke Wand zu lauschen. Der Ton wird bis zu 20.000-fach verst\u00e4rkt. Im Lieferumfang ist ein (seismisches Kontaktmikrofon) enthalten, ebenso ein (Nadel-)Mikrofon, das je nach Bedarf verwendet wird.<\/p>\n<p>Das Ger\u00e4t ist einfach zu bedienen, der eingebaute Lithium-Ionen-Akku ist mehrfach wiederaufladbar, seine Betriebsdauer reicht f\u00fcr mehrere Dutzend Stunden ohne Aufladen. Im Lieferumfang sind Kopfh\u00f6rer enthalten, mit denen Sie sofort h\u00f6ren k\u00f6nnen, was im Nebenraum passiert. Der Ton ist gut h\u00f6rbar, unabh\u00e4ngig davon, aus welchem Material die Wand besteht (Holz, Metall, Beton, Blocksteine).<\/p>\n<p>Um das Ger\u00e4t zu benutzen, dauert die Vorbereitung nur wenige Sekunden. Schalten Sie das Ger\u00e4t ein, schlie\u00dfen Sie die Kopfh\u00f6rer und das (seismische Mikrofon) an. Die Empfindlichkeit des Ger\u00e4ts k\u00f6nnen Sie mit einem Potentiometer einstellen; wenn Sie den Ton aufnehmen m\u00f6chten, schlie\u00dfen Sie daran einen Diktierger\u00e4t oder ein anderes Aufnahmeger\u00e4t an.<\/p>\n<p>Im Ger\u00e4t werden Filter verwendet, die helfen, die f\u00fcr die menschliche Sprache typischen Frequenzen zu verst\u00e4rken und unn\u00f6tige St\u00f6rger\u00e4usche zu eliminieren. Das Nadelmikrofon ist 120 mm lang \u2013 es erm\u00f6glicht das Einf\u00fchren in kleine \u00d6ffnungen in der Wand (zum Abh\u00f6ren).<\/p>\n<p>Der Lithium-Ionen-Akku funktioniert etwa bis zu 40 Stunden. Zum Aufladen des Ger\u00e4ts verwenden Sie das USB-Kabel. Zum Laden kann ein Computer oder ein Netzteil eines Mobiltelefons verwendet werden.<\/p>\n<p><strong>Professionelle bionische Ohren, die den Ton bis zu 20.000-fach verst\u00e4rken<\/strong><\/p>\n<p>Bionische Ohren sind ein professionelles Ger\u00e4t, das zum Abh\u00f6ren durch W\u00e4nde bestimmt ist. Dieses Ger\u00e4t ist sehr einfach zu bedienen, und die hinter der Wand h\u00f6rbaren Ger\u00e4usche k\u00f6nnen bis zu 20.000-fach verst\u00e4rkt werden. Bionische Ohren sind f\u00fcr das Abh\u00f6ren durch W\u00e4nde mit einer Dicke von maximal 45 cm ausgelegt, daher sind die Einsatzm\u00f6glichkeiten dieses Ger\u00e4ts tats\u00e4chlich sehr vielf\u00e4ltig. Situationen, in denen dieses Ger\u00e4t n\u00fctzlich sein kann, gibt es viele: Bionische Ohren k\u00f6nnen verwendet werden, wenn \u00fcberpr\u00fcft werden soll, ob bestimmte Personen wirklich vertrauensw\u00fcrdig sind, wenn man wissen m\u00f6chte, was sich zu einem bestimmten Zeitpunkt hinter der Wand abspielt usw.<\/p>\n<p><strong>Einfache Bedienung<\/strong><\/p>\n<p>Einer der wichtigsten Vorteile dieses Abh\u00f6rger\u00e4ts ist die sehr einfache Bedienung. Sie m\u00fcssen das Ger\u00e4t nur einschalten und die Kopfh\u00f6rer aufsetzen \u2013 schon bald k\u00f6nnen Sie die hinter der Wand h\u00f6rbaren Ger\u00e4usche abh\u00f6ren. Dieses Ger\u00e4t erfordert keine zus\u00e4tzliche Vorbereitung, daher sind keine speziellen Kenntnisse oder F\u00e4higkeiten n\u00f6tig. Die Vorbereitung der bionischen Ohren dauert in der Regel nur wenige Sekunden: Sie m\u00fcssen nur das Ger\u00e4t einschalten, die Kopfh\u00f6rer anschlie\u00dfen und die gew\u00fcnschte Tonverst\u00e4rkung einstellen.<\/p>\n<p><strong>M\u00f6glichkeit zur Tonaufzeichnung<\/strong><\/p>\n<p>Manchmal reicht es nicht aus, Gespr\u00e4che oder andere Ger\u00e4usche nur abzuh\u00f6ren \u2013 es kann auch notwendig sein, diese aufzuzeichnen. In diesem Fall k\u00f6nnen Sie an dieses Ger\u00e4t einen Diktierger\u00e4t anschlie\u00dfen und schon bald mit der Tonaufzeichnung beginnen. F\u00fcr Tonaufnahmen k\u00f6nnen Sie auch andere daf\u00fcr vorgesehene Ger\u00e4te verwenden.<\/p>\n<p><strong>Lange Akkulaufzeit im Standby-Betrieb<\/strong><\/p>\n<p>Das Abh\u00f6rger\u00e4t kann bis zu 10 Stunden ununterbrochen verwendet werden, und die Akkuladezeit betr\u00e4gt 5 Stunden, nach denen der Akku vollst\u00e4ndig geladen ist. Wenn das Ger\u00e4t nicht st\u00e4ndig benutzt wird, ist die Standby-Zeit des Akkus um ein Vielfaches l\u00e4nger \u2013 das Ger\u00e4t muss erst nach etwa 40 Stunden wieder aufgeladen werden. Die bionischen Ohren werden \u00fcber eine USB-Schnittstelle geladen, daher ist das Laden \u00fcber einen Computer oder ein Netzteil eines Mobiltelefons m\u00f6glich.<\/p>\n<p><strong>Klarer und hochwertiger Ton<\/strong><\/p>\n<p>Bionische Ohren erm\u00f6glichen das Abh\u00f6ren durch eine Wand, die nicht dicker als 45 Zentimeter ist. Obwohl es scheinen mag, dass die Tonqualit\u00e4t von den Materialien abh\u00e4ngt, aus denen die Wand besteht, ist dies nicht der Fall. Tats\u00e4chlich ist der Ton sowohl beim Abh\u00f6ren durch eine Holzwand als auch durch eine Beton- oder Metallwand v\u00f6llig klar. Der h\u00f6rbare Ton kann bis zu 20.000-fach verst\u00e4rkt werden, daher ist der Klang sehr klar und hochwertig. Ein weiterer Vorteil ist, dass dieses professionelle Abh\u00f6rger\u00e4t hilft, die f\u00fcr die menschliche Sprache typischen Frequenzen zu verst\u00e4rken und die Umgebungsger\u00e4usche zu unterdr\u00fccken. Dies garantiert, dass Gespr\u00e4che in sehr hoher Qualit\u00e4t aufgezeichnet werden, sodass die Tonqualit\u00e4t den in demselben Raum aufgezeichneten Ger\u00e4uschen nicht nachsteht.<\/p>\n<p><strong>Zus\u00e4tzliche M\u00f6glichkeiten<\/strong><\/p>\n<p>Das im Set enthaltene Nadelmikrofon ist zum Abh\u00f6ren durch die Wand bestimmt \u2013 es ist 120 mm lang und kann in kleine \u00d6ffnungen in der Wand eingef\u00fchrt werden. Dadurch wird sichergestellt, dass der h\u00f6rbare Ton noch klarer ist, sodass Ihnen kein m\u00f6glicherweise wichtiges Gespr\u00e4ch entgeht.<\/p>\n<p><strong>\u041e\u0441\u043d\u043e\u0432\u043d\u044b\u0435 \u0442\u0435\u0445\u043d\u0438\u0447\u0435\u0441\u043a\u0438\u0435 \u0445\u0430\u0440\u0430\u043a\u0442\u0435\u0440\u0438\u0441\u0442\u0438\u043a\u0438<\/strong><\/p>\n<ul>\n<li>Zul\u00e4ssige Wandst\u00e4rke: bis zu 45 cm;<\/li>\n<li>Tonverst\u00e4rkung: bis zu 20.000-fach; Mikrofonempfindlichkeit: ab 35 dB (leises Gespr\u00e4ch kann geh\u00f6rt werden);<\/li>\n<li>Ger\u00e4teabmessungen: 60x40x22 mm;<\/li>\n<li>Ger\u00e4tegewicht: 26 g;<\/li>\n<li>Akku-Typ: Lithium-Ionen;<\/li>\n<li>Akkuladezeit: 5 h;<\/li>\n<li>Arbeitstemperatur: von -5 bis +50 Grad Celsius.<\/li>\n<\/ul>\n<p><strong>Ger\u00e4telieferumfang<\/strong><\/p>\n<p>Der Lieferumfang des Ger\u00e4ts umfasst ein seismisches Mikrofon, ein Nadelmikrofon, Mini-Kopfh\u00f6rer, ein USB-Kabel und ein Ladeger\u00e4t.<\/p>\n<p>Wenn Sie abh\u00f6ren m\u00f6chten, was hinter der Wand geschieht, aber keine M\u00f6glichkeit haben, andere Abh\u00f6rger\u00e4te zu verwenden, k\u00f6nnen bionische Ohren eine der besten L\u00f6sungen sein \u2013 ein solches Ger\u00e4t zeichnet sich durch eine besonders hohe Empfindlichkeit aus, und bei Bedarf k\u00f6nnen Tonaufnahmen mit einem Diktierger\u00e4t oder einem anderen Ger\u00e4t aufgezeichnet werden.<\/p>","protected":false},"excerpt":{"rendered":"<p>TECHNISCHE PARAMETER: Arbeitsbereich: W\u00e4nde bis zu 45 cm Dicke Tonverst\u00e4rkung: 20.000-fach Mikrofonempfindlichkeit: ab 35 dB (leises Gespr\u00e4ch) Abmessungen: 60mm x 40mm x 22mm Stromquelle: LITHIUM-IONEN-Akku&#8230;<\/p>","protected":false},"featured_media":1437,"template":"","meta":[],"etheme_brands":[],"product_brand":[],"product_cat":[209,208],"product_tag":[],"class_list":{"0":"post-16536","1":"product","2":"type-product","3":"status-publish","4":"has-post-thumbnail","6":"product_cat-14-abhoeren-durch-die-wand","7":"product_cat-16-abhoergeraete","9":"first","10":"instock","11":"taxable","12":"shipping-taxable","13":"purchasable","14":"product-type-simple"},"yoast_head":"<!-- This site is optimized with the Yoast SEO Premium plugin v25.9 (Yoast SEO v27.4) - https:\/\/yoast.com\/product\/yoast-seo-premium-wordpress\/ -->\n<title>Stethoskopisches Abh\u00f6ren durch die Wand oder Bionische Ohren<\/title>\n<meta name=\"description\" content=\"Stethoskopisches Abh\u00f6ren durch die Wand oder bionische Ohren. Eine einfache M\u00f6glichkeit herauszufinden, wor\u00fcber hinter der Wand gesprochen wird. Leicht zu bedienen, es sind keine besonderen Kenntnisse erforderlich\" \/>\n<meta name=\"robots\" content=\"index, follow, max-snippet:-1, max-image-preview:large, max-video-preview:-1\" \/>\n<link rel=\"canonical\" href=\"https:\/\/www.ortungsgerate.de\/ru\/16-proslushivayushcheye-oborudovaniye-2\/14-podslushivaniye-cherez-stenu-2\/professionalnoe-podslushivayuschee-ustroystvo-cherez-steny-usilivaet-zvuki-do-20-000-raz\/\" \/>\n<meta property=\"og:locale\" content=\"ru_RU\" \/>\n<meta property=\"og:type\" content=\"article\" \/>\n<meta property=\"og:title\" content=\"Professionelles Abh\u00f6rger\u00e4t durch W\u00e4nde verst\u00e4rkt Ger\u00e4usche bis zu 20.000\u2011fach\" \/>\n<meta property=\"og:description\" content=\"Stethoskopisches Abh\u00f6ren durch die Wand oder bionische Ohren. Eine einfache M\u00f6glichkeit herauszufinden, wor\u00fcber hinter der Wand gesprochen wird. Leicht zu bedienen, es sind keine besonderen Kenntnisse erforderlich\" \/>\n<meta property=\"og:url\" content=\"https:\/\/www.ortungsgerate.de\/ru\/16-proslushivayushcheye-oborudovaniye-2\/14-podslushivaniye-cherez-stenu-2\/professionalnoe-podslushivayuschee-ustroystvo-cherez-steny-usilivaet-zvuki-do-20-000-raz\/\" \/>\n<meta property=\"og:site_name\" content=\"Ortungsger\u00e4te.de\" \/>\n<meta property=\"article:modified_time\" content=\"2025-11-26T17:01:36+00:00\" \/>\n<meta property=\"og:image\" content=\"https:\/\/www.ortungsgerate.de\/wp-content\/uploads\/stetoskopinis-pasiklausymas-per-siena-arba-bionines-ausys-2.jpg\" \/>\n\t<meta property=\"og:image:width\" content=\"571\" \/>\n\t<meta property=\"og:image:height\" content=\"487\" \/>\n\t<meta property=\"og:image:type\" content=\"image\/jpeg\" \/>\n<meta name=\"twitter:card\" content=\"summary_large_image\" \/>\n<meta name=\"twitter:label1\" content=\"\u041f\u0440\u0438\u043c\u0435\u0440\u043d\u043e\u0435 \u0432\u0440\u0435\u043c\u044f \u0434\u043b\u044f \u0447\u0442\u0435\u043d\u0438\u044f\" \/>\n\t<meta name=\"twitter:data1\" content=\"5 \u043c\u0438\u043d\u0443\u0442\" \/>\n<script type=\"application\/ld+json\" class=\"yoast-schema-graph\">{\"@context\":\"https:\\\/\\\/schema.org\",\"@graph\":[{\"@type\":\"WebPage\",\"@id\":\"https:\\\/\\\/www.ortungsgerate.de\\\/16-abhoergeraete\\\/14-abhoeren-durch-die-wand\\\/professionelles-abhoergeraet-durch-waende-verstaerkt-geraeusche-bis-zu-20-000%e2%80%91fach\\\/\",\"url\":\"https:\\\/\\\/www.ortungsgerate.de\\\/16-abhoergeraete\\\/14-abhoeren-durch-die-wand\\\/professionelles-abhoergeraet-durch-waende-verstaerkt-geraeusche-bis-zu-20-000%e2%80%91fach\\\/\",\"name\":\"Stethoskopisches Abh\u00f6ren durch die Wand oder Bionische Ohren\",\"isPartOf\":{\"@id\":\"https:\\\/\\\/www.ortungsgerate.de\\\/#website\"},\"primaryImageOfPage\":{\"@id\":\"https:\\\/\\\/www.ortungsgerate.de\\\/16-abhoergeraete\\\/14-abhoeren-durch-die-wand\\\/professionelles-abhoergeraet-durch-waende-verstaerkt-geraeusche-bis-zu-20-000%e2%80%91fach\\\/#primaryimage\"},\"image\":{\"@id\":\"https:\\\/\\\/www.ortungsgerate.de\\\/16-abhoergeraete\\\/14-abhoeren-durch-die-wand\\\/professionelles-abhoergeraet-durch-waende-verstaerkt-geraeusche-bis-zu-20-000%e2%80%91fach\\\/#primaryimage\"},\"thumbnailUrl\":\"https:\\\/\\\/www.ortungsgerate.de\\\/wp-content\\\/uploads\\\/stetoskopinis-pasiklausymas-per-siena-arba-bionines-ausys-2.jpg\",\"datePublished\":\"2024-02-06T19:36:37+00:00\",\"dateModified\":\"2025-11-26T17:01:36+00:00\",\"description\":\"Stethoskopisches Abh\u00f6ren durch die Wand oder bionische Ohren. Eine einfache M\u00f6glichkeit herauszufinden, wor\u00fcber hinter der Wand gesprochen wird. Leicht zu bedienen, es sind keine besonderen Kenntnisse erforderlich\",\"breadcrumb\":{\"@id\":\"https:\\\/\\\/www.ortungsgerate.de\\\/16-abhoergeraete\\\/14-abhoeren-durch-die-wand\\\/professionelles-abhoergeraet-durch-waende-verstaerkt-geraeusche-bis-zu-20-000%e2%80%91fach\\\/#breadcrumb\"},\"inLanguage\":\"ru-RU\",\"potentialAction\":[{\"@type\":\"ReadAction\",\"target\":[\"https:\\\/\\\/www.ortungsgerate.de\\\/16-abhoergeraete\\\/14-abhoeren-durch-die-wand\\\/professionelles-abhoergeraet-durch-waende-verstaerkt-geraeusche-bis-zu-20-000%e2%80%91fach\\\/\"]}]},{\"@type\":\"ImageObject\",\"inLanguage\":\"ru-RU\",\"@id\":\"https:\\\/\\\/www.ortungsgerate.de\\\/16-abhoergeraete\\\/14-abhoeren-durch-die-wand\\\/professionelles-abhoergeraet-durch-waende-verstaerkt-geraeusche-bis-zu-20-000%e2%80%91fach\\\/#primaryimage\",\"url\":\"https:\\\/\\\/www.ortungsgerate.de\\\/wp-content\\\/uploads\\\/stetoskopinis-pasiklausymas-per-siena-arba-bionines-ausys-2.jpg\",\"contentUrl\":\"https:\\\/\\\/www.ortungsgerate.de\\\/wp-content\\\/uploads\\\/stetoskopinis-pasiklausymas-per-siena-arba-bionines-ausys-2.jpg\",\"width\":571,\"height\":487,\"caption\":\"Abh\u00f6rnadel mit seismischem Mikrofon\"},{\"@type\":\"BreadcrumbList\",\"@id\":\"https:\\\/\\\/www.ortungsgerate.de\\\/16-abhoergeraete\\\/14-abhoeren-durch-die-wand\\\/professionelles-abhoergeraet-durch-waende-verstaerkt-geraeusche-bis-zu-20-000%e2%80%91fach\\\/#breadcrumb\",\"itemListElement\":[{\"@type\":\"ListItem\",\"position\":1,\"name\":\"Startseite\",\"item\":\"https:\\\/\\\/www.ortungsgerate.de\\\/\"},{\"@type\":\"ListItem\",\"position\":2,\"name\":\"Shop\",\"item\":\"https:\\\/\\\/www.ortungsgerate.de\\\/shop\\\/\"},{\"@type\":\"ListItem\",\"position\":3,\"name\":\"Professionelles Abh\u00f6rger\u00e4t durch W\u00e4nde verst\u00e4rkt Ger\u00e4usche bis zu 20.000\u2011fach\"}]},{\"@type\":\"WebSite\",\"@id\":\"https:\\\/\\\/www.ortungsgerate.de\\\/#website\",\"url\":\"https:\\\/\\\/www.ortungsgerate.de\\\/\",\"name\":\"Ortungsgerate.de\",\"description\":\"\",\"publisher\":{\"@id\":\"https:\\\/\\\/www.ortungsgerate.de\\\/#organization\"},\"potentialAction\":[{\"@type\":\"SearchAction\",\"target\":{\"@type\":\"EntryPoint\",\"urlTemplate\":\"https:\\\/\\\/www.ortungsgerate.de\\\/?s={search_term_string}\"},\"query-input\":{\"@type\":\"PropertyValueSpecification\",\"valueRequired\":true,\"valueName\":\"search_term_string\"}}],\"inLanguage\":\"ru-RU\"},{\"@type\":\"Organization\",\"@id\":\"https:\\\/\\\/www.ortungsgerate.de\\\/#organization\",\"name\":\"Ortungsgerate.de\",\"url\":\"https:\\\/\\\/www.ortungsgerate.de\\\/\",\"logo\":{\"@type\":\"ImageObject\",\"inLanguage\":\"ru-RU\",\"@id\":\"https:\\\/\\\/www.ortungsgerate.de\\\/#\\\/schema\\\/logo\\\/image\\\/\",\"url\":\"https:\\\/\\\/www.ortungsgerate.de\\\/wp-content\\\/uploads\\\/ortungsgerate.png\",\"contentUrl\":\"https:\\\/\\\/www.ortungsgerate.de\\\/wp-content\\\/uploads\\\/ortungsgerate.png\",\"width\":500,\"height\":135,\"caption\":\"Ortungsgerate.de\"},\"image\":{\"@id\":\"https:\\\/\\\/www.ortungsgerate.de\\\/#\\\/schema\\\/logo\\\/image\\\/\"}}]}<\/script>\n<!-- \/ Yoast SEO Premium plugin. -->","yoast_head_json":{"title":"Stethoskopisches Abh\u00f6ren durch die Wand oder Bionische Ohren","description":"Stethoskopisches Abh\u00f6ren durch die Wand oder bionische Ohren. Eine einfache M\u00f6glichkeit herauszufinden, wor\u00fcber hinter der Wand gesprochen wird. Leicht zu bedienen, es sind keine besonderen Kenntnisse erforderlich","robots":{"index":"index","follow":"follow","max-snippet":"max-snippet:-1","max-image-preview":"max-image-preview:large","max-video-preview":"max-video-preview:-1"},"canonical":"https:\/\/www.ortungsgerate.de\/ru\/16-proslushivayushcheye-oborudovaniye-2\/14-podslushivaniye-cherez-stenu-2\/professionalnoe-podslushivayuschee-ustroystvo-cherez-steny-usilivaet-zvuki-do-20-000-raz\/","og_locale":"ru_RU","og_type":"article","og_title":"Professionelles Abh\u00f6rger\u00e4t durch W\u00e4nde verst\u00e4rkt Ger\u00e4usche bis zu 20.000\u2011fach","og_description":"Stethoskopisches Abh\u00f6ren durch die Wand oder bionische Ohren. Eine einfache M\u00f6glichkeit herauszufinden, wor\u00fcber hinter der Wand gesprochen wird. Leicht zu bedienen, es sind keine besonderen Kenntnisse erforderlich","og_url":"https:\/\/www.ortungsgerate.de\/ru\/16-proslushivayushcheye-oborudovaniye-2\/14-podslushivaniye-cherez-stenu-2\/professionalnoe-podslushivayuschee-ustroystvo-cherez-steny-usilivaet-zvuki-do-20-000-raz\/","og_site_name":"Ortungsger\u00e4te.de","article_modified_time":"2025-11-26T17:01:36+00:00","og_image":[{"width":571,"height":487,"url":"https:\/\/www.ortungsgerate.de\/wp-content\/uploads\/stetoskopinis-pasiklausymas-per-siena-arba-bionines-ausys-2.jpg","type":"image\/jpeg"}],"twitter_card":"summary_large_image","twitter_misc":{"\u041f\u0440\u0438\u043c\u0435\u0440\u043d\u043e\u0435 \u0432\u0440\u0435\u043c\u044f \u0434\u043b\u044f \u0447\u0442\u0435\u043d\u0438\u044f":"5 \u043c\u0438\u043d\u0443\u0442"},"schema":{"@context":"https:\/\/schema.org","@graph":[{"@type":"WebPage","@id":"https:\/\/www.ortungsgerate.de\/16-abhoergeraete\/14-abhoeren-durch-die-wand\/professionelles-abhoergeraet-durch-waende-verstaerkt-geraeusche-bis-zu-20-000%e2%80%91fach\/","url":"https:\/\/www.ortungsgerate.de\/16-abhoergeraete\/14-abhoeren-durch-die-wand\/professionelles-abhoergeraet-durch-waende-verstaerkt-geraeusche-bis-zu-20-000%e2%80%91fach\/","name":"Stethoskopisches Abh\u00f6ren durch die Wand oder Bionische Ohren","isPartOf":{"@id":"https:\/\/www.ortungsgerate.de\/#website"},"primaryImageOfPage":{"@id":"https:\/\/www.ortungsgerate.de\/16-abhoergeraete\/14-abhoeren-durch-die-wand\/professionelles-abhoergeraet-durch-waende-verstaerkt-geraeusche-bis-zu-20-000%e2%80%91fach\/#primaryimage"},"image":{"@id":"https:\/\/www.ortungsgerate.de\/16-abhoergeraete\/14-abhoeren-durch-die-wand\/professionelles-abhoergeraet-durch-waende-verstaerkt-geraeusche-bis-zu-20-000%e2%80%91fach\/#primaryimage"},"thumbnailUrl":"https:\/\/www.ortungsgerate.de\/wp-content\/uploads\/stetoskopinis-pasiklausymas-per-siena-arba-bionines-ausys-2.jpg","datePublished":"2024-02-06T19:36:37+00:00","dateModified":"2025-11-26T17:01:36+00:00","description":"Stethoskopisches Abh\u00f6ren durch die Wand oder bionische Ohren. Eine einfache M\u00f6glichkeit herauszufinden, wor\u00fcber hinter der Wand gesprochen wird. Leicht zu bedienen, es sind keine besonderen Kenntnisse erforderlich","breadcrumb":{"@id":"https:\/\/www.ortungsgerate.de\/16-abhoergeraete\/14-abhoeren-durch-die-wand\/professionelles-abhoergeraet-durch-waende-verstaerkt-geraeusche-bis-zu-20-000%e2%80%91fach\/#breadcrumb"},"inLanguage":"ru-RU","potentialAction":[{"@type":"ReadAction","target":["https:\/\/www.ortungsgerate.de\/16-abhoergeraete\/14-abhoeren-durch-die-wand\/professionelles-abhoergeraet-durch-waende-verstaerkt-geraeusche-bis-zu-20-000%e2%80%91fach\/"]}]},{"@type":"ImageObject","inLanguage":"ru-RU","@id":"https:\/\/www.ortungsgerate.de\/16-abhoergeraete\/14-abhoeren-durch-die-wand\/professionelles-abhoergeraet-durch-waende-verstaerkt-geraeusche-bis-zu-20-000%e2%80%91fach\/#primaryimage","url":"https:\/\/www.ortungsgerate.de\/wp-content\/uploads\/stetoskopinis-pasiklausymas-per-siena-arba-bionines-ausys-2.jpg","contentUrl":"https:\/\/www.ortungsgerate.de\/wp-content\/uploads\/stetoskopinis-pasiklausymas-per-siena-arba-bionines-ausys-2.jpg","width":571,"height":487,"caption":"Abh\u00f6rnadel mit seismischem Mikrofon"},{"@type":"BreadcrumbList","@id":"https:\/\/www.ortungsgerate.de\/16-abhoergeraete\/14-abhoeren-durch-die-wand\/professionelles-abhoergeraet-durch-waende-verstaerkt-geraeusche-bis-zu-20-000%e2%80%91fach\/#breadcrumb","itemListElement":[{"@type":"ListItem","position":1,"name":"Startseite","item":"https:\/\/www.ortungsgerate.de\/"},{"@type":"ListItem","position":2,"name":"Shop","item":"https:\/\/www.ortungsgerate.de\/shop\/"},{"@type":"ListItem","position":3,"name":"Professionelles Abh\u00f6rger\u00e4t durch W\u00e4nde verst\u00e4rkt Ger\u00e4usche bis zu 20.000\u2011fach"}]},{"@type":"WebSite","@id":"https:\/\/www.ortungsgerate.de\/#website","url":"https:\/\/www.ortungsgerate.de\/","name":"Ortungsgerate.de","description":"","publisher":{"@id":"https:\/\/www.ortungsgerate.de\/#organization"},"potentialAction":[{"@type":"SearchAction","target":{"@type":"EntryPoint","urlTemplate":"https:\/\/www.ortungsgerate.de\/?s={search_term_string}"},"query-input":{"@type":"PropertyValueSpecification","valueRequired":true,"valueName":"search_term_string"}}],"inLanguage":"ru-RU"},{"@type":"Organization","@id":"https:\/\/www.ortungsgerate.de\/#organization","name":"Ortungsgerate.de","url":"https:\/\/www.ortungsgerate.de\/","logo":{"@type":"ImageObject","inLanguage":"ru-RU","@id":"https:\/\/www.ortungsgerate.de\/#\/schema\/logo\/image\/","url":"https:\/\/www.ortungsgerate.de\/wp-content\/uploads\/ortungsgerate.png","contentUrl":"https:\/\/www.ortungsgerate.de\/wp-content\/uploads\/ortungsgerate.png","width":500,"height":135,"caption":"Ortungsgerate.de"},"image":{"@id":"https:\/\/www.ortungsgerate.de\/#\/schema\/logo\/image\/"}}]}},"_links":{"self":[{"href":"https:\/\/www.ortungsgerate.de\/ru\/wp-json\/wp\/v2\/product\/16536","targetHints":{"allow":["GET"]}}],"collection":[{"href":"https:\/\/www.ortungsgerate.de\/ru\/wp-json\/wp\/v2\/product"}],"about":[{"href":"https:\/\/www.ortungsgerate.de\/ru\/wp-json\/wp\/v2\/types\/product"}],"version-history":[{"count":0,"href":"https:\/\/www.ortungsgerate.de\/ru\/wp-json\/wp\/v2\/product\/16536\/revisions"}],"wp:featuredmedia":[{"embeddable":true,"href":"https:\/\/www.ortungsgerate.de\/ru\/wp-json\/wp\/v2\/media\/1437"}],"wp:attachment":[{"href":"https:\/\/www.ortungsgerate.de\/ru\/wp-json\/wp\/v2\/media?parent=16536"}],"wp:term":[{"taxonomy":"brand","embeddable":true,"href":"https:\/\/www.ortungsgerate.de\/ru\/wp-json\/wp\/v2\/etheme_brands?post=16536"},{"taxonomy":"product_brand","embeddable":true,"href":"https:\/\/www.ortungsgerate.de\/ru\/wp-json\/wp\/v2\/product_brand?post=16536"},{"taxonomy":"product_cat","embeddable":true,"href":"https:\/\/www.ortungsgerate.de\/ru\/wp-json\/wp\/v2\/product_cat?post=16536"},{"taxonomy":"product_tag","embeddable":true,"href":"https:\/\/www.ortungsgerate.de\/ru\/wp-json\/wp\/v2\/product_tag?post=16536"}],"curies":[{"name":"wp","href":"https:\/\/api.w.org\/{rel}","templated":true}]}}