{"id":16537,"date":"2024-02-06T21:37:51","date_gmt":"2024-02-06T19:37:51","guid":{"rendered":"https:\/\/ortungsgerate.de\/be-kategorijos\/metalinis-laikrodis-su-kamera-32gb-naktiniu-matymu\/"},"modified":"2025-11-26T19:01:36","modified_gmt":"2025-11-26T17:01:36","slug":"metallicheskie-naruchnye-chasy-s-kameroy-32-gb-s-nochnym-videniem","status":"publish","type":"product","link":"https:\/\/www.ortungsgerate.de\/ru\/12-skrytyje-kamery\/17-zamaskirovanyje-kamery\/metallicheskie-naruchnye-chasy-s-kameroy-32-gb-s-nochnym-videniem\/","title":{"rendered":"\u041c\u0435\u0442\u0430\u043b\u043b\u0438\u0447\u0435\u0441\u043a\u0438\u0435 \u043d\u0430\u0440\u0443\u0447\u043d\u044b\u0435 \u0447\u0430\u0441\u044b \u0441 \u043a\u0430\u043c\u0435\u0440\u043e\u0439 32 \u0413\u0411 \u0441 \u043d\u043e\u0447\u043d\u044b\u043c \u0432\u0438\u0434\u0435\u043d\u0438\u0435\u043c"},"content":{"rendered":"<h3><strong>\u0422\u0435\u0445\u043d\u0438\u0447\u0435\u0441\u043a\u0438\u0435 \u043f\u0430\u0440\u0430\u043c\u0435\u0442\u0440\u044b:<\/strong><\/h3>\n<ul>\n<li>Fotografiert: Ja<\/li>\n<li>Metallarmband<\/li>\n<li>Diktierger\u00e4t: Vorhanden<\/li>\n<li>L\u00e4uft ohne Aufladen bis zu 150 Min.<\/li>\n<li>Video wird mit Ton aufgezeichnet, integriertes Mikrofon<\/li>\n<li>Metallgeh\u00e4use<\/li>\n<li>Interner Speicher 32 GB, 30 Bilder pro Sekunde<\/li>\n<li>Fotoqualit\u00e4t: JPG 3840x2880px<\/li>\n<li>Sichtwinkel: 90\u00b0<\/li>\n<li>Nachtsehen (schaltet sich automatisch ein)<\/li>\n<li>Anschl\u00fcsse: USB<\/li>\n<li>Laden: \u00fcber USB<\/li>\n<li>Betriebstemperatur: -10 bis +60<\/li>\n<li>Lieferumfang: Uhr mit Kamera, USB-Kabel, Box<\/li>\n<li><strong>\u0413\u0410\u0420\u0410\u041d\u0422\u0418\u042f 12 \u043c\u0435\u0441\u044f\u0446\u0435\u0432<\/strong><\/li>\n<\/ul>\n<p>\u0418\u0441\u043f\u043e\u043b\u044c\u0437\u043e\u0432\u0430\u043d\u0438\u0435: \u0414\u043b\u044f \u0432\u0430\u0448\u0435\u0439 \u0441\u043e\u0431\u0441\u0442\u0432\u0435\u043d\u043d\u043e\u0439 \u0431\u0435\u0437\u043e\u043f\u0430\u0441\u043d\u043e\u0441\u0442\u0438 \u0438 \u0431\u0435\u0437\u043e\u043f\u0430\u0441\u043d\u043e\u0441\u0442\u0438 \u0432\u0430\u0448\u0438\u0445 \u0434\u0435\u0442\u0435\u0439.<\/p>\n<p><span style=\"color: #d0121a;\"><\/span><\/p>\n<p><strong>Metalluhr mit versteckter Kamera: 32 GB interner Speicher und Nachtsichtfunktion<\/strong><\/p>\n<p>Die Metalluhr mit versteckter Kamera ist ein funktionales Ger\u00e4t, das nicht nur beim Ablesen der Uhrzeit hilft, sondern auch unauff\u00e4llig Videoaufnahmen erstellt. Das Objektiv der versteckten Kamera ist sehr klein, daher besteht wirklich kein Grund zur Sorge, dass es jemand bemerken k\u00f6nnte.<\/p>\n<p>Die Metalluhr mit versteckter Kamera ist sehr stilvoll und elegant, sodass sie jedes von Ihnen gew\u00e4hlte Outfit perfekt erg\u00e4nzen kann. Durch das Dr\u00fccken bestimmter Uhrkn\u00f6pfe k\u00f6nnen Sie die gew\u00fcnschten Funktionen aktivieren: Dieses Ger\u00e4t kann nicht nur filmen, sondern auch fotografieren. Wenn Sie bestimmte vertrauliche Informationen sammeln m\u00fcssen, hilft Ihnen die Uhr mit versteckter Kamera auf jeden Fall dabei.<\/p>\n<p>Die aufgezeichneten Videoaufnahmen sind sehr informativ: Die hohe Aufl\u00f6sung gew\u00e4hrleistet eine ausgezeichnete Qualit\u00e4t der Videos und Fotos, und das integrierte Mikrofon erm\u00f6glicht die Aufzeichnung von Videos mit Ton.<\/p>\n<p>Der interne Speicher der versteckten Kamera betr\u00e4gt ganze 32 GB, sodass Sie eine betr\u00e4chtliche Menge an Videoaufnahmen speichern k\u00f6nnen. Ohne Aufladen arbeitet die versteckte Kamera bis zu 150 Minuten, und falls sie aufgeladen werden muss, k\u00f6nnen Sie dies \u00fcber einen herk\u00f6mmlichen USB-Anschluss tun. Die Kamera funktioniert zuverl\u00e4ssig auch bei hohen oder niedrigen Temperaturen: Die Betriebstemperatur reicht von -10 bis +60 Grad Celsius. Videoaufnahmen k\u00f6nnen Sie zu jeder Tageszeit machen: Die Kamera verf\u00fcgt \u00fcber eine Nachtsichtfunktion. Sie m\u00fcssen sich keine Sorgen machen, ob die Videoaufnahme ausreichend klar sein wird, da sich die Nachtsichtfunktion automatisch einschaltet.<\/p>\n<p>Die Uhr ist einfach zu bedienen, mit wenigen Tastendr\u00fccken aktivieren Sie die ben\u00f6tigten Funktionen.<\/p>","protected":false},"excerpt":{"rendered":"<p>Technische Parameter: Fotografiert: Ja Metallarmband Diktierger\u00e4t: Vorhanden L\u00e4uft ohne Aufladen bis zu 150 Min. Video wird mit Ton aufgezeichnet, integriertes Mikrofon Metallgeh\u00e4use Interner Speicher 32&#8230;<\/p>","protected":false},"featured_media":1865,"template":"","meta":[],"etheme_brands":[],"product_brand":[],"product_cat":[210,204,203],"product_tag":[42,754,731,707,705,728,729,690],"class_list":{"0":"post-16537","1":"product","2":"type-product","3":"status-publish","4":"has-post-thumbnail","6":"product_cat-32-armbanduhren-mit-kamera","7":"product_cat-17-getarnte-kameras","8":"product_cat-12-versteckte-kameras","9":"product_tag-kamera","10":"product_tag-kamera-im-wecker","11":"product_tag-kamera-in-der-uhr","12":"product_tag-kamera-uhr","13":"product_tag-ueberwachungskamera","14":"product_tag-uhr","15":"product_tag-uhr-kamera","16":"product_tag-versteckte-kamera","17":"pa_typ-armbanduhren","19":"first","20":"outofstock","21":"taxable","22":"shipping-taxable","23":"purchasable","24":"product-type-simple"},"yoast_head":"<!-- This site is optimized with the Yoast SEO Premium plugin v25.9 (Yoast SEO v27.4) - https:\/\/yoast.com\/product\/yoast-seo-premium-wordpress\/ -->\n<title>Metallarmbanduhr mit Nachtsicht 32GB sekimoiranga<\/title>\n<meta name=\"description\" content=\"Versteckte Kamera in einer silberfarbenen Armbanduhr. Bis zu 32 GB Speicher \u2013 Nachtsichtfunktion. Gro\u00dfe Auswahl an Kameras, nur \u00dcberwachungsger\u00e4te von h\u00f6chster Qualit\u00e4t\" \/>\n<meta name=\"robots\" content=\"index, follow, max-snippet:-1, max-image-preview:large, max-video-preview:-1\" \/>\n<link rel=\"canonical\" href=\"https:\/\/www.ortungsgerate.de\/ru\/12-skrytyje-kamery\/32-naruchnije-chasy-s-kameroj\/metallicheskie-naruchnye-chasy-s-kameroy-32-gb-s-nochnym-videniem\/\" \/>\n<meta property=\"og:locale\" content=\"ru_RU\" \/>\n<meta property=\"og:type\" content=\"article\" \/>\n<meta property=\"og:title\" content=\"Metallarmbanduhr mit Kamera 32GB mit Nachtsicht\" \/>\n<meta property=\"og:description\" content=\"Versteckte Kamera in einer silberfarbenen Armbanduhr. Bis zu 32 GB Speicher \u2013 Nachtsichtfunktion. Gro\u00dfe Auswahl an Kameras, nur \u00dcberwachungsger\u00e4te von h\u00f6chster Qualit\u00e4t\" \/>\n<meta property=\"og:url\" content=\"https:\/\/www.ortungsgerate.de\/ru\/12-skrytyje-kamery\/32-naruchnije-chasy-s-kameroj\/metallicheskie-naruchnye-chasy-s-kameroy-32-gb-s-nochnym-videniem\/\" \/>\n<meta property=\"og:site_name\" content=\"Ortungsger\u00e4te.de\" \/>\n<meta property=\"article:modified_time\" content=\"2025-11-26T17:01:36+00:00\" \/>\n<meta property=\"og:image\" content=\"https:\/\/www.ortungsgerate.de\/wp-content\/uploads\/metalinis-laikrodis-su-kamera-32gb-naktiniu-matymu.jpg\" \/>\n\t<meta property=\"og:image:width\" content=\"305\" \/>\n\t<meta property=\"og:image:height\" content=\"511\" \/>\n\t<meta property=\"og:image:type\" content=\"image\/jpeg\" \/>\n<meta name=\"twitter:card\" content=\"summary_large_image\" \/>\n<meta name=\"twitter:label1\" content=\"\u041f\u0440\u0438\u043c\u0435\u0440\u043d\u043e\u0435 \u0432\u0440\u0435\u043c\u044f \u0434\u043b\u044f \u0447\u0442\u0435\u043d\u0438\u044f\" \/>\n\t<meta name=\"twitter:data1\" content=\"2 \u043c\u0438\u043d\u0443\u0442\u044b\" \/>\n<script type=\"application\/ld+json\" class=\"yoast-schema-graph\">{\"@context\":\"https:\\\/\\\/schema.org\",\"@graph\":[{\"@type\":\"WebPage\",\"@id\":\"https:\\\/\\\/www.ortungsgerate.de\\\/12-versteckte-kameras\\\/32-armbanduhren-mit-kamera\\\/metallarmbanduhr-mit-kamera-32gb-mit-nachtsicht\\\/\",\"url\":\"https:\\\/\\\/www.ortungsgerate.de\\\/12-versteckte-kameras\\\/32-armbanduhren-mit-kamera\\\/metallarmbanduhr-mit-kamera-32gb-mit-nachtsicht\\\/\",\"name\":\"Metallarmbanduhr mit Nachtsicht 32GB sekimoiranga\",\"isPartOf\":{\"@id\":\"https:\\\/\\\/www.ortungsgerate.de\\\/#website\"},\"primaryImageOfPage\":{\"@id\":\"https:\\\/\\\/www.ortungsgerate.de\\\/12-versteckte-kameras\\\/32-armbanduhren-mit-kamera\\\/metallarmbanduhr-mit-kamera-32gb-mit-nachtsicht\\\/#primaryimage\"},\"image\":{\"@id\":\"https:\\\/\\\/www.ortungsgerate.de\\\/12-versteckte-kameras\\\/32-armbanduhren-mit-kamera\\\/metallarmbanduhr-mit-kamera-32gb-mit-nachtsicht\\\/#primaryimage\"},\"thumbnailUrl\":\"https:\\\/\\\/www.ortungsgerate.de\\\/wp-content\\\/uploads\\\/metalinis-laikrodis-su-kamera-32gb-naktiniu-matymu.jpg\",\"datePublished\":\"2024-02-06T19:37:51+00:00\",\"dateModified\":\"2025-11-26T17:01:36+00:00\",\"description\":\"Versteckte Kamera in einer silberfarbenen Armbanduhr. Bis zu 32 GB Speicher \u2013 Nachtsichtfunktion. Gro\u00dfe Auswahl an Kameras, nur \u00dcberwachungsger\u00e4te von h\u00f6chster Qualit\u00e4t\",\"breadcrumb\":{\"@id\":\"https:\\\/\\\/www.ortungsgerate.de\\\/12-versteckte-kameras\\\/32-armbanduhren-mit-kamera\\\/metallarmbanduhr-mit-kamera-32gb-mit-nachtsicht\\\/#breadcrumb\"},\"inLanguage\":\"ru-RU\",\"potentialAction\":[{\"@type\":\"ReadAction\",\"target\":[\"https:\\\/\\\/www.ortungsgerate.de\\\/12-versteckte-kameras\\\/32-armbanduhren-mit-kamera\\\/metallarmbanduhr-mit-kamera-32gb-mit-nachtsicht\\\/\"]}]},{\"@type\":\"ImageObject\",\"inLanguage\":\"ru-RU\",\"@id\":\"https:\\\/\\\/www.ortungsgerate.de\\\/12-versteckte-kameras\\\/32-armbanduhren-mit-kamera\\\/metallarmbanduhr-mit-kamera-32gb-mit-nachtsicht\\\/#primaryimage\",\"url\":\"https:\\\/\\\/www.ortungsgerate.de\\\/wp-content\\\/uploads\\\/metalinis-laikrodis-su-kamera-32gb-naktiniu-matymu.jpg\",\"contentUrl\":\"https:\\\/\\\/www.ortungsgerate.de\\\/wp-content\\\/uploads\\\/metalinis-laikrodis-su-kamera-32gb-naktiniu-matymu.jpg\",\"width\":305,\"height\":511,\"caption\":\"Metallarmbanduhr mit Kamera 32GB mit Nachtsicht\"},{\"@type\":\"BreadcrumbList\",\"@id\":\"https:\\\/\\\/www.ortungsgerate.de\\\/12-versteckte-kameras\\\/32-armbanduhren-mit-kamera\\\/metallarmbanduhr-mit-kamera-32gb-mit-nachtsicht\\\/#breadcrumb\",\"itemListElement\":[{\"@type\":\"ListItem\",\"position\":1,\"name\":\"Startseite\",\"item\":\"https:\\\/\\\/www.ortungsgerate.de\\\/\"},{\"@type\":\"ListItem\",\"position\":2,\"name\":\"Shop\",\"item\":\"https:\\\/\\\/www.ortungsgerate.de\\\/shop\\\/\"},{\"@type\":\"ListItem\",\"position\":3,\"name\":\"Metallarmbanduhr mit Kamera 32GB mit Nachtsicht\"}]},{\"@type\":\"WebSite\",\"@id\":\"https:\\\/\\\/www.ortungsgerate.de\\\/#website\",\"url\":\"https:\\\/\\\/www.ortungsgerate.de\\\/\",\"name\":\"Ortungsgerate.de\",\"description\":\"\",\"publisher\":{\"@id\":\"https:\\\/\\\/www.ortungsgerate.de\\\/#organization\"},\"potentialAction\":[{\"@type\":\"SearchAction\",\"target\":{\"@type\":\"EntryPoint\",\"urlTemplate\":\"https:\\\/\\\/www.ortungsgerate.de\\\/?s={search_term_string}\"},\"query-input\":{\"@type\":\"PropertyValueSpecification\",\"valueRequired\":true,\"valueName\":\"search_term_string\"}}],\"inLanguage\":\"ru-RU\"},{\"@type\":\"Organization\",\"@id\":\"https:\\\/\\\/www.ortungsgerate.de\\\/#organization\",\"name\":\"Ortungsgerate.de\",\"url\":\"https:\\\/\\\/www.ortungsgerate.de\\\/\",\"logo\":{\"@type\":\"ImageObject\",\"inLanguage\":\"ru-RU\",\"@id\":\"https:\\\/\\\/www.ortungsgerate.de\\\/#\\\/schema\\\/logo\\\/image\\\/\",\"url\":\"https:\\\/\\\/www.ortungsgerate.de\\\/wp-content\\\/uploads\\\/ortungsgerate.png\",\"contentUrl\":\"https:\\\/\\\/www.ortungsgerate.de\\\/wp-content\\\/uploads\\\/ortungsgerate.png\",\"width\":500,\"height\":135,\"caption\":\"Ortungsgerate.de\"},\"image\":{\"@id\":\"https:\\\/\\\/www.ortungsgerate.de\\\/#\\\/schema\\\/logo\\\/image\\\/\"}}]}<\/script>\n<!-- \/ Yoast SEO Premium plugin. -->","yoast_head_json":{"title":"Metallarmbanduhr mit Nachtsicht 32GB sekimoiranga","description":"Versteckte Kamera in einer silberfarbenen Armbanduhr. Bis zu 32 GB Speicher \u2013 Nachtsichtfunktion. Gro\u00dfe Auswahl an Kameras, nur \u00dcberwachungsger\u00e4te von h\u00f6chster Qualit\u00e4t","robots":{"index":"index","follow":"follow","max-snippet":"max-snippet:-1","max-image-preview":"max-image-preview:large","max-video-preview":"max-video-preview:-1"},"canonical":"https:\/\/www.ortungsgerate.de\/ru\/12-skrytyje-kamery\/32-naruchnije-chasy-s-kameroj\/metallicheskie-naruchnye-chasy-s-kameroy-32-gb-s-nochnym-videniem\/","og_locale":"ru_RU","og_type":"article","og_title":"Metallarmbanduhr mit Kamera 32GB mit Nachtsicht","og_description":"Versteckte Kamera in einer silberfarbenen Armbanduhr. Bis zu 32 GB Speicher \u2013 Nachtsichtfunktion. Gro\u00dfe Auswahl an Kameras, nur \u00dcberwachungsger\u00e4te von h\u00f6chster Qualit\u00e4t","og_url":"https:\/\/www.ortungsgerate.de\/ru\/12-skrytyje-kamery\/32-naruchnije-chasy-s-kameroj\/metallicheskie-naruchnye-chasy-s-kameroy-32-gb-s-nochnym-videniem\/","og_site_name":"Ortungsger\u00e4te.de","article_modified_time":"2025-11-26T17:01:36+00:00","og_image":[{"width":305,"height":511,"url":"https:\/\/www.ortungsgerate.de\/wp-content\/uploads\/metalinis-laikrodis-su-kamera-32gb-naktiniu-matymu.jpg","type":"image\/jpeg"}],"twitter_card":"summary_large_image","twitter_misc":{"\u041f\u0440\u0438\u043c\u0435\u0440\u043d\u043e\u0435 \u0432\u0440\u0435\u043c\u044f \u0434\u043b\u044f \u0447\u0442\u0435\u043d\u0438\u044f":"2 \u043c\u0438\u043d\u0443\u0442\u044b"},"schema":{"@context":"https:\/\/schema.org","@graph":[{"@type":"WebPage","@id":"https:\/\/www.ortungsgerate.de\/12-versteckte-kameras\/32-armbanduhren-mit-kamera\/metallarmbanduhr-mit-kamera-32gb-mit-nachtsicht\/","url":"https:\/\/www.ortungsgerate.de\/12-versteckte-kameras\/32-armbanduhren-mit-kamera\/metallarmbanduhr-mit-kamera-32gb-mit-nachtsicht\/","name":"Metallarmbanduhr mit Nachtsicht 32GB sekimoiranga","isPartOf":{"@id":"https:\/\/www.ortungsgerate.de\/#website"},"primaryImageOfPage":{"@id":"https:\/\/www.ortungsgerate.de\/12-versteckte-kameras\/32-armbanduhren-mit-kamera\/metallarmbanduhr-mit-kamera-32gb-mit-nachtsicht\/#primaryimage"},"image":{"@id":"https:\/\/www.ortungsgerate.de\/12-versteckte-kameras\/32-armbanduhren-mit-kamera\/metallarmbanduhr-mit-kamera-32gb-mit-nachtsicht\/#primaryimage"},"thumbnailUrl":"https:\/\/www.ortungsgerate.de\/wp-content\/uploads\/metalinis-laikrodis-su-kamera-32gb-naktiniu-matymu.jpg","datePublished":"2024-02-06T19:37:51+00:00","dateModified":"2025-11-26T17:01:36+00:00","description":"Versteckte Kamera in einer silberfarbenen Armbanduhr. Bis zu 32 GB Speicher \u2013 Nachtsichtfunktion. Gro\u00dfe Auswahl an Kameras, nur \u00dcberwachungsger\u00e4te von h\u00f6chster Qualit\u00e4t","breadcrumb":{"@id":"https:\/\/www.ortungsgerate.de\/12-versteckte-kameras\/32-armbanduhren-mit-kamera\/metallarmbanduhr-mit-kamera-32gb-mit-nachtsicht\/#breadcrumb"},"inLanguage":"ru-RU","potentialAction":[{"@type":"ReadAction","target":["https:\/\/www.ortungsgerate.de\/12-versteckte-kameras\/32-armbanduhren-mit-kamera\/metallarmbanduhr-mit-kamera-32gb-mit-nachtsicht\/"]}]},{"@type":"ImageObject","inLanguage":"ru-RU","@id":"https:\/\/www.ortungsgerate.de\/12-versteckte-kameras\/32-armbanduhren-mit-kamera\/metallarmbanduhr-mit-kamera-32gb-mit-nachtsicht\/#primaryimage","url":"https:\/\/www.ortungsgerate.de\/wp-content\/uploads\/metalinis-laikrodis-su-kamera-32gb-naktiniu-matymu.jpg","contentUrl":"https:\/\/www.ortungsgerate.de\/wp-content\/uploads\/metalinis-laikrodis-su-kamera-32gb-naktiniu-matymu.jpg","width":305,"height":511,"caption":"Metallarmbanduhr mit Kamera 32GB mit Nachtsicht"},{"@type":"BreadcrumbList","@id":"https:\/\/www.ortungsgerate.de\/12-versteckte-kameras\/32-armbanduhren-mit-kamera\/metallarmbanduhr-mit-kamera-32gb-mit-nachtsicht\/#breadcrumb","itemListElement":[{"@type":"ListItem","position":1,"name":"Startseite","item":"https:\/\/www.ortungsgerate.de\/"},{"@type":"ListItem","position":2,"name":"Shop","item":"https:\/\/www.ortungsgerate.de\/shop\/"},{"@type":"ListItem","position":3,"name":"Metallarmbanduhr mit Kamera 32GB mit Nachtsicht"}]},{"@type":"WebSite","@id":"https:\/\/www.ortungsgerate.de\/#website","url":"https:\/\/www.ortungsgerate.de\/","name":"Ortungsgerate.de","description":"","publisher":{"@id":"https:\/\/www.ortungsgerate.de\/#organization"},"potentialAction":[{"@type":"SearchAction","target":{"@type":"EntryPoint","urlTemplate":"https:\/\/www.ortungsgerate.de\/?s={search_term_string}"},"query-input":{"@type":"PropertyValueSpecification","valueRequired":true,"valueName":"search_term_string"}}],"inLanguage":"ru-RU"},{"@type":"Organization","@id":"https:\/\/www.ortungsgerate.de\/#organization","name":"Ortungsgerate.de","url":"https:\/\/www.ortungsgerate.de\/","logo":{"@type":"ImageObject","inLanguage":"ru-RU","@id":"https:\/\/www.ortungsgerate.de\/#\/schema\/logo\/image\/","url":"https:\/\/www.ortungsgerate.de\/wp-content\/uploads\/ortungsgerate.png","contentUrl":"https:\/\/www.ortungsgerate.de\/wp-content\/uploads\/ortungsgerate.png","width":500,"height":135,"caption":"Ortungsgerate.de"},"image":{"@id":"https:\/\/www.ortungsgerate.de\/#\/schema\/logo\/image\/"}}]}},"_links":{"self":[{"href":"https:\/\/www.ortungsgerate.de\/ru\/wp-json\/wp\/v2\/product\/16537","targetHints":{"allow":["GET"]}}],"collection":[{"href":"https:\/\/www.ortungsgerate.de\/ru\/wp-json\/wp\/v2\/product"}],"about":[{"href":"https:\/\/www.ortungsgerate.de\/ru\/wp-json\/wp\/v2\/types\/product"}],"version-history":[{"count":0,"href":"https:\/\/www.ortungsgerate.de\/ru\/wp-json\/wp\/v2\/product\/16537\/revisions"}],"wp:featuredmedia":[{"embeddable":true,"href":"https:\/\/www.ortungsgerate.de\/ru\/wp-json\/wp\/v2\/media\/1865"}],"wp:attachment":[{"href":"https:\/\/www.ortungsgerate.de\/ru\/wp-json\/wp\/v2\/media?parent=16537"}],"wp:term":[{"taxonomy":"brand","embeddable":true,"href":"https:\/\/www.ortungsgerate.de\/ru\/wp-json\/wp\/v2\/etheme_brands?post=16537"},{"taxonomy":"product_brand","embeddable":true,"href":"https:\/\/www.ortungsgerate.de\/ru\/wp-json\/wp\/v2\/product_brand?post=16537"},{"taxonomy":"product_cat","embeddable":true,"href":"https:\/\/www.ortungsgerate.de\/ru\/wp-json\/wp\/v2\/product_cat?post=16537"},{"taxonomy":"product_tag","embeddable":true,"href":"https:\/\/www.ortungsgerate.de\/ru\/wp-json\/wp\/v2\/product_tag?post=16537"}],"curies":[{"name":"wp","href":"https:\/\/api.w.org\/{rel}","templated":true}]}}