{"id":16538,"date":"2024-02-06T21:38:42","date_gmt":"2024-02-06T19:38:42","guid":{"rendered":"https:\/\/ortungsgerate.de\/be-kategorijos\/laikrodis-ant-rieso-su-slapta-kamera-32gb-sidabrines-spalvos\/"},"modified":"2025-11-26T19:01:36","modified_gmt":"2025-11-26T17:01:36","slug":"naruchnye-chasy-so-skrytoy-kameroy-32gb-serebristogo-tsveta","status":"publish","type":"product","link":"https:\/\/www.ortungsgerate.de\/ru\/12-skrytyje-kamery\/17-zamaskirovanyje-kamery\/naruchnye-chasy-so-skrytoy-kameroy-32gb-serebristogo-tsveta\/","title":{"rendered":"\u041d\u0430\u0440\u0443\u0447\u043d\u044b\u0435 \u0447\u0430\u0441\u044b \u0441\u043e \u0441\u043a\u0440\u044b\u0442\u043e\u0439 \u043a\u0430\u043c\u0435\u0440\u043e\u0439 32GB \u0441\u0435\u0440\u0435\u0431\u0440\u0438\u0441\u0442\u043e\u0433\u043e \u0446\u0432\u0435\u0442\u0430"},"content":{"rendered":"<h3><strong>\u0422\u0435\u0445\u043d\u0438\u0447\u0435\u0441\u043a\u0438\u0435 \u043f\u0430\u0440\u0430\u043c\u0435\u0442\u0440\u044b:<\/strong><\/h3>\n<ul>\n<li>Fotografiert: Ja<\/li>\n<li>\u041a\u043e\u0436\u0430\u043d\u044b\u0439 \u0440\u0435\u043c\u0435\u0448\u043e\u043a<\/li>\n<li>Farbe: Silber<\/li>\n<li>Diktierger\u00e4t: Vorhanden<\/li>\n<li>Ohne Aufladen funktionsf\u00e4hig bis zu 150 Min<\/li>\n<li>Videoaufnahme mit Ton, integriertes Mikrofon<\/li>\n<li>Metallgeh\u00e4use<\/li>\n<li>\u0412\u043d\u0443\u0442\u0440\u0435\u043d\u043d\u044f\u044f \u043f\u0430\u043c\u044f\u0442\u044c 32 \u0413\u0411, 30 \u043a\u0430\u0434\u0440\u043e\u0432 \u0432 \u0441\u0435\u043a\u0443\u043d\u0434\u0443<\/li>\n<li>Fotoqualit\u00e4t: JPG 3840x2880px<\/li>\n<li>Sichtwinkel: 90\u00b0<\/li>\n<li>Nachtsehen (schaltet sich automatisch ein)<\/li>\n<li>Anschl\u00fcsse: USB<\/li>\n<li>Laden: \u00fcber USB<\/li>\n<li>Betriebstemperatur: -10 bis +60<\/li>\n<li>Lieferumfang: Uhr mit Kamera, USB-Kabel, Box<\/li>\n<li><strong>\u0413\u0410\u0420\u0410\u041d\u0422\u0418\u042f 12 \u043c\u0435\u0441\u044f\u0446\u0435\u0432<\/strong><\/li>\n<\/ul>\n<p>\u0418\u0441\u043f\u043e\u043b\u044c\u0437\u043e\u0432\u0430\u043d\u0438\u0435: \u0414\u043b\u044f \u0432\u0430\u0448\u0435\u0439 \u0441\u043e\u0431\u0441\u0442\u0432\u0435\u043d\u043d\u043e\u0439 \u0431\u0435\u0437\u043e\u043f\u0430\u0441\u043d\u043e\u0441\u0442\u0438 \u0438 \u0431\u0435\u0437\u043e\u043f\u0430\u0441\u043d\u043e\u0441\u0442\u0438 \u0432\u0430\u0448\u0438\u0445 \u0434\u0435\u0442\u0435\u0439.<\/p>\n<p><strong>Armbanduhr mit versteckter Kamera, 32 GB interner Speicher, silberne Farbe<\/strong><\/p>\n<p>Die Uhr mit versteckter Kamera ist ein funktionales Ger\u00e4t, das dabei helfen kann, Beweise oder andere vertrauliche Informationen zu sammeln. Die silberfarbene Uhr ist sehr elegant und kann mit jeder Kleidung kombiniert werden. Die hochwertige Uhr mit Lederarmband wird zu einem hervorragenden Detail Ihres Stils und hilft Ihnen bei Bedarf zuverl\u00e4ssig, f\u00fcr Sie relevante Informationen zu erfassen.<\/p>\n<p>Die Nutzung dieses Ger\u00e4ts ist sehr einfach: Mit wenigen Tasten k\u00f6nnen Sie die gew\u00fcnschten Funktionen ausw\u00e4hlen. Die Uhr mit versteckter Kamera bietet die M\u00f6glichkeit, nicht nur zu filmen, sondern auch zu fotografieren: Die Fotoaufl\u00f6sung betr\u00e4gt 3840&#215;2880 px, und innerhalb nur einer Sekunde k\u00f6nnen bis zu 30 Bilder aufgenommen werden. In die Videokamera ist ein Mikrofon integriert, daher k\u00f6nnen Videoaufnahmen mit Ton aufgezeichnet werden.<\/p>\n<p>Ohne Aufladen kann die Kamera bis zu 150 Minuten arbeiten. Im Lieferumfang des Ger\u00e4ts ist ein USB-Anschluss enthalten, mit dem Sie das Ger\u00e4t aufladen oder die aufgezeichneten Daten auf einen Computer \u00fcbertragen k\u00f6nnen. Der interne Speicher der Kamera betr\u00e4gt 32 GB, was das Sammeln einer betr\u00e4chtlichen Menge an Informationen erm\u00f6glicht.<\/p>\n<p>Ein weiterer wichtiger Vorteil der versteckten Kamera ist die Nachtsichtfunktion, die sich automatisch einschaltet. Videoaufnahmen k\u00f6nnen auch bei Dunkelheit gemacht werden: Sie werden klar und gut erkennbar sein.<\/p>\n<p>Die Uhr mit versteckter Kamera kann ein ausgezeichnetes Geschenk f\u00fcr Sie selbst oder eine nahestehende Person sein. Dieses Ger\u00e4t erf\u00fcllt eine doppelte Funktion: Im Alltag wird es als gew\u00f6hnliche Uhr verwendet, doch wenn bestimmte Informationen gesammelt werden m\u00fcssen, ist die versteckte Kamera stets griffbereit.<\/p>\n<p>Die Uhr ist leicht zu bedienen, mit wenigen Tastendr\u00fccken aktivieren Sie die erforderlichen Funktionen.<\/p>","protected":false},"excerpt":{"rendered":"<p>Technische Parameter: Fotografiert: Ja Lederarmband Farbe: Silber Diktierger\u00e4t: Vorhanden Ohne Aufladen funktionsf\u00e4hig bis zu 150 Min Videoaufnahme mit Ton, integriertes Mikrofon Metallgeh\u00e4use Interner Speicher 32GB,&#8230;<\/p>","protected":false},"featured_media":2048,"template":"","meta":[],"etheme_brands":[],"product_brand":[],"product_cat":[210,204,203],"product_tag":[42,754,731,707,705,728,729,690],"class_list":{"0":"post-16538","1":"product","2":"type-product","3":"status-publish","4":"has-post-thumbnail","6":"product_cat-32-armbanduhren-mit-kamera","7":"product_cat-17-getarnte-kameras","8":"product_cat-12-versteckte-kameras","9":"product_tag-kamera","10":"product_tag-kamera-im-wecker","11":"product_tag-kamera-in-der-uhr","12":"product_tag-kamera-uhr","13":"product_tag-ueberwachungskamera","14":"product_tag-uhr","15":"product_tag-uhr-kamera","16":"product_tag-versteckte-kamera","17":"pa_typ-armbanduhren","19":"first","20":"outofstock","21":"taxable","22":"shipping-taxable","23":"purchasable","24":"product-type-simple"},"yoast_head":"<!-- This site is optimized with the Yoast SEO Premium plugin v25.9 (Yoast SEO v27.4) - https:\/\/yoast.com\/product\/yoast-seo-premium-wordpress\/ -->\n<title>Hochwertige versteckte Kamera Armbanduhr 32GB Sekimoiranga.lt<\/title>\n<meta name=\"description\" content=\"Gro\u00dfe Auswahl an Armbanduhren, versteckten Kameras, Abh\u00f6rwanzen \u2013 alles f\u00fcr die \u00dcberwachung an einem Ort. Sekimoiranga.lt die gr\u00f6\u00dfte Auswahl\" \/>\n<meta name=\"robots\" content=\"index, follow, max-snippet:-1, max-image-preview:large, max-video-preview:-1\" \/>\n<link rel=\"canonical\" href=\"https:\/\/www.ortungsgerate.de\/ru\/12-skrytyje-kamery\/32-naruchnije-chasy-s-kameroj\/naruchnye-chasy-so-skrytoy-kameroy-32gb-serebristogo-tsveta\/\" \/>\n<meta property=\"og:locale\" content=\"ru_RU\" \/>\n<meta property=\"og:type\" content=\"article\" \/>\n<meta property=\"og:title\" content=\"Armbanduhr mit versteckter Kamera 32GB silberfarbig\" \/>\n<meta property=\"og:description\" content=\"Gro\u00dfe Auswahl an Armbanduhren, versteckten Kameras, Abh\u00f6rwanzen \u2013 alles f\u00fcr die \u00dcberwachung an einem Ort. Sekimoiranga.lt die gr\u00f6\u00dfte Auswahl\" \/>\n<meta property=\"og:url\" content=\"https:\/\/www.ortungsgerate.de\/ru\/12-skrytyje-kamery\/32-naruchnije-chasy-s-kameroj\/naruchnye-chasy-so-skrytoy-kameroy-32gb-serebristogo-tsveta\/\" \/>\n<meta property=\"og:site_name\" content=\"Ortungsger\u00e4te.de\" \/>\n<meta property=\"article:modified_time\" content=\"2025-11-26T17:01:36+00:00\" \/>\n<meta property=\"og:image\" content=\"https:\/\/www.ortungsgerate.de\/wp-content\/uploads\/aukstos-kokybes-slapta-kamera-rankinis-laikrodis-32gb-sekimoirangalt.jpg\" \/>\n\t<meta property=\"og:image:width\" content=\"394\" \/>\n\t<meta property=\"og:image:height\" content=\"394\" \/>\n\t<meta property=\"og:image:type\" content=\"image\/jpeg\" \/>\n<meta name=\"twitter:card\" content=\"summary_large_image\" \/>\n<meta name=\"twitter:label1\" content=\"\u041f\u0440\u0438\u043c\u0435\u0440\u043d\u043e\u0435 \u0432\u0440\u0435\u043c\u044f \u0434\u043b\u044f \u0447\u0442\u0435\u043d\u0438\u044f\" \/>\n\t<meta name=\"twitter:data1\" content=\"2 \u043c\u0438\u043d\u0443\u0442\u044b\" \/>\n<script type=\"application\/ld+json\" class=\"yoast-schema-graph\">{\"@context\":\"https:\\\/\\\/schema.org\",\"@graph\":[{\"@type\":\"WebPage\",\"@id\":\"https:\\\/\\\/www.ortungsgerate.de\\\/12-versteckte-kameras\\\/32-armbanduhren-mit-kamera\\\/armbanduhr-mit-versteckter-kamera-32gb-silberfarbig\\\/\",\"url\":\"https:\\\/\\\/www.ortungsgerate.de\\\/12-versteckte-kameras\\\/32-armbanduhren-mit-kamera\\\/armbanduhr-mit-versteckter-kamera-32gb-silberfarbig\\\/\",\"name\":\"Hochwertige versteckte Kamera Armbanduhr 32GB Sekimoiranga.lt\",\"isPartOf\":{\"@id\":\"https:\\\/\\\/www.ortungsgerate.de\\\/#website\"},\"primaryImageOfPage\":{\"@id\":\"https:\\\/\\\/www.ortungsgerate.de\\\/12-versteckte-kameras\\\/32-armbanduhren-mit-kamera\\\/armbanduhr-mit-versteckter-kamera-32gb-silberfarbig\\\/#primaryimage\"},\"image\":{\"@id\":\"https:\\\/\\\/www.ortungsgerate.de\\\/12-versteckte-kameras\\\/32-armbanduhren-mit-kamera\\\/armbanduhr-mit-versteckter-kamera-32gb-silberfarbig\\\/#primaryimage\"},\"thumbnailUrl\":\"https:\\\/\\\/www.ortungsgerate.de\\\/wp-content\\\/uploads\\\/aukstos-kokybes-slapta-kamera-rankinis-laikrodis-32gb-sekimoirangalt.jpg\",\"datePublished\":\"2024-02-06T19:38:42+00:00\",\"dateModified\":\"2025-11-26T17:01:36+00:00\",\"description\":\"Gro\u00dfe Auswahl an Armbanduhren, versteckten Kameras, Abh\u00f6rwanzen \u2013 alles f\u00fcr die \u00dcberwachung an einem Ort. Sekimoiranga.lt die gr\u00f6\u00dfte Auswahl\",\"breadcrumb\":{\"@id\":\"https:\\\/\\\/www.ortungsgerate.de\\\/12-versteckte-kameras\\\/32-armbanduhren-mit-kamera\\\/armbanduhr-mit-versteckter-kamera-32gb-silberfarbig\\\/#breadcrumb\"},\"inLanguage\":\"ru-RU\",\"potentialAction\":[{\"@type\":\"ReadAction\",\"target\":[\"https:\\\/\\\/www.ortungsgerate.de\\\/12-versteckte-kameras\\\/32-armbanduhren-mit-kamera\\\/armbanduhr-mit-versteckter-kamera-32gb-silberfarbig\\\/\"]}]},{\"@type\":\"ImageObject\",\"inLanguage\":\"ru-RU\",\"@id\":\"https:\\\/\\\/www.ortungsgerate.de\\\/12-versteckte-kameras\\\/32-armbanduhren-mit-kamera\\\/armbanduhr-mit-versteckter-kamera-32gb-silberfarbig\\\/#primaryimage\",\"url\":\"https:\\\/\\\/www.ortungsgerate.de\\\/wp-content\\\/uploads\\\/aukstos-kokybes-slapta-kamera-rankinis-laikrodis-32gb-sekimoirangalt.jpg\",\"contentUrl\":\"https:\\\/\\\/www.ortungsgerate.de\\\/wp-content\\\/uploads\\\/aukstos-kokybes-slapta-kamera-rankinis-laikrodis-32gb-sekimoirangalt.jpg\",\"width\":394,\"height\":394,\"caption\":\"Versteckte Kamera silberne Uhr 32GB\"},{\"@type\":\"BreadcrumbList\",\"@id\":\"https:\\\/\\\/www.ortungsgerate.de\\\/12-versteckte-kameras\\\/32-armbanduhren-mit-kamera\\\/armbanduhr-mit-versteckter-kamera-32gb-silberfarbig\\\/#breadcrumb\",\"itemListElement\":[{\"@type\":\"ListItem\",\"position\":1,\"name\":\"Startseite\",\"item\":\"https:\\\/\\\/www.ortungsgerate.de\\\/\"},{\"@type\":\"ListItem\",\"position\":2,\"name\":\"Shop\",\"item\":\"https:\\\/\\\/www.ortungsgerate.de\\\/shop\\\/\"},{\"@type\":\"ListItem\",\"position\":3,\"name\":\"Armbanduhr mit versteckter Kamera 32GB silberfarbig\"}]},{\"@type\":\"WebSite\",\"@id\":\"https:\\\/\\\/www.ortungsgerate.de\\\/#website\",\"url\":\"https:\\\/\\\/www.ortungsgerate.de\\\/\",\"name\":\"Ortungsgerate.de\",\"description\":\"\",\"publisher\":{\"@id\":\"https:\\\/\\\/www.ortungsgerate.de\\\/#organization\"},\"potentialAction\":[{\"@type\":\"SearchAction\",\"target\":{\"@type\":\"EntryPoint\",\"urlTemplate\":\"https:\\\/\\\/www.ortungsgerate.de\\\/?s={search_term_string}\"},\"query-input\":{\"@type\":\"PropertyValueSpecification\",\"valueRequired\":true,\"valueName\":\"search_term_string\"}}],\"inLanguage\":\"ru-RU\"},{\"@type\":\"Organization\",\"@id\":\"https:\\\/\\\/www.ortungsgerate.de\\\/#organization\",\"name\":\"Ortungsgerate.de\",\"url\":\"https:\\\/\\\/www.ortungsgerate.de\\\/\",\"logo\":{\"@type\":\"ImageObject\",\"inLanguage\":\"ru-RU\",\"@id\":\"https:\\\/\\\/www.ortungsgerate.de\\\/#\\\/schema\\\/logo\\\/image\\\/\",\"url\":\"https:\\\/\\\/www.ortungsgerate.de\\\/wp-content\\\/uploads\\\/ortungsgerate.png\",\"contentUrl\":\"https:\\\/\\\/www.ortungsgerate.de\\\/wp-content\\\/uploads\\\/ortungsgerate.png\",\"width\":500,\"height\":135,\"caption\":\"Ortungsgerate.de\"},\"image\":{\"@id\":\"https:\\\/\\\/www.ortungsgerate.de\\\/#\\\/schema\\\/logo\\\/image\\\/\"}}]}<\/script>\n<!-- \/ Yoast SEO Premium plugin. -->","yoast_head_json":{"title":"Hochwertige versteckte Kamera Armbanduhr 32GB Sekimoiranga.lt","description":"Gro\u00dfe Auswahl an Armbanduhren, versteckten Kameras, Abh\u00f6rwanzen \u2013 alles f\u00fcr die \u00dcberwachung an einem Ort. Sekimoiranga.lt die gr\u00f6\u00dfte Auswahl","robots":{"index":"index","follow":"follow","max-snippet":"max-snippet:-1","max-image-preview":"max-image-preview:large","max-video-preview":"max-video-preview:-1"},"canonical":"https:\/\/www.ortungsgerate.de\/ru\/12-skrytyje-kamery\/32-naruchnije-chasy-s-kameroj\/naruchnye-chasy-so-skrytoy-kameroy-32gb-serebristogo-tsveta\/","og_locale":"ru_RU","og_type":"article","og_title":"Armbanduhr mit versteckter Kamera 32GB silberfarbig","og_description":"Gro\u00dfe Auswahl an Armbanduhren, versteckten Kameras, Abh\u00f6rwanzen \u2013 alles f\u00fcr die \u00dcberwachung an einem Ort. Sekimoiranga.lt die gr\u00f6\u00dfte Auswahl","og_url":"https:\/\/www.ortungsgerate.de\/ru\/12-skrytyje-kamery\/32-naruchnije-chasy-s-kameroj\/naruchnye-chasy-so-skrytoy-kameroy-32gb-serebristogo-tsveta\/","og_site_name":"Ortungsger\u00e4te.de","article_modified_time":"2025-11-26T17:01:36+00:00","og_image":[{"width":394,"height":394,"url":"https:\/\/www.ortungsgerate.de\/wp-content\/uploads\/aukstos-kokybes-slapta-kamera-rankinis-laikrodis-32gb-sekimoirangalt.jpg","type":"image\/jpeg"}],"twitter_card":"summary_large_image","twitter_misc":{"\u041f\u0440\u0438\u043c\u0435\u0440\u043d\u043e\u0435 \u0432\u0440\u0435\u043c\u044f \u0434\u043b\u044f \u0447\u0442\u0435\u043d\u0438\u044f":"2 \u043c\u0438\u043d\u0443\u0442\u044b"},"schema":{"@context":"https:\/\/schema.org","@graph":[{"@type":"WebPage","@id":"https:\/\/www.ortungsgerate.de\/12-versteckte-kameras\/32-armbanduhren-mit-kamera\/armbanduhr-mit-versteckter-kamera-32gb-silberfarbig\/","url":"https:\/\/www.ortungsgerate.de\/12-versteckte-kameras\/32-armbanduhren-mit-kamera\/armbanduhr-mit-versteckter-kamera-32gb-silberfarbig\/","name":"Hochwertige versteckte Kamera Armbanduhr 32GB Sekimoiranga.lt","isPartOf":{"@id":"https:\/\/www.ortungsgerate.de\/#website"},"primaryImageOfPage":{"@id":"https:\/\/www.ortungsgerate.de\/12-versteckte-kameras\/32-armbanduhren-mit-kamera\/armbanduhr-mit-versteckter-kamera-32gb-silberfarbig\/#primaryimage"},"image":{"@id":"https:\/\/www.ortungsgerate.de\/12-versteckte-kameras\/32-armbanduhren-mit-kamera\/armbanduhr-mit-versteckter-kamera-32gb-silberfarbig\/#primaryimage"},"thumbnailUrl":"https:\/\/www.ortungsgerate.de\/wp-content\/uploads\/aukstos-kokybes-slapta-kamera-rankinis-laikrodis-32gb-sekimoirangalt.jpg","datePublished":"2024-02-06T19:38:42+00:00","dateModified":"2025-11-26T17:01:36+00:00","description":"Gro\u00dfe Auswahl an Armbanduhren, versteckten Kameras, Abh\u00f6rwanzen \u2013 alles f\u00fcr die \u00dcberwachung an einem Ort. Sekimoiranga.lt die gr\u00f6\u00dfte Auswahl","breadcrumb":{"@id":"https:\/\/www.ortungsgerate.de\/12-versteckte-kameras\/32-armbanduhren-mit-kamera\/armbanduhr-mit-versteckter-kamera-32gb-silberfarbig\/#breadcrumb"},"inLanguage":"ru-RU","potentialAction":[{"@type":"ReadAction","target":["https:\/\/www.ortungsgerate.de\/12-versteckte-kameras\/32-armbanduhren-mit-kamera\/armbanduhr-mit-versteckter-kamera-32gb-silberfarbig\/"]}]},{"@type":"ImageObject","inLanguage":"ru-RU","@id":"https:\/\/www.ortungsgerate.de\/12-versteckte-kameras\/32-armbanduhren-mit-kamera\/armbanduhr-mit-versteckter-kamera-32gb-silberfarbig\/#primaryimage","url":"https:\/\/www.ortungsgerate.de\/wp-content\/uploads\/aukstos-kokybes-slapta-kamera-rankinis-laikrodis-32gb-sekimoirangalt.jpg","contentUrl":"https:\/\/www.ortungsgerate.de\/wp-content\/uploads\/aukstos-kokybes-slapta-kamera-rankinis-laikrodis-32gb-sekimoirangalt.jpg","width":394,"height":394,"caption":"Versteckte Kamera silberne Uhr 32GB"},{"@type":"BreadcrumbList","@id":"https:\/\/www.ortungsgerate.de\/12-versteckte-kameras\/32-armbanduhren-mit-kamera\/armbanduhr-mit-versteckter-kamera-32gb-silberfarbig\/#breadcrumb","itemListElement":[{"@type":"ListItem","position":1,"name":"Startseite","item":"https:\/\/www.ortungsgerate.de\/"},{"@type":"ListItem","position":2,"name":"Shop","item":"https:\/\/www.ortungsgerate.de\/shop\/"},{"@type":"ListItem","position":3,"name":"Armbanduhr mit versteckter Kamera 32GB silberfarbig"}]},{"@type":"WebSite","@id":"https:\/\/www.ortungsgerate.de\/#website","url":"https:\/\/www.ortungsgerate.de\/","name":"Ortungsgerate.de","description":"","publisher":{"@id":"https:\/\/www.ortungsgerate.de\/#organization"},"potentialAction":[{"@type":"SearchAction","target":{"@type":"EntryPoint","urlTemplate":"https:\/\/www.ortungsgerate.de\/?s={search_term_string}"},"query-input":{"@type":"PropertyValueSpecification","valueRequired":true,"valueName":"search_term_string"}}],"inLanguage":"ru-RU"},{"@type":"Organization","@id":"https:\/\/www.ortungsgerate.de\/#organization","name":"Ortungsgerate.de","url":"https:\/\/www.ortungsgerate.de\/","logo":{"@type":"ImageObject","inLanguage":"ru-RU","@id":"https:\/\/www.ortungsgerate.de\/#\/schema\/logo\/image\/","url":"https:\/\/www.ortungsgerate.de\/wp-content\/uploads\/ortungsgerate.png","contentUrl":"https:\/\/www.ortungsgerate.de\/wp-content\/uploads\/ortungsgerate.png","width":500,"height":135,"caption":"Ortungsgerate.de"},"image":{"@id":"https:\/\/www.ortungsgerate.de\/#\/schema\/logo\/image\/"}}]}},"_links":{"self":[{"href":"https:\/\/www.ortungsgerate.de\/ru\/wp-json\/wp\/v2\/product\/16538","targetHints":{"allow":["GET"]}}],"collection":[{"href":"https:\/\/www.ortungsgerate.de\/ru\/wp-json\/wp\/v2\/product"}],"about":[{"href":"https:\/\/www.ortungsgerate.de\/ru\/wp-json\/wp\/v2\/types\/product"}],"version-history":[{"count":0,"href":"https:\/\/www.ortungsgerate.de\/ru\/wp-json\/wp\/v2\/product\/16538\/revisions"}],"wp:featuredmedia":[{"embeddable":true,"href":"https:\/\/www.ortungsgerate.de\/ru\/wp-json\/wp\/v2\/media\/2048"}],"wp:attachment":[{"href":"https:\/\/www.ortungsgerate.de\/ru\/wp-json\/wp\/v2\/media?parent=16538"}],"wp:term":[{"taxonomy":"brand","embeddable":true,"href":"https:\/\/www.ortungsgerate.de\/ru\/wp-json\/wp\/v2\/etheme_brands?post=16538"},{"taxonomy":"product_brand","embeddable":true,"href":"https:\/\/www.ortungsgerate.de\/ru\/wp-json\/wp\/v2\/product_brand?post=16538"},{"taxonomy":"product_cat","embeddable":true,"href":"https:\/\/www.ortungsgerate.de\/ru\/wp-json\/wp\/v2\/product_cat?post=16538"},{"taxonomy":"product_tag","embeddable":true,"href":"https:\/\/www.ortungsgerate.de\/ru\/wp-json\/wp\/v2\/product_tag?post=16538"}],"curies":[{"name":"wp","href":"https:\/\/api.w.org\/{rel}","templated":true}]}}