{"id":16540,"date":"2024-02-06T21:36:37","date_gmt":"2024-02-06T19:36:37","guid":{"rendered":"https:\/\/ortungsgerate.de\/be-kategorijos\/slapta-kamera-zadintuvas-aukstos-kokybes-vaizdas-naktinis-matymas\/"},"modified":"2025-12-01T11:26:01","modified_gmt":"2025-12-01T10:26:01","slug":"skrytaya-kamera-budilnik-vysokokachestvennoe-izobrazhenie-nochnoe-videnie","status":"publish","type":"product","link":"https:\/\/www.ortungsgerate.de\/ru\/12-skrytyje-kamery\/17-zamaskirovanyje-kamery\/skrytaya-kamera-budilnik-vysokokachestvennoe-izobrazhenie-nochnoe-videnie\/","title":{"rendered":"\u0421\u043a\u0440\u044b\u0442\u0430\u044f \u043a\u0430\u043c\u0435\u0440\u0430 \u0431\u0443\u0434\u0438\u043b\u044c\u043d\u0438\u043a \u0432\u044b\u0441\u043e\u043a\u043e\u043a\u0430\u0447\u0435\u0441\u0442\u0432\u0435\u043d\u043d\u043e\u0435 \u0438\u0437\u043e\u0431\u0440\u0430\u0436\u0435\u043d\u0438\u0435 \u043d\u043e\u0447\u043d\u043e\u0435 \u0432\u0438\u0434\u0435\u043d\u0438\u0435"},"content":{"rendered":"<p><strong>\u0410\u041a\u0426\u0418\u042f: Micro SD 32GB \u0432 \u043f\u043e\u0434\u0430\u0440\u043e\u043a<\/strong><\/p>\n<h3><strong>\u0422\u0435\u0445\u043d\u0438\u0447\u0435\u0441\u043a\u0438\u0435 \u043f\u0430\u0440\u0430\u043c\u0435\u0442\u0440\u044b:<\/strong><\/h3>\n<ul>\n<li>\u0423\u0434\u0430\u043b\u0435\u043d\u043d\u044b\u0439 \u0434\u043e\u0441\u0442\u0443\u043f \u043a \u0432\u0438\u0434\u0435\u043e \u0432 \u0440\u0435\u0430\u043b\u044c\u043d\u043e\u043c \u0432\u0440\u0435\u043c\u0435\u043d\u0438: \u0414\u0410<\/li>\n<li>\u0412\u0438\u0434\u0435\u043e\u0437\u0430\u043f\u0438\u0441\u044c \u0441\u043e \u0437\u0432\u0443\u043a\u043e\u043c<\/li>\n<li>Weckfunktion \u2013 Ja<\/li>\n<li>Videoqualit\u00e4t: Live-Ansicht: HD 1920*1080<\/li>\n<li>Fotoaufl\u00f6sung: 1280*720<\/li>\n<li>Sichtwinkel: 120 Grad<\/li>\n<li>\u0427\u0430\u0441\u0442\u043e\u0442\u0430 \u043a\u0430\u0434\u0440\u043e\u0432: 25FPS<\/li>\n<li>\u0423\u0432\u0435\u0434\u043e\u043c\u043b\u0435\u043d\u0438\u044f \u043f\u0440\u0438 \u043e\u0431\u043d\u0430\u0440\u0443\u0436\u0435\u043d\u0438\u0438 \u0434\u0432\u0438\u0436\u0435\u043d\u0438\u044f (Push-\u0443\u0432\u0435\u0434\u043e\u043c\u043b\u0435\u043d\u0438\u0435)<\/li>\n<li>Speicherkartenunterst\u00fctzung: von 16GB bis 128GB (Speicherkarte nicht im Set enthalten)<\/li>\n<li>Video\u00fcberwachung: per Telefon oder Computer (Live \u00fcber Internet)<\/li>\n<li>Betriebszeit mit Akku: ca. 3 Stunden \u2013 \u00fcber Netzteil 24\/7<\/li>\n<li>Akkukapazit\u00e4t: 3000 mAh<\/li>\n<li>220V-Adapter (f\u00fcr dauerhaften Anschluss an das Stromnetz)<\/li>\n<li>Innen-Temperatursensor, Luftfeuchtigkeitssensor<\/li>\n<li>\u041e\u0431\u043d\u0430\u0440\u0443\u0436\u0435\u043d\u0438\u0435 \u0434\u0432\u0438\u0436\u0435\u043d\u0438\u044f: \u0414\u0410, \u0446\u0438\u0444\u0440\u043e\u0432\u043e\u0435<\/li>\n<li>\u0424\u043e\u0440\u043c\u0430\u0442 \u0441\u0436\u0430\u0442\u0438\u044f: AVI H.264<\/li>\n<li>Videoformat: AVI<\/li>\n<li>Systeme: \u201eiOS\u201d, \u201eAndroid\u201d<\/li>\n<li>App: \u201eTINY CAM&#8220;<\/li>\n<li>Stromversorgung: interner oder externer Akku; 5V-Stromanschluss<\/li>\n<li>Wi-Fi: Vorhanden<\/li>\n<li><strong>\u0413\u0410\u0420\u0410\u041d\u0422\u0418\u042f 12 \u043c\u0435\u0441\u044f\u0446\u0435\u0432<\/strong><\/li>\n<\/ul>\n<p><strong><span style=\"color: #000000\">Einsatzbereich: F\u00fcr Ihre eigene Sicherheit und die Sicherheit Ihrer Kinder.<\/span><\/strong><\/p>\n<p><span lang=\"lt\">Die Kameras sind in verschiedenen Alltagssituationen n\u00fctzlich, in denen Sie aufzeichnen m\u00f6chten, ob bestimmte Personen tats\u00e4chlich vertrauensw\u00fcrdig sind. Wenn Kameras gew\u00e4hlt werden, die in Alltagsgegenst\u00e4nde integriert sind, k\u00f6nnen Sie sicher sein, dass die Videoaufzeichnung absolut reibungslos erfolgt und hilft, Zweifel zu beseitigen. Die versteckte Kamera \u2013 Wecker ist zweifellos eine der besten Optionen, wenn Sie Bilder ohne gro\u00dfen Aufwand aufnehmen m\u00f6chten. Dieses Ger\u00e4t kann im Schlafzimmer oder in einem anderen Raum platziert werden, in dem Sie unauff\u00e4llig Aufnahmen machen m\u00f6chten, und Sie k\u00f6nnen dies v\u00f6llig problemlos tun.<\/span><\/p>\n<p><strong><span lang=\"lt\">Fernzugriff auf Video<\/span><\/strong><\/p>\n<p><span lang=\"lt\">Die aufgezeichneten Videos k\u00f6nnen Sie auf einen Computer \u00fcbertragen oder die Videoaufzeichnung in Echtzeit verfolgen. Dies k\u00f6nnen Sie einfach \u00fcber eine App tun, die f\u00fcr die Systeme \u201eiOS\u201d, \u201eAndroid\u201d, \u201eWindows\u201d sowie \u201eWindows 7 \/ 8 \/ 10\u201d geeignet ist. Sie m\u00fcssen nicht st\u00e4ndig kontrollieren, ob sich in den R\u00e4umen gerade etwas ereignet, da Sie bei erkannter Bewegung eine Benachrichtigung erhalten.<\/span><\/p>\n<p><strong><span lang=\"lt\">Funktionale versteckte Kamera<\/span><\/strong><\/p>\n<p><span lang=\"lt\">Auch wenn es anders erscheinen mag, ist diese versteckte Kamera keine Wecker-Imitation. Dieses Ger\u00e4t funktioniert auch als normale Uhr und als Wecker, Thermometer und Messger\u00e4t f\u00fcr die relative Luftfeuchtigkeit, sodass Sie es t\u00e4glich nutzen k\u00f6nnen. Der Wecker mit versteckter Kamera verf\u00fcgt \u00fcber eine Nachtsichtfunktion, daher ist die Videoaufzeichnung nicht nur dann m\u00f6glich, wenn die Beleuchtung ausreichend gut ist.<\/span><\/p>\n<p><strong><span lang=\"lt\">Ausgezeichnete Videoqualit\u00e4t<\/span><\/strong><\/p>\n<p><span lang=\"lt\">Bei der Wahl einer versteckten Kamera wird einer der wichtigsten Kriterien, ob die Videoqualit\u00e4t ausreichend ist. Der Wecker mit versteckter Kamera filmt in HD-Aufl\u00f6sung 1920&#215;1080 px, und die Fotoaufl\u00f6sung betr\u00e4gt 1280&#215;720 px. Der Sichtwinkel der Kamera betr\u00e4gt ganze 120 Grad, sodass Sie sicher sein k\u00f6nnen, dass die aufgezeichneten Bilder von hoher Qualit\u00e4t sind und Sie darauf verschiedenste wichtige Details erkennen k\u00f6nnen.<\/span><\/p>\n<p><strong><span lang=\"lt\">Akku der versteckten Kamera<\/span><\/strong><\/p>\n<p><span lang=\"lt\">Der Wecker mit versteckter Kamera verwendet einen 3000 mAh Akku, der voll aufgeladen etwa drei Stunden lang arbeitet. Wenn Sie bef\u00fcrchten, dass der Kameraakku zum ung\u00fcnstigsten Zeitpunkt leer werden k\u00f6nnte, haben Sie die M\u00f6glichkeit, die Kamera direkt \u00fcber die Steckdose zu betreiben \u2013 Sie k\u00f6nnen dann 24 Stunden am Tag aufzeichnen.<\/span><\/p>\n<p><span lang=\"lt\">Die Nutzung des Weckers mit versteckter Kamera ist \u00e4u\u00dferst einfach. Wenn Sie also ein Ger\u00e4t f\u00fcr verdeckte Videoaufnahmen suchen, kann diese Option eine der besten Wahlm\u00f6glichkeiten sein.<\/span><\/p>","protected":false},"excerpt":{"rendered":"<p>AKTION: Micro SD 32GB als Geschenk Technische Parameter: Fernzugriff auf Live-Video: JA Videoaufzeichnung mit Ton Weckfunktion \u2013 Ja Videoqualit\u00e4t: Live-Ansicht: HD 1920*1080 Fotoaufl\u00f6sung: 1280*720 Sichtwinkel:&#8230;<\/p>","protected":false},"featured_media":26398,"template":"","meta":[],"etheme_brands":[],"product_brand":[],"product_cat":[204,203,205],"product_tag":[42,707,705,690,693],"class_list":{"0":"post-16540","1":"product","2":"type-product","3":"status-publish","4":"has-post-thumbnail","6":"product_cat-17-getarnte-kameras","7":"product_cat-12-versteckte-kameras","8":"product_cat-27-wlan-minikameras","9":"product_tag-kamera","10":"product_tag-kamera-uhr","11":"product_tag-ueberwachungskamera","12":"product_tag-versteckte-kamera","13":"product_tag-wlan-kamera","14":"pa_typ-tischuhren","16":"first","17":"outofstock","18":"taxable","19":"shipping-taxable","20":"purchasable","21":"product-type-simple"},"yoast_head":"<!-- This site is optimized with the Yoast SEO Premium plugin v25.9 (Yoast SEO v27.4) - https:\/\/yoast.com\/product\/yoast-seo-premium-wordpress\/ -->\n<title>Wecker mit integrierter versteckter Kamera mit Nachtsicht<\/title>\n<meta name=\"description\" content=\"Bild in h\u00f6chster Qualit\u00e4t \u2013 M\u00f6glichkeit, das Bild live \u00fcber das Internet zu \u00fcberwachen. Nachtsicht erm\u00f6glicht Aufnahmen im Dunkeln, Weckfunktion, Thermometer\" \/>\n<meta name=\"robots\" content=\"index, follow, max-snippet:-1, max-image-preview:large, max-video-preview:-1\" \/>\n<link rel=\"canonical\" href=\"https:\/\/www.ortungsgerate.de\/ru\/12-skrytyje-kamery\/27-wlan-mini-kamery\/skrytaya-kamera-budilnik-vysokokachestvennoe-izobrazhenie-nochnoe-videnie\/\" \/>\n<meta property=\"og:locale\" content=\"ru_RU\" \/>\n<meta property=\"og:type\" content=\"article\" \/>\n<meta property=\"og:title\" content=\"Versteckte Kamera Wecker hochqualitatives Bild Nachtsicht\" \/>\n<meta property=\"og:description\" content=\"Bild in h\u00f6chster Qualit\u00e4t \u2013 M\u00f6glichkeit, das Bild live \u00fcber das Internet zu \u00fcberwachen. Nachtsicht erm\u00f6glicht Aufnahmen im Dunkeln, Weckfunktion, Thermometer\" \/>\n<meta property=\"og:url\" content=\"https:\/\/www.ortungsgerate.de\/ru\/12-skrytyje-kamery\/27-wlan-mini-kamery\/skrytaya-kamera-budilnik-vysokokachestvennoe-izobrazhenie-nochnoe-videnie\/\" \/>\n<meta property=\"og:site_name\" content=\"Ortungsger\u00e4te.de\" \/>\n<meta property=\"article:modified_time\" content=\"2025-12-01T10:26:01+00:00\" \/>\n<meta property=\"og:image\" content=\"https:\/\/www.ortungsgerate.de\/wp-content\/uploads\/slapta-kamera-stalinis-laikrodis-zadintuvas.jpg\" \/>\n\t<meta property=\"og:image:width\" content=\"458\" \/>\n\t<meta property=\"og:image:height\" content=\"458\" \/>\n\t<meta property=\"og:image:type\" content=\"image\/jpeg\" \/>\n<meta name=\"twitter:card\" content=\"summary_large_image\" \/>\n<meta name=\"twitter:label1\" content=\"\u041f\u0440\u0438\u043c\u0435\u0440\u043d\u043e\u0435 \u0432\u0440\u0435\u043c\u044f \u0434\u043b\u044f \u0447\u0442\u0435\u043d\u0438\u044f\" \/>\n\t<meta name=\"twitter:data1\" content=\"3 \u043c\u0438\u043d\u0443\u0442\u044b\" \/>\n<script type=\"application\/ld+json\" class=\"yoast-schema-graph\">{\"@context\":\"https:\\\/\\\/schema.org\",\"@graph\":[{\"@type\":\"WebPage\",\"@id\":\"https:\\\/\\\/www.ortungsgerate.de\\\/12-versteckte-kameras\\\/27-wlan-minikameras\\\/versteckte-kamera-wecker-hochqualitatives-bild-nachtsicht\\\/\",\"url\":\"https:\\\/\\\/www.ortungsgerate.de\\\/12-versteckte-kameras\\\/27-wlan-minikameras\\\/versteckte-kamera-wecker-hochqualitatives-bild-nachtsicht\\\/\",\"name\":\"Wecker mit integrierter versteckter Kamera mit Nachtsicht\",\"isPartOf\":{\"@id\":\"https:\\\/\\\/www.ortungsgerate.de\\\/#website\"},\"primaryImageOfPage\":{\"@id\":\"https:\\\/\\\/www.ortungsgerate.de\\\/12-versteckte-kameras\\\/27-wlan-minikameras\\\/versteckte-kamera-wecker-hochqualitatives-bild-nachtsicht\\\/#primaryimage\"},\"image\":{\"@id\":\"https:\\\/\\\/www.ortungsgerate.de\\\/12-versteckte-kameras\\\/27-wlan-minikameras\\\/versteckte-kamera-wecker-hochqualitatives-bild-nachtsicht\\\/#primaryimage\"},\"thumbnailUrl\":\"https:\\\/\\\/www.ortungsgerate.de\\\/wp-content\\\/uploads\\\/slapta-kamera-stalinis-laikrodis-zadintuvas.jpg\",\"datePublished\":\"2024-02-06T19:36:37+00:00\",\"dateModified\":\"2025-12-01T10:26:01+00:00\",\"description\":\"Bild in h\u00f6chster Qualit\u00e4t \u2013 M\u00f6glichkeit, das Bild live \u00fcber das Internet zu \u00fcberwachen. Nachtsicht erm\u00f6glicht Aufnahmen im Dunkeln, Weckfunktion, Thermometer\",\"breadcrumb\":{\"@id\":\"https:\\\/\\\/www.ortungsgerate.de\\\/12-versteckte-kameras\\\/27-wlan-minikameras\\\/versteckte-kamera-wecker-hochqualitatives-bild-nachtsicht\\\/#breadcrumb\"},\"inLanguage\":\"ru-RU\",\"potentialAction\":[{\"@type\":\"ReadAction\",\"target\":[\"https:\\\/\\\/www.ortungsgerate.de\\\/12-versteckte-kameras\\\/27-wlan-minikameras\\\/versteckte-kamera-wecker-hochqualitatives-bild-nachtsicht\\\/\"]}]},{\"@type\":\"ImageObject\",\"inLanguage\":\"ru-RU\",\"@id\":\"https:\\\/\\\/www.ortungsgerate.de\\\/12-versteckte-kameras\\\/27-wlan-minikameras\\\/versteckte-kamera-wecker-hochqualitatives-bild-nachtsicht\\\/#primaryimage\",\"url\":\"https:\\\/\\\/www.ortungsgerate.de\\\/wp-content\\\/uploads\\\/slapta-kamera-stalinis-laikrodis-zadintuvas.jpg\",\"contentUrl\":\"https:\\\/\\\/www.ortungsgerate.de\\\/wp-content\\\/uploads\\\/slapta-kamera-stalinis-laikrodis-zadintuvas.jpg\",\"width\":458,\"height\":458,\"caption\":\"versteckte Kamera Tischuhr Wecker\"},{\"@type\":\"BreadcrumbList\",\"@id\":\"https:\\\/\\\/www.ortungsgerate.de\\\/12-versteckte-kameras\\\/27-wlan-minikameras\\\/versteckte-kamera-wecker-hochqualitatives-bild-nachtsicht\\\/#breadcrumb\",\"itemListElement\":[{\"@type\":\"ListItem\",\"position\":1,\"name\":\"Startseite\",\"item\":\"https:\\\/\\\/www.ortungsgerate.de\\\/\"},{\"@type\":\"ListItem\",\"position\":2,\"name\":\"Shop\",\"item\":\"https:\\\/\\\/www.ortungsgerate.de\\\/shop\\\/\"},{\"@type\":\"ListItem\",\"position\":3,\"name\":\"Versteckte Kamera Wecker hochqualitatives Bild Nachtsicht\"}]},{\"@type\":\"WebSite\",\"@id\":\"https:\\\/\\\/www.ortungsgerate.de\\\/#website\",\"url\":\"https:\\\/\\\/www.ortungsgerate.de\\\/\",\"name\":\"Ortungsgerate.de\",\"description\":\"\",\"publisher\":{\"@id\":\"https:\\\/\\\/www.ortungsgerate.de\\\/#organization\"},\"potentialAction\":[{\"@type\":\"SearchAction\",\"target\":{\"@type\":\"EntryPoint\",\"urlTemplate\":\"https:\\\/\\\/www.ortungsgerate.de\\\/?s={search_term_string}\"},\"query-input\":{\"@type\":\"PropertyValueSpecification\",\"valueRequired\":true,\"valueName\":\"search_term_string\"}}],\"inLanguage\":\"ru-RU\"},{\"@type\":\"Organization\",\"@id\":\"https:\\\/\\\/www.ortungsgerate.de\\\/#organization\",\"name\":\"Ortungsgerate.de\",\"url\":\"https:\\\/\\\/www.ortungsgerate.de\\\/\",\"logo\":{\"@type\":\"ImageObject\",\"inLanguage\":\"ru-RU\",\"@id\":\"https:\\\/\\\/www.ortungsgerate.de\\\/#\\\/schema\\\/logo\\\/image\\\/\",\"url\":\"https:\\\/\\\/www.ortungsgerate.de\\\/wp-content\\\/uploads\\\/ortungsgerate.png\",\"contentUrl\":\"https:\\\/\\\/www.ortungsgerate.de\\\/wp-content\\\/uploads\\\/ortungsgerate.png\",\"width\":500,\"height\":135,\"caption\":\"Ortungsgerate.de\"},\"image\":{\"@id\":\"https:\\\/\\\/www.ortungsgerate.de\\\/#\\\/schema\\\/logo\\\/image\\\/\"}}]}<\/script>\n<!-- \/ Yoast SEO Premium plugin. -->","yoast_head_json":{"title":"Wecker mit integrierter versteckter Kamera mit Nachtsicht","description":"Bild in h\u00f6chster Qualit\u00e4t \u2013 M\u00f6glichkeit, das Bild live \u00fcber das Internet zu \u00fcberwachen. Nachtsicht erm\u00f6glicht Aufnahmen im Dunkeln, Weckfunktion, Thermometer","robots":{"index":"index","follow":"follow","max-snippet":"max-snippet:-1","max-image-preview":"max-image-preview:large","max-video-preview":"max-video-preview:-1"},"canonical":"https:\/\/www.ortungsgerate.de\/ru\/12-skrytyje-kamery\/27-wlan-mini-kamery\/skrytaya-kamera-budilnik-vysokokachestvennoe-izobrazhenie-nochnoe-videnie\/","og_locale":"ru_RU","og_type":"article","og_title":"Versteckte Kamera Wecker hochqualitatives Bild Nachtsicht","og_description":"Bild in h\u00f6chster Qualit\u00e4t \u2013 M\u00f6glichkeit, das Bild live \u00fcber das Internet zu \u00fcberwachen. Nachtsicht erm\u00f6glicht Aufnahmen im Dunkeln, Weckfunktion, Thermometer","og_url":"https:\/\/www.ortungsgerate.de\/ru\/12-skrytyje-kamery\/27-wlan-mini-kamery\/skrytaya-kamera-budilnik-vysokokachestvennoe-izobrazhenie-nochnoe-videnie\/","og_site_name":"Ortungsger\u00e4te.de","article_modified_time":"2025-12-01T10:26:01+00:00","og_image":[{"width":458,"height":458,"url":"https:\/\/www.ortungsgerate.de\/wp-content\/uploads\/slapta-kamera-stalinis-laikrodis-zadintuvas.jpg","type":"image\/jpeg"}],"twitter_card":"summary_large_image","twitter_misc":{"\u041f\u0440\u0438\u043c\u0435\u0440\u043d\u043e\u0435 \u0432\u0440\u0435\u043c\u044f \u0434\u043b\u044f \u0447\u0442\u0435\u043d\u0438\u044f":"3 \u043c\u0438\u043d\u0443\u0442\u044b"},"schema":{"@context":"https:\/\/schema.org","@graph":[{"@type":"WebPage","@id":"https:\/\/www.ortungsgerate.de\/12-versteckte-kameras\/27-wlan-minikameras\/versteckte-kamera-wecker-hochqualitatives-bild-nachtsicht\/","url":"https:\/\/www.ortungsgerate.de\/12-versteckte-kameras\/27-wlan-minikameras\/versteckte-kamera-wecker-hochqualitatives-bild-nachtsicht\/","name":"Wecker mit integrierter versteckter Kamera mit Nachtsicht","isPartOf":{"@id":"https:\/\/www.ortungsgerate.de\/#website"},"primaryImageOfPage":{"@id":"https:\/\/www.ortungsgerate.de\/12-versteckte-kameras\/27-wlan-minikameras\/versteckte-kamera-wecker-hochqualitatives-bild-nachtsicht\/#primaryimage"},"image":{"@id":"https:\/\/www.ortungsgerate.de\/12-versteckte-kameras\/27-wlan-minikameras\/versteckte-kamera-wecker-hochqualitatives-bild-nachtsicht\/#primaryimage"},"thumbnailUrl":"https:\/\/www.ortungsgerate.de\/wp-content\/uploads\/slapta-kamera-stalinis-laikrodis-zadintuvas.jpg","datePublished":"2024-02-06T19:36:37+00:00","dateModified":"2025-12-01T10:26:01+00:00","description":"Bild in h\u00f6chster Qualit\u00e4t \u2013 M\u00f6glichkeit, das Bild live \u00fcber das Internet zu \u00fcberwachen. Nachtsicht erm\u00f6glicht Aufnahmen im Dunkeln, Weckfunktion, Thermometer","breadcrumb":{"@id":"https:\/\/www.ortungsgerate.de\/12-versteckte-kameras\/27-wlan-minikameras\/versteckte-kamera-wecker-hochqualitatives-bild-nachtsicht\/#breadcrumb"},"inLanguage":"ru-RU","potentialAction":[{"@type":"ReadAction","target":["https:\/\/www.ortungsgerate.de\/12-versteckte-kameras\/27-wlan-minikameras\/versteckte-kamera-wecker-hochqualitatives-bild-nachtsicht\/"]}]},{"@type":"ImageObject","inLanguage":"ru-RU","@id":"https:\/\/www.ortungsgerate.de\/12-versteckte-kameras\/27-wlan-minikameras\/versteckte-kamera-wecker-hochqualitatives-bild-nachtsicht\/#primaryimage","url":"https:\/\/www.ortungsgerate.de\/wp-content\/uploads\/slapta-kamera-stalinis-laikrodis-zadintuvas.jpg","contentUrl":"https:\/\/www.ortungsgerate.de\/wp-content\/uploads\/slapta-kamera-stalinis-laikrodis-zadintuvas.jpg","width":458,"height":458,"caption":"versteckte Kamera Tischuhr Wecker"},{"@type":"BreadcrumbList","@id":"https:\/\/www.ortungsgerate.de\/12-versteckte-kameras\/27-wlan-minikameras\/versteckte-kamera-wecker-hochqualitatives-bild-nachtsicht\/#breadcrumb","itemListElement":[{"@type":"ListItem","position":1,"name":"Startseite","item":"https:\/\/www.ortungsgerate.de\/"},{"@type":"ListItem","position":2,"name":"Shop","item":"https:\/\/www.ortungsgerate.de\/shop\/"},{"@type":"ListItem","position":3,"name":"Versteckte Kamera Wecker hochqualitatives Bild Nachtsicht"}]},{"@type":"WebSite","@id":"https:\/\/www.ortungsgerate.de\/#website","url":"https:\/\/www.ortungsgerate.de\/","name":"Ortungsgerate.de","description":"","publisher":{"@id":"https:\/\/www.ortungsgerate.de\/#organization"},"potentialAction":[{"@type":"SearchAction","target":{"@type":"EntryPoint","urlTemplate":"https:\/\/www.ortungsgerate.de\/?s={search_term_string}"},"query-input":{"@type":"PropertyValueSpecification","valueRequired":true,"valueName":"search_term_string"}}],"inLanguage":"ru-RU"},{"@type":"Organization","@id":"https:\/\/www.ortungsgerate.de\/#organization","name":"Ortungsgerate.de","url":"https:\/\/www.ortungsgerate.de\/","logo":{"@type":"ImageObject","inLanguage":"ru-RU","@id":"https:\/\/www.ortungsgerate.de\/#\/schema\/logo\/image\/","url":"https:\/\/www.ortungsgerate.de\/wp-content\/uploads\/ortungsgerate.png","contentUrl":"https:\/\/www.ortungsgerate.de\/wp-content\/uploads\/ortungsgerate.png","width":500,"height":135,"caption":"Ortungsgerate.de"},"image":{"@id":"https:\/\/www.ortungsgerate.de\/#\/schema\/logo\/image\/"}}]}},"_links":{"self":[{"href":"https:\/\/www.ortungsgerate.de\/ru\/wp-json\/wp\/v2\/product\/16540","targetHints":{"allow":["GET"]}}],"collection":[{"href":"https:\/\/www.ortungsgerate.de\/ru\/wp-json\/wp\/v2\/product"}],"about":[{"href":"https:\/\/www.ortungsgerate.de\/ru\/wp-json\/wp\/v2\/types\/product"}],"version-history":[{"count":0,"href":"https:\/\/www.ortungsgerate.de\/ru\/wp-json\/wp\/v2\/product\/16540\/revisions"}],"wp:featuredmedia":[{"embeddable":true,"href":"https:\/\/www.ortungsgerate.de\/ru\/wp-json\/wp\/v2\/media\/26398"}],"wp:attachment":[{"href":"https:\/\/www.ortungsgerate.de\/ru\/wp-json\/wp\/v2\/media?parent=16540"}],"wp:term":[{"taxonomy":"brand","embeddable":true,"href":"https:\/\/www.ortungsgerate.de\/ru\/wp-json\/wp\/v2\/etheme_brands?post=16540"},{"taxonomy":"product_brand","embeddable":true,"href":"https:\/\/www.ortungsgerate.de\/ru\/wp-json\/wp\/v2\/product_brand?post=16540"},{"taxonomy":"product_cat","embeddable":true,"href":"https:\/\/www.ortungsgerate.de\/ru\/wp-json\/wp\/v2\/product_cat?post=16540"},{"taxonomy":"product_tag","embeddable":true,"href":"https:\/\/www.ortungsgerate.de\/ru\/wp-json\/wp\/v2\/product_tag?post=16540"}],"curies":[{"name":"wp","href":"https:\/\/api.w.org\/{rel}","templated":true}]}}